{"id":45859,"date":"2024-01-11T14:07:56","date_gmt":"2024-01-11T12:07:56","guid":{"rendered":"http:\/\/skyline-gs.com\/?post_type=product&#038;p=45859"},"modified":"2024-01-24T01:05:12","modified_gmt":"2024-01-23T23:05:12","slug":"blue-crabs-dalyan","status":"publish","type":"product","link":"https:\/\/skyline-gs.com\/fr\/product\/blue-crabs-dalyan\/","title":{"rendered":"Crabes bleus Dalyan"},"content":{"rendered":"<p>Le programme comprend la visite de bains de boue naturels, b\u00e9n\u00e9fiques pour la peau, et une pause pour d\u00e9guster un d\u00e9licieux d\u00e9jeuner turc compos\u00e9 de plats nationaux. Une promenade \u00e0 couper le souffle le long de la rivi\u00e8re Dalyan permettra \u00e0 chacun de se sentir comme un p\u00eacheur en attrapant des crabes bleus.<\/p>\n<p>Un arr\u00eat aux tombes lyciennes et aux endroits o\u00f9 l'on peut voir les tortues g\u00e9antes Caretta Caretta ajoutera une touche historique \u00e0 votre aventure. Une promenade en bateau sur le lac K\u00f6ycegiz et un moment de d\u00e9tente sur la plage des tortues, o\u00f9 les tortues Caretta Caretta pondent leurs \u0153ufs, compl\u00e8teront votre journ\u00e9e.<\/p>\n<p><strong>Inclus :<\/strong><\/p>\n<ul>\n<li>Services d'un guide russophone<\/li>\n<li>Droits d'entr\u00e9e aux sources et \u00e0 la plage d'Iztuzu<\/li>\n<li>Navigation de plaisance<\/li>\n<li>D\u00e9jeuner<\/li>\n<li>Assurance<\/li>\n<li>Transfert (de\/vers l'h\u00f4tel)<\/li>\n<\/ul>\n<p><strong>Non inclus :<\/strong><\/p>\n<ul>\n<li>Boissons<\/li>\n<li>D\u00e9penses personnelles<\/li>\n<\/ul>\n<p><strong>N'oubliez pas d'apporter le v\u00f4tre :<\/strong><\/p>\n<ul>\n<li>V\u00eatements\/chaussures confortables<\/li>\n<li>Maillots de bain<\/li>\n<li>Cr\u00e8me solaire<\/li>\n<li>Coiffure<\/li>\n<li>Lunettes de soleil<\/li>\n<\/ul>","protected":false},"excerpt":{"rendered":"<p><strong>Temps du Tour:<\/strong> 08:00 &#8212; 17:00<\/p>\n<p><strong>Jours de D\u00e9roulement:<\/strong> Chaque jour<\/p>","protected":false},"featured_media":0,"template":"","meta":{"_kad_post_transparent":"default","_kad_post_title":"","_kad_post_layout":"default","_kad_post_sidebar_id":"","_kad_post_content_style":"default","_kad_post_vertical_padding":"default","_kad_post_feature":"","_kad_post_feature_position":"","_kad_post_header":false,"_kad_post_footer":false,"_kad_post_classname":"","_glsr_average":0,"_glsr_ranking":0,"_glsr_reviews":0},"product_brand":[],"product_cat":[451],"product_tag":[],"class_list":{"0":"post-45859","1":"product","2":"type-product","3":"status-publish","5":"product_cat-marmaris","6":"tm-has-options","8":"first","9":"instock","10":"sold-individually","11":"taxable","12":"shipping-taxable","13":"purchasable","14":"product-type-simple","15":"entry","16":"content-bg","17":"loop-entry"},"yoast_head":"<!-- This site is optimized with the Yoast SEO plugin v27.3 - https:\/\/yoast.com\/product\/yoast-seo-wordpress\/ -->\n<title>\u0413\u043e\u043b\u0443\u0431\u044b\u0435 \u043a\u0440\u0430\u0431\u044b \u0414\u0430\u043b\u044c\u044f\u043d &#8226; \u042d\u043a\u0441\u043a\u0443\u0440\u0441\u0438\u0438 Skyline<\/title>\n<meta name=\"description\" content=\"\u041f\u0440\u043e\u0432\u0435\u0434\u0438\u0442\u0435 \u0432\u0440\u0435\u043c\u044f \u0432 \u043f\u0440\u0438\u0440\u043e\u0434\u043d\u043e\u043c \u0437\u0430\u043f\u043e\u0432\u0435\u0434\u043d\u0438\u043a\u0435 \u0427\u0435\u0440\u0435\u043f\u0430\u0448\u044c\u0435\u0433\u043e \u043f\u043b\u044f\u0436\u0430, \u0438\u0441\u0441\u043b\u0435\u0434\u0443\u0439\u0442\u0435 \u0441\u0430\u043c\u043e\u0435 \u0431\u043e\u043b\u044c\u0448\u043e\u0435 \u043e\u0437\u0435\u0440\u043e \u041a\u0451\u0439\u0434\u0436\u0435\u0433\u0438\u0437, \u043d\u0430\u0441\u043b\u0430\u0436\u0434\u0430\u0439\u0442\u0435\u0441\u044c \u0433\u0440\u044f\u0437\u0435\u0432\u044b\u043c\u0438 \u0432\u0430\u043d\u043d\u0430\u043c\u0438, \u0438 \u043e\u043a\u0443\u043d\u0438\u0442\u0435\u0441\u044c \u0432 \u0438\u0441\u0442\u043e\u0440\u0438\u044e, \u043f\u043e\u0441\u0435\u0449\u0430\u044f \u041b\u0438\u043a\u0438\u0439\u0441\u043a\u0438\u0435 \u0433\u0440\u043e\u0431\u043d\u0438\u0446\u044b.\" \/>\n<meta name=\"robots\" content=\"index, follow, max-snippet:-1, max-image-preview:large, max-video-preview:-1\" \/>\n<link rel=\"canonical\" href=\"https:\/\/skyline-gs.com\/fr\/produit\/blue-crabs-dalyan\/\" \/>\n<meta property=\"og:locale\" content=\"fr_FR\" \/>\n<meta property=\"og:type\" content=\"article\" \/>\n<meta property=\"og:title\" content=\"\u0413\u043e\u043b\u0443\u0431\u044b\u0435 \u043a\u0440\u0430\u0431\u044b \u0414\u0430\u043b\u044c\u044f\u043d &#8226; \u042d\u043a\u0441\u043a\u0443\u0440\u0441\u0438\u0438 Skyline\" \/>\n<meta property=\"og:description\" content=\"\u041f\u0440\u043e\u0432\u0435\u0434\u0438\u0442\u0435 \u0432\u0440\u0435\u043c\u044f \u0432 \u043f\u0440\u0438\u0440\u043e\u0434\u043d\u043e\u043c \u0437\u0430\u043f\u043e\u0432\u0435\u0434\u043d\u0438\u043a\u0435 \u0427\u0435\u0440\u0435\u043f\u0430\u0448\u044c\u0435\u0433\u043e \u043f\u043b\u044f\u0436\u0430, \u0438\u0441\u0441\u043b\u0435\u0434\u0443\u0439\u0442\u0435 \u0441\u0430\u043c\u043e\u0435 \u0431\u043e\u043b\u044c\u0448\u043e\u0435 \u043e\u0437\u0435\u0440\u043e \u041a\u0451\u0439\u0434\u0436\u0435\u0433\u0438\u0437, \u043d\u0430\u0441\u043b\u0430\u0436\u0434\u0430\u0439\u0442\u0435\u0441\u044c \u0433\u0440\u044f\u0437\u0435\u0432\u044b\u043c\u0438 \u0432\u0430\u043d\u043d\u0430\u043c\u0438, \u0438 \u043e\u043a\u0443\u043d\u0438\u0442\u0435\u0441\u044c \u0432 \u0438\u0441\u0442\u043e\u0440\u0438\u044e, \u043f\u043e\u0441\u0435\u0449\u0430\u044f \u041b\u0438\u043a\u0438\u0439\u0441\u043a\u0438\u0435 \u0433\u0440\u043e\u0431\u043d\u0438\u0446\u044b.\" \/>\n<meta property=\"og:url\" content=\"https:\/\/skyline-gs.com\/fr\/produit\/blue-crabs-dalyan\/\" \/>\n<meta property=\"og:site_name\" content=\"\u042d\u043a\u0441\u043a\u0443\u0440\u0441\u0438\u0438 Skyline\" \/>\n<meta property=\"article:modified_time\" content=\"2024-01-23T23:05:12+00:00\" \/>\n<meta property=\"og:image\" content=\"https:\/\/skyline-gs.com\/wp-content\/uploads\/2024\/08\/LoGo777.png\" \/>\n\t<meta property=\"og:image:width\" content=\"1080\" \/>\n\t<meta property=\"og:image:height\" content=\"1080\" \/>\n\t<meta property=\"og:image:type\" content=\"image\/png\" \/>\n<meta name=\"twitter:card\" content=\"summary_large_image\" \/>\n<meta name=\"twitter:label1\" content=\"Dur\u00e9e de lecture estim\u00e9e\" \/>\n\t<meta name=\"twitter:data1\" content=\"1 minute\" \/>\n<script type=\"application\/ld+json\" class=\"yoast-schema-graph\">{\"@context\":\"https:\\\/\\\/schema.org\",\"@graph\":[{\"@type\":\"WebPage\",\"@id\":\"https:\\\/\\\/skyline-gs.com\\\/product\\\/blue-crabs-dalyan\\\/\",\"url\":\"https:\\\/\\\/skyline-gs.com\\\/product\\\/blue-crabs-dalyan\\\/\",\"name\":\"\u0413\u043e\u043b\u0443\u0431\u044b\u0435 \u043a\u0440\u0430\u0431\u044b \u0414\u0430\u043b\u044c\u044f\u043d &#8226; \u042d\u043a\u0441\u043a\u0443\u0440\u0441\u0438\u0438 Skyline\",\"isPartOf\":{\"@id\":\"https:\\\/\\\/skyline-gs.com\\\/it\\\/#website\"},\"datePublished\":\"2024-01-11T12:07:56+00:00\",\"dateModified\":\"2024-01-23T23:05:12+00:00\",\"description\":\"\u041f\u0440\u043e\u0432\u0435\u0434\u0438\u0442\u0435 \u0432\u0440\u0435\u043c\u044f \u0432 \u043f\u0440\u0438\u0440\u043e\u0434\u043d\u043e\u043c \u0437\u0430\u043f\u043e\u0432\u0435\u0434\u043d\u0438\u043a\u0435 \u0427\u0435\u0440\u0435\u043f\u0430\u0448\u044c\u0435\u0433\u043e \u043f\u043b\u044f\u0436\u0430, \u0438\u0441\u0441\u043b\u0435\u0434\u0443\u0439\u0442\u0435 \u0441\u0430\u043c\u043e\u0435 \u0431\u043e\u043b\u044c\u0448\u043e\u0435 \u043e\u0437\u0435\u0440\u043e \u041a\u0451\u0439\u0434\u0436\u0435\u0433\u0438\u0437, \u043d\u0430\u0441\u043b\u0430\u0436\u0434\u0430\u0439\u0442\u0435\u0441\u044c \u0433\u0440\u044f\u0437\u0435\u0432\u044b\u043c\u0438 \u0432\u0430\u043d\u043d\u0430\u043c\u0438, \u0438 \u043e\u043a\u0443\u043d\u0438\u0442\u0435\u0441\u044c \u0432 \u0438\u0441\u0442\u043e\u0440\u0438\u044e, \u043f\u043e\u0441\u0435\u0449\u0430\u044f \u041b\u0438\u043a\u0438\u0439\u0441\u043a\u0438\u0435 \u0433\u0440\u043e\u0431\u043d\u0438\u0446\u044b.\",\"breadcrumb\":{\"@id\":\"https:\\\/\\\/skyline-gs.com\\\/product\\\/blue-crabs-dalyan\\\/#breadcrumb\"},\"inLanguage\":\"fr-FR\",\"potentialAction\":[{\"@type\":\"ReadAction\",\"target\":[\"https:\\\/\\\/skyline-gs.com\\\/product\\\/blue-crabs-dalyan\\\/\"]}]},{\"@type\":\"BreadcrumbList\",\"@id\":\"https:\\\/\\\/skyline-gs.com\\\/product\\\/blue-crabs-dalyan\\\/#breadcrumb\",\"itemListElement\":[{\"@type\":\"ListItem\",\"position\":1,\"name\":\"\u0413\u043b\u0430\u0432\u043d\u0430\u044f \u0441\u0442\u0440\u0430\u043d\u0438\u0446\u0430\",\"item\":\"https:\\\/\\\/skyline-gs.com\\\/hu\\\/\"},{\"@type\":\"ListItem\",\"position\":2,\"name\":\"\u041c\u0430\u0433\u0430\u0437\u0438\u043d\",\"item\":\"https:\\\/\\\/skyline-gs.com\\\/cs\\\/shop\\\/\"},{\"@type\":\"ListItem\",\"position\":3,\"name\":\"\u0413\u043e\u043b\u0443\u0431\u044b\u0435 \u043a\u0440\u0430\u0431\u044b \u0414\u0430\u043b\u044c\u044f\u043d\"}]},{\"@type\":\"WebSite\",\"@id\":\"https:\\\/\\\/skyline-gs.com\\\/it\\\/#website\",\"url\":\"https:\\\/\\\/skyline-gs.com\\\/it\\\/\",\"name\":\"\u042d\u043a\u0441\u043a\u0443\u0440\u0441\u0438\u0438 Skyline\",\"description\":\"\u042d\u043a\u0441\u043a\u043b\u044e\u0437\u0438\u0432\u043d\u044b\u0435 \u044d\u043a\u0441\u043a\u0443\u0440\u0441\u0438\u0438 \u043d\u0430 \u043b\u0443\u0447\u0448\u0438\u0445 \u043a\u0443\u0440\u043e\u0440\u0442\u0430\u0445 \u043c\u0438\u0440\u0430\",\"publisher\":{\"@id\":\"https:\\\/\\\/skyline-gs.com\\\/it\\\/#organization\"},\"alternateName\":\"Skyline\",\"potentialAction\":[{\"@type\":\"SearchAction\",\"target\":{\"@type\":\"EntryPoint\",\"urlTemplate\":\"https:\\\/\\\/skyline-gs.com\\\/it\\\/?s={search_term_string}\"},\"query-input\":{\"@type\":\"PropertyValueSpecification\",\"valueRequired\":true,\"valueName\":\"search_term_string\"}}],\"inLanguage\":\"fr-FR\"},{\"@type\":\"Organization\",\"@id\":\"https:\\\/\\\/skyline-gs.com\\\/it\\\/#organization\",\"name\":\"\u042d\u043a\u0441\u043a\u0443\u0440\u0441\u0438\u0438 Skyline\",\"alternateName\":\"\u042d\u043a\u0441\u043a\u0443\u0440\u0441\u0438\u0438 Skyline\",\"url\":\"https:\\\/\\\/skyline-gs.com\\\/it\\\/\",\"logo\":{\"@type\":\"ImageObject\",\"inLanguage\":\"fr-FR\",\"@id\":\"https:\\\/\\\/skyline-gs.com\\\/it\\\/#\\\/schema\\\/logo\\\/image\\\/\",\"url\":\"https:\\\/\\\/skyline-gs.com\\\/wp-content\\\/uploads\\\/2020\\\/12\\\/cropped-logo-2.png\",\"contentUrl\":\"https:\\\/\\\/skyline-gs.com\\\/wp-content\\\/uploads\\\/2020\\\/12\\\/cropped-logo-2.png\",\"width\":512,\"height\":512,\"caption\":\"\u042d\u043a\u0441\u043a\u0443\u0440\u0441\u0438\u0438 Skyline\"},\"image\":{\"@id\":\"https:\\\/\\\/skyline-gs.com\\\/it\\\/#\\\/schema\\\/logo\\\/image\\\/\"},\"sameAs\":[\"https:\\\/\\\/www.instagram.com\\\/skylineglobalservice\\\/\"]}]}<\/script>\n<!-- \/ Yoast SEO plugin. -->","yoast_head_json":{"title":"\u0413\u043e\u043b\u0443\u0431\u044b\u0435 \u043a\u0440\u0430\u0431\u044b \u0414\u0430\u043b\u044c\u044f\u043d &#8226; \u042d\u043a\u0441\u043a\u0443\u0440\u0441\u0438\u0438 Skyline","description":"Passez du temps dans la r\u00e9serve naturelle de Turtle Beach, explorez le plus grand lac de K\u00f6ycegiz, profitez des bains de boue et plongez dans l'histoire en visitant les tombes lyciennes.","robots":{"index":"index","follow":"follow","max-snippet":"max-snippet:-1","max-image-preview":"max-image-preview:large","max-video-preview":"max-video-preview:-1"},"canonical":"https:\/\/skyline-gs.com\/fr\/produit\/blue-crabs-dalyan\/","og_locale":"fr_FR","og_type":"article","og_title":"\u0413\u043e\u043b\u0443\u0431\u044b\u0435 \u043a\u0440\u0430\u0431\u044b \u0414\u0430\u043b\u044c\u044f\u043d &#8226; \u042d\u043a\u0441\u043a\u0443\u0440\u0441\u0438\u0438 Skyline","og_description":"\u041f\u0440\u043e\u0432\u0435\u0434\u0438\u0442\u0435 \u0432\u0440\u0435\u043c\u044f \u0432 \u043f\u0440\u0438\u0440\u043e\u0434\u043d\u043e\u043c \u0437\u0430\u043f\u043e\u0432\u0435\u0434\u043d\u0438\u043a\u0435 \u0427\u0435\u0440\u0435\u043f\u0430\u0448\u044c\u0435\u0433\u043e \u043f\u043b\u044f\u0436\u0430, \u0438\u0441\u0441\u043b\u0435\u0434\u0443\u0439\u0442\u0435 \u0441\u0430\u043c\u043e\u0435 \u0431\u043e\u043b\u044c\u0448\u043e\u0435 \u043e\u0437\u0435\u0440\u043e \u041a\u0451\u0439\u0434\u0436\u0435\u0433\u0438\u0437, \u043d\u0430\u0441\u043b\u0430\u0436\u0434\u0430\u0439\u0442\u0435\u0441\u044c \u0433\u0440\u044f\u0437\u0435\u0432\u044b\u043c\u0438 \u0432\u0430\u043d\u043d\u0430\u043c\u0438, \u0438 \u043e\u043a\u0443\u043d\u0438\u0442\u0435\u0441\u044c \u0432 \u0438\u0441\u0442\u043e\u0440\u0438\u044e, \u043f\u043e\u0441\u0435\u0449\u0430\u044f \u041b\u0438\u043a\u0438\u0439\u0441\u043a\u0438\u0435 \u0433\u0440\u043e\u0431\u043d\u0438\u0446\u044b.","og_url":"https:\/\/skyline-gs.com\/fr\/produit\/blue-crabs-dalyan\/","og_site_name":"\u042d\u043a\u0441\u043a\u0443\u0440\u0441\u0438\u0438 Skyline","article_modified_time":"2024-01-23T23:05:12+00:00","og_image":[{"width":1080,"height":1080,"url":"https:\/\/skyline-gs.com\/wp-content\/uploads\/2024\/08\/LoGo777.png","type":"image\/png"}],"twitter_card":"summary_large_image","twitter_misc":{"Dur\u00e9e de lecture estim\u00e9e":"1 minute"},"schema":{"@context":"https:\/\/schema.org","@graph":[{"@type":"WebPage","@id":"https:\/\/skyline-gs.com\/product\/blue-crabs-dalyan\/","url":"https:\/\/skyline-gs.com\/product\/blue-crabs-dalyan\/","name":"\u0413\u043e\u043b\u0443\u0431\u044b\u0435 \u043a\u0440\u0430\u0431\u044b \u0414\u0430\u043b\u044c\u044f\u043d &#8226; \u042d\u043a\u0441\u043a\u0443\u0440\u0441\u0438\u0438 Skyline","isPartOf":{"@id":"https:\/\/skyline-gs.com\/it\/#website"},"datePublished":"2024-01-11T12:07:56+00:00","dateModified":"2024-01-23T23:05:12+00:00","description":"Passez du temps dans la r\u00e9serve naturelle de Turtle Beach, explorez le plus grand lac de K\u00f6ycegiz, profitez des bains de boue et plongez dans l'histoire en visitant les tombes lyciennes.","breadcrumb":{"@id":"https:\/\/skyline-gs.com\/product\/blue-crabs-dalyan\/#breadcrumb"},"inLanguage":"fr-FR","potentialAction":[{"@type":"ReadAction","target":["https:\/\/skyline-gs.com\/product\/blue-crabs-dalyan\/"]}]},{"@type":"BreadcrumbList","@id":"https:\/\/skyline-gs.com\/product\/blue-crabs-dalyan\/#breadcrumb","itemListElement":[{"@type":"ListItem","position":1,"name":"\u0413\u043b\u0430\u0432\u043d\u0430\u044f \u0441\u0442\u0440\u0430\u043d\u0438\u0446\u0430","item":"https:\/\/skyline-gs.com\/hu\/"},{"@type":"ListItem","position":2,"name":"\u041c\u0430\u0433\u0430\u0437\u0438\u043d","item":"https:\/\/skyline-gs.com\/cs\/shop\/"},{"@type":"ListItem","position":3,"name":"\u0413\u043e\u043b\u0443\u0431\u044b\u0435 \u043a\u0440\u0430\u0431\u044b \u0414\u0430\u043b\u044c\u044f\u043d"}]},{"@type":"WebSite","@id":"https:\/\/skyline-gs.com\/it\/#website","url":"https:\/\/skyline-gs.com\/it\/","name":"Excursions Skyline","description":"Excursions exclusives dans les meilleurs centres de vill\u00e9giature du monde","publisher":{"@id":"https:\/\/skyline-gs.com\/it\/#organization"},"alternateName":"Skyline","potentialAction":[{"@type":"SearchAction","target":{"@type":"EntryPoint","urlTemplate":"https:\/\/skyline-gs.com\/it\/?s={search_term_string}"},"query-input":{"@type":"PropertyValueSpecification","valueRequired":true,"valueName":"search_term_string"}}],"inLanguage":"fr-FR"},{"@type":"Organization","@id":"https:\/\/skyline-gs.com\/it\/#organization","name":"Excursions Skyline","alternateName":"\u042d\u043a\u0441\u043a\u0443\u0440\u0441\u0438\u0438 Skyline","url":"https:\/\/skyline-gs.com\/it\/","logo":{"@type":"ImageObject","inLanguage":"fr-FR","@id":"https:\/\/skyline-gs.com\/it\/#\/schema\/logo\/image\/","url":"https:\/\/skyline-gs.com\/wp-content\/uploads\/2020\/12\/cropped-logo-2.png","contentUrl":"https:\/\/skyline-gs.com\/wp-content\/uploads\/2020\/12\/cropped-logo-2.png","width":512,"height":512,"caption":"\u042d\u043a\u0441\u043a\u0443\u0440\u0441\u0438\u0438 Skyline"},"image":{"@id":"https:\/\/skyline-gs.com\/it\/#\/schema\/logo\/image\/"},"sameAs":["https:\/\/www.instagram.com\/skylineglobalservice\/"]}]}},"_links":{"self":[{"href":"https:\/\/skyline-gs.com\/fr\/wp-json\/wp\/v2\/product\/45859","targetHints":{"allow":["GET"]}}],"collection":[{"href":"https:\/\/skyline-gs.com\/fr\/wp-json\/wp\/v2\/product"}],"about":[{"href":"https:\/\/skyline-gs.com\/fr\/wp-json\/wp\/v2\/types\/product"}],"version-history":[{"count":0,"href":"https:\/\/skyline-gs.com\/fr\/wp-json\/wp\/v2\/product\/45859\/revisions"}],"wp:attachment":[{"href":"https:\/\/skyline-gs.com\/fr\/wp-json\/wp\/v2\/media?parent=45859"}],"wp:term":[{"taxonomy":"product_brand","embeddable":true,"href":"https:\/\/skyline-gs.com\/fr\/wp-json\/wp\/v2\/product_brand?post=45859"},{"taxonomy":"product_cat","embeddable":true,"href":"https:\/\/skyline-gs.com\/fr\/wp-json\/wp\/v2\/product_cat?post=45859"},{"taxonomy":"product_tag","embeddable":true,"href":"https:\/\/skyline-gs.com\/fr\/wp-json\/wp\/v2\/product_tag?post=45859"}],"curies":[{"name":"wp","href":"https:\/\/api.w.org\/{rel}","templated":true}]}}