{"id":43396,"date":"2023-08-18T12:13:25","date_gmt":"2023-08-18T10:13:25","guid":{"rendered":"http:\/\/skyline-gs.com\/?post_type=product&#038;p=43396"},"modified":"2025-11-16T15:27:57","modified_gmt":"2025-11-16T13:27:57","slug":"great-dive-tour-in-the-maldives","status":"publish","type":"product","link":"https:\/\/skyline-gs.com\/fr\/product\/great-dive-tour-in-the-maldives\/","title":{"rendered":"Circuit de grande plong\u00e9e aux Maldives 7 jours"},"content":{"rendered":"<p>Si vous r\u00eavez d'exp\u00e9riences sous-marines inoubliables, de p\u00eache intense, de plages magnifiques et d'aventures uniques, ce circuit aux Maldives est parfait pour vous. Une semaine de d\u00e9tente compl\u00e8te, de plong\u00e9es passionnantes et d'\u00e9motions inoubliables vous attend. Vous aurez l'occasion de savourer la beaut\u00e9 du monde sous-marin, de passer du temps sur des \u00eeles inhabit\u00e9es et de profiter des repas sur la plage. Les plongeurs pourront \u00e9galement profiter des plong\u00e9es de nuit et du naitrox.<\/p>\n<p><strong>Jour 1<\/strong><\/p>\n<p><span style=\"font-family: var(--global-body-font-family);\">Prise en charge \u00e0 l'a\u00e9roport de Mal\u00e9. <\/span><span style=\"font-family: var(--global-body-font-family);\">16:00 Transfert vers l'\u00eele d'Omadhu.<\/span><\/p>\n<p><strong>Jour 2<\/strong><\/p>\n<p>8h30 Matin : 1 contr\u00f4le de plong\u00e9e. Pause d\u00e9jeuner. 17:00 Croisi\u00e8re au coucher du soleil avec p\u00eache traditionnelle maldivienne.<\/p>\n<p><strong>Troisi\u00e8me jour<\/strong><\/p>\n<p>2 plong\u00e9es le matin. Pause d\u00e9jeuner.<\/p>\n<p><strong>Jour 4<\/strong><\/p>\n<p>Matin : 2 plong\u00e9es. Soir : pr\u00e9parez-vous pour une plong\u00e9e de nuit inoubliable.<\/p>\n<p><strong>Jour 5<\/strong><\/p>\n<p>Matin : 2 plong\u00e9es. Apr\u00e8s-midi. Visite d'une \u00eele inhabit\u00e9e proche pour se reposer et explorer. Soir\u00e9e : Nuit cin\u00e9matographique sous les \u00e9toiles.<\/p>\n<p><strong>Jour 6<\/strong><\/p>\n<p>Matin : 2 plong\u00e9es. D\u00eener barbecue d'adieu<\/p>\n<p><strong>Jour 7<\/strong><\/p>\n<p>D\u00e9part. Petit-d\u00e9jeuner, d\u00e9part pour Mal\u00e9.<\/p>\n<p><strong>Inclus :<\/strong><\/p>\n<ul>\n<li>Prise en charge \u00e0 l'a\u00e9roport<\/li>\n<li>Transfert vers l'\u00eele d'Omadu<\/li>\n<li>Occupation double<\/li>\n<li>Repas en pension compl\u00e8te<\/li>\n<li>Th\u00e9, caf\u00e9, eau<\/li>\n<li>D\u00eener barbecue sur la plage<\/li>\n<li>P\u00eache au coucher du soleil<\/li>\n<li>Un voyage sur une \u00eele d\u00e9serte<\/li>\n<li>10 plong\u00e9es dont 1 plong\u00e9e de nuit<\/li>\n<li>Nitrox pour les plongeurs certifi\u00e9s<\/li>\n<\/ul>\n<p><strong>Non inclus :<\/strong><\/p>\n<ul>\n<li>Vols vers les Maldives<\/li>\n<li>Equipement (35$ par jour)<\/li>\n<li>Cours de formation PADI\/programmes d'initiation<\/li>\n<li>Occupation simple (suppl\u00e9ment 235$ pour toute la p\u00e9riode)<\/li>\n<li>Conseil pour l'\u00e9quipe<\/li>\n<\/ul>\n<p><strong>Conditions de r\u00e9servation :<\/strong><\/p>\n<ul>\n<li>100% pr\u00e9paiement<\/li>\n<\/ul>","protected":false},"excerpt":{"rendered":"<p><strong>Temps du Tour:<\/strong> 7 jours<\/p>\n<p><strong>Jours de D\u00e9roulement:<\/strong> 18-24.10.2026<\/p>","protected":false},"featured_media":43398,"template":"","meta":{"_kad_post_transparent":"default","_kad_post_title":"","_kad_post_layout":"default","_kad_post_sidebar_id":"","_kad_post_content_style":"default","_kad_post_vertical_padding":"default","_kad_post_feature":"","_kad_post_feature_position":"","_kad_post_header":false,"_kad_post_footer":false,"_kad_post_classname":"","_glsr_average":0,"_glsr_ranking":0,"_glsr_reviews":0},"product_brand":[],"product_cat":[442],"product_tag":[],"class_list":{"0":"post-43396","1":"product","2":"type-product","3":"status-publish","4":"has-post-thumbnail","6":"product_cat-maldives","7":"tm-has-options","9":"first","10":"instock","11":"sale","12":"sold-individually","13":"taxable","14":"shipping-taxable","15":"purchasable","16":"product-type-simple","17":"entry","18":"content-bg","19":"loop-entry"},"yoast_head":"<!-- This site is optimized with the Yoast SEO plugin v27.3 - https:\/\/yoast.com\/product\/yoast-seo-wordpress\/ -->\n<title>\u0411\u043e\u043b\u044c\u0448\u043e\u0439 \u0414\u0430\u0439\u0432-\u0442\u0443\u0440 \u043d\u0430 \u041c\u0430\u043b\u044c\u0434\u0438\u0432\u0430\u0445 7 \u0434\u043d\u0435\u0439 &#8226; \u042d\u043a\u0441\u043a\u0443\u0440\u0441\u0438\u0438 Skyline<\/title>\n<meta name=\"robots\" content=\"index, follow, max-snippet:-1, max-image-preview:large, max-video-preview:-1\" \/>\n<link rel=\"canonical\" href=\"https:\/\/skyline-gs.com\/fr\/produit\/great-dive-tour-in-the-maldives\/\" \/>\n<meta property=\"og:locale\" content=\"fr_FR\" \/>\n<meta property=\"og:type\" content=\"article\" \/>\n<meta property=\"og:title\" content=\"\u0411\u043e\u043b\u044c\u0448\u043e\u0439 \u0414\u0430\u0439\u0432-\u0442\u0443\u0440 \u043d\u0430 \u041c\u0430\u043b\u044c\u0434\u0438\u0432\u0430\u0445 7 \u0434\u043d\u0435\u0439 &#8226; \u042d\u043a\u0441\u043a\u0443\u0440\u0441\u0438\u0438 Skyline\" \/>\n<meta property=\"og:description\" content=\"\u0412\u0440\u0435\u043c\u044f \u0442\u0443\u0440\u0430: 7 \u0434\u043d\u0435\u0439  \u0414\u043d\u0438 \u043f\u0440\u043e\u0432\u0435\u0434\u0435\u043d\u0438\u044f: 18-24.10.2026\" \/>\n<meta property=\"og:url\" content=\"https:\/\/skyline-gs.com\/fr\/produit\/great-dive-tour-in-the-maldives\/\" \/>\n<meta property=\"og:site_name\" content=\"\u042d\u043a\u0441\u043a\u0443\u0440\u0441\u0438\u0438 Skyline\" \/>\n<meta property=\"article:modified_time\" content=\"2025-11-16T13:27:57+00:00\" \/>\n<meta property=\"og:image\" content=\"https:\/\/skyline-gs.com\/wp-content\/uploads\/2023\/08\/1.png\" \/>\n\t<meta property=\"og:image:width\" content=\"669\" \/>\n\t<meta property=\"og:image:height\" content=\"446\" \/>\n\t<meta property=\"og:image:type\" content=\"image\/png\" \/>\n<meta name=\"twitter:card\" content=\"summary_large_image\" \/>\n<meta name=\"twitter:label1\" content=\"Dur\u00e9e de lecture estim\u00e9e\" \/>\n\t<meta name=\"twitter:data1\" content=\"2 minutes\" \/>\n<script type=\"application\/ld+json\" class=\"yoast-schema-graph\">{\"@context\":\"https:\\\/\\\/schema.org\",\"@graph\":[{\"@type\":\"WebPage\",\"@id\":\"https:\\\/\\\/skyline-gs.com\\\/product\\\/great-dive-tour-in-the-maldives\\\/\",\"url\":\"https:\\\/\\\/skyline-gs.com\\\/product\\\/great-dive-tour-in-the-maldives\\\/\",\"name\":\"\u0411\u043e\u043b\u044c\u0448\u043e\u0439 \u0414\u0430\u0439\u0432-\u0442\u0443\u0440 \u043d\u0430 \u041c\u0430\u043b\u044c\u0434\u0438\u0432\u0430\u0445 7 \u0434\u043d\u0435\u0439 &#8226; \u042d\u043a\u0441\u043a\u0443\u0440\u0441\u0438\u0438 Skyline\",\"isPartOf\":{\"@id\":\"https:\\\/\\\/skyline-gs.com\\\/it\\\/#website\"},\"primaryImageOfPage\":{\"@id\":\"https:\\\/\\\/skyline-gs.com\\\/product\\\/great-dive-tour-in-the-maldives\\\/#primaryimage\"},\"image\":{\"@id\":\"https:\\\/\\\/skyline-gs.com\\\/product\\\/great-dive-tour-in-the-maldives\\\/#primaryimage\"},\"thumbnailUrl\":\"https:\\\/\\\/skyline-gs.com\\\/wp-content\\\/uploads\\\/2023\\\/08\\\/1.png\",\"datePublished\":\"2023-08-18T10:13:25+00:00\",\"dateModified\":\"2025-11-16T13:27:57+00:00\",\"breadcrumb\":{\"@id\":\"https:\\\/\\\/skyline-gs.com\\\/product\\\/great-dive-tour-in-the-maldives\\\/#breadcrumb\"},\"inLanguage\":\"fr-FR\",\"potentialAction\":[{\"@type\":\"ReadAction\",\"target\":[\"https:\\\/\\\/skyline-gs.com\\\/product\\\/great-dive-tour-in-the-maldives\\\/\"]}]},{\"@type\":\"ImageObject\",\"inLanguage\":\"fr-FR\",\"@id\":\"https:\\\/\\\/skyline-gs.com\\\/product\\\/great-dive-tour-in-the-maldives\\\/#primaryimage\",\"url\":\"https:\\\/\\\/skyline-gs.com\\\/wp-content\\\/uploads\\\/2023\\\/08\\\/1.png\",\"contentUrl\":\"https:\\\/\\\/skyline-gs.com\\\/wp-content\\\/uploads\\\/2023\\\/08\\\/1.png\",\"width\":669,\"height\":446},{\"@type\":\"BreadcrumbList\",\"@id\":\"https:\\\/\\\/skyline-gs.com\\\/product\\\/great-dive-tour-in-the-maldives\\\/#breadcrumb\",\"itemListElement\":[{\"@type\":\"ListItem\",\"position\":1,\"name\":\"\u0413\u043b\u0430\u0432\u043d\u0430\u044f \u0441\u0442\u0440\u0430\u043d\u0438\u0446\u0430\",\"item\":\"https:\\\/\\\/skyline-gs.com\\\/hu\\\/\"},{\"@type\":\"ListItem\",\"position\":2,\"name\":\"\u041c\u0430\u0433\u0430\u0437\u0438\u043d\",\"item\":\"https:\\\/\\\/skyline-gs.com\\\/cs\\\/shop\\\/\"},{\"@type\":\"ListItem\",\"position\":3,\"name\":\"\u0411\u043e\u043b\u044c\u0448\u043e\u0439 \u0414\u0430\u0439\u0432-\u0442\u0443\u0440 \u043d\u0430 \u041c\u0430\u043b\u044c\u0434\u0438\u0432\u0430\u0445 7 \u0434\u043d\u0435\u0439\"}]},{\"@type\":\"WebSite\",\"@id\":\"https:\\\/\\\/skyline-gs.com\\\/it\\\/#website\",\"url\":\"https:\\\/\\\/skyline-gs.com\\\/it\\\/\",\"name\":\"\u042d\u043a\u0441\u043a\u0443\u0440\u0441\u0438\u0438 Skyline\",\"description\":\"\u042d\u043a\u0441\u043a\u043b\u044e\u0437\u0438\u0432\u043d\u044b\u0435 \u044d\u043a\u0441\u043a\u0443\u0440\u0441\u0438\u0438 \u043d\u0430 \u043b\u0443\u0447\u0448\u0438\u0445 \u043a\u0443\u0440\u043e\u0440\u0442\u0430\u0445 \u043c\u0438\u0440\u0430\",\"publisher\":{\"@id\":\"https:\\\/\\\/skyline-gs.com\\\/it\\\/#organization\"},\"alternateName\":\"Skyline\",\"potentialAction\":[{\"@type\":\"SearchAction\",\"target\":{\"@type\":\"EntryPoint\",\"urlTemplate\":\"https:\\\/\\\/skyline-gs.com\\\/it\\\/?s={search_term_string}\"},\"query-input\":{\"@type\":\"PropertyValueSpecification\",\"valueRequired\":true,\"valueName\":\"search_term_string\"}}],\"inLanguage\":\"fr-FR\"},{\"@type\":\"Organization\",\"@id\":\"https:\\\/\\\/skyline-gs.com\\\/it\\\/#organization\",\"name\":\"\u042d\u043a\u0441\u043a\u0443\u0440\u0441\u0438\u0438 Skyline\",\"alternateName\":\"\u042d\u043a\u0441\u043a\u0443\u0440\u0441\u0438\u0438 Skyline\",\"url\":\"https:\\\/\\\/skyline-gs.com\\\/it\\\/\",\"logo\":{\"@type\":\"ImageObject\",\"inLanguage\":\"fr-FR\",\"@id\":\"https:\\\/\\\/skyline-gs.com\\\/it\\\/#\\\/schema\\\/logo\\\/image\\\/\",\"url\":\"https:\\\/\\\/skyline-gs.com\\\/wp-content\\\/uploads\\\/2020\\\/12\\\/cropped-logo-2.png\",\"contentUrl\":\"https:\\\/\\\/skyline-gs.com\\\/wp-content\\\/uploads\\\/2020\\\/12\\\/cropped-logo-2.png\",\"width\":512,\"height\":512,\"caption\":\"\u042d\u043a\u0441\u043a\u0443\u0440\u0441\u0438\u0438 Skyline\"},\"image\":{\"@id\":\"https:\\\/\\\/skyline-gs.com\\\/it\\\/#\\\/schema\\\/logo\\\/image\\\/\"},\"sameAs\":[\"https:\\\/\\\/www.instagram.com\\\/skylineglobalservice\\\/\"]}]}<\/script>\n<!-- \/ Yoast SEO plugin. -->","yoast_head_json":{"title":"\u0411\u043e\u043b\u044c\u0448\u043e\u0439 \u0414\u0430\u0439\u0432-\u0442\u0443\u0440 \u043d\u0430 \u041c\u0430\u043b\u044c\u0434\u0438\u0432\u0430\u0445 7 \u0434\u043d\u0435\u0439 &#8226; \u042d\u043a\u0441\u043a\u0443\u0440\u0441\u0438\u0438 Skyline","robots":{"index":"index","follow":"follow","max-snippet":"max-snippet:-1","max-image-preview":"max-image-preview:large","max-video-preview":"max-video-preview:-1"},"canonical":"https:\/\/skyline-gs.com\/fr\/produit\/great-dive-tour-in-the-maldives\/","og_locale":"fr_FR","og_type":"article","og_title":"\u0411\u043e\u043b\u044c\u0448\u043e\u0439 \u0414\u0430\u0439\u0432-\u0442\u0443\u0440 \u043d\u0430 \u041c\u0430\u043b\u044c\u0434\u0438\u0432\u0430\u0445 7 \u0434\u043d\u0435\u0439 &#8226; \u042d\u043a\u0441\u043a\u0443\u0440\u0441\u0438\u0438 Skyline","og_description":"\u0412\u0440\u0435\u043c\u044f \u0442\u0443\u0440\u0430: 7 \u0434\u043d\u0435\u0439  \u0414\u043d\u0438 \u043f\u0440\u043e\u0432\u0435\u0434\u0435\u043d\u0438\u044f: 18-24.10.2026","og_url":"https:\/\/skyline-gs.com\/fr\/produit\/great-dive-tour-in-the-maldives\/","og_site_name":"\u042d\u043a\u0441\u043a\u0443\u0440\u0441\u0438\u0438 Skyline","article_modified_time":"2025-11-16T13:27:57+00:00","og_image":[{"width":669,"height":446,"url":"https:\/\/skyline-gs.com\/wp-content\/uploads\/2023\/08\/1.png","type":"image\/png"}],"twitter_card":"summary_large_image","twitter_misc":{"Dur\u00e9e de lecture estim\u00e9e":"2 minutes"},"schema":{"@context":"https:\/\/schema.org","@graph":[{"@type":"WebPage","@id":"https:\/\/skyline-gs.com\/product\/great-dive-tour-in-the-maldives\/","url":"https:\/\/skyline-gs.com\/product\/great-dive-tour-in-the-maldives\/","name":"\u0411\u043e\u043b\u044c\u0448\u043e\u0439 \u0414\u0430\u0439\u0432-\u0442\u0443\u0440 \u043d\u0430 \u041c\u0430\u043b\u044c\u0434\u0438\u0432\u0430\u0445 7 \u0434\u043d\u0435\u0439 &#8226; \u042d\u043a\u0441\u043a\u0443\u0440\u0441\u0438\u0438 Skyline","isPartOf":{"@id":"https:\/\/skyline-gs.com\/it\/#website"},"primaryImageOfPage":{"@id":"https:\/\/skyline-gs.com\/product\/great-dive-tour-in-the-maldives\/#primaryimage"},"image":{"@id":"https:\/\/skyline-gs.com\/product\/great-dive-tour-in-the-maldives\/#primaryimage"},"thumbnailUrl":"https:\/\/skyline-gs.com\/wp-content\/uploads\/2023\/08\/1.png","datePublished":"2023-08-18T10:13:25+00:00","dateModified":"2025-11-16T13:27:57+00:00","breadcrumb":{"@id":"https:\/\/skyline-gs.com\/product\/great-dive-tour-in-the-maldives\/#breadcrumb"},"inLanguage":"fr-FR","potentialAction":[{"@type":"ReadAction","target":["https:\/\/skyline-gs.com\/product\/great-dive-tour-in-the-maldives\/"]}]},{"@type":"ImageObject","inLanguage":"fr-FR","@id":"https:\/\/skyline-gs.com\/product\/great-dive-tour-in-the-maldives\/#primaryimage","url":"https:\/\/skyline-gs.com\/wp-content\/uploads\/2023\/08\/1.png","contentUrl":"https:\/\/skyline-gs.com\/wp-content\/uploads\/2023\/08\/1.png","width":669,"height":446},{"@type":"BreadcrumbList","@id":"https:\/\/skyline-gs.com\/product\/great-dive-tour-in-the-maldives\/#breadcrumb","itemListElement":[{"@type":"ListItem","position":1,"name":"\u0413\u043b\u0430\u0432\u043d\u0430\u044f \u0441\u0442\u0440\u0430\u043d\u0438\u0446\u0430","item":"https:\/\/skyline-gs.com\/hu\/"},{"@type":"ListItem","position":2,"name":"\u041c\u0430\u0433\u0430\u0437\u0438\u043d","item":"https:\/\/skyline-gs.com\/cs\/shop\/"},{"@type":"ListItem","position":3,"name":"\u0411\u043e\u043b\u044c\u0448\u043e\u0439 \u0414\u0430\u0439\u0432-\u0442\u0443\u0440 \u043d\u0430 \u041c\u0430\u043b\u044c\u0434\u0438\u0432\u0430\u0445 7 \u0434\u043d\u0435\u0439"}]},{"@type":"WebSite","@id":"https:\/\/skyline-gs.com\/it\/#website","url":"https:\/\/skyline-gs.com\/it\/","name":"Excursions Skyline","description":"Excursions exclusives dans les meilleurs centres de vill\u00e9giature du monde","publisher":{"@id":"https:\/\/skyline-gs.com\/it\/#organization"},"alternateName":"Skyline","potentialAction":[{"@type":"SearchAction","target":{"@type":"EntryPoint","urlTemplate":"https:\/\/skyline-gs.com\/it\/?s={search_term_string}"},"query-input":{"@type":"PropertyValueSpecification","valueRequired":true,"valueName":"search_term_string"}}],"inLanguage":"fr-FR"},{"@type":"Organization","@id":"https:\/\/skyline-gs.com\/it\/#organization","name":"Excursions Skyline","alternateName":"\u042d\u043a\u0441\u043a\u0443\u0440\u0441\u0438\u0438 Skyline","url":"https:\/\/skyline-gs.com\/it\/","logo":{"@type":"ImageObject","inLanguage":"fr-FR","@id":"https:\/\/skyline-gs.com\/it\/#\/schema\/logo\/image\/","url":"https:\/\/skyline-gs.com\/wp-content\/uploads\/2020\/12\/cropped-logo-2.png","contentUrl":"https:\/\/skyline-gs.com\/wp-content\/uploads\/2020\/12\/cropped-logo-2.png","width":512,"height":512,"caption":"\u042d\u043a\u0441\u043a\u0443\u0440\u0441\u0438\u0438 Skyline"},"image":{"@id":"https:\/\/skyline-gs.com\/it\/#\/schema\/logo\/image\/"},"sameAs":["https:\/\/www.instagram.com\/skylineglobalservice\/"]}]}},"_links":{"self":[{"href":"https:\/\/skyline-gs.com\/fr\/wp-json\/wp\/v2\/product\/43396","targetHints":{"allow":["GET"]}}],"collection":[{"href":"https:\/\/skyline-gs.com\/fr\/wp-json\/wp\/v2\/product"}],"about":[{"href":"https:\/\/skyline-gs.com\/fr\/wp-json\/wp\/v2\/types\/product"}],"version-history":[{"count":0,"href":"https:\/\/skyline-gs.com\/fr\/wp-json\/wp\/v2\/product\/43396\/revisions"}],"wp:featuredmedia":[{"embeddable":true,"href":"https:\/\/skyline-gs.com\/fr\/wp-json\/wp\/v2\/media\/43398"}],"wp:attachment":[{"href":"https:\/\/skyline-gs.com\/fr\/wp-json\/wp\/v2\/media?parent=43396"}],"wp:term":[{"taxonomy":"product_brand","embeddable":true,"href":"https:\/\/skyline-gs.com\/fr\/wp-json\/wp\/v2\/product_brand?post=43396"},{"taxonomy":"product_cat","embeddable":true,"href":"https:\/\/skyline-gs.com\/fr\/wp-json\/wp\/v2\/product_cat?post=43396"},{"taxonomy":"product_tag","embeddable":true,"href":"https:\/\/skyline-gs.com\/fr\/wp-json\/wp\/v2\/product_tag?post=43396"}],"curies":[{"name":"wp","href":"https:\/\/api.w.org\/{rel}","templated":true}]}}