{"id":42652,"date":"2023-07-17T13:15:44","date_gmt":"2023-07-17T11:15:44","guid":{"rendered":"http:\/\/skyline-gs.com\/?post_type=product&#038;p=42652"},"modified":"2025-06-16T18:15:14","modified_gmt":"2025-06-16T16:15:14","slug":"hammam-kemer","status":"publish","type":"product","link":"https:\/\/skyline-gs.com\/fr\/product\/hammam-kemer\/","title":{"rendered":"Hammam (bain turc)"},"content":{"rendered":"<p>Offrez-vous une d\u00e9tente compl\u00e8te dans un bain turc traditionnel. La vapeur, les massages savonneux, les huiles aromatiques et les soins attentifs constituent le d\u00e9but id\u00e9al de vos vacances. Le hammam turc ne se contente pas de nettoyer la peau, il aide aussi le corps \u00e0 s'adapter au soleil et au climat.<\/p>\n<p><strong>\u0422\u0440\u0430\u043d\u0441\u0444\u0435\u0440 \u0437\u0430\u0431\u0438\u0440\u0430\u0435\u0442 \u0432\u0430\u0441 \u0438\u0437 \u043e\u0442\u0435\u043b\u044f<\/strong> et vous emm\u00e8ne dans un spa confortable.<\/p>\n<ul>\n<li data-start=\"667\" data-end=\"763\">Sauna. <strong>R\u00e9chauffement du corps \u00e0 la chaleur s\u00e8che<\/strong>. Pr\u00e9pare la peau \u00e0 recevoir d'autres traitements.<\/li>\n<li data-start=\"667\" data-end=\"763\"><strong>Bain de vapeur et jacuzzi. <\/strong>L'ar\u00f4me de menthol aide \u00e0 lib\u00e9rer la respiration. L'eau chaude d\u00e9tend les muscles.<\/li>\n<li data-start=\"667\" data-end=\"763\">L'\u00e9pluchure de Kese. <strong>Un traitement avec une mitaine turque traditionnelle.<\/strong> La dur\u00e9e est d'environ 10 minutes. Nettoie la peau et \u00e9limine les cellules mortes.<\/li>\n<li data-start=\"667\" data-end=\"763\"><strong>Massage au savon mousse<\/strong>. Mousse douce et mouvements relaxants. Dur\u00e9e - 10 minutes.<\/li>\n<li data-start=\"667\" data-end=\"763\"><strong>Massage \u00e0 l'huile et masque facial.<\/strong> Les huiles aromatiques nourrissent la peau, le masque rafra\u00eechit et tonifie. La dur\u00e9e de la proc\u00e9dure est d'environ 20 minutes.<\/li>\n<li data-start=\"667\" data-end=\"763\"><strong>Salle de sel.<\/strong> R\u00e9tablir facilement la respiration, saturer l'organisme en min\u00e9raux.<\/li>\n<li data-start=\"667\" data-end=\"763\">Th\u00e9 turc. <strong>Un petit rituel de th\u00e9 pour compl\u00e9ter le programme.<\/strong><\/li>\n<\/ul>\n<p data-start=\"1373\" data-end=\"1415\"><strong>Transfert \u00e0 l'h\u00f4tel.<\/strong><\/p>\n<p><strong>Inclus :<\/strong><\/p>\n<ul>\n<li>Transfert depuis et vers l'h\u00f4tel<\/li>\n<li>Sauna, bain de vapeur, jacuzzi<\/li>\n<li>Pelure de Kese<\/li>\n<li>Massage \u00e0 la mousse<\/li>\n<li>Massage \u00e0 l'huile<\/li>\n<li>Masque pour le visage<\/li>\n<li>salle de sel<\/li>\n<li>Serviette<\/li>\n<li>Th\u00e9 turc<\/li>\n<\/ul>\n<p><strong>Non inclus :<\/strong><\/p>\n<ul>\n<li>Services suppl\u00e9mentaires dans le spa - sur demande, moyennant un suppl\u00e9ment<\/li>\n<\/ul>\n<p><strong>\u00c0 emporter :<\/strong><\/p>\n<ul>\n<li>Maillot de bain<\/li>\n<li>Shampooing pour cheveux<\/li>\n<li>Argent liquide pour les d\u00e9penses personnelles<\/li>\n<\/ul>","protected":false},"excerpt":{"rendered":"<p><strong>Temps du Tour:<\/strong> 2 heures (3 heures avec le transfert)<\/p>\n<p><strong>Jours de D\u00e9roulement:<\/strong> Tous les jours.<\/p>","protected":false},"featured_media":42653,"template":"","meta":{"_kad_post_transparent":"default","_kad_post_title":"","_kad_post_layout":"default","_kad_post_sidebar_id":"","_kad_post_content_style":"default","_kad_post_vertical_padding":"default","_kad_post_feature":"","_kad_post_feature_position":"","_kad_post_header":false,"_kad_post_footer":false,"_kad_post_classname":"","_glsr_average":0,"_glsr_ranking":0,"_glsr_reviews":0},"product_brand":[],"product_cat":[448],"product_tag":[],"class_list":{"0":"post-42652","1":"product","2":"type-product","3":"status-publish","4":"has-post-thumbnail","6":"product_cat-kemer","7":"tm-has-options","9":"first","10":"instock","11":"sold-individually","12":"taxable","13":"shipping-taxable","14":"purchasable","15":"product-type-simple","16":"entry","17":"content-bg","18":"loop-entry"},"yoast_head":"<!-- This site is optimized with the Yoast SEO plugin v27.3 - https:\/\/yoast.com\/product\/yoast-seo-wordpress\/ -->\n<title>\u0425\u0430\u043c\u0430\u043c (\u0422\u0443\u0440\u0435\u0446\u043a\u0430\u044f \u0431\u0430\u043d\u044f) \u0432 \u041a\u0435\u043c\u0435\u0440\u0435 &#8226; \u042d\u043a\u0441\u043a\u0443\u0440\u0441\u0438\u0438 Skyline<\/title>\n<meta name=\"description\" content=\"\u041f\u043e\u0437\u0432\u043e\u043b\u044c\u0442\u0435 \u0441\u0435\u0431\u0435 \u043f\u043e\u043b\u043d\u043e\u0435 \u0440\u0430\u0441\u0441\u043b\u0430\u0431\u043b\u0435\u043d\u0438\u0435 \u0432 \u0442\u0440\u0430\u0434\u0438\u0446\u0438\u043e\u043d\u043d\u043e\u0439 \u0442\u0443\u0440\u0435\u0446\u043a\u043e\u0439 \u0431\u0430\u043d\u0435. \u041f\u0430\u0440, \u043c\u044b\u043b\u044c\u043d\u044b\u0439 \u043c\u0430\u0441\u0441\u0430\u0436, \u0430\u0440\u043e\u043c\u0430\u0442\u044b \u043c\u0430\u0441\u0435\u043b \u0438 \u0437\u0430\u0431\u043e\u0442\u043b\u0438\u0432\u044b\u0439 \u0443\u0445\u043e\u0434 \u2014 \u0438\u0434\u0435\u0430\u043b\u044c\u043d\u043e\u0435 \u043d\u0430\u0447\u0430\u043b\u043e \u043e\u0442\u043f\u0443\u0441\u043a\u0430.\" \/>\n<meta name=\"robots\" content=\"index, follow, max-snippet:-1, max-image-preview:large, max-video-preview:-1\" \/>\n<link rel=\"canonical\" href=\"https:\/\/skyline-gs.com\/fr\/produit\/hammam-kemer\/\" \/>\n<meta property=\"og:locale\" content=\"fr_FR\" \/>\n<meta property=\"og:type\" content=\"article\" \/>\n<meta property=\"og:title\" content=\"\u0425\u0430\u043c\u0430\u043c (\u0422\u0443\u0440\u0435\u0446\u043a\u0430\u044f \u0431\u0430\u043d\u044f) \u0432 \u041a\u0435\u043c\u0435\u0440\u0435 &#8226; \u042d\u043a\u0441\u043a\u0443\u0440\u0441\u0438\u0438 Skyline\" \/>\n<meta property=\"og:description\" content=\"\u041f\u043e\u0437\u0432\u043e\u043b\u044c\u0442\u0435 \u0441\u0435\u0431\u0435 \u043f\u043e\u043b\u043d\u043e\u0435 \u0440\u0430\u0441\u0441\u043b\u0430\u0431\u043b\u0435\u043d\u0438\u0435 \u0432 \u0442\u0440\u0430\u0434\u0438\u0446\u0438\u043e\u043d\u043d\u043e\u0439 \u0442\u0443\u0440\u0435\u0446\u043a\u043e\u0439 \u0431\u0430\u043d\u0435. \u041f\u0430\u0440, \u043c\u044b\u043b\u044c\u043d\u044b\u0439 \u043c\u0430\u0441\u0441\u0430\u0436, \u0430\u0440\u043e\u043c\u0430\u0442\u044b \u043c\u0430\u0441\u0435\u043b \u0438 \u0437\u0430\u0431\u043e\u0442\u043b\u0438\u0432\u044b\u0439 \u0443\u0445\u043e\u0434 \u2014 \u0438\u0434\u0435\u0430\u043b\u044c\u043d\u043e\u0435 \u043d\u0430\u0447\u0430\u043b\u043e \u043e\u0442\u043f\u0443\u0441\u043a\u0430.\" \/>\n<meta property=\"og:url\" content=\"https:\/\/skyline-gs.com\/fr\/produit\/hammam-kemer\/\" \/>\n<meta property=\"og:site_name\" content=\"\u042d\u043a\u0441\u043a\u0443\u0440\u0441\u0438\u0438 Skyline\" \/>\n<meta property=\"article:modified_time\" content=\"2025-06-16T16:15:14+00:00\" \/>\n<meta property=\"og:image\" content=\"https:\/\/skyline-gs.com\/wp-content\/uploads\/2023\/07\/1-14.png\" \/>\n\t<meta property=\"og:image:width\" content=\"669\" \/>\n\t<meta property=\"og:image:height\" content=\"446\" \/>\n\t<meta property=\"og:image:type\" content=\"image\/png\" \/>\n<meta name=\"twitter:card\" content=\"summary_large_image\" \/>\n<meta name=\"twitter:label1\" content=\"Dur\u00e9e de lecture estim\u00e9e\" \/>\n\t<meta name=\"twitter:data1\" content=\"2 minutes\" \/>\n<script type=\"application\/ld+json\" class=\"yoast-schema-graph\">{\"@context\":\"https:\\\/\\\/schema.org\",\"@graph\":[{\"@type\":\"WebPage\",\"@id\":\"https:\\\/\\\/skyline-gs.com\\\/product\\\/hammam-kemer\\\/\",\"url\":\"https:\\\/\\\/skyline-gs.com\\\/product\\\/hammam-kemer\\\/\",\"name\":\"\u0425\u0430\u043c\u0430\u043c (\u0422\u0443\u0440\u0435\u0446\u043a\u0430\u044f \u0431\u0430\u043d\u044f) \u0432 \u041a\u0435\u043c\u0435\u0440\u0435 &#8226; \u042d\u043a\u0441\u043a\u0443\u0440\u0441\u0438\u0438 Skyline\",\"isPartOf\":{\"@id\":\"https:\\\/\\\/skyline-gs.com\\\/it\\\/#website\"},\"primaryImageOfPage\":{\"@id\":\"https:\\\/\\\/skyline-gs.com\\\/product\\\/hammam-kemer\\\/#primaryimage\"},\"image\":{\"@id\":\"https:\\\/\\\/skyline-gs.com\\\/product\\\/hammam-kemer\\\/#primaryimage\"},\"thumbnailUrl\":\"https:\\\/\\\/skyline-gs.com\\\/wp-content\\\/uploads\\\/2023\\\/07\\\/1-14.png\",\"datePublished\":\"2023-07-17T11:15:44+00:00\",\"dateModified\":\"2025-06-16T16:15:14+00:00\",\"description\":\"\u041f\u043e\u0437\u0432\u043e\u043b\u044c\u0442\u0435 \u0441\u0435\u0431\u0435 \u043f\u043e\u043b\u043d\u043e\u0435 \u0440\u0430\u0441\u0441\u043b\u0430\u0431\u043b\u0435\u043d\u0438\u0435 \u0432 \u0442\u0440\u0430\u0434\u0438\u0446\u0438\u043e\u043d\u043d\u043e\u0439 \u0442\u0443\u0440\u0435\u0446\u043a\u043e\u0439 \u0431\u0430\u043d\u0435. \u041f\u0430\u0440, \u043c\u044b\u043b\u044c\u043d\u044b\u0439 \u043c\u0430\u0441\u0441\u0430\u0436, \u0430\u0440\u043e\u043c\u0430\u0442\u044b \u043c\u0430\u0441\u0435\u043b \u0438 \u0437\u0430\u0431\u043e\u0442\u043b\u0438\u0432\u044b\u0439 \u0443\u0445\u043e\u0434 \u2014 \u0438\u0434\u0435\u0430\u043b\u044c\u043d\u043e\u0435 \u043d\u0430\u0447\u0430\u043b\u043e \u043e\u0442\u043f\u0443\u0441\u043a\u0430.\",\"breadcrumb\":{\"@id\":\"https:\\\/\\\/skyline-gs.com\\\/product\\\/hammam-kemer\\\/#breadcrumb\"},\"inLanguage\":\"fr-FR\",\"potentialAction\":[{\"@type\":\"ReadAction\",\"target\":[\"https:\\\/\\\/skyline-gs.com\\\/product\\\/hammam-kemer\\\/\"]}]},{\"@type\":\"ImageObject\",\"inLanguage\":\"fr-FR\",\"@id\":\"https:\\\/\\\/skyline-gs.com\\\/product\\\/hammam-kemer\\\/#primaryimage\",\"url\":\"https:\\\/\\\/skyline-gs.com\\\/wp-content\\\/uploads\\\/2023\\\/07\\\/1-14.png\",\"contentUrl\":\"https:\\\/\\\/skyline-gs.com\\\/wp-content\\\/uploads\\\/2023\\\/07\\\/1-14.png\",\"width\":669,\"height\":446},{\"@type\":\"BreadcrumbList\",\"@id\":\"https:\\\/\\\/skyline-gs.com\\\/product\\\/hammam-kemer\\\/#breadcrumb\",\"itemListElement\":[{\"@type\":\"ListItem\",\"position\":1,\"name\":\"\u0413\u043b\u0430\u0432\u043d\u0430\u044f \u0441\u0442\u0440\u0430\u043d\u0438\u0446\u0430\",\"item\":\"https:\\\/\\\/skyline-gs.com\\\/hu\\\/\"},{\"@type\":\"ListItem\",\"position\":2,\"name\":\"\u041c\u0430\u0433\u0430\u0437\u0438\u043d\",\"item\":\"https:\\\/\\\/skyline-gs.com\\\/cs\\\/shop\\\/\"},{\"@type\":\"ListItem\",\"position\":3,\"name\":\"\u0425\u0430\u043c\u0430\u043c (\u0422\u0443\u0440\u0435\u0446\u043a\u0430\u044f \u0431\u0430\u043d\u044f)\"}]},{\"@type\":\"WebSite\",\"@id\":\"https:\\\/\\\/skyline-gs.com\\\/it\\\/#website\",\"url\":\"https:\\\/\\\/skyline-gs.com\\\/it\\\/\",\"name\":\"\u042d\u043a\u0441\u043a\u0443\u0440\u0441\u0438\u0438 Skyline\",\"description\":\"\u042d\u043a\u0441\u043a\u043b\u044e\u0437\u0438\u0432\u043d\u044b\u0435 \u044d\u043a\u0441\u043a\u0443\u0440\u0441\u0438\u0438 \u043d\u0430 \u043b\u0443\u0447\u0448\u0438\u0445 \u043a\u0443\u0440\u043e\u0440\u0442\u0430\u0445 \u043c\u0438\u0440\u0430\",\"publisher\":{\"@id\":\"https:\\\/\\\/skyline-gs.com\\\/it\\\/#organization\"},\"alternateName\":\"Skyline\",\"potentialAction\":[{\"@type\":\"SearchAction\",\"target\":{\"@type\":\"EntryPoint\",\"urlTemplate\":\"https:\\\/\\\/skyline-gs.com\\\/it\\\/?s={search_term_string}\"},\"query-input\":{\"@type\":\"PropertyValueSpecification\",\"valueRequired\":true,\"valueName\":\"search_term_string\"}}],\"inLanguage\":\"fr-FR\"},{\"@type\":\"Organization\",\"@id\":\"https:\\\/\\\/skyline-gs.com\\\/it\\\/#organization\",\"name\":\"\u042d\u043a\u0441\u043a\u0443\u0440\u0441\u0438\u0438 Skyline\",\"alternateName\":\"\u042d\u043a\u0441\u043a\u0443\u0440\u0441\u0438\u0438 Skyline\",\"url\":\"https:\\\/\\\/skyline-gs.com\\\/it\\\/\",\"logo\":{\"@type\":\"ImageObject\",\"inLanguage\":\"fr-FR\",\"@id\":\"https:\\\/\\\/skyline-gs.com\\\/it\\\/#\\\/schema\\\/logo\\\/image\\\/\",\"url\":\"https:\\\/\\\/skyline-gs.com\\\/wp-content\\\/uploads\\\/2020\\\/12\\\/cropped-logo-2.png\",\"contentUrl\":\"https:\\\/\\\/skyline-gs.com\\\/wp-content\\\/uploads\\\/2020\\\/12\\\/cropped-logo-2.png\",\"width\":512,\"height\":512,\"caption\":\"\u042d\u043a\u0441\u043a\u0443\u0440\u0441\u0438\u0438 Skyline\"},\"image\":{\"@id\":\"https:\\\/\\\/skyline-gs.com\\\/it\\\/#\\\/schema\\\/logo\\\/image\\\/\"},\"sameAs\":[\"https:\\\/\\\/www.instagram.com\\\/skylineglobalservice\\\/\"]}]}<\/script>\n<!-- \/ Yoast SEO plugin. -->","yoast_head_json":{"title":"\u0425\u0430\u043c\u0430\u043c (\u0422\u0443\u0440\u0435\u0446\u043a\u0430\u044f \u0431\u0430\u043d\u044f) \u0432 \u041a\u0435\u043c\u0435\u0440\u0435 &#8226; \u042d\u043a\u0441\u043a\u0443\u0440\u0441\u0438\u0438 Skyline","description":"Offrez-vous une d\u00e9tente compl\u00e8te dans un bain turc traditionnel. Vapeur, massage savonneux, huiles aromatiques et soins attentifs - le d\u00e9but parfait de vos vacances.","robots":{"index":"index","follow":"follow","max-snippet":"max-snippet:-1","max-image-preview":"max-image-preview:large","max-video-preview":"max-video-preview:-1"},"canonical":"https:\/\/skyline-gs.com\/fr\/produit\/hammam-kemer\/","og_locale":"fr_FR","og_type":"article","og_title":"\u0425\u0430\u043c\u0430\u043c (\u0422\u0443\u0440\u0435\u0446\u043a\u0430\u044f \u0431\u0430\u043d\u044f) \u0432 \u041a\u0435\u043c\u0435\u0440\u0435 &#8226; \u042d\u043a\u0441\u043a\u0443\u0440\u0441\u0438\u0438 Skyline","og_description":"\u041f\u043e\u0437\u0432\u043e\u043b\u044c\u0442\u0435 \u0441\u0435\u0431\u0435 \u043f\u043e\u043b\u043d\u043e\u0435 \u0440\u0430\u0441\u0441\u043b\u0430\u0431\u043b\u0435\u043d\u0438\u0435 \u0432 \u0442\u0440\u0430\u0434\u0438\u0446\u0438\u043e\u043d\u043d\u043e\u0439 \u0442\u0443\u0440\u0435\u0446\u043a\u043e\u0439 \u0431\u0430\u043d\u0435. \u041f\u0430\u0440, \u043c\u044b\u043b\u044c\u043d\u044b\u0439 \u043c\u0430\u0441\u0441\u0430\u0436, \u0430\u0440\u043e\u043c\u0430\u0442\u044b \u043c\u0430\u0441\u0435\u043b \u0438 \u0437\u0430\u0431\u043e\u0442\u043b\u0438\u0432\u044b\u0439 \u0443\u0445\u043e\u0434 \u2014 \u0438\u0434\u0435\u0430\u043b\u044c\u043d\u043e\u0435 \u043d\u0430\u0447\u0430\u043b\u043e \u043e\u0442\u043f\u0443\u0441\u043a\u0430.","og_url":"https:\/\/skyline-gs.com\/fr\/produit\/hammam-kemer\/","og_site_name":"\u042d\u043a\u0441\u043a\u0443\u0440\u0441\u0438\u0438 Skyline","article_modified_time":"2025-06-16T16:15:14+00:00","og_image":[{"width":669,"height":446,"url":"https:\/\/skyline-gs.com\/wp-content\/uploads\/2023\/07\/1-14.png","type":"image\/png"}],"twitter_card":"summary_large_image","twitter_misc":{"Dur\u00e9e de lecture estim\u00e9e":"2 minutes"},"schema":{"@context":"https:\/\/schema.org","@graph":[{"@type":"WebPage","@id":"https:\/\/skyline-gs.com\/product\/hammam-kemer\/","url":"https:\/\/skyline-gs.com\/product\/hammam-kemer\/","name":"\u0425\u0430\u043c\u0430\u043c (\u0422\u0443\u0440\u0435\u0446\u043a\u0430\u044f \u0431\u0430\u043d\u044f) \u0432 \u041a\u0435\u043c\u0435\u0440\u0435 &#8226; \u042d\u043a\u0441\u043a\u0443\u0440\u0441\u0438\u0438 Skyline","isPartOf":{"@id":"https:\/\/skyline-gs.com\/it\/#website"},"primaryImageOfPage":{"@id":"https:\/\/skyline-gs.com\/product\/hammam-kemer\/#primaryimage"},"image":{"@id":"https:\/\/skyline-gs.com\/product\/hammam-kemer\/#primaryimage"},"thumbnailUrl":"https:\/\/skyline-gs.com\/wp-content\/uploads\/2023\/07\/1-14.png","datePublished":"2023-07-17T11:15:44+00:00","dateModified":"2025-06-16T16:15:14+00:00","description":"Offrez-vous une d\u00e9tente compl\u00e8te dans un bain turc traditionnel. Vapeur, massage savonneux, huiles aromatiques et soins attentifs - le d\u00e9but parfait de vos vacances.","breadcrumb":{"@id":"https:\/\/skyline-gs.com\/product\/hammam-kemer\/#breadcrumb"},"inLanguage":"fr-FR","potentialAction":[{"@type":"ReadAction","target":["https:\/\/skyline-gs.com\/product\/hammam-kemer\/"]}]},{"@type":"ImageObject","inLanguage":"fr-FR","@id":"https:\/\/skyline-gs.com\/product\/hammam-kemer\/#primaryimage","url":"https:\/\/skyline-gs.com\/wp-content\/uploads\/2023\/07\/1-14.png","contentUrl":"https:\/\/skyline-gs.com\/wp-content\/uploads\/2023\/07\/1-14.png","width":669,"height":446},{"@type":"BreadcrumbList","@id":"https:\/\/skyline-gs.com\/product\/hammam-kemer\/#breadcrumb","itemListElement":[{"@type":"ListItem","position":1,"name":"\u0413\u043b\u0430\u0432\u043d\u0430\u044f \u0441\u0442\u0440\u0430\u043d\u0438\u0446\u0430","item":"https:\/\/skyline-gs.com\/hu\/"},{"@type":"ListItem","position":2,"name":"\u041c\u0430\u0433\u0430\u0437\u0438\u043d","item":"https:\/\/skyline-gs.com\/cs\/shop\/"},{"@type":"ListItem","position":3,"name":"\u0425\u0430\u043c\u0430\u043c (\u0422\u0443\u0440\u0435\u0446\u043a\u0430\u044f \u0431\u0430\u043d\u044f)"}]},{"@type":"WebSite","@id":"https:\/\/skyline-gs.com\/it\/#website","url":"https:\/\/skyline-gs.com\/it\/","name":"Excursions Skyline","description":"Excursions exclusives dans les meilleurs centres de vill\u00e9giature du monde","publisher":{"@id":"https:\/\/skyline-gs.com\/it\/#organization"},"alternateName":"Skyline","potentialAction":[{"@type":"SearchAction","target":{"@type":"EntryPoint","urlTemplate":"https:\/\/skyline-gs.com\/it\/?s={search_term_string}"},"query-input":{"@type":"PropertyValueSpecification","valueRequired":true,"valueName":"search_term_string"}}],"inLanguage":"fr-FR"},{"@type":"Organization","@id":"https:\/\/skyline-gs.com\/it\/#organization","name":"Excursions Skyline","alternateName":"\u042d\u043a\u0441\u043a\u0443\u0440\u0441\u0438\u0438 Skyline","url":"https:\/\/skyline-gs.com\/it\/","logo":{"@type":"ImageObject","inLanguage":"fr-FR","@id":"https:\/\/skyline-gs.com\/it\/#\/schema\/logo\/image\/","url":"https:\/\/skyline-gs.com\/wp-content\/uploads\/2020\/12\/cropped-logo-2.png","contentUrl":"https:\/\/skyline-gs.com\/wp-content\/uploads\/2020\/12\/cropped-logo-2.png","width":512,"height":512,"caption":"\u042d\u043a\u0441\u043a\u0443\u0440\u0441\u0438\u0438 Skyline"},"image":{"@id":"https:\/\/skyline-gs.com\/it\/#\/schema\/logo\/image\/"},"sameAs":["https:\/\/www.instagram.com\/skylineglobalservice\/"]}]}},"_links":{"self":[{"href":"https:\/\/skyline-gs.com\/fr\/wp-json\/wp\/v2\/product\/42652","targetHints":{"allow":["GET"]}}],"collection":[{"href":"https:\/\/skyline-gs.com\/fr\/wp-json\/wp\/v2\/product"}],"about":[{"href":"https:\/\/skyline-gs.com\/fr\/wp-json\/wp\/v2\/types\/product"}],"version-history":[{"count":0,"href":"https:\/\/skyline-gs.com\/fr\/wp-json\/wp\/v2\/product\/42652\/revisions"}],"wp:featuredmedia":[{"embeddable":true,"href":"https:\/\/skyline-gs.com\/fr\/wp-json\/wp\/v2\/media\/42653"}],"wp:attachment":[{"href":"https:\/\/skyline-gs.com\/fr\/wp-json\/wp\/v2\/media?parent=42652"}],"wp:term":[{"taxonomy":"product_brand","embeddable":true,"href":"https:\/\/skyline-gs.com\/fr\/wp-json\/wp\/v2\/product_brand?post=42652"},{"taxonomy":"product_cat","embeddable":true,"href":"https:\/\/skyline-gs.com\/fr\/wp-json\/wp\/v2\/product_cat?post=42652"},{"taxonomy":"product_tag","embeddable":true,"href":"https:\/\/skyline-gs.com\/fr\/wp-json\/wp\/v2\/product_tag?post=42652"}],"curies":[{"name":"wp","href":"https:\/\/api.w.org\/{rel}","templated":true}]}}