{"id":42197,"date":"2023-02-07T00:32:49","date_gmt":"2023-02-06T22:32:49","guid":{"rendered":"http:\/\/skyline-gs.com\/?post_type=product&#038;p=42197"},"modified":"2025-10-11T19:28:18","modified_gmt":"2025-10-11T17:28:18","slug":"hello-srilanka","status":"publish","type":"product","link":"https:\/\/skyline-gs.com\/fr\/product\/hello-srilanka\/","title":{"rendered":"Bonjour le Sri Lanka !"},"content":{"rendered":"<p>\u042d\u0442\u043e \u043d\u0430\u0441\u044b\u0449\u0435\u043d\u043d\u043e\u0435 \u043f\u0443\u0442\u0435\u0448\u0435\u0441\u0442\u0432\u0438\u0435 \u043f\u043e\u0437\u043d\u0430\u043a\u043e\u043c\u0438\u0442 \u0432\u0430\u0441 \u0441 \u043f\u0440\u0438\u0440\u043e\u0434\u043e\u0439, \u043a\u0443\u043b\u044c\u0442\u0443\u0440\u043e\u0439 \u0438 \u0438\u0441\u0442\u043e\u0440\u0438\u0435\u0439 \u0428\u0440\u0438-\u041b\u0430\u043d\u043a\u0438. \u0420\u0435\u0447\u043d\u043e\u0435 \u0441\u0430\u0444\u0430\u0440\u0438, \u043c\u0430\u043d\u0433\u0440\u043e\u0432\u044b\u0435 \u0437\u0430\u0440\u043e\u0441\u043b\u0438, \u0434\u0440\u0435\u0432\u043d\u0438\u0435 \u0444\u043e\u0440\u0442\u044b \u0438 \u0442\u0440\u043e\u0433\u0430\u0442\u0435\u043b\u044c\u043d\u044b\u0435 \u0447\u0435\u0440\u0435\u043f\u0430\u0448\u0430\u0442\u0430 \u2014 \u0432\u0441\u0451 \u044d\u0442\u043e \u0432 \u043e\u0434\u0438\u043d \u0434\u0435\u043d\u044c!<\/p>\n<p><strong>9:00 - D\u00e9part du hall de l'h\u00f4tel.<\/strong><\/p>\n<ul>\n<li data-start=\"534\" data-end=\"954\"><strong data-start=\"534\" data-end=\"586\">\u0420\u0435\u0447\u043d\u043e\u0435 \u0441\u0430\u0444\u0430\u0440\u0438 \u043f\u043e \u0440\u0435\u043a\u0435 \u041c\u0430\u0434\u0443-\u0413\u0430\u043d\u0433\u0430 (\u043e\u043a\u043e\u043b\u043e 3 \u0447\u0430\u0441\u043e\u0432). <\/strong>\u0423\u0432\u043b\u0435\u043a\u0430\u0442\u0435\u043b\u044c\u043d\u043e\u0435 \u043a\u0430\u0442\u0430\u043d\u0438\u0435 \u043d\u0430 \u043c\u043e\u0442\u043e\u0440\u043d\u043e\u0439 \u043b\u043e\u0434\u043a\u0435 \u0441\u0440\u0435\u0434\u0438 \u043e\u0441\u0442\u0440\u043e\u0432\u043a\u043e\u0432 \u0438 \u043c\u0430\u043d\u0433\u0440\u043e\u0432\u044b\u0445 \u0437\u0430\u0440\u043e\u0441\u043b\u0435\u0439. \u0417\u0434\u0435\u0441\u044c \u043c\u043e\u0436\u043d\u043e \u0443\u0432\u0438\u0434\u0435\u0442\u044c \u0431\u0443\u0434\u0434\u0438\u0439\u0441\u043a\u0438\u0439 \u0445\u0440\u0430\u043c <strong data-start=\"705\" data-end=\"716\">\u041a\u043e\u0445\u0434\u0443\u0432\u0430<\/strong>, \u043f\u043e\u0441\u0435\u0442\u0438\u0442\u044c \u043e\u0441\u0442\u0440\u043e\u0432 \u0441 \u043f\u043b\u0430\u043d\u0442\u0430\u0446\u0438\u0435\u0439 \u043a\u043e\u0440\u0438\u0446\u044b \u0438 \u043f\u043e\u043f\u0440\u043e\u0431\u043e\u0432\u0430\u0442\u044c \u0443\u043d\u0438\u043a\u0430\u043b\u044c\u043d\u044b\u0439 \u00abfish massage\u00bb \u2014 \u043f\u0438\u043b\u0438\u043d\u0433 \u0440\u044b\u0431\u043a\u0430\u043c\u0438. \u0412 \u0440\u0435\u043a\u0435 \u0438 \u043d\u0430 \u0435\u0451 \u0431\u0435\u0440\u0435\u0433\u0430\u0445 \u043e\u0431\u0438\u0442\u0430\u044e\u0442 \u0432\u0430\u0440\u0430\u043d\u044b, \u043e\u0431\u0435\u0437\u044c\u044f\u043d\u043a\u0438, \u0431\u0435\u043b\u043a\u0438 \u0438 \u0434\u0430\u0436\u0435 \u043d\u0435\u0431\u043e\u043b\u044c\u0448\u0438\u0435 \u043a\u0440\u043e\u043a\u043e\u0434\u0438\u043b\u044b. \u042d\u0442\u043e \u043d\u0430\u0441\u0442\u043e\u044f\u0449\u0435\u0435 \u0437\u043d\u0430\u043a\u043e\u043c\u0441\u0442\u0432\u043e \u0441 \u0436\u0438\u0432\u043e\u0439 \u043f\u0440\u0438\u0440\u043e\u0434\u043e\u0439 \u0428\u0440\u0438-\u041b\u0430\u043d\u043a\u0438!<\/li>\n<li data-start=\"534\" data-end=\"954\"><strong data-start=\"958\" data-end=\"996\">\u0428\u0430\u0445\u0442\u044b \u043f\u043e \u0434\u043e\u0431\u044b\u0447\u0435 \u0434\u0440\u0430\u0433\u043e\u0446\u0435\u043d\u043d\u044b\u0445 \u043a\u0430\u043c\u043d\u0435\u0439. <\/strong>\u0428\u0440\u0438-\u041b\u0430\u043d\u043a\u0430 \u0438\u0437\u0434\u0430\u0432\u043d\u0430 \u0441\u043b\u0430\u0432\u0438\u0442\u0441\u044f \u0441\u0432\u043e\u0438\u043c\u0438 \u0441\u0430\u043f\u0444\u0438\u0440\u0430\u043c\u0438 \u0438 \u0440\u0443\u0431\u0438\u043d\u0430\u043c\u0438. \u041d\u0430 \u044d\u043a\u0441\u043a\u0443\u0440\u0441\u0438\u0438 \u0432\u044b \u0443\u0432\u0438\u0434\u0438\u0442\u0435 \u043f\u0440\u043e\u0446\u0435\u0441\u0441 \u0434\u043e\u0431\u044b\u0447\u0438 \u0438 \u043e\u0431\u0440\u0430\u0431\u043e\u0442\u043a\u0438 \u0434\u0440\u0430\u0433\u043e\u0446\u0435\u043d\u043d\u044b\u0445 \u043a\u0430\u043c\u043d\u0435\u0439, \u0430 \u0442\u0430\u043a\u0436\u0435 \u0441\u043c\u043e\u0436\u0435\u0442\u0435 \u043f\u0440\u0438\u043e\u0431\u0440\u0435\u0441\u0442\u0438 \u0443\u043d\u0438\u043a\u0430\u043b\u044c\u043d\u044b\u0435 \u0438\u0437\u0434\u0435\u043b\u0438\u044f \u043d\u0430\u043f\u0440\u044f\u043c\u0443\u044e \u0443 \u043c\u0430\u0441\u0442\u0435\u0440\u043e\u0432.<\/li>\n<li data-start=\"534\" data-end=\"954\"><strong data-start=\"1200\" data-end=\"1221\">\u0427\u0435\u0440\u0435\u043f\u0430\u0445\u043e\u0432\u0430\u044f \u0444\u0435\u0440\u043c\u0430. <\/strong>\u0422\u0440\u043e\u0433\u0430\u0442\u0435\u043b\u044c\u043d\u043e\u0435 \u043c\u0435\u0441\u0442\u043e, \u0433\u0434\u0435 \u0437\u0430\u0431\u043e\u0442\u044f\u0442\u0441\u044f \u043e \u0441\u0435\u043c\u0438 \u0432\u0438\u0434\u0430\u0445 \u043c\u043e\u0440\u0441\u043a\u0438\u0445 \u0447\u0435\u0440\u0435\u043f\u0430\u0445, \u043e\u0431\u0438\u0442\u0430\u044e\u0449\u0438\u0445 \u043d\u0430 \u043e\u0441\u0442\u0440\u043e\u0432\u0435. \u0417\u0434\u0435\u0441\u044c \u043c\u043e\u0436\u043d\u043e \u0443\u0432\u0438\u0434\u0435\u0442\u044c \u043c\u0430\u043b\u0435\u043d\u044c\u043a\u0438\u0445 \u0447\u0435\u0440\u0435\u043f\u0430\u0448\u0430\u0442, \u043f\u043e\u0434\u0435\u0440\u0436\u0430\u0442\u044c \u0438\u0445 \u043d\u0430 \u0440\u0443\u043a\u0430\u0445 \u0438 \u0441\u0434\u0435\u043b\u0430\u0442\u044c \u043f\u0430\u043c\u044f\u0442\u043d\u044b\u0435 \u0444\u043e\u0442\u043e\u0433\u0440\u0430\u0444\u0438\u0438.<\/li>\n<li data-start=\"534\" data-end=\"954\"><strong data-start=\"1411\" data-end=\"1438\">\u041f\u0440\u043e\u0433\u0443\u043b\u043a\u0430 \u043f\u043e \u0444\u043e\u0440\u0442\u0443 \u0413\u0430\u043b\u043b\u0435. <\/strong>\u0421\u0440\u0435\u0434\u043d\u0435\u0432\u0435\u043a\u043e\u0432\u044b\u0439 \u0444\u043e\u0440\u0442, \u043f\u043e\u0441\u0442\u0440\u043e\u0435\u043d\u043d\u044b\u0439 \u043f\u043e\u0440\u0442\u0443\u0433\u0430\u043b\u044c\u0446\u0430\u043c\u0438, \u0430 \u043f\u043e\u0437\u0436\u0435 \u0443\u043a\u0440\u0435\u043f\u043b\u0451\u043d\u043d\u044b\u0439 \u0433\u043e\u043b\u043b\u0430\u043d\u0434\u0446\u0430\u043c\u0438 \u0438 \u0431\u0440\u0438\u0442\u0430\u043d\u0446\u0430\u043c\u0438. \u0421\u0442\u0430\u0440\u044b\u0439 \u0433\u043e\u0440\u043e\u0434 \u0437\u0430 \u043a\u0440\u0435\u043f\u043e\u0441\u0442\u043d\u044b\u043c\u0438 \u0441\u0442\u0435\u043d\u0430\u043c\u0438 \u2014 \u044d\u0442\u043e \u0443\u044e\u0442\u043d\u044b\u0435 \u0443\u043b\u043e\u0447\u043a\u0438, \u043c\u0430\u044f\u043a, \u0431\u0430\u0441\u0442\u0438\u043e\u043d\u044b \u0438 \u0447\u0430\u0441\u043e\u0432\u0430\u044f \u0431\u0430\u0448\u043d\u044f. \u0410\u0442\u043c\u043e\u0441\u0444\u0435\u0440\u0430 \u043a\u043e\u043b\u043e\u043d\u0438\u0430\u043b\u044c\u043d\u043e\u0439 \u0438\u0441\u0442\u043e\u0440\u0438\u0438 \u0438 \u043a\u0440\u0430\u0441\u0438\u0432\u044b\u0435 \u0432\u0438\u0434\u044b \u043d\u0430 \u043e\u043a\u0435\u0430\u043d \u0434\u0435\u043b\u0430\u044e\u0442 \u0413\u0430\u043b\u043b\u0435 \u043e\u0431\u044f\u0437\u0430\u0442\u0435\u043b\u044c\u043d\u044b\u043c \u043f\u0443\u043d\u043a\u0442\u043e\u043c \u0434\u043b\u044f \u043f\u043e\u0441\u0435\u0449\u0435\u043d\u0438\u044f.<\/li>\n<\/ul>\n<p><strong>16:00 - Retour \u00e0 l'h\u00f4tel.<\/strong><\/p>\n<p><strong>Inclus :<\/strong><\/p>\n<ul>\n<li>Transferts vers et depuis l'h\u00f4tel (prise en charge \u00e0 partir de tous les h\u00f4tels de la c\u00f4te sud)<\/li>\n<li>Tous les transferts pr\u00e9vus au programme<\/li>\n<li>Guide parlant russe<\/li>\n<li>Tous les billets d'entr\u00e9e selon le programme<\/li>\n<\/ul>\n<p><strong>Non inclus :<\/strong><\/p>\n<ul>\n<li>\u041e\u0431\u0435\u0434 (5-10$)<\/li>\n<\/ul>\n<p><strong>Emportez-le avec vous :<\/strong><\/p>\n<ul>\n<li>L'eau<\/li>\n<li>Coiffure<\/li>\n<li>Cr\u00e8me solaire<\/li>\n<li>Argent de poche<\/li>\n<\/ul>","protected":false},"excerpt":{"rendered":"<p><strong>Temps du Tour:<\/strong> 9:00 \u2014 16:00<\/p>\n<p><strong>Jours de D\u00e9roulement:<\/strong> Tous les jours.<\/p>","protected":false},"featured_media":57867,"template":"","meta":{"_kad_post_transparent":"default","_kad_post_title":"","_kad_post_layout":"default","_kad_post_sidebar_id":"","_kad_post_content_style":"default","_kad_post_vertical_padding":"default","_kad_post_feature":"","_kad_post_feature_position":"","_kad_post_header":false,"_kad_post_footer":false,"_kad_post_classname":"","_glsr_average":0,"_glsr_ranking":0,"_glsr_reviews":0},"product_brand":[],"product_cat":[436],"product_tag":[],"class_list":{"0":"post-42197","1":"product","2":"type-product","3":"status-publish","4":"has-post-thumbnail","6":"product_cat-srilanka","7":"tm-has-options","9":"first","10":"instock","11":"sold-individually","12":"taxable","13":"shipping-taxable","14":"purchasable","15":"product-type-simple","16":"entry","17":"content-bg","18":"loop-entry"},"yoast_head":"<!-- This site is optimized with the Yoast SEO plugin v27.3 - https:\/\/yoast.com\/product\/yoast-seo-wordpress\/ -->\n<title>\u041f\u0440\u0438\u0432\u0435\u0442 \u0428\u0440\u0438-\u041b\u0430\u043d\u043a\u0430! &#8226; \u042d\u043a\u0441\u043a\u0443\u0440\u0441\u0438\u0438 Skyline<\/title>\n<meta name=\"robots\" content=\"index, follow, max-snippet:-1, max-image-preview:large, max-video-preview:-1\" \/>\n<link rel=\"canonical\" href=\"https:\/\/skyline-gs.com\/fr\/produit\/hello-srilanka\/\" \/>\n<meta property=\"og:locale\" content=\"fr_FR\" \/>\n<meta property=\"og:type\" content=\"article\" \/>\n<meta property=\"og:title\" content=\"\u041f\u0440\u0438\u0432\u0435\u0442 \u0428\u0440\u0438-\u041b\u0430\u043d\u043a\u0430! &#8226; \u042d\u043a\u0441\u043a\u0443\u0440\u0441\u0438\u0438 Skyline\" \/>\n<meta property=\"og:description\" content=\"\u0412\u0440\u0435\u043c\u044f \u0442\u0443\u0440\u0430: 9:00 - 16:00  \u0414\u043d\u0438 \u043f\u0440\u043e\u0432\u0435\u0434\u0435\u043d\u0438\u044f: \u041a\u0430\u0436\u0434\u044b\u0439 \u0434\u0435\u043d\u044c\" \/>\n<meta property=\"og:url\" content=\"https:\/\/skyline-gs.com\/fr\/produit\/hello-srilanka\/\" \/>\n<meta property=\"og:site_name\" content=\"\u042d\u043a\u0441\u043a\u0443\u0440\u0441\u0438\u0438 Skyline\" \/>\n<meta property=\"article:modified_time\" content=\"2025-10-11T17:28:18+00:00\" \/>\n<meta property=\"og:image\" content=\"https:\/\/skyline-gs.com\/wp-content\/uploads\/2023\/02\/15.png\" \/>\n\t<meta property=\"og:image:width\" content=\"669\" \/>\n\t<meta property=\"og:image:height\" content=\"446\" \/>\n\t<meta property=\"og:image:type\" content=\"image\/png\" \/>\n<meta name=\"twitter:card\" content=\"summary_large_image\" \/>\n<meta name=\"twitter:label1\" content=\"Dur\u00e9e de lecture estim\u00e9e\" \/>\n\t<meta name=\"twitter:data1\" content=\"2 minutes\" \/>\n<script type=\"application\/ld+json\" class=\"yoast-schema-graph\">{\"@context\":\"https:\\\/\\\/schema.org\",\"@graph\":[{\"@type\":\"WebPage\",\"@id\":\"https:\\\/\\\/skyline-gs.com\\\/cs\\\/produkt\\\/hello-srilanka\\\/\",\"url\":\"https:\\\/\\\/skyline-gs.com\\\/cs\\\/produkt\\\/hello-srilanka\\\/\",\"name\":\"\u041f\u0440\u0438\u0432\u0435\u0442 \u0428\u0440\u0438-\u041b\u0430\u043d\u043a\u0430! &#8226; \u042d\u043a\u0441\u043a\u0443\u0440\u0441\u0438\u0438 Skyline\",\"isPartOf\":{\"@id\":\"https:\\\/\\\/skyline-gs.com\\\/it\\\/#website\"},\"primaryImageOfPage\":{\"@id\":\"https:\\\/\\\/skyline-gs.com\\\/cs\\\/produkt\\\/hello-srilanka\\\/#primaryimage\"},\"image\":{\"@id\":\"https:\\\/\\\/skyline-gs.com\\\/cs\\\/produkt\\\/hello-srilanka\\\/#primaryimage\"},\"thumbnailUrl\":\"https:\\\/\\\/skyline-gs.com\\\/wp-content\\\/uploads\\\/2023\\\/02\\\/15.png\",\"datePublished\":\"2023-02-06T22:32:49+00:00\",\"dateModified\":\"2025-10-11T17:28:18+00:00\",\"breadcrumb\":{\"@id\":\"https:\\\/\\\/skyline-gs.com\\\/cs\\\/produkt\\\/hello-srilanka\\\/#breadcrumb\"},\"inLanguage\":\"fr-FR\",\"potentialAction\":[{\"@type\":\"ReadAction\",\"target\":[\"https:\\\/\\\/skyline-gs.com\\\/cs\\\/produkt\\\/hello-srilanka\\\/\"]}]},{\"@type\":\"ImageObject\",\"inLanguage\":\"fr-FR\",\"@id\":\"https:\\\/\\\/skyline-gs.com\\\/cs\\\/produkt\\\/hello-srilanka\\\/#primaryimage\",\"url\":\"https:\\\/\\\/skyline-gs.com\\\/wp-content\\\/uploads\\\/2023\\\/02\\\/15.png\",\"contentUrl\":\"https:\\\/\\\/skyline-gs.com\\\/wp-content\\\/uploads\\\/2023\\\/02\\\/15.png\",\"width\":669,\"height\":446},{\"@type\":\"BreadcrumbList\",\"@id\":\"https:\\\/\\\/skyline-gs.com\\\/cs\\\/produkt\\\/hello-srilanka\\\/#breadcrumb\",\"itemListElement\":[{\"@type\":\"ListItem\",\"position\":1,\"name\":\"\u0413\u043b\u0430\u0432\u043d\u0430\u044f \u0441\u0442\u0440\u0430\u043d\u0438\u0446\u0430\",\"item\":\"https:\\\/\\\/skyline-gs.com\\\/hu\\\/\"},{\"@type\":\"ListItem\",\"position\":2,\"name\":\"\u041c\u0430\u0433\u0430\u0437\u0438\u043d\",\"item\":\"https:\\\/\\\/skyline-gs.com\\\/cs\\\/shop\\\/\"},{\"@type\":\"ListItem\",\"position\":3,\"name\":\"\u041f\u0440\u0438\u0432\u0435\u0442 \u0428\u0440\u0438-\u041b\u0430\u043d\u043a\u0430!\"}]},{\"@type\":\"WebSite\",\"@id\":\"https:\\\/\\\/skyline-gs.com\\\/it\\\/#website\",\"url\":\"https:\\\/\\\/skyline-gs.com\\\/it\\\/\",\"name\":\"\u042d\u043a\u0441\u043a\u0443\u0440\u0441\u0438\u0438 Skyline\",\"description\":\"\u042d\u043a\u0441\u043a\u043b\u044e\u0437\u0438\u0432\u043d\u044b\u0435 \u044d\u043a\u0441\u043a\u0443\u0440\u0441\u0438\u0438 \u043d\u0430 \u043b\u0443\u0447\u0448\u0438\u0445 \u043a\u0443\u0440\u043e\u0440\u0442\u0430\u0445 \u043c\u0438\u0440\u0430\",\"publisher\":{\"@id\":\"https:\\\/\\\/skyline-gs.com\\\/it\\\/#organization\"},\"alternateName\":\"Skyline\",\"potentialAction\":[{\"@type\":\"SearchAction\",\"target\":{\"@type\":\"EntryPoint\",\"urlTemplate\":\"https:\\\/\\\/skyline-gs.com\\\/it\\\/?s={search_term_string}\"},\"query-input\":{\"@type\":\"PropertyValueSpecification\",\"valueRequired\":true,\"valueName\":\"search_term_string\"}}],\"inLanguage\":\"fr-FR\"},{\"@type\":\"Organization\",\"@id\":\"https:\\\/\\\/skyline-gs.com\\\/it\\\/#organization\",\"name\":\"\u042d\u043a\u0441\u043a\u0443\u0440\u0441\u0438\u0438 Skyline\",\"alternateName\":\"\u042d\u043a\u0441\u043a\u0443\u0440\u0441\u0438\u0438 Skyline\",\"url\":\"https:\\\/\\\/skyline-gs.com\\\/it\\\/\",\"logo\":{\"@type\":\"ImageObject\",\"inLanguage\":\"fr-FR\",\"@id\":\"https:\\\/\\\/skyline-gs.com\\\/it\\\/#\\\/schema\\\/logo\\\/image\\\/\",\"url\":\"https:\\\/\\\/skyline-gs.com\\\/wp-content\\\/uploads\\\/2020\\\/12\\\/cropped-logo-2.png\",\"contentUrl\":\"https:\\\/\\\/skyline-gs.com\\\/wp-content\\\/uploads\\\/2020\\\/12\\\/cropped-logo-2.png\",\"width\":512,\"height\":512,\"caption\":\"\u042d\u043a\u0441\u043a\u0443\u0440\u0441\u0438\u0438 Skyline\"},\"image\":{\"@id\":\"https:\\\/\\\/skyline-gs.com\\\/it\\\/#\\\/schema\\\/logo\\\/image\\\/\"},\"sameAs\":[\"https:\\\/\\\/www.instagram.com\\\/skylineglobalservice\\\/\"]}]}<\/script>\n<!-- \/ Yoast SEO plugin. -->","yoast_head_json":{"title":"\u041f\u0440\u0438\u0432\u0435\u0442 \u0428\u0440\u0438-\u041b\u0430\u043d\u043a\u0430! &#8226; \u042d\u043a\u0441\u043a\u0443\u0440\u0441\u0438\u0438 Skyline","robots":{"index":"index","follow":"follow","max-snippet":"max-snippet:-1","max-image-preview":"max-image-preview:large","max-video-preview":"max-video-preview:-1"},"canonical":"https:\/\/skyline-gs.com\/fr\/produit\/hello-srilanka\/","og_locale":"fr_FR","og_type":"article","og_title":"\u041f\u0440\u0438\u0432\u0435\u0442 \u0428\u0440\u0438-\u041b\u0430\u043d\u043a\u0430! &#8226; \u042d\u043a\u0441\u043a\u0443\u0440\u0441\u0438\u0438 Skyline","og_description":"\u0412\u0440\u0435\u043c\u044f \u0442\u0443\u0440\u0430: 9:00 - 16:00  \u0414\u043d\u0438 \u043f\u0440\u043e\u0432\u0435\u0434\u0435\u043d\u0438\u044f: \u041a\u0430\u0436\u0434\u044b\u0439 \u0434\u0435\u043d\u044c","og_url":"https:\/\/skyline-gs.com\/fr\/produit\/hello-srilanka\/","og_site_name":"\u042d\u043a\u0441\u043a\u0443\u0440\u0441\u0438\u0438 Skyline","article_modified_time":"2025-10-11T17:28:18+00:00","og_image":[{"width":669,"height":446,"url":"https:\/\/skyline-gs.com\/wp-content\/uploads\/2023\/02\/15.png","type":"image\/png"}],"twitter_card":"summary_large_image","twitter_misc":{"Dur\u00e9e de lecture estim\u00e9e":"2 minutes"},"schema":{"@context":"https:\/\/schema.org","@graph":[{"@type":"WebPage","@id":"https:\/\/skyline-gs.com\/cs\/produkt\/hello-srilanka\/","url":"https:\/\/skyline-gs.com\/cs\/produkt\/hello-srilanka\/","name":"\u041f\u0440\u0438\u0432\u0435\u0442 \u0428\u0440\u0438-\u041b\u0430\u043d\u043a\u0430! &#8226; \u042d\u043a\u0441\u043a\u0443\u0440\u0441\u0438\u0438 Skyline","isPartOf":{"@id":"https:\/\/skyline-gs.com\/it\/#website"},"primaryImageOfPage":{"@id":"https:\/\/skyline-gs.com\/cs\/produkt\/hello-srilanka\/#primaryimage"},"image":{"@id":"https:\/\/skyline-gs.com\/cs\/produkt\/hello-srilanka\/#primaryimage"},"thumbnailUrl":"https:\/\/skyline-gs.com\/wp-content\/uploads\/2023\/02\/15.png","datePublished":"2023-02-06T22:32:49+00:00","dateModified":"2025-10-11T17:28:18+00:00","breadcrumb":{"@id":"https:\/\/skyline-gs.com\/cs\/produkt\/hello-srilanka\/#breadcrumb"},"inLanguage":"fr-FR","potentialAction":[{"@type":"ReadAction","target":["https:\/\/skyline-gs.com\/cs\/produkt\/hello-srilanka\/"]}]},{"@type":"ImageObject","inLanguage":"fr-FR","@id":"https:\/\/skyline-gs.com\/cs\/produkt\/hello-srilanka\/#primaryimage","url":"https:\/\/skyline-gs.com\/wp-content\/uploads\/2023\/02\/15.png","contentUrl":"https:\/\/skyline-gs.com\/wp-content\/uploads\/2023\/02\/15.png","width":669,"height":446},{"@type":"BreadcrumbList","@id":"https:\/\/skyline-gs.com\/cs\/produkt\/hello-srilanka\/#breadcrumb","itemListElement":[{"@type":"ListItem","position":1,"name":"\u0413\u043b\u0430\u0432\u043d\u0430\u044f \u0441\u0442\u0440\u0430\u043d\u0438\u0446\u0430","item":"https:\/\/skyline-gs.com\/hu\/"},{"@type":"ListItem","position":2,"name":"\u041c\u0430\u0433\u0430\u0437\u0438\u043d","item":"https:\/\/skyline-gs.com\/cs\/shop\/"},{"@type":"ListItem","position":3,"name":"\u041f\u0440\u0438\u0432\u0435\u0442 \u0428\u0440\u0438-\u041b\u0430\u043d\u043a\u0430!"}]},{"@type":"WebSite","@id":"https:\/\/skyline-gs.com\/it\/#website","url":"https:\/\/skyline-gs.com\/it\/","name":"Excursions Skyline","description":"Excursions exclusives dans les meilleurs centres de vill\u00e9giature du monde","publisher":{"@id":"https:\/\/skyline-gs.com\/it\/#organization"},"alternateName":"Skyline","potentialAction":[{"@type":"SearchAction","target":{"@type":"EntryPoint","urlTemplate":"https:\/\/skyline-gs.com\/it\/?s={search_term_string}"},"query-input":{"@type":"PropertyValueSpecification","valueRequired":true,"valueName":"search_term_string"}}],"inLanguage":"fr-FR"},{"@type":"Organization","@id":"https:\/\/skyline-gs.com\/it\/#organization","name":"Excursions Skyline","alternateName":"\u042d\u043a\u0441\u043a\u0443\u0440\u0441\u0438\u0438 Skyline","url":"https:\/\/skyline-gs.com\/it\/","logo":{"@type":"ImageObject","inLanguage":"fr-FR","@id":"https:\/\/skyline-gs.com\/it\/#\/schema\/logo\/image\/","url":"https:\/\/skyline-gs.com\/wp-content\/uploads\/2020\/12\/cropped-logo-2.png","contentUrl":"https:\/\/skyline-gs.com\/wp-content\/uploads\/2020\/12\/cropped-logo-2.png","width":512,"height":512,"caption":"\u042d\u043a\u0441\u043a\u0443\u0440\u0441\u0438\u0438 Skyline"},"image":{"@id":"https:\/\/skyline-gs.com\/it\/#\/schema\/logo\/image\/"},"sameAs":["https:\/\/www.instagram.com\/skylineglobalservice\/"]}]}},"_links":{"self":[{"href":"https:\/\/skyline-gs.com\/fr\/wp-json\/wp\/v2\/product\/42197","targetHints":{"allow":["GET"]}}],"collection":[{"href":"https:\/\/skyline-gs.com\/fr\/wp-json\/wp\/v2\/product"}],"about":[{"href":"https:\/\/skyline-gs.com\/fr\/wp-json\/wp\/v2\/types\/product"}],"version-history":[{"count":0,"href":"https:\/\/skyline-gs.com\/fr\/wp-json\/wp\/v2\/product\/42197\/revisions"}],"wp:featuredmedia":[{"embeddable":true,"href":"https:\/\/skyline-gs.com\/fr\/wp-json\/wp\/v2\/media\/57867"}],"wp:attachment":[{"href":"https:\/\/skyline-gs.com\/fr\/wp-json\/wp\/v2\/media?parent=42197"}],"wp:term":[{"taxonomy":"product_brand","embeddable":true,"href":"https:\/\/skyline-gs.com\/fr\/wp-json\/wp\/v2\/product_brand?post=42197"},{"taxonomy":"product_cat","embeddable":true,"href":"https:\/\/skyline-gs.com\/fr\/wp-json\/wp\/v2\/product_cat?post=42197"},{"taxonomy":"product_tag","embeddable":true,"href":"https:\/\/skyline-gs.com\/fr\/wp-json\/wp\/v2\/product_tag?post=42197"}],"curies":[{"name":"wp","href":"https:\/\/api.w.org\/{rel}","templated":true}]}}