{"id":41161,"date":"2022-11-13T21:50:52","date_gmt":"2022-11-13T18:50:52","guid":{"rendered":"https:\/\/dubai.skyline-gs.com\/?post_type=product&#038;p=41161"},"modified":"2024-09-30T20:35:07","modified_gmt":"2024-09-30T18:35:07","slug":"suneeker-berco-voyager-dubai","status":"publish","type":"product","link":"https:\/\/skyline-gs.com\/fr\/product\/suneeker-berco-voyager-dubai\/","title":{"rendered":"Yacht Suneeker BERCO VOYAGER"},"content":{"rendered":"<p>Passez vos vacances dans un cadre luxueux - \u00e0 bord d'un yacht \u00e0 la mode \u00e0 voile blanche, glissant sur les eaux azur du doux golfe Persique. Profitez de l'une des lignes d'horizon les plus pittoresques, parmi les gratte-ciel et les sites pr\u00e9f\u00e9r\u00e9s de Duba\u00ef : Burj Al Arab, Atlantis et Burj Khalifa. Un \u00e9quipage courtois et un service de qualit\u00e9 sup\u00e9rieure sont \u00e0 votre disposition.<\/p>\n<p>BERCO VOYAGER, la coque la plus r\u00e9cente de la l\u00e9gendaire s\u00e9rie Sunseeker 131, est un luxueux yacht \u00e0 moteur de 40,5 m\u00e8tres. Assembl\u00e9 \u00e0 la main avec une attention exceptionnelle aux d\u00e9tails, il a \u00e9t\u00e9 livr\u00e9 \u00e0 son propri\u00e9taire en 2018. Combinant un am\u00e9nagement spacieux avec des \u00e9quipements de pointe, il a une vitesse de pointe de 26 n\u0153uds et une vitesse de croisi\u00e8re confortable de 14 n\u0153uds. Nouveau venu sur le march\u00e9 de la location, BERCO VOYAGER promet une aventure incroyable pour vous et vos invit\u00e9s.<\/p>\n<p>Le BERCO VOYAGER, avec ses 5 cabines \u00e9l\u00e9gantes, peut accueillir jusqu'\u00e0 10 personnes pour la nuit. Il dispose \u00e9galement d'un logement pour son \u00e9quipage de 8 personnes qui seront \u00e0 votre disposition pour s'assurer que le charter d\u00e9passe vos attentes. Situ\u00e9e sur le pont principal, la suite principale du Beam est un espace contemporain \u00e9tonnant. Finie avec des panneaux noirs brillants et des accessoires blancs, les fen\u00eatres allant du sol au plafond sont parfaites pour profiter de la vue pendant la croisi\u00e8re. La salle de bain spacieuse, au design monochrome moderne et au sol en marbre, est \u00e9quip\u00e9e d'une douche \u00e0 effet de pluie pour une relaxation totale.<\/p>\n<p>Sur le pont inf\u00e9rieur, le BERCO VOYAGER dispose de 4 cabines spacieuses. D\u00e9cor\u00e9es dans des couleurs glamour noir et blanc avec des \u00e9l\u00e9ments d\u00e9coratifs, chaque cabine dispose d'une salle de bain priv\u00e9e avec douche. L'int\u00e9rieur de BERCO VOYAGER a \u00e9t\u00e9 con\u00e7u par l'\u00e9quipe interne de Sunseeker, avec une combinaison sophistiqu\u00e9e de bois sombre et de meubles aux couleurs neutres. Tous les d\u00e9tails...<br \/>\nLes longues fen\u00eatres offrent des vues panoramiques pendant la croisi\u00e8re, et l'\u00e9clairage moderne cr\u00e9e une ambiance propice \u00e0 la convivialit\u00e9 \u00e0 bord.<\/p>\n<p>L'immense salon du pont principal a \u00e9t\u00e9 con\u00e7u pour accueillir les invit\u00e9s avec un magnifique salon et une salle \u00e0 manger formels. Un coin salon confortable offre une toile de fond oc\u00e9anique toujours changeante, tandis que la salle \u00e0 manger magnifiquement d\u00e9cor\u00e9e peut accueillir jusqu'\u00e0 12 personnes. L'agr\u00e9able salon du pont sup\u00e9rieur du BERCO VOYAGER comprend un espace de d\u00e9tente avec une t\u00e9l\u00e9vision \u00e0 \u00e9cran large, ainsi qu'un bar \u00e9l\u00e9gant pour un cocktail en soir\u00e9e.<\/p>\n<p>Le salon et la salle \u00e0 manger sur le pont principal, avec dix places assises, sont l'endroit id\u00e9al pour un d\u00e9jeuner tranquille entre amis ou en famille.<br \/>\nUne grande plate-forme de baignade permet aux invit\u00e9s d'acc\u00e9der facilement \u00e0 l'eau, et la proue dispose de grands ponts solaires pour une relaxation luxueuse. Le pont soleil de BERCO VOYAGER est l'endroit id\u00e9al pour se d\u00e9tendre. Il comprend un bar ouvert, une salle \u00e0 manger et un jacuzzi avec une vue sur la mer \u00e0 des kilom\u00e8tres \u00e0 la ronde. BERCO VOYAGER offre \u00e0 ses clients une s\u00e9lection passionnante de jouets nautiques dernier cri \u00e0 bord.<\/p>\n<p><strong>Informations compl\u00e9mentaires :<\/strong><\/p>\n<ul>\n<li>Il est obligatoire de se munir des passeports originaux de tous les participants.<\/li>\n<li>Dur\u00e9e minimale de location - 6 heures<\/li>\n<li>Location \u00e0 la semaine<\/li>\n<li>Nombre de cabines : 5<\/li>\n<li>Nombre de lits : 10<\/li>\n<\/ul>\n<p><strong>Inclus :<\/strong><\/p>\n<ul>\n<li>Transferts de et vers l'h\u00f4tel (jusqu'\u00e0 6 personnes)<\/li>\n<li>Location de bateaux sur mesure<\/li>\n<li>Services du personnel<\/li>\n<li>L'eau<\/li>\n<li>Gilets de sauvetage<\/li>\n<li>Equipements \u00e0 bord<\/li>\n<\/ul>\n<p><strong>Non inclus :<\/strong><\/p>\n<ul>\n<li>Transferts de et vers l'h\u00f4tel pour 7-14 personnes - suppl\u00e9ment 100$ par groupe<\/li>\n<li>Transferts de et vers l'h\u00f4tel pour plus de 15-24 personnes - suppl\u00e9ment 200$ par groupe<\/li>\n<li>Transferts de et vers l'h\u00f4tel pour plus de 25-40 personnes - suppl\u00e9ment 300$ par groupe<\/li>\n<\/ul>\n<p><strong>Emportez-le avec vous :<\/strong><\/p>\n<ul>\n<li>L'eau<\/li>\n<li>Serviette<\/li>\n<\/ul>\n<p><strong>Options de menu :<\/strong><\/p>\n<ol>\n<li><strong>Menu Bronze. Adulte - 50$, Enfant de moins de 12 ans - 35$. <\/strong>Salade C\u00e9sar, Salade Fattoush arabe, Assortiment de viande de kebab, L\u00e9gumes grill\u00e9s, L\u00e9gumes, Pur\u00e9e de pommes de terre, Fruits, Eau<\/li>\n<li><strong>Menu d'argent. Adulte - 70$, Enfant de moins de 12 ans - 55$. <\/strong>Salade Fattoush arabe, houmous, poisson, l\u00e9gumes grill\u00e9s, crevettes, frites, pains plats arabes, coupes de fruits, eau<\/li>\n<li><strong><strong>Menu d'or. Adulte - 90$, Enfant de moins de 12 ans - 75$. <\/strong><\/strong>Salade C\u00e9sar, salade de l\u00e9gumes, salade grecque, agneau, poisson, crevettes, l\u00e9gumes grill\u00e9s, frites, pain plat arabe, p\u00e2te de fruits, Baklava, eau.<\/li>\n<\/ol>","protected":false},"excerpt":{"rendered":"<p><strong>Dur\u00e9e du bail :<\/strong> 6 heures<\/p>\n<p><strong>Capacit\u00e9 :<\/strong> 40 personnes<\/p>","protected":false},"featured_media":56296,"template":"","meta":{"_kad_post_transparent":"default","_kad_post_title":"","_kad_post_layout":"default","_kad_post_sidebar_id":"","_kad_post_content_style":"default","_kad_post_vertical_padding":"default","_kad_post_feature":"","_kad_post_feature_position":"","_kad_post_header":false,"_kad_post_footer":false,"_kad_post_classname":"","_glsr_average":0,"_glsr_ranking":0,"_glsr_reviews":0},"product_brand":[],"product_cat":[474],"product_tag":[],"class_list":{"0":"post-41161","1":"product","2":"type-product","3":"status-publish","4":"has-post-thumbnail","6":"product_cat-yacht-in-dubai","7":"tm-has-options","9":"first","10":"instock","11":"sold-individually","12":"taxable","13":"shipping-taxable","14":"purchasable","15":"product-type-simple","16":"entry","17":"content-bg","18":"loop-entry"},"yoast_head":"<!-- This site is optimized with the Yoast SEO plugin v27.3 - https:\/\/yoast.com\/product\/yoast-seo-wordpress\/ -->\n<title>\u042f\u0445\u0442\u0430 Suneeker BERCO VOYAGER &#8226; \u042d\u043a\u0441\u043a\u0443\u0440\u0441\u0438\u0438 Skyline<\/title>\n<meta name=\"robots\" content=\"index, follow, max-snippet:-1, max-image-preview:large, max-video-preview:-1\" \/>\n<link rel=\"canonical\" href=\"https:\/\/skyline-gs.com\/fr\/produit\/suneeker-berco-voyager-dubai\/\" \/>\n<meta property=\"og:locale\" content=\"fr_FR\" \/>\n<meta property=\"og:type\" content=\"article\" \/>\n<meta property=\"og:title\" content=\"\u042f\u0445\u0442\u0430 Suneeker BERCO VOYAGER &#8226; \u042d\u043a\u0441\u043a\u0443\u0440\u0441\u0438\u0438 Skyline\" \/>\n<meta property=\"og:description\" content=\"\u0414\u043b\u0438\u0442\u0435\u043b\u044c\u043d\u043e\u0441\u0442\u044c \u0430\u0440\u0435\u043d\u0434\u044b: 6 \u0447\u0430\u0441\u043e\u0432  \u0412\u043c\u0435\u0441\u0442\u0438\u0442\u0435\u043b\u044c\u043d\u043e\u0441\u0442\u044c: 40 \u0447\u0435\u043b\u043e\u0432\u0435\u043a\" \/>\n<meta property=\"og:url\" content=\"https:\/\/skyline-gs.com\/fr\/produit\/suneeker-berco-voyager-dubai\/\" \/>\n<meta property=\"og:site_name\" content=\"\u042d\u043a\u0441\u043a\u0443\u0440\u0441\u0438\u0438 Skyline\" \/>\n<meta property=\"article:modified_time\" content=\"2024-09-30T18:35:07+00:00\" \/>\n<meta property=\"og:image\" content=\"https:\/\/skyline-gs.com\/wp-content\/uploads\/2022\/11\/2-11-1.png\" \/>\n\t<meta property=\"og:image:width\" content=\"669\" \/>\n\t<meta property=\"og:image:height\" content=\"446\" \/>\n\t<meta property=\"og:image:type\" content=\"image\/png\" \/>\n<meta name=\"twitter:card\" content=\"summary_large_image\" \/>\n<meta name=\"twitter:label1\" content=\"Dur\u00e9e de lecture estim\u00e9e\" \/>\n\t<meta name=\"twitter:data1\" content=\"4 minutes\" \/>\n<script type=\"application\/ld+json\" class=\"yoast-schema-graph\">{\"@context\":\"https:\\\/\\\/schema.org\",\"@graph\":[{\"@type\":\"WebPage\",\"@id\":\"https:\\\/\\\/skyline-gs.com\\\/product\\\/suneeker-berco-voyager-dubai\\\/\",\"url\":\"https:\\\/\\\/skyline-gs.com\\\/product\\\/suneeker-berco-voyager-dubai\\\/\",\"name\":\"\u042f\u0445\u0442\u0430 Suneeker BERCO VOYAGER &#8226; \u042d\u043a\u0441\u043a\u0443\u0440\u0441\u0438\u0438 Skyline\",\"isPartOf\":{\"@id\":\"https:\\\/\\\/skyline-gs.com\\\/it\\\/#website\"},\"primaryImageOfPage\":{\"@id\":\"https:\\\/\\\/skyline-gs.com\\\/product\\\/suneeker-berco-voyager-dubai\\\/#primaryimage\"},\"image\":{\"@id\":\"https:\\\/\\\/skyline-gs.com\\\/product\\\/suneeker-berco-voyager-dubai\\\/#primaryimage\"},\"thumbnailUrl\":\"https:\\\/\\\/skyline-gs.com\\\/wp-content\\\/uploads\\\/2022\\\/11\\\/2-11-1.png\",\"datePublished\":\"2022-11-13T18:50:52+00:00\",\"dateModified\":\"2024-09-30T18:35:07+00:00\",\"breadcrumb\":{\"@id\":\"https:\\\/\\\/skyline-gs.com\\\/product\\\/suneeker-berco-voyager-dubai\\\/#breadcrumb\"},\"inLanguage\":\"fr-FR\",\"potentialAction\":[{\"@type\":\"ReadAction\",\"target\":[\"https:\\\/\\\/skyline-gs.com\\\/product\\\/suneeker-berco-voyager-dubai\\\/\"]}]},{\"@type\":\"ImageObject\",\"inLanguage\":\"fr-FR\",\"@id\":\"https:\\\/\\\/skyline-gs.com\\\/product\\\/suneeker-berco-voyager-dubai\\\/#primaryimage\",\"url\":\"https:\\\/\\\/skyline-gs.com\\\/wp-content\\\/uploads\\\/2022\\\/11\\\/2-11-1.png\",\"contentUrl\":\"https:\\\/\\\/skyline-gs.com\\\/wp-content\\\/uploads\\\/2022\\\/11\\\/2-11-1.png\",\"width\":669,\"height\":446},{\"@type\":\"BreadcrumbList\",\"@id\":\"https:\\\/\\\/skyline-gs.com\\\/product\\\/suneeker-berco-voyager-dubai\\\/#breadcrumb\",\"itemListElement\":[{\"@type\":\"ListItem\",\"position\":1,\"name\":\"\u0413\u043b\u0430\u0432\u043d\u0430\u044f \u0441\u0442\u0440\u0430\u043d\u0438\u0446\u0430\",\"item\":\"https:\\\/\\\/skyline-gs.com\\\/hu\\\/\"},{\"@type\":\"ListItem\",\"position\":2,\"name\":\"\u041c\u0430\u0433\u0430\u0437\u0438\u043d\",\"item\":\"https:\\\/\\\/skyline-gs.com\\\/cs\\\/shop\\\/\"},{\"@type\":\"ListItem\",\"position\":3,\"name\":\"\u042f\u0445\u0442\u0430 Suneeker BERCO VOYAGER\"}]},{\"@type\":\"WebSite\",\"@id\":\"https:\\\/\\\/skyline-gs.com\\\/it\\\/#website\",\"url\":\"https:\\\/\\\/skyline-gs.com\\\/it\\\/\",\"name\":\"\u042d\u043a\u0441\u043a\u0443\u0440\u0441\u0438\u0438 Skyline\",\"description\":\"\u042d\u043a\u0441\u043a\u043b\u044e\u0437\u0438\u0432\u043d\u044b\u0435 \u044d\u043a\u0441\u043a\u0443\u0440\u0441\u0438\u0438 \u043d\u0430 \u043b\u0443\u0447\u0448\u0438\u0445 \u043a\u0443\u0440\u043e\u0440\u0442\u0430\u0445 \u043c\u0438\u0440\u0430\",\"publisher\":{\"@id\":\"https:\\\/\\\/skyline-gs.com\\\/it\\\/#organization\"},\"alternateName\":\"Skyline\",\"potentialAction\":[{\"@type\":\"SearchAction\",\"target\":{\"@type\":\"EntryPoint\",\"urlTemplate\":\"https:\\\/\\\/skyline-gs.com\\\/it\\\/?s={search_term_string}\"},\"query-input\":{\"@type\":\"PropertyValueSpecification\",\"valueRequired\":true,\"valueName\":\"search_term_string\"}}],\"inLanguage\":\"fr-FR\"},{\"@type\":\"Organization\",\"@id\":\"https:\\\/\\\/skyline-gs.com\\\/it\\\/#organization\",\"name\":\"\u042d\u043a\u0441\u043a\u0443\u0440\u0441\u0438\u0438 Skyline\",\"alternateName\":\"\u042d\u043a\u0441\u043a\u0443\u0440\u0441\u0438\u0438 Skyline\",\"url\":\"https:\\\/\\\/skyline-gs.com\\\/it\\\/\",\"logo\":{\"@type\":\"ImageObject\",\"inLanguage\":\"fr-FR\",\"@id\":\"https:\\\/\\\/skyline-gs.com\\\/it\\\/#\\\/schema\\\/logo\\\/image\\\/\",\"url\":\"https:\\\/\\\/skyline-gs.com\\\/wp-content\\\/uploads\\\/2020\\\/12\\\/cropped-logo-2.png\",\"contentUrl\":\"https:\\\/\\\/skyline-gs.com\\\/wp-content\\\/uploads\\\/2020\\\/12\\\/cropped-logo-2.png\",\"width\":512,\"height\":512,\"caption\":\"\u042d\u043a\u0441\u043a\u0443\u0440\u0441\u0438\u0438 Skyline\"},\"image\":{\"@id\":\"https:\\\/\\\/skyline-gs.com\\\/it\\\/#\\\/schema\\\/logo\\\/image\\\/\"},\"sameAs\":[\"https:\\\/\\\/www.instagram.com\\\/skylineglobalservice\\\/\"]}]}<\/script>\n<!-- \/ Yoast SEO plugin. -->","yoast_head_json":{"title":"\u042f\u0445\u0442\u0430 Suneeker BERCO VOYAGER &#8226; \u042d\u043a\u0441\u043a\u0443\u0440\u0441\u0438\u0438 Skyline","robots":{"index":"index","follow":"follow","max-snippet":"max-snippet:-1","max-image-preview":"max-image-preview:large","max-video-preview":"max-video-preview:-1"},"canonical":"https:\/\/skyline-gs.com\/fr\/produit\/suneeker-berco-voyager-dubai\/","og_locale":"fr_FR","og_type":"article","og_title":"\u042f\u0445\u0442\u0430 Suneeker BERCO VOYAGER &#8226; \u042d\u043a\u0441\u043a\u0443\u0440\u0441\u0438\u0438 Skyline","og_description":"\u0414\u043b\u0438\u0442\u0435\u043b\u044c\u043d\u043e\u0441\u0442\u044c \u0430\u0440\u0435\u043d\u0434\u044b: 6 \u0447\u0430\u0441\u043e\u0432  \u0412\u043c\u0435\u0441\u0442\u0438\u0442\u0435\u043b\u044c\u043d\u043e\u0441\u0442\u044c: 40 \u0447\u0435\u043b\u043e\u0432\u0435\u043a","og_url":"https:\/\/skyline-gs.com\/fr\/produit\/suneeker-berco-voyager-dubai\/","og_site_name":"\u042d\u043a\u0441\u043a\u0443\u0440\u0441\u0438\u0438 Skyline","article_modified_time":"2024-09-30T18:35:07+00:00","og_image":[{"width":669,"height":446,"url":"https:\/\/skyline-gs.com\/wp-content\/uploads\/2022\/11\/2-11-1.png","type":"image\/png"}],"twitter_card":"summary_large_image","twitter_misc":{"Dur\u00e9e de lecture estim\u00e9e":"4 minutes"},"schema":{"@context":"https:\/\/schema.org","@graph":[{"@type":"WebPage","@id":"https:\/\/skyline-gs.com\/product\/suneeker-berco-voyager-dubai\/","url":"https:\/\/skyline-gs.com\/product\/suneeker-berco-voyager-dubai\/","name":"\u042f\u0445\u0442\u0430 Suneeker BERCO VOYAGER &#8226; \u042d\u043a\u0441\u043a\u0443\u0440\u0441\u0438\u0438 Skyline","isPartOf":{"@id":"https:\/\/skyline-gs.com\/it\/#website"},"primaryImageOfPage":{"@id":"https:\/\/skyline-gs.com\/product\/suneeker-berco-voyager-dubai\/#primaryimage"},"image":{"@id":"https:\/\/skyline-gs.com\/product\/suneeker-berco-voyager-dubai\/#primaryimage"},"thumbnailUrl":"https:\/\/skyline-gs.com\/wp-content\/uploads\/2022\/11\/2-11-1.png","datePublished":"2022-11-13T18:50:52+00:00","dateModified":"2024-09-30T18:35:07+00:00","breadcrumb":{"@id":"https:\/\/skyline-gs.com\/product\/suneeker-berco-voyager-dubai\/#breadcrumb"},"inLanguage":"fr-FR","potentialAction":[{"@type":"ReadAction","target":["https:\/\/skyline-gs.com\/product\/suneeker-berco-voyager-dubai\/"]}]},{"@type":"ImageObject","inLanguage":"fr-FR","@id":"https:\/\/skyline-gs.com\/product\/suneeker-berco-voyager-dubai\/#primaryimage","url":"https:\/\/skyline-gs.com\/wp-content\/uploads\/2022\/11\/2-11-1.png","contentUrl":"https:\/\/skyline-gs.com\/wp-content\/uploads\/2022\/11\/2-11-1.png","width":669,"height":446},{"@type":"BreadcrumbList","@id":"https:\/\/skyline-gs.com\/product\/suneeker-berco-voyager-dubai\/#breadcrumb","itemListElement":[{"@type":"ListItem","position":1,"name":"\u0413\u043b\u0430\u0432\u043d\u0430\u044f \u0441\u0442\u0440\u0430\u043d\u0438\u0446\u0430","item":"https:\/\/skyline-gs.com\/hu\/"},{"@type":"ListItem","position":2,"name":"\u041c\u0430\u0433\u0430\u0437\u0438\u043d","item":"https:\/\/skyline-gs.com\/cs\/shop\/"},{"@type":"ListItem","position":3,"name":"\u042f\u0445\u0442\u0430 Suneeker BERCO VOYAGER"}]},{"@type":"WebSite","@id":"https:\/\/skyline-gs.com\/it\/#website","url":"https:\/\/skyline-gs.com\/it\/","name":"Excursions Skyline","description":"Excursions exclusives dans les meilleurs centres de vill\u00e9giature du monde","publisher":{"@id":"https:\/\/skyline-gs.com\/it\/#organization"},"alternateName":"Skyline","potentialAction":[{"@type":"SearchAction","target":{"@type":"EntryPoint","urlTemplate":"https:\/\/skyline-gs.com\/it\/?s={search_term_string}"},"query-input":{"@type":"PropertyValueSpecification","valueRequired":true,"valueName":"search_term_string"}}],"inLanguage":"fr-FR"},{"@type":"Organization","@id":"https:\/\/skyline-gs.com\/it\/#organization","name":"Excursions Skyline","alternateName":"\u042d\u043a\u0441\u043a\u0443\u0440\u0441\u0438\u0438 Skyline","url":"https:\/\/skyline-gs.com\/it\/","logo":{"@type":"ImageObject","inLanguage":"fr-FR","@id":"https:\/\/skyline-gs.com\/it\/#\/schema\/logo\/image\/","url":"https:\/\/skyline-gs.com\/wp-content\/uploads\/2020\/12\/cropped-logo-2.png","contentUrl":"https:\/\/skyline-gs.com\/wp-content\/uploads\/2020\/12\/cropped-logo-2.png","width":512,"height":512,"caption":"\u042d\u043a\u0441\u043a\u0443\u0440\u0441\u0438\u0438 Skyline"},"image":{"@id":"https:\/\/skyline-gs.com\/it\/#\/schema\/logo\/image\/"},"sameAs":["https:\/\/www.instagram.com\/skylineglobalservice\/"]}]}},"_links":{"self":[{"href":"https:\/\/skyline-gs.com\/fr\/wp-json\/wp\/v2\/product\/41161","targetHints":{"allow":["GET"]}}],"collection":[{"href":"https:\/\/skyline-gs.com\/fr\/wp-json\/wp\/v2\/product"}],"about":[{"href":"https:\/\/skyline-gs.com\/fr\/wp-json\/wp\/v2\/types\/product"}],"version-history":[{"count":0,"href":"https:\/\/skyline-gs.com\/fr\/wp-json\/wp\/v2\/product\/41161\/revisions"}],"wp:featuredmedia":[{"embeddable":true,"href":"https:\/\/skyline-gs.com\/fr\/wp-json\/wp\/v2\/media\/56296"}],"wp:attachment":[{"href":"https:\/\/skyline-gs.com\/fr\/wp-json\/wp\/v2\/media?parent=41161"}],"wp:term":[{"taxonomy":"product_brand","embeddable":true,"href":"https:\/\/skyline-gs.com\/fr\/wp-json\/wp\/v2\/product_brand?post=41161"},{"taxonomy":"product_cat","embeddable":true,"href":"https:\/\/skyline-gs.com\/fr\/wp-json\/wp\/v2\/product_cat?post=41161"},{"taxonomy":"product_tag","embeddable":true,"href":"https:\/\/skyline-gs.com\/fr\/wp-json\/wp\/v2\/product_tag?post=41161"}],"curies":[{"name":"wp","href":"https:\/\/api.w.org\/{rel}","templated":true}]}}