{"id":40597,"date":"2022-10-30T05:39:19","date_gmt":"2022-10-30T02:39:19","guid":{"rendered":"https:\/\/dubai.skyline-gs.com\/?post_type=product&#038;p=40597"},"modified":"2025-11-20T10:19:35","modified_gmt":"2025-11-20T08:19:35","slug":"yas-waterworld-dubai","status":"publish","type":"product","link":"https:\/\/skyline-gs.com\/fr\/product\/yas-waterworld-dubai\/","title":{"rendered":"\u0410\u043a\u0432\u0430\u043f\u0430\u0440\u043a Yas Water World (\u0431\u0438\u043b\u0435\u0442 + \u0442\u0440\u0430\u043d\u0441\u0444\u0435\u0440\u044b)"},"content":{"rendered":"<p>Pr\u00e9parez-vous \u00e0 vivre une aventure inoubliable dans le plus grand et le plus r\u00e9cent parc aquatique des \u00c9mirats arabes unis. L'histoire d'une jeune \u00e9miratie, Dana, qui part \u00e0 la recherche d'une perle l\u00e9gendaire, vous entra\u00eenera dans une qu\u00eate palpitante de tr\u00e9sors marins perdus. En montant dans l'attraction sous les chutes d'eau parmi les rochers, vous participerez \u00e0 une aventure passionnante au cours de laquelle vous devrez r\u00e9soudre des \u00e9nigmes et des casse-t\u00eates int\u00e9ressants. Vous pourrez tirer des jets d'eau et lancer des bombes \u00e0 eau. Et pour les amateurs de sensations fortes, nous vous proposons de d\u00e9couvrir des toboggans aquatiques avec des effets de lumi\u00e8re et des effets 3D. Au total, le parc aquatique compte 43 attractions modernes, dont quatre n'ont pas d'\u00e9quivalent dans le monde.<\/p>\n<p><strong>Inclus :<\/strong><\/p>\n<ul>\n<li>Transferts depuis et vers l'h\u00f4tel (depuis Duba\u00ef, Sharjah et Ajman)<\/li>\n<li>Billet d'entr\u00e9e<\/li>\n<\/ul>\n<p><strong>Emportez-le avec vous :<\/strong><\/p>\n<ul>\n<li>Appareil photo<\/li>\n<li>Serviette<\/li>\n<li>Maillot de bain, slip de bain<\/li>\n<li>Coiffure<\/li>\n<li>Argent pour les d\u00e9penses personnelles<\/li>\n<li>Il est permis de prendre 0,5 litre d'eau.<\/li>\n<\/ul>\n<p><strong>Informations compl\u00e9mentaires :<\/strong><\/p>\n<ul>\n<li>Billet gratuit pour un enfant de moins de 3 ans uniquement sur pr\u00e9sentation d'une carte d'identit\u00e9<\/li>\n<\/ul>","protected":false},"excerpt":{"rendered":"<p><strong>Dur\u00e9e de l'enqu\u00eate :<\/strong> 13:00 &#8212; 18:00<\/p>\n<p><strong>Jours de D\u00e9roulement:<\/strong> Mardi, jeudi, dimanche<\/p>","protected":false},"featured_media":40600,"template":"","meta":{"_kad_post_transparent":"default","_kad_post_title":"","_kad_post_layout":"default","_kad_post_sidebar_id":"","_kad_post_content_style":"default","_kad_post_vertical_padding":"default","_kad_post_feature":"","_kad_post_feature_position":"","_kad_post_header":false,"_kad_post_footer":false,"_kad_post_classname":"","_glsr_average":0,"_glsr_ranking":0,"_glsr_reviews":0},"product_brand":[],"product_cat":[473,438],"product_tag":[],"class_list":{"0":"post-40597","1":"product","2":"type-product","3":"status-publish","4":"has-post-thumbnail","6":"product_cat-dubai-parks","7":"product_cat-dubai","8":"tm-has-options","10":"first","11":"instock","12":"sold-individually","13":"taxable","14":"shipping-taxable","15":"purchasable","16":"product-type-simple","17":"entry","18":"content-bg","19":"loop-entry"},"yoast_head":"<!-- This site is optimized with the Yoast SEO plugin v27.3 - https:\/\/yoast.com\/product\/yoast-seo-wordpress\/ -->\n<title>\u0410\u043a\u0432\u0430\u043f\u0430\u0440\u043a Yas Water World (\u0431\u0438\u043b\u0435\u0442 + \u0442\u0440\u0430\u043d\u0441\u0444\u0435\u0440\u044b) &#8226; \u042d\u043a\u0441\u043a\u0443\u0440\u0441\u0438\u0438 Skyline<\/title>\n<meta name=\"robots\" content=\"index, follow, max-snippet:-1, max-image-preview:large, max-video-preview:-1\" \/>\n<link rel=\"canonical\" href=\"https:\/\/skyline-gs.com\/fr\/produit\/yas-waterworld-dubai\/\" \/>\n<meta property=\"og:locale\" content=\"fr_FR\" \/>\n<meta property=\"og:type\" content=\"article\" \/>\n<meta property=\"og:title\" content=\"\u0410\u043a\u0432\u0430\u043f\u0430\u0440\u043a Yas Water World (\u0431\u0438\u043b\u0435\u0442 + \u0442\u0440\u0430\u043d\u0441\u0444\u0435\u0440\u044b) &#8226; \u042d\u043a\u0441\u043a\u0443\u0440\u0441\u0438\u0438 Skyline\" \/>\n<meta property=\"og:description\" content=\"\u0414\u043b\u0438\u0442\u0435\u043b\u044c\u043d\u043e\u0441\u0442\u044c: 13:00 - 18:00  \u0414\u043d\u0438 \u043f\u0440\u043e\u0432\u0435\u0434\u0435\u043d\u0438\u044f: \u0432\u0442\u043e\u0440\u043d\u0438\u043a, \u0447\u0435\u0442\u0432\u0435\u0440\u0433, \u0432\u043e\u0441\u043a\u0440\u0435\u0441\u0435\u043d\u044c\u0435\" \/>\n<meta property=\"og:url\" content=\"https:\/\/skyline-gs.com\/fr\/produit\/yas-waterworld-dubai\/\" \/>\n<meta property=\"og:site_name\" content=\"\u042d\u043a\u0441\u043a\u0443\u0440\u0441\u0438\u0438 Skyline\" \/>\n<meta property=\"article:modified_time\" content=\"2025-11-20T08:19:35+00:00\" \/>\n<meta property=\"og:image\" content=\"https:\/\/skyline-gs.com\/wp-content\/uploads\/2022\/10\/3-8.png\" \/>\n\t<meta property=\"og:image:width\" content=\"669\" \/>\n\t<meta property=\"og:image:height\" content=\"446\" \/>\n\t<meta property=\"og:image:type\" content=\"image\/png\" \/>\n<meta name=\"twitter:card\" content=\"summary_large_image\" \/>\n<meta name=\"twitter:label1\" content=\"Dur\u00e9e de lecture estim\u00e9e\" \/>\n\t<meta name=\"twitter:data1\" content=\"1 minute\" \/>\n<script type=\"application\/ld+json\" class=\"yoast-schema-graph\">{\"@context\":\"https:\\\/\\\/schema.org\",\"@graph\":[{\"@type\":\"WebPage\",\"@id\":\"https:\\\/\\\/skyline-gs.com\\\/product\\\/yas-waterworld-dubai\\\/\",\"url\":\"https:\\\/\\\/skyline-gs.com\\\/product\\\/yas-waterworld-dubai\\\/\",\"name\":\"\u0410\u043a\u0432\u0430\u043f\u0430\u0440\u043a Yas Water World (\u0431\u0438\u043b\u0435\u0442 + \u0442\u0440\u0430\u043d\u0441\u0444\u0435\u0440\u044b) &#8226; \u042d\u043a\u0441\u043a\u0443\u0440\u0441\u0438\u0438 Skyline\",\"isPartOf\":{\"@id\":\"https:\\\/\\\/skyline-gs.com\\\/it\\\/#website\"},\"primaryImageOfPage\":{\"@id\":\"https:\\\/\\\/skyline-gs.com\\\/product\\\/yas-waterworld-dubai\\\/#primaryimage\"},\"image\":{\"@id\":\"https:\\\/\\\/skyline-gs.com\\\/product\\\/yas-waterworld-dubai\\\/#primaryimage\"},\"thumbnailUrl\":\"https:\\\/\\\/skyline-gs.com\\\/wp-content\\\/uploads\\\/2022\\\/10\\\/3-8.png\",\"datePublished\":\"2022-10-30T02:39:19+00:00\",\"dateModified\":\"2025-11-20T08:19:35+00:00\",\"breadcrumb\":{\"@id\":\"https:\\\/\\\/skyline-gs.com\\\/product\\\/yas-waterworld-dubai\\\/#breadcrumb\"},\"inLanguage\":\"fr-FR\",\"potentialAction\":[{\"@type\":\"ReadAction\",\"target\":[\"https:\\\/\\\/skyline-gs.com\\\/product\\\/yas-waterworld-dubai\\\/\"]}]},{\"@type\":\"ImageObject\",\"inLanguage\":\"fr-FR\",\"@id\":\"https:\\\/\\\/skyline-gs.com\\\/product\\\/yas-waterworld-dubai\\\/#primaryimage\",\"url\":\"https:\\\/\\\/skyline-gs.com\\\/wp-content\\\/uploads\\\/2022\\\/10\\\/3-8.png\",\"contentUrl\":\"https:\\\/\\\/skyline-gs.com\\\/wp-content\\\/uploads\\\/2022\\\/10\\\/3-8.png\",\"width\":669,\"height\":446},{\"@type\":\"BreadcrumbList\",\"@id\":\"https:\\\/\\\/skyline-gs.com\\\/product\\\/yas-waterworld-dubai\\\/#breadcrumb\",\"itemListElement\":[{\"@type\":\"ListItem\",\"position\":1,\"name\":\"\u0413\u043b\u0430\u0432\u043d\u0430\u044f \u0441\u0442\u0440\u0430\u043d\u0438\u0446\u0430\",\"item\":\"https:\\\/\\\/skyline-gs.com\\\/hu\\\/\"},{\"@type\":\"ListItem\",\"position\":2,\"name\":\"\u041c\u0430\u0433\u0430\u0437\u0438\u043d\",\"item\":\"https:\\\/\\\/skyline-gs.com\\\/cs\\\/shop\\\/\"},{\"@type\":\"ListItem\",\"position\":3,\"name\":\"\u0410\u043a\u0432\u0430\u043f\u0430\u0440\u043a Yas Water World (\u0431\u0438\u043b\u0435\u0442 + \u0442\u0440\u0430\u043d\u0441\u0444\u0435\u0440\u044b)\"}]},{\"@type\":\"WebSite\",\"@id\":\"https:\\\/\\\/skyline-gs.com\\\/it\\\/#website\",\"url\":\"https:\\\/\\\/skyline-gs.com\\\/it\\\/\",\"name\":\"\u042d\u043a\u0441\u043a\u0443\u0440\u0441\u0438\u0438 Skyline\",\"description\":\"\u042d\u043a\u0441\u043a\u043b\u044e\u0437\u0438\u0432\u043d\u044b\u0435 \u044d\u043a\u0441\u043a\u0443\u0440\u0441\u0438\u0438 \u043d\u0430 \u043b\u0443\u0447\u0448\u0438\u0445 \u043a\u0443\u0440\u043e\u0440\u0442\u0430\u0445 \u043c\u0438\u0440\u0430\",\"publisher\":{\"@id\":\"https:\\\/\\\/skyline-gs.com\\\/it\\\/#organization\"},\"alternateName\":\"Skyline\",\"potentialAction\":[{\"@type\":\"SearchAction\",\"target\":{\"@type\":\"EntryPoint\",\"urlTemplate\":\"https:\\\/\\\/skyline-gs.com\\\/it\\\/?s={search_term_string}\"},\"query-input\":{\"@type\":\"PropertyValueSpecification\",\"valueRequired\":true,\"valueName\":\"search_term_string\"}}],\"inLanguage\":\"fr-FR\"},{\"@type\":\"Organization\",\"@id\":\"https:\\\/\\\/skyline-gs.com\\\/it\\\/#organization\",\"name\":\"\u042d\u043a\u0441\u043a\u0443\u0440\u0441\u0438\u0438 Skyline\",\"alternateName\":\"\u042d\u043a\u0441\u043a\u0443\u0440\u0441\u0438\u0438 Skyline\",\"url\":\"https:\\\/\\\/skyline-gs.com\\\/it\\\/\",\"logo\":{\"@type\":\"ImageObject\",\"inLanguage\":\"fr-FR\",\"@id\":\"https:\\\/\\\/skyline-gs.com\\\/it\\\/#\\\/schema\\\/logo\\\/image\\\/\",\"url\":\"https:\\\/\\\/skyline-gs.com\\\/wp-content\\\/uploads\\\/2020\\\/12\\\/cropped-logo-2.png\",\"contentUrl\":\"https:\\\/\\\/skyline-gs.com\\\/wp-content\\\/uploads\\\/2020\\\/12\\\/cropped-logo-2.png\",\"width\":512,\"height\":512,\"caption\":\"\u042d\u043a\u0441\u043a\u0443\u0440\u0441\u0438\u0438 Skyline\"},\"image\":{\"@id\":\"https:\\\/\\\/skyline-gs.com\\\/it\\\/#\\\/schema\\\/logo\\\/image\\\/\"},\"sameAs\":[\"https:\\\/\\\/www.instagram.com\\\/skylineglobalservice\\\/\"]}]}<\/script>\n<!-- \/ Yoast SEO plugin. -->","yoast_head_json":{"title":"\u0410\u043a\u0432\u0430\u043f\u0430\u0440\u043a Yas Water World (\u0431\u0438\u043b\u0435\u0442 + \u0442\u0440\u0430\u043d\u0441\u0444\u0435\u0440\u044b) &#8226; \u042d\u043a\u0441\u043a\u0443\u0440\u0441\u0438\u0438 Skyline","robots":{"index":"index","follow":"follow","max-snippet":"max-snippet:-1","max-image-preview":"max-image-preview:large","max-video-preview":"max-video-preview:-1"},"canonical":"https:\/\/skyline-gs.com\/fr\/produit\/yas-waterworld-dubai\/","og_locale":"fr_FR","og_type":"article","og_title":"\u0410\u043a\u0432\u0430\u043f\u0430\u0440\u043a Yas Water World (\u0431\u0438\u043b\u0435\u0442 + \u0442\u0440\u0430\u043d\u0441\u0444\u0435\u0440\u044b) &#8226; \u042d\u043a\u0441\u043a\u0443\u0440\u0441\u0438\u0438 Skyline","og_description":"\u0414\u043b\u0438\u0442\u0435\u043b\u044c\u043d\u043e\u0441\u0442\u044c: 13:00 - 18:00  \u0414\u043d\u0438 \u043f\u0440\u043e\u0432\u0435\u0434\u0435\u043d\u0438\u044f: \u0432\u0442\u043e\u0440\u043d\u0438\u043a, \u0447\u0435\u0442\u0432\u0435\u0440\u0433, \u0432\u043e\u0441\u043a\u0440\u0435\u0441\u0435\u043d\u044c\u0435","og_url":"https:\/\/skyline-gs.com\/fr\/produit\/yas-waterworld-dubai\/","og_site_name":"\u042d\u043a\u0441\u043a\u0443\u0440\u0441\u0438\u0438 Skyline","article_modified_time":"2025-11-20T08:19:35+00:00","og_image":[{"width":669,"height":446,"url":"https:\/\/skyline-gs.com\/wp-content\/uploads\/2022\/10\/3-8.png","type":"image\/png"}],"twitter_card":"summary_large_image","twitter_misc":{"Dur\u00e9e de lecture estim\u00e9e":"1 minute"},"schema":{"@context":"https:\/\/schema.org","@graph":[{"@type":"WebPage","@id":"https:\/\/skyline-gs.com\/product\/yas-waterworld-dubai\/","url":"https:\/\/skyline-gs.com\/product\/yas-waterworld-dubai\/","name":"\u0410\u043a\u0432\u0430\u043f\u0430\u0440\u043a Yas Water World (\u0431\u0438\u043b\u0435\u0442 + \u0442\u0440\u0430\u043d\u0441\u0444\u0435\u0440\u044b) &#8226; \u042d\u043a\u0441\u043a\u0443\u0440\u0441\u0438\u0438 Skyline","isPartOf":{"@id":"https:\/\/skyline-gs.com\/it\/#website"},"primaryImageOfPage":{"@id":"https:\/\/skyline-gs.com\/product\/yas-waterworld-dubai\/#primaryimage"},"image":{"@id":"https:\/\/skyline-gs.com\/product\/yas-waterworld-dubai\/#primaryimage"},"thumbnailUrl":"https:\/\/skyline-gs.com\/wp-content\/uploads\/2022\/10\/3-8.png","datePublished":"2022-10-30T02:39:19+00:00","dateModified":"2025-11-20T08:19:35+00:00","breadcrumb":{"@id":"https:\/\/skyline-gs.com\/product\/yas-waterworld-dubai\/#breadcrumb"},"inLanguage":"fr-FR","potentialAction":[{"@type":"ReadAction","target":["https:\/\/skyline-gs.com\/product\/yas-waterworld-dubai\/"]}]},{"@type":"ImageObject","inLanguage":"fr-FR","@id":"https:\/\/skyline-gs.com\/product\/yas-waterworld-dubai\/#primaryimage","url":"https:\/\/skyline-gs.com\/wp-content\/uploads\/2022\/10\/3-8.png","contentUrl":"https:\/\/skyline-gs.com\/wp-content\/uploads\/2022\/10\/3-8.png","width":669,"height":446},{"@type":"BreadcrumbList","@id":"https:\/\/skyline-gs.com\/product\/yas-waterworld-dubai\/#breadcrumb","itemListElement":[{"@type":"ListItem","position":1,"name":"\u0413\u043b\u0430\u0432\u043d\u0430\u044f \u0441\u0442\u0440\u0430\u043d\u0438\u0446\u0430","item":"https:\/\/skyline-gs.com\/hu\/"},{"@type":"ListItem","position":2,"name":"\u041c\u0430\u0433\u0430\u0437\u0438\u043d","item":"https:\/\/skyline-gs.com\/cs\/shop\/"},{"@type":"ListItem","position":3,"name":"\u0410\u043a\u0432\u0430\u043f\u0430\u0440\u043a Yas Water World (\u0431\u0438\u043b\u0435\u0442 + \u0442\u0440\u0430\u043d\u0441\u0444\u0435\u0440\u044b)"}]},{"@type":"WebSite","@id":"https:\/\/skyline-gs.com\/it\/#website","url":"https:\/\/skyline-gs.com\/it\/","name":"Excursions Skyline","description":"Excursions exclusives dans les meilleurs centres de vill\u00e9giature du monde","publisher":{"@id":"https:\/\/skyline-gs.com\/it\/#organization"},"alternateName":"Skyline","potentialAction":[{"@type":"SearchAction","target":{"@type":"EntryPoint","urlTemplate":"https:\/\/skyline-gs.com\/it\/?s={search_term_string}"},"query-input":{"@type":"PropertyValueSpecification","valueRequired":true,"valueName":"search_term_string"}}],"inLanguage":"fr-FR"},{"@type":"Organization","@id":"https:\/\/skyline-gs.com\/it\/#organization","name":"Excursions Skyline","alternateName":"\u042d\u043a\u0441\u043a\u0443\u0440\u0441\u0438\u0438 Skyline","url":"https:\/\/skyline-gs.com\/it\/","logo":{"@type":"ImageObject","inLanguage":"fr-FR","@id":"https:\/\/skyline-gs.com\/it\/#\/schema\/logo\/image\/","url":"https:\/\/skyline-gs.com\/wp-content\/uploads\/2020\/12\/cropped-logo-2.png","contentUrl":"https:\/\/skyline-gs.com\/wp-content\/uploads\/2020\/12\/cropped-logo-2.png","width":512,"height":512,"caption":"\u042d\u043a\u0441\u043a\u0443\u0440\u0441\u0438\u0438 Skyline"},"image":{"@id":"https:\/\/skyline-gs.com\/it\/#\/schema\/logo\/image\/"},"sameAs":["https:\/\/www.instagram.com\/skylineglobalservice\/"]}]}},"_links":{"self":[{"href":"https:\/\/skyline-gs.com\/fr\/wp-json\/wp\/v2\/product\/40597","targetHints":{"allow":["GET"]}}],"collection":[{"href":"https:\/\/skyline-gs.com\/fr\/wp-json\/wp\/v2\/product"}],"about":[{"href":"https:\/\/skyline-gs.com\/fr\/wp-json\/wp\/v2\/types\/product"}],"version-history":[{"count":0,"href":"https:\/\/skyline-gs.com\/fr\/wp-json\/wp\/v2\/product\/40597\/revisions"}],"wp:featuredmedia":[{"embeddable":true,"href":"https:\/\/skyline-gs.com\/fr\/wp-json\/wp\/v2\/media\/40600"}],"wp:attachment":[{"href":"https:\/\/skyline-gs.com\/fr\/wp-json\/wp\/v2\/media?parent=40597"}],"wp:term":[{"taxonomy":"product_brand","embeddable":true,"href":"https:\/\/skyline-gs.com\/fr\/wp-json\/wp\/v2\/product_brand?post=40597"},{"taxonomy":"product_cat","embeddable":true,"href":"https:\/\/skyline-gs.com\/fr\/wp-json\/wp\/v2\/product_cat?post=40597"},{"taxonomy":"product_tag","embeddable":true,"href":"https:\/\/skyline-gs.com\/fr\/wp-json\/wp\/v2\/product_tag?post=40597"}],"curies":[{"name":"wp","href":"https:\/\/api.w.org\/{rel}","templated":true}]}}