{"id":40457,"date":"2022-10-27T17:16:49","date_gmt":"2022-10-27T14:16:49","guid":{"rendered":"https:\/\/dubai.skyline-gs.com\/?post_type=product&#038;p=40457"},"modified":"2025-11-12T00:09:05","modified_gmt":"2025-11-11T22:09:05","slug":"abu-dhabi-dubai","status":"publish","type":"product","link":"https:\/\/skyline-gs.com\/fr\/product\/abu-dhabi-dubai\/","title":{"rendered":"\u0410\u0431\u0443 \u0414\u0430\u0431\u0438 VIP"},"content":{"rendered":"<p data-start=\"26\" data-end=\"494\"><strong>Abu Dhabi est le c\u0153ur des \u00c9mirats arabes unis, l'incarnation du luxe, de la grandeur et de la culture arabe moderne.<\/strong>. Cette ville, qui s'\u00e9tend parmi les sables infinis et qui est baign\u00e9e par les eaux du golfe Persique, est une harmonie frappante de tradition et de technologie avanc\u00e9e. Ici, les gratte-ciel futuristes voisinent avec les mosqu\u00e9es anciennes, et les oasis de verdure et les promenades bien entretenues rappellent qu'Abu Dhabi n'est pas seulement une capitale, mais une v\u00e9ritable ville-parc, cr\u00e9\u00e9e pour la vie et le plaisir.<\/p>\n<p data-start=\"496\" data-end=\"925\"><strong>11:00 - D\u00e9part de l'h\u00f4tel<\/strong>.<\/p>\n<ul data-start=\"953\" data-end=\"1936\">\n<li data-start=\"953\" data-end=\"1105\"><strong data-start=\"955\" data-end=\"995\">Mosqu\u00e9e blanche Sheikh Zayed Al Nahayan<\/strong> - l'un des plus beaux monuments religieux du monde. La dur\u00e9e de la visite est d'une heure et demie (billet d'entr\u00e9e inclus).<\/li>\n<li data-start=\"1106\" data-end=\"1207\"><strong data-start=\"1108\" data-end=\"1144\">Le nouveau palais de Sheikh Qasr al Watan.<\/strong> - Une structure impressionnante qui r\u00e9v\u00e8le les secrets de la famille r\u00e9gnante (entr\u00e9e incluse).<\/li>\n<li data-start=\"1208\" data-end=\"1301\"><strong data-start=\"1210\" data-end=\"1236\">Mus\u00e9e du village du patrimoine<\/strong> - Une introduction \u00e0 la vie traditionnelle des \u00c9mirats avant le boom p\u00e9trolier.<\/li>\n<li data-start=\"1302\" data-end=\"1382\"><strong data-start=\"1304\" data-end=\"1327\">Derni\u00e8re sortie AUH Bound<\/strong> - un espace de d\u00e9tente moderne et un coin gastronomique.<\/li>\n<li data-start=\"1383\" data-end=\"1460\"><strong data-start=\"1385\" data-end=\"1402\">Le march\u00e9 des dates<\/strong> - la possibilit\u00e9 d'acheter des sp\u00e9cialit\u00e9s arabes c\u00e9l\u00e8bres.<\/li>\n<li data-start=\"1461\" data-end=\"1579\"><strong data-start=\"1463\" data-end=\"1484\">\u00cele de Yas<\/strong> - Un centre de divertissement et de luxe avec des parcs \u00e0 th\u00e8me et des centres de vill\u00e9giature de classe mondiale.<\/li>\n<li data-start=\"1580\" data-end=\"1803\"><strong data-start=\"1582\" data-end=\"1632\">Sites architecturaux c\u00e9l\u00e8bres<\/strong>:\n<ul data-start=\"1638\" data-end=\"1803\">\n<li data-start=\"1638\" data-end=\"1666\">B\u00e2timent rond <strong data-start=\"1655\" data-end=\"1664\">Aldar<\/strong><\/li>\n<li data-start=\"1669\" data-end=\"1705\">Complexe de tours <strong data-start=\"1686\" data-end=\"1703\">Tours d'Etihad<\/strong><\/li>\n<li data-start=\"1708\" data-end=\"1754\">Une tour de chute unique <strong data-start=\"1736\" data-end=\"1752\">Porte de la capitale<\/strong><\/li>\n<li data-start=\"1757\" data-end=\"1803\">Palace-h\u00f4tel de luxe <strong data-start=\"1782\" data-end=\"1801\">Palais des \u00c9mirats<\/strong><\/li>\n<\/ul>\n<\/li>\n<li data-start=\"1804\" data-end=\"1876\"><strong data-start=\"1806\" data-end=\"1841\">Photostop du front de mer de la Corniche<\/strong> - un lieu avec des vues spectaculaires.<\/li>\n<li data-start=\"1877\" data-end=\"1936\"><strong data-start=\"1879\" data-end=\"1905\">Zone de vill\u00e9giature d'Al Raha<\/strong> - une oasis de vacances sur la c\u00f4te.<\/li>\n<\/ul>\n<p><strong>20:00 - Retour \u00e0 l'h\u00f4tel.<\/strong><\/p>\n<p><strong>Inclus :<\/strong><\/p>\n<ul>\n<li>Transferts depuis et vers l'h\u00f4tel (depuis Duba\u00ef, Sharjah et Ajman)<\/li>\n<li>Tous les transferts pr\u00e9vus au programme en autocar climatis\u00e9<\/li>\n<li>Guide parlant russe<\/li>\n<li><strong>D\u00e9jeuner dans un restaurant arabe<\/strong> (buffet)<\/li>\n<li>Billets d'entr\u00e9e \u00e0 <strong data-start=\"2134\" data-end=\"2151\">Qasr al Watan<\/strong><\/li>\n<li>Entr\u00e9e \u00e0 <strong data-start=\"2163\" data-end=\"2179\">Mosqu\u00e9e blanche<\/strong><\/li>\n<li><strong>Robes nationales<\/strong> (Abayi) pour visiter la mosqu\u00e9e (<strong>interne<\/strong>)<\/li>\n<\/ul>\n<p><strong>Non inclus :<\/strong><\/p>\n<ul>\n<li>D\u00e9penses personnelles (souvenirs)<\/li>\n<\/ul>\n<p><strong>Que faut-il apporter ?<\/strong><\/p>\n<ul>\n<li>Appareil photo<\/li>\n<li>V\u00eatements chauds en automne et en hiver<\/li>\n<li>Argent pour les d\u00e9penses personnelles, les souvenirs et le shopping<\/li>\n<\/ul>\n<p data-start=\"2461\" data-end=\"2477\"><strong data-start=\"2461\" data-end=\"2475\">Code vestimentaire :<\/strong><\/p>\n<ul data-start=\"2480\" data-end=\"2860\">\n<li data-start=\"2480\" data-end=\"2727\"><strong data-start=\"2482\" data-end=\"2496\">Pour les femmes<\/strong>Avant de visiter la mosqu\u00e9e, il vous sera remis <strong data-start=\"2531\" data-end=\"2554\">robes nationales<\/strong>. Si vous voulez rester dans vos v\u00eatements, ils doivent \u00eatre <strong data-start=\"2609\" data-end=\"2642\">opaque, ample<\/strong>Couvrez l'encolure, les \u00e9paules et les genoux. C'est indispensable <strong data-start=\"2697\" data-end=\"2724\">foulard<\/strong>.<\/li>\n<li data-start=\"2730\" data-end=\"2860\"><strong data-start=\"2732\" data-end=\"2746\">Pour les hommes<\/strong>: Admissible <strong data-start=\"2758\" data-end=\"2785\">juste un pantalon ou un jean<\/strong>, monochrome <strong data-start=\"2798\" data-end=\"2835\">chemises ou T-shirts non imprim\u00e9s<\/strong>. Les shorts ne sont pas autoris\u00e9s.<\/li>\n<\/ul>","protected":false},"excerpt":{"rendered":"<p><strong>Temps du Tour:<\/strong> 11:00 &#8212; 20:00<\/p>\n<p><strong>Jours de D\u00e9roulement:<\/strong> Lundi et jeudi<\/p>","protected":false},"featured_media":40472,"template":"","meta":{"_kad_post_transparent":"default","_kad_post_title":"","_kad_post_layout":"default","_kad_post_sidebar_id":"","_kad_post_content_style":"default","_kad_post_vertical_padding":"default","_kad_post_feature":"","_kad_post_feature_position":"","_kad_post_header":false,"_kad_post_footer":false,"_kad_post_classname":"","_glsr_average":0,"_glsr_ranking":0,"_glsr_reviews":0},"product_brand":[],"product_cat":[438],"product_tag":[],"class_list":{"0":"post-40457","1":"product","2":"type-product","3":"status-publish","4":"has-post-thumbnail","6":"product_cat-dubai","7":"tm-has-options","9":"first","10":"instock","11":"sale","12":"sold-individually","13":"taxable","14":"shipping-taxable","15":"purchasable","16":"product-type-simple","17":"entry","18":"content-bg","19":"loop-entry"},"yoast_head":"<!-- This site is optimized with the Yoast SEO plugin v27.3 - https:\/\/yoast.com\/product\/yoast-seo-wordpress\/ -->\n<title>\u0410\u0431\u0443 \u0414\u0430\u0431\u0438 VIP &#8226; \u042d\u043a\u0441\u043a\u0443\u0440\u0441\u0438\u0438 Skyline<\/title>\n<meta name=\"robots\" content=\"index, follow, max-snippet:-1, max-image-preview:large, max-video-preview:-1\" \/>\n<link rel=\"canonical\" href=\"https:\/\/skyline-gs.com\/fr\/produit\/abu-dhabi-dubai\/\" \/>\n<meta property=\"og:locale\" content=\"fr_FR\" \/>\n<meta property=\"og:type\" content=\"article\" \/>\n<meta property=\"og:title\" content=\"\u0410\u0431\u0443 \u0414\u0430\u0431\u0438 VIP &#8226; \u042d\u043a\u0441\u043a\u0443\u0440\u0441\u0438\u0438 Skyline\" \/>\n<meta property=\"og:description\" content=\"\u0412\u0440\u0435\u043c\u044f \u0442\u0443\u0440\u0430: 11:00 - 20:00  \u0414\u043d\u0438 \u043f\u0440\u043e\u0432\u0435\u0434\u0435\u043d\u0438\u044f: \u043f\u043e\u043d\u0435\u0434\u0435\u043b\u044c\u043d\u0438\u043a \u0438 \u0447\u0435\u0442\u0432\u0435\u0440\u0433\" \/>\n<meta property=\"og:url\" content=\"https:\/\/skyline-gs.com\/fr\/produit\/abu-dhabi-dubai\/\" \/>\n<meta property=\"og:site_name\" content=\"\u042d\u043a\u0441\u043a\u0443\u0440\u0441\u0438\u0438 Skyline\" \/>\n<meta property=\"article:modified_time\" content=\"2025-11-11T22:09:05+00:00\" \/>\n<meta property=\"og:image\" content=\"https:\/\/skyline-gs.com\/wp-content\/uploads\/2022\/10\/13-2-1.png\" \/>\n\t<meta property=\"og:image:width\" content=\"669\" \/>\n\t<meta property=\"og:image:height\" content=\"446\" \/>\n\t<meta property=\"og:image:type\" content=\"image\/png\" \/>\n<meta name=\"twitter:card\" content=\"summary_large_image\" \/>\n<meta name=\"twitter:label1\" content=\"Dur\u00e9e de lecture estim\u00e9e\" \/>\n\t<meta name=\"twitter:data1\" content=\"2 minutes\" \/>\n<script type=\"application\/ld+json\" class=\"yoast-schema-graph\">{\"@context\":\"https:\\\/\\\/schema.org\",\"@graph\":[{\"@type\":\"WebPage\",\"@id\":\"https:\\\/\\\/skyline-gs.com\\\/product\\\/abu-dhabi-dubai\\\/\",\"url\":\"https:\\\/\\\/skyline-gs.com\\\/product\\\/abu-dhabi-dubai\\\/\",\"name\":\"\u0410\u0431\u0443 \u0414\u0430\u0431\u0438 VIP &#8226; \u042d\u043a\u0441\u043a\u0443\u0440\u0441\u0438\u0438 Skyline\",\"isPartOf\":{\"@id\":\"https:\\\/\\\/skyline-gs.com\\\/it\\\/#website\"},\"primaryImageOfPage\":{\"@id\":\"https:\\\/\\\/skyline-gs.com\\\/product\\\/abu-dhabi-dubai\\\/#primaryimage\"},\"image\":{\"@id\":\"https:\\\/\\\/skyline-gs.com\\\/product\\\/abu-dhabi-dubai\\\/#primaryimage\"},\"thumbnailUrl\":\"https:\\\/\\\/skyline-gs.com\\\/wp-content\\\/uploads\\\/2022\\\/10\\\/13-2-1.png\",\"datePublished\":\"2022-10-27T14:16:49+00:00\",\"dateModified\":\"2025-11-11T22:09:05+00:00\",\"breadcrumb\":{\"@id\":\"https:\\\/\\\/skyline-gs.com\\\/product\\\/abu-dhabi-dubai\\\/#breadcrumb\"},\"inLanguage\":\"fr-FR\",\"potentialAction\":[{\"@type\":\"ReadAction\",\"target\":[\"https:\\\/\\\/skyline-gs.com\\\/product\\\/abu-dhabi-dubai\\\/\"]}]},{\"@type\":\"ImageObject\",\"inLanguage\":\"fr-FR\",\"@id\":\"https:\\\/\\\/skyline-gs.com\\\/product\\\/abu-dhabi-dubai\\\/#primaryimage\",\"url\":\"https:\\\/\\\/skyline-gs.com\\\/wp-content\\\/uploads\\\/2022\\\/10\\\/13-2-1.png\",\"contentUrl\":\"https:\\\/\\\/skyline-gs.com\\\/wp-content\\\/uploads\\\/2022\\\/10\\\/13-2-1.png\",\"width\":669,\"height\":446},{\"@type\":\"BreadcrumbList\",\"@id\":\"https:\\\/\\\/skyline-gs.com\\\/product\\\/abu-dhabi-dubai\\\/#breadcrumb\",\"itemListElement\":[{\"@type\":\"ListItem\",\"position\":1,\"name\":\"\u0413\u043b\u0430\u0432\u043d\u0430\u044f \u0441\u0442\u0440\u0430\u043d\u0438\u0446\u0430\",\"item\":\"https:\\\/\\\/skyline-gs.com\\\/hu\\\/\"},{\"@type\":\"ListItem\",\"position\":2,\"name\":\"\u041c\u0430\u0433\u0430\u0437\u0438\u043d\",\"item\":\"https:\\\/\\\/skyline-gs.com\\\/cs\\\/shop\\\/\"},{\"@type\":\"ListItem\",\"position\":3,\"name\":\"\u0410\u0431\u0443 \u0414\u0430\u0431\u0438 VIP\"}]},{\"@type\":\"WebSite\",\"@id\":\"https:\\\/\\\/skyline-gs.com\\\/it\\\/#website\",\"url\":\"https:\\\/\\\/skyline-gs.com\\\/it\\\/\",\"name\":\"\u042d\u043a\u0441\u043a\u0443\u0440\u0441\u0438\u0438 Skyline\",\"description\":\"\u042d\u043a\u0441\u043a\u043b\u044e\u0437\u0438\u0432\u043d\u044b\u0435 \u044d\u043a\u0441\u043a\u0443\u0440\u0441\u0438\u0438 \u043d\u0430 \u043b\u0443\u0447\u0448\u0438\u0445 \u043a\u0443\u0440\u043e\u0440\u0442\u0430\u0445 \u043c\u0438\u0440\u0430\",\"publisher\":{\"@id\":\"https:\\\/\\\/skyline-gs.com\\\/it\\\/#organization\"},\"alternateName\":\"Skyline\",\"potentialAction\":[{\"@type\":\"SearchAction\",\"target\":{\"@type\":\"EntryPoint\",\"urlTemplate\":\"https:\\\/\\\/skyline-gs.com\\\/it\\\/?s={search_term_string}\"},\"query-input\":{\"@type\":\"PropertyValueSpecification\",\"valueRequired\":true,\"valueName\":\"search_term_string\"}}],\"inLanguage\":\"fr-FR\"},{\"@type\":\"Organization\",\"@id\":\"https:\\\/\\\/skyline-gs.com\\\/it\\\/#organization\",\"name\":\"\u042d\u043a\u0441\u043a\u0443\u0440\u0441\u0438\u0438 Skyline\",\"alternateName\":\"\u042d\u043a\u0441\u043a\u0443\u0440\u0441\u0438\u0438 Skyline\",\"url\":\"https:\\\/\\\/skyline-gs.com\\\/it\\\/\",\"logo\":{\"@type\":\"ImageObject\",\"inLanguage\":\"fr-FR\",\"@id\":\"https:\\\/\\\/skyline-gs.com\\\/it\\\/#\\\/schema\\\/logo\\\/image\\\/\",\"url\":\"https:\\\/\\\/skyline-gs.com\\\/wp-content\\\/uploads\\\/2020\\\/12\\\/cropped-logo-2.png\",\"contentUrl\":\"https:\\\/\\\/skyline-gs.com\\\/wp-content\\\/uploads\\\/2020\\\/12\\\/cropped-logo-2.png\",\"width\":512,\"height\":512,\"caption\":\"\u042d\u043a\u0441\u043a\u0443\u0440\u0441\u0438\u0438 Skyline\"},\"image\":{\"@id\":\"https:\\\/\\\/skyline-gs.com\\\/it\\\/#\\\/schema\\\/logo\\\/image\\\/\"},\"sameAs\":[\"https:\\\/\\\/www.instagram.com\\\/skylineglobalservice\\\/\"]}]}<\/script>\n<!-- \/ Yoast SEO plugin. -->","yoast_head_json":{"title":"\u0410\u0431\u0443 \u0414\u0430\u0431\u0438 VIP &#8226; \u042d\u043a\u0441\u043a\u0443\u0440\u0441\u0438\u0438 Skyline","robots":{"index":"index","follow":"follow","max-snippet":"max-snippet:-1","max-image-preview":"max-image-preview:large","max-video-preview":"max-video-preview:-1"},"canonical":"https:\/\/skyline-gs.com\/fr\/produit\/abu-dhabi-dubai\/","og_locale":"fr_FR","og_type":"article","og_title":"\u0410\u0431\u0443 \u0414\u0430\u0431\u0438 VIP &#8226; \u042d\u043a\u0441\u043a\u0443\u0440\u0441\u0438\u0438 Skyline","og_description":"\u0412\u0440\u0435\u043c\u044f \u0442\u0443\u0440\u0430: 11:00 - 20:00  \u0414\u043d\u0438 \u043f\u0440\u043e\u0432\u0435\u0434\u0435\u043d\u0438\u044f: \u043f\u043e\u043d\u0435\u0434\u0435\u043b\u044c\u043d\u0438\u043a \u0438 \u0447\u0435\u0442\u0432\u0435\u0440\u0433","og_url":"https:\/\/skyline-gs.com\/fr\/produit\/abu-dhabi-dubai\/","og_site_name":"\u042d\u043a\u0441\u043a\u0443\u0440\u0441\u0438\u0438 Skyline","article_modified_time":"2025-11-11T22:09:05+00:00","og_image":[{"width":669,"height":446,"url":"https:\/\/skyline-gs.com\/wp-content\/uploads\/2022\/10\/13-2-1.png","type":"image\/png"}],"twitter_card":"summary_large_image","twitter_misc":{"Dur\u00e9e de lecture estim\u00e9e":"2 minutes"},"schema":{"@context":"https:\/\/schema.org","@graph":[{"@type":"WebPage","@id":"https:\/\/skyline-gs.com\/product\/abu-dhabi-dubai\/","url":"https:\/\/skyline-gs.com\/product\/abu-dhabi-dubai\/","name":"\u0410\u0431\u0443 \u0414\u0430\u0431\u0438 VIP &#8226; \u042d\u043a\u0441\u043a\u0443\u0440\u0441\u0438\u0438 Skyline","isPartOf":{"@id":"https:\/\/skyline-gs.com\/it\/#website"},"primaryImageOfPage":{"@id":"https:\/\/skyline-gs.com\/product\/abu-dhabi-dubai\/#primaryimage"},"image":{"@id":"https:\/\/skyline-gs.com\/product\/abu-dhabi-dubai\/#primaryimage"},"thumbnailUrl":"https:\/\/skyline-gs.com\/wp-content\/uploads\/2022\/10\/13-2-1.png","datePublished":"2022-10-27T14:16:49+00:00","dateModified":"2025-11-11T22:09:05+00:00","breadcrumb":{"@id":"https:\/\/skyline-gs.com\/product\/abu-dhabi-dubai\/#breadcrumb"},"inLanguage":"fr-FR","potentialAction":[{"@type":"ReadAction","target":["https:\/\/skyline-gs.com\/product\/abu-dhabi-dubai\/"]}]},{"@type":"ImageObject","inLanguage":"fr-FR","@id":"https:\/\/skyline-gs.com\/product\/abu-dhabi-dubai\/#primaryimage","url":"https:\/\/skyline-gs.com\/wp-content\/uploads\/2022\/10\/13-2-1.png","contentUrl":"https:\/\/skyline-gs.com\/wp-content\/uploads\/2022\/10\/13-2-1.png","width":669,"height":446},{"@type":"BreadcrumbList","@id":"https:\/\/skyline-gs.com\/product\/abu-dhabi-dubai\/#breadcrumb","itemListElement":[{"@type":"ListItem","position":1,"name":"\u0413\u043b\u0430\u0432\u043d\u0430\u044f \u0441\u0442\u0440\u0430\u043d\u0438\u0446\u0430","item":"https:\/\/skyline-gs.com\/hu\/"},{"@type":"ListItem","position":2,"name":"\u041c\u0430\u0433\u0430\u0437\u0438\u043d","item":"https:\/\/skyline-gs.com\/cs\/shop\/"},{"@type":"ListItem","position":3,"name":"\u0410\u0431\u0443 \u0414\u0430\u0431\u0438 VIP"}]},{"@type":"WebSite","@id":"https:\/\/skyline-gs.com\/it\/#website","url":"https:\/\/skyline-gs.com\/it\/","name":"Excursions Skyline","description":"Excursions exclusives dans les meilleurs centres de vill\u00e9giature du monde","publisher":{"@id":"https:\/\/skyline-gs.com\/it\/#organization"},"alternateName":"Skyline","potentialAction":[{"@type":"SearchAction","target":{"@type":"EntryPoint","urlTemplate":"https:\/\/skyline-gs.com\/it\/?s={search_term_string}"},"query-input":{"@type":"PropertyValueSpecification","valueRequired":true,"valueName":"search_term_string"}}],"inLanguage":"fr-FR"},{"@type":"Organization","@id":"https:\/\/skyline-gs.com\/it\/#organization","name":"Excursions Skyline","alternateName":"\u042d\u043a\u0441\u043a\u0443\u0440\u0441\u0438\u0438 Skyline","url":"https:\/\/skyline-gs.com\/it\/","logo":{"@type":"ImageObject","inLanguage":"fr-FR","@id":"https:\/\/skyline-gs.com\/it\/#\/schema\/logo\/image\/","url":"https:\/\/skyline-gs.com\/wp-content\/uploads\/2020\/12\/cropped-logo-2.png","contentUrl":"https:\/\/skyline-gs.com\/wp-content\/uploads\/2020\/12\/cropped-logo-2.png","width":512,"height":512,"caption":"\u042d\u043a\u0441\u043a\u0443\u0440\u0441\u0438\u0438 Skyline"},"image":{"@id":"https:\/\/skyline-gs.com\/it\/#\/schema\/logo\/image\/"},"sameAs":["https:\/\/www.instagram.com\/skylineglobalservice\/"]}]}},"_links":{"self":[{"href":"https:\/\/skyline-gs.com\/fr\/wp-json\/wp\/v2\/product\/40457","targetHints":{"allow":["GET"]}}],"collection":[{"href":"https:\/\/skyline-gs.com\/fr\/wp-json\/wp\/v2\/product"}],"about":[{"href":"https:\/\/skyline-gs.com\/fr\/wp-json\/wp\/v2\/types\/product"}],"version-history":[{"count":0,"href":"https:\/\/skyline-gs.com\/fr\/wp-json\/wp\/v2\/product\/40457\/revisions"}],"wp:featuredmedia":[{"embeddable":true,"href":"https:\/\/skyline-gs.com\/fr\/wp-json\/wp\/v2\/media\/40472"}],"wp:attachment":[{"href":"https:\/\/skyline-gs.com\/fr\/wp-json\/wp\/v2\/media?parent=40457"}],"wp:term":[{"taxonomy":"product_brand","embeddable":true,"href":"https:\/\/skyline-gs.com\/fr\/wp-json\/wp\/v2\/product_brand?post=40457"},{"taxonomy":"product_cat","embeddable":true,"href":"https:\/\/skyline-gs.com\/fr\/wp-json\/wp\/v2\/product_cat?post=40457"},{"taxonomy":"product_tag","embeddable":true,"href":"https:\/\/skyline-gs.com\/fr\/wp-json\/wp\/v2\/product_tag?post=40457"}],"curies":[{"name":"wp","href":"https:\/\/api.w.org\/{rel}","templated":true}]}}