{"id":39993,"date":"2022-10-23T01:39:29","date_gmt":"2022-10-22T23:39:29","guid":{"rendered":"http:\/\/skyline-gs.com\/?post_type=product&#038;p=39993"},"modified":"2025-11-04T15:10:49","modified_gmt":"2025-11-04T13:10:49","slug":"israel-tour-to-jerusalem-sharm","status":"publish","type":"product","link":"https:\/\/skyline-gs.com\/fr\/product\/israel-tour-to-jerusalem-sharm\/","title":{"rendered":"J\u00e9rusalem (Isra\u00ebl)"},"content":{"rendered":"<p>20:00 d\u00e9part de l'h\u00f4tel. Route vers la fronti\u00e8re (4 heures). Passage de la fronti\u00e8re (environ 2-3 heures). Route vers la Mer Morte (2 heures). Arr\u00eat pour se baigner. Route vers J\u00e9rusalem (1,5 heures). Arr\u00eat au Mont des Oliviers, d'o\u00f9 l'on peut voir le panorama de toute la ville de J\u00e9rusalem. Mur des lamentations. Temple du Saint-S\u00e9pulcre. La pierre de la connaissance (possibilit\u00e9 de la toucher, d'y attacher une croix). Le temple du Golgotha. Plus loin, nous suivrons le chemin du Christ apr\u00e8s sa r\u00e9surrection. Kuvukliya (o\u00f9 toutes les confessions chr\u00e9tiennes c\u00e9l\u00e8brent des offices). D\u00e9jeuner \u00e0 Bethl\u00e9em. L'\u00e9glise de la Nativit\u00e9 (\u00e9rig\u00e9e au-dessus de la grotte o\u00f9 J\u00e9sus est n\u00e9). Retour \u00e0 Sharm El Sheikh. 1h00 retour \u00e0 l'h\u00f4tel.<\/p>\n<p><strong>Inclus :<\/strong><\/p>\n<ul>\n<li>Transferts depuis et vers l'h\u00f4tel<\/li>\n<li>Tous les transferts pr\u00e9vus au programme<\/li>\n<li>Guide parlant russe<\/li>\n<li>D\u00e9jeuner \u00e0 Bethl\u00e9em<\/li>\n<li>Tous les billets d'entr\u00e9e<\/li>\n<\/ul>\n<p><strong>Emportez-le avec vous :<\/strong><\/p>\n<ul>\n<li>Passeport<\/li>\n<li>Assurance voyage (si disponible)<\/li>\n<li>Lunettes de soleil<\/li>\n<li>Coiffure<\/li>\n<li>Chaussures confortables<\/li>\n<li>V\u00eatements chauds (le bus est climatis\u00e9)<\/li>\n<li>Un masque m\u00e9dical<\/li>\n<\/ul>\n<p><strong>Conditions de r\u00e9servation :<\/strong><\/p>\n<ul>\n<li>Pr\u00e9paiement de tous les permis et taxes touristiques 75$<\/li>\n<\/ul>\n<p><strong>Informations compl\u00e9mentaires :<\/strong><\/p>\n<ul>\n<li>D\u00e9part dans la nuit du lundi au mardi et dans la nuit du jeudi au vendredi<\/li>\n<li>Aucun remboursement en cas de refus d'entr\u00e9e par les gardes-fronti\u00e8res isra\u00e9liens \u00e0 la fronti\u00e8re (si vous \u00eates inscrit sur une liste noire pour quelque raison que ce soit).<\/li>\n<li>Les citoyens du Kazakhstan, de l'Ouzb\u00e9kistan, du Kirghizstan, du Tadjikistan et de l'Arm\u00e9nie ne sont pas autoris\u00e9s \u00e0 franchir la fronti\u00e8re isra\u00e9lienne.<\/li>\n<\/ul>\n<p>&nbsp;<\/p>","protected":false},"excerpt":{"rendered":"<p><strong>Temps du Tour:<\/strong> 20:00 &#8212; 1:00<\/p>\n<p><strong>Jours de D\u00e9roulement:<\/strong> Mardi, samedi<\/p>","protected":false},"featured_media":39995,"template":"","meta":{"_kad_post_transparent":"default","_kad_post_title":"","_kad_post_layout":"default","_kad_post_sidebar_id":"","_kad_post_content_style":"default","_kad_post_vertical_padding":"default","_kad_post_feature":"","_kad_post_feature_position":"","_kad_post_header":false,"_kad_post_footer":false,"_kad_post_classname":"","_glsr_average":0,"_glsr_ranking":0,"_glsr_reviews":0},"product_brand":[],"product_cat":[435],"product_tag":[],"class_list":{"0":"post-39993","1":"product","2":"type-product","3":"status-publish","4":"has-post-thumbnail","6":"product_cat-sharm-el-sheikh","7":"tm-has-options","9":"first","10":"instock","11":"sale","12":"sold-individually","13":"taxable","14":"shipping-taxable","15":"purchasable","16":"product-type-simple","17":"entry","18":"content-bg","19":"loop-entry"},"yoast_head":"<!-- This site is optimized with the Yoast SEO plugin v27.3 - https:\/\/yoast.com\/product\/yoast-seo-wordpress\/ -->\n<title>\u0418\u0435\u0440\u0443\u0441\u0430\u043b\u0438\u043c (\u0418\u0437\u0440\u0430\u0438\u043b\u044c) &#8226; \u042d\u043a\u0441\u043a\u0443\u0440\u0441\u0438\u0438 Skyline<\/title>\n<meta name=\"robots\" content=\"index, follow, max-snippet:-1, max-image-preview:large, max-video-preview:-1\" \/>\n<link rel=\"canonical\" href=\"http:\/\/skyline-gs.com\/fr\/produit\/israel-tour-to-jerusalem-sharm\/\" \/>\n<meta property=\"og:locale\" content=\"fr_FR\" \/>\n<meta property=\"og:type\" content=\"article\" \/>\n<meta property=\"og:title\" content=\"\u0418\u0435\u0440\u0443\u0441\u0430\u043b\u0438\u043c (\u0418\u0437\u0440\u0430\u0438\u043b\u044c) &#8226; \u042d\u043a\u0441\u043a\u0443\u0440\u0441\u0438\u0438 Skyline\" \/>\n<meta property=\"og:description\" content=\"\u0412\u0440\u0435\u043c\u044f \u0442\u0443\u0440\u0430: 20:00 - 1:00  \u0414\u043d\u0438 \u043f\u0440\u043e\u0432\u0435\u0434\u0435\u043d\u0438\u044f: \u0412\u0442\u043e\u0440\u043d\u0438\u043a, \u0421\u0443\u0431\u0431\u043e\u0442\u0430\" \/>\n<meta property=\"og:url\" content=\"http:\/\/skyline-gs.com\/fr\/produit\/israel-tour-to-jerusalem-sharm\/\" \/>\n<meta property=\"og:site_name\" content=\"\u042d\u043a\u0441\u043a\u0443\u0440\u0441\u0438\u0438 Skyline\" \/>\n<meta property=\"article:modified_time\" content=\"2025-11-04T13:10:49+00:00\" \/>\n<meta property=\"og:image\" content=\"https:\/\/skyline-gs.com\/wp-content\/uploads\/2022\/10\/1-4.png\" \/>\n\t<meta property=\"og:image:width\" content=\"669\" \/>\n\t<meta property=\"og:image:height\" content=\"446\" \/>\n\t<meta property=\"og:image:type\" content=\"image\/png\" \/>\n<meta name=\"twitter:card\" content=\"summary_large_image\" \/>\n<meta name=\"twitter:label1\" content=\"Dur\u00e9e de lecture estim\u00e9e\" \/>\n\t<meta name=\"twitter:data1\" content=\"2 minutes\" \/>\n<script type=\"application\/ld+json\" class=\"yoast-schema-graph\">{\"@context\":\"https:\\\/\\\/schema.org\",\"@graph\":[{\"@type\":\"WebPage\",\"@id\":\"http:\\\/\\\/skyline-gs.com\\\/de\\\/produkt\\\/israel-tour-to-jerusalem-sharm\\\/\",\"url\":\"http:\\\/\\\/skyline-gs.com\\\/de\\\/produkt\\\/israel-tour-to-jerusalem-sharm\\\/\",\"name\":\"\u0418\u0435\u0440\u0443\u0441\u0430\u043b\u0438\u043c (\u0418\u0437\u0440\u0430\u0438\u043b\u044c) &#8226; \u042d\u043a\u0441\u043a\u0443\u0440\u0441\u0438\u0438 Skyline\",\"isPartOf\":{\"@id\":\"https:\\\/\\\/skyline-gs.com\\\/it\\\/#website\"},\"primaryImageOfPage\":{\"@id\":\"http:\\\/\\\/skyline-gs.com\\\/de\\\/produkt\\\/israel-tour-to-jerusalem-sharm\\\/#primaryimage\"},\"image\":{\"@id\":\"http:\\\/\\\/skyline-gs.com\\\/de\\\/produkt\\\/israel-tour-to-jerusalem-sharm\\\/#primaryimage\"},\"thumbnailUrl\":\"https:\\\/\\\/skyline-gs.com\\\/wp-content\\\/uploads\\\/2022\\\/10\\\/1-4.png\",\"datePublished\":\"2022-10-22T23:39:29+00:00\",\"dateModified\":\"2025-11-04T13:10:49+00:00\",\"breadcrumb\":{\"@id\":\"http:\\\/\\\/skyline-gs.com\\\/de\\\/produkt\\\/israel-tour-to-jerusalem-sharm\\\/#breadcrumb\"},\"inLanguage\":\"fr-FR\",\"potentialAction\":[{\"@type\":\"ReadAction\",\"target\":[\"http:\\\/\\\/skyline-gs.com\\\/de\\\/produkt\\\/israel-tour-to-jerusalem-sharm\\\/\"]}]},{\"@type\":\"ImageObject\",\"inLanguage\":\"fr-FR\",\"@id\":\"http:\\\/\\\/skyline-gs.com\\\/de\\\/produkt\\\/israel-tour-to-jerusalem-sharm\\\/#primaryimage\",\"url\":\"https:\\\/\\\/skyline-gs.com\\\/wp-content\\\/uploads\\\/2022\\\/10\\\/1-4.png\",\"contentUrl\":\"https:\\\/\\\/skyline-gs.com\\\/wp-content\\\/uploads\\\/2022\\\/10\\\/1-4.png\",\"width\":669,\"height\":446},{\"@type\":\"BreadcrumbList\",\"@id\":\"http:\\\/\\\/skyline-gs.com\\\/de\\\/produkt\\\/israel-tour-to-jerusalem-sharm\\\/#breadcrumb\",\"itemListElement\":[{\"@type\":\"ListItem\",\"position\":1,\"name\":\"\u0413\u043b\u0430\u0432\u043d\u0430\u044f \u0441\u0442\u0440\u0430\u043d\u0438\u0446\u0430\",\"item\":\"https:\\\/\\\/skyline-gs.com\\\/hu\\\/\"},{\"@type\":\"ListItem\",\"position\":2,\"name\":\"\u041c\u0430\u0433\u0430\u0437\u0438\u043d\",\"item\":\"https:\\\/\\\/skyline-gs.com\\\/cs\\\/shop\\\/\"},{\"@type\":\"ListItem\",\"position\":3,\"name\":\"\u0418\u0435\u0440\u0443\u0441\u0430\u043b\u0438\u043c (\u0418\u0437\u0440\u0430\u0438\u043b\u044c)\"}]},{\"@type\":\"WebSite\",\"@id\":\"https:\\\/\\\/skyline-gs.com\\\/it\\\/#website\",\"url\":\"https:\\\/\\\/skyline-gs.com\\\/it\\\/\",\"name\":\"\u042d\u043a\u0441\u043a\u0443\u0440\u0441\u0438\u0438 Skyline\",\"description\":\"\u042d\u043a\u0441\u043a\u043b\u044e\u0437\u0438\u0432\u043d\u044b\u0435 \u044d\u043a\u0441\u043a\u0443\u0440\u0441\u0438\u0438 \u043d\u0430 \u043b\u0443\u0447\u0448\u0438\u0445 \u043a\u0443\u0440\u043e\u0440\u0442\u0430\u0445 \u043c\u0438\u0440\u0430\",\"publisher\":{\"@id\":\"https:\\\/\\\/skyline-gs.com\\\/it\\\/#organization\"},\"alternateName\":\"Skyline\",\"potentialAction\":[{\"@type\":\"SearchAction\",\"target\":{\"@type\":\"EntryPoint\",\"urlTemplate\":\"https:\\\/\\\/skyline-gs.com\\\/it\\\/?s={search_term_string}\"},\"query-input\":{\"@type\":\"PropertyValueSpecification\",\"valueRequired\":true,\"valueName\":\"search_term_string\"}}],\"inLanguage\":\"fr-FR\"},{\"@type\":\"Organization\",\"@id\":\"https:\\\/\\\/skyline-gs.com\\\/it\\\/#organization\",\"name\":\"\u042d\u043a\u0441\u043a\u0443\u0440\u0441\u0438\u0438 Skyline\",\"alternateName\":\"\u042d\u043a\u0441\u043a\u0443\u0440\u0441\u0438\u0438 Skyline\",\"url\":\"https:\\\/\\\/skyline-gs.com\\\/it\\\/\",\"logo\":{\"@type\":\"ImageObject\",\"inLanguage\":\"fr-FR\",\"@id\":\"https:\\\/\\\/skyline-gs.com\\\/it\\\/#\\\/schema\\\/logo\\\/image\\\/\",\"url\":\"https:\\\/\\\/skyline-gs.com\\\/wp-content\\\/uploads\\\/2020\\\/12\\\/cropped-logo-2.png\",\"contentUrl\":\"https:\\\/\\\/skyline-gs.com\\\/wp-content\\\/uploads\\\/2020\\\/12\\\/cropped-logo-2.png\",\"width\":512,\"height\":512,\"caption\":\"\u042d\u043a\u0441\u043a\u0443\u0440\u0441\u0438\u0438 Skyline\"},\"image\":{\"@id\":\"https:\\\/\\\/skyline-gs.com\\\/it\\\/#\\\/schema\\\/logo\\\/image\\\/\"},\"sameAs\":[\"https:\\\/\\\/www.instagram.com\\\/skylineglobalservice\\\/\"]}]}<\/script>\n<!-- \/ Yoast SEO plugin. -->","yoast_head_json":{"title":"\u0418\u0435\u0440\u0443\u0441\u0430\u043b\u0438\u043c (\u0418\u0437\u0440\u0430\u0438\u043b\u044c) &#8226; \u042d\u043a\u0441\u043a\u0443\u0440\u0441\u0438\u0438 Skyline","robots":{"index":"index","follow":"follow","max-snippet":"max-snippet:-1","max-image-preview":"max-image-preview:large","max-video-preview":"max-video-preview:-1"},"canonical":"http:\/\/skyline-gs.com\/fr\/produit\/israel-tour-to-jerusalem-sharm\/","og_locale":"fr_FR","og_type":"article","og_title":"\u0418\u0435\u0440\u0443\u0441\u0430\u043b\u0438\u043c (\u0418\u0437\u0440\u0430\u0438\u043b\u044c) &#8226; \u042d\u043a\u0441\u043a\u0443\u0440\u0441\u0438\u0438 Skyline","og_description":"\u0412\u0440\u0435\u043c\u044f \u0442\u0443\u0440\u0430: 20:00 - 1:00  \u0414\u043d\u0438 \u043f\u0440\u043e\u0432\u0435\u0434\u0435\u043d\u0438\u044f: \u0412\u0442\u043e\u0440\u043d\u0438\u043a, \u0421\u0443\u0431\u0431\u043e\u0442\u0430","og_url":"http:\/\/skyline-gs.com\/fr\/produit\/israel-tour-to-jerusalem-sharm\/","og_site_name":"\u042d\u043a\u0441\u043a\u0443\u0440\u0441\u0438\u0438 Skyline","article_modified_time":"2025-11-04T13:10:49+00:00","og_image":[{"width":669,"height":446,"url":"https:\/\/skyline-gs.com\/wp-content\/uploads\/2022\/10\/1-4.png","type":"image\/png"}],"twitter_card":"summary_large_image","twitter_misc":{"Dur\u00e9e de lecture estim\u00e9e":"2 minutes"},"schema":{"@context":"https:\/\/schema.org","@graph":[{"@type":"WebPage","@id":"http:\/\/skyline-gs.com\/de\/produkt\/israel-tour-to-jerusalem-sharm\/","url":"http:\/\/skyline-gs.com\/de\/produkt\/israel-tour-to-jerusalem-sharm\/","name":"\u0418\u0435\u0440\u0443\u0441\u0430\u043b\u0438\u043c (\u0418\u0437\u0440\u0430\u0438\u043b\u044c) &#8226; \u042d\u043a\u0441\u043a\u0443\u0440\u0441\u0438\u0438 Skyline","isPartOf":{"@id":"https:\/\/skyline-gs.com\/it\/#website"},"primaryImageOfPage":{"@id":"http:\/\/skyline-gs.com\/de\/produkt\/israel-tour-to-jerusalem-sharm\/#primaryimage"},"image":{"@id":"http:\/\/skyline-gs.com\/de\/produkt\/israel-tour-to-jerusalem-sharm\/#primaryimage"},"thumbnailUrl":"https:\/\/skyline-gs.com\/wp-content\/uploads\/2022\/10\/1-4.png","datePublished":"2022-10-22T23:39:29+00:00","dateModified":"2025-11-04T13:10:49+00:00","breadcrumb":{"@id":"http:\/\/skyline-gs.com\/de\/produkt\/israel-tour-to-jerusalem-sharm\/#breadcrumb"},"inLanguage":"fr-FR","potentialAction":[{"@type":"ReadAction","target":["http:\/\/skyline-gs.com\/de\/produkt\/israel-tour-to-jerusalem-sharm\/"]}]},{"@type":"ImageObject","inLanguage":"fr-FR","@id":"http:\/\/skyline-gs.com\/de\/produkt\/israel-tour-to-jerusalem-sharm\/#primaryimage","url":"https:\/\/skyline-gs.com\/wp-content\/uploads\/2022\/10\/1-4.png","contentUrl":"https:\/\/skyline-gs.com\/wp-content\/uploads\/2022\/10\/1-4.png","width":669,"height":446},{"@type":"BreadcrumbList","@id":"http:\/\/skyline-gs.com\/de\/produkt\/israel-tour-to-jerusalem-sharm\/#breadcrumb","itemListElement":[{"@type":"ListItem","position":1,"name":"\u0413\u043b\u0430\u0432\u043d\u0430\u044f \u0441\u0442\u0440\u0430\u043d\u0438\u0446\u0430","item":"https:\/\/skyline-gs.com\/hu\/"},{"@type":"ListItem","position":2,"name":"\u041c\u0430\u0433\u0430\u0437\u0438\u043d","item":"https:\/\/skyline-gs.com\/cs\/shop\/"},{"@type":"ListItem","position":3,"name":"\u0418\u0435\u0440\u0443\u0441\u0430\u043b\u0438\u043c (\u0418\u0437\u0440\u0430\u0438\u043b\u044c)"}]},{"@type":"WebSite","@id":"https:\/\/skyline-gs.com\/it\/#website","url":"https:\/\/skyline-gs.com\/it\/","name":"Excursions Skyline","description":"Excursions exclusives dans les meilleurs centres de vill\u00e9giature du monde","publisher":{"@id":"https:\/\/skyline-gs.com\/it\/#organization"},"alternateName":"Skyline","potentialAction":[{"@type":"SearchAction","target":{"@type":"EntryPoint","urlTemplate":"https:\/\/skyline-gs.com\/it\/?s={search_term_string}"},"query-input":{"@type":"PropertyValueSpecification","valueRequired":true,"valueName":"search_term_string"}}],"inLanguage":"fr-FR"},{"@type":"Organization","@id":"https:\/\/skyline-gs.com\/it\/#organization","name":"Excursions Skyline","alternateName":"\u042d\u043a\u0441\u043a\u0443\u0440\u0441\u0438\u0438 Skyline","url":"https:\/\/skyline-gs.com\/it\/","logo":{"@type":"ImageObject","inLanguage":"fr-FR","@id":"https:\/\/skyline-gs.com\/it\/#\/schema\/logo\/image\/","url":"https:\/\/skyline-gs.com\/wp-content\/uploads\/2020\/12\/cropped-logo-2.png","contentUrl":"https:\/\/skyline-gs.com\/wp-content\/uploads\/2020\/12\/cropped-logo-2.png","width":512,"height":512,"caption":"\u042d\u043a\u0441\u043a\u0443\u0440\u0441\u0438\u0438 Skyline"},"image":{"@id":"https:\/\/skyline-gs.com\/it\/#\/schema\/logo\/image\/"},"sameAs":["https:\/\/www.instagram.com\/skylineglobalservice\/"]}]}},"_links":{"self":[{"href":"https:\/\/skyline-gs.com\/fr\/wp-json\/wp\/v2\/product\/39993","targetHints":{"allow":["GET"]}}],"collection":[{"href":"https:\/\/skyline-gs.com\/fr\/wp-json\/wp\/v2\/product"}],"about":[{"href":"https:\/\/skyline-gs.com\/fr\/wp-json\/wp\/v2\/types\/product"}],"version-history":[{"count":0,"href":"https:\/\/skyline-gs.com\/fr\/wp-json\/wp\/v2\/product\/39993\/revisions"}],"wp:featuredmedia":[{"embeddable":true,"href":"https:\/\/skyline-gs.com\/fr\/wp-json\/wp\/v2\/media\/39995"}],"wp:attachment":[{"href":"https:\/\/skyline-gs.com\/fr\/wp-json\/wp\/v2\/media?parent=39993"}],"wp:term":[{"taxonomy":"product_brand","embeddable":true,"href":"https:\/\/skyline-gs.com\/fr\/wp-json\/wp\/v2\/product_brand?post=39993"},{"taxonomy":"product_cat","embeddable":true,"href":"https:\/\/skyline-gs.com\/fr\/wp-json\/wp\/v2\/product_cat?post=39993"},{"taxonomy":"product_tag","embeddable":true,"href":"https:\/\/skyline-gs.com\/fr\/wp-json\/wp\/v2\/product_tag?post=39993"}],"curies":[{"name":"wp","href":"https:\/\/api.w.org\/{rel}","templated":true}]}}