{"id":39896,"date":"2022-10-16T22:30:42","date_gmt":"2022-10-16T20:30:42","guid":{"rendered":"http:\/\/skyline-gs.com\/?post_type=product&#038;p=39896"},"modified":"2026-02-26T00:10:33","modified_gmt":"2026-02-25T22:10:33","slug":"safari-combo-dubai-2","status":"publish","type":"product","link":"https:\/\/skyline-gs.com\/fr\/product\/safari-combo-dubai\/","title":{"rendered":"Safari dans le d\u00e9sert (buggies et quads)"},"content":{"rendered":"<p>Ressentir l'adr\u00e9naline et la libert\u00e9 de la vitesse lors des sensations fortes. <strong>safari dans le d\u00e9sert<\/strong>. C'est <strong>aventure individuelle<\/strong> vous procurera un maximum d'\u00e9motions, de dynamisme et d'impressions vives au milieu des dunes dor\u00e9es.<br \/>\nAvant de commencer le voyage, des guides professionnels vous donneront un briefing et vous fourniront tout l'\u00e9quipement n\u00e9cessaire. Apr\u00e8s une rapide formation, vous partirez \u00e0 la conqu\u00eate du d\u00e9sert avec l'\u00e9quipement choisi.<\/p>\n<ul>\n<li>Apr\u00e8s le briefing et la <strong>pourvoirie<\/strong> vous allez aller \u00e0 <strong>guid\u00e9<\/strong> le long de routes panoramiques entre les dunes.<\/li>\n<li>La visite comprend <strong>photostop<\/strong> dans le d\u00e9sert o\u00f9 <strong>vous pourrez prendre des photos spectaculaires<\/strong> contre les vastes \u00e9tendues de sable.<\/li>\n<li><strong>En option<\/strong> Apr\u00e8s la randonn\u00e9e, vous pourrez vous d\u00e9tendre dans un campement b\u00e9douin traditionnel. <strong>(suppl\u00e9ment)<\/strong>. Vous profiterez d'un d\u00eener buffet arabe, d'un programme de divertissement et d'une occasion d'essayer la shisha.<\/li>\n<li>Vous <strong>vous pouvez choisir<\/strong> quad puissant <strong>Honda, Yamaha, Suzuki (625 cc)<\/strong> ou \u00e0 la pointe de la technologie <strong>Buggy Polaris 1000 cc<\/strong>.<\/li>\n<\/ul>\n<p><strong>Transfert<\/strong><\/p>\n<p><strong><em>Transfert de groupe<\/em><\/strong><\/p>\n<ul>\n<li>Transfert depuis et vers l'h\u00f4tel<\/li>\n<li>Depuis Duba\u00ef - possible \u00e0 partir de 1 personne<\/li>\n<li>Au d\u00e9part de Sharjah ou d'Ajman - possible pour les r\u00e9servations de 4 personnes ou plus<\/li>\n<\/ul>\n<p><em><strong>Transfert individuel<\/strong><\/em><br \/>\nComprend les transferts vers et depuis le d\u00e9sert :<\/p>\n<ul>\n<li>150$ - monospace (jusqu'\u00e0 6 personnes)<\/li>\n<li>250$ - Jeep (jusqu'\u00e0 6 personnes)<\/li>\n<li>Les transferts de groupe au d\u00e9part de Sharjah ou d'Ajman ne sont disponibles que pour les r\u00e9servations de 4 personnes ou plus.<\/li>\n<\/ul>\n<p><strong>Inclus :<\/strong><\/p>\n<ul>\n<li>Transferts depuis et vers l'h\u00f4tel<\/li>\n<li>Quad et buggy<\/li>\n<\/ul>\n<p><strong>Extras :<\/strong><\/p>\n<ul>\n<li>D\u00eener dans un campement b\u00e9douin - <strong>45$ par personne<\/strong> (disponible lors de la r\u00e9servation d'une poussette \u00e0 partir de 15h00)<\/li>\n<\/ul>\n<p><strong>Que faut-il apporter ?<\/strong><\/p>\n<ul>\n<li>Appareil photo<\/li>\n<li>V\u00eatements chauds (en automne et en hiver)<\/li>\n<li>Argent pour les d\u00e9penses personnelles et les souvenirs<\/li>\n<\/ul>\n<p><strong>Conditions de r\u00e9servation :<\/strong><\/p>\n<ul>\n<li><strong>Paiement anticip\u00e9 100%<\/strong>. Nous acceptons les paiements par transfert de carte\u00a0<strong>en dollars, euros, roubles, hryvnias. Ainsi qu'en USDT vers le crypto-monnaie<\/strong>.<\/li>\n<\/ul>","protected":false},"excerpt":{"rendered":"<p><strong>Dur\u00e9e de la visite :<\/strong> 60 minutes<\/p>\n<p><strong>Jours de D\u00e9roulement:<\/strong> Chaque jour<\/p>","protected":false},"featured_media":39898,"template":"","meta":{"_kad_post_transparent":"default","_kad_post_title":"","_kad_post_layout":"default","_kad_post_sidebar_id":"","_kad_post_content_style":"default","_kad_post_vertical_padding":"default","_kad_post_feature":"","_kad_post_feature_position":"","_kad_post_header":false,"_kad_post_footer":false,"_kad_post_classname":"","_glsr_average":0,"_glsr_ranking":0,"_glsr_reviews":0},"product_brand":[],"product_cat":[438],"product_tag":[],"class_list":{"0":"post-39896","1":"product","2":"type-product","3":"status-publish","4":"has-post-thumbnail","6":"product_cat-dubai","7":"tm-has-options","9":"first","10":"instock","11":"sold-individually","12":"taxable","13":"shipping-taxable","14":"purchasable","15":"product-type-simple","16":"entry","17":"content-bg","18":"loop-entry"},"yoast_head":"<!-- This site is optimized with the Yoast SEO plugin v27.3 - https:\/\/yoast.com\/product\/yoast-seo-wordpress\/ -->\n<title>\u0421\u0430\u0444\u0430\u0440\u0438 \u041a\u043e\u043c\u0431\u043e \u0432 \u043f\u0443\u0441\u0442\u044b\u043d\u0435 (\u0431\u0430\u0433\u0433\u0438 \u0438 \u043a\u0432\u0430\u0434\u0440\u043e\u0446\u0438\u043a\u043b\u044b) &#8226; \u042d\u043a\u0441\u043a\u0443\u0440\u0441\u0438\u0438 Skyline<\/title>\n<meta name=\"robots\" content=\"index, follow, max-snippet:-1, max-image-preview:large, max-video-preview:-1\" \/>\n<link rel=\"canonical\" href=\"https:\/\/skyline-gs.com\/fr\/produit\/safari-combo-dubai-2\/\" \/>\n<meta property=\"og:locale\" content=\"fr_FR\" \/>\n<meta property=\"og:type\" content=\"article\" \/>\n<meta property=\"og:title\" content=\"\u0421\u0430\u0444\u0430\u0440\u0438 \u041a\u043e\u043c\u0431\u043e \u0432 \u043f\u0443\u0441\u0442\u044b\u043d\u0435 (\u0431\u0430\u0433\u0433\u0438 \u0438 \u043a\u0432\u0430\u0434\u0440\u043e\u0446\u0438\u043a\u043b\u044b) &#8226; \u042d\u043a\u0441\u043a\u0443\u0440\u0441\u0438\u0438 Skyline\" \/>\n<meta property=\"og:description\" content=\"\u041f\u0440\u043e\u0434\u043e\u043b\u0436\u0438\u0442\u0435\u043b\u044c\u043d\u043e\u0441\u0442\u044c \u0442\u0443\u0440\u0430: 60 \u043c\u0438\u043d\u0443\u0442  \u0414\u043d\u0438 \u043f\u0440\u043e\u0432\u0435\u0434\u0435\u043d\u0438\u044f: \u0435\u0436\u0435\u0434\u043d\u0435\u0432\u043d\u043e\" \/>\n<meta property=\"og:url\" content=\"https:\/\/skyline-gs.com\/fr\/produit\/safari-combo-dubai-2\/\" \/>\n<meta property=\"og:site_name\" content=\"\u042d\u043a\u0441\u043a\u0443\u0440\u0441\u0438\u0438 Skyline\" \/>\n<meta property=\"article:modified_time\" content=\"2026-02-25T22:10:33+00:00\" \/>\n<meta property=\"og:image\" content=\"https:\/\/skyline-gs.com\/wp-content\/uploads\/2022\/10\/4-1.png\" \/>\n\t<meta property=\"og:image:width\" content=\"669\" \/>\n\t<meta property=\"og:image:height\" content=\"446\" \/>\n\t<meta property=\"og:image:type\" content=\"image\/png\" \/>\n<meta name=\"twitter:card\" content=\"summary_large_image\" \/>\n<meta name=\"twitter:label1\" content=\"Dur\u00e9e de lecture estim\u00e9e\" \/>\n\t<meta name=\"twitter:data1\" content=\"2 minutes\" \/>\n<script type=\"application\/ld+json\" class=\"yoast-schema-graph\">{\"@context\":\"https:\\\/\\\/schema.org\",\"@graph\":[{\"@type\":\"WebPage\",\"@id\":\"https:\\\/\\\/skyline-gs.com\\\/product\\\/safari-combo-dubai\\\/\",\"url\":\"https:\\\/\\\/skyline-gs.com\\\/product\\\/safari-combo-dubai\\\/\",\"name\":\"\u0421\u0430\u0444\u0430\u0440\u0438 \u041a\u043e\u043c\u0431\u043e \u0432 \u043f\u0443\u0441\u0442\u044b\u043d\u0435 (\u0431\u0430\u0433\u0433\u0438 \u0438 \u043a\u0432\u0430\u0434\u0440\u043e\u0446\u0438\u043a\u043b\u044b) &#8226; \u042d\u043a\u0441\u043a\u0443\u0440\u0441\u0438\u0438 Skyline\",\"isPartOf\":{\"@id\":\"https:\\\/\\\/skyline-gs.com\\\/it\\\/#website\"},\"primaryImageOfPage\":{\"@id\":\"https:\\\/\\\/skyline-gs.com\\\/product\\\/safari-combo-dubai\\\/#primaryimage\"},\"image\":{\"@id\":\"https:\\\/\\\/skyline-gs.com\\\/product\\\/safari-combo-dubai\\\/#primaryimage\"},\"thumbnailUrl\":\"https:\\\/\\\/skyline-gs.com\\\/wp-content\\\/uploads\\\/2022\\\/10\\\/4-1.png\",\"datePublished\":\"2022-10-16T20:30:42+00:00\",\"dateModified\":\"2026-02-25T22:10:33+00:00\",\"breadcrumb\":{\"@id\":\"https:\\\/\\\/skyline-gs.com\\\/product\\\/safari-combo-dubai\\\/#breadcrumb\"},\"inLanguage\":\"fr-FR\",\"potentialAction\":[{\"@type\":\"ReadAction\",\"target\":[\"https:\\\/\\\/skyline-gs.com\\\/product\\\/safari-combo-dubai\\\/\"]}]},{\"@type\":\"ImageObject\",\"inLanguage\":\"fr-FR\",\"@id\":\"https:\\\/\\\/skyline-gs.com\\\/product\\\/safari-combo-dubai\\\/#primaryimage\",\"url\":\"https:\\\/\\\/skyline-gs.com\\\/wp-content\\\/uploads\\\/2022\\\/10\\\/4-1.png\",\"contentUrl\":\"https:\\\/\\\/skyline-gs.com\\\/wp-content\\\/uploads\\\/2022\\\/10\\\/4-1.png\",\"width\":669,\"height\":446},{\"@type\":\"BreadcrumbList\",\"@id\":\"https:\\\/\\\/skyline-gs.com\\\/product\\\/safari-combo-dubai\\\/#breadcrumb\",\"itemListElement\":[{\"@type\":\"ListItem\",\"position\":1,\"name\":\"\u0413\u043b\u0430\u0432\u043d\u0430\u044f \u0441\u0442\u0440\u0430\u043d\u0438\u0446\u0430\",\"item\":\"https:\\\/\\\/skyline-gs.com\\\/hu\\\/\"},{\"@type\":\"ListItem\",\"position\":2,\"name\":\"\u041c\u0430\u0433\u0430\u0437\u0438\u043d\",\"item\":\"https:\\\/\\\/skyline-gs.com\\\/cs\\\/shop\\\/\"},{\"@type\":\"ListItem\",\"position\":3,\"name\":\"\u0421\u0430\u0444\u0430\u0440\u0438 \u041a\u043e\u043c\u0431\u043e \u0432 \u043f\u0443\u0441\u0442\u044b\u043d\u0435 (\u0431\u0430\u0433\u0433\u0438 \u0438 \u043a\u0432\u0430\u0434\u0440\u043e\u0446\u0438\u043a\u043b\u044b)\"}]},{\"@type\":\"WebSite\",\"@id\":\"https:\\\/\\\/skyline-gs.com\\\/it\\\/#website\",\"url\":\"https:\\\/\\\/skyline-gs.com\\\/it\\\/\",\"name\":\"\u042d\u043a\u0441\u043a\u0443\u0440\u0441\u0438\u0438 Skyline\",\"description\":\"\u042d\u043a\u0441\u043a\u043b\u044e\u0437\u0438\u0432\u043d\u044b\u0435 \u044d\u043a\u0441\u043a\u0443\u0440\u0441\u0438\u0438 \u043d\u0430 \u043b\u0443\u0447\u0448\u0438\u0445 \u043a\u0443\u0440\u043e\u0440\u0442\u0430\u0445 \u043c\u0438\u0440\u0430\",\"publisher\":{\"@id\":\"https:\\\/\\\/skyline-gs.com\\\/it\\\/#organization\"},\"alternateName\":\"Skyline\",\"potentialAction\":[{\"@type\":\"SearchAction\",\"target\":{\"@type\":\"EntryPoint\",\"urlTemplate\":\"https:\\\/\\\/skyline-gs.com\\\/it\\\/?s={search_term_string}\"},\"query-input\":{\"@type\":\"PropertyValueSpecification\",\"valueRequired\":true,\"valueName\":\"search_term_string\"}}],\"inLanguage\":\"fr-FR\"},{\"@type\":\"Organization\",\"@id\":\"https:\\\/\\\/skyline-gs.com\\\/it\\\/#organization\",\"name\":\"\u042d\u043a\u0441\u043a\u0443\u0440\u0441\u0438\u0438 Skyline\",\"alternateName\":\"\u042d\u043a\u0441\u043a\u0443\u0440\u0441\u0438\u0438 Skyline\",\"url\":\"https:\\\/\\\/skyline-gs.com\\\/it\\\/\",\"logo\":{\"@type\":\"ImageObject\",\"inLanguage\":\"fr-FR\",\"@id\":\"https:\\\/\\\/skyline-gs.com\\\/it\\\/#\\\/schema\\\/logo\\\/image\\\/\",\"url\":\"https:\\\/\\\/skyline-gs.com\\\/wp-content\\\/uploads\\\/2020\\\/12\\\/cropped-logo-2.png\",\"contentUrl\":\"https:\\\/\\\/skyline-gs.com\\\/wp-content\\\/uploads\\\/2020\\\/12\\\/cropped-logo-2.png\",\"width\":512,\"height\":512,\"caption\":\"\u042d\u043a\u0441\u043a\u0443\u0440\u0441\u0438\u0438 Skyline\"},\"image\":{\"@id\":\"https:\\\/\\\/skyline-gs.com\\\/it\\\/#\\\/schema\\\/logo\\\/image\\\/\"},\"sameAs\":[\"https:\\\/\\\/www.instagram.com\\\/skylineglobalservice\\\/\"]}]}<\/script>\n<!-- \/ Yoast SEO plugin. -->","yoast_head_json":{"title":"Safari dans le d\u00e9sert (buggies et quads) - Skyline Excursions","robots":{"index":"index","follow":"follow","max-snippet":"max-snippet:-1","max-image-preview":"max-image-preview:large","max-video-preview":"max-video-preview:-1"},"canonical":"https:\/\/skyline-gs.com\/fr\/produit\/safari-combo-dubai-2\/","og_locale":"fr_FR","og_type":"article","og_title":"\u0421\u0430\u0444\u0430\u0440\u0438 \u041a\u043e\u043c\u0431\u043e \u0432 \u043f\u0443\u0441\u0442\u044b\u043d\u0435 (\u0431\u0430\u0433\u0433\u0438 \u0438 \u043a\u0432\u0430\u0434\u0440\u043e\u0446\u0438\u043a\u043b\u044b) &#8226; \u042d\u043a\u0441\u043a\u0443\u0440\u0441\u0438\u0438 Skyline","og_description":"\u041f\u0440\u043e\u0434\u043e\u043b\u0436\u0438\u0442\u0435\u043b\u044c\u043d\u043e\u0441\u0442\u044c \u0442\u0443\u0440\u0430: 60 \u043c\u0438\u043d\u0443\u0442  \u0414\u043d\u0438 \u043f\u0440\u043e\u0432\u0435\u0434\u0435\u043d\u0438\u044f: \u0435\u0436\u0435\u0434\u043d\u0435\u0432\u043d\u043e","og_url":"https:\/\/skyline-gs.com\/fr\/produit\/safari-combo-dubai-2\/","og_site_name":"\u042d\u043a\u0441\u043a\u0443\u0440\u0441\u0438\u0438 Skyline","article_modified_time":"2026-02-25T22:10:33+00:00","og_image":[{"width":669,"height":446,"url":"https:\/\/skyline-gs.com\/wp-content\/uploads\/2022\/10\/4-1.png","type":"image\/png"}],"twitter_card":"summary_large_image","twitter_misc":{"Dur\u00e9e de lecture estim\u00e9e":"2 minutes"},"schema":{"@context":"https:\/\/schema.org","@graph":[{"@type":"WebPage","@id":"https:\/\/skyline-gs.com\/product\/safari-combo-dubai\/","url":"https:\/\/skyline-gs.com\/product\/safari-combo-dubai\/","name":"Safari dans le d\u00e9sert (buggies et quads) - Skyline Excursions","isPartOf":{"@id":"https:\/\/skyline-gs.com\/it\/#website"},"primaryImageOfPage":{"@id":"https:\/\/skyline-gs.com\/product\/safari-combo-dubai\/#primaryimage"},"image":{"@id":"https:\/\/skyline-gs.com\/product\/safari-combo-dubai\/#primaryimage"},"thumbnailUrl":"https:\/\/skyline-gs.com\/wp-content\/uploads\/2022\/10\/4-1.png","datePublished":"2022-10-16T20:30:42+00:00","dateModified":"2026-02-25T22:10:33+00:00","breadcrumb":{"@id":"https:\/\/skyline-gs.com\/product\/safari-combo-dubai\/#breadcrumb"},"inLanguage":"fr-FR","potentialAction":[{"@type":"ReadAction","target":["https:\/\/skyline-gs.com\/product\/safari-combo-dubai\/"]}]},{"@type":"ImageObject","inLanguage":"fr-FR","@id":"https:\/\/skyline-gs.com\/product\/safari-combo-dubai\/#primaryimage","url":"https:\/\/skyline-gs.com\/wp-content\/uploads\/2022\/10\/4-1.png","contentUrl":"https:\/\/skyline-gs.com\/wp-content\/uploads\/2022\/10\/4-1.png","width":669,"height":446},{"@type":"BreadcrumbList","@id":"https:\/\/skyline-gs.com\/product\/safari-combo-dubai\/#breadcrumb","itemListElement":[{"@type":"ListItem","position":1,"name":"\u0413\u043b\u0430\u0432\u043d\u0430\u044f \u0441\u0442\u0440\u0430\u043d\u0438\u0446\u0430","item":"https:\/\/skyline-gs.com\/hu\/"},{"@type":"ListItem","position":2,"name":"\u041c\u0430\u0433\u0430\u0437\u0438\u043d","item":"https:\/\/skyline-gs.com\/cs\/shop\/"},{"@type":"ListItem","position":3,"name":"\u0421\u0430\u0444\u0430\u0440\u0438 \u041a\u043e\u043c\u0431\u043e \u0432 \u043f\u0443\u0441\u0442\u044b\u043d\u0435 (\u0431\u0430\u0433\u0433\u0438 \u0438 \u043a\u0432\u0430\u0434\u0440\u043e\u0446\u0438\u043a\u043b\u044b)"}]},{"@type":"WebSite","@id":"https:\/\/skyline-gs.com\/it\/#website","url":"https:\/\/skyline-gs.com\/it\/","name":"Excursions Skyline","description":"Excursions exclusives dans les meilleurs centres de vill\u00e9giature du monde","publisher":{"@id":"https:\/\/skyline-gs.com\/it\/#organization"},"alternateName":"Skyline","potentialAction":[{"@type":"SearchAction","target":{"@type":"EntryPoint","urlTemplate":"https:\/\/skyline-gs.com\/it\/?s={search_term_string}"},"query-input":{"@type":"PropertyValueSpecification","valueRequired":true,"valueName":"search_term_string"}}],"inLanguage":"fr-FR"},{"@type":"Organization","@id":"https:\/\/skyline-gs.com\/it\/#organization","name":"Excursions Skyline","alternateName":"\u042d\u043a\u0441\u043a\u0443\u0440\u0441\u0438\u0438 Skyline","url":"https:\/\/skyline-gs.com\/it\/","logo":{"@type":"ImageObject","inLanguage":"fr-FR","@id":"https:\/\/skyline-gs.com\/it\/#\/schema\/logo\/image\/","url":"https:\/\/skyline-gs.com\/wp-content\/uploads\/2020\/12\/cropped-logo-2.png","contentUrl":"https:\/\/skyline-gs.com\/wp-content\/uploads\/2020\/12\/cropped-logo-2.png","width":512,"height":512,"caption":"\u042d\u043a\u0441\u043a\u0443\u0440\u0441\u0438\u0438 Skyline"},"image":{"@id":"https:\/\/skyline-gs.com\/it\/#\/schema\/logo\/image\/"},"sameAs":["https:\/\/www.instagram.com\/skylineglobalservice\/"]}]}},"_links":{"self":[{"href":"https:\/\/skyline-gs.com\/fr\/wp-json\/wp\/v2\/product\/39896","targetHints":{"allow":["GET"]}}],"collection":[{"href":"https:\/\/skyline-gs.com\/fr\/wp-json\/wp\/v2\/product"}],"about":[{"href":"https:\/\/skyline-gs.com\/fr\/wp-json\/wp\/v2\/types\/product"}],"version-history":[{"count":0,"href":"https:\/\/skyline-gs.com\/fr\/wp-json\/wp\/v2\/product\/39896\/revisions"}],"wp:featuredmedia":[{"embeddable":true,"href":"https:\/\/skyline-gs.com\/fr\/wp-json\/wp\/v2\/media\/39898"}],"wp:attachment":[{"href":"https:\/\/skyline-gs.com\/fr\/wp-json\/wp\/v2\/media?parent=39896"}],"wp:term":[{"taxonomy":"product_brand","embeddable":true,"href":"https:\/\/skyline-gs.com\/fr\/wp-json\/wp\/v2\/product_brand?post=39896"},{"taxonomy":"product_cat","embeddable":true,"href":"https:\/\/skyline-gs.com\/fr\/wp-json\/wp\/v2\/product_cat?post=39896"},{"taxonomy":"product_tag","embeddable":true,"href":"https:\/\/skyline-gs.com\/fr\/wp-json\/wp\/v2\/product_tag?post=39896"}],"curies":[{"name":"wp","href":"https:\/\/api.w.org\/{rel}","templated":true}]}}