{"id":38673,"date":"2022-07-16T22:58:37","date_gmt":"2022-07-16T20:58:37","guid":{"rendered":"http:\/\/skyline-gs.com\/?post_type=product&#038;p=38673"},"modified":"2025-06-14T22:03:25","modified_gmt":"2025-06-14T20:03:25","slug":"aquapark-the-land-of-legends-side","status":"publish","type":"product","link":"https:\/\/skyline-gs.com\/fr\/product\/aquapark-the-land-of-legends-side\/","title":{"rendered":"Le parc du Pays des l\u00e9gendes"},"content":{"rendered":"<p>Une excursion dans le plus grand parc \u00e0 th\u00e8me de Turquie. Parc aquatique, man\u00e8ges, dauphins, shopping - une journ\u00e9e enti\u00e8re d'impressions pour les enfants et les adultes.<\/p>\n<p data-start=\"450\" data-end=\"499\"><strong>9h00 - D\u00e9part de l'h\u00f4tel.<\/strong>\u00a0Transfert \u00e0 Belek.<\/p>\n<ul>\n<li>Vous recevez vos billets d'entr\u00e9e et vous \u00eates libre d'explorer le parc.<\/li>\n<li><strong>Parc aquatique avec 30 attractions aquatiques<\/strong><\/li>\n<li>Luna Park avec 23 man\u00e8ges<\/li>\n<li>montagnes russes (jusqu'\u00e0 61 m\u00e8tres de haut)<\/li>\n<li>Tour de chute libre<\/li>\n<li>Voler en avion<\/li>\n<li><strong>Spectacle de dauphins<\/strong><\/li>\n<li>Cin\u00e9ma 5D<\/li>\n<li>L'avenue des boutiques et des restaurants<\/li>\n<li>Rassemblement au bus.<\/li>\n<\/ul>\n<p data-start=\"764\" data-end=\"809\"><strong>18:00 Retour \u00e0 l'h\u00f4tel.<\/strong><\/p>\n<p><strong>Inclus :<\/strong><\/p>\n<ul>\n<li>Transferts depuis et vers l'h\u00f4tel<\/li>\n<li>Billet d'entr\u00e9e au parc aquatique<\/li>\n<li>Billet d'entr\u00e9e pour le spectacle des dauphins<\/li>\n<\/ul>\n<p><strong>Non inclus :<\/strong><\/p>\n<ul>\n<li>Luna Park<\/li>\n<li>montagnes russes<\/li>\n<li>Tour de chute libre<\/li>\n<li>Voler en avion<\/li>\n<li>Cin\u00e9ma 5D<\/li>\n<li>D\u00e9jeuner<\/li>\n<li>Boissons<\/li>\n<li>D\u00e9penses personnelles<\/li>\n<\/ul>\n<p><strong>Emportez-le avec vous :<\/strong><\/p>\n<ul>\n<li>Maillot de bain et serviette<\/li>\n<li>Coiffure<\/li>\n<li>Cr\u00e8me solaire et lunettes de soleil<\/li>\n<li>Argent liquide pour les d\u00e9penses personnelles<\/li>\n<\/ul>","protected":false},"excerpt":{"rendered":"<p><strong>Temps du Tour:<\/strong>\u00a09:00 - 18:00<\/p>\n<p><strong>Jours de D\u00e9roulement:<\/strong> Tous les jours.<\/p>","protected":false},"featured_media":64239,"template":"","meta":{"_kad_post_transparent":"default","_kad_post_title":"","_kad_post_layout":"default","_kad_post_sidebar_id":"","_kad_post_content_style":"default","_kad_post_vertical_padding":"default","_kad_post_feature":"","_kad_post_feature_position":"","_kad_post_header":false,"_kad_post_footer":false,"_kad_post_classname":"","_glsr_average":0,"_glsr_ranking":0,"_glsr_reviews":0},"product_brand":[],"product_cat":[446],"product_tag":[],"class_list":{"0":"post-38673","1":"product","2":"type-product","3":"status-publish","4":"has-post-thumbnail","6":"product_cat-side","7":"tm-has-options","9":"first","10":"instock","11":"sold-individually","12":"taxable","13":"shipping-taxable","14":"purchasable","15":"product-type-simple","16":"entry","17":"content-bg","18":"loop-entry"},"yoast_head":"<!-- This site is optimized with the Yoast SEO plugin v27.3 - https:\/\/yoast.com\/product\/yoast-seo-wordpress\/ -->\n<title>\u041f\u0430\u0440\u043a The Land of Legends \u0438\u0437 \u0421\u0438\u0434\u0435 &#8226; \u042d\u043a\u0441\u043a\u0443\u0440\u0441\u0438\u0438 Skyline<\/title>\n<meta name=\"description\" content=\"\u041f\u043e\u0435\u0437\u0434\u043a\u0430 \u0432 \u043a\u0440\u0443\u043f\u043d\u0435\u0439\u0448\u0438\u0439 \u0442\u0435\u043c\u0430\u0442\u0438\u0447\u0435\u0441\u043a\u0438\u0439 \u043f\u0430\u0440\u043a \u0422\u0443\u0440\u0446\u0438\u0438. \u0410\u043a\u0432\u0430\u043f\u0430\u0440\u043a, \u0430\u0442\u0442\u0440\u0430\u043a\u0446\u0438\u043e\u043d\u044b, \u0434\u0435\u043b\u044c\u0444\u0438\u043d\u044b, \u0448\u043e\u043f\u0438\u043d\u0433 \u2014 \u0446\u0435\u043b\u044b\u0439 \u0434\u0435\u043d\u044c \u0432\u043f\u0435\u0447\u0430\u0442\u043b\u0435\u043d\u0438\u0439 \u0434\u043b\u044f \u0434\u0435\u0442\u0435\u0439 \u0438 \u0432\u0437\u0440\u043e\u0441\u043b\u044b\u0445.\" \/>\n<meta name=\"robots\" content=\"index, follow, max-snippet:-1, max-image-preview:large, max-video-preview:-1\" \/>\n<link rel=\"canonical\" href=\"https:\/\/skyline-gs.com\/fr\/produit\/aquapark-the-land-of-legends-side\/\" \/>\n<meta property=\"og:locale\" content=\"fr_FR\" \/>\n<meta property=\"og:type\" content=\"article\" \/>\n<meta property=\"og:title\" content=\"\u041f\u0430\u0440\u043a The Land of Legends \u0438\u0437 \u0421\u0438\u0434\u0435 &#8226; \u042d\u043a\u0441\u043a\u0443\u0440\u0441\u0438\u0438 Skyline\" \/>\n<meta property=\"og:description\" content=\"\u041f\u043e\u0435\u0437\u0434\u043a\u0430 \u0432 \u043a\u0440\u0443\u043f\u043d\u0435\u0439\u0448\u0438\u0439 \u0442\u0435\u043c\u0430\u0442\u0438\u0447\u0435\u0441\u043a\u0438\u0439 \u043f\u0430\u0440\u043a \u0422\u0443\u0440\u0446\u0438\u0438. \u0410\u043a\u0432\u0430\u043f\u0430\u0440\u043a, \u0430\u0442\u0442\u0440\u0430\u043a\u0446\u0438\u043e\u043d\u044b, \u0434\u0435\u043b\u044c\u0444\u0438\u043d\u044b, \u0448\u043e\u043f\u0438\u043d\u0433 \u2014 \u0446\u0435\u043b\u044b\u0439 \u0434\u0435\u043d\u044c \u0432\u043f\u0435\u0447\u0430\u0442\u043b\u0435\u043d\u0438\u0439 \u0434\u043b\u044f \u0434\u0435\u0442\u0435\u0439 \u0438 \u0432\u0437\u0440\u043e\u0441\u043b\u044b\u0445.\" \/>\n<meta property=\"og:url\" content=\"https:\/\/skyline-gs.com\/fr\/produit\/aquapark-the-land-of-legends-side\/\" \/>\n<meta property=\"og:site_name\" content=\"\u042d\u043a\u0441\u043a\u0443\u0440\u0441\u0438\u0438 Skyline\" \/>\n<meta property=\"article:modified_time\" content=\"2025-06-14T20:03:25+00:00\" \/>\n<meta property=\"og:image\" content=\"https:\/\/skyline-gs.com\/wp-content\/uploads\/2025\/06\/\u041f\u0430\u0440\u043a-The-Land-of-Legends-26.jpg\" \/>\n\t<meta property=\"og:image:width\" content=\"669\" \/>\n\t<meta property=\"og:image:height\" content=\"446\" \/>\n\t<meta property=\"og:image:type\" content=\"image\/jpeg\" \/>\n<meta name=\"twitter:card\" content=\"summary_large_image\" \/>\n<meta name=\"twitter:label1\" content=\"Dur\u00e9e de lecture estim\u00e9e\" \/>\n\t<meta name=\"twitter:data1\" content=\"1 minute\" \/>\n<script type=\"application\/ld+json\" class=\"yoast-schema-graph\">{\"@context\":\"https:\\\/\\\/schema.org\",\"@graph\":[{\"@type\":\"WebPage\",\"@id\":\"https:\\\/\\\/skyline-gs.com\\\/en\\\/product-2\\\/aquapark-the-land-of-legends-side\\\/\",\"url\":\"https:\\\/\\\/skyline-gs.com\\\/en\\\/product-2\\\/aquapark-the-land-of-legends-side\\\/\",\"name\":\"\u041f\u0430\u0440\u043a The Land of Legends \u0438\u0437 \u0421\u0438\u0434\u0435 &#8226; \u042d\u043a\u0441\u043a\u0443\u0440\u0441\u0438\u0438 Skyline\",\"isPartOf\":{\"@id\":\"https:\\\/\\\/skyline-gs.com\\\/it\\\/#website\"},\"primaryImageOfPage\":{\"@id\":\"https:\\\/\\\/skyline-gs.com\\\/en\\\/product-2\\\/aquapark-the-land-of-legends-side\\\/#primaryimage\"},\"image\":{\"@id\":\"https:\\\/\\\/skyline-gs.com\\\/en\\\/product-2\\\/aquapark-the-land-of-legends-side\\\/#primaryimage\"},\"thumbnailUrl\":\"https:\\\/\\\/skyline-gs.com\\\/wp-content\\\/uploads\\\/2025\\\/06\\\/\u041f\u0430\u0440\u043a-The-Land-of-Legends-26.jpg\",\"datePublished\":\"2022-07-16T20:58:37+00:00\",\"dateModified\":\"2025-06-14T20:03:25+00:00\",\"description\":\"\u041f\u043e\u0435\u0437\u0434\u043a\u0430 \u0432 \u043a\u0440\u0443\u043f\u043d\u0435\u0439\u0448\u0438\u0439 \u0442\u0435\u043c\u0430\u0442\u0438\u0447\u0435\u0441\u043a\u0438\u0439 \u043f\u0430\u0440\u043a \u0422\u0443\u0440\u0446\u0438\u0438. \u0410\u043a\u0432\u0430\u043f\u0430\u0440\u043a, \u0430\u0442\u0442\u0440\u0430\u043a\u0446\u0438\u043e\u043d\u044b, \u0434\u0435\u043b\u044c\u0444\u0438\u043d\u044b, \u0448\u043e\u043f\u0438\u043d\u0433 \u2014 \u0446\u0435\u043b\u044b\u0439 \u0434\u0435\u043d\u044c \u0432\u043f\u0435\u0447\u0430\u0442\u043b\u0435\u043d\u0438\u0439 \u0434\u043b\u044f \u0434\u0435\u0442\u0435\u0439 \u0438 \u0432\u0437\u0440\u043e\u0441\u043b\u044b\u0445.\",\"breadcrumb\":{\"@id\":\"https:\\\/\\\/skyline-gs.com\\\/en\\\/product-2\\\/aquapark-the-land-of-legends-side\\\/#breadcrumb\"},\"inLanguage\":\"fr-FR\",\"potentialAction\":[{\"@type\":\"ReadAction\",\"target\":[\"https:\\\/\\\/skyline-gs.com\\\/en\\\/product-2\\\/aquapark-the-land-of-legends-side\\\/\"]}]},{\"@type\":\"ImageObject\",\"inLanguage\":\"fr-FR\",\"@id\":\"https:\\\/\\\/skyline-gs.com\\\/en\\\/product-2\\\/aquapark-the-land-of-legends-side\\\/#primaryimage\",\"url\":\"https:\\\/\\\/skyline-gs.com\\\/wp-content\\\/uploads\\\/2025\\\/06\\\/\u041f\u0430\u0440\u043a-The-Land-of-Legends-26.jpg\",\"contentUrl\":\"https:\\\/\\\/skyline-gs.com\\\/wp-content\\\/uploads\\\/2025\\\/06\\\/\u041f\u0430\u0440\u043a-The-Land-of-Legends-26.jpg\",\"width\":669,\"height\":446},{\"@type\":\"BreadcrumbList\",\"@id\":\"https:\\\/\\\/skyline-gs.com\\\/en\\\/product-2\\\/aquapark-the-land-of-legends-side\\\/#breadcrumb\",\"itemListElement\":[{\"@type\":\"ListItem\",\"position\":1,\"name\":\"\u0413\u043b\u0430\u0432\u043d\u0430\u044f \u0441\u0442\u0440\u0430\u043d\u0438\u0446\u0430\",\"item\":\"https:\\\/\\\/skyline-gs.com\\\/hu\\\/\"},{\"@type\":\"ListItem\",\"position\":2,\"name\":\"\u041c\u0430\u0433\u0430\u0437\u0438\u043d\",\"item\":\"https:\\\/\\\/skyline-gs.com\\\/cs\\\/shop\\\/\"},{\"@type\":\"ListItem\",\"position\":3,\"name\":\"\u041f\u0430\u0440\u043a The Land of Legends\"}]},{\"@type\":\"WebSite\",\"@id\":\"https:\\\/\\\/skyline-gs.com\\\/it\\\/#website\",\"url\":\"https:\\\/\\\/skyline-gs.com\\\/it\\\/\",\"name\":\"\u042d\u043a\u0441\u043a\u0443\u0440\u0441\u0438\u0438 Skyline\",\"description\":\"\u042d\u043a\u0441\u043a\u043b\u044e\u0437\u0438\u0432\u043d\u044b\u0435 \u044d\u043a\u0441\u043a\u0443\u0440\u0441\u0438\u0438 \u043d\u0430 \u043b\u0443\u0447\u0448\u0438\u0445 \u043a\u0443\u0440\u043e\u0440\u0442\u0430\u0445 \u043c\u0438\u0440\u0430\",\"publisher\":{\"@id\":\"https:\\\/\\\/skyline-gs.com\\\/it\\\/#organization\"},\"alternateName\":\"Skyline\",\"potentialAction\":[{\"@type\":\"SearchAction\",\"target\":{\"@type\":\"EntryPoint\",\"urlTemplate\":\"https:\\\/\\\/skyline-gs.com\\\/it\\\/?s={search_term_string}\"},\"query-input\":{\"@type\":\"PropertyValueSpecification\",\"valueRequired\":true,\"valueName\":\"search_term_string\"}}],\"inLanguage\":\"fr-FR\"},{\"@type\":\"Organization\",\"@id\":\"https:\\\/\\\/skyline-gs.com\\\/it\\\/#organization\",\"name\":\"\u042d\u043a\u0441\u043a\u0443\u0440\u0441\u0438\u0438 Skyline\",\"alternateName\":\"\u042d\u043a\u0441\u043a\u0443\u0440\u0441\u0438\u0438 Skyline\",\"url\":\"https:\\\/\\\/skyline-gs.com\\\/it\\\/\",\"logo\":{\"@type\":\"ImageObject\",\"inLanguage\":\"fr-FR\",\"@id\":\"https:\\\/\\\/skyline-gs.com\\\/it\\\/#\\\/schema\\\/logo\\\/image\\\/\",\"url\":\"https:\\\/\\\/skyline-gs.com\\\/wp-content\\\/uploads\\\/2020\\\/12\\\/cropped-logo-2.png\",\"contentUrl\":\"https:\\\/\\\/skyline-gs.com\\\/wp-content\\\/uploads\\\/2020\\\/12\\\/cropped-logo-2.png\",\"width\":512,\"height\":512,\"caption\":\"\u042d\u043a\u0441\u043a\u0443\u0440\u0441\u0438\u0438 Skyline\"},\"image\":{\"@id\":\"https:\\\/\\\/skyline-gs.com\\\/it\\\/#\\\/schema\\\/logo\\\/image\\\/\"},\"sameAs\":[\"https:\\\/\\\/www.instagram.com\\\/skylineglobalservice\\\/\"]}]}<\/script>\n<!-- \/ Yoast SEO plugin. -->","yoast_head_json":{"title":"\u041f\u0430\u0440\u043a The Land of Legends \u0438\u0437 \u0421\u0438\u0434\u0435 &#8226; \u042d\u043a\u0441\u043a\u0443\u0440\u0441\u0438\u0438 Skyline","description":"Une excursion dans le plus grand parc \u00e0 th\u00e8me de Turquie. Parc aquatique, man\u00e8ges, dauphins, shopping - une journ\u00e9e enti\u00e8re d'impressions pour les enfants et les adultes.","robots":{"index":"index","follow":"follow","max-snippet":"max-snippet:-1","max-image-preview":"max-image-preview:large","max-video-preview":"max-video-preview:-1"},"canonical":"https:\/\/skyline-gs.com\/fr\/produit\/aquapark-the-land-of-legends-side\/","og_locale":"fr_FR","og_type":"article","og_title":"\u041f\u0430\u0440\u043a The Land of Legends \u0438\u0437 \u0421\u0438\u0434\u0435 &#8226; \u042d\u043a\u0441\u043a\u0443\u0440\u0441\u0438\u0438 Skyline","og_description":"\u041f\u043e\u0435\u0437\u0434\u043a\u0430 \u0432 \u043a\u0440\u0443\u043f\u043d\u0435\u0439\u0448\u0438\u0439 \u0442\u0435\u043c\u0430\u0442\u0438\u0447\u0435\u0441\u043a\u0438\u0439 \u043f\u0430\u0440\u043a \u0422\u0443\u0440\u0446\u0438\u0438. \u0410\u043a\u0432\u0430\u043f\u0430\u0440\u043a, \u0430\u0442\u0442\u0440\u0430\u043a\u0446\u0438\u043e\u043d\u044b, \u0434\u0435\u043b\u044c\u0444\u0438\u043d\u044b, \u0448\u043e\u043f\u0438\u043d\u0433 \u2014 \u0446\u0435\u043b\u044b\u0439 \u0434\u0435\u043d\u044c \u0432\u043f\u0435\u0447\u0430\u0442\u043b\u0435\u043d\u0438\u0439 \u0434\u043b\u044f \u0434\u0435\u0442\u0435\u0439 \u0438 \u0432\u0437\u0440\u043e\u0441\u043b\u044b\u0445.","og_url":"https:\/\/skyline-gs.com\/fr\/produit\/aquapark-the-land-of-legends-side\/","og_site_name":"\u042d\u043a\u0441\u043a\u0443\u0440\u0441\u0438\u0438 Skyline","article_modified_time":"2025-06-14T20:03:25+00:00","og_image":[{"width":669,"height":446,"url":"https:\/\/skyline-gs.com\/wp-content\/uploads\/2025\/06\/\u041f\u0430\u0440\u043a-The-Land-of-Legends-26.jpg","type":"image\/jpeg"}],"twitter_card":"summary_large_image","twitter_misc":{"Dur\u00e9e de lecture estim\u00e9e":"1 minute"},"schema":{"@context":"https:\/\/schema.org","@graph":[{"@type":"WebPage","@id":"https:\/\/skyline-gs.com\/en\/product-2\/aquapark-the-land-of-legends-side\/","url":"https:\/\/skyline-gs.com\/en\/product-2\/aquapark-the-land-of-legends-side\/","name":"\u041f\u0430\u0440\u043a The Land of Legends \u0438\u0437 \u0421\u0438\u0434\u0435 &#8226; \u042d\u043a\u0441\u043a\u0443\u0440\u0441\u0438\u0438 Skyline","isPartOf":{"@id":"https:\/\/skyline-gs.com\/it\/#website"},"primaryImageOfPage":{"@id":"https:\/\/skyline-gs.com\/en\/product-2\/aquapark-the-land-of-legends-side\/#primaryimage"},"image":{"@id":"https:\/\/skyline-gs.com\/en\/product-2\/aquapark-the-land-of-legends-side\/#primaryimage"},"thumbnailUrl":"https:\/\/skyline-gs.com\/wp-content\/uploads\/2025\/06\/\u041f\u0430\u0440\u043a-The-Land-of-Legends-26.jpg","datePublished":"2022-07-16T20:58:37+00:00","dateModified":"2025-06-14T20:03:25+00:00","description":"Une excursion dans le plus grand parc \u00e0 th\u00e8me de Turquie. Parc aquatique, man\u00e8ges, dauphins, shopping - une journ\u00e9e enti\u00e8re d'impressions pour les enfants et les adultes.","breadcrumb":{"@id":"https:\/\/skyline-gs.com\/en\/product-2\/aquapark-the-land-of-legends-side\/#breadcrumb"},"inLanguage":"fr-FR","potentialAction":[{"@type":"ReadAction","target":["https:\/\/skyline-gs.com\/en\/product-2\/aquapark-the-land-of-legends-side\/"]}]},{"@type":"ImageObject","inLanguage":"fr-FR","@id":"https:\/\/skyline-gs.com\/en\/product-2\/aquapark-the-land-of-legends-side\/#primaryimage","url":"https:\/\/skyline-gs.com\/wp-content\/uploads\/2025\/06\/\u041f\u0430\u0440\u043a-The-Land-of-Legends-26.jpg","contentUrl":"https:\/\/skyline-gs.com\/wp-content\/uploads\/2025\/06\/\u041f\u0430\u0440\u043a-The-Land-of-Legends-26.jpg","width":669,"height":446},{"@type":"BreadcrumbList","@id":"https:\/\/skyline-gs.com\/en\/product-2\/aquapark-the-land-of-legends-side\/#breadcrumb","itemListElement":[{"@type":"ListItem","position":1,"name":"\u0413\u043b\u0430\u0432\u043d\u0430\u044f \u0441\u0442\u0440\u0430\u043d\u0438\u0446\u0430","item":"https:\/\/skyline-gs.com\/hu\/"},{"@type":"ListItem","position":2,"name":"\u041c\u0430\u0433\u0430\u0437\u0438\u043d","item":"https:\/\/skyline-gs.com\/cs\/shop\/"},{"@type":"ListItem","position":3,"name":"\u041f\u0430\u0440\u043a The Land of Legends"}]},{"@type":"WebSite","@id":"https:\/\/skyline-gs.com\/it\/#website","url":"https:\/\/skyline-gs.com\/it\/","name":"Excursions Skyline","description":"Excursions exclusives dans les meilleurs centres de vill\u00e9giature du monde","publisher":{"@id":"https:\/\/skyline-gs.com\/it\/#organization"},"alternateName":"Skyline","potentialAction":[{"@type":"SearchAction","target":{"@type":"EntryPoint","urlTemplate":"https:\/\/skyline-gs.com\/it\/?s={search_term_string}"},"query-input":{"@type":"PropertyValueSpecification","valueRequired":true,"valueName":"search_term_string"}}],"inLanguage":"fr-FR"},{"@type":"Organization","@id":"https:\/\/skyline-gs.com\/it\/#organization","name":"Excursions Skyline","alternateName":"\u042d\u043a\u0441\u043a\u0443\u0440\u0441\u0438\u0438 Skyline","url":"https:\/\/skyline-gs.com\/it\/","logo":{"@type":"ImageObject","inLanguage":"fr-FR","@id":"https:\/\/skyline-gs.com\/it\/#\/schema\/logo\/image\/","url":"https:\/\/skyline-gs.com\/wp-content\/uploads\/2020\/12\/cropped-logo-2.png","contentUrl":"https:\/\/skyline-gs.com\/wp-content\/uploads\/2020\/12\/cropped-logo-2.png","width":512,"height":512,"caption":"\u042d\u043a\u0441\u043a\u0443\u0440\u0441\u0438\u0438 Skyline"},"image":{"@id":"https:\/\/skyline-gs.com\/it\/#\/schema\/logo\/image\/"},"sameAs":["https:\/\/www.instagram.com\/skylineglobalservice\/"]}]}},"_links":{"self":[{"href":"https:\/\/skyline-gs.com\/fr\/wp-json\/wp\/v2\/product\/38673","targetHints":{"allow":["GET"]}}],"collection":[{"href":"https:\/\/skyline-gs.com\/fr\/wp-json\/wp\/v2\/product"}],"about":[{"href":"https:\/\/skyline-gs.com\/fr\/wp-json\/wp\/v2\/types\/product"}],"version-history":[{"count":0,"href":"https:\/\/skyline-gs.com\/fr\/wp-json\/wp\/v2\/product\/38673\/revisions"}],"wp:featuredmedia":[{"embeddable":true,"href":"https:\/\/skyline-gs.com\/fr\/wp-json\/wp\/v2\/media\/64239"}],"wp:attachment":[{"href":"https:\/\/skyline-gs.com\/fr\/wp-json\/wp\/v2\/media?parent=38673"}],"wp:term":[{"taxonomy":"product_brand","embeddable":true,"href":"https:\/\/skyline-gs.com\/fr\/wp-json\/wp\/v2\/product_brand?post=38673"},{"taxonomy":"product_cat","embeddable":true,"href":"https:\/\/skyline-gs.com\/fr\/wp-json\/wp\/v2\/product_cat?post=38673"},{"taxonomy":"product_tag","embeddable":true,"href":"https:\/\/skyline-gs.com\/fr\/wp-json\/wp\/v2\/product_tag?post=38673"}],"curies":[{"name":"wp","href":"https:\/\/api.w.org\/{rel}","templated":true}]}}