{"id":38288,"date":"2022-07-14T15:47:16","date_gmt":"2022-07-14T13:47:16","guid":{"rendered":"http:\/\/skyline-gs.com\/?post_type=product&#038;p=38288"},"modified":"2025-05-06T17:29:53","modified_gmt":"2025-05-06T15:29:53","slug":"safari-morning-side","status":"publish","type":"product","link":"https:\/\/skyline-gs.com\/fr\/product\/safari-morning-side\/","title":{"rendered":"Safari en VTT (matin)"},"content":{"rendered":"<p>9:00 d\u00e9part de l'h\u00f4tel. Arriv\u00e9e \u00e0 la base. Briefing d\u00e9taill\u00e9 par des guides russophones. Remise des \u00e9quipements de protection (casques). Essai de conduite pour se familiariser avec les commandes. D\u00e9but du quadrosafari. Premi\u00e8re partie de l'excursion - 1 heure de route \u00e0 travers la zone bois\u00e9e et montagneuse des gorges de Toros, en empruntant le pittoresque hors-piste, inaccessible aux touristes ordinaires. Arr\u00eat pour se reposer et se baigner sur la rive de la rivi\u00e8re de montagne (20 min). Deuxi\u00e8me partie de l'excursion, dont l'itin\u00e9raire passe par les montagnes du Taurus, avec leur nature unique et leurs magnifiques panoramas forestiers. Retour \u00e0 la base. Retour \u00e0 l'h\u00f4tel. Retour \u00e0 l'h\u00f4tel vers 13h30.<\/p>\n<p><strong>Inclus :<\/strong><\/p>\n<ul>\n<li>Transferts depuis et vers l'h\u00f4tel<\/li>\n<li>Guide parlant russe<\/li>\n<li>Instruction<\/li>\n<li>Location de VTT et d'\u00e9quipements de s\u00e9curit\u00e9<\/li>\n<li>Assurance<\/li>\n<\/ul>\n<p><strong>Non inclus :<\/strong><\/p>\n<ul>\n<li>Boissons<\/li>\n<li>Photo et vid\u00e9o professionnelles (facultatif)<\/li>\n<\/ul>\n<p><strong>Emportez-le avec vous :<\/strong><\/p>\n<ul>\n<li>Chaussures confortables<\/li>\n<li>L'eau<\/li>\n<li>Serviette<\/li>\n<li>Maillot de bain, slip de bain<\/li>\n<li>Lunettes de soleil<\/li>\n<\/ul>","protected":false},"excerpt":{"rendered":"<p><strong>Temps du Tour:<\/strong> 9:00 &#8212; 13:30<\/p>\n<p><strong>Jours de D\u00e9roulement:<\/strong> Chaque jour<\/p>","protected":false},"featured_media":37496,"template":"","meta":{"_kad_post_transparent":"default","_kad_post_title":"","_kad_post_layout":"default","_kad_post_sidebar_id":"","_kad_post_content_style":"default","_kad_post_vertical_padding":"default","_kad_post_feature":"","_kad_post_feature_position":"","_kad_post_header":false,"_kad_post_footer":false,"_kad_post_classname":"","_glsr_average":0,"_glsr_ranking":0,"_glsr_reviews":0},"product_brand":[],"product_cat":[446],"product_tag":[],"class_list":{"0":"post-38288","1":"product","2":"type-product","3":"status-publish","4":"has-post-thumbnail","6":"product_cat-side","7":"tm-has-options","9":"first","10":"instock","11":"sold-individually","12":"taxable","13":"shipping-taxable","14":"purchasable","15":"product-type-simple","16":"entry","17":"content-bg","18":"loop-entry"},"yoast_head":"<!-- This site is optimized with the Yoast SEO plugin v27.3 - https:\/\/yoast.com\/product\/yoast-seo-wordpress\/ -->\n<title>\u0421\u0430\u0444\u0430\u0440\u0438 \u043d\u0430 \u043a\u0432\u0430\u0434\u0440\u043e\u0446\u0438\u043a\u043b\u0430\u0445 (\u0443\u0442\u0440\u043e) &#8226; \u042d\u043a\u0441\u043a\u0443\u0440\u0441\u0438\u0438 Skyline<\/title>\n<meta name=\"robots\" content=\"index, follow, max-snippet:-1, max-image-preview:large, max-video-preview:-1\" \/>\n<link rel=\"canonical\" href=\"https:\/\/skyline-gs.com\/fr\/produit\/safari-morning-side\/\" \/>\n<meta property=\"og:locale\" content=\"fr_FR\" \/>\n<meta property=\"og:type\" content=\"article\" \/>\n<meta property=\"og:title\" content=\"\u0421\u0430\u0444\u0430\u0440\u0438 \u043d\u0430 \u043a\u0432\u0430\u0434\u0440\u043e\u0446\u0438\u043a\u043b\u0430\u0445 (\u0443\u0442\u0440\u043e) &#8226; \u042d\u043a\u0441\u043a\u0443\u0440\u0441\u0438\u0438 Skyline\" \/>\n<meta property=\"og:description\" content=\"\u0412\u0440\u0435\u043c\u044f \u0442\u0443\u0440\u0430: 9:00 - 13:30  \u0414\u043d\u0438 \u043f\u0440\u043e\u0432\u0435\u0434\u0435\u043d\u0438\u044f: \u0435\u0436\u0435\u0434\u043d\u0435\u0432\u043d\u043e\" \/>\n<meta property=\"og:url\" content=\"https:\/\/skyline-gs.com\/fr\/produit\/safari-morning-side\/\" \/>\n<meta property=\"og:site_name\" content=\"\u042d\u043a\u0441\u043a\u0443\u0440\u0441\u0438\u0438 Skyline\" \/>\n<meta property=\"article:modified_time\" content=\"2025-05-06T15:29:53+00:00\" \/>\n<meta property=\"og:image\" content=\"https:\/\/skyline-gs.com\/wp-content\/uploads\/2022\/05\/1-9.png\" \/>\n\t<meta property=\"og:image:width\" content=\"669\" \/>\n\t<meta property=\"og:image:height\" content=\"446\" \/>\n\t<meta property=\"og:image:type\" content=\"image\/png\" \/>\n<meta name=\"twitter:card\" content=\"summary_large_image\" \/>\n<meta name=\"twitter:label1\" content=\"Dur\u00e9e de lecture estim\u00e9e\" \/>\n\t<meta name=\"twitter:data1\" content=\"1 minute\" \/>\n<script type=\"application\/ld+json\" class=\"yoast-schema-graph\">{\"@context\":\"https:\\\/\\\/schema.org\",\"@graph\":[{\"@type\":\"WebPage\",\"@id\":\"https:\\\/\\\/skyline-gs.com\\\/product\\\/safari-morning-side\\\/\",\"url\":\"https:\\\/\\\/skyline-gs.com\\\/product\\\/safari-morning-side\\\/\",\"name\":\"\u0421\u0430\u0444\u0430\u0440\u0438 \u043d\u0430 \u043a\u0432\u0430\u0434\u0440\u043e\u0446\u0438\u043a\u043b\u0430\u0445 (\u0443\u0442\u0440\u043e) &#8226; \u042d\u043a\u0441\u043a\u0443\u0440\u0441\u0438\u0438 Skyline\",\"isPartOf\":{\"@id\":\"https:\\\/\\\/skyline-gs.com\\\/it\\\/#website\"},\"primaryImageOfPage\":{\"@id\":\"https:\\\/\\\/skyline-gs.com\\\/product\\\/safari-morning-side\\\/#primaryimage\"},\"image\":{\"@id\":\"https:\\\/\\\/skyline-gs.com\\\/product\\\/safari-morning-side\\\/#primaryimage\"},\"thumbnailUrl\":\"https:\\\/\\\/skyline-gs.com\\\/wp-content\\\/uploads\\\/2022\\\/05\\\/1-9.png\",\"datePublished\":\"2022-07-14T13:47:16+00:00\",\"dateModified\":\"2025-05-06T15:29:53+00:00\",\"breadcrumb\":{\"@id\":\"https:\\\/\\\/skyline-gs.com\\\/product\\\/safari-morning-side\\\/#breadcrumb\"},\"inLanguage\":\"fr-FR\",\"potentialAction\":[{\"@type\":\"ReadAction\",\"target\":[\"https:\\\/\\\/skyline-gs.com\\\/product\\\/safari-morning-side\\\/\"]}]},{\"@type\":\"ImageObject\",\"inLanguage\":\"fr-FR\",\"@id\":\"https:\\\/\\\/skyline-gs.com\\\/product\\\/safari-morning-side\\\/#primaryimage\",\"url\":\"https:\\\/\\\/skyline-gs.com\\\/wp-content\\\/uploads\\\/2022\\\/05\\\/1-9.png\",\"contentUrl\":\"https:\\\/\\\/skyline-gs.com\\\/wp-content\\\/uploads\\\/2022\\\/05\\\/1-9.png\",\"width\":669,\"height\":446},{\"@type\":\"BreadcrumbList\",\"@id\":\"https:\\\/\\\/skyline-gs.com\\\/product\\\/safari-morning-side\\\/#breadcrumb\",\"itemListElement\":[{\"@type\":\"ListItem\",\"position\":1,\"name\":\"\u0413\u043b\u0430\u0432\u043d\u0430\u044f \u0441\u0442\u0440\u0430\u043d\u0438\u0446\u0430\",\"item\":\"https:\\\/\\\/skyline-gs.com\\\/hu\\\/\"},{\"@type\":\"ListItem\",\"position\":2,\"name\":\"\u041c\u0430\u0433\u0430\u0437\u0438\u043d\",\"item\":\"https:\\\/\\\/skyline-gs.com\\\/cs\\\/shop\\\/\"},{\"@type\":\"ListItem\",\"position\":3,\"name\":\"\u0421\u0430\u0444\u0430\u0440\u0438 \u043d\u0430 \u043a\u0432\u0430\u0434\u0440\u043e\u0446\u0438\u043a\u043b\u0430\u0445 (\u0443\u0442\u0440\u043e)\"}]},{\"@type\":\"WebSite\",\"@id\":\"https:\\\/\\\/skyline-gs.com\\\/it\\\/#website\",\"url\":\"https:\\\/\\\/skyline-gs.com\\\/it\\\/\",\"name\":\"\u042d\u043a\u0441\u043a\u0443\u0440\u0441\u0438\u0438 Skyline\",\"description\":\"\u042d\u043a\u0441\u043a\u043b\u044e\u0437\u0438\u0432\u043d\u044b\u0435 \u044d\u043a\u0441\u043a\u0443\u0440\u0441\u0438\u0438 \u043d\u0430 \u043b\u0443\u0447\u0448\u0438\u0445 \u043a\u0443\u0440\u043e\u0440\u0442\u0430\u0445 \u043c\u0438\u0440\u0430\",\"publisher\":{\"@id\":\"https:\\\/\\\/skyline-gs.com\\\/it\\\/#organization\"},\"alternateName\":\"Skyline\",\"potentialAction\":[{\"@type\":\"SearchAction\",\"target\":{\"@type\":\"EntryPoint\",\"urlTemplate\":\"https:\\\/\\\/skyline-gs.com\\\/it\\\/?s={search_term_string}\"},\"query-input\":{\"@type\":\"PropertyValueSpecification\",\"valueRequired\":true,\"valueName\":\"search_term_string\"}}],\"inLanguage\":\"fr-FR\"},{\"@type\":\"Organization\",\"@id\":\"https:\\\/\\\/skyline-gs.com\\\/it\\\/#organization\",\"name\":\"\u042d\u043a\u0441\u043a\u0443\u0440\u0441\u0438\u0438 Skyline\",\"alternateName\":\"\u042d\u043a\u0441\u043a\u0443\u0440\u0441\u0438\u0438 Skyline\",\"url\":\"https:\\\/\\\/skyline-gs.com\\\/it\\\/\",\"logo\":{\"@type\":\"ImageObject\",\"inLanguage\":\"fr-FR\",\"@id\":\"https:\\\/\\\/skyline-gs.com\\\/it\\\/#\\\/schema\\\/logo\\\/image\\\/\",\"url\":\"https:\\\/\\\/skyline-gs.com\\\/wp-content\\\/uploads\\\/2020\\\/12\\\/cropped-logo-2.png\",\"contentUrl\":\"https:\\\/\\\/skyline-gs.com\\\/wp-content\\\/uploads\\\/2020\\\/12\\\/cropped-logo-2.png\",\"width\":512,\"height\":512,\"caption\":\"\u042d\u043a\u0441\u043a\u0443\u0440\u0441\u0438\u0438 Skyline\"},\"image\":{\"@id\":\"https:\\\/\\\/skyline-gs.com\\\/it\\\/#\\\/schema\\\/logo\\\/image\\\/\"},\"sameAs\":[\"https:\\\/\\\/www.instagram.com\\\/skylineglobalservice\\\/\"]}]}<\/script>\n<!-- \/ Yoast SEO plugin. -->","yoast_head_json":{"title":"Safari en VTT (matin) - Skyline Excursions","robots":{"index":"index","follow":"follow","max-snippet":"max-snippet:-1","max-image-preview":"max-image-preview:large","max-video-preview":"max-video-preview:-1"},"canonical":"https:\/\/skyline-gs.com\/fr\/produit\/safari-morning-side\/","og_locale":"fr_FR","og_type":"article","og_title":"\u0421\u0430\u0444\u0430\u0440\u0438 \u043d\u0430 \u043a\u0432\u0430\u0434\u0440\u043e\u0446\u0438\u043a\u043b\u0430\u0445 (\u0443\u0442\u0440\u043e) &#8226; \u042d\u043a\u0441\u043a\u0443\u0440\u0441\u0438\u0438 Skyline","og_description":"\u0412\u0440\u0435\u043c\u044f \u0442\u0443\u0440\u0430: 9:00 - 13:30  \u0414\u043d\u0438 \u043f\u0440\u043e\u0432\u0435\u0434\u0435\u043d\u0438\u044f: \u0435\u0436\u0435\u0434\u043d\u0435\u0432\u043d\u043e","og_url":"https:\/\/skyline-gs.com\/fr\/produit\/safari-morning-side\/","og_site_name":"\u042d\u043a\u0441\u043a\u0443\u0440\u0441\u0438\u0438 Skyline","article_modified_time":"2025-05-06T15:29:53+00:00","og_image":[{"width":669,"height":446,"url":"https:\/\/skyline-gs.com\/wp-content\/uploads\/2022\/05\/1-9.png","type":"image\/png"}],"twitter_card":"summary_large_image","twitter_misc":{"Dur\u00e9e de lecture estim\u00e9e":"1 minute"},"schema":{"@context":"https:\/\/schema.org","@graph":[{"@type":"WebPage","@id":"https:\/\/skyline-gs.com\/product\/safari-morning-side\/","url":"https:\/\/skyline-gs.com\/product\/safari-morning-side\/","name":"Safari en VTT (matin) - Skyline Excursions","isPartOf":{"@id":"https:\/\/skyline-gs.com\/it\/#website"},"primaryImageOfPage":{"@id":"https:\/\/skyline-gs.com\/product\/safari-morning-side\/#primaryimage"},"image":{"@id":"https:\/\/skyline-gs.com\/product\/safari-morning-side\/#primaryimage"},"thumbnailUrl":"https:\/\/skyline-gs.com\/wp-content\/uploads\/2022\/05\/1-9.png","datePublished":"2022-07-14T13:47:16+00:00","dateModified":"2025-05-06T15:29:53+00:00","breadcrumb":{"@id":"https:\/\/skyline-gs.com\/product\/safari-morning-side\/#breadcrumb"},"inLanguage":"fr-FR","potentialAction":[{"@type":"ReadAction","target":["https:\/\/skyline-gs.com\/product\/safari-morning-side\/"]}]},{"@type":"ImageObject","inLanguage":"fr-FR","@id":"https:\/\/skyline-gs.com\/product\/safari-morning-side\/#primaryimage","url":"https:\/\/skyline-gs.com\/wp-content\/uploads\/2022\/05\/1-9.png","contentUrl":"https:\/\/skyline-gs.com\/wp-content\/uploads\/2022\/05\/1-9.png","width":669,"height":446},{"@type":"BreadcrumbList","@id":"https:\/\/skyline-gs.com\/product\/safari-morning-side\/#breadcrumb","itemListElement":[{"@type":"ListItem","position":1,"name":"\u0413\u043b\u0430\u0432\u043d\u0430\u044f \u0441\u0442\u0440\u0430\u043d\u0438\u0446\u0430","item":"https:\/\/skyline-gs.com\/hu\/"},{"@type":"ListItem","position":2,"name":"\u041c\u0430\u0433\u0430\u0437\u0438\u043d","item":"https:\/\/skyline-gs.com\/cs\/shop\/"},{"@type":"ListItem","position":3,"name":"\u0421\u0430\u0444\u0430\u0440\u0438 \u043d\u0430 \u043a\u0432\u0430\u0434\u0440\u043e\u0446\u0438\u043a\u043b\u0430\u0445 (\u0443\u0442\u0440\u043e)"}]},{"@type":"WebSite","@id":"https:\/\/skyline-gs.com\/it\/#website","url":"https:\/\/skyline-gs.com\/it\/","name":"Excursions Skyline","description":"Excursions exclusives dans les meilleurs centres de vill\u00e9giature du monde","publisher":{"@id":"https:\/\/skyline-gs.com\/it\/#organization"},"alternateName":"Skyline","potentialAction":[{"@type":"SearchAction","target":{"@type":"EntryPoint","urlTemplate":"https:\/\/skyline-gs.com\/it\/?s={search_term_string}"},"query-input":{"@type":"PropertyValueSpecification","valueRequired":true,"valueName":"search_term_string"}}],"inLanguage":"fr-FR"},{"@type":"Organization","@id":"https:\/\/skyline-gs.com\/it\/#organization","name":"Excursions Skyline","alternateName":"\u042d\u043a\u0441\u043a\u0443\u0440\u0441\u0438\u0438 Skyline","url":"https:\/\/skyline-gs.com\/it\/","logo":{"@type":"ImageObject","inLanguage":"fr-FR","@id":"https:\/\/skyline-gs.com\/it\/#\/schema\/logo\/image\/","url":"https:\/\/skyline-gs.com\/wp-content\/uploads\/2020\/12\/cropped-logo-2.png","contentUrl":"https:\/\/skyline-gs.com\/wp-content\/uploads\/2020\/12\/cropped-logo-2.png","width":512,"height":512,"caption":"\u042d\u043a\u0441\u043a\u0443\u0440\u0441\u0438\u0438 Skyline"},"image":{"@id":"https:\/\/skyline-gs.com\/it\/#\/schema\/logo\/image\/"},"sameAs":["https:\/\/www.instagram.com\/skylineglobalservice\/"]}]}},"_links":{"self":[{"href":"https:\/\/skyline-gs.com\/fr\/wp-json\/wp\/v2\/product\/38288","targetHints":{"allow":["GET"]}}],"collection":[{"href":"https:\/\/skyline-gs.com\/fr\/wp-json\/wp\/v2\/product"}],"about":[{"href":"https:\/\/skyline-gs.com\/fr\/wp-json\/wp\/v2\/types\/product"}],"version-history":[{"count":0,"href":"https:\/\/skyline-gs.com\/fr\/wp-json\/wp\/v2\/product\/38288\/revisions"}],"wp:featuredmedia":[{"embeddable":true,"href":"https:\/\/skyline-gs.com\/fr\/wp-json\/wp\/v2\/media\/37496"}],"wp:attachment":[{"href":"https:\/\/skyline-gs.com\/fr\/wp-json\/wp\/v2\/media?parent=38288"}],"wp:term":[{"taxonomy":"product_brand","embeddable":true,"href":"https:\/\/skyline-gs.com\/fr\/wp-json\/wp\/v2\/product_brand?post=38288"},{"taxonomy":"product_cat","embeddable":true,"href":"https:\/\/skyline-gs.com\/fr\/wp-json\/wp\/v2\/product_cat?post=38288"},{"taxonomy":"product_tag","embeddable":true,"href":"https:\/\/skyline-gs.com\/fr\/wp-json\/wp\/v2\/product_tag?post=38288"}],"curies":[{"name":"wp","href":"https:\/\/api.w.org\/{rel}","templated":true}]}}