{"id":37368,"date":"2022-05-28T18:11:25","date_gmt":"2022-05-28T16:11:25","guid":{"rendered":"http:\/\/skyline-gs.com\/?post_type=product&#038;p=37368"},"modified":"2025-06-13T22:56:20","modified_gmt":"2025-06-13T20:56:20","slug":"cappadocia-2-days-alanya","status":"publish","type":"product","link":"https:\/\/skyline-gs.com\/fr\/product\/cappadocia-2-days-alanya\/","title":{"rendered":"Cappadoce 2 jours"},"content":{"rendered":"<p>Deux jours intenses au milieu de paysages insolites et d'anciennes cit\u00e9s rupestres. La Cappadoce est une r\u00e9gion o\u00f9 la nature et l'histoire ont cr\u00e9\u00e9 une atmosph\u00e8re unique. Tunnels \u00e9troits de villes souterraines, forteresses majestueuses, vall\u00e9es aux paysages fantastiques et, sur demande, un vol matinal en montgolfi\u00e8re au-dessus de toute cette splendeur.<\/p>\n<p><strong>Jour 1<\/strong><\/p>\n<p data-start=\"675\" data-end=\"767\"><strong>3:30 \u2014 \u0412\u044b\u0435\u0437\u0434 \u0438\u0437 \u043e\u0442\u0435\u043b\u044f \u0432 \u0410\u043b\u0430\u043d\u044c\u0435<\/strong>. \u041f\u0435\u0440\u0435\u0435\u0437\u0434 \u0432 \u041a\u0430\u043f\u043f\u0430\u0434\u043e\u043a\u0438\u044e (\u043e\u043a\u043e\u043b\u043e 6 \u0447\u0430\u0441\u043e\u0432 \u0432 \u043f\u0443\u0442\u0438, \u0441 \u043e\u0441\u0442\u0430\u043d\u043e\u0432\u043a\u0430\u043c\u0438).<\/p>\n<ul>\n<li data-start=\"769\" data-end=\"817\">Petit d\u00e9jeuner.<\/li>\n<li data-start=\"769\" data-end=\"817\"><strong>Visite de la ville souterraine de Tatlarin<\/strong>. Ouvert au public depuis 1991. Deux \u00e9tages sont ouverts : un tunnel de 15 m\u00e8tres, des cuisines, des logements, des granges et des \u00e9curies.<\/li>\n<li data-start=\"769\" data-end=\"817\">D\u00e9jeuner.<\/li>\n<li data-start=\"769\" data-end=\"817\"><strong>Panorama d'Ortahisar<\/strong>. La forteresse s'\u00e9l\u00e8ve \u00e0 86 m\u00e8tres de haut et domine les environs.<\/li>\n<li data-start=\"769\" data-end=\"817\"><strong>Visite de la ville forteresse d'Uchkhisar.<\/strong><\/li>\n<li data-start=\"769\" data-end=\"817\"><strong>Arr\u00eat panoramique sur la vall\u00e9e de G\u00f6reme.<\/strong><\/li>\n<li data-start=\"769\" data-end=\"817\"><strong>Promenade dans la ville rocheuse de Chavushin<\/strong>. C'est ici que se trouve l'\u00e9glise Saint-Jean-Baptiste, taill\u00e9e dans la roche.<\/li>\n<li data-start=\"769\" data-end=\"817\"><strong>Enregistrement dans un h\u00f4tel 4 \u00e9toiles.<\/strong><\/li>\n<li data-start=\"769\" data-end=\"817\">D\u00eener \u00e0 l'h\u00f4tel (buffet).<\/li>\n<li data-start=\"769\" data-end=\"817\">Nuit turque (en option). Programme de spectacles en soir\u00e9e avec boissons et friandises.<\/li>\n<\/ul>\n<p><strong>Jour 2<\/strong><\/p>\n<ul>\n<li data-start=\"1425\" data-end=\"1538\">A l'aube, excursion \u00e0 la parade des ballons ou vol en montgolfi\u00e8re (en option, avec suppl\u00e9ment).<\/li>\n<li data-start=\"1425\" data-end=\"1538\">Retour \u00e0 l'h\u00f4tel.<\/li>\n<li data-start=\"1425\" data-end=\"1538\">Petit d\u00e9jeuner.<\/li>\n<li data-start=\"1425\" data-end=\"1538\"><strong>Tour de la vall\u00e9e des roses (Derwent)<\/strong>. Les figures rocheuses naturelles ressemblent \u00e0 des personnes et \u00e0 des animaux.<\/li>\n<li data-start=\"1425\" data-end=\"1538\"><strong>Visite de l'atelier de poterie.<\/strong><\/li>\n<li data-start=\"1425\" data-end=\"1538\"><strong>Visite d'un atelier d'onyx.<\/strong><\/li>\n<li data-start=\"1425\" data-end=\"1538\">D\u00e9jeuner.<\/li>\n<\/ul>\n<p><strong>19:00 - Retour \u00e0 l'h\u00f4tel.<\/strong><\/p>\n<p><strong>Inclus :<\/strong><\/p>\n<ul>\n<li>Transferts depuis et vers l'h\u00f4tel<\/li>\n<li>Transferts du programme en autocar confortable et climatis\u00e9<\/li>\n<li>Guide parlant russe<\/li>\n<li>Assurance<\/li>\n<li>Nuit dans un h\u00f4tel 4*.<\/li>\n<li>Repas : 1er jour - d\u00eener, 2\u00e8me jour - petit-d\u00e9jeuner<\/li>\n<\/ul>\n<p><strong>Non inclus :<\/strong><\/p>\n<ul>\n<li>Vol en ballon au lever du soleil (optionnel, +250$ par personne)<\/li>\n<li>Transferts vers la parade de ballons<\/li>\n<li>D\u00e9jeuner au restaurant<\/li>\n<li>Le spectacle nocturne turc<\/li>\n<li>Droits d'entr\u00e9e au parc de G\u00f6reme<\/li>\n<\/ul>\n<p><strong>Emportez-le avec vous :<\/strong><\/p>\n<ul>\n<li>Petit-d\u00e9jeuner \u00e0 emporter (\u00e0 la r\u00e9ception de l'h\u00f4tel, expliquez que vous partez t\u00f4t le matin pour une excursion et que vous avez besoin de pr\u00e9parer une bo\u00eete \u00e0 lunch, les h\u00f4tels fourniront ce service gratuitement).<\/li>\n<li>L'eau<\/li>\n<li>Chaussures confortables<\/li>\n<li>Appareil photo<\/li>\n<li>Argent pour les d\u00e9penses personnelles<\/li>\n<\/ul>","protected":false},"excerpt":{"rendered":"<p><strong>Temps du Tour:<\/strong> 3:30 - 19:00<\/p>\n<p><strong>Jours de D\u00e9roulement:<\/strong> Lundi, jeudi, samedi<\/p>","protected":false},"featured_media":41752,"template":"","meta":{"_kad_post_transparent":"default","_kad_post_title":"","_kad_post_layout":"default","_kad_post_sidebar_id":"","_kad_post_content_style":"default","_kad_post_vertical_padding":"default","_kad_post_feature":"","_kad_post_feature_position":"","_kad_post_header":false,"_kad_post_footer":false,"_kad_post_classname":"","_glsr_average":0,"_glsr_ranking":0,"_glsr_reviews":0},"product_brand":[],"product_cat":[445],"product_tag":[],"class_list":{"0":"post-37368","1":"product","2":"type-product","3":"status-publish","4":"has-post-thumbnail","6":"product_cat-alanya","7":"tm-has-options","9":"first","10":"instock","11":"sale","12":"sold-individually","13":"taxable","14":"shipping-taxable","15":"purchasable","16":"product-type-simple","17":"entry","18":"content-bg","19":"loop-entry"},"yoast_head":"<!-- This site is optimized with the Yoast SEO plugin v27.3 - https:\/\/yoast.com\/product\/yoast-seo-wordpress\/ -->\n<title>\u041a\u0430\u043f\u043f\u0430\u0434\u043e\u043a\u0438\u044f \u0438\u0437 \u0410\u043b\u0430\u043d\u044c\u0438 &#8226; \u042d\u043a\u0441\u043a\u0443\u0440\u0441\u0438\u0438 Skyline<\/title>\n<meta name=\"description\" content=\"\u0414\u0432\u0430 \u043d\u0430\u0441\u044b\u0449\u0435\u043d\u043d\u044b\u0445 \u0434\u043d\u044f \u0441\u0440\u0435\u0434\u0438 \u043d\u0435\u043e\u0431\u044b\u0447\u043d\u044b\u0445 \u043f\u0435\u0439\u0437\u0430\u0436\u0435\u0439 \u0438 \u0434\u0440\u0435\u0432\u043d\u0438\u0445 \u0441\u043a\u0430\u043b\u044c\u043d\u044b\u0445 \u0433\u043e\u0440\u043e\u0434\u043e\u0432. \u041a\u0430\u043f\u043f\u0430\u0434\u043e\u043a\u0438\u044f \u2014 \u0440\u0435\u0433\u0438\u043e\u043d, \u0433\u0434\u0435 \u043f\u0440\u0438\u0440\u043e\u0434\u0430 \u0438 \u0438\u0441\u0442\u043e\u0440\u0438\u044f \u0441\u043e\u0437\u0434\u0430\u043b\u0438 \u043d\u0435\u043f\u043e\u0432\u0442\u043e\u0440\u0438\u043c\u0443\u044e \u0430\u0442\u043c\u043e\u0441\u0444\u0435\u0440\u0443.\" \/>\n<meta name=\"robots\" content=\"index, follow, max-snippet:-1, max-image-preview:large, max-video-preview:-1\" \/>\n<link rel=\"canonical\" href=\"https:\/\/skyline-gs.com\/fr\/produit\/cappadocia-2-days-alanya\/\" \/>\n<meta property=\"og:locale\" content=\"fr_FR\" \/>\n<meta property=\"og:type\" content=\"article\" \/>\n<meta property=\"og:title\" content=\"\u041a\u0430\u043f\u043f\u0430\u0434\u043e\u043a\u0438\u044f \u0438\u0437 \u0410\u043b\u0430\u043d\u044c\u0438 &#8226; \u042d\u043a\u0441\u043a\u0443\u0440\u0441\u0438\u0438 Skyline\" \/>\n<meta property=\"og:description\" content=\"\u0414\u0432\u0430 \u043d\u0430\u0441\u044b\u0449\u0435\u043d\u043d\u044b\u0445 \u0434\u043d\u044f \u0441\u0440\u0435\u0434\u0438 \u043d\u0435\u043e\u0431\u044b\u0447\u043d\u044b\u0445 \u043f\u0435\u0439\u0437\u0430\u0436\u0435\u0439 \u0438 \u0434\u0440\u0435\u0432\u043d\u0438\u0445 \u0441\u043a\u0430\u043b\u044c\u043d\u044b\u0445 \u0433\u043e\u0440\u043e\u0434\u043e\u0432. \u041a\u0430\u043f\u043f\u0430\u0434\u043e\u043a\u0438\u044f \u2014 \u0440\u0435\u0433\u0438\u043e\u043d, \u0433\u0434\u0435 \u043f\u0440\u0438\u0440\u043e\u0434\u0430 \u0438 \u0438\u0441\u0442\u043e\u0440\u0438\u044f \u0441\u043e\u0437\u0434\u0430\u043b\u0438 \u043d\u0435\u043f\u043e\u0432\u0442\u043e\u0440\u0438\u043c\u0443\u044e \u0430\u0442\u043c\u043e\u0441\u0444\u0435\u0440\u0443.\" \/>\n<meta property=\"og:url\" content=\"https:\/\/skyline-gs.com\/fr\/produit\/cappadocia-2-days-alanya\/\" \/>\n<meta property=\"og:site_name\" content=\"\u042d\u043a\u0441\u043a\u0443\u0440\u0441\u0438\u0438 Skyline\" \/>\n<meta property=\"article:modified_time\" content=\"2025-06-13T20:56:20+00:00\" \/>\n<meta property=\"og:image\" content=\"https:\/\/skyline-gs.com\/wp-content\/uploads\/2023\/01\/5-9.png\" \/>\n\t<meta property=\"og:image:width\" content=\"669\" \/>\n\t<meta property=\"og:image:height\" content=\"446\" \/>\n\t<meta property=\"og:image:type\" content=\"image\/png\" \/>\n<meta name=\"twitter:card\" content=\"summary_large_image\" \/>\n<meta name=\"twitter:label1\" content=\"Dur\u00e9e de lecture estim\u00e9e\" \/>\n\t<meta name=\"twitter:data1\" content=\"2 minutes\" \/>\n<script type=\"application\/ld+json\" class=\"yoast-schema-graph\">{\"@context\":\"https:\\\/\\\/schema.org\",\"@graph\":[{\"@type\":\"WebPage\",\"@id\":\"https:\\\/\\\/skyline-gs.com\\\/product\\\/cappadocia-2-days-alanya\\\/\",\"url\":\"https:\\\/\\\/skyline-gs.com\\\/product\\\/cappadocia-2-days-alanya\\\/\",\"name\":\"\u041a\u0430\u043f\u043f\u0430\u0434\u043e\u043a\u0438\u044f \u0438\u0437 \u0410\u043b\u0430\u043d\u044c\u0438 &#8226; \u042d\u043a\u0441\u043a\u0443\u0440\u0441\u0438\u0438 Skyline\",\"isPartOf\":{\"@id\":\"https:\\\/\\\/skyline-gs.com\\\/it\\\/#website\"},\"primaryImageOfPage\":{\"@id\":\"https:\\\/\\\/skyline-gs.com\\\/product\\\/cappadocia-2-days-alanya\\\/#primaryimage\"},\"image\":{\"@id\":\"https:\\\/\\\/skyline-gs.com\\\/product\\\/cappadocia-2-days-alanya\\\/#primaryimage\"},\"thumbnailUrl\":\"https:\\\/\\\/skyline-gs.com\\\/wp-content\\\/uploads\\\/2023\\\/01\\\/5-9.png\",\"datePublished\":\"2022-05-28T16:11:25+00:00\",\"dateModified\":\"2025-06-13T20:56:20+00:00\",\"description\":\"\u0414\u0432\u0430 \u043d\u0430\u0441\u044b\u0449\u0435\u043d\u043d\u044b\u0445 \u0434\u043d\u044f \u0441\u0440\u0435\u0434\u0438 \u043d\u0435\u043e\u0431\u044b\u0447\u043d\u044b\u0445 \u043f\u0435\u0439\u0437\u0430\u0436\u0435\u0439 \u0438 \u0434\u0440\u0435\u0432\u043d\u0438\u0445 \u0441\u043a\u0430\u043b\u044c\u043d\u044b\u0445 \u0433\u043e\u0440\u043e\u0434\u043e\u0432. \u041a\u0430\u043f\u043f\u0430\u0434\u043e\u043a\u0438\u044f \u2014 \u0440\u0435\u0433\u0438\u043e\u043d, \u0433\u0434\u0435 \u043f\u0440\u0438\u0440\u043e\u0434\u0430 \u0438 \u0438\u0441\u0442\u043e\u0440\u0438\u044f \u0441\u043e\u0437\u0434\u0430\u043b\u0438 \u043d\u0435\u043f\u043e\u0432\u0442\u043e\u0440\u0438\u043c\u0443\u044e \u0430\u0442\u043c\u043e\u0441\u0444\u0435\u0440\u0443.\",\"breadcrumb\":{\"@id\":\"https:\\\/\\\/skyline-gs.com\\\/product\\\/cappadocia-2-days-alanya\\\/#breadcrumb\"},\"inLanguage\":\"fr-FR\",\"potentialAction\":[{\"@type\":\"ReadAction\",\"target\":[\"https:\\\/\\\/skyline-gs.com\\\/product\\\/cappadocia-2-days-alanya\\\/\"]}]},{\"@type\":\"ImageObject\",\"inLanguage\":\"fr-FR\",\"@id\":\"https:\\\/\\\/skyline-gs.com\\\/product\\\/cappadocia-2-days-alanya\\\/#primaryimage\",\"url\":\"https:\\\/\\\/skyline-gs.com\\\/wp-content\\\/uploads\\\/2023\\\/01\\\/5-9.png\",\"contentUrl\":\"https:\\\/\\\/skyline-gs.com\\\/wp-content\\\/uploads\\\/2023\\\/01\\\/5-9.png\",\"width\":669,\"height\":446},{\"@type\":\"BreadcrumbList\",\"@id\":\"https:\\\/\\\/skyline-gs.com\\\/product\\\/cappadocia-2-days-alanya\\\/#breadcrumb\",\"itemListElement\":[{\"@type\":\"ListItem\",\"position\":1,\"name\":\"\u0413\u043b\u0430\u0432\u043d\u0430\u044f \u0441\u0442\u0440\u0430\u043d\u0438\u0446\u0430\",\"item\":\"https:\\\/\\\/skyline-gs.com\\\/hu\\\/\"},{\"@type\":\"ListItem\",\"position\":2,\"name\":\"\u041c\u0430\u0433\u0430\u0437\u0438\u043d\",\"item\":\"https:\\\/\\\/skyline-gs.com\\\/cs\\\/shop\\\/\"},{\"@type\":\"ListItem\",\"position\":3,\"name\":\"\u041a\u0430\u043f\u043f\u0430\u0434\u043e\u043a\u0438\u044f 2 \u0434\u043d\u044f\"}]},{\"@type\":\"WebSite\",\"@id\":\"https:\\\/\\\/skyline-gs.com\\\/it\\\/#website\",\"url\":\"https:\\\/\\\/skyline-gs.com\\\/it\\\/\",\"name\":\"\u042d\u043a\u0441\u043a\u0443\u0440\u0441\u0438\u0438 Skyline\",\"description\":\"\u042d\u043a\u0441\u043a\u043b\u044e\u0437\u0438\u0432\u043d\u044b\u0435 \u044d\u043a\u0441\u043a\u0443\u0440\u0441\u0438\u0438 \u043d\u0430 \u043b\u0443\u0447\u0448\u0438\u0445 \u043a\u0443\u0440\u043e\u0440\u0442\u0430\u0445 \u043c\u0438\u0440\u0430\",\"publisher\":{\"@id\":\"https:\\\/\\\/skyline-gs.com\\\/it\\\/#organization\"},\"alternateName\":\"Skyline\",\"potentialAction\":[{\"@type\":\"SearchAction\",\"target\":{\"@type\":\"EntryPoint\",\"urlTemplate\":\"https:\\\/\\\/skyline-gs.com\\\/it\\\/?s={search_term_string}\"},\"query-input\":{\"@type\":\"PropertyValueSpecification\",\"valueRequired\":true,\"valueName\":\"search_term_string\"}}],\"inLanguage\":\"fr-FR\"},{\"@type\":\"Organization\",\"@id\":\"https:\\\/\\\/skyline-gs.com\\\/it\\\/#organization\",\"name\":\"\u042d\u043a\u0441\u043a\u0443\u0440\u0441\u0438\u0438 Skyline\",\"alternateName\":\"\u042d\u043a\u0441\u043a\u0443\u0440\u0441\u0438\u0438 Skyline\",\"url\":\"https:\\\/\\\/skyline-gs.com\\\/it\\\/\",\"logo\":{\"@type\":\"ImageObject\",\"inLanguage\":\"fr-FR\",\"@id\":\"https:\\\/\\\/skyline-gs.com\\\/it\\\/#\\\/schema\\\/logo\\\/image\\\/\",\"url\":\"https:\\\/\\\/skyline-gs.com\\\/wp-content\\\/uploads\\\/2020\\\/12\\\/cropped-logo-2.png\",\"contentUrl\":\"https:\\\/\\\/skyline-gs.com\\\/wp-content\\\/uploads\\\/2020\\\/12\\\/cropped-logo-2.png\",\"width\":512,\"height\":512,\"caption\":\"\u042d\u043a\u0441\u043a\u0443\u0440\u0441\u0438\u0438 Skyline\"},\"image\":{\"@id\":\"https:\\\/\\\/skyline-gs.com\\\/it\\\/#\\\/schema\\\/logo\\\/image\\\/\"},\"sameAs\":[\"https:\\\/\\\/www.instagram.com\\\/skylineglobalservice\\\/\"]}]}<\/script>\n<!-- \/ Yoast SEO plugin. -->","yoast_head_json":{"title":"\u041a\u0430\u043f\u043f\u0430\u0434\u043e\u043a\u0438\u044f \u0438\u0437 \u0410\u043b\u0430\u043d\u044c\u0438 &#8226; \u042d\u043a\u0441\u043a\u0443\u0440\u0441\u0438\u0438 Skyline","description":"Deux jours intenses au milieu de paysages insolites et d'anciennes cit\u00e9s rupestres. La Cappadoce est une r\u00e9gion o\u00f9 la nature et l'histoire ont cr\u00e9\u00e9 une atmosph\u00e8re unique.","robots":{"index":"index","follow":"follow","max-snippet":"max-snippet:-1","max-image-preview":"max-image-preview:large","max-video-preview":"max-video-preview:-1"},"canonical":"https:\/\/skyline-gs.com\/fr\/produit\/cappadocia-2-days-alanya\/","og_locale":"fr_FR","og_type":"article","og_title":"\u041a\u0430\u043f\u043f\u0430\u0434\u043e\u043a\u0438\u044f \u0438\u0437 \u0410\u043b\u0430\u043d\u044c\u0438 &#8226; \u042d\u043a\u0441\u043a\u0443\u0440\u0441\u0438\u0438 Skyline","og_description":"\u0414\u0432\u0430 \u043d\u0430\u0441\u044b\u0449\u0435\u043d\u043d\u044b\u0445 \u0434\u043d\u044f \u0441\u0440\u0435\u0434\u0438 \u043d\u0435\u043e\u0431\u044b\u0447\u043d\u044b\u0445 \u043f\u0435\u0439\u0437\u0430\u0436\u0435\u0439 \u0438 \u0434\u0440\u0435\u0432\u043d\u0438\u0445 \u0441\u043a\u0430\u043b\u044c\u043d\u044b\u0445 \u0433\u043e\u0440\u043e\u0434\u043e\u0432. \u041a\u0430\u043f\u043f\u0430\u0434\u043e\u043a\u0438\u044f \u2014 \u0440\u0435\u0433\u0438\u043e\u043d, \u0433\u0434\u0435 \u043f\u0440\u0438\u0440\u043e\u0434\u0430 \u0438 \u0438\u0441\u0442\u043e\u0440\u0438\u044f \u0441\u043e\u0437\u0434\u0430\u043b\u0438 \u043d\u0435\u043f\u043e\u0432\u0442\u043e\u0440\u0438\u043c\u0443\u044e \u0430\u0442\u043c\u043e\u0441\u0444\u0435\u0440\u0443.","og_url":"https:\/\/skyline-gs.com\/fr\/produit\/cappadocia-2-days-alanya\/","og_site_name":"\u042d\u043a\u0441\u043a\u0443\u0440\u0441\u0438\u0438 Skyline","article_modified_time":"2025-06-13T20:56:20+00:00","og_image":[{"width":669,"height":446,"url":"https:\/\/skyline-gs.com\/wp-content\/uploads\/2023\/01\/5-9.png","type":"image\/png"}],"twitter_card":"summary_large_image","twitter_misc":{"Dur\u00e9e de lecture estim\u00e9e":"2 minutes"},"schema":{"@context":"https:\/\/schema.org","@graph":[{"@type":"WebPage","@id":"https:\/\/skyline-gs.com\/product\/cappadocia-2-days-alanya\/","url":"https:\/\/skyline-gs.com\/product\/cappadocia-2-days-alanya\/","name":"\u041a\u0430\u043f\u043f\u0430\u0434\u043e\u043a\u0438\u044f \u0438\u0437 \u0410\u043b\u0430\u043d\u044c\u0438 &#8226; \u042d\u043a\u0441\u043a\u0443\u0440\u0441\u0438\u0438 Skyline","isPartOf":{"@id":"https:\/\/skyline-gs.com\/it\/#website"},"primaryImageOfPage":{"@id":"https:\/\/skyline-gs.com\/product\/cappadocia-2-days-alanya\/#primaryimage"},"image":{"@id":"https:\/\/skyline-gs.com\/product\/cappadocia-2-days-alanya\/#primaryimage"},"thumbnailUrl":"https:\/\/skyline-gs.com\/wp-content\/uploads\/2023\/01\/5-9.png","datePublished":"2022-05-28T16:11:25+00:00","dateModified":"2025-06-13T20:56:20+00:00","description":"Deux jours intenses au milieu de paysages insolites et d'anciennes cit\u00e9s rupestres. La Cappadoce est une r\u00e9gion o\u00f9 la nature et l'histoire ont cr\u00e9\u00e9 une atmosph\u00e8re unique.","breadcrumb":{"@id":"https:\/\/skyline-gs.com\/product\/cappadocia-2-days-alanya\/#breadcrumb"},"inLanguage":"fr-FR","potentialAction":[{"@type":"ReadAction","target":["https:\/\/skyline-gs.com\/product\/cappadocia-2-days-alanya\/"]}]},{"@type":"ImageObject","inLanguage":"fr-FR","@id":"https:\/\/skyline-gs.com\/product\/cappadocia-2-days-alanya\/#primaryimage","url":"https:\/\/skyline-gs.com\/wp-content\/uploads\/2023\/01\/5-9.png","contentUrl":"https:\/\/skyline-gs.com\/wp-content\/uploads\/2023\/01\/5-9.png","width":669,"height":446},{"@type":"BreadcrumbList","@id":"https:\/\/skyline-gs.com\/product\/cappadocia-2-days-alanya\/#breadcrumb","itemListElement":[{"@type":"ListItem","position":1,"name":"\u0413\u043b\u0430\u0432\u043d\u0430\u044f \u0441\u0442\u0440\u0430\u043d\u0438\u0446\u0430","item":"https:\/\/skyline-gs.com\/hu\/"},{"@type":"ListItem","position":2,"name":"\u041c\u0430\u0433\u0430\u0437\u0438\u043d","item":"https:\/\/skyline-gs.com\/cs\/shop\/"},{"@type":"ListItem","position":3,"name":"\u041a\u0430\u043f\u043f\u0430\u0434\u043e\u043a\u0438\u044f 2 \u0434\u043d\u044f"}]},{"@type":"WebSite","@id":"https:\/\/skyline-gs.com\/it\/#website","url":"https:\/\/skyline-gs.com\/it\/","name":"Excursions Skyline","description":"Excursions exclusives dans les meilleurs centres de vill\u00e9giature du monde","publisher":{"@id":"https:\/\/skyline-gs.com\/it\/#organization"},"alternateName":"Skyline","potentialAction":[{"@type":"SearchAction","target":{"@type":"EntryPoint","urlTemplate":"https:\/\/skyline-gs.com\/it\/?s={search_term_string}"},"query-input":{"@type":"PropertyValueSpecification","valueRequired":true,"valueName":"search_term_string"}}],"inLanguage":"fr-FR"},{"@type":"Organization","@id":"https:\/\/skyline-gs.com\/it\/#organization","name":"Excursions Skyline","alternateName":"\u042d\u043a\u0441\u043a\u0443\u0440\u0441\u0438\u0438 Skyline","url":"https:\/\/skyline-gs.com\/it\/","logo":{"@type":"ImageObject","inLanguage":"fr-FR","@id":"https:\/\/skyline-gs.com\/it\/#\/schema\/logo\/image\/","url":"https:\/\/skyline-gs.com\/wp-content\/uploads\/2020\/12\/cropped-logo-2.png","contentUrl":"https:\/\/skyline-gs.com\/wp-content\/uploads\/2020\/12\/cropped-logo-2.png","width":512,"height":512,"caption":"\u042d\u043a\u0441\u043a\u0443\u0440\u0441\u0438\u0438 Skyline"},"image":{"@id":"https:\/\/skyline-gs.com\/it\/#\/schema\/logo\/image\/"},"sameAs":["https:\/\/www.instagram.com\/skylineglobalservice\/"]}]}},"_links":{"self":[{"href":"https:\/\/skyline-gs.com\/fr\/wp-json\/wp\/v2\/product\/37368","targetHints":{"allow":["GET"]}}],"collection":[{"href":"https:\/\/skyline-gs.com\/fr\/wp-json\/wp\/v2\/product"}],"about":[{"href":"https:\/\/skyline-gs.com\/fr\/wp-json\/wp\/v2\/types\/product"}],"version-history":[{"count":0,"href":"https:\/\/skyline-gs.com\/fr\/wp-json\/wp\/v2\/product\/37368\/revisions"}],"wp:featuredmedia":[{"embeddable":true,"href":"https:\/\/skyline-gs.com\/fr\/wp-json\/wp\/v2\/media\/41752"}],"wp:attachment":[{"href":"https:\/\/skyline-gs.com\/fr\/wp-json\/wp\/v2\/media?parent=37368"}],"wp:term":[{"taxonomy":"product_brand","embeddable":true,"href":"https:\/\/skyline-gs.com\/fr\/wp-json\/wp\/v2\/product_brand?post=37368"},{"taxonomy":"product_cat","embeddable":true,"href":"https:\/\/skyline-gs.com\/fr\/wp-json\/wp\/v2\/product_cat?post=37368"},{"taxonomy":"product_tag","embeddable":true,"href":"https:\/\/skyline-gs.com\/fr\/wp-json\/wp\/v2\/product_tag?post=37368"}],"curies":[{"name":"wp","href":"https:\/\/api.w.org\/{rel}","templated":true}]}}