{"id":36087,"date":"2022-02-18T12:02:18","date_gmt":"2022-02-18T10:02:18","guid":{"rendered":"http:\/\/skyline-gs.com\/?post_type=product&#038;p=36087"},"modified":"2025-10-04T09:05:32","modified_gmt":"2025-10-04T07:05:32","slug":"firefly-river-monkey-langurs-batu-caves-kualalumpur-2","status":"publish","type":"product","link":"https:\/\/skyline-gs.com\/fr\/product\/firefly-river-monkey-langurs-batu-caves-kualalumpur\/","title":{"rendered":"Rivi\u00e8re des Lucioles. Singes Langur. Grottes de Batu"},"content":{"rendered":"<ul>\n<li>Grottes de Batu<\/li>\n<li>Melawati Fort Selangor State<\/li>\n<li>Nourrir les singes langurs argent\u00e9s<\/li>\n<li>Croisi\u00e8re en bateau sur la rivi\u00e8re et observation des lucioles<\/li>\n<\/ul>\n<p>16:00 d\u00e9part de l'h\u00f4tel. Pour commencer, nous nous rendons aux grottes de Batu, dont vous avez certainement entendu parler ! Vous d\u00e9couvrirez le monde fantastique des grottes de Batu, vieilles d'environ 400 millions d'ann\u00e9es. A l'int\u00e9rieur des grottes se trouvent de magnifiques temples et sanctuaires qui d\u00e9gagent une atmosph\u00e8re incroyable. Au pied des grottes, vous serez accueilli par un Bouddha dor\u00e9 g\u00e9ant de 42 m\u00e8tres de haut. Des rituels religieux y sont c\u00e9l\u00e9br\u00e9s tous les jours et vous pourrez en apprendre davantage sur la culture locale. Ensuite, direction le Fort Altingsburg sur la colline de Melawati, construit par le deuxi\u00e8me sultan de Selangor. De son sommet, on jouit d'une vue panoramique sur la baie de Malacca. Cet endroit est \u00e9galement connu pour ses singes argent\u00e9s, les langurs. Les langurs sont tr\u00e8s amicaux et peuvent s'asseoir sur votre \u00e9paule et manger dans vos mains. Vient ensuite la partie la plus importante du programme : une croisi\u00e8re magique le long de la rivi\u00e8re des lucioles. Il s'agit de l'un des spectacles les plus fascinants au monde, que l'on ne trouve qu'en Malaisie et aux Philippines. Vous verrez des guirlandes g\u00e9antes de lucioles tout autour de vous. Vous vous souviendrez toute votre vie de ce spectacle. Retour \u00e0 l'h\u00f4tel. Vers 22h00, retour \u00e0 l'h\u00f4tel.<\/p>\n<p><strong>Inclus :<\/strong><\/p>\n<ul>\n<li>Transferts depuis et vers l'h\u00f4tel<\/li>\n<li>Tous les transferts en route<\/li>\n<li>Billets d'entr\u00e9e<\/li>\n<li>Guide parlant russe<\/li>\n<li>Location de bateaux<\/li>\n<\/ul>\n<p><strong>Non inclus :<\/strong><\/p>\n<ul>\n<li>D\u00eener (nous pouvons nous arr\u00eater dans un caf\u00e9 pour d\u00eener si vous le souhaitez)<\/li>\n<\/ul>\n<p><strong>Emportez-le avec vous :<\/strong><\/p>\n<ul>\n<li>L'eau<\/li>\n<li>Appareil photo<\/li>\n<li>Argent pour les d\u00e9penses personnelles<\/li>\n<\/ul>","protected":false},"excerpt":{"rendered":"<p><strong>Temps du Tour:<\/strong> 16:00 - 22:00<br \/>\n<strong>Jours de D\u00e9roulement:<\/strong> Chaque jour<\/p>","protected":false},"featured_media":42311,"template":"","meta":{"_kad_post_transparent":"default","_kad_post_title":"","_kad_post_layout":"default","_kad_post_sidebar_id":"","_kad_post_content_style":"default","_kad_post_vertical_padding":"default","_kad_post_feature":"","_kad_post_feature_position":"","_kad_post_header":false,"_kad_post_footer":false,"_kad_post_classname":"","_glsr_average":0,"_glsr_ranking":0,"_glsr_reviews":0},"product_brand":[],"product_cat":[439],"product_tag":[],"class_list":{"0":"post-36087","1":"product","2":"type-product","3":"status-publish","4":"has-post-thumbnail","6":"product_cat-kuala-lumpur","7":"tm-has-options","9":"first","10":"instock","11":"sale","12":"sold-individually","13":"taxable","14":"shipping-taxable","15":"purchasable","16":"product-type-simple","17":"entry","18":"content-bg","19":"loop-entry"},"yoast_head":"<!-- This site is optimized with the Yoast SEO plugin v27.4 - https:\/\/yoast.com\/product\/yoast-seo-wordpress\/ -->\n<title>\u0420\u0435\u043a\u0430 \u0441\u0432\u0435\u0442\u043b\u044f\u0447\u043a\u043e\u0432. \u041e\u0431\u0435\u0437\u044c\u044f\u043d\u044b \u041b\u0430\u043d\u0433\u0443\u0440\u044b. \u041f\u0435\u0449\u0435\u0440\u044b \u0411\u0430\u0442\u0443 &#8226; \u042d\u043a\u0441\u043a\u0443\u0440\u0441\u0438\u0438 Skyline<\/title>\n<meta name=\"robots\" content=\"index, follow, max-snippet:-1, max-image-preview:large, max-video-preview:-1\" \/>\n<link rel=\"canonical\" href=\"http:\/\/skyline-gs.com\/fr\/produit\/firefly-river-monkey-langurs-batu-caves-kualalumpur-2\/\" \/>\n<meta property=\"og:locale\" content=\"fr_FR\" \/>\n<meta property=\"og:type\" content=\"article\" \/>\n<meta property=\"og:title\" content=\"\u0420\u0435\u043a\u0430 \u0441\u0432\u0435\u0442\u043b\u044f\u0447\u043a\u043e\u0432. \u041e\u0431\u0435\u0437\u044c\u044f\u043d\u044b \u041b\u0430\u043d\u0433\u0443\u0440\u044b. \u041f\u0435\u0449\u0435\u0440\u044b \u0411\u0430\u0442\u0443 &#8226; \u042d\u043a\u0441\u043a\u0443\u0440\u0441\u0438\u0438 Skyline\" \/>\n<meta property=\"og:description\" content=\"\u0412\u0440\u0435\u043c\u044f \u0442\u0443\u0440\u0430: 16:00 \u2013 22:00 \u0414\u043d\u0438 \u043f\u0440\u043e\u0432\u0435\u0434\u0435\u043d\u0438\u044f: \u0435\u0436\u0435\u0434\u043d\u0435\u0432\u043d\u043e\" \/>\n<meta property=\"og:url\" content=\"http:\/\/skyline-gs.com\/fr\/produit\/firefly-river-monkey-langurs-batu-caves-kualalumpur-2\/\" \/>\n<meta property=\"og:site_name\" content=\"\u042d\u043a\u0441\u043a\u0443\u0440\u0441\u0438\u0438 Skyline\" \/>\n<meta property=\"article:modified_time\" content=\"2025-10-04T07:05:32+00:00\" \/>\n<meta property=\"og:image\" content=\"https:\/\/skyline-gs.com\/wp-content\/uploads\/2022\/02\/9-11.png\" \/>\n\t<meta property=\"og:image:width\" content=\"669\" \/>\n\t<meta property=\"og:image:height\" content=\"446\" \/>\n\t<meta property=\"og:image:type\" content=\"image\/png\" \/>\n<meta name=\"twitter:card\" content=\"summary_large_image\" \/>\n<meta name=\"twitter:label1\" content=\"Dur\u00e9e de lecture estim\u00e9e\" \/>\n\t<meta name=\"twitter:data1\" content=\"2 minutes\" \/>\n<script type=\"application\/ld+json\" class=\"yoast-schema-graph\">{\"@context\":\"https:\\\/\\\/schema.org\",\"@graph\":[{\"@type\":\"WebPage\",\"@id\":\"http:\\\/\\\/skyline-gs.com\\\/cs\\\/produkt\\\/firefly-river-monkey-langurs-batu-caves-kualalumpur\\\/\",\"url\":\"http:\\\/\\\/skyline-gs.com\\\/cs\\\/produkt\\\/firefly-river-monkey-langurs-batu-caves-kualalumpur\\\/\",\"name\":\"\u0420\u0435\u043a\u0430 \u0441\u0432\u0435\u0442\u043b\u044f\u0447\u043a\u043e\u0432. \u041e\u0431\u0435\u0437\u044c\u044f\u043d\u044b \u041b\u0430\u043d\u0433\u0443\u0440\u044b. \u041f\u0435\u0449\u0435\u0440\u044b \u0411\u0430\u0442\u0443 &#8226; \u042d\u043a\u0441\u043a\u0443\u0440\u0441\u0438\u0438 Skyline\",\"isPartOf\":{\"@id\":\"https:\\\/\\\/skyline-gs.com\\\/it\\\/#website\"},\"primaryImageOfPage\":{\"@id\":\"http:\\\/\\\/skyline-gs.com\\\/cs\\\/produkt\\\/firefly-river-monkey-langurs-batu-caves-kualalumpur\\\/#primaryimage\"},\"image\":{\"@id\":\"http:\\\/\\\/skyline-gs.com\\\/cs\\\/produkt\\\/firefly-river-monkey-langurs-batu-caves-kualalumpur\\\/#primaryimage\"},\"thumbnailUrl\":\"https:\\\/\\\/skyline-gs.com\\\/wp-content\\\/uploads\\\/2022\\\/02\\\/9-11.png\",\"datePublished\":\"2022-02-18T10:02:18+00:00\",\"dateModified\":\"2025-10-04T07:05:32+00:00\",\"breadcrumb\":{\"@id\":\"http:\\\/\\\/skyline-gs.com\\\/cs\\\/produkt\\\/firefly-river-monkey-langurs-batu-caves-kualalumpur\\\/#breadcrumb\"},\"inLanguage\":\"fr-FR\",\"potentialAction\":[{\"@type\":\"ReadAction\",\"target\":[\"http:\\\/\\\/skyline-gs.com\\\/cs\\\/produkt\\\/firefly-river-monkey-langurs-batu-caves-kualalumpur\\\/\"]}]},{\"@type\":\"ImageObject\",\"inLanguage\":\"fr-FR\",\"@id\":\"http:\\\/\\\/skyline-gs.com\\\/cs\\\/produkt\\\/firefly-river-monkey-langurs-batu-caves-kualalumpur\\\/#primaryimage\",\"url\":\"https:\\\/\\\/skyline-gs.com\\\/wp-content\\\/uploads\\\/2022\\\/02\\\/9-11.png\",\"contentUrl\":\"https:\\\/\\\/skyline-gs.com\\\/wp-content\\\/uploads\\\/2022\\\/02\\\/9-11.png\",\"width\":669,\"height\":446},{\"@type\":\"BreadcrumbList\",\"@id\":\"http:\\\/\\\/skyline-gs.com\\\/cs\\\/produkt\\\/firefly-river-monkey-langurs-batu-caves-kualalumpur\\\/#breadcrumb\",\"itemListElement\":[{\"@type\":\"ListItem\",\"position\":1,\"name\":\"\u0413\u043b\u0430\u0432\u043d\u0430\u044f \u0441\u0442\u0440\u0430\u043d\u0438\u0446\u0430\",\"item\":\"https:\\\/\\\/skyline-gs.com\\\/hu\\\/\"},{\"@type\":\"ListItem\",\"position\":2,\"name\":\"\u041c\u0430\u0433\u0430\u0437\u0438\u043d\",\"item\":\"https:\\\/\\\/skyline-gs.com\\\/cs\\\/shop\\\/\"},{\"@type\":\"ListItem\",\"position\":3,\"name\":\"\u0420\u0435\u043a\u0430 \u0441\u0432\u0435\u0442\u043b\u044f\u0447\u043a\u043e\u0432. \u041e\u0431\u0435\u0437\u044c\u044f\u043d\u044b \u041b\u0430\u043d\u0433\u0443\u0440\u044b. \u041f\u0435\u0449\u0435\u0440\u044b \u0411\u0430\u0442\u0443\"}]},{\"@type\":\"WebSite\",\"@id\":\"https:\\\/\\\/skyline-gs.com\\\/it\\\/#website\",\"url\":\"https:\\\/\\\/skyline-gs.com\\\/it\\\/\",\"name\":\"\u042d\u043a\u0441\u043a\u0443\u0440\u0441\u0438\u0438 Skyline\",\"description\":\"\u042d\u043a\u0441\u043a\u043b\u044e\u0437\u0438\u0432\u043d\u044b\u0435 \u044d\u043a\u0441\u043a\u0443\u0440\u0441\u0438\u0438 \u043d\u0430 \u043b\u0443\u0447\u0448\u0438\u0445 \u043a\u0443\u0440\u043e\u0440\u0442\u0430\u0445 \u043c\u0438\u0440\u0430\",\"publisher\":{\"@id\":\"https:\\\/\\\/skyline-gs.com\\\/it\\\/#organization\"},\"alternateName\":\"Skyline\",\"potentialAction\":[{\"@type\":\"SearchAction\",\"target\":{\"@type\":\"EntryPoint\",\"urlTemplate\":\"https:\\\/\\\/skyline-gs.com\\\/it\\\/?s={search_term_string}\"},\"query-input\":{\"@type\":\"PropertyValueSpecification\",\"valueRequired\":true,\"valueName\":\"search_term_string\"}}],\"inLanguage\":\"fr-FR\"},{\"@type\":\"Organization\",\"@id\":\"https:\\\/\\\/skyline-gs.com\\\/it\\\/#organization\",\"name\":\"\u042d\u043a\u0441\u043a\u0443\u0440\u0441\u0438\u0438 Skyline\",\"alternateName\":\"\u042d\u043a\u0441\u043a\u0443\u0440\u0441\u0438\u0438 Skyline\",\"url\":\"https:\\\/\\\/skyline-gs.com\\\/it\\\/\",\"logo\":{\"@type\":\"ImageObject\",\"inLanguage\":\"fr-FR\",\"@id\":\"https:\\\/\\\/skyline-gs.com\\\/it\\\/#\\\/schema\\\/logo\\\/image\\\/\",\"url\":\"https:\\\/\\\/skyline-gs.com\\\/wp-content\\\/uploads\\\/2020\\\/12\\\/cropped-logo-2.png\",\"contentUrl\":\"https:\\\/\\\/skyline-gs.com\\\/wp-content\\\/uploads\\\/2020\\\/12\\\/cropped-logo-2.png\",\"width\":512,\"height\":512,\"caption\":\"\u042d\u043a\u0441\u043a\u0443\u0440\u0441\u0438\u0438 Skyline\"},\"image\":{\"@id\":\"https:\\\/\\\/skyline-gs.com\\\/it\\\/#\\\/schema\\\/logo\\\/image\\\/\"},\"sameAs\":[\"https:\\\/\\\/www.instagram.com\\\/skylineglobalservice\\\/\"]}]}<\/script>\n<!-- \/ Yoast SEO plugin. -->","yoast_head_json":{"title":"\u0420\u0435\u043a\u0430 \u0441\u0432\u0435\u0442\u043b\u044f\u0447\u043a\u043e\u0432. \u041e\u0431\u0435\u0437\u044c\u044f\u043d\u044b \u041b\u0430\u043d\u0433\u0443\u0440\u044b. \u041f\u0435\u0449\u0435\u0440\u044b \u0411\u0430\u0442\u0443 &#8226; \u042d\u043a\u0441\u043a\u0443\u0440\u0441\u0438\u0438 Skyline","robots":{"index":"index","follow":"follow","max-snippet":"max-snippet:-1","max-image-preview":"max-image-preview:large","max-video-preview":"max-video-preview:-1"},"canonical":"http:\/\/skyline-gs.com\/fr\/produit\/firefly-river-monkey-langurs-batu-caves-kualalumpur-2\/","og_locale":"fr_FR","og_type":"article","og_title":"\u0420\u0435\u043a\u0430 \u0441\u0432\u0435\u0442\u043b\u044f\u0447\u043a\u043e\u0432. \u041e\u0431\u0435\u0437\u044c\u044f\u043d\u044b \u041b\u0430\u043d\u0433\u0443\u0440\u044b. \u041f\u0435\u0449\u0435\u0440\u044b \u0411\u0430\u0442\u0443 &#8226; \u042d\u043a\u0441\u043a\u0443\u0440\u0441\u0438\u0438 Skyline","og_description":"\u0412\u0440\u0435\u043c\u044f \u0442\u0443\u0440\u0430: 16:00 \u2013 22:00 \u0414\u043d\u0438 \u043f\u0440\u043e\u0432\u0435\u0434\u0435\u043d\u0438\u044f: \u0435\u0436\u0435\u0434\u043d\u0435\u0432\u043d\u043e","og_url":"http:\/\/skyline-gs.com\/fr\/produit\/firefly-river-monkey-langurs-batu-caves-kualalumpur-2\/","og_site_name":"\u042d\u043a\u0441\u043a\u0443\u0440\u0441\u0438\u0438 Skyline","article_modified_time":"2025-10-04T07:05:32+00:00","og_image":[{"width":669,"height":446,"url":"https:\/\/skyline-gs.com\/wp-content\/uploads\/2022\/02\/9-11.png","type":"image\/png"}],"twitter_card":"summary_large_image","twitter_misc":{"Dur\u00e9e de lecture estim\u00e9e":"2 minutes"},"schema":{"@context":"https:\/\/schema.org","@graph":[{"@type":"WebPage","@id":"http:\/\/skyline-gs.com\/cs\/produkt\/firefly-river-monkey-langurs-batu-caves-kualalumpur\/","url":"http:\/\/skyline-gs.com\/cs\/produkt\/firefly-river-monkey-langurs-batu-caves-kualalumpur\/","name":"\u0420\u0435\u043a\u0430 \u0441\u0432\u0435\u0442\u043b\u044f\u0447\u043a\u043e\u0432. \u041e\u0431\u0435\u0437\u044c\u044f\u043d\u044b \u041b\u0430\u043d\u0433\u0443\u0440\u044b. \u041f\u0435\u0449\u0435\u0440\u044b \u0411\u0430\u0442\u0443 &#8226; \u042d\u043a\u0441\u043a\u0443\u0440\u0441\u0438\u0438 Skyline","isPartOf":{"@id":"https:\/\/skyline-gs.com\/it\/#website"},"primaryImageOfPage":{"@id":"http:\/\/skyline-gs.com\/cs\/produkt\/firefly-river-monkey-langurs-batu-caves-kualalumpur\/#primaryimage"},"image":{"@id":"http:\/\/skyline-gs.com\/cs\/produkt\/firefly-river-monkey-langurs-batu-caves-kualalumpur\/#primaryimage"},"thumbnailUrl":"https:\/\/skyline-gs.com\/wp-content\/uploads\/2022\/02\/9-11.png","datePublished":"2022-02-18T10:02:18+00:00","dateModified":"2025-10-04T07:05:32+00:00","breadcrumb":{"@id":"http:\/\/skyline-gs.com\/cs\/produkt\/firefly-river-monkey-langurs-batu-caves-kualalumpur\/#breadcrumb"},"inLanguage":"fr-FR","potentialAction":[{"@type":"ReadAction","target":["http:\/\/skyline-gs.com\/cs\/produkt\/firefly-river-monkey-langurs-batu-caves-kualalumpur\/"]}]},{"@type":"ImageObject","inLanguage":"fr-FR","@id":"http:\/\/skyline-gs.com\/cs\/produkt\/firefly-river-monkey-langurs-batu-caves-kualalumpur\/#primaryimage","url":"https:\/\/skyline-gs.com\/wp-content\/uploads\/2022\/02\/9-11.png","contentUrl":"https:\/\/skyline-gs.com\/wp-content\/uploads\/2022\/02\/9-11.png","width":669,"height":446},{"@type":"BreadcrumbList","@id":"http:\/\/skyline-gs.com\/cs\/produkt\/firefly-river-monkey-langurs-batu-caves-kualalumpur\/#breadcrumb","itemListElement":[{"@type":"ListItem","position":1,"name":"\u0413\u043b\u0430\u0432\u043d\u0430\u044f \u0441\u0442\u0440\u0430\u043d\u0438\u0446\u0430","item":"https:\/\/skyline-gs.com\/hu\/"},{"@type":"ListItem","position":2,"name":"\u041c\u0430\u0433\u0430\u0437\u0438\u043d","item":"https:\/\/skyline-gs.com\/cs\/shop\/"},{"@type":"ListItem","position":3,"name":"\u0420\u0435\u043a\u0430 \u0441\u0432\u0435\u0442\u043b\u044f\u0447\u043a\u043e\u0432. \u041e\u0431\u0435\u0437\u044c\u044f\u043d\u044b \u041b\u0430\u043d\u0433\u0443\u0440\u044b. \u041f\u0435\u0449\u0435\u0440\u044b \u0411\u0430\u0442\u0443"}]},{"@type":"WebSite","@id":"https:\/\/skyline-gs.com\/it\/#website","url":"https:\/\/skyline-gs.com\/it\/","name":"Excursions Skyline","description":"Excursions exclusives dans les meilleurs centres de vill\u00e9giature du monde","publisher":{"@id":"https:\/\/skyline-gs.com\/it\/#organization"},"alternateName":"Skyline","potentialAction":[{"@type":"SearchAction","target":{"@type":"EntryPoint","urlTemplate":"https:\/\/skyline-gs.com\/it\/?s={search_term_string}"},"query-input":{"@type":"PropertyValueSpecification","valueRequired":true,"valueName":"search_term_string"}}],"inLanguage":"fr-FR"},{"@type":"Organization","@id":"https:\/\/skyline-gs.com\/it\/#organization","name":"Excursions Skyline","alternateName":"\u042d\u043a\u0441\u043a\u0443\u0440\u0441\u0438\u0438 Skyline","url":"https:\/\/skyline-gs.com\/it\/","logo":{"@type":"ImageObject","inLanguage":"fr-FR","@id":"https:\/\/skyline-gs.com\/it\/#\/schema\/logo\/image\/","url":"https:\/\/skyline-gs.com\/wp-content\/uploads\/2020\/12\/cropped-logo-2.png","contentUrl":"https:\/\/skyline-gs.com\/wp-content\/uploads\/2020\/12\/cropped-logo-2.png","width":512,"height":512,"caption":"\u042d\u043a\u0441\u043a\u0443\u0440\u0441\u0438\u0438 Skyline"},"image":{"@id":"https:\/\/skyline-gs.com\/it\/#\/schema\/logo\/image\/"},"sameAs":["https:\/\/www.instagram.com\/skylineglobalservice\/"]}]}},"_links":{"self":[{"href":"https:\/\/skyline-gs.com\/fr\/wp-json\/wp\/v2\/product\/36087","targetHints":{"allow":["GET"]}}],"collection":[{"href":"https:\/\/skyline-gs.com\/fr\/wp-json\/wp\/v2\/product"}],"about":[{"href":"https:\/\/skyline-gs.com\/fr\/wp-json\/wp\/v2\/types\/product"}],"version-history":[{"count":0,"href":"https:\/\/skyline-gs.com\/fr\/wp-json\/wp\/v2\/product\/36087\/revisions"}],"wp:featuredmedia":[{"embeddable":true,"href":"https:\/\/skyline-gs.com\/fr\/wp-json\/wp\/v2\/media\/42311"}],"wp:attachment":[{"href":"https:\/\/skyline-gs.com\/fr\/wp-json\/wp\/v2\/media?parent=36087"}],"wp:term":[{"taxonomy":"product_brand","embeddable":true,"href":"https:\/\/skyline-gs.com\/fr\/wp-json\/wp\/v2\/product_brand?post=36087"},{"taxonomy":"product_cat","embeddable":true,"href":"https:\/\/skyline-gs.com\/fr\/wp-json\/wp\/v2\/product_cat?post=36087"},{"taxonomy":"product_tag","embeddable":true,"href":"https:\/\/skyline-gs.com\/fr\/wp-json\/wp\/v2\/product_tag?post=36087"}],"curies":[{"name":"wp","href":"https:\/\/api.w.org\/{rel}","templated":true}]}}