{"id":34420,"date":"2022-01-17T17:53:16","date_gmt":"2022-01-17T15:53:16","guid":{"rendered":"http:\/\/skyline-gs.com\/?post_type=product&#038;p=34420"},"modified":"2026-02-01T21:41:47","modified_gmt":"2026-02-01T19:41:47","slug":"koh-ker-beng-mel-siemreap","status":"publish","type":"product","link":"https:\/\/skyline-gs.com\/fr\/product\/koh-ker-beng-mel-siemreap\/","title":{"rendered":"Les secrets de la pyramide de Koh Ker. Temple de Beng Mele dans les vignes"},"content":{"rendered":"<p>8:00 d\u00e9part de l'h\u00f4tel. Au programme, nous verrons :<\/p>\n<ul>\n<li><strong>Koh Ker<\/strong>. Au Xe si\u00e8cle, un souverain d'Angkor s'est empar\u00e9 ill\u00e9galement du pouvoir et a d\u00e9plac\u00e9 le centre de l'empire khmer \u00e0 100 km d'Angkor. En l'espace de 20 ans. <strong>il construit une nouvelle capitale, Lingapore (Koh Ker).<\/strong>. Ko Ker se caract\u00e9rise par un esprit de gigantisme. <strong>Au 10e si\u00e8cle, elle \u00e9tait la plus grande en superficie<\/strong>Ils utilisaient les plus gros blocs de pierre, construisaient les sanctuaires les plus hauts. Et les statues des dieux ont \u00e9t\u00e9 cr\u00e9\u00e9es comme des g\u00e9ants massifs de moins de 3 m\u00e8tres, leur donnant des traits faciaux doux comme ceux d'un enfant. Il est \u00e9tonnant de voir tous les efforts investis dans cette ville pour l'abandonner soudainement. Les circonstances de la mort du souverain sont encore inconnues. Aujourd'hui, c'est un arri\u00e8re-pays tranquille et peu peupl\u00e9 du Cambodge. Il est difficile de d\u00e9crire \u00e0 quel point l'\u00e9motion est forte lorsque <strong>vous arrivez \u00e0 Ko Ker et vous voyez une pyramide de pierre de 35 m\u00e8tres de haut.<\/strong>. L'ascension de son sommet est le point culminant de la tension sensuelle croissante de l'exp\u00e9rience du complexe.<\/li>\n<li><strong>Complexe central de Prasat Thom avec la pyramide de Prang et le temple de Krohom<\/strong><\/li>\n<li><strong>Temple de Pram<\/strong><\/li>\n<li><strong>Temple de Neang Khmao<\/strong><\/li>\n<li><strong>Temple de Damrei<\/strong><\/li>\n<li><strong>Temple Krachap<\/strong><\/li>\n<li><strong>Temple de Ling<\/strong><\/li>\n<li><strong>Beng Mele<\/strong>. <strong>Perdu dans la jungle, un grand temple de lianes.<\/strong>. Il vaut la peine d'\u00eatre visit\u00e9 ne serait-ce que pour son atmosph\u00e8re irr\u00e9elle. Ruines colossales et nature tropicale puissante. Il est situ\u00e9 sur la route de Koh Ker. Le temple ne comporte aucune inscription \u00e9pigraphique. Il n'est pas mentionn\u00e9 dans les sources \u00e9crites chinoises et indiennes. Sa datation est jug\u00e9e par son style architectural, tr\u00e8s proche d'Angkor Vat du XIIe si\u00e8cle.<\/li>\n<\/ul>\n<p>\u0412\u043e\u0437\u0432\u0440\u0430\u0449\u0435\u043d\u0438\u0435 \u0432 \u043e\u0442\u0435\u043b\u044c \u043e\u043a\u043e\u043b\u043e 15:00.<\/p>\n<p><strong>Inclus :<\/strong><\/p>\n<ul>\n<li>Transfert depuis et vers l'h\u00f4tel<\/li>\n<li>Tous les transferts en v\u00e9hicules climatis\u00e9s sur l'itin\u00e9raire<\/li>\n<li>Guide parlant russe<\/li>\n<li>Billets d'entr\u00e9e<\/li>\n<\/ul>\n<p><strong>Non inclus :<\/strong><\/p>\n<ul>\n<li>D\u00e9jeuner et boissons<\/li>\n<\/ul>\n<p><strong>Emportez-le avec vous :<\/strong><\/p>\n<ul>\n<li>L'eau<\/li>\n<li>Coiffure<\/li>\n<li>Cr\u00e8me solaire<\/li>\n<li>Chaussures confortables<\/li>\n<li>V\u00eatements couvrant les \u00e9paules et les genoux (les \u00e9charpes et les ch\u00e2les ne conviennent pas).<\/li>\n<li>Argent de poche<\/li>\n<\/ul>","protected":false},"excerpt":{"rendered":"<p><strong>Temps du Tour:<\/strong> 8:00 - 15:00<\/p>\n<p><strong>Jours de D\u00e9roulement:<\/strong> Chaque jour<\/p>","protected":false},"featured_media":34428,"template":"","meta":{"_kad_post_transparent":"default","_kad_post_title":"","_kad_post_layout":"default","_kad_post_sidebar_id":"","_kad_post_content_style":"default","_kad_post_vertical_padding":"default","_kad_post_feature":"","_kad_post_feature_position":"","_kad_post_header":false,"_kad_post_footer":false,"_kad_post_classname":"","_glsr_average":0,"_glsr_ranking":0,"_glsr_reviews":0},"product_brand":[],"product_cat":[441],"product_tag":[],"class_list":{"0":"post-34420","1":"product","2":"type-product","3":"status-publish","4":"has-post-thumbnail","6":"product_cat-siem-reap","7":"tm-has-options","9":"first","10":"instock","11":"sold-individually","12":"taxable","13":"shipping-taxable","14":"purchasable","15":"product-type-simple","16":"entry","17":"content-bg","18":"loop-entry"},"yoast_head":"<!-- This site is optimized with the Yoast SEO plugin v27.3 - https:\/\/yoast.com\/product\/yoast-seo-wordpress\/ -->\n<title>\u0422\u0430\u0439\u043d\u044b \u043f\u0438\u0440\u0430\u043c\u0438\u0434\u044b \u041a\u043e \u041a\u0435\u0440. \u0425\u0440\u0430\u043c \u0432 \u043b\u0438\u0430\u043d\u0430\u0445 \u0411\u0435\u043d\u0433 \u041c\u0435\u043b\u0435 &#8226; \u042d\u043a\u0441\u043a\u0443\u0440\u0441\u0438\u0438 Skyline<\/title>\n<meta name=\"robots\" content=\"index, follow, max-snippet:-1, max-image-preview:large, max-video-preview:-1\" \/>\n<link rel=\"canonical\" href=\"https:\/\/skyline-gs.com\/fr\/produit\/koh-ker-beng-mel-siemreap\/\" \/>\n<meta property=\"og:locale\" content=\"fr_FR\" \/>\n<meta property=\"og:type\" content=\"article\" \/>\n<meta property=\"og:title\" content=\"\u0422\u0430\u0439\u043d\u044b \u043f\u0438\u0440\u0430\u043c\u0438\u0434\u044b \u041a\u043e \u041a\u0435\u0440. \u0425\u0440\u0430\u043c \u0432 \u043b\u0438\u0430\u043d\u0430\u0445 \u0411\u0435\u043d\u0433 \u041c\u0435\u043b\u0435 &#8226; \u042d\u043a\u0441\u043a\u0443\u0440\u0441\u0438\u0438 Skyline\" \/>\n<meta property=\"og:description\" content=\"\u0412\u0440\u0435\u043c\u044f \u0442\u0443\u0440\u0430: 8:00 \u2013 15:00  \u0414\u043d\u0438 \u043f\u0440\u043e\u0432\u0435\u0434\u0435\u043d\u0438\u044f: \u0435\u0436\u0435\u0434\u043d\u0435\u0432\u043d\u043e\" \/>\n<meta property=\"og:url\" content=\"https:\/\/skyline-gs.com\/fr\/produit\/koh-ker-beng-mel-siemreap\/\" \/>\n<meta property=\"og:site_name\" content=\"\u042d\u043a\u0441\u043a\u0443\u0440\u0441\u0438\u0438 Skyline\" \/>\n<meta property=\"article:modified_time\" content=\"2026-02-01T19:41:47+00:00\" \/>\n<meta property=\"og:image\" content=\"https:\/\/skyline-gs.com\/wp-content\/uploads\/2022\/01\/8-9.png\" \/>\n\t<meta property=\"og:image:width\" content=\"669\" \/>\n\t<meta property=\"og:image:height\" content=\"446\" \/>\n\t<meta property=\"og:image:type\" content=\"image\/png\" \/>\n<meta name=\"twitter:card\" content=\"summary_large_image\" \/>\n<meta name=\"twitter:label1\" content=\"Dur\u00e9e de lecture estim\u00e9e\" \/>\n\t<meta name=\"twitter:data1\" content=\"2 minutes\" \/>\n<script type=\"application\/ld+json\" class=\"yoast-schema-graph\">{\"@context\":\"https:\\\/\\\/schema.org\",\"@graph\":[{\"@type\":\"WebPage\",\"@id\":\"https:\\\/\\\/skyline-gs.com\\\/product\\\/koh-ker-beng-mel-siemreap\\\/\",\"url\":\"https:\\\/\\\/skyline-gs.com\\\/product\\\/koh-ker-beng-mel-siemreap\\\/\",\"name\":\"\u0422\u0430\u0439\u043d\u044b \u043f\u0438\u0440\u0430\u043c\u0438\u0434\u044b \u041a\u043e \u041a\u0435\u0440. \u0425\u0440\u0430\u043c \u0432 \u043b\u0438\u0430\u043d\u0430\u0445 \u0411\u0435\u043d\u0433 \u041c\u0435\u043b\u0435 &#8226; \u042d\u043a\u0441\u043a\u0443\u0440\u0441\u0438\u0438 Skyline\",\"isPartOf\":{\"@id\":\"https:\\\/\\\/skyline-gs.com\\\/it\\\/#website\"},\"primaryImageOfPage\":{\"@id\":\"https:\\\/\\\/skyline-gs.com\\\/product\\\/koh-ker-beng-mel-siemreap\\\/#primaryimage\"},\"image\":{\"@id\":\"https:\\\/\\\/skyline-gs.com\\\/product\\\/koh-ker-beng-mel-siemreap\\\/#primaryimage\"},\"thumbnailUrl\":\"https:\\\/\\\/skyline-gs.com\\\/wp-content\\\/uploads\\\/2022\\\/01\\\/8-9.png\",\"datePublished\":\"2022-01-17T15:53:16+00:00\",\"dateModified\":\"2026-02-01T19:41:47+00:00\",\"breadcrumb\":{\"@id\":\"https:\\\/\\\/skyline-gs.com\\\/product\\\/koh-ker-beng-mel-siemreap\\\/#breadcrumb\"},\"inLanguage\":\"fr-FR\",\"potentialAction\":[{\"@type\":\"ReadAction\",\"target\":[\"https:\\\/\\\/skyline-gs.com\\\/product\\\/koh-ker-beng-mel-siemreap\\\/\"]}]},{\"@type\":\"ImageObject\",\"inLanguage\":\"fr-FR\",\"@id\":\"https:\\\/\\\/skyline-gs.com\\\/product\\\/koh-ker-beng-mel-siemreap\\\/#primaryimage\",\"url\":\"https:\\\/\\\/skyline-gs.com\\\/wp-content\\\/uploads\\\/2022\\\/01\\\/8-9.png\",\"contentUrl\":\"https:\\\/\\\/skyline-gs.com\\\/wp-content\\\/uploads\\\/2022\\\/01\\\/8-9.png\",\"width\":669,\"height\":446},{\"@type\":\"BreadcrumbList\",\"@id\":\"https:\\\/\\\/skyline-gs.com\\\/product\\\/koh-ker-beng-mel-siemreap\\\/#breadcrumb\",\"itemListElement\":[{\"@type\":\"ListItem\",\"position\":1,\"name\":\"\u0413\u043b\u0430\u0432\u043d\u0430\u044f \u0441\u0442\u0440\u0430\u043d\u0438\u0446\u0430\",\"item\":\"https:\\\/\\\/skyline-gs.com\\\/hu\\\/\"},{\"@type\":\"ListItem\",\"position\":2,\"name\":\"\u041c\u0430\u0433\u0430\u0437\u0438\u043d\",\"item\":\"https:\\\/\\\/skyline-gs.com\\\/cs\\\/shop\\\/\"},{\"@type\":\"ListItem\",\"position\":3,\"name\":\"\u0422\u0430\u0439\u043d\u044b \u043f\u0438\u0440\u0430\u043c\u0438\u0434\u044b \u041a\u043e \u041a\u0435\u0440. \u0425\u0440\u0430\u043c \u0432 \u043b\u0438\u0430\u043d\u0430\u0445 \u0411\u0435\u043d\u0433 \u041c\u0435\u043b\u0435\"}]},{\"@type\":\"WebSite\",\"@id\":\"https:\\\/\\\/skyline-gs.com\\\/it\\\/#website\",\"url\":\"https:\\\/\\\/skyline-gs.com\\\/it\\\/\",\"name\":\"\u042d\u043a\u0441\u043a\u0443\u0440\u0441\u0438\u0438 Skyline\",\"description\":\"\u042d\u043a\u0441\u043a\u043b\u044e\u0437\u0438\u0432\u043d\u044b\u0435 \u044d\u043a\u0441\u043a\u0443\u0440\u0441\u0438\u0438 \u043d\u0430 \u043b\u0443\u0447\u0448\u0438\u0445 \u043a\u0443\u0440\u043e\u0440\u0442\u0430\u0445 \u043c\u0438\u0440\u0430\",\"publisher\":{\"@id\":\"https:\\\/\\\/skyline-gs.com\\\/it\\\/#organization\"},\"alternateName\":\"Skyline\",\"potentialAction\":[{\"@type\":\"SearchAction\",\"target\":{\"@type\":\"EntryPoint\",\"urlTemplate\":\"https:\\\/\\\/skyline-gs.com\\\/it\\\/?s={search_term_string}\"},\"query-input\":{\"@type\":\"PropertyValueSpecification\",\"valueRequired\":true,\"valueName\":\"search_term_string\"}}],\"inLanguage\":\"fr-FR\"},{\"@type\":\"Organization\",\"@id\":\"https:\\\/\\\/skyline-gs.com\\\/it\\\/#organization\",\"name\":\"\u042d\u043a\u0441\u043a\u0443\u0440\u0441\u0438\u0438 Skyline\",\"alternateName\":\"\u042d\u043a\u0441\u043a\u0443\u0440\u0441\u0438\u0438 Skyline\",\"url\":\"https:\\\/\\\/skyline-gs.com\\\/it\\\/\",\"logo\":{\"@type\":\"ImageObject\",\"inLanguage\":\"fr-FR\",\"@id\":\"https:\\\/\\\/skyline-gs.com\\\/it\\\/#\\\/schema\\\/logo\\\/image\\\/\",\"url\":\"https:\\\/\\\/skyline-gs.com\\\/wp-content\\\/uploads\\\/2020\\\/12\\\/cropped-logo-2.png\",\"contentUrl\":\"https:\\\/\\\/skyline-gs.com\\\/wp-content\\\/uploads\\\/2020\\\/12\\\/cropped-logo-2.png\",\"width\":512,\"height\":512,\"caption\":\"\u042d\u043a\u0441\u043a\u0443\u0440\u0441\u0438\u0438 Skyline\"},\"image\":{\"@id\":\"https:\\\/\\\/skyline-gs.com\\\/it\\\/#\\\/schema\\\/logo\\\/image\\\/\"},\"sameAs\":[\"https:\\\/\\\/www.instagram.com\\\/skylineglobalservice\\\/\"]}]}<\/script>\n<!-- \/ Yoast SEO plugin. -->","yoast_head_json":{"title":"\u0422\u0430\u0439\u043d\u044b \u043f\u0438\u0440\u0430\u043c\u0438\u0434\u044b \u041a\u043e \u041a\u0435\u0440. \u0425\u0440\u0430\u043c \u0432 \u043b\u0438\u0430\u043d\u0430\u0445 \u0411\u0435\u043d\u0433 \u041c\u0435\u043b\u0435 &#8226; \u042d\u043a\u0441\u043a\u0443\u0440\u0441\u0438\u0438 Skyline","robots":{"index":"index","follow":"follow","max-snippet":"max-snippet:-1","max-image-preview":"max-image-preview:large","max-video-preview":"max-video-preview:-1"},"canonical":"https:\/\/skyline-gs.com\/fr\/produit\/koh-ker-beng-mel-siemreap\/","og_locale":"fr_FR","og_type":"article","og_title":"\u0422\u0430\u0439\u043d\u044b \u043f\u0438\u0440\u0430\u043c\u0438\u0434\u044b \u041a\u043e \u041a\u0435\u0440. \u0425\u0440\u0430\u043c \u0432 \u043b\u0438\u0430\u043d\u0430\u0445 \u0411\u0435\u043d\u0433 \u041c\u0435\u043b\u0435 &#8226; \u042d\u043a\u0441\u043a\u0443\u0440\u0441\u0438\u0438 Skyline","og_description":"\u0412\u0440\u0435\u043c\u044f \u0442\u0443\u0440\u0430: 8:00 \u2013 15:00  \u0414\u043d\u0438 \u043f\u0440\u043e\u0432\u0435\u0434\u0435\u043d\u0438\u044f: \u0435\u0436\u0435\u0434\u043d\u0435\u0432\u043d\u043e","og_url":"https:\/\/skyline-gs.com\/fr\/produit\/koh-ker-beng-mel-siemreap\/","og_site_name":"\u042d\u043a\u0441\u043a\u0443\u0440\u0441\u0438\u0438 Skyline","article_modified_time":"2026-02-01T19:41:47+00:00","og_image":[{"width":669,"height":446,"url":"https:\/\/skyline-gs.com\/wp-content\/uploads\/2022\/01\/8-9.png","type":"image\/png"}],"twitter_card":"summary_large_image","twitter_misc":{"Dur\u00e9e de lecture estim\u00e9e":"2 minutes"},"schema":{"@context":"https:\/\/schema.org","@graph":[{"@type":"WebPage","@id":"https:\/\/skyline-gs.com\/product\/koh-ker-beng-mel-siemreap\/","url":"https:\/\/skyline-gs.com\/product\/koh-ker-beng-mel-siemreap\/","name":"\u0422\u0430\u0439\u043d\u044b \u043f\u0438\u0440\u0430\u043c\u0438\u0434\u044b \u041a\u043e \u041a\u0435\u0440. \u0425\u0440\u0430\u043c \u0432 \u043b\u0438\u0430\u043d\u0430\u0445 \u0411\u0435\u043d\u0433 \u041c\u0435\u043b\u0435 &#8226; \u042d\u043a\u0441\u043a\u0443\u0440\u0441\u0438\u0438 Skyline","isPartOf":{"@id":"https:\/\/skyline-gs.com\/it\/#website"},"primaryImageOfPage":{"@id":"https:\/\/skyline-gs.com\/product\/koh-ker-beng-mel-siemreap\/#primaryimage"},"image":{"@id":"https:\/\/skyline-gs.com\/product\/koh-ker-beng-mel-siemreap\/#primaryimage"},"thumbnailUrl":"https:\/\/skyline-gs.com\/wp-content\/uploads\/2022\/01\/8-9.png","datePublished":"2022-01-17T15:53:16+00:00","dateModified":"2026-02-01T19:41:47+00:00","breadcrumb":{"@id":"https:\/\/skyline-gs.com\/product\/koh-ker-beng-mel-siemreap\/#breadcrumb"},"inLanguage":"fr-FR","potentialAction":[{"@type":"ReadAction","target":["https:\/\/skyline-gs.com\/product\/koh-ker-beng-mel-siemreap\/"]}]},{"@type":"ImageObject","inLanguage":"fr-FR","@id":"https:\/\/skyline-gs.com\/product\/koh-ker-beng-mel-siemreap\/#primaryimage","url":"https:\/\/skyline-gs.com\/wp-content\/uploads\/2022\/01\/8-9.png","contentUrl":"https:\/\/skyline-gs.com\/wp-content\/uploads\/2022\/01\/8-9.png","width":669,"height":446},{"@type":"BreadcrumbList","@id":"https:\/\/skyline-gs.com\/product\/koh-ker-beng-mel-siemreap\/#breadcrumb","itemListElement":[{"@type":"ListItem","position":1,"name":"\u0413\u043b\u0430\u0432\u043d\u0430\u044f \u0441\u0442\u0440\u0430\u043d\u0438\u0446\u0430","item":"https:\/\/skyline-gs.com\/hu\/"},{"@type":"ListItem","position":2,"name":"\u041c\u0430\u0433\u0430\u0437\u0438\u043d","item":"https:\/\/skyline-gs.com\/cs\/shop\/"},{"@type":"ListItem","position":3,"name":"\u0422\u0430\u0439\u043d\u044b \u043f\u0438\u0440\u0430\u043c\u0438\u0434\u044b \u041a\u043e \u041a\u0435\u0440. \u0425\u0440\u0430\u043c \u0432 \u043b\u0438\u0430\u043d\u0430\u0445 \u0411\u0435\u043d\u0433 \u041c\u0435\u043b\u0435"}]},{"@type":"WebSite","@id":"https:\/\/skyline-gs.com\/it\/#website","url":"https:\/\/skyline-gs.com\/it\/","name":"Excursions Skyline","description":"Excursions exclusives dans les meilleurs centres de vill\u00e9giature du monde","publisher":{"@id":"https:\/\/skyline-gs.com\/it\/#organization"},"alternateName":"Skyline","potentialAction":[{"@type":"SearchAction","target":{"@type":"EntryPoint","urlTemplate":"https:\/\/skyline-gs.com\/it\/?s={search_term_string}"},"query-input":{"@type":"PropertyValueSpecification","valueRequired":true,"valueName":"search_term_string"}}],"inLanguage":"fr-FR"},{"@type":"Organization","@id":"https:\/\/skyline-gs.com\/it\/#organization","name":"Excursions Skyline","alternateName":"\u042d\u043a\u0441\u043a\u0443\u0440\u0441\u0438\u0438 Skyline","url":"https:\/\/skyline-gs.com\/it\/","logo":{"@type":"ImageObject","inLanguage":"fr-FR","@id":"https:\/\/skyline-gs.com\/it\/#\/schema\/logo\/image\/","url":"https:\/\/skyline-gs.com\/wp-content\/uploads\/2020\/12\/cropped-logo-2.png","contentUrl":"https:\/\/skyline-gs.com\/wp-content\/uploads\/2020\/12\/cropped-logo-2.png","width":512,"height":512,"caption":"\u042d\u043a\u0441\u043a\u0443\u0440\u0441\u0438\u0438 Skyline"},"image":{"@id":"https:\/\/skyline-gs.com\/it\/#\/schema\/logo\/image\/"},"sameAs":["https:\/\/www.instagram.com\/skylineglobalservice\/"]}]}},"_links":{"self":[{"href":"https:\/\/skyline-gs.com\/fr\/wp-json\/wp\/v2\/product\/34420","targetHints":{"allow":["GET"]}}],"collection":[{"href":"https:\/\/skyline-gs.com\/fr\/wp-json\/wp\/v2\/product"}],"about":[{"href":"https:\/\/skyline-gs.com\/fr\/wp-json\/wp\/v2\/types\/product"}],"version-history":[{"count":0,"href":"https:\/\/skyline-gs.com\/fr\/wp-json\/wp\/v2\/product\/34420\/revisions"}],"wp:featuredmedia":[{"embeddable":true,"href":"https:\/\/skyline-gs.com\/fr\/wp-json\/wp\/v2\/media\/34428"}],"wp:attachment":[{"href":"https:\/\/skyline-gs.com\/fr\/wp-json\/wp\/v2\/media?parent=34420"}],"wp:term":[{"taxonomy":"product_brand","embeddable":true,"href":"https:\/\/skyline-gs.com\/fr\/wp-json\/wp\/v2\/product_brand?post=34420"},{"taxonomy":"product_cat","embeddable":true,"href":"https:\/\/skyline-gs.com\/fr\/wp-json\/wp\/v2\/product_cat?post=34420"},{"taxonomy":"product_tag","embeddable":true,"href":"https:\/\/skyline-gs.com\/fr\/wp-json\/wp\/v2\/product_tag?post=34420"}],"curies":[{"name":"wp","href":"https:\/\/api.w.org\/{rel}","templated":true}]}}