{"id":34392,"date":"2022-01-17T17:29:53","date_gmt":"2022-01-17T15:29:53","guid":{"rendered":"http:\/\/skyline-gs.com\/?post_type=product&#038;p=34392"},"modified":"2026-02-01T21:37:04","modified_gmt":"2026-02-01T19:37:04","slug":"sacred-mount-kulen-siemreap","status":"publish","type":"product","link":"https:\/\/skyline-gs.com\/fr\/product\/sacred-mount-kulen-siemreap\/","title":{"rendered":"Lieux de pouvoir. La montagne sacr\u00e9e Kulen"},"content":{"rendered":"<p>8:00 d\u00e9part de l'h\u00f4tel. <strong>Sur<\/strong> <strong>Phnom Kulen (\"montagne des litchis\").<\/strong> <strong>l'ancien et puissant empire khmer est n\u00e9.<\/strong>lorsque le roi fondateur Jayavarman II d\u00e9clara l'ind\u00e9pendance de Java. Au centre de cette montagne, il a accompli le rituel de Devaraja et s'est proclam\u00e9 dieu-roi. Le Phnom Kulen est un immense plateau de 25*10 kilom\u00e8tres. <strong>Il est parsem\u00e9 de blocs g\u00e9ants d'origine volcanique<\/strong>. Les for\u00eats reliques abritent de nombreux animaux et oiseaux rares. L'ensemble du plateau est un parc national. La rivi\u00e8re Kulena est \u00e0 l'origine de la <strong>la principale voie d'eau de la r\u00e9gion d'Angkor<\/strong>. Sous l'Empire khmer, il \u00e9tait la principale voie d'eau du pays et donnait vie \u00e0 la population de la capitale. Il n'est donc pas \u00e9tonnant que le Phnom Kulen soit un lieu de grand p\u00e8lerinage religieux et culturel pour les Cambodgiens.<\/p>\n<p>Points de pr\u00e9sence :<\/p>\n<ul>\n<li><strong>Authentique pagode bouddhiste du XVIe si\u00e8cle.<\/strong> avec le plus grand bouddha endormi du Cambodge, d'une hauteur de 8 m\u00e8tres. La statue est sculpt\u00e9e \u00e0 m\u00eame le sommet de la montagne et fait partie int\u00e9grante de celle-ci.<\/li>\n<li><strong>La rivi\u00e8re aux mille lingams<\/strong>. Le lit de la rivi\u00e8re est jonch\u00e9 de symboles religieux en pierre repr\u00e9sentant des hommes et des femmes. Pendant la saison s\u00e8che, on peut voir l'image de Vishnu, symbole de la naissance du monde \u00e0 partir du chaos.<\/li>\n<li><strong>Une chute d'eau sacr\u00e9e \u00e0 deux cascades<\/strong>. Un lieu pour faire le plein d'\u00e9nergie. Le bain dans la cascade est rafra\u00eechissant et procure beaucoup d'\u00e9motions.<\/li>\n<\/ul>\n<p>\u0412\u043e\u0437\u0432\u0440\u0430\u0449\u0435\u043d\u0438\u0435 \u0432 \u043e\u0442\u0435\u043b\u044c \u043e\u043a\u043e\u043b\u043e 15:00.<\/p>\n<p><strong>Inclus :<\/strong><\/p>\n<ul>\n<li>Transfert depuis et vers l'h\u00f4tel<\/li>\n<li>Tous les transferts en v\u00e9hicules climatis\u00e9s sur l'itin\u00e9raire<\/li>\n<li>Guide parlant russe<\/li>\n<li>Billets d'entr\u00e9e<\/li>\n<\/ul>\n<p><strong>Non inclus :<\/strong><\/p>\n<ul>\n<li>D\u00e9jeuner et boissons<\/li>\n<\/ul>\n<p><strong>Emportez-le avec vous :<\/strong><\/p>\n<ul>\n<li>L'eau<\/li>\n<li>Maillot de bain<\/li>\n<li>Serviette<\/li>\n<li>Coiffure<\/li>\n<li>Cr\u00e8me solaire<\/li>\n<li>Argent de poche<\/li>\n<li>Apparence modeste pour une visite \u00e0 la pagode<\/li>\n<\/ul>","protected":false},"excerpt":{"rendered":"<p><strong>Temps du Tour:<\/strong> 8:00 - 15:00<\/p>\n<p><strong>Jours de D\u00e9roulement:<\/strong> Chaque jour<\/p>","protected":false},"featured_media":34406,"template":"","meta":{"_kad_post_transparent":"default","_kad_post_title":"","_kad_post_layout":"default","_kad_post_sidebar_id":"","_kad_post_content_style":"default","_kad_post_vertical_padding":"default","_kad_post_feature":"","_kad_post_feature_position":"","_kad_post_header":false,"_kad_post_footer":false,"_kad_post_classname":"","_glsr_average":0,"_glsr_ranking":0,"_glsr_reviews":0},"product_brand":[],"product_cat":[441],"product_tag":[],"class_list":{"0":"post-34392","1":"product","2":"type-product","3":"status-publish","4":"has-post-thumbnail","6":"product_cat-siem-reap","7":"tm-has-options","9":"first","10":"instock","11":"sold-individually","12":"taxable","13":"shipping-taxable","14":"purchasable","15":"product-type-simple","16":"entry","17":"content-bg","18":"loop-entry"},"yoast_head":"<!-- This site is optimized with the Yoast SEO plugin v27.3 - https:\/\/yoast.com\/product\/yoast-seo-wordpress\/ -->\n<title>\u041f\u043e \u043c\u0435\u0441\u0442\u0430\u043c \u0421\u0438\u043b\u044b. \u0421\u0432\u044f\u0449\u0435\u043d\u043d\u0430\u044f \u0433\u043e\u0440\u0430 \u041a\u0443\u043b\u0435\u043d &#8226; \u042d\u043a\u0441\u043a\u0443\u0440\u0441\u0438\u0438 Skyline<\/title>\n<meta name=\"robots\" content=\"index, follow, max-snippet:-1, max-image-preview:large, max-video-preview:-1\" \/>\n<link rel=\"canonical\" href=\"https:\/\/skyline-gs.com\/fr\/produit\/sacred-mount-kulen-siemreap\/\" \/>\n<meta property=\"og:locale\" content=\"fr_FR\" \/>\n<meta property=\"og:type\" content=\"article\" \/>\n<meta property=\"og:title\" content=\"\u041f\u043e \u043c\u0435\u0441\u0442\u0430\u043c \u0421\u0438\u043b\u044b. \u0421\u0432\u044f\u0449\u0435\u043d\u043d\u0430\u044f \u0433\u043e\u0440\u0430 \u041a\u0443\u043b\u0435\u043d &#8226; \u042d\u043a\u0441\u043a\u0443\u0440\u0441\u0438\u0438 Skyline\" \/>\n<meta property=\"og:description\" content=\"\u0412\u0440\u0435\u043c\u044f \u0442\u0443\u0440\u0430: 8:00 \u2013 15:00  \u0414\u043d\u0438 \u043f\u0440\u043e\u0432\u0435\u0434\u0435\u043d\u0438\u044f: \u0435\u0436\u0435\u0434\u043d\u0435\u0432\u043d\u043e\" \/>\n<meta property=\"og:url\" content=\"https:\/\/skyline-gs.com\/fr\/produit\/sacred-mount-kulen-siemreap\/\" \/>\n<meta property=\"og:site_name\" content=\"\u042d\u043a\u0441\u043a\u0443\u0440\u0441\u0438\u0438 Skyline\" \/>\n<meta property=\"article:modified_time\" content=\"2026-02-01T19:37:04+00:00\" \/>\n<meta property=\"og:image\" content=\"https:\/\/skyline-gs.com\/wp-content\/uploads\/2022\/01\/14-5.png\" \/>\n\t<meta property=\"og:image:width\" content=\"669\" \/>\n\t<meta property=\"og:image:height\" content=\"446\" \/>\n\t<meta property=\"og:image:type\" content=\"image\/png\" \/>\n<meta name=\"twitter:card\" content=\"summary_large_image\" \/>\n<meta name=\"twitter:label1\" content=\"Dur\u00e9e de lecture estim\u00e9e\" \/>\n\t<meta name=\"twitter:data1\" content=\"2 minutes\" \/>\n<script type=\"application\/ld+json\" class=\"yoast-schema-graph\">{\"@context\":\"https:\\\/\\\/schema.org\",\"@graph\":[{\"@type\":\"WebPage\",\"@id\":\"https:\\\/\\\/skyline-gs.com\\\/product\\\/sacred-mount-kulen-siemreap\\\/\",\"url\":\"https:\\\/\\\/skyline-gs.com\\\/product\\\/sacred-mount-kulen-siemreap\\\/\",\"name\":\"\u041f\u043e \u043c\u0435\u0441\u0442\u0430\u043c \u0421\u0438\u043b\u044b. \u0421\u0432\u044f\u0449\u0435\u043d\u043d\u0430\u044f \u0433\u043e\u0440\u0430 \u041a\u0443\u043b\u0435\u043d &#8226; \u042d\u043a\u0441\u043a\u0443\u0440\u0441\u0438\u0438 Skyline\",\"isPartOf\":{\"@id\":\"https:\\\/\\\/skyline-gs.com\\\/it\\\/#website\"},\"primaryImageOfPage\":{\"@id\":\"https:\\\/\\\/skyline-gs.com\\\/product\\\/sacred-mount-kulen-siemreap\\\/#primaryimage\"},\"image\":{\"@id\":\"https:\\\/\\\/skyline-gs.com\\\/product\\\/sacred-mount-kulen-siemreap\\\/#primaryimage\"},\"thumbnailUrl\":\"https:\\\/\\\/skyline-gs.com\\\/wp-content\\\/uploads\\\/2022\\\/01\\\/14-5.png\",\"datePublished\":\"2022-01-17T15:29:53+00:00\",\"dateModified\":\"2026-02-01T19:37:04+00:00\",\"breadcrumb\":{\"@id\":\"https:\\\/\\\/skyline-gs.com\\\/product\\\/sacred-mount-kulen-siemreap\\\/#breadcrumb\"},\"inLanguage\":\"fr-FR\",\"potentialAction\":[{\"@type\":\"ReadAction\",\"target\":[\"https:\\\/\\\/skyline-gs.com\\\/product\\\/sacred-mount-kulen-siemreap\\\/\"]}]},{\"@type\":\"ImageObject\",\"inLanguage\":\"fr-FR\",\"@id\":\"https:\\\/\\\/skyline-gs.com\\\/product\\\/sacred-mount-kulen-siemreap\\\/#primaryimage\",\"url\":\"https:\\\/\\\/skyline-gs.com\\\/wp-content\\\/uploads\\\/2022\\\/01\\\/14-5.png\",\"contentUrl\":\"https:\\\/\\\/skyline-gs.com\\\/wp-content\\\/uploads\\\/2022\\\/01\\\/14-5.png\",\"width\":669,\"height\":446},{\"@type\":\"BreadcrumbList\",\"@id\":\"https:\\\/\\\/skyline-gs.com\\\/product\\\/sacred-mount-kulen-siemreap\\\/#breadcrumb\",\"itemListElement\":[{\"@type\":\"ListItem\",\"position\":1,\"name\":\"\u0413\u043b\u0430\u0432\u043d\u0430\u044f \u0441\u0442\u0440\u0430\u043d\u0438\u0446\u0430\",\"item\":\"https:\\\/\\\/skyline-gs.com\\\/hu\\\/\"},{\"@type\":\"ListItem\",\"position\":2,\"name\":\"\u041c\u0430\u0433\u0430\u0437\u0438\u043d\",\"item\":\"https:\\\/\\\/skyline-gs.com\\\/cs\\\/shop\\\/\"},{\"@type\":\"ListItem\",\"position\":3,\"name\":\"\u041f\u043e \u043c\u0435\u0441\u0442\u0430\u043c \u0421\u0438\u043b\u044b. \u0421\u0432\u044f\u0449\u0435\u043d\u043d\u0430\u044f \u0433\u043e\u0440\u0430 \u041a\u0443\u043b\u0435\u043d\"}]},{\"@type\":\"WebSite\",\"@id\":\"https:\\\/\\\/skyline-gs.com\\\/it\\\/#website\",\"url\":\"https:\\\/\\\/skyline-gs.com\\\/it\\\/\",\"name\":\"\u042d\u043a\u0441\u043a\u0443\u0440\u0441\u0438\u0438 Skyline\",\"description\":\"\u042d\u043a\u0441\u043a\u043b\u044e\u0437\u0438\u0432\u043d\u044b\u0435 \u044d\u043a\u0441\u043a\u0443\u0440\u0441\u0438\u0438 \u043d\u0430 \u043b\u0443\u0447\u0448\u0438\u0445 \u043a\u0443\u0440\u043e\u0440\u0442\u0430\u0445 \u043c\u0438\u0440\u0430\",\"publisher\":{\"@id\":\"https:\\\/\\\/skyline-gs.com\\\/it\\\/#organization\"},\"alternateName\":\"Skyline\",\"potentialAction\":[{\"@type\":\"SearchAction\",\"target\":{\"@type\":\"EntryPoint\",\"urlTemplate\":\"https:\\\/\\\/skyline-gs.com\\\/it\\\/?s={search_term_string}\"},\"query-input\":{\"@type\":\"PropertyValueSpecification\",\"valueRequired\":true,\"valueName\":\"search_term_string\"}}],\"inLanguage\":\"fr-FR\"},{\"@type\":\"Organization\",\"@id\":\"https:\\\/\\\/skyline-gs.com\\\/it\\\/#organization\",\"name\":\"\u042d\u043a\u0441\u043a\u0443\u0440\u0441\u0438\u0438 Skyline\",\"alternateName\":\"\u042d\u043a\u0441\u043a\u0443\u0440\u0441\u0438\u0438 Skyline\",\"url\":\"https:\\\/\\\/skyline-gs.com\\\/it\\\/\",\"logo\":{\"@type\":\"ImageObject\",\"inLanguage\":\"fr-FR\",\"@id\":\"https:\\\/\\\/skyline-gs.com\\\/it\\\/#\\\/schema\\\/logo\\\/image\\\/\",\"url\":\"https:\\\/\\\/skyline-gs.com\\\/wp-content\\\/uploads\\\/2020\\\/12\\\/cropped-logo-2.png\",\"contentUrl\":\"https:\\\/\\\/skyline-gs.com\\\/wp-content\\\/uploads\\\/2020\\\/12\\\/cropped-logo-2.png\",\"width\":512,\"height\":512,\"caption\":\"\u042d\u043a\u0441\u043a\u0443\u0440\u0441\u0438\u0438 Skyline\"},\"image\":{\"@id\":\"https:\\\/\\\/skyline-gs.com\\\/it\\\/#\\\/schema\\\/logo\\\/image\\\/\"},\"sameAs\":[\"https:\\\/\\\/www.instagram.com\\\/skylineglobalservice\\\/\"]}]}<\/script>\n<!-- \/ Yoast SEO plugin. -->","yoast_head_json":{"title":"\u041f\u043e \u043c\u0435\u0441\u0442\u0430\u043c \u0421\u0438\u043b\u044b. \u0421\u0432\u044f\u0449\u0435\u043d\u043d\u0430\u044f \u0433\u043e\u0440\u0430 \u041a\u0443\u043b\u0435\u043d &#8226; \u042d\u043a\u0441\u043a\u0443\u0440\u0441\u0438\u0438 Skyline","robots":{"index":"index","follow":"follow","max-snippet":"max-snippet:-1","max-image-preview":"max-image-preview:large","max-video-preview":"max-video-preview:-1"},"canonical":"https:\/\/skyline-gs.com\/fr\/produit\/sacred-mount-kulen-siemreap\/","og_locale":"fr_FR","og_type":"article","og_title":"\u041f\u043e \u043c\u0435\u0441\u0442\u0430\u043c \u0421\u0438\u043b\u044b. \u0421\u0432\u044f\u0449\u0435\u043d\u043d\u0430\u044f \u0433\u043e\u0440\u0430 \u041a\u0443\u043b\u0435\u043d &#8226; \u042d\u043a\u0441\u043a\u0443\u0440\u0441\u0438\u0438 Skyline","og_description":"\u0412\u0440\u0435\u043c\u044f \u0442\u0443\u0440\u0430: 8:00 \u2013 15:00  \u0414\u043d\u0438 \u043f\u0440\u043e\u0432\u0435\u0434\u0435\u043d\u0438\u044f: \u0435\u0436\u0435\u0434\u043d\u0435\u0432\u043d\u043e","og_url":"https:\/\/skyline-gs.com\/fr\/produit\/sacred-mount-kulen-siemreap\/","og_site_name":"\u042d\u043a\u0441\u043a\u0443\u0440\u0441\u0438\u0438 Skyline","article_modified_time":"2026-02-01T19:37:04+00:00","og_image":[{"width":669,"height":446,"url":"https:\/\/skyline-gs.com\/wp-content\/uploads\/2022\/01\/14-5.png","type":"image\/png"}],"twitter_card":"summary_large_image","twitter_misc":{"Dur\u00e9e de lecture estim\u00e9e":"2 minutes"},"schema":{"@context":"https:\/\/schema.org","@graph":[{"@type":"WebPage","@id":"https:\/\/skyline-gs.com\/product\/sacred-mount-kulen-siemreap\/","url":"https:\/\/skyline-gs.com\/product\/sacred-mount-kulen-siemreap\/","name":"\u041f\u043e \u043c\u0435\u0441\u0442\u0430\u043c \u0421\u0438\u043b\u044b. \u0421\u0432\u044f\u0449\u0435\u043d\u043d\u0430\u044f \u0433\u043e\u0440\u0430 \u041a\u0443\u043b\u0435\u043d &#8226; \u042d\u043a\u0441\u043a\u0443\u0440\u0441\u0438\u0438 Skyline","isPartOf":{"@id":"https:\/\/skyline-gs.com\/it\/#website"},"primaryImageOfPage":{"@id":"https:\/\/skyline-gs.com\/product\/sacred-mount-kulen-siemreap\/#primaryimage"},"image":{"@id":"https:\/\/skyline-gs.com\/product\/sacred-mount-kulen-siemreap\/#primaryimage"},"thumbnailUrl":"https:\/\/skyline-gs.com\/wp-content\/uploads\/2022\/01\/14-5.png","datePublished":"2022-01-17T15:29:53+00:00","dateModified":"2026-02-01T19:37:04+00:00","breadcrumb":{"@id":"https:\/\/skyline-gs.com\/product\/sacred-mount-kulen-siemreap\/#breadcrumb"},"inLanguage":"fr-FR","potentialAction":[{"@type":"ReadAction","target":["https:\/\/skyline-gs.com\/product\/sacred-mount-kulen-siemreap\/"]}]},{"@type":"ImageObject","inLanguage":"fr-FR","@id":"https:\/\/skyline-gs.com\/product\/sacred-mount-kulen-siemreap\/#primaryimage","url":"https:\/\/skyline-gs.com\/wp-content\/uploads\/2022\/01\/14-5.png","contentUrl":"https:\/\/skyline-gs.com\/wp-content\/uploads\/2022\/01\/14-5.png","width":669,"height":446},{"@type":"BreadcrumbList","@id":"https:\/\/skyline-gs.com\/product\/sacred-mount-kulen-siemreap\/#breadcrumb","itemListElement":[{"@type":"ListItem","position":1,"name":"\u0413\u043b\u0430\u0432\u043d\u0430\u044f \u0441\u0442\u0440\u0430\u043d\u0438\u0446\u0430","item":"https:\/\/skyline-gs.com\/hu\/"},{"@type":"ListItem","position":2,"name":"\u041c\u0430\u0433\u0430\u0437\u0438\u043d","item":"https:\/\/skyline-gs.com\/cs\/shop\/"},{"@type":"ListItem","position":3,"name":"\u041f\u043e \u043c\u0435\u0441\u0442\u0430\u043c \u0421\u0438\u043b\u044b. \u0421\u0432\u044f\u0449\u0435\u043d\u043d\u0430\u044f \u0433\u043e\u0440\u0430 \u041a\u0443\u043b\u0435\u043d"}]},{"@type":"WebSite","@id":"https:\/\/skyline-gs.com\/it\/#website","url":"https:\/\/skyline-gs.com\/it\/","name":"Excursions Skyline","description":"Excursions exclusives dans les meilleurs centres de vill\u00e9giature du monde","publisher":{"@id":"https:\/\/skyline-gs.com\/it\/#organization"},"alternateName":"Skyline","potentialAction":[{"@type":"SearchAction","target":{"@type":"EntryPoint","urlTemplate":"https:\/\/skyline-gs.com\/it\/?s={search_term_string}"},"query-input":{"@type":"PropertyValueSpecification","valueRequired":true,"valueName":"search_term_string"}}],"inLanguage":"fr-FR"},{"@type":"Organization","@id":"https:\/\/skyline-gs.com\/it\/#organization","name":"Excursions Skyline","alternateName":"\u042d\u043a\u0441\u043a\u0443\u0440\u0441\u0438\u0438 Skyline","url":"https:\/\/skyline-gs.com\/it\/","logo":{"@type":"ImageObject","inLanguage":"fr-FR","@id":"https:\/\/skyline-gs.com\/it\/#\/schema\/logo\/image\/","url":"https:\/\/skyline-gs.com\/wp-content\/uploads\/2020\/12\/cropped-logo-2.png","contentUrl":"https:\/\/skyline-gs.com\/wp-content\/uploads\/2020\/12\/cropped-logo-2.png","width":512,"height":512,"caption":"\u042d\u043a\u0441\u043a\u0443\u0440\u0441\u0438\u0438 Skyline"},"image":{"@id":"https:\/\/skyline-gs.com\/it\/#\/schema\/logo\/image\/"},"sameAs":["https:\/\/www.instagram.com\/skylineglobalservice\/"]}]}},"_links":{"self":[{"href":"https:\/\/skyline-gs.com\/fr\/wp-json\/wp\/v2\/product\/34392","targetHints":{"allow":["GET"]}}],"collection":[{"href":"https:\/\/skyline-gs.com\/fr\/wp-json\/wp\/v2\/product"}],"about":[{"href":"https:\/\/skyline-gs.com\/fr\/wp-json\/wp\/v2\/types\/product"}],"version-history":[{"count":0,"href":"https:\/\/skyline-gs.com\/fr\/wp-json\/wp\/v2\/product\/34392\/revisions"}],"wp:featuredmedia":[{"embeddable":true,"href":"https:\/\/skyline-gs.com\/fr\/wp-json\/wp\/v2\/media\/34406"}],"wp:attachment":[{"href":"https:\/\/skyline-gs.com\/fr\/wp-json\/wp\/v2\/media?parent=34392"}],"wp:term":[{"taxonomy":"product_brand","embeddable":true,"href":"https:\/\/skyline-gs.com\/fr\/wp-json\/wp\/v2\/product_brand?post=34392"},{"taxonomy":"product_cat","embeddable":true,"href":"https:\/\/skyline-gs.com\/fr\/wp-json\/wp\/v2\/product_cat?post=34392"},{"taxonomy":"product_tag","embeddable":true,"href":"https:\/\/skyline-gs.com\/fr\/wp-json\/wp\/v2\/product_tag?post=34392"}],"curies":[{"name":"wp","href":"https:\/\/api.w.org\/{rel}","templated":true}]}}