{"id":33315,"date":"2021-12-28T17:57:57","date_gmt":"2021-12-28T15:57:57","guid":{"rendered":"http:\/\/skyline-gs.com\/?post_type=product&#038;p=33315"},"modified":"2026-03-27T02:19:43","modified_gmt":"2026-03-27T00:19:43","slug":"individual-pyramids-of-giza-sharm","status":"publish","type":"product","link":"https:\/\/skyline-gs.com\/fr\/product\/individual-pyramids-of-giza-sharm\/","title":{"rendered":"Le Caire personnalis\u00e9"},"content":{"rendered":"<p>Le Caire et sa pyramide de Kh\u00e9ops, consid\u00e9r\u00e9e \u00e0 juste titre comme la plus ancienne et la seule \u00e0 avoir surv\u00e9cu jusqu'\u00e0 ce jour, sur la liste des sept merveilles du monde antique. La capitale de l'\u00c9gypte, Le Caire, avec une population de plus de 20 millions d'habitants, est situ\u00e9e \u00e0 500 kilom\u00e8tres de Sharm el Sheikh. Au Caire, vous visiterez : le mus\u00e9e national \u00e9gyptien, les grandes pyramides de Gizeh et le Sphinx, une fabrique de papyrus, une fabrique d'huile et de parfum, et vous d\u00e9jeunerez sur les rives du Nil. Vous aurez \u00e9galement l'occasion de naviguer sur le Nil \u00e0 bord d'un bateau \u00e0 voile (Felucca). En fin de journ\u00e9e, retour \u00e0 Sharm et arriv\u00e9e \u00e0 l'h\u00f4tel vers minuit.<\/p>\n<p>\u0412\u044b\u0435\u0437\u0434 \u0438\u0437 \u043e\u0442\u0435\u043b\u044f \u0432 1:00 \u043d\u043e\u0447\u0438. \u0412 \u043a\u043e\u043c\u0444\u043e\u0440\u0442\u0430\u0431\u0435\u043b\u044c\u043d\u043e\u043c \u0430\u0432\u0442\u043e \u0441 \u043a\u043e\u043d\u0434\u0438\u0446\u0438\u043e\u043d\u0435\u0440\u043e\u043c \u0432\u044b \u043e\u0442\u043f\u0440\u0430\u0432\u0438\u0442\u0435\u0441\u044c \u0432 \u041a\u0430\u0438\u0440, \u00a0\u0434\u043e\u0440\u043e\u0433\u0430 \u0437\u0430\u0439\u043c\u0435\u0442 \u043e\u043a\u043e\u043b\u043e 6 \u0447\u0430\u0441\u043e\u0432. \u042d\u043a\u0441\u043a\u0443\u0440\u0441\u0438\u044f \u043d\u0430\u0447\u043d\u0435\u0442\u0441\u044f \u0441 \u043f\u043e\u0441\u0435\u0449\u0435\u043d\u0438\u0435 \u0415\u0433\u0438\u043f\u0435\u0442\u0441\u043a\u043e\u0433\u043e \u041d\u0430\u0446\u0438\u043e\u043d\u0430\u043b\u044c\u043d\u043e\u0433\u043e \u043c\u0443\u0437\u0435\u044f \u2014 \u043a\u043e\u0442\u043e\u0440\u044b\u0439 \u044f\u0432\u043b\u044f\u0435\u0442\u0441\u044f \u043d\u0435\u043f\u0440\u0435\u0432\u0437\u043e\u0439\u0434\u0435\u043d\u043d\u044b\u043c \u0445\u0440\u0430\u043d\u0438\u0442\u0435\u043b\u0435\u043c \u0441\u0430\u043c\u043e\u0439 \u0431\u043e\u043b\u044c\u0448\u043e\u0439 \u0430\u0440\u0445\u0435\u043e\u043b\u043e\u0433\u0438\u0447\u0435\u0441\u043a\u043e\u0439 \u043a\u043e\u043b\u043b\u0435\u043a\u0446\u0438\u0438 \u0432 \u043c\u0438\u0440\u0435, \u043e\u0442\u043d\u043e\u0441\u044f\u0449\u0438\u0445\u0441\u044f \u043a\u043e \u0432\u0441\u0435\u043c \u0438\u0441\u0442\u043e\u0440\u0438\u0447\u0435\u0441\u043a\u0438\u043c \u043f\u0435\u0440\u0438\u043e\u0434\u0430\u043c \u0434\u0440\u0435\u0432\u043d\u0435\u0433\u043e \u0415\u0433\u0438\u043f\u0442\u0430 \u0434\u043e \u0433\u0440\u0435\u043a\u043e-\u0440\u0438\u043c\u0441\u043a\u043e\u0433\u043e \u043f\u0435\u0440\u0438\u043e\u0434\u0430. \u041a\u043e\u043b\u043b\u0435\u043a\u0446\u0438\u044f \u043d\u0430\u0441\u0447\u0438\u0442\u044b\u0432\u0430\u0435\u0442 \u043e\u043a\u043e\u043b\u043e 160 \u0442\u044b\u0441\u044f\u0447 \u0430\u0440\u0442\u0435\u0444\u0430\u043a\u0442\u043e\u0432, \u0432 \u0442\u043e\u043c \u0447\u0438\u0441\u043b\u0435 \u0441\u043e\u0434\u0435\u0440\u0436\u0430\u043d\u0438\u0435 \u0433\u0440\u043e\u0431\u043d\u0438\u0446\u044b \u0422\u0443\u0442\u0430\u043d\u0445\u0430\u043c\u043e\u043d\u0430 \u0438 \u043c\u0443\u043c\u0438\u0439.<\/p>\n<p>D\u00e9jeuner dans un restaurant panoramique au bord du Nil. Apr\u00e8s le d\u00e9jeuner, vous vous rendrez \u00e0 l'endroit o\u00f9 le temps s'est arr\u00eat\u00e9, au symbole de l'\u00c9gypte - les grandes pyramides et le Sphinx. Il y a plus de 100 pyramides en \u00c9gypte, mais les plus c\u00e9l\u00e8bres sont les pyramides de Gizeh, qui sont consid\u00e9r\u00e9es comme la premi\u00e8re merveille du monde de tous les temps. Gizeh est une banlieue du Caire et est c\u00e9l\u00e8bre dans le monde entier. Vous visiterez le mus\u00e9e du papyrus, o\u00f9 l'on vous expliquera et vous montrera comment le papyrus \u00e9tait fabriqu\u00e9 dans l'Antiquit\u00e9, ou l'usine de parfums et d'huiles. Retour \u00e0 l'h\u00f4tel vers 22h00.<\/p>\n<p><strong>Inclus :<\/strong><\/p>\n<ul>\n<li>Transferts depuis et vers l'h\u00f4tel<\/li>\n<li>Excursion en voiture confortable et climatis\u00e9e<\/li>\n<li>D\u00e9jeuner au restaurant<\/li>\n<li>Guide \u00e9gyptologue parlant russe<\/li>\n<li>Billets d'entr\u00e9e pour tous les lieux indiqu\u00e9s dans le programme<\/li>\n<\/ul>\n<p><strong>Non inclus :<\/strong><\/p>\n<ul>\n<li>Boissons au restaurant<\/li>\n<li>Croisi\u00e8re sur le Nil \u00e0 bord du voilier Feluke +10$<\/li>\n<\/ul>\n<p><strong>Emportez-le avec vous :<\/strong><\/p>\n<ul>\n<li>Passeport<\/li>\n<li>Confortable, chaussures<\/li>\n<li>Coiffure<\/li>\n<li>Lunettes de soleil<\/li>\n<li>Lunch box (commandez votre petit d\u00e9jeuner la veille de votre d\u00e9part en excursion \u00e0 la r\u00e9ception de l'h\u00f4tel, c'est gratuit)<\/li>\n<li>L'eau<\/li>\n<li>Mat\u00e9riel photo et vid\u00e9o<\/li>\n<li>Argent pour : acheter des boissons au d\u00e9jeuner\/ acheter des souvenirs et des d\u00e9penses personnelles<\/li>\n<li>V\u00eatements chauds (en hiver)<\/li>\n<\/ul>\n<p><strong>Conditions de r\u00e9servation :<\/strong><\/p>\n<ul>\n<li>\u0422\u0440\u0435\u0431\u0443\u0435\u0442\u0441\u044f \u043f\u0440\u0435\u0434\u043e\u043f\u043b\u0430\u0442\u0430 100$. \u0412\u043e\u0437\u0432\u0440\u0430\u0449\u0430\u0435\u0442\u0441\u044f \u043f\u043e\u043b\u043d\u043e\u0441\u0442\u044c\u044e \u043f\u0440\u0438 \u043e\u0442\u043a\u0430\u0437\u0435 \u043e\u0442 \u044d\u043a\u0441\u043a\u0443\u0440\u0441\u0438\u0438 \u0437\u0430 48 \u0447\u0430\u0441\u043e\u0432 \u0434\u043e \u043d\u0430\u0447\u0430\u043b\u0430<\/li>\n<\/ul>\n<p><strong>Attention !<\/strong>\u00a0 \u0414\u043b\u044f \u043f\u043e\u0435\u0437\u0434\u043a\u0438 \u043d\u0430 \u0434\u0430\u043d\u043d\u0443\u044e \u043f\u0440\u043e\u0433\u0440\u0430\u043c\u043c\u0443 \u0432 \u043f\u0430\u0441\u043f\u043e\u0440\u0442\u0435 \u0434\u043e\u043b\u0436\u043d\u0430 \u0441\u0442\u043e\u044f\u0442\u044c \u0435\u0433\u0438\u043f\u0435\u0442\u0441\u043a\u0430\u044f \u0432\u0438\u0437\u0430 \u0437\u0430 30$, \u043a\u043e\u0442\u043e\u0440\u0430\u044f \u0441\u0442\u0430\u0432\u0438\u0442\u0441\u044f \u0432 \u0430\u044d\u0440\u043e\u043f\u043e\u0440\u0442\u0443 \u043f\u043e \u043f\u0440\u0438\u043b\u0435\u0442\u0443. \u0415\u0441\u043b\u0438 \u0412\u044b \u043d\u0435 \u043a\u0443\u043f\u0438\u043b\u0438 \u0432\u0438\u0437\u0443 \u0438 \u0445\u043e\u0442\u0438\u0442\u0435 \u043f\u043e\u0435\u0445\u0430\u0442\u044c \u0432 \u041a\u0430\u0438\u0440 \u2014 \u0441\u0432\u044f\u0436\u0438\u0442\u0435\u0441\u044c \u0441 \u043d\u0430\u043c\u0438, \u043c\u044b \u043f\u043e\u043c\u043e\u0436\u0435\u043c. \u0426\u0435\u043d\u0430 \u2014 30$ \u0437\u0430 \u0432\u0438\u0437\u0443 + 7$ \u0437\u0430 \u043e\u0444\u043e\u0440\u043c\u043b\u0435\u043d\u0438\u0435.<\/p>","protected":false},"excerpt":{"rendered":"<p><strong>Temps du Tour:<\/strong> 1:00 &#8212; 22:00<\/p>\n<p><strong>Jours de D\u00e9roulement:<\/strong> Chaque jour<\/p>","protected":false},"featured_media":33317,"template":"","meta":{"_kad_post_transparent":"default","_kad_post_title":"","_kad_post_layout":"default","_kad_post_sidebar_id":"","_kad_post_content_style":"default","_kad_post_vertical_padding":"default","_kad_post_feature":"","_kad_post_feature_position":"","_kad_post_header":false,"_kad_post_footer":false,"_kad_post_classname":"","_glsr_average":0,"_glsr_ranking":0,"_glsr_reviews":0},"product_brand":[],"product_cat":[476,435],"product_tag":[],"class_list":{"0":"post-33315","1":"product","2":"type-product","3":"status-publish","4":"has-post-thumbnail","6":"product_cat-individual-sharm","7":"product_cat-sharm-el-sheikh","8":"tm-has-options","10":"first","11":"instock","12":"sale","13":"sold-individually","14":"taxable","15":"shipping-taxable","16":"purchasable","17":"product-type-simple","18":"entry","19":"content-bg","20":"loop-entry"},"yoast_head":"<!-- This site is optimized with the Yoast SEO plugin v27.3 - https:\/\/yoast.com\/product\/yoast-seo-wordpress\/ -->\n<title>\u0418\u043d\u0434\u0438\u0432\u0438\u0434\u0443\u0430\u043b\u044c\u043d\u044b\u0439 \u041a\u0430\u0438\u0440 &#8226; \u042d\u043a\u0441\u043a\u0443\u0440\u0441\u0438\u0438 Skyline<\/title>\n<meta name=\"robots\" content=\"index, follow, max-snippet:-1, max-image-preview:large, max-video-preview:-1\" \/>\n<link rel=\"canonical\" href=\"https:\/\/skyline-gs.com\/fr\/produit\/individual-pyramids-of-giza-sharm\/\" \/>\n<meta property=\"og:locale\" content=\"fr_FR\" \/>\n<meta property=\"og:type\" content=\"article\" \/>\n<meta property=\"og:title\" content=\"\u0418\u043d\u0434\u0438\u0432\u0438\u0434\u0443\u0430\u043b\u044c\u043d\u044b\u0439 \u041a\u0430\u0438\u0440 &#8226; \u042d\u043a\u0441\u043a\u0443\u0440\u0441\u0438\u0438 Skyline\" \/>\n<meta property=\"og:description\" content=\"\u0412\u0440\u0435\u043c\u044f \u0442\u0443\u0440\u0430: 1:00 - 22:00  \u0414\u043d\u0438 \u043f\u0440\u043e\u0432\u0435\u0434\u0435\u043d\u0438\u044f: \u0435\u0436\u0435\u0434\u043d\u0435\u0432\u043d\u043e\" \/>\n<meta property=\"og:url\" content=\"https:\/\/skyline-gs.com\/fr\/produit\/individual-pyramids-of-giza-sharm\/\" \/>\n<meta property=\"og:site_name\" content=\"\u042d\u043a\u0441\u043a\u0443\u0440\u0441\u0438\u0438 Skyline\" \/>\n<meta property=\"article:modified_time\" content=\"2026-03-27T00:19:43+00:00\" \/>\n<meta property=\"og:image\" content=\"https:\/\/skyline-gs.com\/wp-content\/uploads\/2021\/12\/Kair-10-of-11.jpg\" \/>\n\t<meta property=\"og:image:width\" content=\"900\" \/>\n\t<meta property=\"og:image:height\" content=\"600\" \/>\n\t<meta property=\"og:image:type\" content=\"image\/jpeg\" \/>\n<meta name=\"twitter:card\" content=\"summary_large_image\" \/>\n<meta name=\"twitter:label1\" content=\"Dur\u00e9e de lecture estim\u00e9e\" \/>\n\t<meta name=\"twitter:data1\" content=\"3 minutes\" \/>\n<script type=\"application\/ld+json\" class=\"yoast-schema-graph\">{\"@context\":\"https:\\\/\\\/schema.org\",\"@graph\":[{\"@type\":\"WebPage\",\"@id\":\"https:\\\/\\\/skyline-gs.com\\\/product\\\/individual-pyramids-of-giza-sharm\\\/\",\"url\":\"https:\\\/\\\/skyline-gs.com\\\/product\\\/individual-pyramids-of-giza-sharm\\\/\",\"name\":\"\u0418\u043d\u0434\u0438\u0432\u0438\u0434\u0443\u0430\u043b\u044c\u043d\u044b\u0439 \u041a\u0430\u0438\u0440 &#8226; \u042d\u043a\u0441\u043a\u0443\u0440\u0441\u0438\u0438 Skyline\",\"isPartOf\":{\"@id\":\"https:\\\/\\\/skyline-gs.com\\\/it\\\/#website\"},\"primaryImageOfPage\":{\"@id\":\"https:\\\/\\\/skyline-gs.com\\\/product\\\/individual-pyramids-of-giza-sharm\\\/#primaryimage\"},\"image\":{\"@id\":\"https:\\\/\\\/skyline-gs.com\\\/product\\\/individual-pyramids-of-giza-sharm\\\/#primaryimage\"},\"thumbnailUrl\":\"https:\\\/\\\/skyline-gs.com\\\/wp-content\\\/uploads\\\/2021\\\/12\\\/Kair-10-of-11.jpg\",\"datePublished\":\"2021-12-28T15:57:57+00:00\",\"dateModified\":\"2026-03-27T00:19:43+00:00\",\"breadcrumb\":{\"@id\":\"https:\\\/\\\/skyline-gs.com\\\/product\\\/individual-pyramids-of-giza-sharm\\\/#breadcrumb\"},\"inLanguage\":\"fr-FR\",\"potentialAction\":[{\"@type\":\"ReadAction\",\"target\":[\"https:\\\/\\\/skyline-gs.com\\\/product\\\/individual-pyramids-of-giza-sharm\\\/\"]}]},{\"@type\":\"ImageObject\",\"inLanguage\":\"fr-FR\",\"@id\":\"https:\\\/\\\/skyline-gs.com\\\/product\\\/individual-pyramids-of-giza-sharm\\\/#primaryimage\",\"url\":\"https:\\\/\\\/skyline-gs.com\\\/wp-content\\\/uploads\\\/2021\\\/12\\\/Kair-10-of-11.jpg\",\"contentUrl\":\"https:\\\/\\\/skyline-gs.com\\\/wp-content\\\/uploads\\\/2021\\\/12\\\/Kair-10-of-11.jpg\",\"width\":900,\"height\":600},{\"@type\":\"BreadcrumbList\",\"@id\":\"https:\\\/\\\/skyline-gs.com\\\/product\\\/individual-pyramids-of-giza-sharm\\\/#breadcrumb\",\"itemListElement\":[{\"@type\":\"ListItem\",\"position\":1,\"name\":\"\u0413\u043b\u0430\u0432\u043d\u0430\u044f \u0441\u0442\u0440\u0430\u043d\u0438\u0446\u0430\",\"item\":\"https:\\\/\\\/skyline-gs.com\\\/hu\\\/\"},{\"@type\":\"ListItem\",\"position\":2,\"name\":\"\u041c\u0430\u0433\u0430\u0437\u0438\u043d\",\"item\":\"https:\\\/\\\/skyline-gs.com\\\/cs\\\/shop\\\/\"},{\"@type\":\"ListItem\",\"position\":3,\"name\":\"\u0418\u043d\u0434\u0438\u0432\u0438\u0434\u0443\u0430\u043b\u044c\u043d\u044b\u0439 \u041a\u0430\u0438\u0440\"}]},{\"@type\":\"WebSite\",\"@id\":\"https:\\\/\\\/skyline-gs.com\\\/it\\\/#website\",\"url\":\"https:\\\/\\\/skyline-gs.com\\\/it\\\/\",\"name\":\"\u042d\u043a\u0441\u043a\u0443\u0440\u0441\u0438\u0438 Skyline\",\"description\":\"\u042d\u043a\u0441\u043a\u043b\u044e\u0437\u0438\u0432\u043d\u044b\u0435 \u044d\u043a\u0441\u043a\u0443\u0440\u0441\u0438\u0438 \u043d\u0430 \u043b\u0443\u0447\u0448\u0438\u0445 \u043a\u0443\u0440\u043e\u0440\u0442\u0430\u0445 \u043c\u0438\u0440\u0430\",\"publisher\":{\"@id\":\"https:\\\/\\\/skyline-gs.com\\\/it\\\/#organization\"},\"alternateName\":\"Skyline\",\"potentialAction\":[{\"@type\":\"SearchAction\",\"target\":{\"@type\":\"EntryPoint\",\"urlTemplate\":\"https:\\\/\\\/skyline-gs.com\\\/it\\\/?s={search_term_string}\"},\"query-input\":{\"@type\":\"PropertyValueSpecification\",\"valueRequired\":true,\"valueName\":\"search_term_string\"}}],\"inLanguage\":\"fr-FR\"},{\"@type\":\"Organization\",\"@id\":\"https:\\\/\\\/skyline-gs.com\\\/it\\\/#organization\",\"name\":\"\u042d\u043a\u0441\u043a\u0443\u0440\u0441\u0438\u0438 Skyline\",\"alternateName\":\"\u042d\u043a\u0441\u043a\u0443\u0440\u0441\u0438\u0438 Skyline\",\"url\":\"https:\\\/\\\/skyline-gs.com\\\/it\\\/\",\"logo\":{\"@type\":\"ImageObject\",\"inLanguage\":\"fr-FR\",\"@id\":\"https:\\\/\\\/skyline-gs.com\\\/it\\\/#\\\/schema\\\/logo\\\/image\\\/\",\"url\":\"https:\\\/\\\/skyline-gs.com\\\/wp-content\\\/uploads\\\/2020\\\/12\\\/cropped-logo-2.png\",\"contentUrl\":\"https:\\\/\\\/skyline-gs.com\\\/wp-content\\\/uploads\\\/2020\\\/12\\\/cropped-logo-2.png\",\"width\":512,\"height\":512,\"caption\":\"\u042d\u043a\u0441\u043a\u0443\u0440\u0441\u0438\u0438 Skyline\"},\"image\":{\"@id\":\"https:\\\/\\\/skyline-gs.com\\\/it\\\/#\\\/schema\\\/logo\\\/image\\\/\"},\"sameAs\":[\"https:\\\/\\\/www.instagram.com\\\/skylineglobalservice\\\/\"]}]}<\/script>\n<!-- \/ Yoast SEO plugin. -->","yoast_head_json":{"title":"\u0418\u043d\u0434\u0438\u0432\u0438\u0434\u0443\u0430\u043b\u044c\u043d\u044b\u0439 \u041a\u0430\u0438\u0440 &#8226; \u042d\u043a\u0441\u043a\u0443\u0440\u0441\u0438\u0438 Skyline","robots":{"index":"index","follow":"follow","max-snippet":"max-snippet:-1","max-image-preview":"max-image-preview:large","max-video-preview":"max-video-preview:-1"},"canonical":"https:\/\/skyline-gs.com\/fr\/produit\/individual-pyramids-of-giza-sharm\/","og_locale":"fr_FR","og_type":"article","og_title":"\u0418\u043d\u0434\u0438\u0432\u0438\u0434\u0443\u0430\u043b\u044c\u043d\u044b\u0439 \u041a\u0430\u0438\u0440 &#8226; \u042d\u043a\u0441\u043a\u0443\u0440\u0441\u0438\u0438 Skyline","og_description":"\u0412\u0440\u0435\u043c\u044f \u0442\u0443\u0440\u0430: 1:00 - 22:00  \u0414\u043d\u0438 \u043f\u0440\u043e\u0432\u0435\u0434\u0435\u043d\u0438\u044f: \u0435\u0436\u0435\u0434\u043d\u0435\u0432\u043d\u043e","og_url":"https:\/\/skyline-gs.com\/fr\/produit\/individual-pyramids-of-giza-sharm\/","og_site_name":"\u042d\u043a\u0441\u043a\u0443\u0440\u0441\u0438\u0438 Skyline","article_modified_time":"2026-03-27T00:19:43+00:00","og_image":[{"width":900,"height":600,"url":"https:\/\/skyline-gs.com\/wp-content\/uploads\/2021\/12\/Kair-10-of-11.jpg","type":"image\/jpeg"}],"twitter_card":"summary_large_image","twitter_misc":{"Dur\u00e9e de lecture estim\u00e9e":"3 minutes"},"schema":{"@context":"https:\/\/schema.org","@graph":[{"@type":"WebPage","@id":"https:\/\/skyline-gs.com\/product\/individual-pyramids-of-giza-sharm\/","url":"https:\/\/skyline-gs.com\/product\/individual-pyramids-of-giza-sharm\/","name":"\u0418\u043d\u0434\u0438\u0432\u0438\u0434\u0443\u0430\u043b\u044c\u043d\u044b\u0439 \u041a\u0430\u0438\u0440 &#8226; \u042d\u043a\u0441\u043a\u0443\u0440\u0441\u0438\u0438 Skyline","isPartOf":{"@id":"https:\/\/skyline-gs.com\/it\/#website"},"primaryImageOfPage":{"@id":"https:\/\/skyline-gs.com\/product\/individual-pyramids-of-giza-sharm\/#primaryimage"},"image":{"@id":"https:\/\/skyline-gs.com\/product\/individual-pyramids-of-giza-sharm\/#primaryimage"},"thumbnailUrl":"https:\/\/skyline-gs.com\/wp-content\/uploads\/2021\/12\/Kair-10-of-11.jpg","datePublished":"2021-12-28T15:57:57+00:00","dateModified":"2026-03-27T00:19:43+00:00","breadcrumb":{"@id":"https:\/\/skyline-gs.com\/product\/individual-pyramids-of-giza-sharm\/#breadcrumb"},"inLanguage":"fr-FR","potentialAction":[{"@type":"ReadAction","target":["https:\/\/skyline-gs.com\/product\/individual-pyramids-of-giza-sharm\/"]}]},{"@type":"ImageObject","inLanguage":"fr-FR","@id":"https:\/\/skyline-gs.com\/product\/individual-pyramids-of-giza-sharm\/#primaryimage","url":"https:\/\/skyline-gs.com\/wp-content\/uploads\/2021\/12\/Kair-10-of-11.jpg","contentUrl":"https:\/\/skyline-gs.com\/wp-content\/uploads\/2021\/12\/Kair-10-of-11.jpg","width":900,"height":600},{"@type":"BreadcrumbList","@id":"https:\/\/skyline-gs.com\/product\/individual-pyramids-of-giza-sharm\/#breadcrumb","itemListElement":[{"@type":"ListItem","position":1,"name":"\u0413\u043b\u0430\u0432\u043d\u0430\u044f \u0441\u0442\u0440\u0430\u043d\u0438\u0446\u0430","item":"https:\/\/skyline-gs.com\/hu\/"},{"@type":"ListItem","position":2,"name":"\u041c\u0430\u0433\u0430\u0437\u0438\u043d","item":"https:\/\/skyline-gs.com\/cs\/shop\/"},{"@type":"ListItem","position":3,"name":"\u0418\u043d\u0434\u0438\u0432\u0438\u0434\u0443\u0430\u043b\u044c\u043d\u044b\u0439 \u041a\u0430\u0438\u0440"}]},{"@type":"WebSite","@id":"https:\/\/skyline-gs.com\/it\/#website","url":"https:\/\/skyline-gs.com\/it\/","name":"Excursions Skyline","description":"Excursions exclusives dans les meilleurs centres de vill\u00e9giature du monde","publisher":{"@id":"https:\/\/skyline-gs.com\/it\/#organization"},"alternateName":"Skyline","potentialAction":[{"@type":"SearchAction","target":{"@type":"EntryPoint","urlTemplate":"https:\/\/skyline-gs.com\/it\/?s={search_term_string}"},"query-input":{"@type":"PropertyValueSpecification","valueRequired":true,"valueName":"search_term_string"}}],"inLanguage":"fr-FR"},{"@type":"Organization","@id":"https:\/\/skyline-gs.com\/it\/#organization","name":"Excursions Skyline","alternateName":"\u042d\u043a\u0441\u043a\u0443\u0440\u0441\u0438\u0438 Skyline","url":"https:\/\/skyline-gs.com\/it\/","logo":{"@type":"ImageObject","inLanguage":"fr-FR","@id":"https:\/\/skyline-gs.com\/it\/#\/schema\/logo\/image\/","url":"https:\/\/skyline-gs.com\/wp-content\/uploads\/2020\/12\/cropped-logo-2.png","contentUrl":"https:\/\/skyline-gs.com\/wp-content\/uploads\/2020\/12\/cropped-logo-2.png","width":512,"height":512,"caption":"\u042d\u043a\u0441\u043a\u0443\u0440\u0441\u0438\u0438 Skyline"},"image":{"@id":"https:\/\/skyline-gs.com\/it\/#\/schema\/logo\/image\/"},"sameAs":["https:\/\/www.instagram.com\/skylineglobalservice\/"]}]}},"_links":{"self":[{"href":"https:\/\/skyline-gs.com\/fr\/wp-json\/wp\/v2\/product\/33315","targetHints":{"allow":["GET"]}}],"collection":[{"href":"https:\/\/skyline-gs.com\/fr\/wp-json\/wp\/v2\/product"}],"about":[{"href":"https:\/\/skyline-gs.com\/fr\/wp-json\/wp\/v2\/types\/product"}],"version-history":[{"count":0,"href":"https:\/\/skyline-gs.com\/fr\/wp-json\/wp\/v2\/product\/33315\/revisions"}],"wp:featuredmedia":[{"embeddable":true,"href":"https:\/\/skyline-gs.com\/fr\/wp-json\/wp\/v2\/media\/33317"}],"wp:attachment":[{"href":"https:\/\/skyline-gs.com\/fr\/wp-json\/wp\/v2\/media?parent=33315"}],"wp:term":[{"taxonomy":"product_brand","embeddable":true,"href":"https:\/\/skyline-gs.com\/fr\/wp-json\/wp\/v2\/product_brand?post=33315"},{"taxonomy":"product_cat","embeddable":true,"href":"https:\/\/skyline-gs.com\/fr\/wp-json\/wp\/v2\/product_cat?post=33315"},{"taxonomy":"product_tag","embeddable":true,"href":"https:\/\/skyline-gs.com\/fr\/wp-json\/wp\/v2\/product_tag?post=33315"}],"curies":[{"name":"wp","href":"https:\/\/api.w.org\/{rel}","templated":true}]}}