{"id":33022,"date":"2021-11-25T17:04:11","date_gmt":"2021-11-25T15:04:11","guid":{"rendered":"http:\/\/skyline-gs.com\/?post_type=product&#038;p=33022"},"modified":"2025-10-29T19:57:44","modified_gmt":"2025-10-29T17:57:44","slug":"luxor-valley-of-kings-marsaalam","status":"publish","type":"product","link":"https:\/\/skyline-gs.com\/fr\/product\/luxor-valley-of-kings-marsaalam\/","title":{"rendered":"Louxor et la Vall\u00e9e des Rois"},"content":{"rendered":"<p>4.30 \u0443\u0442\u0440\u0430 \u0432\u044b\u0435\u0437\u0434 \u0438\u0437 \u043e\u0442\u0435\u043b\u044f. \u0414\u043e\u0440\u043e\u0433\u0430 \u0432 \u043e\u0434\u043d\u0443 \u0441\u0442\u043e\u0440\u043e\u043d\u0443 \u0437\u0430\u0439\u043c\u0435\u0442 \u043e\u043a\u043e\u043b\u043e 4,5 \u0447\u0430\u0441\u043e\u0432. 9:00 \u043f\u0440\u0438\u0435\u0437\u0434 \u0432 \u0414\u043e\u043b\u0438\u043d\u0443 \u041d\u0438\u043b\u0430 \u0438 \u043e\u0441\u043c\u043e\u0442\u0440 \u043d\u0430\u0441\u0442\u043e\u044f\u0449\u0435\u0439 \u0436\u0438\u0437\u043d\u0438 \u0415\u0433\u0438\u043f\u0442\u0430. 10:00\u00a0 \u043f\u0440\u0438\u0435\u0437\u0434 \u0432 \u041b\u0443\u043a\u0441\u043e\u0440. \u041f\u043e \u043f\u0440\u0438\u0435\u0437\u0434\u0443 \u0432 \u041b\u0443\u043a\u0441\u043e\u0440 \u043d\u0430\u0447\u0438\u043d\u0430\u0435\u0442\u0441\u044f \u043f\u0435\u0440\u0432\u0430\u044f \u0447\u0430\u0441\u0442\u044c \u043f\u0440\u043e\u0433\u0440\u0430\u043c\u043c\u044b \u00ab\u0413\u043e\u0440\u043e\u0434 \u0436\u0438\u0432\u044b\u0445\u00bb \u043a\u043e\u0442\u043e\u0440\u044b\u0439 \u043d\u0430\u0445\u043e\u0434\u0438\u0442\u0441\u044f \u043d\u0430 \u0432\u043e\u0441\u0442\u043e\u0447\u043d\u043e\u043c \u0431\u0435\u0440\u0435\u0433\u0443 \u041d\u0438\u043b\u0430. \u041f\u043e\u0441\u0435\u0449\u0435 \u041a\u0430\u0440\u043d\u0430\u043a\u0441\u043a\u0438\u0439 \u0445\u0440\u0430\u043c, \u043a\u043e\u0440\u043e\u0442\u044b\u0439 \u044f\u0432\u043b\u044f\u0435\u0442\u0441\u044f \u0441\u0430\u043c\u044b\u043c \u043a\u0440\u0443\u043f\u043d\u0435\u0439\u0448\u0438\u043c \u0430\u0440\u0445\u0438\u0442\u0435\u043a\u0442\u0443\u0440\u043d\u044b\u043c \u0441\u043e\u043e\u0440\u0443\u0436\u0435\u043d\u0438\u0435\u043c \u0434\u0440\u0435\u0432\u043d\u0435\u0433\u043e \u043c\u0438\u0440\u0430 \u0438 \u043e\u0434\u043d\u044b\u043c \u0438\u0437 \u043a\u0440\u0443\u043f\u043d\u0435\u0439\u0448\u0438\u0445 \u0445\u0440\u0430\u043c\u043e\u0432\u044b\u0445 \u043a\u043e\u043c\u043f\u043b\u0435\u043a\u0441\u043e\u0432 \u0432\u0441\u0435\u0433\u043e \u043c\u0438\u0440\u0430. \u041a\u0430\u0440\u043d\u0430\u043a\u0441\u043a\u0438\u0439 \u0445\u0440\u0430\u043c \u0431\u044b\u043b \u043f\u043e\u0441\u0442\u0440\u043e\u0435\u043d \u043d\u0435 \u043e\u0434\u043d\u0438\u043c \u0444\u0430\u0440\u0430\u043e\u043d\u043e\u043c \u0438 \u0434\u0430\u0436\u0435 \u043d\u0435 \u043e\u0434\u043d\u043e\u0439 \u0434\u0438\u043d\u0430\u0441\u0442\u0438\u0435\u0439, \u043e\u043a\u043e\u043b\u043e 30 \u0444\u0430\u0440\u0430\u043e\u043d\u043e\u0432 \u0432\u043d\u0435\u0441\u043b\u0438 \u0441\u0432\u043e\u0439 \u0432\u043a\u043b\u0430\u0434 \u0432 \u0441\u043e\u0437\u0434\u0430\u043d\u0438\u0435 \u043a\u043e\u043c\u043f\u043b\u0435\u043a\u0441\u0430, \u0434\u043e\u0431\u0430\u0432\u0438\u0432 \u0445\u0440\u0430\u043c\u044b, \u043f\u0438\u043b\u043e\u043d\u044b, \u0447\u0430\u0441\u043e\u0432\u043d\u0438 \u0438 \u043e\u0431\u0435\u043b\u0438\u0441\u043a\u0438, \u043f\u043e\u0441\u0432\u044f\u0449\u0435\u043d\u043d\u044b\u0435 \u0431\u043e\u0433\u0430\u043c \u0424\u0438\u0432. \u041a\u0430\u0440\u043d\u0430\u043a\u0441\u043a\u0438\u0439 \u0445\u0440\u0430\u043c \u0441\u043e\u0441\u0442\u043e\u0438\u0442 \u0438\u0437 \u0442\u0440\u0435\u0445 \u043a\u0440\u0443\u043f\u043d\u044b\u0445 \u0441\u043e\u043e\u0440\u0443\u0436\u0435\u043d\u0438\u0439, \u043d\u0435\u0441\u043a\u043e\u043b\u044c\u043a\u0438\u0445 \u0445\u0440\u0430\u043c\u043e\u0432 \u043c\u0435\u043d\u044c\u0448\u0435\u0433\u043e \u0440\u0430\u0437\u043c\u0435\u0440\u0430, \u043d\u0430\u0445\u043e\u0434\u044f\u0449\u0438\u0445\u0441\u044f \u0432 \u043f\u0440\u0435\u0434\u0435\u043b\u0430\u0445 \u0433\u043b\u0430\u0432\u043d\u043e\u0439 \u0442\u0435\u0440\u0440\u0438\u0442\u043e\u0440\u0438\u0438. \u041e\u0431\u0435\u0434 \u0432 \u0440\u0435\u0441\u0442\u043e\u0440\u0430\u043d\u0435 \u043f\u043e \u0441\u0438\u0441\u0442\u0435\u043c\u0435 \u0448\u0432\u0435\u0434\u0441\u043a\u0438\u0439 \u0441\u0442\u043e\u043b (\u043d\u0430\u043f\u0438\u0442\u043a\u0438 \u043d\u0435 \u0432\u043a\u043b\u044e\u0447\u0435\u043d\u044b \u0432 \u0441\u0442\u043e\u0438\u043c\u043e\u0441\u0442\u044c).<\/p>\n<p>Vous prendrez ensuite un bateau sur le Nil jusqu'\u00e0 la rive ouest de la ville des morts, o\u00f9 se d\u00e9roulera la deuxi\u00e8me partie du programme. Visites de la rive ouest et de la vall\u00e9e des morts. Vous serez d'abord accueillis par les Colosses de Memnon, deux immenses statues de 18 m\u00e8tres de haut et pesant plus de 700 tonnes chacune. Traversez la vall\u00e9e des morts et visitez le temple de la reine Pharaon Hatchepsout. La principale caract\u00e9ristique architecturale de cette structure monumentale est constitu\u00e9e de trois terrasses superpos\u00e9es, chacune abritant une cour ouverte, des salles couvertes \u00e0 pilastres et des sanctuaires cach\u00e9s dans les profondeurs de la montagne. Hatchepsout est l'une des figures les plus c\u00e9l\u00e8bres de l'histoire de l'\u00c9gypte ancienne. L'histoire de l'\u00c9gypte ancienne la pr\u00e9sente comme la souveraine de fer. Visite de la Vall\u00e9e des Rois, une gorge rocheuse en \u00c9gypte o\u00f9 les tombes des pharaons et d'un certain nombre de hauts fonctionnaires et de parents ont \u00e9t\u00e9 construites pendant la p\u00e9riode du Nouvel Empire. Ensuite, vous ferez une excursion en bateau sur le Nil avec une visite de l'\u00eele de Banana (optionnel avec un co\u00fbt suppl\u00e9mentaire - 10$). Fin de la visite et retour. 22:00 retour \u00e0 l'h\u00f4tel.<\/p>\n<p><strong>Inclus :<\/strong><\/p>\n<ul>\n<li>Transferts depuis et vers l'h\u00f4tel<\/li>\n<li>Guide \u00e9gyptologue parlant russe<\/li>\n<li>Billets d'entr\u00e9e<\/li>\n<li>Visite de la Vall\u00e9e des Rois<\/li>\n<li>D\u00e9jeuner dans un restaurant de Louxor<\/li>\n<\/ul>\n<p><strong>Non inclus :<\/strong><\/p>\n<ul>\n<li>Visite de l'\u00eele Banana (optionnel avec suppl\u00e9ment - 10$)<\/li>\n<\/ul>\n<p><strong>Emportez-le avec vous :<\/strong><\/p>\n<ul>\n<li>Passeport<\/li>\n<li>Collation matinale (\u00e0 la r\u00e9ception de l'h\u00f4tel, expliquez que vous partez t\u00f4t le matin pour une excursion et que vous devez pr\u00e9parer le petit-d\u00e9jeuner avec vous (bo\u00eete \u00e0 lunch), les h\u00f4tels fourniront ce service gratuitement) ;<\/li>\n<li>Appareil photo<\/li>\n<li>Coiffure ;<\/li>\n<li>De l'argent pour les d\u00e9penses personnelles et les souvenirs ;<\/li>\n<li>Eau potable ;<\/li>\n<li>Des chaussures confortables ;<\/li>\n<li>V\u00eatements chauds pour le voyage (en hiver).<\/li>\n<\/ul>","protected":false},"excerpt":{"rendered":"<p><strong>Temps du Tour:<\/strong> 4:30 \u2014 22:00<\/p>\n<p><strong>Jours de D\u00e9roulement:<\/strong> \u043f\u043e\u043d\u0435\u0434\u0435\u043b\u044c\u043d\u0438\u043a, \u0441\u0440\u0435\u0434\u0430, \u0447\u0435\u0442\u0432\u0435\u0440\u0433, \u043f\u044f\u0442\u043d\u0438\u0446\u0430<\/p>","protected":false},"featured_media":32992,"template":"","meta":{"_kad_post_transparent":"default","_kad_post_title":"","_kad_post_layout":"default","_kad_post_sidebar_id":"","_kad_post_content_style":"default","_kad_post_vertical_padding":"default","_kad_post_feature":"","_kad_post_feature_position":"","_kad_post_header":false,"_kad_post_footer":false,"_kad_post_classname":"","_glsr_average":0,"_glsr_ranking":0,"_glsr_reviews":0},"product_brand":[],"product_cat":[452],"product_tag":[],"class_list":{"0":"post-33022","1":"product","2":"type-product","3":"status-publish","4":"has-post-thumbnail","6":"product_cat-marsa-alam","7":"tm-has-options","9":"first","10":"instock","11":"sold-individually","12":"taxable","13":"shipping-taxable","14":"purchasable","15":"product-type-simple","16":"entry","17":"content-bg","18":"loop-entry"},"yoast_head":"<!-- This site is optimized with the Yoast SEO plugin v27.4 - https:\/\/yoast.com\/product\/yoast-seo-wordpress\/ -->\n<title>\u041b\u0443\u043a\u0441\u043e\u0440 \u0438 \u0414\u043e\u043b\u0438\u043d\u0430 \u0426\u0430\u0440\u0435\u0439 &#8226; \u042d\u043a\u0441\u043a\u0443\u0440\u0441\u0438\u0438 Skyline<\/title>\n<meta name=\"robots\" content=\"index, follow, max-snippet:-1, max-image-preview:large, max-video-preview:-1\" \/>\n<link rel=\"canonical\" href=\"https:\/\/skyline-gs.com\/fr\/produit\/luxor-valley-of-kings-marsaalam\/\" \/>\n<meta property=\"og:locale\" content=\"fr_FR\" \/>\n<meta property=\"og:type\" content=\"article\" \/>\n<meta property=\"og:title\" content=\"\u041b\u0443\u043a\u0441\u043e\u0440 \u0438 \u0414\u043e\u043b\u0438\u043d\u0430 \u0426\u0430\u0440\u0435\u0439 &#8226; \u042d\u043a\u0441\u043a\u0443\u0440\u0441\u0438\u0438 Skyline\" \/>\n<meta property=\"og:description\" content=\"\u0412\u0440\u0435\u043c\u044f \u0442\u0443\u0440\u0430: 4:30 - 22:00  \u0414\u043d\u0438 \u043f\u0440\u043e\u0432\u0435\u0434\u0435\u043d\u0438\u044f: \u043f\u043e\u043d\u0435\u0434\u0435\u043b\u044c\u043d\u0438\u043a, \u0441\u0440\u0435\u0434\u0430, \u0447\u0435\u0442\u0432\u0435\u0440\u0433, \u043f\u044f\u0442\u043d\u0438\u0446\u0430\" \/>\n<meta property=\"og:url\" content=\"https:\/\/skyline-gs.com\/fr\/produit\/luxor-valley-of-kings-marsaalam\/\" \/>\n<meta property=\"og:site_name\" content=\"\u042d\u043a\u0441\u043a\u0443\u0440\u0441\u0438\u0438 Skyline\" \/>\n<meta property=\"article:modified_time\" content=\"2025-10-29T17:57:44+00:00\" \/>\n<meta property=\"og:image\" content=\"https:\/\/skyline-gs.com\/wp-content\/uploads\/2021\/11\/1d-1.jpg\" \/>\n\t<meta property=\"og:image:width\" content=\"669\" \/>\n\t<meta property=\"og:image:height\" content=\"446\" \/>\n\t<meta property=\"og:image:type\" content=\"image\/jpeg\" \/>\n<meta name=\"twitter:card\" content=\"summary_large_image\" \/>\n<meta name=\"twitter:label1\" content=\"Dur\u00e9e de lecture estim\u00e9e\" \/>\n\t<meta name=\"twitter:data1\" content=\"3 minutes\" \/>\n<script type=\"application\/ld+json\" class=\"yoast-schema-graph\">{\"@context\":\"https:\\\/\\\/schema.org\",\"@graph\":[{\"@type\":\"WebPage\",\"@id\":\"https:\\\/\\\/skyline-gs.com\\\/fr\\\/produit\\\/luxor-valley-of-kings-marsaalam\\\/\",\"url\":\"https:\\\/\\\/skyline-gs.com\\\/fr\\\/produit\\\/luxor-valley-of-kings-marsaalam\\\/\",\"name\":\"\u041b\u0443\u043a\u0441\u043e\u0440 \u0438 \u0414\u043e\u043b\u0438\u043d\u0430 \u0426\u0430\u0440\u0435\u0439 &#8226; \u042d\u043a\u0441\u043a\u0443\u0440\u0441\u0438\u0438 Skyline\",\"isPartOf\":{\"@id\":\"https:\\\/\\\/skyline-gs.com\\\/it\\\/#website\"},\"primaryImageOfPage\":{\"@id\":\"https:\\\/\\\/skyline-gs.com\\\/fr\\\/produit\\\/luxor-valley-of-kings-marsaalam\\\/#primaryimage\"},\"image\":{\"@id\":\"https:\\\/\\\/skyline-gs.com\\\/fr\\\/produit\\\/luxor-valley-of-kings-marsaalam\\\/#primaryimage\"},\"thumbnailUrl\":\"https:\\\/\\\/skyline-gs.com\\\/wp-content\\\/uploads\\\/2021\\\/11\\\/1d-1.jpg\",\"datePublished\":\"2021-11-25T15:04:11+00:00\",\"dateModified\":\"2025-10-29T17:57:44+00:00\",\"breadcrumb\":{\"@id\":\"https:\\\/\\\/skyline-gs.com\\\/fr\\\/produit\\\/luxor-valley-of-kings-marsaalam\\\/#breadcrumb\"},\"inLanguage\":\"fr-FR\",\"potentialAction\":[{\"@type\":\"ReadAction\",\"target\":[\"https:\\\/\\\/skyline-gs.com\\\/fr\\\/produit\\\/luxor-valley-of-kings-marsaalam\\\/\"]}]},{\"@type\":\"ImageObject\",\"inLanguage\":\"fr-FR\",\"@id\":\"https:\\\/\\\/skyline-gs.com\\\/fr\\\/produit\\\/luxor-valley-of-kings-marsaalam\\\/#primaryimage\",\"url\":\"https:\\\/\\\/skyline-gs.com\\\/wp-content\\\/uploads\\\/2021\\\/11\\\/1d-1.jpg\",\"contentUrl\":\"https:\\\/\\\/skyline-gs.com\\\/wp-content\\\/uploads\\\/2021\\\/11\\\/1d-1.jpg\",\"width\":669,\"height\":446},{\"@type\":\"BreadcrumbList\",\"@id\":\"https:\\\/\\\/skyline-gs.com\\\/fr\\\/produit\\\/luxor-valley-of-kings-marsaalam\\\/#breadcrumb\",\"itemListElement\":[{\"@type\":\"ListItem\",\"position\":1,\"name\":\"\u0413\u043b\u0430\u0432\u043d\u0430\u044f \u0441\u0442\u0440\u0430\u043d\u0438\u0446\u0430\",\"item\":\"https:\\\/\\\/skyline-gs.com\\\/hu\\\/\"},{\"@type\":\"ListItem\",\"position\":2,\"name\":\"\u041c\u0430\u0433\u0430\u0437\u0438\u043d\",\"item\":\"https:\\\/\\\/skyline-gs.com\\\/cs\\\/shop\\\/\"},{\"@type\":\"ListItem\",\"position\":3,\"name\":\"\u041b\u0443\u043a\u0441\u043e\u0440 \u0438 \u0414\u043e\u043b\u0438\u043d\u0430 \u0426\u0430\u0440\u0435\u0439\"}]},{\"@type\":\"WebSite\",\"@id\":\"https:\\\/\\\/skyline-gs.com\\\/it\\\/#website\",\"url\":\"https:\\\/\\\/skyline-gs.com\\\/it\\\/\",\"name\":\"\u042d\u043a\u0441\u043a\u0443\u0440\u0441\u0438\u0438 Skyline\",\"description\":\"\u042d\u043a\u0441\u043a\u043b\u044e\u0437\u0438\u0432\u043d\u044b\u0435 \u044d\u043a\u0441\u043a\u0443\u0440\u0441\u0438\u0438 \u043d\u0430 \u043b\u0443\u0447\u0448\u0438\u0445 \u043a\u0443\u0440\u043e\u0440\u0442\u0430\u0445 \u043c\u0438\u0440\u0430\",\"publisher\":{\"@id\":\"https:\\\/\\\/skyline-gs.com\\\/it\\\/#organization\"},\"alternateName\":\"Skyline\",\"potentialAction\":[{\"@type\":\"SearchAction\",\"target\":{\"@type\":\"EntryPoint\",\"urlTemplate\":\"https:\\\/\\\/skyline-gs.com\\\/it\\\/?s={search_term_string}\"},\"query-input\":{\"@type\":\"PropertyValueSpecification\",\"valueRequired\":true,\"valueName\":\"search_term_string\"}}],\"inLanguage\":\"fr-FR\"},{\"@type\":\"Organization\",\"@id\":\"https:\\\/\\\/skyline-gs.com\\\/it\\\/#organization\",\"name\":\"\u042d\u043a\u0441\u043a\u0443\u0440\u0441\u0438\u0438 Skyline\",\"alternateName\":\"\u042d\u043a\u0441\u043a\u0443\u0440\u0441\u0438\u0438 Skyline\",\"url\":\"https:\\\/\\\/skyline-gs.com\\\/it\\\/\",\"logo\":{\"@type\":\"ImageObject\",\"inLanguage\":\"fr-FR\",\"@id\":\"https:\\\/\\\/skyline-gs.com\\\/it\\\/#\\\/schema\\\/logo\\\/image\\\/\",\"url\":\"https:\\\/\\\/skyline-gs.com\\\/wp-content\\\/uploads\\\/2020\\\/12\\\/cropped-logo-2.png\",\"contentUrl\":\"https:\\\/\\\/skyline-gs.com\\\/wp-content\\\/uploads\\\/2020\\\/12\\\/cropped-logo-2.png\",\"width\":512,\"height\":512,\"caption\":\"\u042d\u043a\u0441\u043a\u0443\u0440\u0441\u0438\u0438 Skyline\"},\"image\":{\"@id\":\"https:\\\/\\\/skyline-gs.com\\\/it\\\/#\\\/schema\\\/logo\\\/image\\\/\"},\"sameAs\":[\"https:\\\/\\\/www.instagram.com\\\/skylineglobalservice\\\/\"]}]}<\/script>\n<!-- \/ Yoast SEO plugin. -->","yoast_head_json":{"title":"\u041b\u0443\u043a\u0441\u043e\u0440 \u0438 \u0414\u043e\u043b\u0438\u043d\u0430 \u0426\u0430\u0440\u0435\u0439 &#8226; \u042d\u043a\u0441\u043a\u0443\u0440\u0441\u0438\u0438 Skyline","robots":{"index":"index","follow":"follow","max-snippet":"max-snippet:-1","max-image-preview":"max-image-preview:large","max-video-preview":"max-video-preview:-1"},"canonical":"https:\/\/skyline-gs.com\/fr\/produit\/luxor-valley-of-kings-marsaalam\/","og_locale":"fr_FR","og_type":"article","og_title":"\u041b\u0443\u043a\u0441\u043e\u0440 \u0438 \u0414\u043e\u043b\u0438\u043d\u0430 \u0426\u0430\u0440\u0435\u0439 &#8226; \u042d\u043a\u0441\u043a\u0443\u0440\u0441\u0438\u0438 Skyline","og_description":"\u0412\u0440\u0435\u043c\u044f \u0442\u0443\u0440\u0430: 4:30 - 22:00  \u0414\u043d\u0438 \u043f\u0440\u043e\u0432\u0435\u0434\u0435\u043d\u0438\u044f: \u043f\u043e\u043d\u0435\u0434\u0435\u043b\u044c\u043d\u0438\u043a, \u0441\u0440\u0435\u0434\u0430, \u0447\u0435\u0442\u0432\u0435\u0440\u0433, \u043f\u044f\u0442\u043d\u0438\u0446\u0430","og_url":"https:\/\/skyline-gs.com\/fr\/produit\/luxor-valley-of-kings-marsaalam\/","og_site_name":"\u042d\u043a\u0441\u043a\u0443\u0440\u0441\u0438\u0438 Skyline","article_modified_time":"2025-10-29T17:57:44+00:00","og_image":[{"width":669,"height":446,"url":"https:\/\/skyline-gs.com\/wp-content\/uploads\/2021\/11\/1d-1.jpg","type":"image\/jpeg"}],"twitter_card":"summary_large_image","twitter_misc":{"Dur\u00e9e de lecture estim\u00e9e":"3 minutes"},"schema":{"@context":"https:\/\/schema.org","@graph":[{"@type":"WebPage","@id":"https:\/\/skyline-gs.com\/fr\/produit\/luxor-valley-of-kings-marsaalam\/","url":"https:\/\/skyline-gs.com\/fr\/produit\/luxor-valley-of-kings-marsaalam\/","name":"\u041b\u0443\u043a\u0441\u043e\u0440 \u0438 \u0414\u043e\u043b\u0438\u043d\u0430 \u0426\u0430\u0440\u0435\u0439 &#8226; \u042d\u043a\u0441\u043a\u0443\u0440\u0441\u0438\u0438 Skyline","isPartOf":{"@id":"https:\/\/skyline-gs.com\/it\/#website"},"primaryImageOfPage":{"@id":"https:\/\/skyline-gs.com\/fr\/produit\/luxor-valley-of-kings-marsaalam\/#primaryimage"},"image":{"@id":"https:\/\/skyline-gs.com\/fr\/produit\/luxor-valley-of-kings-marsaalam\/#primaryimage"},"thumbnailUrl":"https:\/\/skyline-gs.com\/wp-content\/uploads\/2021\/11\/1d-1.jpg","datePublished":"2021-11-25T15:04:11+00:00","dateModified":"2025-10-29T17:57:44+00:00","breadcrumb":{"@id":"https:\/\/skyline-gs.com\/fr\/produit\/luxor-valley-of-kings-marsaalam\/#breadcrumb"},"inLanguage":"fr-FR","potentialAction":[{"@type":"ReadAction","target":["https:\/\/skyline-gs.com\/fr\/produit\/luxor-valley-of-kings-marsaalam\/"]}]},{"@type":"ImageObject","inLanguage":"fr-FR","@id":"https:\/\/skyline-gs.com\/fr\/produit\/luxor-valley-of-kings-marsaalam\/#primaryimage","url":"https:\/\/skyline-gs.com\/wp-content\/uploads\/2021\/11\/1d-1.jpg","contentUrl":"https:\/\/skyline-gs.com\/wp-content\/uploads\/2021\/11\/1d-1.jpg","width":669,"height":446},{"@type":"BreadcrumbList","@id":"https:\/\/skyline-gs.com\/fr\/produit\/luxor-valley-of-kings-marsaalam\/#breadcrumb","itemListElement":[{"@type":"ListItem","position":1,"name":"\u0413\u043b\u0430\u0432\u043d\u0430\u044f \u0441\u0442\u0440\u0430\u043d\u0438\u0446\u0430","item":"https:\/\/skyline-gs.com\/hu\/"},{"@type":"ListItem","position":2,"name":"\u041c\u0430\u0433\u0430\u0437\u0438\u043d","item":"https:\/\/skyline-gs.com\/cs\/shop\/"},{"@type":"ListItem","position":3,"name":"\u041b\u0443\u043a\u0441\u043e\u0440 \u0438 \u0414\u043e\u043b\u0438\u043d\u0430 \u0426\u0430\u0440\u0435\u0439"}]},{"@type":"WebSite","@id":"https:\/\/skyline-gs.com\/it\/#website","url":"https:\/\/skyline-gs.com\/it\/","name":"Excursions Skyline","description":"Excursions exclusives dans les meilleurs centres de vill\u00e9giature du monde","publisher":{"@id":"https:\/\/skyline-gs.com\/it\/#organization"},"alternateName":"Skyline","potentialAction":[{"@type":"SearchAction","target":{"@type":"EntryPoint","urlTemplate":"https:\/\/skyline-gs.com\/it\/?s={search_term_string}"},"query-input":{"@type":"PropertyValueSpecification","valueRequired":true,"valueName":"search_term_string"}}],"inLanguage":"fr-FR"},{"@type":"Organization","@id":"https:\/\/skyline-gs.com\/it\/#organization","name":"Excursions Skyline","alternateName":"\u042d\u043a\u0441\u043a\u0443\u0440\u0441\u0438\u0438 Skyline","url":"https:\/\/skyline-gs.com\/it\/","logo":{"@type":"ImageObject","inLanguage":"fr-FR","@id":"https:\/\/skyline-gs.com\/it\/#\/schema\/logo\/image\/","url":"https:\/\/skyline-gs.com\/wp-content\/uploads\/2020\/12\/cropped-logo-2.png","contentUrl":"https:\/\/skyline-gs.com\/wp-content\/uploads\/2020\/12\/cropped-logo-2.png","width":512,"height":512,"caption":"\u042d\u043a\u0441\u043a\u0443\u0440\u0441\u0438\u0438 Skyline"},"image":{"@id":"https:\/\/skyline-gs.com\/it\/#\/schema\/logo\/image\/"},"sameAs":["https:\/\/www.instagram.com\/skylineglobalservice\/"]}]}},"_links":{"self":[{"href":"https:\/\/skyline-gs.com\/fr\/wp-json\/wp\/v2\/product\/33022","targetHints":{"allow":["GET"]}}],"collection":[{"href":"https:\/\/skyline-gs.com\/fr\/wp-json\/wp\/v2\/product"}],"about":[{"href":"https:\/\/skyline-gs.com\/fr\/wp-json\/wp\/v2\/types\/product"}],"version-history":[{"count":0,"href":"https:\/\/skyline-gs.com\/fr\/wp-json\/wp\/v2\/product\/33022\/revisions"}],"wp:featuredmedia":[{"embeddable":true,"href":"https:\/\/skyline-gs.com\/fr\/wp-json\/wp\/v2\/media\/32992"}],"wp:attachment":[{"href":"https:\/\/skyline-gs.com\/fr\/wp-json\/wp\/v2\/media?parent=33022"}],"wp:term":[{"taxonomy":"product_brand","embeddable":true,"href":"https:\/\/skyline-gs.com\/fr\/wp-json\/wp\/v2\/product_brand?post=33022"},{"taxonomy":"product_cat","embeddable":true,"href":"https:\/\/skyline-gs.com\/fr\/wp-json\/wp\/v2\/product_cat?post=33022"},{"taxonomy":"product_tag","embeddable":true,"href":"https:\/\/skyline-gs.com\/fr\/wp-json\/wp\/v2\/product_tag?post=33022"}],"curies":[{"name":"wp","href":"https:\/\/api.w.org\/{rel}","templated":true}]}}