{"id":32852,"date":"2021-11-03T20:27:45","date_gmt":"2021-11-03T18:27:45","guid":{"rendered":"http:\/\/skyline-gs.com\/?post_type=product&#038;p=32852"},"modified":"2025-10-29T19:58:13","modified_gmt":"2025-10-29T17:58:13","slug":"day-cruise-on-a-yacht-nefertari-vip-marsaalam","status":"publish","type":"product","link":"https:\/\/skyline-gs.com\/fr\/product\/day-cruise-on-a-yacht-nefertari-vip-marsaalam\/","title":{"rendered":"Croisi\u00e8re d'une journ\u00e9e sur le yacht Nefertari VIP"},"content":{"rendered":"<p><strong>Plongez dans un conte de f\u00e9es magique<\/strong> L'\u00c9gypte ancienne sur le plus beau yacht, le Nefertari ! Le yacht est nomm\u00e9 en l'honneur de la c\u00e9l\u00e8bre reine \u00e9gyptienne Nefertari Merenmut et a \u00e9t\u00e9 construit dans le style de l'\u00e9poque pharaonique. Il se compose de trois niveaux. Le pont sup\u00e9rieur est le solarium, qui rappelle un ancien temple \u00e9gyptien, et les serveurs sont habill\u00e9s en pharaons. Le pont interm\u00e9diaire est le salon, spectaculairement d\u00e9cor\u00e9 de copies du tr\u00e9sor de Tout\u00e2nkhamon, de peintures murales et de hi\u00e9roglyphes provenant de tombes et de temples \u00e9gyptiens. Le pont inf\u00e9rieur est un pont d'observation qui permet aux clients de voir le royaume sous-marin de la mer Rouge \u00e0 travers des fen\u00eatres panoramiques.<\/p>\n<p>7:00 d\u00e9part de l'h\u00f4tel. Route vers l'embarcad\u00e8re de Port Ghalib. D\u00e9part \u00e0 09h00. Rendez-vous avec le guide sur le pont sup\u00e9rieur pour des informations d\u00e9taill\u00e9es sur le programme de l'excursion et les pr\u00e9cautions \u00e0 prendre. Le temps de trajet pour le premier arr\u00eat est d'environ 15 minutes. <strong>Un aper\u00e7u de la beaut\u00e9 sous-marine<\/strong> sur le pont inf\u00e9rieur du yacht pendant environ une heure. Gratuit <strong>temps de la photo<\/strong> sur le pont interm\u00e9diaire (les costumes de pharaon sont gratuits). <strong>Deux arr\u00eats de plong\u00e9e en apn\u00e9e<\/strong> pendant environ une heure chacun. <strong>D\u00e9jeuner<\/strong> sur le menu de votre choix : 1. Menu fruits de mer (poisson, calamars, riz, soupe de fruits de mer, 3 types de salades) ou 2. Menu standard (poulet, spaghetti, pommes de terre, 3 types de salades). Retour \u00e0 l'embarcad\u00e8re \u00e0 13h30. Environ une heure <strong>temps libre \u00e0 Port Ghaliba<\/strong> (beau port avec des canaux - comme une mini Venise) pour faire du shopping ou visiter des caf\u00e9s. Vers 15h30, retour \u00e0 l'h\u00f4tel.<\/p>\n<p><strong>Attention !<\/strong> Il est interdit d'apporter des boissons alcoolis\u00e9es \u00e0 bord.<\/p>\n<p><strong>Inclus :<\/strong><\/p>\n<ul>\n<li>Transferts depuis et vers l'h\u00f4tel<\/li>\n<li>Guide parlant russe<\/li>\n<li>D\u00e9jeuner (2 menus au choix)<\/li>\n<li>Boissons non alcoolis\u00e9es, eau<\/li>\n<li>Masques de plong\u00e9e<\/li>\n<li>Louer des costumes de pharaon pour les photos<\/li>\n<\/ul>\n<p><strong>Emportez-le avec vous :<\/strong><\/p>\n<ul>\n<li>Lunettes de soleil<\/li>\n<li>Maillot de bain, slip de bain<\/li>\n<li>Cr\u00e8me solaire<\/li>\n<li>Serviette<\/li>\n<\/ul>","protected":false},"excerpt":{"rendered":"<p><strong>Temps du Tour:<\/strong> 7:00 &#8212; 15:30<\/p>\n<p><strong>Jours de D\u00e9roulement:<\/strong> Chaque jour<\/p>","protected":false},"featured_media":32853,"template":"","meta":{"_kad_post_transparent":"default","_kad_post_title":"","_kad_post_layout":"default","_kad_post_sidebar_id":"","_kad_post_content_style":"default","_kad_post_vertical_padding":"default","_kad_post_feature":"","_kad_post_feature_position":"","_kad_post_header":false,"_kad_post_footer":false,"_kad_post_classname":"","_glsr_average":0,"_glsr_ranking":0,"_glsr_reviews":0},"product_brand":[],"product_cat":[452],"product_tag":[],"class_list":{"0":"post-32852","1":"product","2":"type-product","3":"status-publish","4":"has-post-thumbnail","6":"product_cat-marsa-alam","7":"tm-has-options","9":"first","10":"instock","11":"sold-individually","12":"taxable","13":"shipping-taxable","14":"purchasable","15":"product-type-simple","16":"entry","17":"content-bg","18":"loop-entry"},"yoast_head":"<!-- This site is optimized with the Yoast SEO plugin v27.3 - https:\/\/yoast.com\/product\/yoast-seo-wordpress\/ -->\n<title>\u0414\u043d\u0435\u0432\u043d\u043e\u0439 \u043a\u0440\u0443\u0438\u0437 \u043d\u0430 \u044f\u0445\u0442\u0435 \u041d\u0435\u0444\u0435\u0440\u0442\u0430\u0440\u0438 VIP &#8226; \u042d\u043a\u0441\u043a\u0443\u0440\u0441\u0438\u0438 Skyline<\/title>\n<meta name=\"robots\" content=\"index, follow, max-snippet:-1, max-image-preview:large, max-video-preview:-1\" \/>\n<link rel=\"canonical\" href=\"http:\/\/skyline-gs.com\/fr\/produit\/day-cruise-on-a-yacht-nefertari-vip-marsaalam\/\" \/>\n<meta property=\"og:locale\" content=\"fr_FR\" \/>\n<meta property=\"og:type\" content=\"article\" \/>\n<meta property=\"og:title\" content=\"\u0414\u043d\u0435\u0432\u043d\u043e\u0439 \u043a\u0440\u0443\u0438\u0437 \u043d\u0430 \u044f\u0445\u0442\u0435 \u041d\u0435\u0444\u0435\u0440\u0442\u0430\u0440\u0438 VIP &#8226; \u042d\u043a\u0441\u043a\u0443\u0440\u0441\u0438\u0438 Skyline\" \/>\n<meta property=\"og:description\" content=\"\u0412\u0440\u0435\u043c\u044f \u0442\u0443\u0440\u0430: 7:00 - 15:30  \u0414\u043d\u0438 \u043f\u0440\u043e\u0432\u0435\u0434\u0435\u043d\u0438\u044f: \u0435\u0436\u0435\u0434\u043d\u0435\u0432\u043d\u043e\" \/>\n<meta property=\"og:url\" content=\"http:\/\/skyline-gs.com\/fr\/produit\/day-cruise-on-a-yacht-nefertari-vip-marsaalam\/\" \/>\n<meta property=\"og:site_name\" content=\"\u042d\u043a\u0441\u043a\u0443\u0440\u0441\u0438\u0438 Skyline\" \/>\n<meta property=\"article:modified_time\" content=\"2025-10-29T17:58:13+00:00\" \/>\n<meta property=\"og:image\" content=\"https:\/\/skyline-gs.com\/wp-content\/uploads\/2021\/11\/1.png\" \/>\n\t<meta property=\"og:image:width\" content=\"669\" \/>\n\t<meta property=\"og:image:height\" content=\"446\" \/>\n\t<meta property=\"og:image:type\" content=\"image\/png\" \/>\n<meta name=\"twitter:card\" content=\"summary_large_image\" \/>\n<meta name=\"twitter:label1\" content=\"Dur\u00e9e de lecture estim\u00e9e\" \/>\n\t<meta name=\"twitter:data1\" content=\"2 minutes\" \/>\n<script type=\"application\/ld+json\" class=\"yoast-schema-graph\">{\"@context\":\"https:\\\/\\\/schema.org\",\"@graph\":[{\"@type\":\"WebPage\",\"@id\":\"http:\\\/\\\/skyline-gs.com\\\/cs\\\/produkt\\\/day-cruise-on-a-yacht-nefertari-vip-marsaalam\\\/\",\"url\":\"http:\\\/\\\/skyline-gs.com\\\/cs\\\/produkt\\\/day-cruise-on-a-yacht-nefertari-vip-marsaalam\\\/\",\"name\":\"\u0414\u043d\u0435\u0432\u043d\u043e\u0439 \u043a\u0440\u0443\u0438\u0437 \u043d\u0430 \u044f\u0445\u0442\u0435 \u041d\u0435\u0444\u0435\u0440\u0442\u0430\u0440\u0438 VIP &#8226; \u042d\u043a\u0441\u043a\u0443\u0440\u0441\u0438\u0438 Skyline\",\"isPartOf\":{\"@id\":\"https:\\\/\\\/skyline-gs.com\\\/it\\\/#website\"},\"primaryImageOfPage\":{\"@id\":\"http:\\\/\\\/skyline-gs.com\\\/cs\\\/produkt\\\/day-cruise-on-a-yacht-nefertari-vip-marsaalam\\\/#primaryimage\"},\"image\":{\"@id\":\"http:\\\/\\\/skyline-gs.com\\\/cs\\\/produkt\\\/day-cruise-on-a-yacht-nefertari-vip-marsaalam\\\/#primaryimage\"},\"thumbnailUrl\":\"https:\\\/\\\/skyline-gs.com\\\/wp-content\\\/uploads\\\/2021\\\/11\\\/1.png\",\"datePublished\":\"2021-11-03T18:27:45+00:00\",\"dateModified\":\"2025-10-29T17:58:13+00:00\",\"breadcrumb\":{\"@id\":\"http:\\\/\\\/skyline-gs.com\\\/cs\\\/produkt\\\/day-cruise-on-a-yacht-nefertari-vip-marsaalam\\\/#breadcrumb\"},\"inLanguage\":\"fr-FR\",\"potentialAction\":[{\"@type\":\"ReadAction\",\"target\":[\"http:\\\/\\\/skyline-gs.com\\\/cs\\\/produkt\\\/day-cruise-on-a-yacht-nefertari-vip-marsaalam\\\/\"]}]},{\"@type\":\"ImageObject\",\"inLanguage\":\"fr-FR\",\"@id\":\"http:\\\/\\\/skyline-gs.com\\\/cs\\\/produkt\\\/day-cruise-on-a-yacht-nefertari-vip-marsaalam\\\/#primaryimage\",\"url\":\"https:\\\/\\\/skyline-gs.com\\\/wp-content\\\/uploads\\\/2021\\\/11\\\/1.png\",\"contentUrl\":\"https:\\\/\\\/skyline-gs.com\\\/wp-content\\\/uploads\\\/2021\\\/11\\\/1.png\",\"width\":669,\"height\":446},{\"@type\":\"BreadcrumbList\",\"@id\":\"http:\\\/\\\/skyline-gs.com\\\/cs\\\/produkt\\\/day-cruise-on-a-yacht-nefertari-vip-marsaalam\\\/#breadcrumb\",\"itemListElement\":[{\"@type\":\"ListItem\",\"position\":1,\"name\":\"\u0413\u043b\u0430\u0432\u043d\u0430\u044f \u0441\u0442\u0440\u0430\u043d\u0438\u0446\u0430\",\"item\":\"https:\\\/\\\/skyline-gs.com\\\/hu\\\/\"},{\"@type\":\"ListItem\",\"position\":2,\"name\":\"\u041c\u0430\u0433\u0430\u0437\u0438\u043d\",\"item\":\"https:\\\/\\\/skyline-gs.com\\\/cs\\\/shop\\\/\"},{\"@type\":\"ListItem\",\"position\":3,\"name\":\"\u0414\u043d\u0435\u0432\u043d\u043e\u0439 \u043a\u0440\u0443\u0438\u0437 \u043d\u0430 \u044f\u0445\u0442\u0435 \u041d\u0435\u0444\u0435\u0440\u0442\u0430\u0440\u0438 VIP\"}]},{\"@type\":\"WebSite\",\"@id\":\"https:\\\/\\\/skyline-gs.com\\\/it\\\/#website\",\"url\":\"https:\\\/\\\/skyline-gs.com\\\/it\\\/\",\"name\":\"\u042d\u043a\u0441\u043a\u0443\u0440\u0441\u0438\u0438 Skyline\",\"description\":\"\u042d\u043a\u0441\u043a\u043b\u044e\u0437\u0438\u0432\u043d\u044b\u0435 \u044d\u043a\u0441\u043a\u0443\u0440\u0441\u0438\u0438 \u043d\u0430 \u043b\u0443\u0447\u0448\u0438\u0445 \u043a\u0443\u0440\u043e\u0440\u0442\u0430\u0445 \u043c\u0438\u0440\u0430\",\"publisher\":{\"@id\":\"https:\\\/\\\/skyline-gs.com\\\/it\\\/#organization\"},\"alternateName\":\"Skyline\",\"potentialAction\":[{\"@type\":\"SearchAction\",\"target\":{\"@type\":\"EntryPoint\",\"urlTemplate\":\"https:\\\/\\\/skyline-gs.com\\\/it\\\/?s={search_term_string}\"},\"query-input\":{\"@type\":\"PropertyValueSpecification\",\"valueRequired\":true,\"valueName\":\"search_term_string\"}}],\"inLanguage\":\"fr-FR\"},{\"@type\":\"Organization\",\"@id\":\"https:\\\/\\\/skyline-gs.com\\\/it\\\/#organization\",\"name\":\"\u042d\u043a\u0441\u043a\u0443\u0440\u0441\u0438\u0438 Skyline\",\"alternateName\":\"\u042d\u043a\u0441\u043a\u0443\u0440\u0441\u0438\u0438 Skyline\",\"url\":\"https:\\\/\\\/skyline-gs.com\\\/it\\\/\",\"logo\":{\"@type\":\"ImageObject\",\"inLanguage\":\"fr-FR\",\"@id\":\"https:\\\/\\\/skyline-gs.com\\\/it\\\/#\\\/schema\\\/logo\\\/image\\\/\",\"url\":\"https:\\\/\\\/skyline-gs.com\\\/wp-content\\\/uploads\\\/2020\\\/12\\\/cropped-logo-2.png\",\"contentUrl\":\"https:\\\/\\\/skyline-gs.com\\\/wp-content\\\/uploads\\\/2020\\\/12\\\/cropped-logo-2.png\",\"width\":512,\"height\":512,\"caption\":\"\u042d\u043a\u0441\u043a\u0443\u0440\u0441\u0438\u0438 Skyline\"},\"image\":{\"@id\":\"https:\\\/\\\/skyline-gs.com\\\/it\\\/#\\\/schema\\\/logo\\\/image\\\/\"},\"sameAs\":[\"https:\\\/\\\/www.instagram.com\\\/skylineglobalservice\\\/\"]}]}<\/script>\n<!-- \/ Yoast SEO plugin. -->","yoast_head_json":{"title":"\u0414\u043d\u0435\u0432\u043d\u043e\u0439 \u043a\u0440\u0443\u0438\u0437 \u043d\u0430 \u044f\u0445\u0442\u0435 \u041d\u0435\u0444\u0435\u0440\u0442\u0430\u0440\u0438 VIP &#8226; \u042d\u043a\u0441\u043a\u0443\u0440\u0441\u0438\u0438 Skyline","robots":{"index":"index","follow":"follow","max-snippet":"max-snippet:-1","max-image-preview":"max-image-preview:large","max-video-preview":"max-video-preview:-1"},"canonical":"http:\/\/skyline-gs.com\/fr\/produit\/day-cruise-on-a-yacht-nefertari-vip-marsaalam\/","og_locale":"fr_FR","og_type":"article","og_title":"\u0414\u043d\u0435\u0432\u043d\u043e\u0439 \u043a\u0440\u0443\u0438\u0437 \u043d\u0430 \u044f\u0445\u0442\u0435 \u041d\u0435\u0444\u0435\u0440\u0442\u0430\u0440\u0438 VIP &#8226; \u042d\u043a\u0441\u043a\u0443\u0440\u0441\u0438\u0438 Skyline","og_description":"\u0412\u0440\u0435\u043c\u044f \u0442\u0443\u0440\u0430: 7:00 - 15:30  \u0414\u043d\u0438 \u043f\u0440\u043e\u0432\u0435\u0434\u0435\u043d\u0438\u044f: \u0435\u0436\u0435\u0434\u043d\u0435\u0432\u043d\u043e","og_url":"http:\/\/skyline-gs.com\/fr\/produit\/day-cruise-on-a-yacht-nefertari-vip-marsaalam\/","og_site_name":"\u042d\u043a\u0441\u043a\u0443\u0440\u0441\u0438\u0438 Skyline","article_modified_time":"2025-10-29T17:58:13+00:00","og_image":[{"width":669,"height":446,"url":"https:\/\/skyline-gs.com\/wp-content\/uploads\/2021\/11\/1.png","type":"image\/png"}],"twitter_card":"summary_large_image","twitter_misc":{"Dur\u00e9e de lecture estim\u00e9e":"2 minutes"},"schema":{"@context":"https:\/\/schema.org","@graph":[{"@type":"WebPage","@id":"http:\/\/skyline-gs.com\/cs\/produkt\/day-cruise-on-a-yacht-nefertari-vip-marsaalam\/","url":"http:\/\/skyline-gs.com\/cs\/produkt\/day-cruise-on-a-yacht-nefertari-vip-marsaalam\/","name":"\u0414\u043d\u0435\u0432\u043d\u043e\u0439 \u043a\u0440\u0443\u0438\u0437 \u043d\u0430 \u044f\u0445\u0442\u0435 \u041d\u0435\u0444\u0435\u0440\u0442\u0430\u0440\u0438 VIP &#8226; \u042d\u043a\u0441\u043a\u0443\u0440\u0441\u0438\u0438 Skyline","isPartOf":{"@id":"https:\/\/skyline-gs.com\/it\/#website"},"primaryImageOfPage":{"@id":"http:\/\/skyline-gs.com\/cs\/produkt\/day-cruise-on-a-yacht-nefertari-vip-marsaalam\/#primaryimage"},"image":{"@id":"http:\/\/skyline-gs.com\/cs\/produkt\/day-cruise-on-a-yacht-nefertari-vip-marsaalam\/#primaryimage"},"thumbnailUrl":"https:\/\/skyline-gs.com\/wp-content\/uploads\/2021\/11\/1.png","datePublished":"2021-11-03T18:27:45+00:00","dateModified":"2025-10-29T17:58:13+00:00","breadcrumb":{"@id":"http:\/\/skyline-gs.com\/cs\/produkt\/day-cruise-on-a-yacht-nefertari-vip-marsaalam\/#breadcrumb"},"inLanguage":"fr-FR","potentialAction":[{"@type":"ReadAction","target":["http:\/\/skyline-gs.com\/cs\/produkt\/day-cruise-on-a-yacht-nefertari-vip-marsaalam\/"]}]},{"@type":"ImageObject","inLanguage":"fr-FR","@id":"http:\/\/skyline-gs.com\/cs\/produkt\/day-cruise-on-a-yacht-nefertari-vip-marsaalam\/#primaryimage","url":"https:\/\/skyline-gs.com\/wp-content\/uploads\/2021\/11\/1.png","contentUrl":"https:\/\/skyline-gs.com\/wp-content\/uploads\/2021\/11\/1.png","width":669,"height":446},{"@type":"BreadcrumbList","@id":"http:\/\/skyline-gs.com\/cs\/produkt\/day-cruise-on-a-yacht-nefertari-vip-marsaalam\/#breadcrumb","itemListElement":[{"@type":"ListItem","position":1,"name":"\u0413\u043b\u0430\u0432\u043d\u0430\u044f \u0441\u0442\u0440\u0430\u043d\u0438\u0446\u0430","item":"https:\/\/skyline-gs.com\/hu\/"},{"@type":"ListItem","position":2,"name":"\u041c\u0430\u0433\u0430\u0437\u0438\u043d","item":"https:\/\/skyline-gs.com\/cs\/shop\/"},{"@type":"ListItem","position":3,"name":"\u0414\u043d\u0435\u0432\u043d\u043e\u0439 \u043a\u0440\u0443\u0438\u0437 \u043d\u0430 \u044f\u0445\u0442\u0435 \u041d\u0435\u0444\u0435\u0440\u0442\u0430\u0440\u0438 VIP"}]},{"@type":"WebSite","@id":"https:\/\/skyline-gs.com\/it\/#website","url":"https:\/\/skyline-gs.com\/it\/","name":"Excursions Skyline","description":"Excursions exclusives dans les meilleurs centres de vill\u00e9giature du monde","publisher":{"@id":"https:\/\/skyline-gs.com\/it\/#organization"},"alternateName":"Skyline","potentialAction":[{"@type":"SearchAction","target":{"@type":"EntryPoint","urlTemplate":"https:\/\/skyline-gs.com\/it\/?s={search_term_string}"},"query-input":{"@type":"PropertyValueSpecification","valueRequired":true,"valueName":"search_term_string"}}],"inLanguage":"fr-FR"},{"@type":"Organization","@id":"https:\/\/skyline-gs.com\/it\/#organization","name":"Excursions Skyline","alternateName":"\u042d\u043a\u0441\u043a\u0443\u0440\u0441\u0438\u0438 Skyline","url":"https:\/\/skyline-gs.com\/it\/","logo":{"@type":"ImageObject","inLanguage":"fr-FR","@id":"https:\/\/skyline-gs.com\/it\/#\/schema\/logo\/image\/","url":"https:\/\/skyline-gs.com\/wp-content\/uploads\/2020\/12\/cropped-logo-2.png","contentUrl":"https:\/\/skyline-gs.com\/wp-content\/uploads\/2020\/12\/cropped-logo-2.png","width":512,"height":512,"caption":"\u042d\u043a\u0441\u043a\u0443\u0440\u0441\u0438\u0438 Skyline"},"image":{"@id":"https:\/\/skyline-gs.com\/it\/#\/schema\/logo\/image\/"},"sameAs":["https:\/\/www.instagram.com\/skylineglobalservice\/"]}]}},"_links":{"self":[{"href":"https:\/\/skyline-gs.com\/fr\/wp-json\/wp\/v2\/product\/32852","targetHints":{"allow":["GET"]}}],"collection":[{"href":"https:\/\/skyline-gs.com\/fr\/wp-json\/wp\/v2\/product"}],"about":[{"href":"https:\/\/skyline-gs.com\/fr\/wp-json\/wp\/v2\/types\/product"}],"version-history":[{"count":0,"href":"https:\/\/skyline-gs.com\/fr\/wp-json\/wp\/v2\/product\/32852\/revisions"}],"wp:featuredmedia":[{"embeddable":true,"href":"https:\/\/skyline-gs.com\/fr\/wp-json\/wp\/v2\/media\/32853"}],"wp:attachment":[{"href":"https:\/\/skyline-gs.com\/fr\/wp-json\/wp\/v2\/media?parent=32852"}],"wp:term":[{"taxonomy":"product_brand","embeddable":true,"href":"https:\/\/skyline-gs.com\/fr\/wp-json\/wp\/v2\/product_brand?post=32852"},{"taxonomy":"product_cat","embeddable":true,"href":"https:\/\/skyline-gs.com\/fr\/wp-json\/wp\/v2\/product_cat?post=32852"},{"taxonomy":"product_tag","embeddable":true,"href":"https:\/\/skyline-gs.com\/fr\/wp-json\/wp\/v2\/product_tag?post=32852"}],"curies":[{"name":"wp","href":"https:\/\/api.w.org\/{rel}","templated":true}]}}