{"id":32693,"date":"2021-10-26T20:52:24","date_gmt":"2021-10-26T18:52:24","guid":{"rendered":"http:\/\/skyline-gs.com\/?post_type=product&#038;p=32693"},"modified":"2024-10-31T13:21:41","modified_gmt":"2024-10-31T11:21:41","slug":"nile-cruise-4-days-marsaalam","status":"publish","type":"product","link":"https:\/\/skyline-gs.com\/fr\/product\/nile-cruise-4-days-marsaalam\/","title":{"rendered":"Croisi\u00e8re sur le Nil 5* 4 jours"},"content":{"rendered":"<div class=\"\">\n<div class=\"tour-schedule\">\n<div>\n<p>Profitez d'une croisi\u00e8re intemporelle sur le Nil, \u00e0 bord d'un navire de luxe 5* avec piscine \u00e0 bord. D\u00e9couvrez les sites de l'\u00c9gypte ancienne. Des \u00e9gyptologues professionnels sont toujours pr\u00e9sents. Profitez de la pension compl\u00e8te, de la piscine et d'une vari\u00e9t\u00e9 de divertissements \u00e0 bord.<\/p>\n<p><strong>Jour 1. Temple de Karnak. Colosses de Memnon. Temple de la reine Hateshpsut. Vall\u00e9e des Reines.<\/strong><\/p>\n<p>4h30 D\u00e9part de l'h\u00f4tel \u00e0 Marsa Alam (environ 5 heures de route). Enregistrement pour la croisi\u00e8re. Le premier jour, le bateau de croisi\u00e8re fait escale \u00e0 Louxor. Vous visiterez les rives droite et gauche du Nil - la \"Cit\u00e9 des vivants\". Vous verrez le temple de Karnak, l'une des plus grandes r\u00e9alisations architecturales de l'\u00c9gypte ancienne. Apr\u00e8s une exp\u00e9rience inoubliable au temple, un d\u00e9licieux d\u00e9jeuner vous attend. Ensuite, le groupe se rendra en bateau sur la rive gauche, \u00e0 la \"Cit\u00e9 des morts\". Vous verrez : les Colosses de Memnon (2 \u00e9normes statues d'Amenhotep III - tout ce qui reste du magnifique temple), la Vall\u00e9e des Reines - tombeau s\u00e9culaire des pharaons, le temple fun\u00e9raire de la c\u00e9l\u00e8bre reine Hatchepsout - la seule femme pharaon. Ensuite, vous serez log\u00e9s sur le bateau, o\u00f9 vous aurez un d\u00eener et une discoth\u00e8que.<\/p>\n<p><strong>Jour 2. Esna. F\u00eate de Galabeya.<\/strong><\/p>\n<p>Le deuxi\u00e8me jour de notre voyage, vous pourrez appr\u00e9cier l'extraordinaire beaut\u00e9 des rives du Nil. Toute la journ\u00e9e, vous pourrez vous d\u00e9tendre sur le paquebot, nager et bronzer au bord de la piscine. Le soir, vous pourrez admirer un coucher de soleil \u00e9gyptien unique. Pr\u00e8s de la ville d'Esna, vous participerez \u00e9galement \u00e0 un int\u00e9ressant processus de navigation - le verrouillage des navires. Le soir, tous les passagers du paquebot participeront \u00e0 une f\u00eate orientale dans le style \u00e9gyptien, la Galabeya Party, un spectacle amusant auquel les touristes prendront part. Vous aurez l'impression de faire partie d'un conte de f\u00e9es \u00e9gyptien color\u00e9 et apprendrez ce qu'est le carnaval en arabe.<\/p>\n<p><strong>Jour 3. Temple d'Edfu. Temple de Kom Ombo.<\/strong><\/p>\n<p>Le troisi\u00e8me jour de la croisi\u00e8re comprend une visite de la ville d'Edfou. De petites voitures vous conduiront au grandiose temple d'Horus. Apr\u00e8s le d\u00e9jeuner sur le bateau, vous vous rendrez \u00e0 l'un des temples les plus \u00e9tonnants d'\u00c9gypte : le temple de Kom-Ombo. Ce temple abrite des sanctuaires pour deux dieux \u00e0 la fois, l'un d\u00e9di\u00e9 \u00e0 Horus (le dieu faucon) et l'autre \u00e0 Sobek (le dieu crocodile). L'attraction principale du temple est la salle hypostyle compos\u00e9e de quinze colonnes reli\u00e9es entre elles par des murs. Les colonnes sont d\u00e9cor\u00e9es de papyrus et de lys au sommet. Apr\u00e8s la visite, le groupe retourne au bateau o\u00f9 un d\u00eener et un spectacle folklorique attendent les invit\u00e9s.<\/p>\n<p><strong>Jour 4 Barrage d'Assouan<\/strong><\/p>\n<p>Le quatri\u00e8me jour du voyage, nous arrivons dans l'une des villes les plus pittoresques d'\u00c9gypte - Assouan. Vous y verrez l'ob\u00e9lisque inachev\u00e9 et le barrage d'Assouan, depuis le pont d'observation duquel vous aurez une vue unique sur le lac Nasser. Il s'agit de l'une des constructions les plus ambitieuses du XXe si\u00e8cle. Ob\u00e9lisque inachev\u00e9 +10$ suppl\u00e9mentaire. Le programme de la croisi\u00e8re s'ach\u00e8ve ici, mais vous pouvez visiter s\u00e9par\u00e9ment Abou Simbel (70$), le jardin botanique d'Assouan et le complexe de temples sur l'\u00eele de Philae (45$) moyennant un co\u00fbt suppl\u00e9mentaire. Le groupe retourne \u00e0 Marsa Alam en autocar (environ 7 heures). Arriv\u00e9e \u00e0 Marsa Alam \u00e0 l'h\u00f4tel vers 22h00.<\/p>\n<p><strong>Nos liners delux 5* :<\/strong><\/p>\n<p>M\/S Tamr Henna 5*<br \/>\nM\/S Royal Esadora Nile Cruise5* (croisi\u00e8re sur le Nil)<br \/>\nM\/S Princesse Sarah Croisi\u00e8re sur le Nil 5*<br \/>\nRadamis 1 \/ 2<br \/>\nSemiramis 1 et 2 croisi\u00e8re sur le nil - Egypte<br \/>\nCroisi\u00e8re sur le Nil avec les dauphins - \u00c9gypte<br \/>\nCroisi\u00e8re sur le Nil Rubis - \u00c9gypte<\/p>\n<\/div>\n<div>\n<div>\n<p><strong>Inclus :<\/strong><\/p>\n<\/div>\n<ul>\n<li>Transferts depuis et vers l'h\u00f4tel<\/li>\n<li>H\u00e9bergement sur un paquebot 5*.<\/li>\n<li>Trois repas par jour, y compris de l'eau, du jus, du caf\u00e9 et du th\u00e9 au petit-d\u00e9jeuner.<\/li>\n<li>Frais d'entr\u00e9e pour les excursions<\/li>\n<li>Guide parlant russe<\/li>\n<\/ul>\n<\/div>\n<\/div>\n<\/div>\n<p><strong>Non inclus :<\/strong><\/p>\n<ul>\n<li>Boissons au d\u00e9jeuner et au d\u00eener<\/li>\n<li>Excursions facultatives<\/li>\n<\/ul>\n<p><strong>Emportez-le avec vous :<\/strong><\/p>\n<ul>\n<li>Passeport<\/li>\n<li>cam\u00e9ra photo-vid\u00e9o<\/li>\n<li>Coiffure<\/li>\n<li>Serviette<\/li>\n<li>Maillot de bain, slip de bain<\/li>\n<li>Cr\u00e8me solaire<\/li>\n<\/ul>","protected":false},"excerpt":{"rendered":"<p><strong>Dur\u00e9e de l'enqu\u00eate :<\/strong> 4 jours et 3 nuits<\/p>\n<p><strong>Jours de D\u00e9roulement: <\/strong>Mardi, jeudi, dimanche<\/p>","protected":false},"featured_media":29294,"template":"","meta":{"_kad_post_transparent":"default","_kad_post_title":"","_kad_post_layout":"default","_kad_post_sidebar_id":"","_kad_post_content_style":"default","_kad_post_vertical_padding":"default","_kad_post_feature":"","_kad_post_feature_position":"","_kad_post_header":false,"_kad_post_footer":false,"_kad_post_classname":"","_glsr_average":0,"_glsr_ranking":0,"_glsr_reviews":0},"product_brand":[],"product_cat":[452],"product_tag":[],"class_list":{"0":"post-32693","1":"product","2":"type-product","3":"status-publish","4":"has-post-thumbnail","6":"product_cat-marsa-alam","7":"tm-has-options","9":"first","10":"instock","11":"sale","12":"sold-individually","13":"taxable","14":"shipping-taxable","15":"purchasable","16":"product-type-simple","17":"entry","18":"content-bg","19":"loop-entry"},"yoast_head":"<!-- This site is optimized with the Yoast SEO plugin v27.3 - https:\/\/yoast.com\/product\/yoast-seo-wordpress\/ -->\n<title>\u041a\u0440\u0443\u0438\u0437 \u043f\u043e \u041d\u0438\u043b\u0443 5* 4 \u0434\u043d\u044f &#8226; \u042d\u043a\u0441\u043a\u0443\u0440\u0441\u0438\u0438 Skyline<\/title>\n<meta name=\"robots\" content=\"index, follow, max-snippet:-1, max-image-preview:large, max-video-preview:-1\" \/>\n<link rel=\"canonical\" href=\"http:\/\/skyline-gs.com\/fr\/produit\/nile-cruise-4-days-marsaalam\/\" \/>\n<meta property=\"og:locale\" content=\"fr_FR\" \/>\n<meta property=\"og:type\" content=\"article\" \/>\n<meta property=\"og:title\" content=\"\u041a\u0440\u0443\u0438\u0437 \u043f\u043e \u041d\u0438\u043b\u0443 5* 4 \u0434\u043d\u044f &#8226; \u042d\u043a\u0441\u043a\u0443\u0440\u0441\u0438\u0438 Skyline\" \/>\n<meta property=\"og:description\" content=\"\u0414\u043b\u0438\u0442\u0435\u043b\u044c\u043d\u043e\u0441\u0442\u044c: 4 \u0434\u043d\u044f \u0438 3 \u043d\u043e\u0447\u0438  \u0414\u043d\u0438 \u043f\u0440\u043e\u0432\u0435\u0434\u0435\u043d\u0438\u044f: \u0432\u0442\u043e\u0440\u043d\u0438\u043a, \u0447\u0435\u0442\u0432\u0435\u0440\u0433, \u0432\u043e\u0441\u043a\u0440\u0435\u0441\u0435\u043d\u0438\u0435\" \/>\n<meta property=\"og:url\" content=\"http:\/\/skyline-gs.com\/fr\/produit\/nile-cruise-4-days-marsaalam\/\" \/>\n<meta property=\"og:site_name\" content=\"\u042d\u043a\u0441\u043a\u0443\u0440\u0441\u0438\u0438 Skyline\" \/>\n<meta property=\"article:modified_time\" content=\"2024-10-31T11:21:41+00:00\" \/>\n<meta property=\"og:image\" content=\"https:\/\/skyline-gs.com\/wp-content\/uploads\/2021\/07\/51-1.jpg\" \/>\n\t<meta property=\"og:image:width\" content=\"669\" \/>\n\t<meta property=\"og:image:height\" content=\"446\" \/>\n\t<meta property=\"og:image:type\" content=\"image\/jpeg\" \/>\n<meta name=\"twitter:card\" content=\"summary_large_image\" \/>\n<meta name=\"twitter:label1\" content=\"Dur\u00e9e de lecture estim\u00e9e\" \/>\n\t<meta name=\"twitter:data1\" content=\"3 minutes\" \/>\n<script type=\"application\/ld+json\" class=\"yoast-schema-graph\">{\"@context\":\"https:\\\/\\\/schema.org\",\"@graph\":[{\"@type\":\"WebPage\",\"@id\":\"http:\\\/\\\/skyline-gs.com\\\/de\\\/produkt\\\/nile-cruise-4-days-marsaalam\\\/\",\"url\":\"http:\\\/\\\/skyline-gs.com\\\/de\\\/produkt\\\/nile-cruise-4-days-marsaalam\\\/\",\"name\":\"\u041a\u0440\u0443\u0438\u0437 \u043f\u043e \u041d\u0438\u043b\u0443 5* 4 \u0434\u043d\u044f &#8226; \u042d\u043a\u0441\u043a\u0443\u0440\u0441\u0438\u0438 Skyline\",\"isPartOf\":{\"@id\":\"https:\\\/\\\/skyline-gs.com\\\/it\\\/#website\"},\"primaryImageOfPage\":{\"@id\":\"http:\\\/\\\/skyline-gs.com\\\/de\\\/produkt\\\/nile-cruise-4-days-marsaalam\\\/#primaryimage\"},\"image\":{\"@id\":\"http:\\\/\\\/skyline-gs.com\\\/de\\\/produkt\\\/nile-cruise-4-days-marsaalam\\\/#primaryimage\"},\"thumbnailUrl\":\"https:\\\/\\\/skyline-gs.com\\\/wp-content\\\/uploads\\\/2021\\\/07\\\/51-1.jpg\",\"datePublished\":\"2021-10-26T18:52:24+00:00\",\"dateModified\":\"2024-10-31T11:21:41+00:00\",\"breadcrumb\":{\"@id\":\"http:\\\/\\\/skyline-gs.com\\\/de\\\/produkt\\\/nile-cruise-4-days-marsaalam\\\/#breadcrumb\"},\"inLanguage\":\"fr-FR\",\"potentialAction\":[{\"@type\":\"ReadAction\",\"target\":[\"http:\\\/\\\/skyline-gs.com\\\/de\\\/produkt\\\/nile-cruise-4-days-marsaalam\\\/\"]}]},{\"@type\":\"ImageObject\",\"inLanguage\":\"fr-FR\",\"@id\":\"http:\\\/\\\/skyline-gs.com\\\/de\\\/produkt\\\/nile-cruise-4-days-marsaalam\\\/#primaryimage\",\"url\":\"https:\\\/\\\/skyline-gs.com\\\/wp-content\\\/uploads\\\/2021\\\/07\\\/51-1.jpg\",\"contentUrl\":\"https:\\\/\\\/skyline-gs.com\\\/wp-content\\\/uploads\\\/2021\\\/07\\\/51-1.jpg\",\"width\":669,\"height\":446},{\"@type\":\"BreadcrumbList\",\"@id\":\"http:\\\/\\\/skyline-gs.com\\\/de\\\/produkt\\\/nile-cruise-4-days-marsaalam\\\/#breadcrumb\",\"itemListElement\":[{\"@type\":\"ListItem\",\"position\":1,\"name\":\"\u0413\u043b\u0430\u0432\u043d\u0430\u044f \u0441\u0442\u0440\u0430\u043d\u0438\u0446\u0430\",\"item\":\"https:\\\/\\\/skyline-gs.com\\\/hu\\\/\"},{\"@type\":\"ListItem\",\"position\":2,\"name\":\"\u041c\u0430\u0433\u0430\u0437\u0438\u043d\",\"item\":\"https:\\\/\\\/skyline-gs.com\\\/cs\\\/shop\\\/\"},{\"@type\":\"ListItem\",\"position\":3,\"name\":\"\u041a\u0440\u0443\u0438\u0437 \u043f\u043e \u041d\u0438\u043b\u0443 5* 4 \u0434\u043d\u044f\"}]},{\"@type\":\"WebSite\",\"@id\":\"https:\\\/\\\/skyline-gs.com\\\/it\\\/#website\",\"url\":\"https:\\\/\\\/skyline-gs.com\\\/it\\\/\",\"name\":\"\u042d\u043a\u0441\u043a\u0443\u0440\u0441\u0438\u0438 Skyline\",\"description\":\"\u042d\u043a\u0441\u043a\u043b\u044e\u0437\u0438\u0432\u043d\u044b\u0435 \u044d\u043a\u0441\u043a\u0443\u0440\u0441\u0438\u0438 \u043d\u0430 \u043b\u0443\u0447\u0448\u0438\u0445 \u043a\u0443\u0440\u043e\u0440\u0442\u0430\u0445 \u043c\u0438\u0440\u0430\",\"publisher\":{\"@id\":\"https:\\\/\\\/skyline-gs.com\\\/it\\\/#organization\"},\"alternateName\":\"Skyline\",\"potentialAction\":[{\"@type\":\"SearchAction\",\"target\":{\"@type\":\"EntryPoint\",\"urlTemplate\":\"https:\\\/\\\/skyline-gs.com\\\/it\\\/?s={search_term_string}\"},\"query-input\":{\"@type\":\"PropertyValueSpecification\",\"valueRequired\":true,\"valueName\":\"search_term_string\"}}],\"inLanguage\":\"fr-FR\"},{\"@type\":\"Organization\",\"@id\":\"https:\\\/\\\/skyline-gs.com\\\/it\\\/#organization\",\"name\":\"\u042d\u043a\u0441\u043a\u0443\u0440\u0441\u0438\u0438 Skyline\",\"alternateName\":\"\u042d\u043a\u0441\u043a\u0443\u0440\u0441\u0438\u0438 Skyline\",\"url\":\"https:\\\/\\\/skyline-gs.com\\\/it\\\/\",\"logo\":{\"@type\":\"ImageObject\",\"inLanguage\":\"fr-FR\",\"@id\":\"https:\\\/\\\/skyline-gs.com\\\/it\\\/#\\\/schema\\\/logo\\\/image\\\/\",\"url\":\"https:\\\/\\\/skyline-gs.com\\\/wp-content\\\/uploads\\\/2020\\\/12\\\/cropped-logo-2.png\",\"contentUrl\":\"https:\\\/\\\/skyline-gs.com\\\/wp-content\\\/uploads\\\/2020\\\/12\\\/cropped-logo-2.png\",\"width\":512,\"height\":512,\"caption\":\"\u042d\u043a\u0441\u043a\u0443\u0440\u0441\u0438\u0438 Skyline\"},\"image\":{\"@id\":\"https:\\\/\\\/skyline-gs.com\\\/it\\\/#\\\/schema\\\/logo\\\/image\\\/\"},\"sameAs\":[\"https:\\\/\\\/www.instagram.com\\\/skylineglobalservice\\\/\"]}]}<\/script>\n<!-- \/ Yoast SEO plugin. -->","yoast_head_json":{"title":"\u041a\u0440\u0443\u0438\u0437 \u043f\u043e \u041d\u0438\u043b\u0443 5* 4 \u0434\u043d\u044f &#8226; \u042d\u043a\u0441\u043a\u0443\u0440\u0441\u0438\u0438 Skyline","robots":{"index":"index","follow":"follow","max-snippet":"max-snippet:-1","max-image-preview":"max-image-preview:large","max-video-preview":"max-video-preview:-1"},"canonical":"http:\/\/skyline-gs.com\/fr\/produit\/nile-cruise-4-days-marsaalam\/","og_locale":"fr_FR","og_type":"article","og_title":"\u041a\u0440\u0443\u0438\u0437 \u043f\u043e \u041d\u0438\u043b\u0443 5* 4 \u0434\u043d\u044f &#8226; \u042d\u043a\u0441\u043a\u0443\u0440\u0441\u0438\u0438 Skyline","og_description":"\u0414\u043b\u0438\u0442\u0435\u043b\u044c\u043d\u043e\u0441\u0442\u044c: 4 \u0434\u043d\u044f \u0438 3 \u043d\u043e\u0447\u0438  \u0414\u043d\u0438 \u043f\u0440\u043e\u0432\u0435\u0434\u0435\u043d\u0438\u044f: \u0432\u0442\u043e\u0440\u043d\u0438\u043a, \u0447\u0435\u0442\u0432\u0435\u0440\u0433, \u0432\u043e\u0441\u043a\u0440\u0435\u0441\u0435\u043d\u0438\u0435","og_url":"http:\/\/skyline-gs.com\/fr\/produit\/nile-cruise-4-days-marsaalam\/","og_site_name":"\u042d\u043a\u0441\u043a\u0443\u0440\u0441\u0438\u0438 Skyline","article_modified_time":"2024-10-31T11:21:41+00:00","og_image":[{"width":669,"height":446,"url":"https:\/\/skyline-gs.com\/wp-content\/uploads\/2021\/07\/51-1.jpg","type":"image\/jpeg"}],"twitter_card":"summary_large_image","twitter_misc":{"Dur\u00e9e de lecture estim\u00e9e":"3 minutes"},"schema":{"@context":"https:\/\/schema.org","@graph":[{"@type":"WebPage","@id":"http:\/\/skyline-gs.com\/de\/produkt\/nile-cruise-4-days-marsaalam\/","url":"http:\/\/skyline-gs.com\/de\/produkt\/nile-cruise-4-days-marsaalam\/","name":"\u041a\u0440\u0443\u0438\u0437 \u043f\u043e \u041d\u0438\u043b\u0443 5* 4 \u0434\u043d\u044f &#8226; \u042d\u043a\u0441\u043a\u0443\u0440\u0441\u0438\u0438 Skyline","isPartOf":{"@id":"https:\/\/skyline-gs.com\/it\/#website"},"primaryImageOfPage":{"@id":"http:\/\/skyline-gs.com\/de\/produkt\/nile-cruise-4-days-marsaalam\/#primaryimage"},"image":{"@id":"http:\/\/skyline-gs.com\/de\/produkt\/nile-cruise-4-days-marsaalam\/#primaryimage"},"thumbnailUrl":"https:\/\/skyline-gs.com\/wp-content\/uploads\/2021\/07\/51-1.jpg","datePublished":"2021-10-26T18:52:24+00:00","dateModified":"2024-10-31T11:21:41+00:00","breadcrumb":{"@id":"http:\/\/skyline-gs.com\/de\/produkt\/nile-cruise-4-days-marsaalam\/#breadcrumb"},"inLanguage":"fr-FR","potentialAction":[{"@type":"ReadAction","target":["http:\/\/skyline-gs.com\/de\/produkt\/nile-cruise-4-days-marsaalam\/"]}]},{"@type":"ImageObject","inLanguage":"fr-FR","@id":"http:\/\/skyline-gs.com\/de\/produkt\/nile-cruise-4-days-marsaalam\/#primaryimage","url":"https:\/\/skyline-gs.com\/wp-content\/uploads\/2021\/07\/51-1.jpg","contentUrl":"https:\/\/skyline-gs.com\/wp-content\/uploads\/2021\/07\/51-1.jpg","width":669,"height":446},{"@type":"BreadcrumbList","@id":"http:\/\/skyline-gs.com\/de\/produkt\/nile-cruise-4-days-marsaalam\/#breadcrumb","itemListElement":[{"@type":"ListItem","position":1,"name":"\u0413\u043b\u0430\u0432\u043d\u0430\u044f \u0441\u0442\u0440\u0430\u043d\u0438\u0446\u0430","item":"https:\/\/skyline-gs.com\/hu\/"},{"@type":"ListItem","position":2,"name":"\u041c\u0430\u0433\u0430\u0437\u0438\u043d","item":"https:\/\/skyline-gs.com\/cs\/shop\/"},{"@type":"ListItem","position":3,"name":"\u041a\u0440\u0443\u0438\u0437 \u043f\u043e \u041d\u0438\u043b\u0443 5* 4 \u0434\u043d\u044f"}]},{"@type":"WebSite","@id":"https:\/\/skyline-gs.com\/it\/#website","url":"https:\/\/skyline-gs.com\/it\/","name":"Excursions Skyline","description":"Excursions exclusives dans les meilleurs centres de vill\u00e9giature du monde","publisher":{"@id":"https:\/\/skyline-gs.com\/it\/#organization"},"alternateName":"Skyline","potentialAction":[{"@type":"SearchAction","target":{"@type":"EntryPoint","urlTemplate":"https:\/\/skyline-gs.com\/it\/?s={search_term_string}"},"query-input":{"@type":"PropertyValueSpecification","valueRequired":true,"valueName":"search_term_string"}}],"inLanguage":"fr-FR"},{"@type":"Organization","@id":"https:\/\/skyline-gs.com\/it\/#organization","name":"Excursions Skyline","alternateName":"\u042d\u043a\u0441\u043a\u0443\u0440\u0441\u0438\u0438 Skyline","url":"https:\/\/skyline-gs.com\/it\/","logo":{"@type":"ImageObject","inLanguage":"fr-FR","@id":"https:\/\/skyline-gs.com\/it\/#\/schema\/logo\/image\/","url":"https:\/\/skyline-gs.com\/wp-content\/uploads\/2020\/12\/cropped-logo-2.png","contentUrl":"https:\/\/skyline-gs.com\/wp-content\/uploads\/2020\/12\/cropped-logo-2.png","width":512,"height":512,"caption":"\u042d\u043a\u0441\u043a\u0443\u0440\u0441\u0438\u0438 Skyline"},"image":{"@id":"https:\/\/skyline-gs.com\/it\/#\/schema\/logo\/image\/"},"sameAs":["https:\/\/www.instagram.com\/skylineglobalservice\/"]}]}},"_links":{"self":[{"href":"https:\/\/skyline-gs.com\/fr\/wp-json\/wp\/v2\/product\/32693","targetHints":{"allow":["GET"]}}],"collection":[{"href":"https:\/\/skyline-gs.com\/fr\/wp-json\/wp\/v2\/product"}],"about":[{"href":"https:\/\/skyline-gs.com\/fr\/wp-json\/wp\/v2\/types\/product"}],"version-history":[{"count":0,"href":"https:\/\/skyline-gs.com\/fr\/wp-json\/wp\/v2\/product\/32693\/revisions"}],"wp:featuredmedia":[{"embeddable":true,"href":"https:\/\/skyline-gs.com\/fr\/wp-json\/wp\/v2\/media\/29294"}],"wp:attachment":[{"href":"https:\/\/skyline-gs.com\/fr\/wp-json\/wp\/v2\/media?parent=32693"}],"wp:term":[{"taxonomy":"product_brand","embeddable":true,"href":"https:\/\/skyline-gs.com\/fr\/wp-json\/wp\/v2\/product_brand?post=32693"},{"taxonomy":"product_cat","embeddable":true,"href":"https:\/\/skyline-gs.com\/fr\/wp-json\/wp\/v2\/product_cat?post=32693"},{"taxonomy":"product_tag","embeddable":true,"href":"https:\/\/skyline-gs.com\/fr\/wp-json\/wp\/v2\/product_tag?post=32693"}],"curies":[{"name":"wp","href":"https:\/\/api.w.org\/{rel}","templated":true}]}}