{"id":32659,"date":"2021-10-26T20:17:20","date_gmt":"2021-10-26T18:17:20","guid":{"rendered":"http:\/\/skyline-gs.com\/?post_type=product&#038;p=32659"},"modified":"2025-10-29T19:55:55","modified_gmt":"2025-10-29T17:55:55","slug":"diving-marsaalam","status":"publish","type":"product","link":"https:\/\/skyline-gs.com\/fr\/product\/diving-marsaalam\/","title":{"rendered":"Plong\u00e9e \u00e0 Marsa Alam"},"content":{"rendered":"<p data-start=\"147\" data-end=\"531\">Ce voyage dans le monde sous-marin de la mer Rouge est id\u00e9al pour ceux qui r\u00eavent de voir des jardins de coraux, des poissons color\u00e9s et la facilit\u00e9 de flotter dans l'eau. L'excursion se d\u00e9roule sur un yacht confortable, o\u00f9 vous apprendrez, plongerez et vous d\u00e9tendrez. M\u00eame si vous n'avez jamais plong\u00e9 auparavant, des instructeurs exp\u00e9riment\u00e9s vous aideront \u00e0 le faire en toute s\u00e9curit\u00e9 et de mani\u00e8re passionnante.<\/p>\n<p data-start=\"147\" data-end=\"531\"><strong>8:00 - D\u00e9part du hall de l'h\u00f4tel, transfert au port de Ghalib.<\/strong><\/p>\n<ul>\n<li data-start=\"147\" data-end=\"531\"><strong>Instruction<\/strong> et se familiariser avec l'\u00e9quipement \u00e0 bord du bateau.<\/li>\n<li data-start=\"147\" data-end=\"531\"><strong>Plonger dans la mer<\/strong>: une plong\u00e9e jusqu'\u00e0 10 m\u00e8tres de profondeur, d'une dur\u00e9e de 10 \u00e0 15 minutes.<\/li>\n<li data-start=\"147\" data-end=\"531\"><strong>Plong\u00e9e en apn\u00e9e dans le r\u00e9cif corallien<\/strong>o\u00f9 l'on peut voir des poissons perroquets, des raies pastenagues et des tortues de mer.<\/li>\n<li data-start=\"147\" data-end=\"531\"><strong>D\u00e9jeuner buffet sur le yacht<\/strong>Les plats de viande, les accompagnements et les salades fra\u00eeches.<\/li>\n<li data-start=\"147\" data-end=\"531\"><strong>Vacances<\/strong> sur un yacht.<\/li>\n<\/ul>\n<p><strong>16:00 - Retour \u00e0 l'h\u00f4tel.<\/strong><\/p>\n<p><strong>Informations compl\u00e9mentaires :<\/strong><\/p>\n<ul>\n<li><strong>L'\u00e2ge minimum pour plonger est de 12 ans<\/strong>.<\/li>\n<li>Vous pouvez emmener quelqu'un qui ne peut ou ne veut pas faire de la plong\u00e9e sous-marine avec vous (le chaperon peut faire de la plong\u00e9e en apn\u00e9e). <strong>Prix par escorte 45$.<\/strong><\/li>\n<\/ul>\n<p><strong>Inclus :<\/strong><\/p>\n<ul>\n<li>Transferts depuis et vers l'h\u00f4tel<\/li>\n<li>Instruction<\/li>\n<li>Plong\u00e9e (1 plong\u00e9e)<\/li>\n<li>D\u00e9jeuner (buffet)<\/li>\n<li>Boissons<\/li>\n<li>Mat\u00e9riel de plong\u00e9e<\/li>\n<li>Masques et palmes pour la plong\u00e9e avec tuba<\/li>\n<\/ul>\n<p><strong>Emportez-le avec vous :<\/strong><\/p>\n<ul>\n<li>Appareil photo<\/li>\n<li>Lunettes de soleil<\/li>\n<li>Maillot de bain, slip de bain<\/li>\n<li>Cr\u00e8me solaire<\/li>\n<li>Serviette<\/li>\n<\/ul>","protected":false},"excerpt":{"rendered":"<p><strong>Temps du Tour:<\/strong> 8:00 \u2014 16:00<\/p>\n<p><strong>Jours de D\u00e9roulement: <\/strong>Tous les jours.<\/p>","protected":false},"featured_media":65750,"template":"","meta":{"_kad_post_transparent":"default","_kad_post_title":"","_kad_post_layout":"default","_kad_post_sidebar_id":"","_kad_post_content_style":"default","_kad_post_vertical_padding":"default","_kad_post_feature":"","_kad_post_feature_position":"","_kad_post_header":false,"_kad_post_footer":false,"_kad_post_classname":"","_glsr_average":0,"_glsr_ranking":0,"_glsr_reviews":0},"product_brand":[],"product_cat":[452],"product_tag":[],"class_list":{"0":"post-32659","1":"product","2":"type-product","3":"status-publish","4":"has-post-thumbnail","6":"product_cat-marsa-alam","7":"tm-has-options","9":"first","10":"instock","11":"sold-individually","12":"taxable","13":"shipping-taxable","14":"purchasable","15":"product-type-simple","16":"entry","17":"content-bg","18":"loop-entry"},"yoast_head":"<!-- This site is optimized with the Yoast SEO plugin v27.3 - https:\/\/yoast.com\/product\/yoast-seo-wordpress\/ -->\n<title>\u0414\u0430\u0439\u0432\u0438\u043d\u0433 \u0432 \u041c\u0430\u0440\u0441\u0430 \u0410\u043b\u0430\u043c\u0435 &#8226; \u042d\u043a\u0441\u043a\u0443\u0440\u0441\u0438\u0438 Skyline<\/title>\n<meta name=\"robots\" content=\"index, follow, max-snippet:-1, max-image-preview:large, max-video-preview:-1\" \/>\n<link rel=\"canonical\" href=\"https:\/\/skyline-gs.com\/fr\/produit\/diving-marsaalam\/\" \/>\n<meta property=\"og:locale\" content=\"fr_FR\" \/>\n<meta property=\"og:type\" content=\"article\" \/>\n<meta property=\"og:title\" content=\"\u0414\u0430\u0439\u0432\u0438\u043d\u0433 \u0432 \u041c\u0430\u0440\u0441\u0430 \u0410\u043b\u0430\u043c\u0435 &#8226; \u042d\u043a\u0441\u043a\u0443\u0440\u0441\u0438\u0438 Skyline\" \/>\n<meta property=\"og:description\" content=\"\u0412\u0440\u0435\u043c\u044f \u0442\u0443\u0440\u0430: 8:00 - 16:00  \u0414\u043d\u0438 \u043f\u0440\u043e\u0432\u0435\u0434\u0435\u043d\u0438\u044f: \u041a\u0430\u0436\u0434\u044b\u0439 \u0434\u0435\u043d\u044c\" \/>\n<meta property=\"og:url\" content=\"https:\/\/skyline-gs.com\/fr\/produit\/diving-marsaalam\/\" \/>\n<meta property=\"og:site_name\" content=\"\u042d\u043a\u0441\u043a\u0443\u0440\u0441\u0438\u0438 Skyline\" \/>\n<meta property=\"article:modified_time\" content=\"2025-10-29T17:55:55+00:00\" \/>\n<meta property=\"og:image\" content=\"https:\/\/skyline-gs.com\/wp-content\/uploads\/2021\/10\/DALL\u00b7E-2025-09-07-16.34.55-A-hyper-realistic-underwater-scene-of-scuba-diving-in-Marsa-Alam-Egypt.-The-image-shows-a-diver-in-full-scuba-gear-swimming-near-a-vibrant-coral-reef-e1757254489651.webp\" \/>\n\t<meta property=\"og:image:width\" content=\"700\" \/>\n\t<meta property=\"og:image:height\" content=\"400\" \/>\n\t<meta property=\"og:image:type\" content=\"image\/webp\" \/>\n<meta name=\"twitter:card\" content=\"summary_large_image\" \/>\n<meta name=\"twitter:label1\" content=\"Dur\u00e9e de lecture estim\u00e9e\" \/>\n\t<meta name=\"twitter:data1\" content=\"2 minutes\" \/>\n<script type=\"application\/ld+json\" class=\"yoast-schema-graph\">{\"@context\":\"https:\\\/\\\/schema.org\",\"@graph\":[{\"@type\":\"WebPage\",\"@id\":\"https:\\\/\\\/skyline-gs.com\\\/fr\\\/produit\\\/diving-marsaalam\\\/\",\"url\":\"https:\\\/\\\/skyline-gs.com\\\/fr\\\/produit\\\/diving-marsaalam\\\/\",\"name\":\"\u0414\u0430\u0439\u0432\u0438\u043d\u0433 \u0432 \u041c\u0430\u0440\u0441\u0430 \u0410\u043b\u0430\u043c\u0435 &#8226; \u042d\u043a\u0441\u043a\u0443\u0440\u0441\u0438\u0438 Skyline\",\"isPartOf\":{\"@id\":\"https:\\\/\\\/skyline-gs.com\\\/it\\\/#website\"},\"primaryImageOfPage\":{\"@id\":\"https:\\\/\\\/skyline-gs.com\\\/fr\\\/produit\\\/diving-marsaalam\\\/#primaryimage\"},\"image\":{\"@id\":\"https:\\\/\\\/skyline-gs.com\\\/fr\\\/produit\\\/diving-marsaalam\\\/#primaryimage\"},\"thumbnailUrl\":\"https:\\\/\\\/skyline-gs.com\\\/wp-content\\\/uploads\\\/2021\\\/10\\\/DALL\u00b7E-2025-09-07-16.34.55-A-hyper-realistic-underwater-scene-of-scuba-diving-in-Marsa-Alam-Egypt.-The-image-shows-a-diver-in-full-scuba-gear-swimming-near-a-vibrant-coral-reef-e1757254489651.webp\",\"datePublished\":\"2021-10-26T18:17:20+00:00\",\"dateModified\":\"2025-10-29T17:55:55+00:00\",\"breadcrumb\":{\"@id\":\"https:\\\/\\\/skyline-gs.com\\\/fr\\\/produit\\\/diving-marsaalam\\\/#breadcrumb\"},\"inLanguage\":\"fr-FR\",\"potentialAction\":[{\"@type\":\"ReadAction\",\"target\":[\"https:\\\/\\\/skyline-gs.com\\\/fr\\\/produit\\\/diving-marsaalam\\\/\"]}]},{\"@type\":\"ImageObject\",\"inLanguage\":\"fr-FR\",\"@id\":\"https:\\\/\\\/skyline-gs.com\\\/fr\\\/produit\\\/diving-marsaalam\\\/#primaryimage\",\"url\":\"https:\\\/\\\/skyline-gs.com\\\/wp-content\\\/uploads\\\/2021\\\/10\\\/DALL\u00b7E-2025-09-07-16.34.55-A-hyper-realistic-underwater-scene-of-scuba-diving-in-Marsa-Alam-Egypt.-The-image-shows-a-diver-in-full-scuba-gear-swimming-near-a-vibrant-coral-reef-e1757254489651.webp\",\"contentUrl\":\"https:\\\/\\\/skyline-gs.com\\\/wp-content\\\/uploads\\\/2021\\\/10\\\/DALL\u00b7E-2025-09-07-16.34.55-A-hyper-realistic-underwater-scene-of-scuba-diving-in-Marsa-Alam-Egypt.-The-image-shows-a-diver-in-full-scuba-gear-swimming-near-a-vibrant-coral-reef-e1757254489651.webp\",\"width\":700,\"height\":400},{\"@type\":\"BreadcrumbList\",\"@id\":\"https:\\\/\\\/skyline-gs.com\\\/fr\\\/produit\\\/diving-marsaalam\\\/#breadcrumb\",\"itemListElement\":[{\"@type\":\"ListItem\",\"position\":1,\"name\":\"\u0413\u043b\u0430\u0432\u043d\u0430\u044f \u0441\u0442\u0440\u0430\u043d\u0438\u0446\u0430\",\"item\":\"https:\\\/\\\/skyline-gs.com\\\/hu\\\/\"},{\"@type\":\"ListItem\",\"position\":2,\"name\":\"\u041c\u0430\u0433\u0430\u0437\u0438\u043d\",\"item\":\"https:\\\/\\\/skyline-gs.com\\\/cs\\\/shop\\\/\"},{\"@type\":\"ListItem\",\"position\":3,\"name\":\"\u0414\u0430\u0439\u0432\u0438\u043d\u0433 \u0432 \u041c\u0430\u0440\u0441\u0430 \u0410\u043b\u0430\u043c\u0435\"}]},{\"@type\":\"WebSite\",\"@id\":\"https:\\\/\\\/skyline-gs.com\\\/it\\\/#website\",\"url\":\"https:\\\/\\\/skyline-gs.com\\\/it\\\/\",\"name\":\"\u042d\u043a\u0441\u043a\u0443\u0440\u0441\u0438\u0438 Skyline\",\"description\":\"\u042d\u043a\u0441\u043a\u043b\u044e\u0437\u0438\u0432\u043d\u044b\u0435 \u044d\u043a\u0441\u043a\u0443\u0440\u0441\u0438\u0438 \u043d\u0430 \u043b\u0443\u0447\u0448\u0438\u0445 \u043a\u0443\u0440\u043e\u0440\u0442\u0430\u0445 \u043c\u0438\u0440\u0430\",\"publisher\":{\"@id\":\"https:\\\/\\\/skyline-gs.com\\\/it\\\/#organization\"},\"alternateName\":\"Skyline\",\"potentialAction\":[{\"@type\":\"SearchAction\",\"target\":{\"@type\":\"EntryPoint\",\"urlTemplate\":\"https:\\\/\\\/skyline-gs.com\\\/it\\\/?s={search_term_string}\"},\"query-input\":{\"@type\":\"PropertyValueSpecification\",\"valueRequired\":true,\"valueName\":\"search_term_string\"}}],\"inLanguage\":\"fr-FR\"},{\"@type\":\"Organization\",\"@id\":\"https:\\\/\\\/skyline-gs.com\\\/it\\\/#organization\",\"name\":\"\u042d\u043a\u0441\u043a\u0443\u0440\u0441\u0438\u0438 Skyline\",\"alternateName\":\"\u042d\u043a\u0441\u043a\u0443\u0440\u0441\u0438\u0438 Skyline\",\"url\":\"https:\\\/\\\/skyline-gs.com\\\/it\\\/\",\"logo\":{\"@type\":\"ImageObject\",\"inLanguage\":\"fr-FR\",\"@id\":\"https:\\\/\\\/skyline-gs.com\\\/it\\\/#\\\/schema\\\/logo\\\/image\\\/\",\"url\":\"https:\\\/\\\/skyline-gs.com\\\/wp-content\\\/uploads\\\/2020\\\/12\\\/cropped-logo-2.png\",\"contentUrl\":\"https:\\\/\\\/skyline-gs.com\\\/wp-content\\\/uploads\\\/2020\\\/12\\\/cropped-logo-2.png\",\"width\":512,\"height\":512,\"caption\":\"\u042d\u043a\u0441\u043a\u0443\u0440\u0441\u0438\u0438 Skyline\"},\"image\":{\"@id\":\"https:\\\/\\\/skyline-gs.com\\\/it\\\/#\\\/schema\\\/logo\\\/image\\\/\"},\"sameAs\":[\"https:\\\/\\\/www.instagram.com\\\/skylineglobalservice\\\/\"]}]}<\/script>\n<!-- \/ Yoast SEO plugin. -->","yoast_head_json":{"title":"\u0414\u0430\u0439\u0432\u0438\u043d\u0433 \u0432 \u041c\u0430\u0440\u0441\u0430 \u0410\u043b\u0430\u043c\u0435 &#8226; \u042d\u043a\u0441\u043a\u0443\u0440\u0441\u0438\u0438 Skyline","robots":{"index":"index","follow":"follow","max-snippet":"max-snippet:-1","max-image-preview":"max-image-preview:large","max-video-preview":"max-video-preview:-1"},"canonical":"https:\/\/skyline-gs.com\/fr\/produit\/diving-marsaalam\/","og_locale":"fr_FR","og_type":"article","og_title":"\u0414\u0430\u0439\u0432\u0438\u043d\u0433 \u0432 \u041c\u0430\u0440\u0441\u0430 \u0410\u043b\u0430\u043c\u0435 &#8226; \u042d\u043a\u0441\u043a\u0443\u0440\u0441\u0438\u0438 Skyline","og_description":"\u0412\u0440\u0435\u043c\u044f \u0442\u0443\u0440\u0430: 8:00 - 16:00  \u0414\u043d\u0438 \u043f\u0440\u043e\u0432\u0435\u0434\u0435\u043d\u0438\u044f: \u041a\u0430\u0436\u0434\u044b\u0439 \u0434\u0435\u043d\u044c","og_url":"https:\/\/skyline-gs.com\/fr\/produit\/diving-marsaalam\/","og_site_name":"\u042d\u043a\u0441\u043a\u0443\u0440\u0441\u0438\u0438 Skyline","article_modified_time":"2025-10-29T17:55:55+00:00","og_image":[{"width":700,"height":400,"url":"https:\/\/skyline-gs.com\/wp-content\/uploads\/2021\/10\/DALL\u00b7E-2025-09-07-16.34.55-A-hyper-realistic-underwater-scene-of-scuba-diving-in-Marsa-Alam-Egypt.-The-image-shows-a-diver-in-full-scuba-gear-swimming-near-a-vibrant-coral-reef-e1757254489651.webp","type":"image\/webp"}],"twitter_card":"summary_large_image","twitter_misc":{"Dur\u00e9e de lecture estim\u00e9e":"2 minutes"},"schema":{"@context":"https:\/\/schema.org","@graph":[{"@type":"WebPage","@id":"https:\/\/skyline-gs.com\/fr\/produit\/diving-marsaalam\/","url":"https:\/\/skyline-gs.com\/fr\/produit\/diving-marsaalam\/","name":"\u0414\u0430\u0439\u0432\u0438\u043d\u0433 \u0432 \u041c\u0430\u0440\u0441\u0430 \u0410\u043b\u0430\u043c\u0435 &#8226; \u042d\u043a\u0441\u043a\u0443\u0440\u0441\u0438\u0438 Skyline","isPartOf":{"@id":"https:\/\/skyline-gs.com\/it\/#website"},"primaryImageOfPage":{"@id":"https:\/\/skyline-gs.com\/fr\/produit\/diving-marsaalam\/#primaryimage"},"image":{"@id":"https:\/\/skyline-gs.com\/fr\/produit\/diving-marsaalam\/#primaryimage"},"thumbnailUrl":"https:\/\/skyline-gs.com\/wp-content\/uploads\/2021\/10\/DALL\u00b7E-2025-09-07-16.34.55-A-hyper-realistic-underwater-scene-of-scuba-diving-in-Marsa-Alam-Egypt.-The-image-shows-a-diver-in-full-scuba-gear-swimming-near-a-vibrant-coral-reef-e1757254489651.webp","datePublished":"2021-10-26T18:17:20+00:00","dateModified":"2025-10-29T17:55:55+00:00","breadcrumb":{"@id":"https:\/\/skyline-gs.com\/fr\/produit\/diving-marsaalam\/#breadcrumb"},"inLanguage":"fr-FR","potentialAction":[{"@type":"ReadAction","target":["https:\/\/skyline-gs.com\/fr\/produit\/diving-marsaalam\/"]}]},{"@type":"ImageObject","inLanguage":"fr-FR","@id":"https:\/\/skyline-gs.com\/fr\/produit\/diving-marsaalam\/#primaryimage","url":"https:\/\/skyline-gs.com\/wp-content\/uploads\/2021\/10\/DALL\u00b7E-2025-09-07-16.34.55-A-hyper-realistic-underwater-scene-of-scuba-diving-in-Marsa-Alam-Egypt.-The-image-shows-a-diver-in-full-scuba-gear-swimming-near-a-vibrant-coral-reef-e1757254489651.webp","contentUrl":"https:\/\/skyline-gs.com\/wp-content\/uploads\/2021\/10\/DALL\u00b7E-2025-09-07-16.34.55-A-hyper-realistic-underwater-scene-of-scuba-diving-in-Marsa-Alam-Egypt.-The-image-shows-a-diver-in-full-scuba-gear-swimming-near-a-vibrant-coral-reef-e1757254489651.webp","width":700,"height":400},{"@type":"BreadcrumbList","@id":"https:\/\/skyline-gs.com\/fr\/produit\/diving-marsaalam\/#breadcrumb","itemListElement":[{"@type":"ListItem","position":1,"name":"\u0413\u043b\u0430\u0432\u043d\u0430\u044f \u0441\u0442\u0440\u0430\u043d\u0438\u0446\u0430","item":"https:\/\/skyline-gs.com\/hu\/"},{"@type":"ListItem","position":2,"name":"\u041c\u0430\u0433\u0430\u0437\u0438\u043d","item":"https:\/\/skyline-gs.com\/cs\/shop\/"},{"@type":"ListItem","position":3,"name":"\u0414\u0430\u0439\u0432\u0438\u043d\u0433 \u0432 \u041c\u0430\u0440\u0441\u0430 \u0410\u043b\u0430\u043c\u0435"}]},{"@type":"WebSite","@id":"https:\/\/skyline-gs.com\/it\/#website","url":"https:\/\/skyline-gs.com\/it\/","name":"Excursions Skyline","description":"Excursions exclusives dans les meilleurs centres de vill\u00e9giature du monde","publisher":{"@id":"https:\/\/skyline-gs.com\/it\/#organization"},"alternateName":"Skyline","potentialAction":[{"@type":"SearchAction","target":{"@type":"EntryPoint","urlTemplate":"https:\/\/skyline-gs.com\/it\/?s={search_term_string}"},"query-input":{"@type":"PropertyValueSpecification","valueRequired":true,"valueName":"search_term_string"}}],"inLanguage":"fr-FR"},{"@type":"Organization","@id":"https:\/\/skyline-gs.com\/it\/#organization","name":"Excursions Skyline","alternateName":"\u042d\u043a\u0441\u043a\u0443\u0440\u0441\u0438\u0438 Skyline","url":"https:\/\/skyline-gs.com\/it\/","logo":{"@type":"ImageObject","inLanguage":"fr-FR","@id":"https:\/\/skyline-gs.com\/it\/#\/schema\/logo\/image\/","url":"https:\/\/skyline-gs.com\/wp-content\/uploads\/2020\/12\/cropped-logo-2.png","contentUrl":"https:\/\/skyline-gs.com\/wp-content\/uploads\/2020\/12\/cropped-logo-2.png","width":512,"height":512,"caption":"\u042d\u043a\u0441\u043a\u0443\u0440\u0441\u0438\u0438 Skyline"},"image":{"@id":"https:\/\/skyline-gs.com\/it\/#\/schema\/logo\/image\/"},"sameAs":["https:\/\/www.instagram.com\/skylineglobalservice\/"]}]}},"_links":{"self":[{"href":"https:\/\/skyline-gs.com\/fr\/wp-json\/wp\/v2\/product\/32659","targetHints":{"allow":["GET"]}}],"collection":[{"href":"https:\/\/skyline-gs.com\/fr\/wp-json\/wp\/v2\/product"}],"about":[{"href":"https:\/\/skyline-gs.com\/fr\/wp-json\/wp\/v2\/types\/product"}],"version-history":[{"count":0,"href":"https:\/\/skyline-gs.com\/fr\/wp-json\/wp\/v2\/product\/32659\/revisions"}],"wp:featuredmedia":[{"embeddable":true,"href":"https:\/\/skyline-gs.com\/fr\/wp-json\/wp\/v2\/media\/65750"}],"wp:attachment":[{"href":"https:\/\/skyline-gs.com\/fr\/wp-json\/wp\/v2\/media?parent=32659"}],"wp:term":[{"taxonomy":"product_brand","embeddable":true,"href":"https:\/\/skyline-gs.com\/fr\/wp-json\/wp\/v2\/product_brand?post=32659"},{"taxonomy":"product_cat","embeddable":true,"href":"https:\/\/skyline-gs.com\/fr\/wp-json\/wp\/v2\/product_cat?post=32659"},{"taxonomy":"product_tag","embeddable":true,"href":"https:\/\/skyline-gs.com\/fr\/wp-json\/wp\/v2\/product_tag?post=32659"}],"curies":[{"name":"wp","href":"https:\/\/api.w.org\/{rel}","templated":true}]}}