{"id":31560,"date":"2021-09-18T12:34:23","date_gmt":"2021-09-18T10:34:23","guid":{"rendered":"http:\/\/skyline-gs.com\/?post_type=product&#038;p=31560"},"modified":"2025-12-15T12:35:18","modified_gmt":"2025-12-15T10:35:18","slug":"colored-canyon-sharm","status":"publish","type":"product","link":"https:\/\/skyline-gs.com\/fr\/product\/colored-canyon-sharm\/","title":{"rendered":"\u0426\u0432\u0435\u0442\u043d\u043e\u0439 \u043a\u0430\u043d\u044c\u043e\u043d \u0421\u0430\u043b\u0430\u043c\u0430 4 \u0432 1"},"content":{"rendered":"<p>\u0414\u0436\u0438\u043f-\u0441\u0430\u0444\u0430\u0440\u0438 \u043d\u0430 \u0426\u0432\u0435\u0442\u043d\u043e\u0439 \u043a\u0430\u043d\u044c\u043e\u043d \u0421\u0430\u043b\u0430\u043c\u0430 \u0438 \u043f\u043e\u0442\u0440\u044f\u0441\u0430\u044e\u0449\u0438\u043c \u0441\u043d\u043e\u0440\u043a\u043b\u0438\u043d\u0433\u043e\u043c \u0432 \u0437\u0430\u043f\u043e\u0432\u0435\u0434\u043d\u0438\u043a\u0435 \u0410\u0431\u0443 \u0413\u0430\u043b\u0443\u043c \u2014 \u043e\u0434\u043d\u043e \u0438\u0437 \u043b\u0443\u0447\u0448\u0438\u0445 \u0441\u0430\u0444\u0430\u0440\u0438 \u043d\u0430 \u0421\u0438\u043d\u0430\u0439\u0441\u043a\u043e\u043c \u043f\u043e\u043b\u0443\u043e\u0441\u0442\u0440\u043e\u0432\u0435! \u0412 \u043e\u0434\u0438\u043d \u0434\u0435\u043d\u044c, \u0432\u044b \u043f\u043e\u0441\u0435\u0442\u0438\u0442\u0435 \u0434\u0432\u0430 \u0447\u0443\u0434\u0430 \u0421\u0438\u043d\u0430\u0439\u0441\u043a\u043e\u0433\u043e \u043f\u043e\u043b\u0443\u043e\u0441\u0442\u0440\u043e\u0432\u0430 \u2014 \u0432\u043e\u0441\u0445\u0438\u0442\u0438\u0442\u0435\u043b\u044c\u043d\u044b\u0439 \u0426\u0432\u0435\u0442\u043d\u043e\u0439 \u043a\u0430\u043d\u044c\u043e\u043d \u00ab\u0421\u0430\u043b\u0430\u043c\u0430\u00bb \u0438 \u0443\u0432\u043b\u0435\u043a\u0430\u0442\u0435\u043b\u044c\u043d\u044b\u0439 \u0441\u043d\u043e\u0440\u043a\u043b\u0438\u043d\u0433 (\u043f\u043b\u0430\u0432\u0430\u043d\u0438\u0435 \u0441 \u043c\u0430\u0441\u043a\u0430\u043c\u0438) \u0432 \u043e\u0434\u043d\u043e\u043c \u0438\u0437 \u043b\u0443\u0447\u0448\u0438\u0445 \u043c\u0435\u0441\u0442 \u0437\u0430\u043f\u043e\u0432\u0435\u0434\u043d\u0438\u043a\u0430 \u0410\u0431\u0443 \u0413\u0430\u043b\u0443\u043c, \u0440\u044f\u0434\u043e\u043c \u0441 \u0433\u043e\u0440\u043e\u0434\u043e\u043c \u0414\u0430\u0445\u0430\u0431. \u0412\u044b \u0441\u043c\u043e\u0436\u0435\u0442\u0435 \u043f\u043e\u043a\u0430\u0442\u0430\u0442\u044c\u0441\u044f \u043d\u0430 \u0432\u0435\u0440\u0431\u043b\u044e\u0434\u0430\u0445\u00a0 \u043d\u0430 \u0441\u0430\u043c\u043e\u043c \u0431\u0435\u0440\u0435\u0433\u0443 \u041a\u0440\u0430\u0441\u043d\u043e\u0433\u043e \u043c\u043e\u0440\u044f \u0438 \u043f\u043e\u0441\u0435\u0442\u0438\u0442\u044c \u00ab\u0432\u043e\u0441\u0442\u043e\u0447\u043d\u044b\u0439 \u0431\u0430\u0437\u0430\u0440\u00bb \u0432 \u0433\u043e\u0440\u043e\u0434\u0435 \u0414\u0430\u0445\u0430\u0431 (\u0417\u043e\u043b\u043e\u0442\u043e\u0439 \u0433\u043e\u0440\u043e\u0434).<\/p>\n<p>8:00 d\u00e9part de l'h\u00f4tel. Le trajet dure environ 1,5 heure. Sur le chemin du canyon, il y aura un arr\u00eat pour prendre des photos. Les vues sur le d\u00e9sert sont tout simplement fascinantes. Canyon color\u00e9 \"Salama\" C'est le plus grand et le plus beau de tous les canyons que l'on peut visiter. Les parois du canyon ressemblent \u00e0 un g\u00e2teau \u00e0 \u00e9tages, chaque \u00e9tage \u00e9tant d'une couleur diff\u00e9rente, les courbes et les \u00e9tages bizarres jouant avec le soleil toutes sortes de couleurs. Une randonn\u00e9e d'une heure et demie \u00e0 travers cette merveille naturelle vous attend.<\/p>\n<p>\u0414\u0430\u043b\u0435\u0435, \u043c\u044b \u043e\u0442\u043f\u0440\u0430\u0432\u0438\u043c\u0441\u044f \u0432 \u0417\u0430\u043f\u043e\u0432\u0435\u0434\u043d\u0438\u043a \u0410\u0431\u0443 \u0413\u0430\u043b\u0443\u043c, \u043a\u043e\u0442\u043e\u0440\u044b\u0439 \u043d\u0430\u0445\u043e\u0434\u0438\u0442\u0441\u044f \u043d\u0430 \u0431\u0435\u0440\u0435\u0433\u0443 \u0410\u043a\u0430\u0431\u0441\u043a\u043e\u0433\u043e \u0437\u0430\u043b\u0438\u0432\u0430, \u0441\u0435\u0432\u0435\u0440\u043d\u0435\u0435 \u0433\u043e\u0440\u043e\u0434\u0430 \u0414\u0430\u0445\u0430\u0431. \u0412\u044b \u0441\u043e\u0432\u0435\u0440\u0448\u0438\u0442\u0435 \u043f\u0440\u043e\u0433\u0443\u043b\u043a\u0443 \u043d\u0430 \u0432\u0435\u0440\u0431\u043b\u044e\u0434\u0430\u0445 \u0432\u0434\u043e\u043b\u044c \u043f\u043e\u0431\u0435\u0440\u0435\u0436\u044c\u044f. \u0422\u0430\u043a \u0436\u0435, \u0437\u0430 \u0434\u043e\u043f\u043e\u043b\u043d\u0438\u0442\u0435\u043b\u044c\u043d\u0443\u044e \u043f\u043b\u0430\u0442\u0443 +10$, \u043c\u043e\u0436\u0435\u0442\u0435 \u043f\u0440\u043e\u043a\u0430\u0442\u0438\u0442\u044c\u0441\u044f \u0432\u0434\u043e\u043b\u044c \u043f\u043e\u0431\u0435\u0440\u0435\u0436\u044c\u044f \u043d\u0430 \u043a\u0432\u0430\u0434\u0440\u043e\u0446\u0438\u043a\u043b\u0430\u0445.<\/p>\n<p>\u0412 \u0410\u0431\u0443 \u0413\u0430\u043b\u0443\u043c \u0412\u044b \u0441\u043c\u043e\u0436\u0435\u0442\u0435 \u043d\u0430\u0441\u043b\u0430\u0434\u0438\u0442\u044c\u0441\u044f \u043a\u0440\u0430\u0441\u043e\u0442\u043e\u0439 \u0438 \u0440\u0430\u0437\u043d\u043e\u043e\u0431\u0440\u0430\u0437\u0438\u0435\u043c \u043f\u043e\u0434\u0432\u043e\u0434\u043d\u043e\u0433\u043e \u043c\u0438\u0440\u0430 \u041a\u0440\u0430\u0441\u043d\u043e\u0433\u043e \u043c\u043e\u0440\u044f, \u043f\u0440\u043e\u043f\u043b\u044b\u0432 \u0441 \u043c\u0430\u0441\u043a\u0430\u043c\u0438, \u0432\u0434\u043e\u043b\u044c \u0437\u043d\u0430\u043c\u0435\u043d\u0438\u0442\u044b\u0445 \u043d\u0430 \u0432\u0435\u0441\u044c \u043c\u0438\u0440 \u0440\u0438\u0444\u043e\u0432 \u00ab\u0422\u0440\u0438 \u0411\u0430\u0441\u0441\u0435\u0439\u043d\u0430\u00bb \u0438\u043b\u0438 \u00ab\u0414\u0430\u0439\u0432 \u043a\u0430\u043d\u0438\u043e\u043d\u00bb \u0434\u043b\u0438\u043d\u043e\u0439 200\u043c. \u0417\u0434\u0435\u0441\u044c \u0436\u0435, \u043d\u0430 \u0441\u0430\u043c\u043e\u043c \u0431\u0435\u0440\u0435\u0433\u0443 \u0410\u043a\u0430\u0431\u0441\u043a\u043e\u0433\u043e \u0437\u0430\u043b\u0438\u0432\u0430, \u0412\u0430\u043c \u0431\u0443\u0434\u0435\u0442 \u043f\u043e\u0434\u0430\u043d \u0433\u043e\u0440\u044f\u0447\u0438\u0439 \u043e\u0431\u0435\u0434 (\u043d\u0430\u043f\u0438\u0442\u043a\u0438 \u0437\u0430 \u0434\u043e\u043f\u043e\u043b\u043d\u0438\u0442\u0435\u043b\u044c\u043d\u0443\u044e \u043f\u043b\u0430\u0442\u0443).<\/p>\n<ul>\n<li><strong>Important :<\/strong> Il est obligatoire d'avoir un gilet de natation, la baignade sans gilet est interdite dans cet endroit (il est possible de le louer au point de location de mat\u00e9riel).<\/li>\n<\/ul>\n<p>Sur le chemin du retour, visitez la ville de Dahab et son \"bazar oriental\" color\u00e9, qui ne ressemble \u00e0 aucune autre ville d'\u00c9gypte, dans le style des hippies (qui ont \u00e9t\u00e9 \u00e0 l'origine du d\u00e9veloppement d'un petit village b\u00e9douin et de la popularit\u00e9 de la ville de Dahab dans le monde entier). On peut y acheter des huiles m\u00e9dicinales et cosm\u00e9tiques, des essences, des parfums, des souvenirs d'Egypte et de beaux v\u00eatements dans le style national. Retour \u00e0 l'h\u00f4tel vers 19h00.<\/p>\n<p><strong>Inclus :<\/strong><\/p>\n<ul>\n<li>Transferts depuis et vers l'h\u00f4tel<\/li>\n<li>Guide parlant russe<\/li>\n<li>D\u00e9jeuner<\/li>\n<li>Billets d'entr\u00e9e<\/li>\n<li>Safari en jeep<\/li>\n<li>Canyon de Salama color\u00e9.<\/li>\n<li>Plong\u00e9e en apn\u00e9e dans la r\u00e9serve naturelle d'Abu Galum<\/li>\n<li>Randonn\u00e9e \u00e0 dos de chameau<\/li>\n<\/ul>\n<p><strong>Non inclus :<\/strong><\/p>\n<ul>\n<li>Boissons pendant le d\u00e9jeuner<\/li>\n<li>Location de mat\u00e9riel de plong\u00e9e en apn\u00e9e : masque, palmes, gilet de sauvetage<\/li>\n<li>Quad +10$ (en option)<\/li>\n<\/ul>\n<p><strong>Emportez-le avec vous :<\/strong><\/p>\n<ul>\n<li>Passeport (original) et copie du passeport (1 copie)<\/li>\n<li>Masque de plong\u00e9e<\/li>\n<li>Lunettes de soleil<\/li>\n<li>Maillot de bain, slip de bain<\/li>\n<li>L'eau<\/li>\n<li>Cr\u00e8me solaire<\/li>\n<li>Serviette<\/li>\n<li>Argent pour les d\u00e9penses personnelles<\/li>\n<li>Chaussures confortables, baskets<\/li>\n<li>Chaussons en corail<\/li>\n<\/ul>","protected":false},"excerpt":{"rendered":"<p><strong>Temps du Tour:<\/strong> 8:00 \u2014 19:00<\/p>\n<p><strong>Jours de D\u00e9roulement:<\/strong> Tous les jours.<\/p>","protected":false},"featured_media":61375,"template":"","meta":{"_kad_post_transparent":"default","_kad_post_title":"","_kad_post_layout":"default","_kad_post_sidebar_id":"","_kad_post_content_style":"default","_kad_post_vertical_padding":"default","_kad_post_feature":"","_kad_post_feature_position":"","_kad_post_header":false,"_kad_post_footer":false,"_kad_post_classname":"","_glsr_average":0,"_glsr_ranking":0,"_glsr_reviews":0},"product_brand":[],"product_cat":[435],"product_tag":[],"class_list":{"0":"post-31560","1":"product","2":"type-product","3":"status-publish","4":"has-post-thumbnail","6":"product_cat-sharm-el-sheikh","7":"tm-has-options","9":"first","10":"instock","11":"sale","12":"sold-individually","13":"taxable","14":"shipping-taxable","15":"purchasable","16":"product-type-simple","17":"entry","18":"content-bg","19":"loop-entry"},"yoast_head":"<!-- This site is optimized with the Yoast SEO plugin v27.3 - https:\/\/yoast.com\/product\/yoast-seo-wordpress\/ -->\n<title>\u0426\u0432\u0435\u0442\u043d\u043e\u0439 \u043a\u0430\u043d\u044c\u043e\u043d \u0421\u0430\u043b\u0430\u043c\u0430 4 \u0432 1 &#8226; \u042d\u043a\u0441\u043a\u0443\u0440\u0441\u0438\u0438 Skyline<\/title>\n<meta name=\"robots\" content=\"index, follow, max-snippet:-1, max-image-preview:large, max-video-preview:-1\" \/>\n<link rel=\"canonical\" href=\"https:\/\/skyline-gs.com\/fr\/produit\/colored-canyon-sharm\/\" \/>\n<meta property=\"og:locale\" content=\"fr_FR\" \/>\n<meta property=\"og:type\" content=\"article\" \/>\n<meta property=\"og:title\" content=\"\u0426\u0432\u0435\u0442\u043d\u043e\u0439 \u043a\u0430\u043d\u044c\u043e\u043d \u0421\u0430\u043b\u0430\u043c\u0430 4 \u0432 1 &#8226; \u042d\u043a\u0441\u043a\u0443\u0440\u0441\u0438\u0438 Skyline\" \/>\n<meta property=\"og:description\" content=\"\u0412\u0440\u0435\u043c\u044f \u0442\u0443\u0440\u0430: 8:00 - 19:00  \u0414\u043d\u0438 \u043f\u0440\u043e\u0432\u0435\u0434\u0435\u043d\u0438\u044f: \u041a\u0430\u0436\u0434\u044b\u0439 \u0434\u0435\u043d\u044c\" \/>\n<meta property=\"og:url\" content=\"https:\/\/skyline-gs.com\/fr\/produit\/colored-canyon-sharm\/\" \/>\n<meta property=\"og:site_name\" content=\"\u042d\u043a\u0441\u043a\u0443\u0440\u0441\u0438\u0438 Skyline\" \/>\n<meta property=\"article:modified_time\" content=\"2025-12-15T10:35:18+00:00\" \/>\n<meta property=\"og:image\" content=\"https:\/\/skyline-gs.com\/wp-content\/uploads\/2021\/09\/12-3.png\" \/>\n\t<meta property=\"og:image:width\" content=\"669\" \/>\n\t<meta property=\"og:image:height\" content=\"446\" \/>\n\t<meta property=\"og:image:type\" content=\"image\/png\" \/>\n<meta name=\"twitter:card\" content=\"summary_large_image\" \/>\n<meta name=\"twitter:label1\" content=\"Dur\u00e9e de lecture estim\u00e9e\" \/>\n\t<meta name=\"twitter:data1\" content=\"3 minutes\" \/>\n<script type=\"application\/ld+json\" class=\"yoast-schema-graph\">{\"@context\":\"https:\\\/\\\/schema.org\",\"@graph\":[{\"@type\":\"WebPage\",\"@id\":\"https:\\\/\\\/skyline-gs.com\\\/product\\\/colored-canyon-sharm\\\/\",\"url\":\"https:\\\/\\\/skyline-gs.com\\\/product\\\/colored-canyon-sharm\\\/\",\"name\":\"\u0426\u0432\u0435\u0442\u043d\u043e\u0439 \u043a\u0430\u043d\u044c\u043e\u043d \u0421\u0430\u043b\u0430\u043c\u0430 4 \u0432 1 &#8226; \u042d\u043a\u0441\u043a\u0443\u0440\u0441\u0438\u0438 Skyline\",\"isPartOf\":{\"@id\":\"https:\\\/\\\/skyline-gs.com\\\/it\\\/#website\"},\"primaryImageOfPage\":{\"@id\":\"https:\\\/\\\/skyline-gs.com\\\/product\\\/colored-canyon-sharm\\\/#primaryimage\"},\"image\":{\"@id\":\"https:\\\/\\\/skyline-gs.com\\\/product\\\/colored-canyon-sharm\\\/#primaryimage\"},\"thumbnailUrl\":\"https:\\\/\\\/skyline-gs.com\\\/wp-content\\\/uploads\\\/2021\\\/09\\\/12-3.png\",\"datePublished\":\"2021-09-18T10:34:23+00:00\",\"dateModified\":\"2025-12-15T10:35:18+00:00\",\"breadcrumb\":{\"@id\":\"https:\\\/\\\/skyline-gs.com\\\/product\\\/colored-canyon-sharm\\\/#breadcrumb\"},\"inLanguage\":\"fr-FR\",\"potentialAction\":[{\"@type\":\"ReadAction\",\"target\":[\"https:\\\/\\\/skyline-gs.com\\\/product\\\/colored-canyon-sharm\\\/\"]}]},{\"@type\":\"ImageObject\",\"inLanguage\":\"fr-FR\",\"@id\":\"https:\\\/\\\/skyline-gs.com\\\/product\\\/colored-canyon-sharm\\\/#primaryimage\",\"url\":\"https:\\\/\\\/skyline-gs.com\\\/wp-content\\\/uploads\\\/2021\\\/09\\\/12-3.png\",\"contentUrl\":\"https:\\\/\\\/skyline-gs.com\\\/wp-content\\\/uploads\\\/2021\\\/09\\\/12-3.png\",\"width\":669,\"height\":446},{\"@type\":\"BreadcrumbList\",\"@id\":\"https:\\\/\\\/skyline-gs.com\\\/product\\\/colored-canyon-sharm\\\/#breadcrumb\",\"itemListElement\":[{\"@type\":\"ListItem\",\"position\":1,\"name\":\"\u0413\u043b\u0430\u0432\u043d\u0430\u044f \u0441\u0442\u0440\u0430\u043d\u0438\u0446\u0430\",\"item\":\"https:\\\/\\\/skyline-gs.com\\\/hu\\\/\"},{\"@type\":\"ListItem\",\"position\":2,\"name\":\"\u041c\u0430\u0433\u0430\u0437\u0438\u043d\",\"item\":\"https:\\\/\\\/skyline-gs.com\\\/cs\\\/shop\\\/\"},{\"@type\":\"ListItem\",\"position\":3,\"name\":\"\u0426\u0432\u0435\u0442\u043d\u043e\u0439 \u043a\u0430\u043d\u044c\u043e\u043d \u0421\u0430\u043b\u0430\u043c\u0430 4 \u0432 1\"}]},{\"@type\":\"WebSite\",\"@id\":\"https:\\\/\\\/skyline-gs.com\\\/it\\\/#website\",\"url\":\"https:\\\/\\\/skyline-gs.com\\\/it\\\/\",\"name\":\"\u042d\u043a\u0441\u043a\u0443\u0440\u0441\u0438\u0438 Skyline\",\"description\":\"\u042d\u043a\u0441\u043a\u043b\u044e\u0437\u0438\u0432\u043d\u044b\u0435 \u044d\u043a\u0441\u043a\u0443\u0440\u0441\u0438\u0438 \u043d\u0430 \u043b\u0443\u0447\u0448\u0438\u0445 \u043a\u0443\u0440\u043e\u0440\u0442\u0430\u0445 \u043c\u0438\u0440\u0430\",\"publisher\":{\"@id\":\"https:\\\/\\\/skyline-gs.com\\\/it\\\/#organization\"},\"alternateName\":\"Skyline\",\"potentialAction\":[{\"@type\":\"SearchAction\",\"target\":{\"@type\":\"EntryPoint\",\"urlTemplate\":\"https:\\\/\\\/skyline-gs.com\\\/it\\\/?s={search_term_string}\"},\"query-input\":{\"@type\":\"PropertyValueSpecification\",\"valueRequired\":true,\"valueName\":\"search_term_string\"}}],\"inLanguage\":\"fr-FR\"},{\"@type\":\"Organization\",\"@id\":\"https:\\\/\\\/skyline-gs.com\\\/it\\\/#organization\",\"name\":\"\u042d\u043a\u0441\u043a\u0443\u0440\u0441\u0438\u0438 Skyline\",\"alternateName\":\"\u042d\u043a\u0441\u043a\u0443\u0440\u0441\u0438\u0438 Skyline\",\"url\":\"https:\\\/\\\/skyline-gs.com\\\/it\\\/\",\"logo\":{\"@type\":\"ImageObject\",\"inLanguage\":\"fr-FR\",\"@id\":\"https:\\\/\\\/skyline-gs.com\\\/it\\\/#\\\/schema\\\/logo\\\/image\\\/\",\"url\":\"https:\\\/\\\/skyline-gs.com\\\/wp-content\\\/uploads\\\/2020\\\/12\\\/cropped-logo-2.png\",\"contentUrl\":\"https:\\\/\\\/skyline-gs.com\\\/wp-content\\\/uploads\\\/2020\\\/12\\\/cropped-logo-2.png\",\"width\":512,\"height\":512,\"caption\":\"\u042d\u043a\u0441\u043a\u0443\u0440\u0441\u0438\u0438 Skyline\"},\"image\":{\"@id\":\"https:\\\/\\\/skyline-gs.com\\\/it\\\/#\\\/schema\\\/logo\\\/image\\\/\"},\"sameAs\":[\"https:\\\/\\\/www.instagram.com\\\/skylineglobalservice\\\/\"]}]}<\/script>\n<!-- \/ Yoast SEO plugin. -->","yoast_head_json":{"title":"\u0426\u0432\u0435\u0442\u043d\u043e\u0439 \u043a\u0430\u043d\u044c\u043e\u043d \u0421\u0430\u043b\u0430\u043c\u0430 4 \u0432 1 &#8226; \u042d\u043a\u0441\u043a\u0443\u0440\u0441\u0438\u0438 Skyline","robots":{"index":"index","follow":"follow","max-snippet":"max-snippet:-1","max-image-preview":"max-image-preview:large","max-video-preview":"max-video-preview:-1"},"canonical":"https:\/\/skyline-gs.com\/fr\/produit\/colored-canyon-sharm\/","og_locale":"fr_FR","og_type":"article","og_title":"\u0426\u0432\u0435\u0442\u043d\u043e\u0439 \u043a\u0430\u043d\u044c\u043e\u043d \u0421\u0430\u043b\u0430\u043c\u0430 4 \u0432 1 &#8226; \u042d\u043a\u0441\u043a\u0443\u0440\u0441\u0438\u0438 Skyline","og_description":"\u0412\u0440\u0435\u043c\u044f \u0442\u0443\u0440\u0430: 8:00 - 19:00  \u0414\u043d\u0438 \u043f\u0440\u043e\u0432\u0435\u0434\u0435\u043d\u0438\u044f: \u041a\u0430\u0436\u0434\u044b\u0439 \u0434\u0435\u043d\u044c","og_url":"https:\/\/skyline-gs.com\/fr\/produit\/colored-canyon-sharm\/","og_site_name":"\u042d\u043a\u0441\u043a\u0443\u0440\u0441\u0438\u0438 Skyline","article_modified_time":"2025-12-15T10:35:18+00:00","og_image":[{"width":669,"height":446,"url":"https:\/\/skyline-gs.com\/wp-content\/uploads\/2021\/09\/12-3.png","type":"image\/png"}],"twitter_card":"summary_large_image","twitter_misc":{"Dur\u00e9e de lecture estim\u00e9e":"3 minutes"},"schema":{"@context":"https:\/\/schema.org","@graph":[{"@type":"WebPage","@id":"https:\/\/skyline-gs.com\/product\/colored-canyon-sharm\/","url":"https:\/\/skyline-gs.com\/product\/colored-canyon-sharm\/","name":"\u0426\u0432\u0435\u0442\u043d\u043e\u0439 \u043a\u0430\u043d\u044c\u043e\u043d \u0421\u0430\u043b\u0430\u043c\u0430 4 \u0432 1 &#8226; \u042d\u043a\u0441\u043a\u0443\u0440\u0441\u0438\u0438 Skyline","isPartOf":{"@id":"https:\/\/skyline-gs.com\/it\/#website"},"primaryImageOfPage":{"@id":"https:\/\/skyline-gs.com\/product\/colored-canyon-sharm\/#primaryimage"},"image":{"@id":"https:\/\/skyline-gs.com\/product\/colored-canyon-sharm\/#primaryimage"},"thumbnailUrl":"https:\/\/skyline-gs.com\/wp-content\/uploads\/2021\/09\/12-3.png","datePublished":"2021-09-18T10:34:23+00:00","dateModified":"2025-12-15T10:35:18+00:00","breadcrumb":{"@id":"https:\/\/skyline-gs.com\/product\/colored-canyon-sharm\/#breadcrumb"},"inLanguage":"fr-FR","potentialAction":[{"@type":"ReadAction","target":["https:\/\/skyline-gs.com\/product\/colored-canyon-sharm\/"]}]},{"@type":"ImageObject","inLanguage":"fr-FR","@id":"https:\/\/skyline-gs.com\/product\/colored-canyon-sharm\/#primaryimage","url":"https:\/\/skyline-gs.com\/wp-content\/uploads\/2021\/09\/12-3.png","contentUrl":"https:\/\/skyline-gs.com\/wp-content\/uploads\/2021\/09\/12-3.png","width":669,"height":446},{"@type":"BreadcrumbList","@id":"https:\/\/skyline-gs.com\/product\/colored-canyon-sharm\/#breadcrumb","itemListElement":[{"@type":"ListItem","position":1,"name":"\u0413\u043b\u0430\u0432\u043d\u0430\u044f \u0441\u0442\u0440\u0430\u043d\u0438\u0446\u0430","item":"https:\/\/skyline-gs.com\/hu\/"},{"@type":"ListItem","position":2,"name":"\u041c\u0430\u0433\u0430\u0437\u0438\u043d","item":"https:\/\/skyline-gs.com\/cs\/shop\/"},{"@type":"ListItem","position":3,"name":"\u0426\u0432\u0435\u0442\u043d\u043e\u0439 \u043a\u0430\u043d\u044c\u043e\u043d \u0421\u0430\u043b\u0430\u043c\u0430 4 \u0432 1"}]},{"@type":"WebSite","@id":"https:\/\/skyline-gs.com\/it\/#website","url":"https:\/\/skyline-gs.com\/it\/","name":"Excursions Skyline","description":"Excursions exclusives dans les meilleurs centres de vill\u00e9giature du monde","publisher":{"@id":"https:\/\/skyline-gs.com\/it\/#organization"},"alternateName":"Skyline","potentialAction":[{"@type":"SearchAction","target":{"@type":"EntryPoint","urlTemplate":"https:\/\/skyline-gs.com\/it\/?s={search_term_string}"},"query-input":{"@type":"PropertyValueSpecification","valueRequired":true,"valueName":"search_term_string"}}],"inLanguage":"fr-FR"},{"@type":"Organization","@id":"https:\/\/skyline-gs.com\/it\/#organization","name":"Excursions Skyline","alternateName":"\u042d\u043a\u0441\u043a\u0443\u0440\u0441\u0438\u0438 Skyline","url":"https:\/\/skyline-gs.com\/it\/","logo":{"@type":"ImageObject","inLanguage":"fr-FR","@id":"https:\/\/skyline-gs.com\/it\/#\/schema\/logo\/image\/","url":"https:\/\/skyline-gs.com\/wp-content\/uploads\/2020\/12\/cropped-logo-2.png","contentUrl":"https:\/\/skyline-gs.com\/wp-content\/uploads\/2020\/12\/cropped-logo-2.png","width":512,"height":512,"caption":"\u042d\u043a\u0441\u043a\u0443\u0440\u0441\u0438\u0438 Skyline"},"image":{"@id":"https:\/\/skyline-gs.com\/it\/#\/schema\/logo\/image\/"},"sameAs":["https:\/\/www.instagram.com\/skylineglobalservice\/"]}]}},"_links":{"self":[{"href":"https:\/\/skyline-gs.com\/fr\/wp-json\/wp\/v2\/product\/31560","targetHints":{"allow":["GET"]}}],"collection":[{"href":"https:\/\/skyline-gs.com\/fr\/wp-json\/wp\/v2\/product"}],"about":[{"href":"https:\/\/skyline-gs.com\/fr\/wp-json\/wp\/v2\/types\/product"}],"version-history":[{"count":0,"href":"https:\/\/skyline-gs.com\/fr\/wp-json\/wp\/v2\/product\/31560\/revisions"}],"wp:featuredmedia":[{"embeddable":true,"href":"https:\/\/skyline-gs.com\/fr\/wp-json\/wp\/v2\/media\/61375"}],"wp:attachment":[{"href":"https:\/\/skyline-gs.com\/fr\/wp-json\/wp\/v2\/media?parent=31560"}],"wp:term":[{"taxonomy":"product_brand","embeddable":true,"href":"https:\/\/skyline-gs.com\/fr\/wp-json\/wp\/v2\/product_brand?post=31560"},{"taxonomy":"product_cat","embeddable":true,"href":"https:\/\/skyline-gs.com\/fr\/wp-json\/wp\/v2\/product_cat?post=31560"},{"taxonomy":"product_tag","embeddable":true,"href":"https:\/\/skyline-gs.com\/fr\/wp-json\/wp\/v2\/product_tag?post=31560"}],"curies":[{"name":"wp","href":"https:\/\/api.w.org\/{rel}","templated":true}]}}