{"id":31521,"date":"2021-09-17T23:37:36","date_gmt":"2021-09-17T21:37:36","guid":{"rendered":"http:\/\/skyline-gs.com\/?post_type=product&#038;p=31521"},"modified":"2023-08-25T17:13:20","modified_gmt":"2023-08-25T15:13:20","slug":"3-day-trip-to-the-white-desert-and-djara-cave-cairo","status":"publish","type":"product","link":"https:\/\/skyline-gs.com\/fr\/product\/3-day-trip-to-the-white-desert-and-djara-cave-cairo\/","title":{"rendered":"Exp\u00e9dition dans le d\u00e9sert blanc et la grotte de Jara 3 jours"},"content":{"rendered":"<p><strong>Jour 1<\/strong><\/p>\n<p>7:00 d\u00e9part de l'h\u00f4tel pour l'oasis de Bahariya. Le voyage durera environ 5 heures. Oui, une v\u00e9ritable oasis dans le d\u00e9sert ! Une fois \u00e0 Bahariya, nous d\u00e9jeunerons avant de nous rendre en jeep dans le d\u00e9sert noir. Il s'agit d'une r\u00e9gion situ\u00e9e au sud-ouest du Caire, parsem\u00e9e de collines noires. De formes diverses, elles peuvent atteindre une centaine de m\u00e8tres de hauteur et sont recouvertes d'une couche de basalte noir, d'o\u00f9 le nom de la r\u00e9gion. Visite de la montagne Al-Marsus, puis transfert vers un village b\u00e9douin pour le d\u00e9jeuner. Le voyage se poursuit par un trajet vers les Montagnes de Cristal et la visite de la Grotte de Cristal. Voir la montagne perfor\u00e9e. Nous nous dirigerons ensuite vers les dunes de sable o\u00f9 il sera possible de faire du sandboard. Nuit dans le d\u00e9sert.<\/p>\n<p><strong>Jour 2<\/strong><\/p>\n<p>Notre journ\u00e9e commencera par une courte ascension de la montagne pour photographier le lever du soleil avec une vue imprenable, puis nous prendrons notre petit-d\u00e9jeuner et nous nous dirigerons ensuite vers Cave Road. Nous visiterons la grotte de Jara. D\u00e9jeuner, puis transfert vers Cypress Eye, Magical Eye. Travers\u00e9e de la Great Valley. Puis transfert vers White Desert et visite des champignons de poulet. Dans le d\u00e9sert blanc, camping, d\u00eener et soir\u00e9e autour du feu de camp en compagnie de B\u00e9douins qui raconteront des histoires de leur vie ordinaire et serviront du th\u00e9 de z\u00e8bre.<\/p>\n<p><strong>Troisi\u00e8me jour<\/strong><\/p>\n<p>Photographier un inoubliable lever de soleil dans le d\u00e9sert blanc. Petit d\u00e9jeuner. Ensuite, nous vous ferons d\u00e9couvrir l'ancien d\u00e9sert. Nous visiterons des oasis et une source d'eau chaude naturelle. Ensuite, le c\u00e9l\u00e8bre Bucket, la montagne anglaise et le march\u00e9 de l'oasis o\u00f9 vous pourrez acheter des dattes et de l'huile d'olive nous attendent. Retour au Caire. Vers 15h00, vous serez d\u00e9j\u00e0 \u00e0 votre h\u00f4tel.<\/p>\n<p><strong>Inclus :<\/strong><\/p>\n<ul>\n<li>Transferts depuis et vers l'h\u00f4tel<\/li>\n<li>Guide \u00e9gyptologue anglophone<\/li>\n<li>2 nuits de camping dans des endroits color\u00e9s du d\u00e9sert<\/li>\n<li>Frais d'entr\u00e9e pour toutes les attractions mentionn\u00e9es<\/li>\n<li>Repas : Jour 1 - d\u00e9jeuner, d\u00eener ; Jour 2 - petit-d\u00e9jeuner, d\u00e9jeuner, d\u00eener ; Jour 3 - petit-d\u00e9jeuner<\/li>\n<li>L'eau<\/li>\n<\/ul>\n<p><strong>Non inclus :<\/strong><\/p>\n<ul>\n<li>D\u00e9penses personnelles<\/li>\n<\/ul>\n<p><strong>Emportez-le avec vous :<\/strong><\/p>\n<ul>\n<li>Cam\u00e9ra photo-vid\u00e9o<\/li>\n<li>Coiffure<\/li>\n<li>Argent pour les d\u00e9penses personnelles et les souvenirs<\/li>\n<li>Chaussures confortables<\/li>\n<li>Des v\u00eatements chauds (il peut faire froid la nuit dans le d\u00e9sert).<\/li>\n<\/ul>","protected":false},"excerpt":{"rendered":"<p><strong>Dur\u00e9e de l'enqu\u00eate : <\/strong>3 jours<\/p>\n<p><strong>Jours de D\u00e9roulement:<\/strong> tous les jours sauf le dimanche<\/p>","protected":false},"featured_media":31545,"template":"","meta":{"_kad_post_transparent":"default","_kad_post_title":"","_kad_post_layout":"default","_kad_post_sidebar_id":"","_kad_post_content_style":"default","_kad_post_vertical_padding":"default","_kad_post_feature":"","_kad_post_feature_position":"","_kad_post_header":false,"_kad_post_footer":false,"_kad_post_classname":"","_glsr_average":0,"_glsr_ranking":0,"_glsr_reviews":0},"product_brand":[],"product_cat":[295],"product_tag":[],"class_list":{"0":"post-31521","1":"product","2":"type-product","3":"status-publish","4":"has-post-thumbnail","6":"product_cat-uncategorized","7":"tm-has-options","9":"first","10":"instock","11":"sold-individually","12":"taxable","13":"shipping-taxable","14":"purchasable","15":"product-type-simple","16":"entry","17":"content-bg","18":"loop-entry"},"yoast_head":"<!-- This site is optimized with the Yoast SEO plugin v27.3 - https:\/\/yoast.com\/product\/yoast-seo-wordpress\/ -->\n<title>\u042d\u043a\u0441\u043f\u0435\u0434\u0438\u0446\u0438\u044f \u0432 \u0411\u0435\u043b\u0443\u044e \u043f\u0443\u0441\u0442\u044b\u043d\u044e \u0438 \u043f\u0435\u0449\u0435\u0440\u0430 \u0414\u0436\u0430\u0440\u0430 3 \u0434\u043d\u044f &#8226; \u042d\u043a\u0441\u043a\u0443\u0440\u0441\u0438\u0438 Skyline<\/title>\n<meta name=\"robots\" content=\"index, follow, max-snippet:-1, max-image-preview:large, max-video-preview:-1\" \/>\n<link rel=\"canonical\" href=\"https:\/\/skyline-gs.com\/fr\/produit\/3-day-trip-to-the-white-desert-and-djara-cave-cairo\/\" \/>\n<meta property=\"og:locale\" content=\"fr_FR\" \/>\n<meta property=\"og:type\" content=\"article\" \/>\n<meta property=\"og:title\" content=\"\u042d\u043a\u0441\u043f\u0435\u0434\u0438\u0446\u0438\u044f \u0432 \u0411\u0435\u043b\u0443\u044e \u043f\u0443\u0441\u0442\u044b\u043d\u044e \u0438 \u043f\u0435\u0449\u0435\u0440\u0430 \u0414\u0436\u0430\u0440\u0430 3 \u0434\u043d\u044f &#8226; \u042d\u043a\u0441\u043a\u0443\u0440\u0441\u0438\u0438 Skyline\" \/>\n<meta property=\"og:description\" content=\"\u0414\u043b\u0438\u0442\u0435\u043b\u044c\u043d\u043e\u0441\u0442\u044c: 3 \u0434\u043d\u044f  \u0414\u043d\u0438 \u043f\u0440\u043e\u0432\u0435\u0434\u0435\u043d\u0438\u044f: \u0435\u0436\u0435\u0434\u043d\u0435\u0432\u043d\u043e, \u043a\u0440\u043e\u043c\u0435 \u0432\u043e\u0441\u043a\u0440\u0435\u0441\u0435\u043d\u0438\u044f\" \/>\n<meta property=\"og:url\" content=\"https:\/\/skyline-gs.com\/fr\/produit\/3-day-trip-to-the-white-desert-and-djara-cave-cairo\/\" \/>\n<meta property=\"og:site_name\" content=\"\u042d\u043a\u0441\u043a\u0443\u0440\u0441\u0438\u0438 Skyline\" \/>\n<meta property=\"article:modified_time\" content=\"2023-08-25T15:13:20+00:00\" \/>\n<meta property=\"og:image\" content=\"https:\/\/skyline-gs.com\/wp-content\/uploads\/2021\/09\/Belaya-i-chernaya-pustyni-11-of-14.jpg\" \/>\n\t<meta property=\"og:image:width\" content=\"900\" \/>\n\t<meta property=\"og:image:height\" content=\"600\" \/>\n\t<meta property=\"og:image:type\" content=\"image\/jpeg\" \/>\n<meta name=\"twitter:card\" content=\"summary_large_image\" \/>\n<meta name=\"twitter:label1\" content=\"Dur\u00e9e de lecture estim\u00e9e\" \/>\n\t<meta name=\"twitter:data1\" content=\"2 minutes\" \/>\n<script type=\"application\/ld+json\" class=\"yoast-schema-graph\">{\"@context\":\"https:\\\/\\\/schema.org\",\"@graph\":[{\"@type\":\"WebPage\",\"@id\":\"https:\\\/\\\/skyline-gs.com\\\/de\\\/produkt\\\/3-day-trip-to-the-white-desert-and-djara-cave-cairo\\\/\",\"url\":\"https:\\\/\\\/skyline-gs.com\\\/de\\\/produkt\\\/3-day-trip-to-the-white-desert-and-djara-cave-cairo\\\/\",\"name\":\"\u042d\u043a\u0441\u043f\u0435\u0434\u0438\u0446\u0438\u044f \u0432 \u0411\u0435\u043b\u0443\u044e \u043f\u0443\u0441\u0442\u044b\u043d\u044e \u0438 \u043f\u0435\u0449\u0435\u0440\u0430 \u0414\u0436\u0430\u0440\u0430 3 \u0434\u043d\u044f &#8226; \u042d\u043a\u0441\u043a\u0443\u0440\u0441\u0438\u0438 Skyline\",\"isPartOf\":{\"@id\":\"https:\\\/\\\/skyline-gs.com\\\/it\\\/#website\"},\"primaryImageOfPage\":{\"@id\":\"https:\\\/\\\/skyline-gs.com\\\/de\\\/produkt\\\/3-day-trip-to-the-white-desert-and-djara-cave-cairo\\\/#primaryimage\"},\"image\":{\"@id\":\"https:\\\/\\\/skyline-gs.com\\\/de\\\/produkt\\\/3-day-trip-to-the-white-desert-and-djara-cave-cairo\\\/#primaryimage\"},\"thumbnailUrl\":\"https:\\\/\\\/skyline-gs.com\\\/wp-content\\\/uploads\\\/2021\\\/09\\\/Belaya-i-chernaya-pustyni-11-of-14.jpg\",\"datePublished\":\"2021-09-17T21:37:36+00:00\",\"dateModified\":\"2023-08-25T15:13:20+00:00\",\"breadcrumb\":{\"@id\":\"https:\\\/\\\/skyline-gs.com\\\/de\\\/produkt\\\/3-day-trip-to-the-white-desert-and-djara-cave-cairo\\\/#breadcrumb\"},\"inLanguage\":\"fr-FR\",\"potentialAction\":[{\"@type\":\"ReadAction\",\"target\":[\"https:\\\/\\\/skyline-gs.com\\\/de\\\/produkt\\\/3-day-trip-to-the-white-desert-and-djara-cave-cairo\\\/\"]}]},{\"@type\":\"ImageObject\",\"inLanguage\":\"fr-FR\",\"@id\":\"https:\\\/\\\/skyline-gs.com\\\/de\\\/produkt\\\/3-day-trip-to-the-white-desert-and-djara-cave-cairo\\\/#primaryimage\",\"url\":\"https:\\\/\\\/skyline-gs.com\\\/wp-content\\\/uploads\\\/2021\\\/09\\\/Belaya-i-chernaya-pustyni-11-of-14.jpg\",\"contentUrl\":\"https:\\\/\\\/skyline-gs.com\\\/wp-content\\\/uploads\\\/2021\\\/09\\\/Belaya-i-chernaya-pustyni-11-of-14.jpg\",\"width\":900,\"height\":600},{\"@type\":\"BreadcrumbList\",\"@id\":\"https:\\\/\\\/skyline-gs.com\\\/de\\\/produkt\\\/3-day-trip-to-the-white-desert-and-djara-cave-cairo\\\/#breadcrumb\",\"itemListElement\":[{\"@type\":\"ListItem\",\"position\":1,\"name\":\"\u0413\u043b\u0430\u0432\u043d\u0430\u044f \u0441\u0442\u0440\u0430\u043d\u0438\u0446\u0430\",\"item\":\"https:\\\/\\\/skyline-gs.com\\\/hu\\\/\"},{\"@type\":\"ListItem\",\"position\":2,\"name\":\"\u041c\u0430\u0433\u0430\u0437\u0438\u043d\",\"item\":\"https:\\\/\\\/skyline-gs.com\\\/cs\\\/shop\\\/\"},{\"@type\":\"ListItem\",\"position\":3,\"name\":\"\u042d\u043a\u0441\u043f\u0435\u0434\u0438\u0446\u0438\u044f \u0432 \u0411\u0435\u043b\u0443\u044e \u043f\u0443\u0441\u0442\u044b\u043d\u044e \u0438 \u043f\u0435\u0449\u0435\u0440\u0430 \u0414\u0436\u0430\u0440\u0430 3 \u0434\u043d\u044f\"}]},{\"@type\":\"WebSite\",\"@id\":\"https:\\\/\\\/skyline-gs.com\\\/it\\\/#website\",\"url\":\"https:\\\/\\\/skyline-gs.com\\\/it\\\/\",\"name\":\"\u042d\u043a\u0441\u043a\u0443\u0440\u0441\u0438\u0438 Skyline\",\"description\":\"\u042d\u043a\u0441\u043a\u043b\u044e\u0437\u0438\u0432\u043d\u044b\u0435 \u044d\u043a\u0441\u043a\u0443\u0440\u0441\u0438\u0438 \u043d\u0430 \u043b\u0443\u0447\u0448\u0438\u0445 \u043a\u0443\u0440\u043e\u0440\u0442\u0430\u0445 \u043c\u0438\u0440\u0430\",\"publisher\":{\"@id\":\"https:\\\/\\\/skyline-gs.com\\\/it\\\/#organization\"},\"alternateName\":\"Skyline\",\"potentialAction\":[{\"@type\":\"SearchAction\",\"target\":{\"@type\":\"EntryPoint\",\"urlTemplate\":\"https:\\\/\\\/skyline-gs.com\\\/it\\\/?s={search_term_string}\"},\"query-input\":{\"@type\":\"PropertyValueSpecification\",\"valueRequired\":true,\"valueName\":\"search_term_string\"}}],\"inLanguage\":\"fr-FR\"},{\"@type\":\"Organization\",\"@id\":\"https:\\\/\\\/skyline-gs.com\\\/it\\\/#organization\",\"name\":\"\u042d\u043a\u0441\u043a\u0443\u0440\u0441\u0438\u0438 Skyline\",\"alternateName\":\"\u042d\u043a\u0441\u043a\u0443\u0440\u0441\u0438\u0438 Skyline\",\"url\":\"https:\\\/\\\/skyline-gs.com\\\/it\\\/\",\"logo\":{\"@type\":\"ImageObject\",\"inLanguage\":\"fr-FR\",\"@id\":\"https:\\\/\\\/skyline-gs.com\\\/it\\\/#\\\/schema\\\/logo\\\/image\\\/\",\"url\":\"https:\\\/\\\/skyline-gs.com\\\/wp-content\\\/uploads\\\/2020\\\/12\\\/cropped-logo-2.png\",\"contentUrl\":\"https:\\\/\\\/skyline-gs.com\\\/wp-content\\\/uploads\\\/2020\\\/12\\\/cropped-logo-2.png\",\"width\":512,\"height\":512,\"caption\":\"\u042d\u043a\u0441\u043a\u0443\u0440\u0441\u0438\u0438 Skyline\"},\"image\":{\"@id\":\"https:\\\/\\\/skyline-gs.com\\\/it\\\/#\\\/schema\\\/logo\\\/image\\\/\"},\"sameAs\":[\"https:\\\/\\\/www.instagram.com\\\/skylineglobalservice\\\/\"]}]}<\/script>\n<!-- \/ Yoast SEO plugin. -->","yoast_head_json":{"title":"\u042d\u043a\u0441\u043f\u0435\u0434\u0438\u0446\u0438\u044f \u0432 \u0411\u0435\u043b\u0443\u044e \u043f\u0443\u0441\u0442\u044b\u043d\u044e \u0438 \u043f\u0435\u0449\u0435\u0440\u0430 \u0414\u0436\u0430\u0440\u0430 3 \u0434\u043d\u044f &#8226; \u042d\u043a\u0441\u043a\u0443\u0440\u0441\u0438\u0438 Skyline","robots":{"index":"index","follow":"follow","max-snippet":"max-snippet:-1","max-image-preview":"max-image-preview:large","max-video-preview":"max-video-preview:-1"},"canonical":"https:\/\/skyline-gs.com\/fr\/produit\/3-day-trip-to-the-white-desert-and-djara-cave-cairo\/","og_locale":"fr_FR","og_type":"article","og_title":"\u042d\u043a\u0441\u043f\u0435\u0434\u0438\u0446\u0438\u044f \u0432 \u0411\u0435\u043b\u0443\u044e \u043f\u0443\u0441\u0442\u044b\u043d\u044e \u0438 \u043f\u0435\u0449\u0435\u0440\u0430 \u0414\u0436\u0430\u0440\u0430 3 \u0434\u043d\u044f &#8226; \u042d\u043a\u0441\u043a\u0443\u0440\u0441\u0438\u0438 Skyline","og_description":"\u0414\u043b\u0438\u0442\u0435\u043b\u044c\u043d\u043e\u0441\u0442\u044c: 3 \u0434\u043d\u044f  \u0414\u043d\u0438 \u043f\u0440\u043e\u0432\u0435\u0434\u0435\u043d\u0438\u044f: \u0435\u0436\u0435\u0434\u043d\u0435\u0432\u043d\u043e, \u043a\u0440\u043e\u043c\u0435 \u0432\u043e\u0441\u043a\u0440\u0435\u0441\u0435\u043d\u0438\u044f","og_url":"https:\/\/skyline-gs.com\/fr\/produit\/3-day-trip-to-the-white-desert-and-djara-cave-cairo\/","og_site_name":"\u042d\u043a\u0441\u043a\u0443\u0440\u0441\u0438\u0438 Skyline","article_modified_time":"2023-08-25T15:13:20+00:00","og_image":[{"width":900,"height":600,"url":"https:\/\/skyline-gs.com\/wp-content\/uploads\/2021\/09\/Belaya-i-chernaya-pustyni-11-of-14.jpg","type":"image\/jpeg"}],"twitter_card":"summary_large_image","twitter_misc":{"Dur\u00e9e de lecture estim\u00e9e":"2 minutes"},"schema":{"@context":"https:\/\/schema.org","@graph":[{"@type":"WebPage","@id":"https:\/\/skyline-gs.com\/de\/produkt\/3-day-trip-to-the-white-desert-and-djara-cave-cairo\/","url":"https:\/\/skyline-gs.com\/de\/produkt\/3-day-trip-to-the-white-desert-and-djara-cave-cairo\/","name":"\u042d\u043a\u0441\u043f\u0435\u0434\u0438\u0446\u0438\u044f \u0432 \u0411\u0435\u043b\u0443\u044e \u043f\u0443\u0441\u0442\u044b\u043d\u044e \u0438 \u043f\u0435\u0449\u0435\u0440\u0430 \u0414\u0436\u0430\u0440\u0430 3 \u0434\u043d\u044f &#8226; \u042d\u043a\u0441\u043a\u0443\u0440\u0441\u0438\u0438 Skyline","isPartOf":{"@id":"https:\/\/skyline-gs.com\/it\/#website"},"primaryImageOfPage":{"@id":"https:\/\/skyline-gs.com\/de\/produkt\/3-day-trip-to-the-white-desert-and-djara-cave-cairo\/#primaryimage"},"image":{"@id":"https:\/\/skyline-gs.com\/de\/produkt\/3-day-trip-to-the-white-desert-and-djara-cave-cairo\/#primaryimage"},"thumbnailUrl":"https:\/\/skyline-gs.com\/wp-content\/uploads\/2021\/09\/Belaya-i-chernaya-pustyni-11-of-14.jpg","datePublished":"2021-09-17T21:37:36+00:00","dateModified":"2023-08-25T15:13:20+00:00","breadcrumb":{"@id":"https:\/\/skyline-gs.com\/de\/produkt\/3-day-trip-to-the-white-desert-and-djara-cave-cairo\/#breadcrumb"},"inLanguage":"fr-FR","potentialAction":[{"@type":"ReadAction","target":["https:\/\/skyline-gs.com\/de\/produkt\/3-day-trip-to-the-white-desert-and-djara-cave-cairo\/"]}]},{"@type":"ImageObject","inLanguage":"fr-FR","@id":"https:\/\/skyline-gs.com\/de\/produkt\/3-day-trip-to-the-white-desert-and-djara-cave-cairo\/#primaryimage","url":"https:\/\/skyline-gs.com\/wp-content\/uploads\/2021\/09\/Belaya-i-chernaya-pustyni-11-of-14.jpg","contentUrl":"https:\/\/skyline-gs.com\/wp-content\/uploads\/2021\/09\/Belaya-i-chernaya-pustyni-11-of-14.jpg","width":900,"height":600},{"@type":"BreadcrumbList","@id":"https:\/\/skyline-gs.com\/de\/produkt\/3-day-trip-to-the-white-desert-and-djara-cave-cairo\/#breadcrumb","itemListElement":[{"@type":"ListItem","position":1,"name":"\u0413\u043b\u0430\u0432\u043d\u0430\u044f \u0441\u0442\u0440\u0430\u043d\u0438\u0446\u0430","item":"https:\/\/skyline-gs.com\/hu\/"},{"@type":"ListItem","position":2,"name":"\u041c\u0430\u0433\u0430\u0437\u0438\u043d","item":"https:\/\/skyline-gs.com\/cs\/shop\/"},{"@type":"ListItem","position":3,"name":"\u042d\u043a\u0441\u043f\u0435\u0434\u0438\u0446\u0438\u044f \u0432 \u0411\u0435\u043b\u0443\u044e \u043f\u0443\u0441\u0442\u044b\u043d\u044e \u0438 \u043f\u0435\u0449\u0435\u0440\u0430 \u0414\u0436\u0430\u0440\u0430 3 \u0434\u043d\u044f"}]},{"@type":"WebSite","@id":"https:\/\/skyline-gs.com\/it\/#website","url":"https:\/\/skyline-gs.com\/it\/","name":"Excursions Skyline","description":"Excursions exclusives dans les meilleurs centres de vill\u00e9giature du monde","publisher":{"@id":"https:\/\/skyline-gs.com\/it\/#organization"},"alternateName":"Skyline","potentialAction":[{"@type":"SearchAction","target":{"@type":"EntryPoint","urlTemplate":"https:\/\/skyline-gs.com\/it\/?s={search_term_string}"},"query-input":{"@type":"PropertyValueSpecification","valueRequired":true,"valueName":"search_term_string"}}],"inLanguage":"fr-FR"},{"@type":"Organization","@id":"https:\/\/skyline-gs.com\/it\/#organization","name":"Excursions Skyline","alternateName":"\u042d\u043a\u0441\u043a\u0443\u0440\u0441\u0438\u0438 Skyline","url":"https:\/\/skyline-gs.com\/it\/","logo":{"@type":"ImageObject","inLanguage":"fr-FR","@id":"https:\/\/skyline-gs.com\/it\/#\/schema\/logo\/image\/","url":"https:\/\/skyline-gs.com\/wp-content\/uploads\/2020\/12\/cropped-logo-2.png","contentUrl":"https:\/\/skyline-gs.com\/wp-content\/uploads\/2020\/12\/cropped-logo-2.png","width":512,"height":512,"caption":"\u042d\u043a\u0441\u043a\u0443\u0440\u0441\u0438\u0438 Skyline"},"image":{"@id":"https:\/\/skyline-gs.com\/it\/#\/schema\/logo\/image\/"},"sameAs":["https:\/\/www.instagram.com\/skylineglobalservice\/"]}]}},"_links":{"self":[{"href":"https:\/\/skyline-gs.com\/fr\/wp-json\/wp\/v2\/product\/31521","targetHints":{"allow":["GET"]}}],"collection":[{"href":"https:\/\/skyline-gs.com\/fr\/wp-json\/wp\/v2\/product"}],"about":[{"href":"https:\/\/skyline-gs.com\/fr\/wp-json\/wp\/v2\/types\/product"}],"version-history":[{"count":0,"href":"https:\/\/skyline-gs.com\/fr\/wp-json\/wp\/v2\/product\/31521\/revisions"}],"wp:featuredmedia":[{"embeddable":true,"href":"https:\/\/skyline-gs.com\/fr\/wp-json\/wp\/v2\/media\/31545"}],"wp:attachment":[{"href":"https:\/\/skyline-gs.com\/fr\/wp-json\/wp\/v2\/media?parent=31521"}],"wp:term":[{"taxonomy":"product_brand","embeddable":true,"href":"https:\/\/skyline-gs.com\/fr\/wp-json\/wp\/v2\/product_brand?post=31521"},{"taxonomy":"product_cat","embeddable":true,"href":"https:\/\/skyline-gs.com\/fr\/wp-json\/wp\/v2\/product_cat?post=31521"},{"taxonomy":"product_tag","embeddable":true,"href":"https:\/\/skyline-gs.com\/fr\/wp-json\/wp\/v2\/product_tag?post=31521"}],"curies":[{"name":"wp","href":"https:\/\/api.w.org\/{rel}","templated":true}]}}