{"id":30918,"date":"2021-09-06T12:38:26","date_gmt":"2021-09-06T10:38:26","guid":{"rendered":"http:\/\/skyline-gs.com\/?post_type=product&#038;p=30918"},"modified":"2025-11-04T14:56:33","modified_gmt":"2025-11-04T12:56:33","slug":"wadi-el-veshwash-valley-sharm-2","status":"publish","type":"product","link":"https:\/\/skyline-gs.com\/fr\/product\/wadi-el-veshwash-valley-sharm\/","title":{"rendered":"Vall\u00e9e de Wadi El Weshwash"},"content":{"rendered":"<p>L'un des safaris les plus \u00e9tonnants de la p\u00e9ninsule du Sina\u00ef ! Nature vierge, extr\u00eame et d\u00e9tente ! Visitez de nombreux endroits uniques du Sina\u00ef en une journ\u00e9e !<\/p>\n<p>7:00 d\u00e9part de l'h\u00f4tel en minibus confortable. Transfert vers le magnifique port de p\u00eache de Nuweiba, dont la majorit\u00e9 des habitants sont des B\u00e9douins p\u00eacheurs, qui ne laissera personne indiff\u00e9rent. Vous pourrez voir le panorama de la ville et de la lagune. Ensuite, transfert en jeep et safari fascinant \u00e0 travers les dunes de sable du d\u00e9sert br\u00fblant du Sina\u00ef, jusqu'au d\u00e9but de l'un des plus beaux canyons du Sina\u00ef.<\/p>\n<p>Traversez le canyon jusqu'\u00e0 la vall\u00e9e de Wadi El Weshwash, o\u00f9 vous pourrez voir en coupe l'histoire de plusieurs millions d'ann\u00e9es du canyon : des couches de granit et de basalte multicolores p\u00e9n\u00e8trent dans les falaises et forment un spectacle incroyable. Vous verrez une autre merveille naturelle - le lac \"Veshvashi\" (lac chuchotant) perdu dans les rochers. Le guide qui vous accompagnera vous expliquera son origine unique. Vous aurez l'occasion de vous baigner dans le lac (selon la l\u00e9gende, il s'agit de la r\u00e9alisation d'un r\u00eave cher). L'eau du lac reste fra\u00eeche m\u00eame par temps tr\u00e8s chaud.<\/p>\n<p>Apr\u00e8s le retour du canyon, vous vous rendrez \u00e0 la r\u00e9serve nationale d'Abu Galum, situ\u00e9e pr\u00e8s de Dahab (Golden City). A Abu Galum, vous pourrez appr\u00e9cier la beaut\u00e9 et la diversit\u00e9 du monde sous-marin de la Mer Rouge, en nageant avec des masques, le long du r\u00e9cif mondialement connu du \"Dive Canyon\" de 200m de long (le gilet est obligatoire - 3$ ! ainsi que les palmes et les masques, si n\u00e9cessaire, pourront \u00eatre lou\u00e9s). Ceux qui ne veulent pas nager peuvent se promener le long du rivage et profiter de la brise, du paysage et des photos. Vous pouvez aussi vous asseoir confortablement sur des coussins dans une tente au bord de la mer et regarder la mer d\u00e9ferler sur les rochers color\u00e9s de la c\u00f4te et observer les plongeurs venus du monde entier pour voir le c\u00e9l\u00e8bre canyon sous-marin.<\/p>\n<p>Ici, sur la rive du golfe d'Aqaba, un d\u00e9jeuner chaud vous sera servi (boissons en suppl\u00e9ment). Sur le chemin du retour, visite de Dahab \"Golden City\" et de son \"Oriental Bazaar\" color\u00e9, qui ne ressemble \u00e0 aucune autre ville d'Egypte, dans le style des Hippies (qui ont \u00e9t\u00e9 \u00e0 l'origine du d\u00e9veloppement d'un petit village b\u00e9douin et de la popularit\u00e9 de la ville de Dahab dans le monde entier). Retour \u00e0 Sharm El Sheikh vers 19h00.<\/p>\n<p><strong>Inclus :<\/strong><\/p>\n<ul>\n<li>Transferts depuis et vers l'h\u00f4tel<\/li>\n<li>Guide parlant russe<\/li>\n<li>D\u00e9jeuner<\/li>\n<li>safari en jeep 4x4<\/li>\n<li>Plong\u00e9e en apn\u00e9e<\/li>\n<li>Billet d'entr\u00e9e au parc national<\/li>\n<li>Th\u00e9 b\u00e9douin<\/li>\n<\/ul>\n<p><strong>Non inclus :<\/strong><\/p>\n<ul>\n<li>Location de mat\u00e9riel de plong\u00e9e en apn\u00e9e : masque, palmes, gilet de sauvetage<\/li>\n<li>Boissons pendant le d\u00e9jeuner<\/li>\n<\/ul>\n<p><strong>Emportez-le avec vous :<\/strong><\/p>\n<ul>\n<li>Passeport (original) et copie du passeport (1 copie)<\/li>\n<li>Photos d'identit\u00e9 \u00e0 envoyer au moment de la r\u00e9servation<\/li>\n<li>Masque de plong\u00e9e<\/li>\n<li>Lunettes de soleil<\/li>\n<li>Maillot de bain, slip de bain<\/li>\n<li>L'eau<\/li>\n<li>Cr\u00e8me solaire<\/li>\n<li>Serviette<\/li>\n<li>Argent pour les d\u00e9penses personnelles<\/li>\n<li>Chaussures confortables, baskets<\/li>\n<\/ul>","protected":false},"excerpt":{"rendered":"<p><strong>Temps du Tour:<\/strong> 7:00 \u2014 19:00<\/p>\n<p><strong>Jours de D\u00e9roulement:<\/strong> Mardi<\/p>","protected":false},"featured_media":30919,"template":"","meta":{"_kad_post_transparent":"default","_kad_post_title":"","_kad_post_layout":"default","_kad_post_sidebar_id":"","_kad_post_content_style":"default","_kad_post_vertical_padding":"default","_kad_post_feature":"","_kad_post_feature_position":"","_kad_post_header":false,"_kad_post_footer":false,"_kad_post_classname":"","_glsr_average":0,"_glsr_ranking":0,"_glsr_reviews":0},"product_brand":[],"product_cat":[435],"product_tag":[],"class_list":{"0":"post-30918","1":"product","2":"type-product","3":"status-publish","4":"has-post-thumbnail","6":"product_cat-sharm-el-sheikh","7":"tm-has-options","9":"first","10":"instock","11":"sale","12":"sold-individually","13":"taxable","14":"shipping-taxable","15":"purchasable","16":"product-type-simple","17":"entry","18":"content-bg","19":"loop-entry"},"yoast_head":"<!-- This site is optimized with the Yoast SEO plugin v27.3 - https:\/\/yoast.com\/product\/yoast-seo-wordpress\/ -->\n<title>\u0414\u043e\u043b\u0438\u043d\u0430 \u0412\u0430\u0434\u0438 \u042d\u043b\u044c \u0412\u0435\u0448\u0432\u0430\u0448 &#8226; \u042d\u043a\u0441\u043a\u0443\u0440\u0441\u0438\u0438 Skyline<\/title>\n<meta name=\"robots\" content=\"index, follow, max-snippet:-1, max-image-preview:large, max-video-preview:-1\" \/>\n<link rel=\"canonical\" href=\"https:\/\/skyline-gs.com\/fr\/produit\/wadi-el-veshwash-valley-sharm-2\/\" \/>\n<meta property=\"og:locale\" content=\"fr_FR\" \/>\n<meta property=\"og:type\" content=\"article\" \/>\n<meta property=\"og:title\" content=\"\u0414\u043e\u043b\u0438\u043d\u0430 \u0412\u0430\u0434\u0438 \u042d\u043b\u044c \u0412\u0435\u0448\u0432\u0430\u0448 &#8226; \u042d\u043a\u0441\u043a\u0443\u0440\u0441\u0438\u0438 Skyline\" \/>\n<meta property=\"og:description\" content=\"\u0412\u0440\u0435\u043c\u044f \u0442\u0443\u0440\u0430: 7:00 - 19:00  \u0414\u043d\u0438 \u043f\u0440\u043e\u0432\u0435\u0434\u0435\u043d\u0438\u044f: \u0412\u0442\u043e\u0440\u043d\u0438\u043a\" \/>\n<meta property=\"og:url\" content=\"https:\/\/skyline-gs.com\/fr\/produit\/wadi-el-veshwash-valley-sharm-2\/\" \/>\n<meta property=\"og:site_name\" content=\"\u042d\u043a\u0441\u043a\u0443\u0440\u0441\u0438\u0438 Skyline\" \/>\n<meta property=\"article:modified_time\" content=\"2025-11-04T12:56:33+00:00\" \/>\n<meta property=\"og:image\" content=\"https:\/\/skyline-gs.com\/wp-content\/uploads\/2021\/09\/1-3.png\" \/>\n\t<meta property=\"og:image:width\" content=\"669\" \/>\n\t<meta property=\"og:image:height\" content=\"446\" \/>\n\t<meta property=\"og:image:type\" content=\"image\/png\" \/>\n<meta name=\"twitter:card\" content=\"summary_large_image\" \/>\n<meta name=\"twitter:label1\" content=\"Dur\u00e9e de lecture estim\u00e9e\" \/>\n\t<meta name=\"twitter:data1\" content=\"3 minutes\" \/>\n<script type=\"application\/ld+json\" class=\"yoast-schema-graph\">{\"@context\":\"https:\\\/\\\/schema.org\",\"@graph\":[{\"@type\":\"WebPage\",\"@id\":\"https:\\\/\\\/skyline-gs.com\\\/de\\\/produkt\\\/wadi-el-veshwash-valley-sharm\\\/\",\"url\":\"https:\\\/\\\/skyline-gs.com\\\/de\\\/produkt\\\/wadi-el-veshwash-valley-sharm\\\/\",\"name\":\"\u0414\u043e\u043b\u0438\u043d\u0430 \u0412\u0430\u0434\u0438 \u042d\u043b\u044c \u0412\u0435\u0448\u0432\u0430\u0448 &#8226; \u042d\u043a\u0441\u043a\u0443\u0440\u0441\u0438\u0438 Skyline\",\"isPartOf\":{\"@id\":\"https:\\\/\\\/skyline-gs.com\\\/it\\\/#website\"},\"primaryImageOfPage\":{\"@id\":\"https:\\\/\\\/skyline-gs.com\\\/de\\\/produkt\\\/wadi-el-veshwash-valley-sharm\\\/#primaryimage\"},\"image\":{\"@id\":\"https:\\\/\\\/skyline-gs.com\\\/de\\\/produkt\\\/wadi-el-veshwash-valley-sharm\\\/#primaryimage\"},\"thumbnailUrl\":\"https:\\\/\\\/skyline-gs.com\\\/wp-content\\\/uploads\\\/2021\\\/09\\\/1-3.png\",\"datePublished\":\"2021-09-06T10:38:26+00:00\",\"dateModified\":\"2025-11-04T12:56:33+00:00\",\"breadcrumb\":{\"@id\":\"https:\\\/\\\/skyline-gs.com\\\/de\\\/produkt\\\/wadi-el-veshwash-valley-sharm\\\/#breadcrumb\"},\"inLanguage\":\"fr-FR\",\"potentialAction\":[{\"@type\":\"ReadAction\",\"target\":[\"https:\\\/\\\/skyline-gs.com\\\/de\\\/produkt\\\/wadi-el-veshwash-valley-sharm\\\/\"]}]},{\"@type\":\"ImageObject\",\"inLanguage\":\"fr-FR\",\"@id\":\"https:\\\/\\\/skyline-gs.com\\\/de\\\/produkt\\\/wadi-el-veshwash-valley-sharm\\\/#primaryimage\",\"url\":\"https:\\\/\\\/skyline-gs.com\\\/wp-content\\\/uploads\\\/2021\\\/09\\\/1-3.png\",\"contentUrl\":\"https:\\\/\\\/skyline-gs.com\\\/wp-content\\\/uploads\\\/2021\\\/09\\\/1-3.png\",\"width\":669,\"height\":446},{\"@type\":\"BreadcrumbList\",\"@id\":\"https:\\\/\\\/skyline-gs.com\\\/de\\\/produkt\\\/wadi-el-veshwash-valley-sharm\\\/#breadcrumb\",\"itemListElement\":[{\"@type\":\"ListItem\",\"position\":1,\"name\":\"\u0413\u043b\u0430\u0432\u043d\u0430\u044f \u0441\u0442\u0440\u0430\u043d\u0438\u0446\u0430\",\"item\":\"https:\\\/\\\/skyline-gs.com\\\/hu\\\/\"},{\"@type\":\"ListItem\",\"position\":2,\"name\":\"\u041c\u0430\u0433\u0430\u0437\u0438\u043d\",\"item\":\"https:\\\/\\\/skyline-gs.com\\\/cs\\\/shop\\\/\"},{\"@type\":\"ListItem\",\"position\":3,\"name\":\"\u0414\u043e\u043b\u0438\u043d\u0430 \u0412\u0430\u0434\u0438 \u042d\u043b\u044c \u0412\u0435\u0448\u0432\u0430\u0448\"}]},{\"@type\":\"WebSite\",\"@id\":\"https:\\\/\\\/skyline-gs.com\\\/it\\\/#website\",\"url\":\"https:\\\/\\\/skyline-gs.com\\\/it\\\/\",\"name\":\"\u042d\u043a\u0441\u043a\u0443\u0440\u0441\u0438\u0438 Skyline\",\"description\":\"\u042d\u043a\u0441\u043a\u043b\u044e\u0437\u0438\u0432\u043d\u044b\u0435 \u044d\u043a\u0441\u043a\u0443\u0440\u0441\u0438\u0438 \u043d\u0430 \u043b\u0443\u0447\u0448\u0438\u0445 \u043a\u0443\u0440\u043e\u0440\u0442\u0430\u0445 \u043c\u0438\u0440\u0430\",\"publisher\":{\"@id\":\"https:\\\/\\\/skyline-gs.com\\\/it\\\/#organization\"},\"alternateName\":\"Skyline\",\"potentialAction\":[{\"@type\":\"SearchAction\",\"target\":{\"@type\":\"EntryPoint\",\"urlTemplate\":\"https:\\\/\\\/skyline-gs.com\\\/it\\\/?s={search_term_string}\"},\"query-input\":{\"@type\":\"PropertyValueSpecification\",\"valueRequired\":true,\"valueName\":\"search_term_string\"}}],\"inLanguage\":\"fr-FR\"},{\"@type\":\"Organization\",\"@id\":\"https:\\\/\\\/skyline-gs.com\\\/it\\\/#organization\",\"name\":\"\u042d\u043a\u0441\u043a\u0443\u0440\u0441\u0438\u0438 Skyline\",\"alternateName\":\"\u042d\u043a\u0441\u043a\u0443\u0440\u0441\u0438\u0438 Skyline\",\"url\":\"https:\\\/\\\/skyline-gs.com\\\/it\\\/\",\"logo\":{\"@type\":\"ImageObject\",\"inLanguage\":\"fr-FR\",\"@id\":\"https:\\\/\\\/skyline-gs.com\\\/it\\\/#\\\/schema\\\/logo\\\/image\\\/\",\"url\":\"https:\\\/\\\/skyline-gs.com\\\/wp-content\\\/uploads\\\/2020\\\/12\\\/cropped-logo-2.png\",\"contentUrl\":\"https:\\\/\\\/skyline-gs.com\\\/wp-content\\\/uploads\\\/2020\\\/12\\\/cropped-logo-2.png\",\"width\":512,\"height\":512,\"caption\":\"\u042d\u043a\u0441\u043a\u0443\u0440\u0441\u0438\u0438 Skyline\"},\"image\":{\"@id\":\"https:\\\/\\\/skyline-gs.com\\\/it\\\/#\\\/schema\\\/logo\\\/image\\\/\"},\"sameAs\":[\"https:\\\/\\\/www.instagram.com\\\/skylineglobalservice\\\/\"]}]}<\/script>\n<!-- \/ Yoast SEO plugin. -->","yoast_head_json":{"title":"Vall\u00e9e de Wadi El Weshwash - Skyline Excursions","robots":{"index":"index","follow":"follow","max-snippet":"max-snippet:-1","max-image-preview":"max-image-preview:large","max-video-preview":"max-video-preview:-1"},"canonical":"https:\/\/skyline-gs.com\/fr\/produit\/wadi-el-veshwash-valley-sharm-2\/","og_locale":"fr_FR","og_type":"article","og_title":"\u0414\u043e\u043b\u0438\u043d\u0430 \u0412\u0430\u0434\u0438 \u042d\u043b\u044c \u0412\u0435\u0448\u0432\u0430\u0448 &#8226; \u042d\u043a\u0441\u043a\u0443\u0440\u0441\u0438\u0438 Skyline","og_description":"\u0412\u0440\u0435\u043c\u044f \u0442\u0443\u0440\u0430: 7:00 - 19:00  \u0414\u043d\u0438 \u043f\u0440\u043e\u0432\u0435\u0434\u0435\u043d\u0438\u044f: \u0412\u0442\u043e\u0440\u043d\u0438\u043a","og_url":"https:\/\/skyline-gs.com\/fr\/produit\/wadi-el-veshwash-valley-sharm-2\/","og_site_name":"\u042d\u043a\u0441\u043a\u0443\u0440\u0441\u0438\u0438 Skyline","article_modified_time":"2025-11-04T12:56:33+00:00","og_image":[{"width":669,"height":446,"url":"https:\/\/skyline-gs.com\/wp-content\/uploads\/2021\/09\/1-3.png","type":"image\/png"}],"twitter_card":"summary_large_image","twitter_misc":{"Dur\u00e9e de lecture estim\u00e9e":"3 minutes"},"schema":{"@context":"https:\/\/schema.org","@graph":[{"@type":"WebPage","@id":"https:\/\/skyline-gs.com\/de\/produkt\/wadi-el-veshwash-valley-sharm\/","url":"https:\/\/skyline-gs.com\/de\/produkt\/wadi-el-veshwash-valley-sharm\/","name":"Vall\u00e9e de Wadi El Weshwash - Skyline Excursions","isPartOf":{"@id":"https:\/\/skyline-gs.com\/it\/#website"},"primaryImageOfPage":{"@id":"https:\/\/skyline-gs.com\/de\/produkt\/wadi-el-veshwash-valley-sharm\/#primaryimage"},"image":{"@id":"https:\/\/skyline-gs.com\/de\/produkt\/wadi-el-veshwash-valley-sharm\/#primaryimage"},"thumbnailUrl":"https:\/\/skyline-gs.com\/wp-content\/uploads\/2021\/09\/1-3.png","datePublished":"2021-09-06T10:38:26+00:00","dateModified":"2025-11-04T12:56:33+00:00","breadcrumb":{"@id":"https:\/\/skyline-gs.com\/de\/produkt\/wadi-el-veshwash-valley-sharm\/#breadcrumb"},"inLanguage":"fr-FR","potentialAction":[{"@type":"ReadAction","target":["https:\/\/skyline-gs.com\/de\/produkt\/wadi-el-veshwash-valley-sharm\/"]}]},{"@type":"ImageObject","inLanguage":"fr-FR","@id":"https:\/\/skyline-gs.com\/de\/produkt\/wadi-el-veshwash-valley-sharm\/#primaryimage","url":"https:\/\/skyline-gs.com\/wp-content\/uploads\/2021\/09\/1-3.png","contentUrl":"https:\/\/skyline-gs.com\/wp-content\/uploads\/2021\/09\/1-3.png","width":669,"height":446},{"@type":"BreadcrumbList","@id":"https:\/\/skyline-gs.com\/de\/produkt\/wadi-el-veshwash-valley-sharm\/#breadcrumb","itemListElement":[{"@type":"ListItem","position":1,"name":"\u0413\u043b\u0430\u0432\u043d\u0430\u044f \u0441\u0442\u0440\u0430\u043d\u0438\u0446\u0430","item":"https:\/\/skyline-gs.com\/hu\/"},{"@type":"ListItem","position":2,"name":"\u041c\u0430\u0433\u0430\u0437\u0438\u043d","item":"https:\/\/skyline-gs.com\/cs\/shop\/"},{"@type":"ListItem","position":3,"name":"\u0414\u043e\u043b\u0438\u043d\u0430 \u0412\u0430\u0434\u0438 \u042d\u043b\u044c \u0412\u0435\u0448\u0432\u0430\u0448"}]},{"@type":"WebSite","@id":"https:\/\/skyline-gs.com\/it\/#website","url":"https:\/\/skyline-gs.com\/it\/","name":"Excursions Skyline","description":"Excursions exclusives dans les meilleurs centres de vill\u00e9giature du monde","publisher":{"@id":"https:\/\/skyline-gs.com\/it\/#organization"},"alternateName":"Skyline","potentialAction":[{"@type":"SearchAction","target":{"@type":"EntryPoint","urlTemplate":"https:\/\/skyline-gs.com\/it\/?s={search_term_string}"},"query-input":{"@type":"PropertyValueSpecification","valueRequired":true,"valueName":"search_term_string"}}],"inLanguage":"fr-FR"},{"@type":"Organization","@id":"https:\/\/skyline-gs.com\/it\/#organization","name":"Excursions Skyline","alternateName":"\u042d\u043a\u0441\u043a\u0443\u0440\u0441\u0438\u0438 Skyline","url":"https:\/\/skyline-gs.com\/it\/","logo":{"@type":"ImageObject","inLanguage":"fr-FR","@id":"https:\/\/skyline-gs.com\/it\/#\/schema\/logo\/image\/","url":"https:\/\/skyline-gs.com\/wp-content\/uploads\/2020\/12\/cropped-logo-2.png","contentUrl":"https:\/\/skyline-gs.com\/wp-content\/uploads\/2020\/12\/cropped-logo-2.png","width":512,"height":512,"caption":"\u042d\u043a\u0441\u043a\u0443\u0440\u0441\u0438\u0438 Skyline"},"image":{"@id":"https:\/\/skyline-gs.com\/it\/#\/schema\/logo\/image\/"},"sameAs":["https:\/\/www.instagram.com\/skylineglobalservice\/"]}]}},"_links":{"self":[{"href":"https:\/\/skyline-gs.com\/fr\/wp-json\/wp\/v2\/product\/30918","targetHints":{"allow":["GET"]}}],"collection":[{"href":"https:\/\/skyline-gs.com\/fr\/wp-json\/wp\/v2\/product"}],"about":[{"href":"https:\/\/skyline-gs.com\/fr\/wp-json\/wp\/v2\/types\/product"}],"version-history":[{"count":0,"href":"https:\/\/skyline-gs.com\/fr\/wp-json\/wp\/v2\/product\/30918\/revisions"}],"wp:featuredmedia":[{"embeddable":true,"href":"https:\/\/skyline-gs.com\/fr\/wp-json\/wp\/v2\/media\/30919"}],"wp:attachment":[{"href":"https:\/\/skyline-gs.com\/fr\/wp-json\/wp\/v2\/media?parent=30918"}],"wp:term":[{"taxonomy":"product_brand","embeddable":true,"href":"https:\/\/skyline-gs.com\/fr\/wp-json\/wp\/v2\/product_brand?post=30918"},{"taxonomy":"product_cat","embeddable":true,"href":"https:\/\/skyline-gs.com\/fr\/wp-json\/wp\/v2\/product_cat?post=30918"},{"taxonomy":"product_tag","embeddable":true,"href":"https:\/\/skyline-gs.com\/fr\/wp-json\/wp\/v2\/product_tag?post=30918"}],"curies":[{"name":"wp","href":"https:\/\/api.w.org\/{rel}","templated":true}]}}