{"id":30845,"date":"2021-09-03T20:07:55","date_gmt":"2021-09-03T18:07:55","guid":{"rendered":"http:\/\/skyline-gs.com\/?post_type=product&#038;p=30845"},"modified":"2025-12-15T01:52:15","modified_gmt":"2025-12-14T23:52:15","slug":"6-en-1-blue-hole-sharm","status":"publish","type":"product","link":"https:\/\/skyline-gs.com\/fr\/product\/6-in-1-blue-hole-sharm\/","title":{"rendered":"Trou bleu 6 en 1"},"content":{"rendered":"<p>Vous traverserez quelques-uns des sites naturels les plus \u00e9tonnants du Sina\u00ef. En une journ\u00e9e, vous ferez du quad, vous marcherez dans le canyon de Salama, vous d\u00e9couvrirez la vie des B\u00e9douins, vous vous prom\u00e8nerez \u00e0 dos de chameau le long de la c\u00f4te pittoresque, vous explorerez le monde sous-marin du c\u00e9l\u00e8bre trou bleu et vous terminerez la journ\u00e9e en faisant du shopping au bazar oriental de Dahab.<\/p>\n<p><strong>7:00 - D\u00e9part de l'h\u00f4tel<\/strong><br \/>\nTransfert vers la ville de Dahab en minibus climatis\u00e9.<\/p>\n<h4><strong>Canyon de Salama color\u00e9<\/strong><\/h4>\n<ul>\n<li>Randonn\u00e9e (environ 40 minutes) parmi des formations rocheuses multicolores uniques.<\/li>\n<li>Possibilit\u00e9 de faire de belles photos sur fond de formes naturelles inhabituelles<\/li>\n<li>Randonn\u00e9e facile, chaussures confortables recommand\u00e9es<\/li>\n<\/ul>\n<h4><strong>Excursion en quad<\/strong><\/h4>\n<ul>\n<li>Transfert vers les quads<\/li>\n<li>Un itin\u00e9raire spectaculaire \u00e0 travers des paysages d\u00e9sertiques<\/li>\n<\/ul>\n<h4><strong>R\u00e9serve d'Abu Galum et promenade \u00e0 dos de chameau<\/strong><\/h4>\n<ul>\n<li>Voyage sur le littoral du golfe d'Aqaba<\/li>\n<li>Promenades \u00e0 dos de chameau le long de la c\u00f4te<\/li>\n<\/ul>\n<h4><strong>Plong\u00e9e en apn\u00e9e dans le trou bleu<\/strong><\/h4>\n<ul>\n<li>Plong\u00e9e dans le c\u00e9l\u00e8bre r\u00e9cif corallien<\/li>\n<li>Explorez l'un des plus beaux r\u00e9cifs coralliens du monde et faites l'exp\u00e9rience de flotter au-dessus des abysses.<\/li>\n<li>Des vues in\u00e9gal\u00e9es du monde sous-marin<\/li>\n<li><strong>Important :<\/strong>\u00a0Il est obligatoire d'avoir un gilet de natation, la baignade sans gilet est interdite dans cet endroit (il est possible de le louer au point de location de mat\u00e9riel).<\/li>\n<\/ul>\n<h4><strong>D\u00e9jeuner dans une tente b\u00e9douine<\/strong><\/h4>\n<ul>\n<li>Plats traditionnels<\/li>\n<li>L'heure des vacances \u00e0 la mer a sonn\u00e9<\/li>\n<\/ul>\n<h4><strong>Visite du bazar oriental \u00e0 Dahab<\/strong><\/h4>\n<ul>\n<li>Possibilit\u00e9 d'acheter des huiles, des \u00e9pices, des souvenirs, des v\u00eatements<\/li>\n<\/ul>\n<p><strong>18:00 - Retour \u00e0 l'h\u00f4tel<\/strong><\/p>\n<p><strong>Inclus :<\/strong><\/p>\n<ul>\n<li>Transferts depuis et vers l'h\u00f4tel<\/li>\n<li>Guide parlant russe<\/li>\n<li>D\u00e9jeuner<\/li>\n<li>Billets d'entr\u00e9e<\/li>\n<li>Plong\u00e9e en apn\u00e9e dans le trou bleu<\/li>\n<li>Quad (40-50 min)<\/li>\n<li>Randonn\u00e9e \u00e0 dos de chameau<\/li>\n<li>Th\u00e9 b\u00e9douin<\/li>\n<\/ul>\n<p><strong>Non inclus :<\/strong><\/p>\n<ul>\n<li>Boissons pendant le d\u00e9jeuner<\/li>\n<li>Location de mat\u00e9riel de plong\u00e9e en apn\u00e9e : masque, palmes, gilet de sauvetage<\/li>\n<\/ul>\n<p><strong>Emportez-le avec vous :<\/strong><\/p>\n<ul>\n<li style=\"box-sizing: inherit;\">Passeport (original) et copie du passeport (1 copie)<\/li>\n<li>Masque de plong\u00e9e<\/li>\n<li>Lunettes de soleil<\/li>\n<li>Maillot de bain, slip de bain<\/li>\n<li>L'eau<\/li>\n<li>Cr\u00e8me solaire<\/li>\n<li>Serviette<\/li>\n<li>Argent pour les d\u00e9penses personnelles<\/li>\n<li>Chaussures confortables, baskets<\/li>\n<li>Chaussons en corail<\/li>\n<\/ul>","protected":false},"excerpt":{"rendered":"<p><strong>Temps du Tour:<\/strong> 7:00 \u2014 18:00<\/p>\n<p><strong>Jours de D\u00e9roulement:<\/strong> Tous les jours.<\/p>","protected":false},"featured_media":31551,"template":"","meta":{"_kad_post_transparent":"default","_kad_post_title":"","_kad_post_layout":"default","_kad_post_sidebar_id":"","_kad_post_content_style":"default","_kad_post_vertical_padding":"default","_kad_post_feature":"","_kad_post_feature_position":"","_kad_post_header":false,"_kad_post_footer":false,"_kad_post_classname":"","_glsr_average":0,"_glsr_ranking":0,"_glsr_reviews":0},"product_brand":[],"product_cat":[435],"product_tag":[],"class_list":{"0":"post-30845","1":"product","2":"type-product","3":"status-publish","4":"has-post-thumbnail","6":"product_cat-sharm-el-sheikh","7":"tm-has-options","9":"first","10":"instock","11":"sold-individually","12":"taxable","13":"shipping-taxable","14":"purchasable","15":"product-type-simple","16":"entry","17":"content-bg","18":"loop-entry"},"yoast_head":"<!-- This site is optimized with the Yoast SEO plugin v27.3 - https:\/\/yoast.com\/product\/yoast-seo-wordpress\/ -->\n<title>\u0413\u043e\u043b\u0443\u0431\u0430\u044f \u0434\u044b\u0440\u0430 6 \u0432 1 &#8226; \u042d\u043a\u0441\u043a\u0443\u0440\u0441\u0438\u0438 Skyline<\/title>\n<meta name=\"robots\" content=\"index, follow, max-snippet:-1, max-image-preview:large, max-video-preview:-1\" \/>\n<link rel=\"canonical\" href=\"http:\/\/skyline-gs.com\/fr\/produit\/6-en-1-blue-hole-sharm\/\" \/>\n<meta property=\"og:locale\" content=\"fr_FR\" \/>\n<meta property=\"og:type\" content=\"article\" \/>\n<meta property=\"og:title\" content=\"\u0413\u043e\u043b\u0443\u0431\u0430\u044f \u0434\u044b\u0440\u0430 6 \u0432 1 &#8226; \u042d\u043a\u0441\u043a\u0443\u0440\u0441\u0438\u0438 Skyline\" \/>\n<meta property=\"og:description\" content=\"\u0412\u0440\u0435\u043c\u044f \u0442\u0443\u0440\u0430: 7:00 - 18:00  \u0414\u043d\u0438 \u043f\u0440\u043e\u0432\u0435\u0434\u0435\u043d\u0438\u044f: \u041a\u0430\u0436\u0434\u044b\u0439 \u0434\u0435\u043d\u044c\" \/>\n<meta property=\"og:url\" content=\"http:\/\/skyline-gs.com\/fr\/produit\/6-en-1-blue-hole-sharm\/\" \/>\n<meta property=\"og:site_name\" content=\"\u042d\u043a\u0441\u043a\u0443\u0440\u0441\u0438\u0438 Skyline\" \/>\n<meta property=\"article:modified_time\" content=\"2025-12-14T23:52:15+00:00\" \/>\n<meta property=\"og:image\" content=\"https:\/\/skyline-gs.com\/wp-content\/uploads\/2021\/09\/98-1-1.jpg\" \/>\n\t<meta property=\"og:image:width\" content=\"669\" \/>\n\t<meta property=\"og:image:height\" content=\"446\" \/>\n\t<meta property=\"og:image:type\" content=\"image\/jpeg\" \/>\n<meta name=\"twitter:card\" content=\"summary_large_image\" \/>\n<meta name=\"twitter:label1\" content=\"Dur\u00e9e de lecture estim\u00e9e\" \/>\n\t<meta name=\"twitter:data1\" content=\"2 minutes\" \/>\n<script type=\"application\/ld+json\" class=\"yoast-schema-graph\">{\"@context\":\"https:\\\/\\\/schema.org\",\"@graph\":[{\"@type\":\"WebPage\",\"@id\":\"http:\\\/\\\/skyline-gs.com\\\/it\\\/prodotto\\\/6-in-1-blue-hole-sharm\\\/\",\"url\":\"http:\\\/\\\/skyline-gs.com\\\/it\\\/prodotto\\\/6-in-1-blue-hole-sharm\\\/\",\"name\":\"\u0413\u043e\u043b\u0443\u0431\u0430\u044f \u0434\u044b\u0440\u0430 6 \u0432 1 &#8226; \u042d\u043a\u0441\u043a\u0443\u0440\u0441\u0438\u0438 Skyline\",\"isPartOf\":{\"@id\":\"https:\\\/\\\/skyline-gs.com\\\/it\\\/#website\"},\"primaryImageOfPage\":{\"@id\":\"http:\\\/\\\/skyline-gs.com\\\/it\\\/prodotto\\\/6-in-1-blue-hole-sharm\\\/#primaryimage\"},\"image\":{\"@id\":\"http:\\\/\\\/skyline-gs.com\\\/it\\\/prodotto\\\/6-in-1-blue-hole-sharm\\\/#primaryimage\"},\"thumbnailUrl\":\"https:\\\/\\\/skyline-gs.com\\\/wp-content\\\/uploads\\\/2021\\\/09\\\/98-1-1.jpg\",\"datePublished\":\"2021-09-03T18:07:55+00:00\",\"dateModified\":\"2025-12-14T23:52:15+00:00\",\"breadcrumb\":{\"@id\":\"http:\\\/\\\/skyline-gs.com\\\/it\\\/prodotto\\\/6-in-1-blue-hole-sharm\\\/#breadcrumb\"},\"inLanguage\":\"fr-FR\",\"potentialAction\":[{\"@type\":\"ReadAction\",\"target\":[\"http:\\\/\\\/skyline-gs.com\\\/it\\\/prodotto\\\/6-in-1-blue-hole-sharm\\\/\"]}]},{\"@type\":\"ImageObject\",\"inLanguage\":\"fr-FR\",\"@id\":\"http:\\\/\\\/skyline-gs.com\\\/it\\\/prodotto\\\/6-in-1-blue-hole-sharm\\\/#primaryimage\",\"url\":\"https:\\\/\\\/skyline-gs.com\\\/wp-content\\\/uploads\\\/2021\\\/09\\\/98-1-1.jpg\",\"contentUrl\":\"https:\\\/\\\/skyline-gs.com\\\/wp-content\\\/uploads\\\/2021\\\/09\\\/98-1-1.jpg\",\"width\":669,\"height\":446},{\"@type\":\"BreadcrumbList\",\"@id\":\"http:\\\/\\\/skyline-gs.com\\\/it\\\/prodotto\\\/6-in-1-blue-hole-sharm\\\/#breadcrumb\",\"itemListElement\":[{\"@type\":\"ListItem\",\"position\":1,\"name\":\"\u0413\u043b\u0430\u0432\u043d\u0430\u044f \u0441\u0442\u0440\u0430\u043d\u0438\u0446\u0430\",\"item\":\"https:\\\/\\\/skyline-gs.com\\\/hu\\\/\"},{\"@type\":\"ListItem\",\"position\":2,\"name\":\"\u041c\u0430\u0433\u0430\u0437\u0438\u043d\",\"item\":\"https:\\\/\\\/skyline-gs.com\\\/cs\\\/shop\\\/\"},{\"@type\":\"ListItem\",\"position\":3,\"name\":\"\u0413\u043e\u043b\u0443\u0431\u0430\u044f \u0434\u044b\u0440\u0430 6 \u0432 1\"}]},{\"@type\":\"WebSite\",\"@id\":\"https:\\\/\\\/skyline-gs.com\\\/it\\\/#website\",\"url\":\"https:\\\/\\\/skyline-gs.com\\\/it\\\/\",\"name\":\"\u042d\u043a\u0441\u043a\u0443\u0440\u0441\u0438\u0438 Skyline\",\"description\":\"\u042d\u043a\u0441\u043a\u043b\u044e\u0437\u0438\u0432\u043d\u044b\u0435 \u044d\u043a\u0441\u043a\u0443\u0440\u0441\u0438\u0438 \u043d\u0430 \u043b\u0443\u0447\u0448\u0438\u0445 \u043a\u0443\u0440\u043e\u0440\u0442\u0430\u0445 \u043c\u0438\u0440\u0430\",\"publisher\":{\"@id\":\"https:\\\/\\\/skyline-gs.com\\\/it\\\/#organization\"},\"alternateName\":\"Skyline\",\"potentialAction\":[{\"@type\":\"SearchAction\",\"target\":{\"@type\":\"EntryPoint\",\"urlTemplate\":\"https:\\\/\\\/skyline-gs.com\\\/it\\\/?s={search_term_string}\"},\"query-input\":{\"@type\":\"PropertyValueSpecification\",\"valueRequired\":true,\"valueName\":\"search_term_string\"}}],\"inLanguage\":\"fr-FR\"},{\"@type\":\"Organization\",\"@id\":\"https:\\\/\\\/skyline-gs.com\\\/it\\\/#organization\",\"name\":\"\u042d\u043a\u0441\u043a\u0443\u0440\u0441\u0438\u0438 Skyline\",\"alternateName\":\"\u042d\u043a\u0441\u043a\u0443\u0440\u0441\u0438\u0438 Skyline\",\"url\":\"https:\\\/\\\/skyline-gs.com\\\/it\\\/\",\"logo\":{\"@type\":\"ImageObject\",\"inLanguage\":\"fr-FR\",\"@id\":\"https:\\\/\\\/skyline-gs.com\\\/it\\\/#\\\/schema\\\/logo\\\/image\\\/\",\"url\":\"https:\\\/\\\/skyline-gs.com\\\/wp-content\\\/uploads\\\/2020\\\/12\\\/cropped-logo-2.png\",\"contentUrl\":\"https:\\\/\\\/skyline-gs.com\\\/wp-content\\\/uploads\\\/2020\\\/12\\\/cropped-logo-2.png\",\"width\":512,\"height\":512,\"caption\":\"\u042d\u043a\u0441\u043a\u0443\u0440\u0441\u0438\u0438 Skyline\"},\"image\":{\"@id\":\"https:\\\/\\\/skyline-gs.com\\\/it\\\/#\\\/schema\\\/logo\\\/image\\\/\"},\"sameAs\":[\"https:\\\/\\\/www.instagram.com\\\/skylineglobalservice\\\/\"]}]}<\/script>\n<!-- \/ Yoast SEO plugin. -->","yoast_head_json":{"title":"Trou bleu 6 en 1 - Skyline Excursions","robots":{"index":"index","follow":"follow","max-snippet":"max-snippet:-1","max-image-preview":"max-image-preview:large","max-video-preview":"max-video-preview:-1"},"canonical":"http:\/\/skyline-gs.com\/fr\/produit\/6-en-1-blue-hole-sharm\/","og_locale":"fr_FR","og_type":"article","og_title":"\u0413\u043e\u043b\u0443\u0431\u0430\u044f \u0434\u044b\u0440\u0430 6 \u0432 1 &#8226; \u042d\u043a\u0441\u043a\u0443\u0440\u0441\u0438\u0438 Skyline","og_description":"\u0412\u0440\u0435\u043c\u044f \u0442\u0443\u0440\u0430: 7:00 - 18:00  \u0414\u043d\u0438 \u043f\u0440\u043e\u0432\u0435\u0434\u0435\u043d\u0438\u044f: \u041a\u0430\u0436\u0434\u044b\u0439 \u0434\u0435\u043d\u044c","og_url":"http:\/\/skyline-gs.com\/fr\/produit\/6-en-1-blue-hole-sharm\/","og_site_name":"\u042d\u043a\u0441\u043a\u0443\u0440\u0441\u0438\u0438 Skyline","article_modified_time":"2025-12-14T23:52:15+00:00","og_image":[{"width":669,"height":446,"url":"https:\/\/skyline-gs.com\/wp-content\/uploads\/2021\/09\/98-1-1.jpg","type":"image\/jpeg"}],"twitter_card":"summary_large_image","twitter_misc":{"Dur\u00e9e de lecture estim\u00e9e":"2 minutes"},"schema":{"@context":"https:\/\/schema.org","@graph":[{"@type":"WebPage","@id":"http:\/\/skyline-gs.com\/it\/prodotto\/6-in-1-blue-hole-sharm\/","url":"http:\/\/skyline-gs.com\/it\/prodotto\/6-in-1-blue-hole-sharm\/","name":"Trou bleu 6 en 1 - Skyline Excursions","isPartOf":{"@id":"https:\/\/skyline-gs.com\/it\/#website"},"primaryImageOfPage":{"@id":"http:\/\/skyline-gs.com\/it\/prodotto\/6-in-1-blue-hole-sharm\/#primaryimage"},"image":{"@id":"http:\/\/skyline-gs.com\/it\/prodotto\/6-in-1-blue-hole-sharm\/#primaryimage"},"thumbnailUrl":"https:\/\/skyline-gs.com\/wp-content\/uploads\/2021\/09\/98-1-1.jpg","datePublished":"2021-09-03T18:07:55+00:00","dateModified":"2025-12-14T23:52:15+00:00","breadcrumb":{"@id":"http:\/\/skyline-gs.com\/it\/prodotto\/6-in-1-blue-hole-sharm\/#breadcrumb"},"inLanguage":"fr-FR","potentialAction":[{"@type":"ReadAction","target":["http:\/\/skyline-gs.com\/it\/prodotto\/6-in-1-blue-hole-sharm\/"]}]},{"@type":"ImageObject","inLanguage":"fr-FR","@id":"http:\/\/skyline-gs.com\/it\/prodotto\/6-in-1-blue-hole-sharm\/#primaryimage","url":"https:\/\/skyline-gs.com\/wp-content\/uploads\/2021\/09\/98-1-1.jpg","contentUrl":"https:\/\/skyline-gs.com\/wp-content\/uploads\/2021\/09\/98-1-1.jpg","width":669,"height":446},{"@type":"BreadcrumbList","@id":"http:\/\/skyline-gs.com\/it\/prodotto\/6-in-1-blue-hole-sharm\/#breadcrumb","itemListElement":[{"@type":"ListItem","position":1,"name":"\u0413\u043b\u0430\u0432\u043d\u0430\u044f \u0441\u0442\u0440\u0430\u043d\u0438\u0446\u0430","item":"https:\/\/skyline-gs.com\/hu\/"},{"@type":"ListItem","position":2,"name":"\u041c\u0430\u0433\u0430\u0437\u0438\u043d","item":"https:\/\/skyline-gs.com\/cs\/shop\/"},{"@type":"ListItem","position":3,"name":"\u0413\u043e\u043b\u0443\u0431\u0430\u044f \u0434\u044b\u0440\u0430 6 \u0432 1"}]},{"@type":"WebSite","@id":"https:\/\/skyline-gs.com\/it\/#website","url":"https:\/\/skyline-gs.com\/it\/","name":"Excursions Skyline","description":"Excursions exclusives dans les meilleurs centres de vill\u00e9giature du monde","publisher":{"@id":"https:\/\/skyline-gs.com\/it\/#organization"},"alternateName":"Skyline","potentialAction":[{"@type":"SearchAction","target":{"@type":"EntryPoint","urlTemplate":"https:\/\/skyline-gs.com\/it\/?s={search_term_string}"},"query-input":{"@type":"PropertyValueSpecification","valueRequired":true,"valueName":"search_term_string"}}],"inLanguage":"fr-FR"},{"@type":"Organization","@id":"https:\/\/skyline-gs.com\/it\/#organization","name":"Excursions Skyline","alternateName":"\u042d\u043a\u0441\u043a\u0443\u0440\u0441\u0438\u0438 Skyline","url":"https:\/\/skyline-gs.com\/it\/","logo":{"@type":"ImageObject","inLanguage":"fr-FR","@id":"https:\/\/skyline-gs.com\/it\/#\/schema\/logo\/image\/","url":"https:\/\/skyline-gs.com\/wp-content\/uploads\/2020\/12\/cropped-logo-2.png","contentUrl":"https:\/\/skyline-gs.com\/wp-content\/uploads\/2020\/12\/cropped-logo-2.png","width":512,"height":512,"caption":"\u042d\u043a\u0441\u043a\u0443\u0440\u0441\u0438\u0438 Skyline"},"image":{"@id":"https:\/\/skyline-gs.com\/it\/#\/schema\/logo\/image\/"},"sameAs":["https:\/\/www.instagram.com\/skylineglobalservice\/"]}]}},"_links":{"self":[{"href":"https:\/\/skyline-gs.com\/fr\/wp-json\/wp\/v2\/product\/30845","targetHints":{"allow":["GET"]}}],"collection":[{"href":"https:\/\/skyline-gs.com\/fr\/wp-json\/wp\/v2\/product"}],"about":[{"href":"https:\/\/skyline-gs.com\/fr\/wp-json\/wp\/v2\/types\/product"}],"version-history":[{"count":0,"href":"https:\/\/skyline-gs.com\/fr\/wp-json\/wp\/v2\/product\/30845\/revisions"}],"wp:featuredmedia":[{"embeddable":true,"href":"https:\/\/skyline-gs.com\/fr\/wp-json\/wp\/v2\/media\/31551"}],"wp:attachment":[{"href":"https:\/\/skyline-gs.com\/fr\/wp-json\/wp\/v2\/media?parent=30845"}],"wp:term":[{"taxonomy":"product_brand","embeddable":true,"href":"https:\/\/skyline-gs.com\/fr\/wp-json\/wp\/v2\/product_brand?post=30845"},{"taxonomy":"product_cat","embeddable":true,"href":"https:\/\/skyline-gs.com\/fr\/wp-json\/wp\/v2\/product_cat?post=30845"},{"taxonomy":"product_tag","embeddable":true,"href":"https:\/\/skyline-gs.com\/fr\/wp-json\/wp\/v2\/product_tag?post=30845"}],"curies":[{"name":"wp","href":"https:\/\/api.w.org\/{rel}","templated":true}]}}