{"id":29917,"date":"2021-08-24T13:35:40","date_gmt":"2021-08-24T11:35:40","guid":{"rendered":"http:\/\/skyline-gs.com\/?post_type=product&#038;p=29917"},"modified":"2026-03-27T02:22:57","modified_gmt":"2026-03-27T00:22:57","slug":"cairo-and-alexandria-2-days-sharm","status":"publish","type":"product","link":"https:\/\/skyline-gs.com\/fr\/product\/cairo-and-alexandria-2-days-sharm\/","title":{"rendered":"Le Caire et Alexandrie 2 jours"},"content":{"rendered":"<p>L'excursion de deux jours au Caire et \u00e0 Alexandrie est une occasion unique de d\u00e9couvrir le c\u0153ur oriental de l'\u00c9gypte et d'en retirer des impressions inoubliables. Ce circuit combine la visite des deux capitales de l'\u00c9gypte : Le Caire aujourd'hui et Alexandrie il y a des milliers d'ann\u00e9es. Les deux villes poss\u00e9daient des artefacts figurant sur la liste des 7 merveilles du monde.<\/p>\n<p><strong>Jour 1<\/strong><\/p>\n<p>Le transfert vous prendra \u00e0 votre h\u00f4tel vers 1h00 du matin et vous emm\u00e8nera de Sharm au Caire. Vous voyagerez dans un bus confortable avec air conditionn\u00e9, toilettes et si\u00e8ges confortables, avec une escorte, un agent de s\u00e9curit\u00e9 (repr\u00e9sentant de la police touristique) qui voyagera avec vous. Le voyage dure environ 5-6 heures.<\/p>\n<p>Un guide russophone vous accueille au Caire et votre visite commence par le Mus\u00e9e national de l'\u00c9gypte ancienne, qui est le gardien in\u00e9gal\u00e9 de la plus grande collection arch\u00e9ologique au monde. Le mus\u00e9e poss\u00e8de environ 160 000 objets, dont le contenu du tombeau de Tout\u00e2nkhamon et des momies. Croisi\u00e8re sur le Nil - 40 minutes, pour se d\u00e9tendre et prendre de superbes photos, loin de l'agitation de la ville, sur le voilier Feluke on the Nile (en option, suppl\u00e9ment 10$). D\u00e9jeuner panoramique dans un restaurant sur les rives du Nil (buffet). Ensuite, vous verrez l'attraction principale du Caire, le complexe des pyramides de Gizeh et le Sphinx. Il comprend : la seule existante des sept merveilles du monde antique - la pyramide de Kh\u00e9ops, la pyramide de Khafra et la pyramide de Menkaure. La statue du Grand Sphinx - situ\u00e9e \u00e0 l'est de la pyramide de Ch\u00e9phren, elle fait face au Nil et au soleil levant. Installation \u00e0 l'h\u00f4tel.<\/p>\n<p><strong>Jour 2<\/strong><\/p>\n<p>D\u00e9part de l'h\u00f4tel du Caire apr\u00e8s le petit-d\u00e9jeuner \u00e0 7h00. Route vers Alexandrie pendant environ 2 heures (200 km). Vous verrez les curiosit\u00e9s de cette belle ville, qui a r\u00e9uni des cultures de diff\u00e9rentes \u00e9poques. La Biblioth\u00e8que royale d'Alexandrie ou l'Ancienne Biblioth\u00e8que d'Alexandrie (vue d'ensemble) \u00e9tait l'une des plus grandes et des plus importantes biblioth\u00e8ques du monde antique. Elle \u00e9tait d\u00e9di\u00e9e aux Muses, les neuf d\u00e9esses des arts. Patriarcat copte - Lieu o\u00f9 est enterr\u00e9 le grand ap\u00f4tre Marc. Mosqu\u00e9e Morsi Abu el Abbas. Citadelle de Kait Bai (vue d'ensemble). On pense que la forteresse a \u00e9t\u00e9 construite sur le site d'une des sept merveilles du monde antique, le phare d'Alexandrie, et m\u00eame plus - les restes du phare ont \u00e9t\u00e9 utilis\u00e9s dans la construction. D\u00e9jeuner dans un restaurant de poissons sur la mer M\u00e9diterran\u00e9e. Retour \u00e0 Sharm et arriv\u00e9e \u00e0 l'h\u00f4tel vers 23h00.<\/p>\n<p><strong>Inclus :<\/strong><\/p>\n<ul>\n<li>Transferts depuis et vers l'h\u00f4tel<\/li>\n<li>Excursion en bus confortable et climatis\u00e9<\/li>\n<li>Guide parlant russe<\/li>\n<li>Nuit \u00e0 l'h\u00f4tel<\/li>\n<li>D\u00e9jeuner - petit-d\u00e9jeuner - d\u00e9jeuner<\/li>\n<li>Billets d'entr\u00e9e<\/li>\n<\/ul>\n<p><strong>Non inclus :<\/strong><\/p>\n<ul>\n<li>\n<div>Boissons pendant le d\u00e9jeuner<\/div>\n<\/li>\n<li>Une promenade sur le Nil - 10$<\/li>\n<\/ul>\n<p><strong>Emportez-le avec vous :<\/strong><\/p>\n<ul>\n<li>Un passeport avec un visa \u00e9gyptien !<\/li>\n<li>Bo\u00eete \u00e0 lunch (comme vous quittez l'h\u00f4tel le soir, vous devez commander le petit d\u00e9jeuner \u00e0 la r\u00e9ception de l'h\u00f4tel, ce qui est gratuit)<\/li>\n<li>L'eau<\/li>\n<li>Lunettes de soleil.<\/li>\n<li>Coiffure.<\/li>\n<li>Habillez-vous en fonction de la saison et, en \u00e9t\u00e9, pr\u00e9voyez une veste ou un pull, car le bus est climatis\u00e9 !<\/li>\n<li>Des chaussures confortables.<\/li>\n<li>Argent : pour les souvenirs, les boissons et les d\u00e9penses personnelles.<\/li>\n<\/ul>\n<p><strong>Attention !<\/strong><\/p>\n<ul>\n<li>\u0414\u043b\u044f \u043f\u043e\u0435\u0437\u0434\u043a\u0438 \u0432 \u041a\u0430\u0438\u0440 \u0432 \u043f\u0430\u0441\u043f\u043e\u0440\u0442\u0435 \u0434\u043e\u043b\u0436\u043d\u0430 \u0431\u044b\u0442\u044c \u0432\u0438\u0437\u0430-\u043c\u0430\u0440\u043a\u0430 \u0441\u0442\u043e\u0438\u043c\u043e\u0441\u0442\u044c\u044e 30$, \u043a\u043e\u0442\u043e\u0440\u0430\u044f \u043e\u0444\u043e\u0440\u043c\u043b\u044f\u0435\u0442\u0441\u044f \u043f\u043e \u043f\u0440\u0438\u043b\u0451\u0442\u0443 \u0432 \u0430\u044d\u0440\u043e\u043f\u043e\u0440\u0442\u0443. \u0415\u0441\u043b\u0438 \u043f\u043e \u043a\u0430\u043a\u0438\u043c-\u0442\u043e \u043f\u0440\u0438\u0447\u0438\u043d\u0430\u043c \u0432\u0438\u0437\u0430 \u043d\u0435 \u0431\u044b\u043b\u0430 \u043f\u0440\u0438\u043e\u0431\u0440\u0435\u0442\u0435\u043d\u0430, \u043d\u0435 \u043f\u0435\u0440\u0435\u0436\u0438\u0432\u0430\u0439\u0442\u0435 \u2014 \u043c\u044b \u0432\u0441\u0451 \u043e\u0440\u0433\u0430\u043d\u0438\u0437\u0443\u0435\u043c. \u0412 \u0434\u0435\u043d\u044c \u044d\u043a\u0441\u043a\u0443\u0440\u0441\u0438\u0438 \u043a \u0432\u0430\u0448\u0435\u043c\u0443 \u043e\u0442\u0435\u043b\u044e \u043f\u0440\u0438\u0435\u0434\u0435\u0442 \u0434\u043e\u043f\u043e\u043b\u043d\u0438\u0442\u0435\u043b\u044c\u043d\u044b\u0439 \u0442\u0440\u0430\u043d\u0441\u0444\u0435\u0440, \u043a\u043e\u0442\u043e\u0440\u044b\u0439 \u0430\u043a\u043a\u0443\u0440\u0430\u0442\u043d\u043e \u0437\u0430\u0431\u0435\u0440\u0451\u0442 \u043f\u0430\u0441\u043f\u043e\u0440\u0442\u0430 \u0434\u043b\u044f \u043e\u0444\u043e\u0440\u043c\u043b\u0435\u043d\u0438\u044f \u0432\u0438\u0437\u044b. \u0423\u0436\u0435 \u0432\u043e \u0432\u0440\u0435\u043c\u044f \u044d\u043a\u0441\u043a\u0443\u0440\u0441\u0438\u0438 \u043f\u0430\u0441\u043f\u043e\u0440\u0442\u0430 \u0431\u0443\u0434\u0443\u0442 \u0432\u043e\u0437\u0432\u0440\u0430\u0449\u0435\u043d\u044b \u0442\u0443\u0440\u0438\u0441\u0442\u0430\u043c. \u0412\u0441\u0451 \u043f\u0440\u043e\u0445\u043e\u0434\u0438\u0442 \u043e\u0444\u0438\u0446\u0438\u0430\u043b\u044c\u043d\u043e, \u0431\u0435\u0437\u043e\u043f\u0430\u0441\u043d\u043e \u0438 \u0431\u0435\u0437 \u043b\u0438\u0448\u043d\u0438\u0445 \u0445\u043b\u043e\u043f\u043e\u0442 \u0434\u043b\u044f \u0432\u0430\u0441. \u0421\u0442\u043e\u0438\u043c\u043e\u0441\u0442\u044c \u0443\u0441\u043b\u0443\u0433\u0438 \u2014 37$ (\u0432\u0438\u0437\u0430 \u2014 30$, \u0434\u043e\u043f\u043e\u043b\u043d\u0438\u0442\u0435\u043b\u044c\u043d\u044b\u0439 \u0442\u0440\u0430\u043d\u0441\u0444\u0435\u0440 \u2014 7$ \u0441 \u0447\u0435\u043b\u043e\u0432\u0435\u043a\u0430).<\/li>\n<\/ul>","protected":false},"excerpt":{"rendered":"<p><strong>Dur\u00e9e de l'enqu\u00eate :<\/strong> 2 jours<\/p>\n<p><strong>Jours de D\u00e9roulement:<\/strong> Mercredi, samedi<\/p>","protected":false},"featured_media":29932,"template":"","meta":{"_kad_post_transparent":"default","_kad_post_title":"","_kad_post_layout":"default","_kad_post_sidebar_id":"","_kad_post_content_style":"default","_kad_post_vertical_padding":"default","_kad_post_feature":"","_kad_post_feature_position":"","_kad_post_header":false,"_kad_post_footer":false,"_kad_post_classname":"","_glsr_average":0,"_glsr_ranking":0,"_glsr_reviews":0},"product_brand":[],"product_cat":[435],"product_tag":[],"class_list":{"0":"post-29917","1":"product","2":"type-product","3":"status-publish","4":"has-post-thumbnail","6":"product_cat-sharm-el-sheikh","7":"tm-has-options","9":"first","10":"instock","11":"sold-individually","12":"taxable","13":"shipping-taxable","14":"purchasable","15":"product-type-simple","16":"entry","17":"content-bg","18":"loop-entry"},"yoast_head":"<!-- This site is optimized with the Yoast SEO plugin v27.3 - https:\/\/yoast.com\/product\/yoast-seo-wordpress\/ -->\n<title>\u041a\u0430\u0438\u0440 \u0438 \u0410\u043b\u0435\u043a\u0441\u0430\u043d\u0434\u0440\u0438\u044f 2 \u0434\u043d\u044f &#8226; \u042d\u043a\u0441\u043a\u0443\u0440\u0441\u0438\u0438 Skyline<\/title>\n<meta name=\"robots\" content=\"index, follow, max-snippet:-1, max-image-preview:large, max-video-preview:-1\" \/>\n<link rel=\"canonical\" href=\"https:\/\/skyline-gs.com\/fr\/produit\/cairo-and-alexandria-2-days-sharm\/\" \/>\n<meta property=\"og:locale\" content=\"fr_FR\" \/>\n<meta property=\"og:type\" content=\"article\" \/>\n<meta property=\"og:title\" content=\"\u041a\u0430\u0438\u0440 \u0438 \u0410\u043b\u0435\u043a\u0441\u0430\u043d\u0434\u0440\u0438\u044f 2 \u0434\u043d\u044f &#8226; \u042d\u043a\u0441\u043a\u0443\u0440\u0441\u0438\u0438 Skyline\" \/>\n<meta property=\"og:description\" content=\"\u0414\u043b\u0438\u0442\u0435\u043b\u044c\u043d\u043e\u0441\u0442\u044c: 2 \u0434\u043d\u044f  \u0414\u043d\u0438 \u043f\u0440\u043e\u0432\u0435\u0434\u0435\u043d\u0438\u044f: \u0421\u0440\u0435\u0434\u0430, \u0421\u0443\u0431\u0431\u043e\u0442\u0430\" \/>\n<meta property=\"og:url\" content=\"https:\/\/skyline-gs.com\/fr\/produit\/cairo-and-alexandria-2-days-sharm\/\" \/>\n<meta property=\"og:site_name\" content=\"\u042d\u043a\u0441\u043a\u0443\u0440\u0441\u0438\u0438 Skyline\" \/>\n<meta property=\"article:modified_time\" content=\"2026-03-27T00:22:57+00:00\" \/>\n<meta property=\"og:image\" content=\"https:\/\/skyline-gs.com\/wp-content\/uploads\/2021\/08\/Foto-na-sajt.png\" \/>\n\t<meta property=\"og:image:width\" content=\"669\" \/>\n\t<meta property=\"og:image:height\" content=\"446\" \/>\n\t<meta property=\"og:image:type\" content=\"image\/png\" \/>\n<meta name=\"twitter:card\" content=\"summary_large_image\" \/>\n<meta name=\"twitter:label1\" content=\"Dur\u00e9e de lecture estim\u00e9e\" \/>\n\t<meta name=\"twitter:data1\" content=\"3 minutes\" \/>\n<script type=\"application\/ld+json\" class=\"yoast-schema-graph\">{\"@context\":\"https:\\\/\\\/schema.org\",\"@graph\":[{\"@type\":\"WebPage\",\"@id\":\"https:\\\/\\\/skyline-gs.com\\\/product\\\/cairo-and-alexandria-2-days-sharm\\\/\",\"url\":\"https:\\\/\\\/skyline-gs.com\\\/product\\\/cairo-and-alexandria-2-days-sharm\\\/\",\"name\":\"\u041a\u0430\u0438\u0440 \u0438 \u0410\u043b\u0435\u043a\u0441\u0430\u043d\u0434\u0440\u0438\u044f 2 \u0434\u043d\u044f &#8226; \u042d\u043a\u0441\u043a\u0443\u0440\u0441\u0438\u0438 Skyline\",\"isPartOf\":{\"@id\":\"https:\\\/\\\/skyline-gs.com\\\/it\\\/#website\"},\"primaryImageOfPage\":{\"@id\":\"https:\\\/\\\/skyline-gs.com\\\/product\\\/cairo-and-alexandria-2-days-sharm\\\/#primaryimage\"},\"image\":{\"@id\":\"https:\\\/\\\/skyline-gs.com\\\/product\\\/cairo-and-alexandria-2-days-sharm\\\/#primaryimage\"},\"thumbnailUrl\":\"https:\\\/\\\/skyline-gs.com\\\/wp-content\\\/uploads\\\/2021\\\/08\\\/Foto-na-sajt.png\",\"datePublished\":\"2021-08-24T11:35:40+00:00\",\"dateModified\":\"2026-03-27T00:22:57+00:00\",\"breadcrumb\":{\"@id\":\"https:\\\/\\\/skyline-gs.com\\\/product\\\/cairo-and-alexandria-2-days-sharm\\\/#breadcrumb\"},\"inLanguage\":\"fr-FR\",\"potentialAction\":[{\"@type\":\"ReadAction\",\"target\":[\"https:\\\/\\\/skyline-gs.com\\\/product\\\/cairo-and-alexandria-2-days-sharm\\\/\"]}]},{\"@type\":\"ImageObject\",\"inLanguage\":\"fr-FR\",\"@id\":\"https:\\\/\\\/skyline-gs.com\\\/product\\\/cairo-and-alexandria-2-days-sharm\\\/#primaryimage\",\"url\":\"https:\\\/\\\/skyline-gs.com\\\/wp-content\\\/uploads\\\/2021\\\/08\\\/Foto-na-sajt.png\",\"contentUrl\":\"https:\\\/\\\/skyline-gs.com\\\/wp-content\\\/uploads\\\/2021\\\/08\\\/Foto-na-sajt.png\",\"width\":669,\"height\":446},{\"@type\":\"BreadcrumbList\",\"@id\":\"https:\\\/\\\/skyline-gs.com\\\/product\\\/cairo-and-alexandria-2-days-sharm\\\/#breadcrumb\",\"itemListElement\":[{\"@type\":\"ListItem\",\"position\":1,\"name\":\"\u0413\u043b\u0430\u0432\u043d\u0430\u044f \u0441\u0442\u0440\u0430\u043d\u0438\u0446\u0430\",\"item\":\"https:\\\/\\\/skyline-gs.com\\\/hu\\\/\"},{\"@type\":\"ListItem\",\"position\":2,\"name\":\"\u041c\u0430\u0433\u0430\u0437\u0438\u043d\",\"item\":\"https:\\\/\\\/skyline-gs.com\\\/cs\\\/shop\\\/\"},{\"@type\":\"ListItem\",\"position\":3,\"name\":\"\u041a\u0430\u0438\u0440 \u0438 \u0410\u043b\u0435\u043a\u0441\u0430\u043d\u0434\u0440\u0438\u044f 2 \u0434\u043d\u044f\"}]},{\"@type\":\"WebSite\",\"@id\":\"https:\\\/\\\/skyline-gs.com\\\/it\\\/#website\",\"url\":\"https:\\\/\\\/skyline-gs.com\\\/it\\\/\",\"name\":\"\u042d\u043a\u0441\u043a\u0443\u0440\u0441\u0438\u0438 Skyline\",\"description\":\"\u042d\u043a\u0441\u043a\u043b\u044e\u0437\u0438\u0432\u043d\u044b\u0435 \u044d\u043a\u0441\u043a\u0443\u0440\u0441\u0438\u0438 \u043d\u0430 \u043b\u0443\u0447\u0448\u0438\u0445 \u043a\u0443\u0440\u043e\u0440\u0442\u0430\u0445 \u043c\u0438\u0440\u0430\",\"publisher\":{\"@id\":\"https:\\\/\\\/skyline-gs.com\\\/it\\\/#organization\"},\"alternateName\":\"Skyline\",\"potentialAction\":[{\"@type\":\"SearchAction\",\"target\":{\"@type\":\"EntryPoint\",\"urlTemplate\":\"https:\\\/\\\/skyline-gs.com\\\/it\\\/?s={search_term_string}\"},\"query-input\":{\"@type\":\"PropertyValueSpecification\",\"valueRequired\":true,\"valueName\":\"search_term_string\"}}],\"inLanguage\":\"fr-FR\"},{\"@type\":\"Organization\",\"@id\":\"https:\\\/\\\/skyline-gs.com\\\/it\\\/#organization\",\"name\":\"\u042d\u043a\u0441\u043a\u0443\u0440\u0441\u0438\u0438 Skyline\",\"alternateName\":\"\u042d\u043a\u0441\u043a\u0443\u0440\u0441\u0438\u0438 Skyline\",\"url\":\"https:\\\/\\\/skyline-gs.com\\\/it\\\/\",\"logo\":{\"@type\":\"ImageObject\",\"inLanguage\":\"fr-FR\",\"@id\":\"https:\\\/\\\/skyline-gs.com\\\/it\\\/#\\\/schema\\\/logo\\\/image\\\/\",\"url\":\"https:\\\/\\\/skyline-gs.com\\\/wp-content\\\/uploads\\\/2020\\\/12\\\/cropped-logo-2.png\",\"contentUrl\":\"https:\\\/\\\/skyline-gs.com\\\/wp-content\\\/uploads\\\/2020\\\/12\\\/cropped-logo-2.png\",\"width\":512,\"height\":512,\"caption\":\"\u042d\u043a\u0441\u043a\u0443\u0440\u0441\u0438\u0438 Skyline\"},\"image\":{\"@id\":\"https:\\\/\\\/skyline-gs.com\\\/it\\\/#\\\/schema\\\/logo\\\/image\\\/\"},\"sameAs\":[\"https:\\\/\\\/www.instagram.com\\\/skylineglobalservice\\\/\"]}]}<\/script>\n<!-- \/ Yoast SEO plugin. -->","yoast_head_json":{"title":"Le Caire et Alexandrie 2 jours - Skyline Excursions","robots":{"index":"index","follow":"follow","max-snippet":"max-snippet:-1","max-image-preview":"max-image-preview:large","max-video-preview":"max-video-preview:-1"},"canonical":"https:\/\/skyline-gs.com\/fr\/produit\/cairo-and-alexandria-2-days-sharm\/","og_locale":"fr_FR","og_type":"article","og_title":"\u041a\u0430\u0438\u0440 \u0438 \u0410\u043b\u0435\u043a\u0441\u0430\u043d\u0434\u0440\u0438\u044f 2 \u0434\u043d\u044f &#8226; \u042d\u043a\u0441\u043a\u0443\u0440\u0441\u0438\u0438 Skyline","og_description":"\u0414\u043b\u0438\u0442\u0435\u043b\u044c\u043d\u043e\u0441\u0442\u044c: 2 \u0434\u043d\u044f  \u0414\u043d\u0438 \u043f\u0440\u043e\u0432\u0435\u0434\u0435\u043d\u0438\u044f: \u0421\u0440\u0435\u0434\u0430, \u0421\u0443\u0431\u0431\u043e\u0442\u0430","og_url":"https:\/\/skyline-gs.com\/fr\/produit\/cairo-and-alexandria-2-days-sharm\/","og_site_name":"\u042d\u043a\u0441\u043a\u0443\u0440\u0441\u0438\u0438 Skyline","article_modified_time":"2026-03-27T00:22:57+00:00","og_image":[{"width":669,"height":446,"url":"https:\/\/skyline-gs.com\/wp-content\/uploads\/2021\/08\/Foto-na-sajt.png","type":"image\/png"}],"twitter_card":"summary_large_image","twitter_misc":{"Dur\u00e9e de lecture estim\u00e9e":"3 minutes"},"schema":{"@context":"https:\/\/schema.org","@graph":[{"@type":"WebPage","@id":"https:\/\/skyline-gs.com\/product\/cairo-and-alexandria-2-days-sharm\/","url":"https:\/\/skyline-gs.com\/product\/cairo-and-alexandria-2-days-sharm\/","name":"Le Caire et Alexandrie 2 jours - Skyline Excursions","isPartOf":{"@id":"https:\/\/skyline-gs.com\/it\/#website"},"primaryImageOfPage":{"@id":"https:\/\/skyline-gs.com\/product\/cairo-and-alexandria-2-days-sharm\/#primaryimage"},"image":{"@id":"https:\/\/skyline-gs.com\/product\/cairo-and-alexandria-2-days-sharm\/#primaryimage"},"thumbnailUrl":"https:\/\/skyline-gs.com\/wp-content\/uploads\/2021\/08\/Foto-na-sajt.png","datePublished":"2021-08-24T11:35:40+00:00","dateModified":"2026-03-27T00:22:57+00:00","breadcrumb":{"@id":"https:\/\/skyline-gs.com\/product\/cairo-and-alexandria-2-days-sharm\/#breadcrumb"},"inLanguage":"fr-FR","potentialAction":[{"@type":"ReadAction","target":["https:\/\/skyline-gs.com\/product\/cairo-and-alexandria-2-days-sharm\/"]}]},{"@type":"ImageObject","inLanguage":"fr-FR","@id":"https:\/\/skyline-gs.com\/product\/cairo-and-alexandria-2-days-sharm\/#primaryimage","url":"https:\/\/skyline-gs.com\/wp-content\/uploads\/2021\/08\/Foto-na-sajt.png","contentUrl":"https:\/\/skyline-gs.com\/wp-content\/uploads\/2021\/08\/Foto-na-sajt.png","width":669,"height":446},{"@type":"BreadcrumbList","@id":"https:\/\/skyline-gs.com\/product\/cairo-and-alexandria-2-days-sharm\/#breadcrumb","itemListElement":[{"@type":"ListItem","position":1,"name":"\u0413\u043b\u0430\u0432\u043d\u0430\u044f \u0441\u0442\u0440\u0430\u043d\u0438\u0446\u0430","item":"https:\/\/skyline-gs.com\/hu\/"},{"@type":"ListItem","position":2,"name":"\u041c\u0430\u0433\u0430\u0437\u0438\u043d","item":"https:\/\/skyline-gs.com\/cs\/shop\/"},{"@type":"ListItem","position":3,"name":"\u041a\u0430\u0438\u0440 \u0438 \u0410\u043b\u0435\u043a\u0441\u0430\u043d\u0434\u0440\u0438\u044f 2 \u0434\u043d\u044f"}]},{"@type":"WebSite","@id":"https:\/\/skyline-gs.com\/it\/#website","url":"https:\/\/skyline-gs.com\/it\/","name":"Excursions Skyline","description":"Excursions exclusives dans les meilleurs centres de vill\u00e9giature du monde","publisher":{"@id":"https:\/\/skyline-gs.com\/it\/#organization"},"alternateName":"Skyline","potentialAction":[{"@type":"SearchAction","target":{"@type":"EntryPoint","urlTemplate":"https:\/\/skyline-gs.com\/it\/?s={search_term_string}"},"query-input":{"@type":"PropertyValueSpecification","valueRequired":true,"valueName":"search_term_string"}}],"inLanguage":"fr-FR"},{"@type":"Organization","@id":"https:\/\/skyline-gs.com\/it\/#organization","name":"Excursions Skyline","alternateName":"\u042d\u043a\u0441\u043a\u0443\u0440\u0441\u0438\u0438 Skyline","url":"https:\/\/skyline-gs.com\/it\/","logo":{"@type":"ImageObject","inLanguage":"fr-FR","@id":"https:\/\/skyline-gs.com\/it\/#\/schema\/logo\/image\/","url":"https:\/\/skyline-gs.com\/wp-content\/uploads\/2020\/12\/cropped-logo-2.png","contentUrl":"https:\/\/skyline-gs.com\/wp-content\/uploads\/2020\/12\/cropped-logo-2.png","width":512,"height":512,"caption":"\u042d\u043a\u0441\u043a\u0443\u0440\u0441\u0438\u0438 Skyline"},"image":{"@id":"https:\/\/skyline-gs.com\/it\/#\/schema\/logo\/image\/"},"sameAs":["https:\/\/www.instagram.com\/skylineglobalservice\/"]}]}},"_links":{"self":[{"href":"https:\/\/skyline-gs.com\/fr\/wp-json\/wp\/v2\/product\/29917","targetHints":{"allow":["GET"]}}],"collection":[{"href":"https:\/\/skyline-gs.com\/fr\/wp-json\/wp\/v2\/product"}],"about":[{"href":"https:\/\/skyline-gs.com\/fr\/wp-json\/wp\/v2\/types\/product"}],"version-history":[{"count":0,"href":"https:\/\/skyline-gs.com\/fr\/wp-json\/wp\/v2\/product\/29917\/revisions"}],"wp:featuredmedia":[{"embeddable":true,"href":"https:\/\/skyline-gs.com\/fr\/wp-json\/wp\/v2\/media\/29932"}],"wp:attachment":[{"href":"https:\/\/skyline-gs.com\/fr\/wp-json\/wp\/v2\/media?parent=29917"}],"wp:term":[{"taxonomy":"product_brand","embeddable":true,"href":"https:\/\/skyline-gs.com\/fr\/wp-json\/wp\/v2\/product_brand?post=29917"},{"taxonomy":"product_cat","embeddable":true,"href":"https:\/\/skyline-gs.com\/fr\/wp-json\/wp\/v2\/product_cat?post=29917"},{"taxonomy":"product_tag","embeddable":true,"href":"https:\/\/skyline-gs.com\/fr\/wp-json\/wp\/v2\/product_tag?post=29917"}],"curies":[{"name":"wp","href":"https:\/\/api.w.org\/{rel}","templated":true}]}}