{"id":26775,"date":"2021-07-05T19:25:18","date_gmt":"2021-07-05T17:25:18","guid":{"rendered":"http:\/\/skyline-gs.com\/?post_type=product&#038;p=26775"},"modified":"2023-10-04T18:09:36","modified_gmt":"2023-10-04T16:09:36","slug":"masai-mara-2-days-2","status":"publish","type":"product","link":"https:\/\/skyline-gs.com\/fr\/product\/masai-mara-2-days-2\/","title":{"rendered":"Masai Mara 3 jours"},"content":{"rendered":"<p><strong>Jour 1<\/strong><\/p>\n<p>Le premier jour, \u00e0 7h30, notre repr\u00e9sentant viendra vous chercher \u00e0 votre h\u00f4tel ou \u00e0 l'a\u00e9roport de la capitale du Kenya. Nous monterons dans une confortable jeep Land Cruiser 4X4 et nous nous dirigerons vers la r\u00e9serve de Masai Mara. Le trajet durera environ 5 heures - nous traverserons la vall\u00e9e du Grand Rift, en faisant plusieurs arr\u00eats pour nous r\u00e9chauffer. Pendant ce temps, vous pourrez photographier la beaut\u00e9 de la nature kenyane. En chemin, nous contemplerons des panoramas pittoresques et rencontrerons peut-\u00eatre des membres de la tribu Maasai. Les bergers dans leurs robes color\u00e9es forment un contraste incroyable avec les verts p\u00e2turages.<\/p>\n<p>Nous arriverons sur le site vers l'heure du d\u00e9jeuner. Pr\u00e9parez-vous - nous commen\u00e7ons notre safari dans un \u00e9cosyst\u00e8me unique, qui n'a pas son pareil dans le monde en termes de diversit\u00e9 de la faune et de la flore ! Parmi les vastes collines et les savanes, nous rencontrerons une vari\u00e9t\u00e9 d'animaux pr\u00e9dateurs et herbivores, prendrons des photos saisissantes et profiterons pleinement des paysages africains. Le soir, nous retournerons au lodge\/camping, d\u00eenerons et nous reposerons - une deuxi\u00e8me journ\u00e9e, non moins intense, nous attend !<\/p>\n<p><strong>Jour 2<\/strong><\/p>\n<p>Levez-vous t\u00f4t aujourd'hui et commencez \u00e0 d\u00e9couvrir la riche nature de la r\u00e9gion - au milieu d'une v\u00e9g\u00e9tation dense, d'une mer d'acacias et de champs dor\u00e9s, nous rencontrerons les animaux des \"Grands Cinq Africains\" ! Pr\u00e9parez vos appareils photo pour photographier les lions, les \u00e9l\u00e9phants, les buffles, les rhinoc\u00e9ros, les l\u00e9opards et les autres animaux sauvages qui se prom\u00e8nent dans les environs. Il y a beaucoup d'oiseaux rares ici et la \"grande migration\" des animaux a lieu de juillet \u00e0 octobre. Nous nous arr\u00eaterons \u00e0 la rivi\u00e8re Mara - c'est l\u00e0 que les hippopotames et les crocodiles attendent les antilopes et les z\u00e8bres en migration, qui traversent la rivi\u00e8re par milliers !<\/p>\n<p>Nous proposons des excursions facultatives :<\/p>\n<ul>\n<li>Visite d'un village local o\u00f9 nous apprendrons \u00e0 conna\u00eetre le peuple Maasai. Nous verrons leur mode de vie de nos propres yeux, nous comprendrons ce qu'ils font, ce en quoi ils croient et bien plus encore.<\/li>\n<li>Un vol en montgolfi\u00e8re au-dessus du parc dans la lumi\u00e8re du matin. \u00c0 l'aube, vous pourrez admirer la beaut\u00e9 de la r\u00e9serve depuis le ciel - une chance unique d'assister au processus d'\u00e9veil de la nature.<\/li>\n<\/ul>\n<p>Dites \u00e0 l'avance au guide ce que vous voulez et nous organiserons tout ! Le soir, nous retournerons au chalet ou au camp de tentes pour y passer la nuit. Nous prendrons un d\u00e9licieux d\u00eener et nous nous reposerons<\/p>\n<p><strong>Troisi\u00e8me jour<\/strong><\/p>\n<p>Levez-vous t\u00f4t et allez-y - nous ferons un safari matinal pour explorer tous les coins les plus int\u00e9ressants du parc \u00e0 l'aube, pour voir ces animaux que nous n'avons pas encore pris dans l'objectif de l'appareil photo. Qui seront les gazelles et les z\u00e8bres qui broutent paisiblement, ou les chacals et les hy\u00e8nes qui sont dangereux ? Ou peut-\u00eatre rencontrerons-nous les deux ! Nous profiterons d'un dernier safari 100% avant de faire nos bagages et de monter dans une jeep pour retourner \u00e0 Nairobi. Nous nous arr\u00eaterons pour d\u00e9jeuner en chemin et arriverons bient\u00f4t dans la capitale. Nous vous emm\u00e8nerons \u00e0 votre h\u00f4tel\/a\u00e9roport, ou si n\u00e9cessaire \u00e0 la fronti\u00e8re tanzanienne.<\/p>\n<p><strong>Inclus :<\/strong><\/p>\n<ul>\n<li>Transfert depuis et vers Nairobi<\/li>\n<li>Safari en Jeep Toyota Land Cruiser confortable accompagn\u00e9 d'un chauffeur anglophone (guide)<\/li>\n<li>H\u00e9bergement dans un lodge de niveau appropri\u00e9 (\u00e9conomique\/standard\/suite) ou dans un camping.<\/li>\n<li>Billets d'entr\u00e9e dans la r\u00e9serve<\/li>\n<li>2 petits d\u00e9jeuners, 3 d\u00e9jeuners, 2 d\u00eeners (y compris les repas en safari)<\/li>\n<li>Eau en bouteille dans le v\u00e9hicule pendant le safari<\/li>\n<li>Couverture m\u00e9dicale\/sauvetage<\/li>\n<li>Tous les pr\u00e9l\u00e8vements fiscaux<\/li>\n<\/ul>\n<p><strong>Non inclus :<\/strong><\/p>\n<ul>\n<li>Boissons en bouteille<\/li>\n<li>Conseil<\/li>\n<\/ul>\n<p><strong>Emportez-le avec vous :<\/strong><\/p>\n<ul>\n<li>Chaussures et v\u00eatements confortables. \u041b<span class=\"fontstyle0\">pantalon long, chemise \u00e0 manches longues, T-shirt ;<\/span><\/li>\n<li>Une veste, en cas de pluie ou de soir\u00e9es fra\u00eeches ;<\/li>\n<li>Mat\u00e9riel photo-vid\u00e9o. Chargez vos appareils \u00e0 l'avance ;<\/li>\n<li>Changez votre argent en petites coupures. Ils sont utiles pour les souvenirs et pour donner un pourboire aux gardes forestiers. Le pourboire recommand\u00e9 est de 5$ par personne ;<\/li>\n<li><span class=\"fontstyle0\">Lunettes de soleil et panama, cr\u00e8me solaire ;<\/span><\/li>\n<li><span class=\"fontstyle0\">Produits d'hygi\u00e8ne personnelle, trousse de secours personnelle ;<\/span><\/li>\n<li><span class=\"fontstyle0\">Gel d\u00e9sinfectant pour les mains.<\/span><\/li>\n<\/ul>","protected":false},"excerpt":{"rendered":"<p><strong>Dur\u00e9e de l'enqu\u00eate : <\/strong>3 jours<\/p>\n<p><strong>Jours de D\u00e9roulement:<\/strong> Chaque jour<\/p>\n<p>R\u00e9serve de Masai Mara - visitez le l\u00e9gendaire parc national du Kenya, c\u00e9l\u00e8bre dans le monde entier, rencontrez des z\u00e8bres, des rhinoc\u00e9ros, des lions, des hippopotames, des buffles, des l\u00e9opards et bien d'autres animaux !<\/p>","protected":false},"featured_media":26781,"template":"","meta":{"_kad_post_transparent":"default","_kad_post_title":"","_kad_post_layout":"default","_kad_post_sidebar_id":"","_kad_post_content_style":"default","_kad_post_vertical_padding":"default","_kad_post_feature":"","_kad_post_feature_position":"","_kad_post_header":false,"_kad_post_footer":false,"_kad_post_classname":"","_glsr_average":0,"_glsr_ranking":0,"_glsr_reviews":0},"product_brand":[],"product_cat":[295],"product_tag":[],"class_list":{"0":"post-26775","1":"product","2":"type-product","3":"status-publish","4":"has-post-thumbnail","6":"product_cat-uncategorized","7":"tm-has-options","9":"first","10":"instock","11":"sold-individually","12":"taxable","13":"shipping-taxable","14":"purchasable","15":"product-type-simple","16":"entry","17":"content-bg","18":"loop-entry"},"yoast_head":"<!-- This site is optimized with the Yoast SEO plugin v27.3 - https:\/\/yoast.com\/product\/yoast-seo-wordpress\/ -->\n<title>\u041c\u0430\u0441\u0430\u0438 \u041c\u0430\u0440\u0430 3 \u0434\u043d\u044f &#8226; \u042d\u043a\u0441\u043a\u0443\u0440\u0441\u0438\u0438 Skyline<\/title>\n<meta name=\"robots\" content=\"index, follow, max-snippet:-1, max-image-preview:large, max-video-preview:-1\" \/>\n<link rel=\"canonical\" href=\"https:\/\/skyline-gs.com\/fr\/produit\/masai-mara-2-days-2\/\" \/>\n<meta property=\"og:locale\" content=\"fr_FR\" \/>\n<meta property=\"og:type\" content=\"article\" \/>\n<meta property=\"og:title\" content=\"\u041c\u0430\u0441\u0430\u0438 \u041c\u0430\u0440\u0430 3 \u0434\u043d\u044f &#8226; \u042d\u043a\u0441\u043a\u0443\u0440\u0441\u0438\u0438 Skyline\" \/>\n<meta property=\"og:description\" content=\"\u0414\u043b\u0438\u0442\u0435\u043b\u044c\u043d\u043e\u0441\u0442\u044c: 3 \u0434\u043d\u044f  \u0414\u043d\u0438 \u043f\u0440\u043e\u0432\u0435\u0434\u0435\u043d\u0438\u044f: \u0435\u0436\u0435\u0434\u043d\u0435\u0432\u043d\u043e  \u0417\u0430\u043f\u043e\u0432\u0435\u0434\u043d\u0438\u043a \u041c\u0430\u0441\u0430\u0438 \u041c\u0430\u0440\u0430 \u2013 \u043f\u043e\u0431\u044b\u0432\u0430\u0435\u043c \u0432 \u043b\u0435\u0433\u0435\u043d\u0434\u0430\u0440\u043d\u043e\u043c \u043d\u0430\u0446\u0438\u043e\u043d\u0430\u043b\u044c\u043d\u043e\u043c \u043f\u0430\u0440\u043a\u0435 \u041a\u0435\u043d\u0438\u0438, \u043a\u043e\u0442\u043e\u0440\u044b\u0439 \u0438\u0437\u0432\u0435\u0441\u0442\u0435\u043d \u0432\u043e \u0432\u0441\u0435\u043c \u043c\u0438\u0440\u0435, \u0432\u0441\u0442\u0440\u0435\u0442\u0438\u043c \u0437\u0435\u0431\u0440, \u043d\u043e\u0441\u043e\u0440\u043e\u0433\u043e\u0432, \u043b\u044c\u0432\u043e\u0432, \u0433\u0438\u043f\u043f\u043e\u043f\u043e\u0442\u0430\u043c\u043e\u0432, \u0431\u0443\u0439\u0432\u043e\u043b\u043e\u0432, \u043b\u0435\u043e\u043f\u0430\u0440\u0434\u043e\u0432 \u0438 \u043c\u043d\u043e\u0433\u0438\u0445 \u0434\u0440\u0443\u0433\u0438\u0445 \u0436\u0438\u0432\u043e\u0442\u043d\u044b\u0445!\" \/>\n<meta property=\"og:url\" content=\"https:\/\/skyline-gs.com\/fr\/produit\/masai-mara-2-days-2\/\" \/>\n<meta property=\"og:site_name\" content=\"\u042d\u043a\u0441\u043a\u0443\u0440\u0441\u0438\u0438 Skyline\" \/>\n<meta property=\"article:modified_time\" content=\"2023-10-04T16:09:36+00:00\" \/>\n<meta property=\"og:image\" content=\"https:\/\/skyline-gs.com\/wp-content\/uploads\/2021\/07\/5f.jpg\" \/>\n\t<meta property=\"og:image:width\" content=\"669\" \/>\n\t<meta property=\"og:image:height\" content=\"446\" \/>\n\t<meta property=\"og:image:type\" content=\"image\/jpeg\" \/>\n<meta name=\"twitter:card\" content=\"summary_large_image\" \/>\n<meta name=\"twitter:label1\" content=\"Dur\u00e9e de lecture estim\u00e9e\" \/>\n\t<meta name=\"twitter:data1\" content=\"3 minutes\" \/>\n<script type=\"application\/ld+json\" class=\"yoast-schema-graph\">{\"@context\":\"https:\\\/\\\/schema.org\",\"@graph\":[{\"@type\":\"WebPage\",\"@id\":\"https:\\\/\\\/skyline-gs.com\\\/cs\\\/produkt\\\/masai-mara-2-days-2\\\/\",\"url\":\"https:\\\/\\\/skyline-gs.com\\\/cs\\\/produkt\\\/masai-mara-2-days-2\\\/\",\"name\":\"\u041c\u0430\u0441\u0430\u0438 \u041c\u0430\u0440\u0430 3 \u0434\u043d\u044f &#8226; \u042d\u043a\u0441\u043a\u0443\u0440\u0441\u0438\u0438 Skyline\",\"isPartOf\":{\"@id\":\"https:\\\/\\\/skyline-gs.com\\\/it\\\/#website\"},\"primaryImageOfPage\":{\"@id\":\"https:\\\/\\\/skyline-gs.com\\\/cs\\\/produkt\\\/masai-mara-2-days-2\\\/#primaryimage\"},\"image\":{\"@id\":\"https:\\\/\\\/skyline-gs.com\\\/cs\\\/produkt\\\/masai-mara-2-days-2\\\/#primaryimage\"},\"thumbnailUrl\":\"https:\\\/\\\/skyline-gs.com\\\/wp-content\\\/uploads\\\/2021\\\/07\\\/5f.jpg\",\"datePublished\":\"2021-07-05T17:25:18+00:00\",\"dateModified\":\"2023-10-04T16:09:36+00:00\",\"breadcrumb\":{\"@id\":\"https:\\\/\\\/skyline-gs.com\\\/cs\\\/produkt\\\/masai-mara-2-days-2\\\/#breadcrumb\"},\"inLanguage\":\"fr-FR\",\"potentialAction\":[{\"@type\":\"ReadAction\",\"target\":[\"https:\\\/\\\/skyline-gs.com\\\/cs\\\/produkt\\\/masai-mara-2-days-2\\\/\"]}]},{\"@type\":\"ImageObject\",\"inLanguage\":\"fr-FR\",\"@id\":\"https:\\\/\\\/skyline-gs.com\\\/cs\\\/produkt\\\/masai-mara-2-days-2\\\/#primaryimage\",\"url\":\"https:\\\/\\\/skyline-gs.com\\\/wp-content\\\/uploads\\\/2021\\\/07\\\/5f.jpg\",\"contentUrl\":\"https:\\\/\\\/skyline-gs.com\\\/wp-content\\\/uploads\\\/2021\\\/07\\\/5f.jpg\",\"width\":669,\"height\":446},{\"@type\":\"BreadcrumbList\",\"@id\":\"https:\\\/\\\/skyline-gs.com\\\/cs\\\/produkt\\\/masai-mara-2-days-2\\\/#breadcrumb\",\"itemListElement\":[{\"@type\":\"ListItem\",\"position\":1,\"name\":\"\u0413\u043b\u0430\u0432\u043d\u0430\u044f \u0441\u0442\u0440\u0430\u043d\u0438\u0446\u0430\",\"item\":\"https:\\\/\\\/skyline-gs.com\\\/hu\\\/\"},{\"@type\":\"ListItem\",\"position\":2,\"name\":\"\u041c\u0430\u0433\u0430\u0437\u0438\u043d\",\"item\":\"https:\\\/\\\/skyline-gs.com\\\/cs\\\/shop\\\/\"},{\"@type\":\"ListItem\",\"position\":3,\"name\":\"\u041c\u0430\u0441\u0430\u0438 \u041c\u0430\u0440\u0430 3 \u0434\u043d\u044f\"}]},{\"@type\":\"WebSite\",\"@id\":\"https:\\\/\\\/skyline-gs.com\\\/it\\\/#website\",\"url\":\"https:\\\/\\\/skyline-gs.com\\\/it\\\/\",\"name\":\"\u042d\u043a\u0441\u043a\u0443\u0440\u0441\u0438\u0438 Skyline\",\"description\":\"\u042d\u043a\u0441\u043a\u043b\u044e\u0437\u0438\u0432\u043d\u044b\u0435 \u044d\u043a\u0441\u043a\u0443\u0440\u0441\u0438\u0438 \u043d\u0430 \u043b\u0443\u0447\u0448\u0438\u0445 \u043a\u0443\u0440\u043e\u0440\u0442\u0430\u0445 \u043c\u0438\u0440\u0430\",\"publisher\":{\"@id\":\"https:\\\/\\\/skyline-gs.com\\\/it\\\/#organization\"},\"alternateName\":\"Skyline\",\"potentialAction\":[{\"@type\":\"SearchAction\",\"target\":{\"@type\":\"EntryPoint\",\"urlTemplate\":\"https:\\\/\\\/skyline-gs.com\\\/it\\\/?s={search_term_string}\"},\"query-input\":{\"@type\":\"PropertyValueSpecification\",\"valueRequired\":true,\"valueName\":\"search_term_string\"}}],\"inLanguage\":\"fr-FR\"},{\"@type\":\"Organization\",\"@id\":\"https:\\\/\\\/skyline-gs.com\\\/it\\\/#organization\",\"name\":\"\u042d\u043a\u0441\u043a\u0443\u0440\u0441\u0438\u0438 Skyline\",\"alternateName\":\"\u042d\u043a\u0441\u043a\u0443\u0440\u0441\u0438\u0438 Skyline\",\"url\":\"https:\\\/\\\/skyline-gs.com\\\/it\\\/\",\"logo\":{\"@type\":\"ImageObject\",\"inLanguage\":\"fr-FR\",\"@id\":\"https:\\\/\\\/skyline-gs.com\\\/it\\\/#\\\/schema\\\/logo\\\/image\\\/\",\"url\":\"https:\\\/\\\/skyline-gs.com\\\/wp-content\\\/uploads\\\/2020\\\/12\\\/cropped-logo-2.png\",\"contentUrl\":\"https:\\\/\\\/skyline-gs.com\\\/wp-content\\\/uploads\\\/2020\\\/12\\\/cropped-logo-2.png\",\"width\":512,\"height\":512,\"caption\":\"\u042d\u043a\u0441\u043a\u0443\u0440\u0441\u0438\u0438 Skyline\"},\"image\":{\"@id\":\"https:\\\/\\\/skyline-gs.com\\\/it\\\/#\\\/schema\\\/logo\\\/image\\\/\"},\"sameAs\":[\"https:\\\/\\\/www.instagram.com\\\/skylineglobalservice\\\/\"]}]}<\/script>\n<!-- \/ Yoast SEO plugin. -->","yoast_head_json":{"title":"\u041c\u0430\u0441\u0430\u0438 \u041c\u0430\u0440\u0430 3 \u0434\u043d\u044f &#8226; \u042d\u043a\u0441\u043a\u0443\u0440\u0441\u0438\u0438 Skyline","robots":{"index":"index","follow":"follow","max-snippet":"max-snippet:-1","max-image-preview":"max-image-preview:large","max-video-preview":"max-video-preview:-1"},"canonical":"https:\/\/skyline-gs.com\/fr\/produit\/masai-mara-2-days-2\/","og_locale":"fr_FR","og_type":"article","og_title":"\u041c\u0430\u0441\u0430\u0438 \u041c\u0430\u0440\u0430 3 \u0434\u043d\u044f &#8226; \u042d\u043a\u0441\u043a\u0443\u0440\u0441\u0438\u0438 Skyline","og_description":"\u0414\u043b\u0438\u0442\u0435\u043b\u044c\u043d\u043e\u0441\u0442\u044c: 3 \u0434\u043d\u044f  \u0414\u043d\u0438 \u043f\u0440\u043e\u0432\u0435\u0434\u0435\u043d\u0438\u044f: \u0435\u0436\u0435\u0434\u043d\u0435\u0432\u043d\u043e  \u0417\u0430\u043f\u043e\u0432\u0435\u0434\u043d\u0438\u043a \u041c\u0430\u0441\u0430\u0438 \u041c\u0430\u0440\u0430 \u2013 \u043f\u043e\u0431\u044b\u0432\u0430\u0435\u043c \u0432 \u043b\u0435\u0433\u0435\u043d\u0434\u0430\u0440\u043d\u043e\u043c \u043d\u0430\u0446\u0438\u043e\u043d\u0430\u043b\u044c\u043d\u043e\u043c \u043f\u0430\u0440\u043a\u0435 \u041a\u0435\u043d\u0438\u0438, \u043a\u043e\u0442\u043e\u0440\u044b\u0439 \u0438\u0437\u0432\u0435\u0441\u0442\u0435\u043d \u0432\u043e \u0432\u0441\u0435\u043c \u043c\u0438\u0440\u0435, \u0432\u0441\u0442\u0440\u0435\u0442\u0438\u043c \u0437\u0435\u0431\u0440, \u043d\u043e\u0441\u043e\u0440\u043e\u0433\u043e\u0432, \u043b\u044c\u0432\u043e\u0432, \u0433\u0438\u043f\u043f\u043e\u043f\u043e\u0442\u0430\u043c\u043e\u0432, \u0431\u0443\u0439\u0432\u043e\u043b\u043e\u0432, \u043b\u0435\u043e\u043f\u0430\u0440\u0434\u043e\u0432 \u0438 \u043c\u043d\u043e\u0433\u0438\u0445 \u0434\u0440\u0443\u0433\u0438\u0445 \u0436\u0438\u0432\u043e\u0442\u043d\u044b\u0445!","og_url":"https:\/\/skyline-gs.com\/fr\/produit\/masai-mara-2-days-2\/","og_site_name":"\u042d\u043a\u0441\u043a\u0443\u0440\u0441\u0438\u0438 Skyline","article_modified_time":"2023-10-04T16:09:36+00:00","og_image":[{"width":669,"height":446,"url":"https:\/\/skyline-gs.com\/wp-content\/uploads\/2021\/07\/5f.jpg","type":"image\/jpeg"}],"twitter_card":"summary_large_image","twitter_misc":{"Dur\u00e9e de lecture estim\u00e9e":"3 minutes"},"schema":{"@context":"https:\/\/schema.org","@graph":[{"@type":"WebPage","@id":"https:\/\/skyline-gs.com\/cs\/produkt\/masai-mara-2-days-2\/","url":"https:\/\/skyline-gs.com\/cs\/produkt\/masai-mara-2-days-2\/","name":"\u041c\u0430\u0441\u0430\u0438 \u041c\u0430\u0440\u0430 3 \u0434\u043d\u044f &#8226; \u042d\u043a\u0441\u043a\u0443\u0440\u0441\u0438\u0438 Skyline","isPartOf":{"@id":"https:\/\/skyline-gs.com\/it\/#website"},"primaryImageOfPage":{"@id":"https:\/\/skyline-gs.com\/cs\/produkt\/masai-mara-2-days-2\/#primaryimage"},"image":{"@id":"https:\/\/skyline-gs.com\/cs\/produkt\/masai-mara-2-days-2\/#primaryimage"},"thumbnailUrl":"https:\/\/skyline-gs.com\/wp-content\/uploads\/2021\/07\/5f.jpg","datePublished":"2021-07-05T17:25:18+00:00","dateModified":"2023-10-04T16:09:36+00:00","breadcrumb":{"@id":"https:\/\/skyline-gs.com\/cs\/produkt\/masai-mara-2-days-2\/#breadcrumb"},"inLanguage":"fr-FR","potentialAction":[{"@type":"ReadAction","target":["https:\/\/skyline-gs.com\/cs\/produkt\/masai-mara-2-days-2\/"]}]},{"@type":"ImageObject","inLanguage":"fr-FR","@id":"https:\/\/skyline-gs.com\/cs\/produkt\/masai-mara-2-days-2\/#primaryimage","url":"https:\/\/skyline-gs.com\/wp-content\/uploads\/2021\/07\/5f.jpg","contentUrl":"https:\/\/skyline-gs.com\/wp-content\/uploads\/2021\/07\/5f.jpg","width":669,"height":446},{"@type":"BreadcrumbList","@id":"https:\/\/skyline-gs.com\/cs\/produkt\/masai-mara-2-days-2\/#breadcrumb","itemListElement":[{"@type":"ListItem","position":1,"name":"\u0413\u043b\u0430\u0432\u043d\u0430\u044f \u0441\u0442\u0440\u0430\u043d\u0438\u0446\u0430","item":"https:\/\/skyline-gs.com\/hu\/"},{"@type":"ListItem","position":2,"name":"\u041c\u0430\u0433\u0430\u0437\u0438\u043d","item":"https:\/\/skyline-gs.com\/cs\/shop\/"},{"@type":"ListItem","position":3,"name":"\u041c\u0430\u0441\u0430\u0438 \u041c\u0430\u0440\u0430 3 \u0434\u043d\u044f"}]},{"@type":"WebSite","@id":"https:\/\/skyline-gs.com\/it\/#website","url":"https:\/\/skyline-gs.com\/it\/","name":"Excursions Skyline","description":"Excursions exclusives dans les meilleurs centres de vill\u00e9giature du monde","publisher":{"@id":"https:\/\/skyline-gs.com\/it\/#organization"},"alternateName":"Skyline","potentialAction":[{"@type":"SearchAction","target":{"@type":"EntryPoint","urlTemplate":"https:\/\/skyline-gs.com\/it\/?s={search_term_string}"},"query-input":{"@type":"PropertyValueSpecification","valueRequired":true,"valueName":"search_term_string"}}],"inLanguage":"fr-FR"},{"@type":"Organization","@id":"https:\/\/skyline-gs.com\/it\/#organization","name":"Excursions Skyline","alternateName":"\u042d\u043a\u0441\u043a\u0443\u0440\u0441\u0438\u0438 Skyline","url":"https:\/\/skyline-gs.com\/it\/","logo":{"@type":"ImageObject","inLanguage":"fr-FR","@id":"https:\/\/skyline-gs.com\/it\/#\/schema\/logo\/image\/","url":"https:\/\/skyline-gs.com\/wp-content\/uploads\/2020\/12\/cropped-logo-2.png","contentUrl":"https:\/\/skyline-gs.com\/wp-content\/uploads\/2020\/12\/cropped-logo-2.png","width":512,"height":512,"caption":"\u042d\u043a\u0441\u043a\u0443\u0440\u0441\u0438\u0438 Skyline"},"image":{"@id":"https:\/\/skyline-gs.com\/it\/#\/schema\/logo\/image\/"},"sameAs":["https:\/\/www.instagram.com\/skylineglobalservice\/"]}]}},"_links":{"self":[{"href":"https:\/\/skyline-gs.com\/fr\/wp-json\/wp\/v2\/product\/26775","targetHints":{"allow":["GET"]}}],"collection":[{"href":"https:\/\/skyline-gs.com\/fr\/wp-json\/wp\/v2\/product"}],"about":[{"href":"https:\/\/skyline-gs.com\/fr\/wp-json\/wp\/v2\/types\/product"}],"version-history":[{"count":0,"href":"https:\/\/skyline-gs.com\/fr\/wp-json\/wp\/v2\/product\/26775\/revisions"}],"wp:featuredmedia":[{"embeddable":true,"href":"https:\/\/skyline-gs.com\/fr\/wp-json\/wp\/v2\/media\/26781"}],"wp:attachment":[{"href":"https:\/\/skyline-gs.com\/fr\/wp-json\/wp\/v2\/media?parent=26775"}],"wp:term":[{"taxonomy":"product_brand","embeddable":true,"href":"https:\/\/skyline-gs.com\/fr\/wp-json\/wp\/v2\/product_brand?post=26775"},{"taxonomy":"product_cat","embeddable":true,"href":"https:\/\/skyline-gs.com\/fr\/wp-json\/wp\/v2\/product_cat?post=26775"},{"taxonomy":"product_tag","embeddable":true,"href":"https:\/\/skyline-gs.com\/fr\/wp-json\/wp\/v2\/product_tag?post=26775"}],"curies":[{"name":"wp","href":"https:\/\/api.w.org\/{rel}","templated":true}]}}