{"id":26758,"date":"2021-07-05T19:03:00","date_gmt":"2021-07-05T17:03:00","guid":{"rendered":"http:\/\/skyline-gs.com\/?post_type=product&#038;p=26758"},"modified":"2023-10-04T18:09:35","modified_gmt":"2023-10-04T16:09:35","slug":"masai-mara-2-days","status":"publish","type":"product","link":"https:\/\/skyline-gs.com\/fr\/product\/masai-mara-2-days\/","title":{"rendered":"Masai Mara 2 jours"},"content":{"rendered":"<p><strong>Jour 1<\/strong><\/p>\n<p>Nous viendrons vous chercher t\u00f4t \u00e0 votre h\u00f4tel ou \u00e0 l'a\u00e9roport de Nairobi. Nous commen\u00e7ons \u00e0 5 heures du matin - nous montons dans une jeep 4\u00d74 et nous nous dirigeons vers la r\u00e9serve animali\u00e8re la plus populaire du Kenya, le Masai Mara. En chemin, nous appr\u00e9cierons les vues color\u00e9es de la nature africaine sous les rayons du soleil levant. Pour le petit-d\u00e9jeuner, nous nous arr\u00eaterons dans la ville de Narok. Apr\u00e8s un rafra\u00eechissement, nous poursuivrons notre voyage. Depuis la voiture, nous verrons des fermes locales et rencontrerons peut-\u00eatre des bergers masa\u00efs dans leurs tenues color\u00e9es s'occupant de troupeaux d'animaux domestiques.<\/p>\n<p>Dans l'apr\u00e8s-midi, nous arriverons sur le site. Un safari non-stop, un d\u00e9jeuner, de la d\u00e9tente nous attendent - le tout dans le parc mondialement connu o\u00f9 la grande migration animale a lieu de juillet \u00e0 septembre ! Avec un peu de chance, nous pourrons apercevoir d'immenses troupeaux de z\u00e8bres et d'antilopes ! En explorant la r\u00e9gion, nous pourrons rencontrer des \u00e9l\u00e9phants, des lions, des l\u00e9opards, des rhinoc\u00e9ros et pr\u00e8s d'une centaine d'autres mammif\u00e8res. Pendant le safari, nous pique-niquerons pr\u00e8s de la rivi\u00e8re Mara o\u00f9 nous observerons le comportement des animaux lorsqu'ils traversent la rivi\u00e8re, les crocodiles ainsi que d'autres pr\u00e9dateurs traquant leur proie. D\u00eener et nuit dans le parc du Masai Mara, dans un lodge ou un camping.<\/p>\n<p><strong>Jour 2<\/strong><\/p>\n<p>Aujourd'hui, nous nous levons t\u00f4t, car le monde de la faune est particuli\u00e8rement beau et curieux \u00e0 l'aube ! Nous partons en safari, faisons une pause pour le petit-d\u00e9jeuner et explorons \u00e0 nouveau le territoire des habitats prot\u00e9g\u00e9s d'innombrables animaux et oiseaux sauvages. Excursion facultative dans un village tribal Maasai o\u00f9 nous ferons connaissance avec les repr\u00e9sentants de ce peuple africain, et apprendrons \u00e0 conna\u00eetre leur culture et leurs traditions.<\/p>\n<p>Vous voulez sortir de l'ordinaire ? R\u00e9servez un vol en montgolfi\u00e8re en option ! Vous assisterez au lever du soleil en survolant le parc, o\u00f9 la faune se r\u00e9veille \u00e0 peine. Informez le guide \u00e0 l'avance de votre souhait et nous organiserons tout. Apr\u00e8s avoir parcouru une derni\u00e8re fois la r\u00e9serve et photographi\u00e9 ces lieux \u00e9tonnants, nous dirons au revoir au Masai Mara et retournerons \u00e0 Nairobi. En chemin, nous nous arr\u00eaterons \u00e0 un point d'observation d'o\u00f9 nous aurons une vue impressionnante de la vall\u00e9e du Grand Rift. Vers le soir, nous serons sur place pour vous emmener \u00e0 l'a\u00e9roport, \u00e0 l'h\u00f4tel ou, si vous le souhaitez, \u00e0 la fronti\u00e8re tanzanienne.<\/p>\n<p><strong>Inclus :<\/strong><\/p>\n<ul>\n<li>Voyage en Toyota Land Cruiser Jeep \u00e0 quatre roues motrices<\/li>\n<li>Services d'un chauffeur professionnel anglophone (guide)<\/li>\n<li>Transfert depuis et vers Nairobi<\/li>\n<li>Billets d'entr\u00e9e au parc<\/li>\n<li>H\u00e9bergement en lodge ou en camping<\/li>\n<li>Repas : 2 petits d\u00e9jeuners, 2 d\u00e9jeuners, 1 d\u00eener<\/li>\n<li>Eau en bouteille dans le v\u00e9hicule de safari<\/li>\n<li>\"M\u00e9decins volants, sauveteurs.<\/li>\n<li>Tous les imp\u00f4ts et taxes<\/li>\n<\/ul>\n<p><strong>Non inclus :<\/strong><\/p>\n<ul>\n<li>Boissons en bouteille<\/li>\n<\/ul>\n<p><strong>Emportez-le avec vous :<\/strong><\/p>\n<ul>\n<li>Chaussures et v\u00eatements confortables. \u041b<span class=\"fontstyle0\">pantalon long, chemise \u00e0 manches longues, T-shirt ;<\/span><\/li>\n<li>Une veste, en cas de pluie ou de soir\u00e9es fra\u00eeches ;<\/li>\n<li>Mat\u00e9riel photo-vid\u00e9o. Chargez vos appareils \u00e0 l'avance ;<\/li>\n<li>Changez votre argent en petites coupures. Ils sont utiles pour les souvenirs et pour donner un pourboire aux gardes forestiers. Le pourboire recommand\u00e9 est de 5$ par personne ;<\/li>\n<li><span class=\"fontstyle0\">Lunettes de soleil et panama, cr\u00e8me solaire ;<\/span><\/li>\n<li><span class=\"fontstyle0\">Produits d'hygi\u00e8ne personnelle, trousse de secours personnelle ;<\/span><\/li>\n<li><span class=\"fontstyle0\">Gel d\u00e9sinfectant pour les mains.<\/span><\/li>\n<\/ul>","protected":false},"excerpt":{"rendered":"<p><strong>Dur\u00e9e de l'enqu\u00eate : <\/strong>2 jours<\/p>\n<p><strong>Jours de D\u00e9roulement:<\/strong> Chaque jour<\/p>\n<p>Masai Mara - faites un safari passionnant dans l'un des parcs animaliers les plus populaires au monde, o\u00f9 vous rencontrerez les animaux des \"Big Five\" d'Afrique et bien d'autres encore !<\/p>","protected":false},"featured_media":26780,"template":"","meta":{"_kad_post_transparent":"","_kad_post_title":"","_kad_post_layout":"","_kad_post_sidebar_id":"","_kad_post_content_style":"","_kad_post_vertical_padding":"","_kad_post_feature":"","_kad_post_feature_position":"","_kad_post_header":false,"_kad_post_footer":false,"_kad_post_classname":"","_glsr_average":0,"_glsr_ranking":0,"_glsr_reviews":0},"product_brand":[],"product_cat":[295],"product_tag":[],"class_list":{"0":"post-26758","1":"product","2":"type-product","3":"status-publish","4":"has-post-thumbnail","6":"product_cat-uncategorized","7":"tm-has-options","9":"first","10":"instock","11":"sold-individually","12":"taxable","13":"shipping-taxable","14":"purchasable","15":"product-type-simple","16":"entry","17":"content-bg","18":"loop-entry"},"yoast_head":"<!-- This site is optimized with the Yoast SEO plugin v27.3 - https:\/\/yoast.com\/product\/yoast-seo-wordpress\/ -->\n<title>\u041c\u0430\u0441\u0430\u0438 \u041c\u0430\u0440\u0430 2 \u0434\u043d\u044f &#8226; \u042d\u043a\u0441\u043a\u0443\u0440\u0441\u0438\u0438 Skyline<\/title>\n<meta name=\"robots\" content=\"index, follow, max-snippet:-1, max-image-preview:large, max-video-preview:-1\" \/>\n<link rel=\"canonical\" href=\"https:\/\/skyline-gs.com\/fr\/produit\/masai-mara-2-days\/\" \/>\n<meta property=\"og:locale\" content=\"fr_FR\" \/>\n<meta property=\"og:type\" content=\"article\" \/>\n<meta property=\"og:title\" content=\"\u041c\u0430\u0441\u0430\u0438 \u041c\u0430\u0440\u0430 2 \u0434\u043d\u044f &#8226; \u042d\u043a\u0441\u043a\u0443\u0440\u0441\u0438\u0438 Skyline\" \/>\n<meta property=\"og:description\" content=\"\u0414\u043b\u0438\u0442\u0435\u043b\u044c\u043d\u043e\u0441\u0442\u044c: 2 \u0434\u043d\u044f  \u0414\u043d\u0438 \u043f\u0440\u043e\u0432\u0435\u0434\u0435\u043d\u0438\u044f: \u0435\u0436\u0435\u0434\u043d\u0435\u0432\u043d\u043e  \u041c\u0430\u0441\u0430\u0438 \u041c\u0430\u0440\u0430 \u2013 \u0443\u0441\u0442\u0440\u043e\u0438\u043c \u0443\u0432\u043b\u0435\u043a\u0430\u0442\u0435\u043b\u044c\u043d\u043e\u0435 \u0441\u0430\u0444\u0430\u0440\u0438 \u0432 \u043e\u0434\u043d\u043e\u043c \u0438\u0437 \u0441\u0430\u043c\u044b\u0445 \u043f\u043e\u043f\u0443\u043b\u044f\u0440\u043d\u044b\u0445 \u0432 \u043c\u0438\u0440\u0435 \u043f\u0430\u0440\u043a\u043e\u0432 \u0434\u0438\u043a\u043e\u0439 \u043f\u0440\u0438\u0440\u043e\u0434\u044b, \u0433\u0434\u0435 \u0432\u0441\u0442\u0440\u0435\u0442\u0438\u043c \u0436\u0438\u0432\u043e\u0442\u043d\u044b\u0445 \u0438\u0437 \u00ab\u0411\u043e\u043b\u044c\u0448\u043e\u0439 \u0430\u0444\u0440\u0438\u043a\u0430\u043d\u0441\u043a\u043e\u0439 \u043f\u044f\u0442\u0435\u0440\u043a\u0438\u00bb \u0438 \u043d\u0435 \u0442\u043e\u043b\u044c\u043a\u043e!\" \/>\n<meta property=\"og:url\" content=\"https:\/\/skyline-gs.com\/fr\/produit\/masai-mara-2-days\/\" \/>\n<meta property=\"og:site_name\" content=\"\u042d\u043a\u0441\u043a\u0443\u0440\u0441\u0438\u0438 Skyline\" \/>\n<meta property=\"article:modified_time\" content=\"2023-10-04T16:09:35+00:00\" \/>\n<meta property=\"og:image\" content=\"https:\/\/skyline-gs.com\/wp-content\/uploads\/2021\/07\/4f.jpg\" \/>\n\t<meta property=\"og:image:width\" content=\"669\" \/>\n\t<meta property=\"og:image:height\" content=\"446\" \/>\n\t<meta property=\"og:image:type\" content=\"image\/jpeg\" \/>\n<meta name=\"twitter:card\" content=\"summary_large_image\" \/>\n<meta name=\"twitter:label1\" content=\"Dur\u00e9e de lecture estim\u00e9e\" \/>\n\t<meta name=\"twitter:data1\" content=\"2 minutes\" \/>\n<script type=\"application\/ld+json\" class=\"yoast-schema-graph\">{\"@context\":\"https:\\\/\\\/schema.org\",\"@graph\":[{\"@type\":\"WebPage\",\"@id\":\"https:\\\/\\\/skyline-gs.com\\\/pl\\\/produkt\\\/masai-mara-2-days\\\/\",\"url\":\"https:\\\/\\\/skyline-gs.com\\\/pl\\\/produkt\\\/masai-mara-2-days\\\/\",\"name\":\"\u041c\u0430\u0441\u0430\u0438 \u041c\u0430\u0440\u0430 2 \u0434\u043d\u044f &#8226; \u042d\u043a\u0441\u043a\u0443\u0440\u0441\u0438\u0438 Skyline\",\"isPartOf\":{\"@id\":\"https:\\\/\\\/skyline-gs.com\\\/it\\\/#website\"},\"primaryImageOfPage\":{\"@id\":\"https:\\\/\\\/skyline-gs.com\\\/pl\\\/produkt\\\/masai-mara-2-days\\\/#primaryimage\"},\"image\":{\"@id\":\"https:\\\/\\\/skyline-gs.com\\\/pl\\\/produkt\\\/masai-mara-2-days\\\/#primaryimage\"},\"thumbnailUrl\":\"https:\\\/\\\/skyline-gs.com\\\/wp-content\\\/uploads\\\/2021\\\/07\\\/4f.jpg\",\"datePublished\":\"2021-07-05T17:03:00+00:00\",\"dateModified\":\"2023-10-04T16:09:35+00:00\",\"breadcrumb\":{\"@id\":\"https:\\\/\\\/skyline-gs.com\\\/pl\\\/produkt\\\/masai-mara-2-days\\\/#breadcrumb\"},\"inLanguage\":\"fr-FR\",\"potentialAction\":[{\"@type\":\"ReadAction\",\"target\":[\"https:\\\/\\\/skyline-gs.com\\\/pl\\\/produkt\\\/masai-mara-2-days\\\/\"]}]},{\"@type\":\"ImageObject\",\"inLanguage\":\"fr-FR\",\"@id\":\"https:\\\/\\\/skyline-gs.com\\\/pl\\\/produkt\\\/masai-mara-2-days\\\/#primaryimage\",\"url\":\"https:\\\/\\\/skyline-gs.com\\\/wp-content\\\/uploads\\\/2021\\\/07\\\/4f.jpg\",\"contentUrl\":\"https:\\\/\\\/skyline-gs.com\\\/wp-content\\\/uploads\\\/2021\\\/07\\\/4f.jpg\",\"width\":669,\"height\":446},{\"@type\":\"BreadcrumbList\",\"@id\":\"https:\\\/\\\/skyline-gs.com\\\/pl\\\/produkt\\\/masai-mara-2-days\\\/#breadcrumb\",\"itemListElement\":[{\"@type\":\"ListItem\",\"position\":1,\"name\":\"\u0413\u043b\u0430\u0432\u043d\u0430\u044f \u0441\u0442\u0440\u0430\u043d\u0438\u0446\u0430\",\"item\":\"https:\\\/\\\/skyline-gs.com\\\/hu\\\/\"},{\"@type\":\"ListItem\",\"position\":2,\"name\":\"\u041c\u0430\u0433\u0430\u0437\u0438\u043d\",\"item\":\"https:\\\/\\\/skyline-gs.com\\\/cs\\\/shop\\\/\"},{\"@type\":\"ListItem\",\"position\":3,\"name\":\"\u041c\u0430\u0441\u0430\u0438 \u041c\u0430\u0440\u0430 2 \u0434\u043d\u044f\"}]},{\"@type\":\"WebSite\",\"@id\":\"https:\\\/\\\/skyline-gs.com\\\/it\\\/#website\",\"url\":\"https:\\\/\\\/skyline-gs.com\\\/it\\\/\",\"name\":\"\u042d\u043a\u0441\u043a\u0443\u0440\u0441\u0438\u0438 Skyline\",\"description\":\"\u042d\u043a\u0441\u043a\u043b\u044e\u0437\u0438\u0432\u043d\u044b\u0435 \u044d\u043a\u0441\u043a\u0443\u0440\u0441\u0438\u0438 \u043d\u0430 \u043b\u0443\u0447\u0448\u0438\u0445 \u043a\u0443\u0440\u043e\u0440\u0442\u0430\u0445 \u043c\u0438\u0440\u0430\",\"publisher\":{\"@id\":\"https:\\\/\\\/skyline-gs.com\\\/it\\\/#organization\"},\"alternateName\":\"Skyline\",\"potentialAction\":[{\"@type\":\"SearchAction\",\"target\":{\"@type\":\"EntryPoint\",\"urlTemplate\":\"https:\\\/\\\/skyline-gs.com\\\/it\\\/?s={search_term_string}\"},\"query-input\":{\"@type\":\"PropertyValueSpecification\",\"valueRequired\":true,\"valueName\":\"search_term_string\"}}],\"inLanguage\":\"fr-FR\"},{\"@type\":\"Organization\",\"@id\":\"https:\\\/\\\/skyline-gs.com\\\/it\\\/#organization\",\"name\":\"\u042d\u043a\u0441\u043a\u0443\u0440\u0441\u0438\u0438 Skyline\",\"alternateName\":\"\u042d\u043a\u0441\u043a\u0443\u0440\u0441\u0438\u0438 Skyline\",\"url\":\"https:\\\/\\\/skyline-gs.com\\\/it\\\/\",\"logo\":{\"@type\":\"ImageObject\",\"inLanguage\":\"fr-FR\",\"@id\":\"https:\\\/\\\/skyline-gs.com\\\/it\\\/#\\\/schema\\\/logo\\\/image\\\/\",\"url\":\"https:\\\/\\\/skyline-gs.com\\\/wp-content\\\/uploads\\\/2020\\\/12\\\/cropped-logo-2.png\",\"contentUrl\":\"https:\\\/\\\/skyline-gs.com\\\/wp-content\\\/uploads\\\/2020\\\/12\\\/cropped-logo-2.png\",\"width\":512,\"height\":512,\"caption\":\"\u042d\u043a\u0441\u043a\u0443\u0440\u0441\u0438\u0438 Skyline\"},\"image\":{\"@id\":\"https:\\\/\\\/skyline-gs.com\\\/it\\\/#\\\/schema\\\/logo\\\/image\\\/\"},\"sameAs\":[\"https:\\\/\\\/www.instagram.com\\\/skylineglobalservice\\\/\"]}]}<\/script>\n<!-- \/ Yoast SEO plugin. -->","yoast_head_json":{"title":"\u041c\u0430\u0441\u0430\u0438 \u041c\u0430\u0440\u0430 2 \u0434\u043d\u044f &#8226; \u042d\u043a\u0441\u043a\u0443\u0440\u0441\u0438\u0438 Skyline","robots":{"index":"index","follow":"follow","max-snippet":"max-snippet:-1","max-image-preview":"max-image-preview:large","max-video-preview":"max-video-preview:-1"},"canonical":"https:\/\/skyline-gs.com\/fr\/produit\/masai-mara-2-days\/","og_locale":"fr_FR","og_type":"article","og_title":"\u041c\u0430\u0441\u0430\u0438 \u041c\u0430\u0440\u0430 2 \u0434\u043d\u044f &#8226; \u042d\u043a\u0441\u043a\u0443\u0440\u0441\u0438\u0438 Skyline","og_description":"\u0414\u043b\u0438\u0442\u0435\u043b\u044c\u043d\u043e\u0441\u0442\u044c: 2 \u0434\u043d\u044f  \u0414\u043d\u0438 \u043f\u0440\u043e\u0432\u0435\u0434\u0435\u043d\u0438\u044f: \u0435\u0436\u0435\u0434\u043d\u0435\u0432\u043d\u043e  \u041c\u0430\u0441\u0430\u0438 \u041c\u0430\u0440\u0430 \u2013 \u0443\u0441\u0442\u0440\u043e\u0438\u043c \u0443\u0432\u043b\u0435\u043a\u0430\u0442\u0435\u043b\u044c\u043d\u043e\u0435 \u0441\u0430\u0444\u0430\u0440\u0438 \u0432 \u043e\u0434\u043d\u043e\u043c \u0438\u0437 \u0441\u0430\u043c\u044b\u0445 \u043f\u043e\u043f\u0443\u043b\u044f\u0440\u043d\u044b\u0445 \u0432 \u043c\u0438\u0440\u0435 \u043f\u0430\u0440\u043a\u043e\u0432 \u0434\u0438\u043a\u043e\u0439 \u043f\u0440\u0438\u0440\u043e\u0434\u044b, \u0433\u0434\u0435 \u0432\u0441\u0442\u0440\u0435\u0442\u0438\u043c \u0436\u0438\u0432\u043e\u0442\u043d\u044b\u0445 \u0438\u0437 \u00ab\u0411\u043e\u043b\u044c\u0448\u043e\u0439 \u0430\u0444\u0440\u0438\u043a\u0430\u043d\u0441\u043a\u043e\u0439 \u043f\u044f\u0442\u0435\u0440\u043a\u0438\u00bb \u0438 \u043d\u0435 \u0442\u043e\u043b\u044c\u043a\u043e!","og_url":"https:\/\/skyline-gs.com\/fr\/produit\/masai-mara-2-days\/","og_site_name":"\u042d\u043a\u0441\u043a\u0443\u0440\u0441\u0438\u0438 Skyline","article_modified_time":"2023-10-04T16:09:35+00:00","og_image":[{"width":669,"height":446,"url":"https:\/\/skyline-gs.com\/wp-content\/uploads\/2021\/07\/4f.jpg","type":"image\/jpeg"}],"twitter_card":"summary_large_image","twitter_misc":{"Dur\u00e9e de lecture estim\u00e9e":"2 minutes"},"schema":{"@context":"https:\/\/schema.org","@graph":[{"@type":"WebPage","@id":"https:\/\/skyline-gs.com\/pl\/produkt\/masai-mara-2-days\/","url":"https:\/\/skyline-gs.com\/pl\/produkt\/masai-mara-2-days\/","name":"\u041c\u0430\u0441\u0430\u0438 \u041c\u0430\u0440\u0430 2 \u0434\u043d\u044f &#8226; \u042d\u043a\u0441\u043a\u0443\u0440\u0441\u0438\u0438 Skyline","isPartOf":{"@id":"https:\/\/skyline-gs.com\/it\/#website"},"primaryImageOfPage":{"@id":"https:\/\/skyline-gs.com\/pl\/produkt\/masai-mara-2-days\/#primaryimage"},"image":{"@id":"https:\/\/skyline-gs.com\/pl\/produkt\/masai-mara-2-days\/#primaryimage"},"thumbnailUrl":"https:\/\/skyline-gs.com\/wp-content\/uploads\/2021\/07\/4f.jpg","datePublished":"2021-07-05T17:03:00+00:00","dateModified":"2023-10-04T16:09:35+00:00","breadcrumb":{"@id":"https:\/\/skyline-gs.com\/pl\/produkt\/masai-mara-2-days\/#breadcrumb"},"inLanguage":"fr-FR","potentialAction":[{"@type":"ReadAction","target":["https:\/\/skyline-gs.com\/pl\/produkt\/masai-mara-2-days\/"]}]},{"@type":"ImageObject","inLanguage":"fr-FR","@id":"https:\/\/skyline-gs.com\/pl\/produkt\/masai-mara-2-days\/#primaryimage","url":"https:\/\/skyline-gs.com\/wp-content\/uploads\/2021\/07\/4f.jpg","contentUrl":"https:\/\/skyline-gs.com\/wp-content\/uploads\/2021\/07\/4f.jpg","width":669,"height":446},{"@type":"BreadcrumbList","@id":"https:\/\/skyline-gs.com\/pl\/produkt\/masai-mara-2-days\/#breadcrumb","itemListElement":[{"@type":"ListItem","position":1,"name":"\u0413\u043b\u0430\u0432\u043d\u0430\u044f \u0441\u0442\u0440\u0430\u043d\u0438\u0446\u0430","item":"https:\/\/skyline-gs.com\/hu\/"},{"@type":"ListItem","position":2,"name":"\u041c\u0430\u0433\u0430\u0437\u0438\u043d","item":"https:\/\/skyline-gs.com\/cs\/shop\/"},{"@type":"ListItem","position":3,"name":"\u041c\u0430\u0441\u0430\u0438 \u041c\u0430\u0440\u0430 2 \u0434\u043d\u044f"}]},{"@type":"WebSite","@id":"https:\/\/skyline-gs.com\/it\/#website","url":"https:\/\/skyline-gs.com\/it\/","name":"Excursions Skyline","description":"Excursions exclusives dans les meilleurs centres de vill\u00e9giature du monde","publisher":{"@id":"https:\/\/skyline-gs.com\/it\/#organization"},"alternateName":"Skyline","potentialAction":[{"@type":"SearchAction","target":{"@type":"EntryPoint","urlTemplate":"https:\/\/skyline-gs.com\/it\/?s={search_term_string}"},"query-input":{"@type":"PropertyValueSpecification","valueRequired":true,"valueName":"search_term_string"}}],"inLanguage":"fr-FR"},{"@type":"Organization","@id":"https:\/\/skyline-gs.com\/it\/#organization","name":"Excursions Skyline","alternateName":"\u042d\u043a\u0441\u043a\u0443\u0440\u0441\u0438\u0438 Skyline","url":"https:\/\/skyline-gs.com\/it\/","logo":{"@type":"ImageObject","inLanguage":"fr-FR","@id":"https:\/\/skyline-gs.com\/it\/#\/schema\/logo\/image\/","url":"https:\/\/skyline-gs.com\/wp-content\/uploads\/2020\/12\/cropped-logo-2.png","contentUrl":"https:\/\/skyline-gs.com\/wp-content\/uploads\/2020\/12\/cropped-logo-2.png","width":512,"height":512,"caption":"\u042d\u043a\u0441\u043a\u0443\u0440\u0441\u0438\u0438 Skyline"},"image":{"@id":"https:\/\/skyline-gs.com\/it\/#\/schema\/logo\/image\/"},"sameAs":["https:\/\/www.instagram.com\/skylineglobalservice\/"]}]}},"_links":{"self":[{"href":"https:\/\/skyline-gs.com\/fr\/wp-json\/wp\/v2\/product\/26758","targetHints":{"allow":["GET"]}}],"collection":[{"href":"https:\/\/skyline-gs.com\/fr\/wp-json\/wp\/v2\/product"}],"about":[{"href":"https:\/\/skyline-gs.com\/fr\/wp-json\/wp\/v2\/types\/product"}],"version-history":[{"count":0,"href":"https:\/\/skyline-gs.com\/fr\/wp-json\/wp\/v2\/product\/26758\/revisions"}],"wp:featuredmedia":[{"embeddable":true,"href":"https:\/\/skyline-gs.com\/fr\/wp-json\/wp\/v2\/media\/26780"}],"wp:attachment":[{"href":"https:\/\/skyline-gs.com\/fr\/wp-json\/wp\/v2\/media?parent=26758"}],"wp:term":[{"taxonomy":"product_brand","embeddable":true,"href":"https:\/\/skyline-gs.com\/fr\/wp-json\/wp\/v2\/product_brand?post=26758"},{"taxonomy":"product_cat","embeddable":true,"href":"https:\/\/skyline-gs.com\/fr\/wp-json\/wp\/v2\/product_cat?post=26758"},{"taxonomy":"product_tag","embeddable":true,"href":"https:\/\/skyline-gs.com\/fr\/wp-json\/wp\/v2\/product_tag?post=26758"}],"curies":[{"name":"wp","href":"https:\/\/api.w.org\/{rel}","templated":true}]}}