{"id":26732,"date":"2021-07-05T18:06:03","date_gmt":"2021-07-05T16:06:03","guid":{"rendered":"http:\/\/skyline-gs.com\/?post_type=product&#038;p=26732"},"modified":"2023-10-04T18:09:36","modified_gmt":"2023-10-04T16:09:36","slug":"amboseli-2-days","status":"publish","type":"product","link":"https:\/\/skyline-gs.com\/fr\/product\/amboseli-2-days\/","title":{"rendered":"Amboseli 2 jours"},"content":{"rendered":"<p><strong>Jour 1<\/strong><\/p>\n<p>Nous commen\u00e7ons notre safari passionnant \u00e0 Nairobi - notre repr\u00e9sentant viendra vous chercher \u00e0 votre h\u00f4tel ou \u00e0 l'a\u00e9roport \u00e0 7h30. Dans une confortable jeep 4\u00d74, nous roulerons le long de l'autoroute Nairobi-Mombasa jusqu'au parc d'Amboseli. Les quatre heures de route passeront vite, car nous aurons droit \u00e0 des panoramas incroyablement beaux des savanes africaines, illumin\u00e9es par les rayons d'un soleil \u00e9clatant. Nous verrons des fermes locales, des p\u00e2turages et des bergers masa\u00efs v\u00eatus d'habits color\u00e9s.<\/p>\n<p>Le point de rep\u00e8re sera le majestueux Kilimandjaro - la montagne sera visible bien avant notre arriv\u00e9e. Nous arriverons juste \u00e0 temps pour nous installer dans le camping\/lodge et d\u00e9jeuner. Apr\u00e8s une pause, nous commencerons le safari ! Nous partirons \u00e0 la recherche d'\u00e9l\u00e9phants, de girafes, d'autruches, de gu\u00e9pards, de z\u00e8bres, de lions et d'autres animaux sauvages. Amboseli est remarquable en ce sens qu'il n'y a pas de fourr\u00e9s denses. Nous pouvons donc explorer confortablement le monde naturel et animal. Nous apercevrons facilement les grands et les petits pr\u00e9dateurs, les herbivores et les herbivores vivant sur le territoire de la r\u00e9serve. Pr\u00e9parez vos appareils photo - nous pourrons photographier non seulement des animaux. Si le temps est sans nuages ce jour-l\u00e0, nous pourrons photographier le sommet enneig\u00e9 du l\u00e9gendaire Kilimandjaro ! Le soir, nous retournerons au lodge ou au campement pour nous d\u00e9tendre, d\u00eener et discuter des aventures de la journ\u00e9e.<\/p>\n<p><strong>Jour 2<\/strong><\/p>\n<p>T\u00f4t le matin, nous partirons en safari pour observer la faune dans les premiers rayons du soleil levant. L'aube est le meilleur moment pour explorer la faune de la r\u00e9serve, car la savane et ses nombreux habitants commencent \u00e0 se r\u00e9veiller. Apr\u00e8s le petit-d\u00e9jeuner, nous ferons un autre safari pour voir ceux que nous n'avons pas eu le temps de voir. Par exemple, nous chercherons des hy\u00e8nes, des chacals, des singes et de grands gnous. Apr\u00e8s le d\u00e9jeuner, nous dirons au revoir \u00e0 Amboseli et monterons \u00e0 bord d'une jeep pour retourner \u00e0 Nairobi. Nous serons au sol vers 16h30.<\/p>\n<p><strong>Inclus :<\/strong><\/p>\n<ul>\n<li>Transfert depuis\/vers Nairobi<\/li>\n<li>Safari dans une confortable jeep Toyota Land Cruiser<\/li>\n<li>Accompagnement par un chauffeur\/guide anglophone<\/li>\n<li>H\u00e9bergement en camp\/lodge selon l'option choisie<\/li>\n<li>Repas selon le syst\u00e8me : petit-d\u00e9jeuner, d\u00e9jeuner, d\u00eener (y compris les repas pendant le safari)<\/li>\n<li>Billets d'entr\u00e9e dans la r\u00e9serve<\/li>\n<li>Eau en bouteille dans le v\u00e9hicule de safari<\/li>\n<li>Services m\u00e9dicaux des \"m\u00e9decins volants\", services de sauvetage<\/li>\n<li>Tous les imp\u00f4ts et taxes<\/li>\n<\/ul>\n<p><strong>Emportez-le avec vous :<\/strong><\/p>\n<ul>\n<li>Chaussures et v\u00eatements confortables. \u041b<span class=\"fontstyle0\">pantalon long, chemise \u00e0 manches longues, T-shirt ;<\/span><\/li>\n<li>Une veste, en cas de pluie ou de soir\u00e9es fra\u00eeches ;<\/li>\n<li>Mat\u00e9riel photo-vid\u00e9o. Chargez vos appareils \u00e0 l'avance ;<\/li>\n<li>Changez votre argent en petites coupures. Ils sont utiles pour les souvenirs et pour donner un pourboire aux gardes forestiers. Le pourboire recommand\u00e9 est de 5$ par personne ;<\/li>\n<li><span class=\"fontstyle0\">Lunettes de soleil et panama, cr\u00e8me solaire ;<\/span><\/li>\n<li><span class=\"fontstyle0\">Produits d'hygi\u00e8ne personnelle, trousse de secours personnelle ;<\/span><\/li>\n<li><span class=\"fontstyle0\">Gel d\u00e9sinfectant pour les mains.<\/span><\/li>\n<\/ul>\n<p><strong>Attention !<\/strong><br \/>\nSi vous pr\u00e9voyez de poursuivre votre voyage jusqu'\u00e0 Arusha ou Moshi, nous pouvons vous emmener \u00e0 Namanga (\u00e0 la fronti\u00e8re entre le Kenya et la Tanzanie). Veuillez nous faire part de vos projets \u00e0 l'avance et nous fournir les informations n\u00e9cessaires lors de la r\u00e9servation de votre voyage.<\/p>","protected":false},"excerpt":{"rendered":"<p><strong>Dur\u00e9e de l'enqu\u00eate : <\/strong>2 jours<\/p>\n<p><strong>Jours de D\u00e9roulement:<\/strong> Chaque jour<\/p>\n<p>Parc national d'Amboseli - visite de la r\u00e9serve du Kenya au pied du majestueux Kilimandjaro, o\u00f9 nous verrons des troupeaux d'\u00e9l\u00e9phants, des buffles, des lions, des z\u00e8bres, des gazelles, des gu\u00e9pards et d'autres animaux sauvages.<\/p>","protected":false},"featured_media":26737,"template":"","meta":{"_kad_post_transparent":"default","_kad_post_title":"","_kad_post_layout":"default","_kad_post_sidebar_id":"","_kad_post_content_style":"default","_kad_post_vertical_padding":"default","_kad_post_feature":"","_kad_post_feature_position":"","_kad_post_header":false,"_kad_post_footer":false,"_kad_post_classname":"","_glsr_average":0,"_glsr_ranking":0,"_glsr_reviews":0},"product_brand":[],"product_cat":[295],"product_tag":[],"class_list":{"0":"post-26732","1":"product","2":"type-product","3":"status-publish","4":"has-post-thumbnail","6":"product_cat-uncategorized","7":"tm-has-options","9":"first","10":"instock","11":"sale","12":"sold-individually","13":"taxable","14":"shipping-taxable","15":"purchasable","16":"product-type-simple","17":"entry","18":"content-bg","19":"loop-entry"},"yoast_head":"<!-- This site is optimized with the Yoast SEO plugin v27.3 - https:\/\/yoast.com\/product\/yoast-seo-wordpress\/ -->\n<title>\u0410\u043c\u0431\u043e\u0441\u0435\u043b\u0438 2 \u0434\u043d\u044f &#8226; \u042d\u043a\u0441\u043a\u0443\u0440\u0441\u0438\u0438 Skyline<\/title>\n<meta name=\"robots\" content=\"index, follow, max-snippet:-1, max-image-preview:large, max-video-preview:-1\" \/>\n<link rel=\"canonical\" href=\"https:\/\/skyline-gs.com\/fr\/produit\/amboseli-2-days\/\" \/>\n<meta property=\"og:locale\" content=\"fr_FR\" \/>\n<meta property=\"og:type\" content=\"article\" \/>\n<meta property=\"og:title\" content=\"\u0410\u043c\u0431\u043e\u0441\u0435\u043b\u0438 2 \u0434\u043d\u044f &#8226; \u042d\u043a\u0441\u043a\u0443\u0440\u0441\u0438\u0438 Skyline\" \/>\n<meta property=\"og:description\" content=\"\u0414\u043b\u0438\u0442\u0435\u043b\u044c\u043d\u043e\u0441\u0442\u044c: 2 \u0434\u043d\u044f  \u0414\u043d\u0438 \u043f\u0440\u043e\u0432\u0435\u0434\u0435\u043d\u0438\u044f: \u0435\u0436\u0435\u0434\u043d\u0435\u0432\u043d\u043e  \u041d\u0430\u0446\u0438\u043e\u043d\u0430\u043b\u044c\u043d\u044b\u0439 \u043f\u0430\u0440\u043a \u0410\u043c\u0431\u043e\u0441\u0435\u043b\u0438 \u2013 \u043f\u043e\u0431\u044b\u0432\u0430\u0435\u043c \u0432 \u043a\u0435\u043d\u0438\u0439\u0441\u043a\u043e\u043c \u0437\u0430\u043f\u043e\u0432\u0435\u0434\u043d\u0438\u043a\u0435, \u0440\u0430\u0441\u043f\u043e\u043b\u043e\u0436\u0435\u043d\u043d\u043e\u043c \u0443 \u043f\u043e\u0434\u043d\u043e\u0436\u0438\u044f \u0432\u0435\u043b\u0438\u0447\u0435\u0441\u0442\u0432\u0435\u043d\u043d\u043e\u0439 \u0433\u043e\u0440\u044b \u041a\u0438\u043b\u0438\u043c\u0430\u043d\u0434\u0436\u0430\u0440\u043e, \u0433\u0434\u0435 \u0443\u0432\u0438\u0434\u0438\u043c \u0441\u0442\u0430\u0434\u0430 \u0441\u043b\u043e\u043d\u043e\u0432, \u0431\u0443\u0439\u0432\u043e\u043b\u043e\u0432, \u043b\u044c\u0432\u043e\u0432, \u0437\u0435\u0431\u0440, \u0433\u0430\u0437\u0435\u043b\u0435\u0439, \u0433\u0435\u043f\u0430\u0440\u0434\u043e\u0432 \u0438 \u0434\u0440\u0443\u0433\u0438\u0445 \u0434\u0438\u043a\u0438\u0445 \u0436\u0438\u0432\u043e\u0442\u043d\u044b\u0445\" \/>\n<meta property=\"og:url\" content=\"https:\/\/skyline-gs.com\/fr\/produit\/amboseli-2-days\/\" \/>\n<meta property=\"og:site_name\" content=\"\u042d\u043a\u0441\u043a\u0443\u0440\u0441\u0438\u0438 Skyline\" \/>\n<meta property=\"article:modified_time\" content=\"2023-10-04T16:09:36+00:00\" \/>\n<meta property=\"og:image\" content=\"https:\/\/skyline-gs.com\/wp-content\/uploads\/2021\/07\/98.jpg\" \/>\n\t<meta property=\"og:image:width\" content=\"669\" \/>\n\t<meta property=\"og:image:height\" content=\"446\" \/>\n\t<meta property=\"og:image:type\" content=\"image\/jpeg\" \/>\n<meta name=\"twitter:card\" content=\"summary_large_image\" \/>\n<meta name=\"twitter:label1\" content=\"Dur\u00e9e de lecture estim\u00e9e\" \/>\n\t<meta name=\"twitter:data1\" content=\"2 minutes\" \/>\n<script type=\"application\/ld+json\" class=\"yoast-schema-graph\">{\"@context\":\"https:\\\/\\\/schema.org\",\"@graph\":[{\"@type\":\"WebPage\",\"@id\":\"https:\\\/\\\/skyline-gs.com\\\/product\\\/amboseli-2-days\\\/\",\"url\":\"https:\\\/\\\/skyline-gs.com\\\/product\\\/amboseli-2-days\\\/\",\"name\":\"\u0410\u043c\u0431\u043e\u0441\u0435\u043b\u0438 2 \u0434\u043d\u044f &#8226; \u042d\u043a\u0441\u043a\u0443\u0440\u0441\u0438\u0438 Skyline\",\"isPartOf\":{\"@id\":\"https:\\\/\\\/skyline-gs.com\\\/it\\\/#website\"},\"primaryImageOfPage\":{\"@id\":\"https:\\\/\\\/skyline-gs.com\\\/product\\\/amboseli-2-days\\\/#primaryimage\"},\"image\":{\"@id\":\"https:\\\/\\\/skyline-gs.com\\\/product\\\/amboseli-2-days\\\/#primaryimage\"},\"thumbnailUrl\":\"https:\\\/\\\/skyline-gs.com\\\/wp-content\\\/uploads\\\/2021\\\/07\\\/98.jpg\",\"datePublished\":\"2021-07-05T16:06:03+00:00\",\"dateModified\":\"2023-10-04T16:09:36+00:00\",\"breadcrumb\":{\"@id\":\"https:\\\/\\\/skyline-gs.com\\\/product\\\/amboseli-2-days\\\/#breadcrumb\"},\"inLanguage\":\"fr-FR\",\"potentialAction\":[{\"@type\":\"ReadAction\",\"target\":[\"https:\\\/\\\/skyline-gs.com\\\/product\\\/amboseli-2-days\\\/\"]}]},{\"@type\":\"ImageObject\",\"inLanguage\":\"fr-FR\",\"@id\":\"https:\\\/\\\/skyline-gs.com\\\/product\\\/amboseli-2-days\\\/#primaryimage\",\"url\":\"https:\\\/\\\/skyline-gs.com\\\/wp-content\\\/uploads\\\/2021\\\/07\\\/98.jpg\",\"contentUrl\":\"https:\\\/\\\/skyline-gs.com\\\/wp-content\\\/uploads\\\/2021\\\/07\\\/98.jpg\",\"width\":669,\"height\":446},{\"@type\":\"BreadcrumbList\",\"@id\":\"https:\\\/\\\/skyline-gs.com\\\/product\\\/amboseli-2-days\\\/#breadcrumb\",\"itemListElement\":[{\"@type\":\"ListItem\",\"position\":1,\"name\":\"\u0413\u043b\u0430\u0432\u043d\u0430\u044f \u0441\u0442\u0440\u0430\u043d\u0438\u0446\u0430\",\"item\":\"https:\\\/\\\/skyline-gs.com\\\/hu\\\/\"},{\"@type\":\"ListItem\",\"position\":2,\"name\":\"\u041c\u0430\u0433\u0430\u0437\u0438\u043d\",\"item\":\"https:\\\/\\\/skyline-gs.com\\\/cs\\\/shop\\\/\"},{\"@type\":\"ListItem\",\"position\":3,\"name\":\"\u0410\u043c\u0431\u043e\u0441\u0435\u043b\u0438 2 \u0434\u043d\u044f\"}]},{\"@type\":\"WebSite\",\"@id\":\"https:\\\/\\\/skyline-gs.com\\\/it\\\/#website\",\"url\":\"https:\\\/\\\/skyline-gs.com\\\/it\\\/\",\"name\":\"\u042d\u043a\u0441\u043a\u0443\u0440\u0441\u0438\u0438 Skyline\",\"description\":\"\u042d\u043a\u0441\u043a\u043b\u044e\u0437\u0438\u0432\u043d\u044b\u0435 \u044d\u043a\u0441\u043a\u0443\u0440\u0441\u0438\u0438 \u043d\u0430 \u043b\u0443\u0447\u0448\u0438\u0445 \u043a\u0443\u0440\u043e\u0440\u0442\u0430\u0445 \u043c\u0438\u0440\u0430\",\"publisher\":{\"@id\":\"https:\\\/\\\/skyline-gs.com\\\/it\\\/#organization\"},\"alternateName\":\"Skyline\",\"potentialAction\":[{\"@type\":\"SearchAction\",\"target\":{\"@type\":\"EntryPoint\",\"urlTemplate\":\"https:\\\/\\\/skyline-gs.com\\\/it\\\/?s={search_term_string}\"},\"query-input\":{\"@type\":\"PropertyValueSpecification\",\"valueRequired\":true,\"valueName\":\"search_term_string\"}}],\"inLanguage\":\"fr-FR\"},{\"@type\":\"Organization\",\"@id\":\"https:\\\/\\\/skyline-gs.com\\\/it\\\/#organization\",\"name\":\"\u042d\u043a\u0441\u043a\u0443\u0440\u0441\u0438\u0438 Skyline\",\"alternateName\":\"\u042d\u043a\u0441\u043a\u0443\u0440\u0441\u0438\u0438 Skyline\",\"url\":\"https:\\\/\\\/skyline-gs.com\\\/it\\\/\",\"logo\":{\"@type\":\"ImageObject\",\"inLanguage\":\"fr-FR\",\"@id\":\"https:\\\/\\\/skyline-gs.com\\\/it\\\/#\\\/schema\\\/logo\\\/image\\\/\",\"url\":\"https:\\\/\\\/skyline-gs.com\\\/wp-content\\\/uploads\\\/2020\\\/12\\\/cropped-logo-2.png\",\"contentUrl\":\"https:\\\/\\\/skyline-gs.com\\\/wp-content\\\/uploads\\\/2020\\\/12\\\/cropped-logo-2.png\",\"width\":512,\"height\":512,\"caption\":\"\u042d\u043a\u0441\u043a\u0443\u0440\u0441\u0438\u0438 Skyline\"},\"image\":{\"@id\":\"https:\\\/\\\/skyline-gs.com\\\/it\\\/#\\\/schema\\\/logo\\\/image\\\/\"},\"sameAs\":[\"https:\\\/\\\/www.instagram.com\\\/skylineglobalservice\\\/\"]}]}<\/script>\n<!-- \/ Yoast SEO plugin. -->","yoast_head_json":{"title":"\u0410\u043c\u0431\u043e\u0441\u0435\u043b\u0438 2 \u0434\u043d\u044f &#8226; \u042d\u043a\u0441\u043a\u0443\u0440\u0441\u0438\u0438 Skyline","robots":{"index":"index","follow":"follow","max-snippet":"max-snippet:-1","max-image-preview":"max-image-preview:large","max-video-preview":"max-video-preview:-1"},"canonical":"https:\/\/skyline-gs.com\/fr\/produit\/amboseli-2-days\/","og_locale":"fr_FR","og_type":"article","og_title":"\u0410\u043c\u0431\u043e\u0441\u0435\u043b\u0438 2 \u0434\u043d\u044f &#8226; \u042d\u043a\u0441\u043a\u0443\u0440\u0441\u0438\u0438 Skyline","og_description":"\u0414\u043b\u0438\u0442\u0435\u043b\u044c\u043d\u043e\u0441\u0442\u044c: 2 \u0434\u043d\u044f  \u0414\u043d\u0438 \u043f\u0440\u043e\u0432\u0435\u0434\u0435\u043d\u0438\u044f: \u0435\u0436\u0435\u0434\u043d\u0435\u0432\u043d\u043e  \u041d\u0430\u0446\u0438\u043e\u043d\u0430\u043b\u044c\u043d\u044b\u0439 \u043f\u0430\u0440\u043a \u0410\u043c\u0431\u043e\u0441\u0435\u043b\u0438 \u2013 \u043f\u043e\u0431\u044b\u0432\u0430\u0435\u043c \u0432 \u043a\u0435\u043d\u0438\u0439\u0441\u043a\u043e\u043c \u0437\u0430\u043f\u043e\u0432\u0435\u0434\u043d\u0438\u043a\u0435, \u0440\u0430\u0441\u043f\u043e\u043b\u043e\u0436\u0435\u043d\u043d\u043e\u043c \u0443 \u043f\u043e\u0434\u043d\u043e\u0436\u0438\u044f \u0432\u0435\u043b\u0438\u0447\u0435\u0441\u0442\u0432\u0435\u043d\u043d\u043e\u0439 \u0433\u043e\u0440\u044b \u041a\u0438\u043b\u0438\u043c\u0430\u043d\u0434\u0436\u0430\u0440\u043e, \u0433\u0434\u0435 \u0443\u0432\u0438\u0434\u0438\u043c \u0441\u0442\u0430\u0434\u0430 \u0441\u043b\u043e\u043d\u043e\u0432, \u0431\u0443\u0439\u0432\u043e\u043b\u043e\u0432, \u043b\u044c\u0432\u043e\u0432, \u0437\u0435\u0431\u0440, \u0433\u0430\u0437\u0435\u043b\u0435\u0439, \u0433\u0435\u043f\u0430\u0440\u0434\u043e\u0432 \u0438 \u0434\u0440\u0443\u0433\u0438\u0445 \u0434\u0438\u043a\u0438\u0445 \u0436\u0438\u0432\u043e\u0442\u043d\u044b\u0445","og_url":"https:\/\/skyline-gs.com\/fr\/produit\/amboseli-2-days\/","og_site_name":"\u042d\u043a\u0441\u043a\u0443\u0440\u0441\u0438\u0438 Skyline","article_modified_time":"2023-10-04T16:09:36+00:00","og_image":[{"width":669,"height":446,"url":"https:\/\/skyline-gs.com\/wp-content\/uploads\/2021\/07\/98.jpg","type":"image\/jpeg"}],"twitter_card":"summary_large_image","twitter_misc":{"Dur\u00e9e de lecture estim\u00e9e":"2 minutes"},"schema":{"@context":"https:\/\/schema.org","@graph":[{"@type":"WebPage","@id":"https:\/\/skyline-gs.com\/product\/amboseli-2-days\/","url":"https:\/\/skyline-gs.com\/product\/amboseli-2-days\/","name":"\u0410\u043c\u0431\u043e\u0441\u0435\u043b\u0438 2 \u0434\u043d\u044f &#8226; \u042d\u043a\u0441\u043a\u0443\u0440\u0441\u0438\u0438 Skyline","isPartOf":{"@id":"https:\/\/skyline-gs.com\/it\/#website"},"primaryImageOfPage":{"@id":"https:\/\/skyline-gs.com\/product\/amboseli-2-days\/#primaryimage"},"image":{"@id":"https:\/\/skyline-gs.com\/product\/amboseli-2-days\/#primaryimage"},"thumbnailUrl":"https:\/\/skyline-gs.com\/wp-content\/uploads\/2021\/07\/98.jpg","datePublished":"2021-07-05T16:06:03+00:00","dateModified":"2023-10-04T16:09:36+00:00","breadcrumb":{"@id":"https:\/\/skyline-gs.com\/product\/amboseli-2-days\/#breadcrumb"},"inLanguage":"fr-FR","potentialAction":[{"@type":"ReadAction","target":["https:\/\/skyline-gs.com\/product\/amboseli-2-days\/"]}]},{"@type":"ImageObject","inLanguage":"fr-FR","@id":"https:\/\/skyline-gs.com\/product\/amboseli-2-days\/#primaryimage","url":"https:\/\/skyline-gs.com\/wp-content\/uploads\/2021\/07\/98.jpg","contentUrl":"https:\/\/skyline-gs.com\/wp-content\/uploads\/2021\/07\/98.jpg","width":669,"height":446},{"@type":"BreadcrumbList","@id":"https:\/\/skyline-gs.com\/product\/amboseli-2-days\/#breadcrumb","itemListElement":[{"@type":"ListItem","position":1,"name":"\u0413\u043b\u0430\u0432\u043d\u0430\u044f \u0441\u0442\u0440\u0430\u043d\u0438\u0446\u0430","item":"https:\/\/skyline-gs.com\/hu\/"},{"@type":"ListItem","position":2,"name":"\u041c\u0430\u0433\u0430\u0437\u0438\u043d","item":"https:\/\/skyline-gs.com\/cs\/shop\/"},{"@type":"ListItem","position":3,"name":"\u0410\u043c\u0431\u043e\u0441\u0435\u043b\u0438 2 \u0434\u043d\u044f"}]},{"@type":"WebSite","@id":"https:\/\/skyline-gs.com\/it\/#website","url":"https:\/\/skyline-gs.com\/it\/","name":"Excursions Skyline","description":"Excursions exclusives dans les meilleurs centres de vill\u00e9giature du monde","publisher":{"@id":"https:\/\/skyline-gs.com\/it\/#organization"},"alternateName":"Skyline","potentialAction":[{"@type":"SearchAction","target":{"@type":"EntryPoint","urlTemplate":"https:\/\/skyline-gs.com\/it\/?s={search_term_string}"},"query-input":{"@type":"PropertyValueSpecification","valueRequired":true,"valueName":"search_term_string"}}],"inLanguage":"fr-FR"},{"@type":"Organization","@id":"https:\/\/skyline-gs.com\/it\/#organization","name":"Excursions Skyline","alternateName":"\u042d\u043a\u0441\u043a\u0443\u0440\u0441\u0438\u0438 Skyline","url":"https:\/\/skyline-gs.com\/it\/","logo":{"@type":"ImageObject","inLanguage":"fr-FR","@id":"https:\/\/skyline-gs.com\/it\/#\/schema\/logo\/image\/","url":"https:\/\/skyline-gs.com\/wp-content\/uploads\/2020\/12\/cropped-logo-2.png","contentUrl":"https:\/\/skyline-gs.com\/wp-content\/uploads\/2020\/12\/cropped-logo-2.png","width":512,"height":512,"caption":"\u042d\u043a\u0441\u043a\u0443\u0440\u0441\u0438\u0438 Skyline"},"image":{"@id":"https:\/\/skyline-gs.com\/it\/#\/schema\/logo\/image\/"},"sameAs":["https:\/\/www.instagram.com\/skylineglobalservice\/"]}]}},"_links":{"self":[{"href":"https:\/\/skyline-gs.com\/fr\/wp-json\/wp\/v2\/product\/26732","targetHints":{"allow":["GET"]}}],"collection":[{"href":"https:\/\/skyline-gs.com\/fr\/wp-json\/wp\/v2\/product"}],"about":[{"href":"https:\/\/skyline-gs.com\/fr\/wp-json\/wp\/v2\/types\/product"}],"version-history":[{"count":0,"href":"https:\/\/skyline-gs.com\/fr\/wp-json\/wp\/v2\/product\/26732\/revisions"}],"wp:featuredmedia":[{"embeddable":true,"href":"https:\/\/skyline-gs.com\/fr\/wp-json\/wp\/v2\/media\/26737"}],"wp:attachment":[{"href":"https:\/\/skyline-gs.com\/fr\/wp-json\/wp\/v2\/media?parent=26732"}],"wp:term":[{"taxonomy":"product_brand","embeddable":true,"href":"https:\/\/skyline-gs.com\/fr\/wp-json\/wp\/v2\/product_brand?post=26732"},{"taxonomy":"product_cat","embeddable":true,"href":"https:\/\/skyline-gs.com\/fr\/wp-json\/wp\/v2\/product_cat?post=26732"},{"taxonomy":"product_tag","embeddable":true,"href":"https:\/\/skyline-gs.com\/fr\/wp-json\/wp\/v2\/product_tag?post=26732"}],"curies":[{"name":"wp","href":"https:\/\/api.w.org\/{rel}","templated":true}]}}