{"id":25216,"date":"2022-09-08T15:01:47","date_gmt":"2022-09-08T12:01:47","guid":{"rendered":"https:\/\/hurghada.skyline-gs.com\/?post_type=product&#038;p=25216"},"modified":"2025-10-26T08:34:49","modified_gmt":"2025-10-26T06:34:49","slug":"super-cairo-all-inclusive","status":"publish","type":"product","link":"https:\/\/skyline-gs.com\/fr\/product\/super-cairo-all-inclusive\/","title":{"rendered":"Super Cairo (tout compris)"},"content":{"rendered":"<p>Super Cairo est le programme de visites le plus populaire au Caire !<\/p>\n<ul>\n<li>Sites historiques uniquement - pas de magasins<\/li>\n<li>Promenade sur le Nil (45 minutes) - incluse (dans le programme r\u00e9gulier, vous payez un suppl\u00e9ment pour cette promenade +10$)<\/li>\n<\/ul>\n<p>1h00 : d\u00e9part de l'h\u00f4tel. Le voyage aller dure environ 7 heures. En chemin, vous verrez la c\u00f4te de la mer Rouge. La visite du Caire commence par le complexe des pyramides de Gizeh, la derni\u00e8re merveille du monde. Les trois pyramides principales de Ch\u00e9ops, Ch\u00e9phren et Myk\u00e9rine et le Sphinx. Ensuite, nous visiterons le Mus\u00e9e national \u00e9gyptien, le plus grand d\u00e9p\u00f4t d'art \u00e9gyptien ancien au monde. Situ\u00e9 au Caire sur la place Tahrir, il compte environ 160 000 pi\u00e8ces d'exposition de toutes les p\u00e9riodes historiques de l'\u00c9gypte ancienne. Promenade le long du Nil pendant 45 minutes. D\u00e9jeuner - buffet (sans boissons).<\/p>\n<p>Nous nous dirigeons ensuite vers la partie ancienne du Caire, en passant par les quartiers chics. Dans la partie chr\u00e9tienne, plusieurs sites sont associ\u00e9s \u00e0 la fuite de la Sainte Famille. Dans l'Antiquit\u00e9, c'\u00e9tait un haut lieu du christianisme. \u00c9glise suspendue - construite sur la porte sud d'un fort romain en 690. Le toit en bois a la forme de l'arche de No\u00e9. Selon la l\u00e9gende, l'\u00e9glise a \u00e9t\u00e9 construite au-dessus de la grotte o\u00f9 la Vierge Marie et l'enfant J\u00e9sus ont v\u00e9cu alors qu'ils fuyaient les pers\u00e9cutions du roi H\u00e9rode. L'\u00e9glise abrite une magnifique iconostase (panneau de bois sculpt\u00e9). Deuxi\u00e8me \u00e9glise copte du Caire, Abu Serga (\u00e9glise Saint-Serge). Dans la partie musulmane du Caire, nous visitons la mosqu\u00e9e Amr. Elle a \u00e9t\u00e9 construite en 642 comme centre de culte de la premi\u00e8re capitale arabe de l'\u00c9gypte, la ville de Fustat (Le Vieux Caire). C'\u00e9tait la premi\u00e8re mosqu\u00e9e non seulement en \u00c9gypte, mais aussi dans toute l'Afrique. Retour \u00e0 Hurghada. 23:00 retour \u00e0 l'h\u00f4tel.<\/p>\n<p><strong>Inclus :<\/strong><\/p>\n<ul>\n<li>Transfert en autocar touristique moderne et climatis\u00e9 avec toilettes<\/li>\n<li>Guide \u00e9gyptologue russophone au Caire<\/li>\n<li>Frais d'entr\u00e9e pour toutes les attractions mentionn\u00e9es<\/li>\n<li>Mus\u00e9e national du Caire<\/li>\n<li>Pyramides de Gizeh<\/li>\n<li>Promenade dans l'ancienne partie islamique et chr\u00e9tienne du Caire (\"\u00c9glise suspendue\", \u00c9glise d'Abu Serga, Mosqu\u00e9e d'Amr)<\/li>\n<li>Excursion en bateau sur le Nil<\/li>\n<li>D\u00e9jeuner dans un restaurant du Caire<\/li>\n<\/ul>\n<p><strong>Non inclus :<\/strong><\/p>\n<ul>\n<li>Transferts de Sahl Hasheesh, Makadi Bay, El Gouna +$10 aller-retour (par groupe de 6 personnes maximum).<\/li>\n<li>Transfert depuis les h\u00f4tels de campagne \u00e0 Soma Bay, Safaga +$20 aller-retour (par groupe jusqu'\u00e0 6 personnes)<\/li>\n<li>Boissons<\/li>\n<\/ul>\n<p><strong>Emportez-le avec vous :<\/strong><\/p>\n<ul>\n<li>Passeport<\/li>\n<li>Coiffure<\/li>\n<li>Argent pour les d\u00e9penses personnelles et les souvenirs<\/li>\n<li>Produits de soins personnels<\/li>\n<li>Eau potable<\/li>\n<li>Collation matinale (expliquez \u00e0 la r\u00e9ception de l'h\u00f4tel que vous partez t\u00f4t le matin pour une excursion et que vous avez besoin de pr\u00e9parer une bo\u00eete \u00e0 lunch, les h\u00f4tels fourniront ce service gratuitement).<\/li>\n<li>Chaussures confortables<\/li>\n<li>V\u00eatements chauds pour le voyage (en hiver)<\/li>\n<\/ul>","protected":false},"excerpt":{"rendered":"<p><strong>Dur\u00e9e de l'enqu\u00eate :<\/strong> 1:00 &#8212; 23:00<\/p>\n<p><strong>Jours de D\u00e9roulement:<\/strong> Mardi<span class=\"selectable-text copyable-text\">, \u0421\u0440\u0435\u0434\u0430, \u041f\u044f\u0442\u043d\u0438\u0446\u0430, \u0421\u0443\u0431\u0431\u043e\u0442\u0430<\/span><\/p>","protected":false},"featured_media":25314,"template":"","meta":{"_kad_post_transparent":"default","_kad_post_title":"","_kad_post_layout":"default","_kad_post_sidebar_id":"","_kad_post_content_style":"default","_kad_post_vertical_padding":"default","_kad_post_feature":"","_kad_post_feature_position":"","_kad_post_header":false,"_kad_post_footer":false,"_kad_post_classname":"","_glsr_average":0,"_glsr_ranking":0,"_glsr_reviews":0},"product_brand":[],"product_cat":[479],"product_tag":[],"class_list":{"0":"post-25216","1":"product","2":"type-product","3":"status-publish","4":"has-post-thumbnail","6":"product_cat-hurghadatours","7":"tm-has-options","9":"first","10":"instock","11":"sale","12":"sold-individually","13":"taxable","14":"shipping-taxable","15":"purchasable","16":"product-type-simple","17":"entry","18":"content-bg","19":"loop-entry"},"yoast_head":"<!-- This site is optimized with the Yoast SEO plugin v27.4 - https:\/\/yoast.com\/product\/yoast-seo-wordpress\/ -->\n<title>\u0421\u0443\u043f\u0435\u0440 \u041a\u0430\u0438\u0440 (\u0412\u0441\u0451 \u0412\u043a\u043b\u044e\u0447\u0435\u043d\u043e) &#8226; \u042d\u043a\u0441\u043a\u0443\u0440\u0441\u0438\u0438 Skyline<\/title>\n<meta name=\"robots\" content=\"index, follow, max-snippet:-1, max-image-preview:large, max-video-preview:-1\" \/>\n<link rel=\"canonical\" href=\"https:\/\/skyline-gs.com\/fr\/produit\/super-cairo-all-inclusive\/\" \/>\n<meta property=\"og:locale\" content=\"fr_FR\" \/>\n<meta property=\"og:type\" content=\"article\" \/>\n<meta property=\"og:title\" content=\"\u0421\u0443\u043f\u0435\u0440 \u041a\u0430\u0438\u0440 (\u0412\u0441\u0451 \u0412\u043a\u043b\u044e\u0447\u0435\u043d\u043e) &#8226; \u042d\u043a\u0441\u043a\u0443\u0440\u0441\u0438\u0438 Skyline\" \/>\n<meta property=\"og:description\" content=\"\u0414\u043b\u0438\u0442\u0435\u043b\u044c\u043d\u043e\u0441\u0442\u044c: 1:00 - 23:00  \u0414\u043d\u0438 \u043f\u0440\u043e\u0432\u0435\u0434\u0435\u043d\u0438\u044f: \u0412\u0442\u043e\u0440\u043d\u0438\u043a, \u0421\u0440\u0435\u0434\u0430, \u041f\u044f\u0442\u043d\u0438\u0446\u0430, \u0421\u0443\u0431\u0431\u043e\u0442\u0430\" \/>\n<meta property=\"og:url\" content=\"https:\/\/skyline-gs.com\/fr\/produit\/super-cairo-all-inclusive\/\" \/>\n<meta property=\"og:site_name\" content=\"\u042d\u043a\u0441\u043a\u0443\u0440\u0441\u0438\u0438 Skyline\" \/>\n<meta property=\"article:modified_time\" content=\"2025-10-26T06:34:49+00:00\" \/>\n<meta property=\"og:image\" content=\"https:\/\/skyline-gs.com\/wp-content\/uploads\/2022\/09\/Foto-na-sajt-3-1.png\" \/>\n\t<meta property=\"og:image:width\" content=\"669\" \/>\n\t<meta property=\"og:image:height\" content=\"446\" \/>\n\t<meta property=\"og:image:type\" content=\"image\/png\" \/>\n<meta name=\"twitter:card\" content=\"summary_large_image\" \/>\n<meta name=\"twitter:label1\" content=\"Dur\u00e9e de lecture estim\u00e9e\" \/>\n\t<meta name=\"twitter:data1\" content=\"3 minutes\" \/>\n<script type=\"application\/ld+json\" class=\"yoast-schema-graph\">{\"@context\":\"https:\\\/\\\/schema.org\",\"@graph\":[{\"@type\":\"WebPage\",\"@id\":\"https:\\\/\\\/skyline-gs.com\\\/cs\\\/produkt\\\/super-cairo-all-inclusive\\\/\",\"url\":\"https:\\\/\\\/skyline-gs.com\\\/cs\\\/produkt\\\/super-cairo-all-inclusive\\\/\",\"name\":\"\u0421\u0443\u043f\u0435\u0440 \u041a\u0430\u0438\u0440 (\u0412\u0441\u0451 \u0412\u043a\u043b\u044e\u0447\u0435\u043d\u043e) &#8226; \u042d\u043a\u0441\u043a\u0443\u0440\u0441\u0438\u0438 Skyline\",\"isPartOf\":{\"@id\":\"https:\\\/\\\/skyline-gs.com\\\/it\\\/#website\"},\"primaryImageOfPage\":{\"@id\":\"https:\\\/\\\/skyline-gs.com\\\/cs\\\/produkt\\\/super-cairo-all-inclusive\\\/#primaryimage\"},\"image\":{\"@id\":\"https:\\\/\\\/skyline-gs.com\\\/cs\\\/produkt\\\/super-cairo-all-inclusive\\\/#primaryimage\"},\"thumbnailUrl\":\"https:\\\/\\\/skyline-gs.com\\\/wp-content\\\/uploads\\\/2022\\\/09\\\/Foto-na-sajt-3-1.png\",\"datePublished\":\"2022-09-08T12:01:47+00:00\",\"dateModified\":\"2025-10-26T06:34:49+00:00\",\"breadcrumb\":{\"@id\":\"https:\\\/\\\/skyline-gs.com\\\/cs\\\/produkt\\\/super-cairo-all-inclusive\\\/#breadcrumb\"},\"inLanguage\":\"fr-FR\",\"potentialAction\":[{\"@type\":\"ReadAction\",\"target\":[\"https:\\\/\\\/skyline-gs.com\\\/cs\\\/produkt\\\/super-cairo-all-inclusive\\\/\"]}]},{\"@type\":\"ImageObject\",\"inLanguage\":\"fr-FR\",\"@id\":\"https:\\\/\\\/skyline-gs.com\\\/cs\\\/produkt\\\/super-cairo-all-inclusive\\\/#primaryimage\",\"url\":\"https:\\\/\\\/skyline-gs.com\\\/wp-content\\\/uploads\\\/2022\\\/09\\\/Foto-na-sajt-3-1.png\",\"contentUrl\":\"https:\\\/\\\/skyline-gs.com\\\/wp-content\\\/uploads\\\/2022\\\/09\\\/Foto-na-sajt-3-1.png\",\"width\":669,\"height\":446},{\"@type\":\"BreadcrumbList\",\"@id\":\"https:\\\/\\\/skyline-gs.com\\\/cs\\\/produkt\\\/super-cairo-all-inclusive\\\/#breadcrumb\",\"itemListElement\":[{\"@type\":\"ListItem\",\"position\":1,\"name\":\"\u0413\u043b\u0430\u0432\u043d\u0430\u044f \u0441\u0442\u0440\u0430\u043d\u0438\u0446\u0430\",\"item\":\"https:\\\/\\\/skyline-gs.com\\\/hu\\\/\"},{\"@type\":\"ListItem\",\"position\":2,\"name\":\"\u041c\u0430\u0433\u0430\u0437\u0438\u043d\",\"item\":\"https:\\\/\\\/skyline-gs.com\\\/cs\\\/shop\\\/\"},{\"@type\":\"ListItem\",\"position\":3,\"name\":\"\u0421\u0443\u043f\u0435\u0440 \u041a\u0430\u0438\u0440 (\u0412\u0441\u0451 \u0412\u043a\u043b\u044e\u0447\u0435\u043d\u043e)\"}]},{\"@type\":\"WebSite\",\"@id\":\"https:\\\/\\\/skyline-gs.com\\\/it\\\/#website\",\"url\":\"https:\\\/\\\/skyline-gs.com\\\/it\\\/\",\"name\":\"\u042d\u043a\u0441\u043a\u0443\u0440\u0441\u0438\u0438 Skyline\",\"description\":\"\u042d\u043a\u0441\u043a\u043b\u044e\u0437\u0438\u0432\u043d\u044b\u0435 \u044d\u043a\u0441\u043a\u0443\u0440\u0441\u0438\u0438 \u043d\u0430 \u043b\u0443\u0447\u0448\u0438\u0445 \u043a\u0443\u0440\u043e\u0440\u0442\u0430\u0445 \u043c\u0438\u0440\u0430\",\"publisher\":{\"@id\":\"https:\\\/\\\/skyline-gs.com\\\/it\\\/#organization\"},\"alternateName\":\"Skyline\",\"potentialAction\":[{\"@type\":\"SearchAction\",\"target\":{\"@type\":\"EntryPoint\",\"urlTemplate\":\"https:\\\/\\\/skyline-gs.com\\\/it\\\/?s={search_term_string}\"},\"query-input\":{\"@type\":\"PropertyValueSpecification\",\"valueRequired\":true,\"valueName\":\"search_term_string\"}}],\"inLanguage\":\"fr-FR\"},{\"@type\":\"Organization\",\"@id\":\"https:\\\/\\\/skyline-gs.com\\\/it\\\/#organization\",\"name\":\"\u042d\u043a\u0441\u043a\u0443\u0440\u0441\u0438\u0438 Skyline\",\"alternateName\":\"\u042d\u043a\u0441\u043a\u0443\u0440\u0441\u0438\u0438 Skyline\",\"url\":\"https:\\\/\\\/skyline-gs.com\\\/it\\\/\",\"logo\":{\"@type\":\"ImageObject\",\"inLanguage\":\"fr-FR\",\"@id\":\"https:\\\/\\\/skyline-gs.com\\\/it\\\/#\\\/schema\\\/logo\\\/image\\\/\",\"url\":\"https:\\\/\\\/skyline-gs.com\\\/wp-content\\\/uploads\\\/2020\\\/12\\\/cropped-logo-2.png\",\"contentUrl\":\"https:\\\/\\\/skyline-gs.com\\\/wp-content\\\/uploads\\\/2020\\\/12\\\/cropped-logo-2.png\",\"width\":512,\"height\":512,\"caption\":\"\u042d\u043a\u0441\u043a\u0443\u0440\u0441\u0438\u0438 Skyline\"},\"image\":{\"@id\":\"https:\\\/\\\/skyline-gs.com\\\/it\\\/#\\\/schema\\\/logo\\\/image\\\/\"},\"sameAs\":[\"https:\\\/\\\/www.instagram.com\\\/skylineglobalservice\\\/\"]}]}<\/script>\n<!-- \/ Yoast SEO plugin. -->","yoast_head_json":{"title":"\u0421\u0443\u043f\u0435\u0440 \u041a\u0430\u0438\u0440 (\u0412\u0441\u0451 \u0412\u043a\u043b\u044e\u0447\u0435\u043d\u043e) &#8226; \u042d\u043a\u0441\u043a\u0443\u0440\u0441\u0438\u0438 Skyline","robots":{"index":"index","follow":"follow","max-snippet":"max-snippet:-1","max-image-preview":"max-image-preview:large","max-video-preview":"max-video-preview:-1"},"canonical":"https:\/\/skyline-gs.com\/fr\/produit\/super-cairo-all-inclusive\/","og_locale":"fr_FR","og_type":"article","og_title":"\u0421\u0443\u043f\u0435\u0440 \u041a\u0430\u0438\u0440 (\u0412\u0441\u0451 \u0412\u043a\u043b\u044e\u0447\u0435\u043d\u043e) &#8226; \u042d\u043a\u0441\u043a\u0443\u0440\u0441\u0438\u0438 Skyline","og_description":"\u0414\u043b\u0438\u0442\u0435\u043b\u044c\u043d\u043e\u0441\u0442\u044c: 1:00 - 23:00  \u0414\u043d\u0438 \u043f\u0440\u043e\u0432\u0435\u0434\u0435\u043d\u0438\u044f: \u0412\u0442\u043e\u0440\u043d\u0438\u043a, \u0421\u0440\u0435\u0434\u0430, \u041f\u044f\u0442\u043d\u0438\u0446\u0430, \u0421\u0443\u0431\u0431\u043e\u0442\u0430","og_url":"https:\/\/skyline-gs.com\/fr\/produit\/super-cairo-all-inclusive\/","og_site_name":"\u042d\u043a\u0441\u043a\u0443\u0440\u0441\u0438\u0438 Skyline","article_modified_time":"2025-10-26T06:34:49+00:00","og_image":[{"width":669,"height":446,"url":"https:\/\/skyline-gs.com\/wp-content\/uploads\/2022\/09\/Foto-na-sajt-3-1.png","type":"image\/png"}],"twitter_card":"summary_large_image","twitter_misc":{"Dur\u00e9e de lecture estim\u00e9e":"3 minutes"},"schema":{"@context":"https:\/\/schema.org","@graph":[{"@type":"WebPage","@id":"https:\/\/skyline-gs.com\/cs\/produkt\/super-cairo-all-inclusive\/","url":"https:\/\/skyline-gs.com\/cs\/produkt\/super-cairo-all-inclusive\/","name":"\u0421\u0443\u043f\u0435\u0440 \u041a\u0430\u0438\u0440 (\u0412\u0441\u0451 \u0412\u043a\u043b\u044e\u0447\u0435\u043d\u043e) &#8226; \u042d\u043a\u0441\u043a\u0443\u0440\u0441\u0438\u0438 Skyline","isPartOf":{"@id":"https:\/\/skyline-gs.com\/it\/#website"},"primaryImageOfPage":{"@id":"https:\/\/skyline-gs.com\/cs\/produkt\/super-cairo-all-inclusive\/#primaryimage"},"image":{"@id":"https:\/\/skyline-gs.com\/cs\/produkt\/super-cairo-all-inclusive\/#primaryimage"},"thumbnailUrl":"https:\/\/skyline-gs.com\/wp-content\/uploads\/2022\/09\/Foto-na-sajt-3-1.png","datePublished":"2022-09-08T12:01:47+00:00","dateModified":"2025-10-26T06:34:49+00:00","breadcrumb":{"@id":"https:\/\/skyline-gs.com\/cs\/produkt\/super-cairo-all-inclusive\/#breadcrumb"},"inLanguage":"fr-FR","potentialAction":[{"@type":"ReadAction","target":["https:\/\/skyline-gs.com\/cs\/produkt\/super-cairo-all-inclusive\/"]}]},{"@type":"ImageObject","inLanguage":"fr-FR","@id":"https:\/\/skyline-gs.com\/cs\/produkt\/super-cairo-all-inclusive\/#primaryimage","url":"https:\/\/skyline-gs.com\/wp-content\/uploads\/2022\/09\/Foto-na-sajt-3-1.png","contentUrl":"https:\/\/skyline-gs.com\/wp-content\/uploads\/2022\/09\/Foto-na-sajt-3-1.png","width":669,"height":446},{"@type":"BreadcrumbList","@id":"https:\/\/skyline-gs.com\/cs\/produkt\/super-cairo-all-inclusive\/#breadcrumb","itemListElement":[{"@type":"ListItem","position":1,"name":"\u0413\u043b\u0430\u0432\u043d\u0430\u044f \u0441\u0442\u0440\u0430\u043d\u0438\u0446\u0430","item":"https:\/\/skyline-gs.com\/hu\/"},{"@type":"ListItem","position":2,"name":"\u041c\u0430\u0433\u0430\u0437\u0438\u043d","item":"https:\/\/skyline-gs.com\/cs\/shop\/"},{"@type":"ListItem","position":3,"name":"\u0421\u0443\u043f\u0435\u0440 \u041a\u0430\u0438\u0440 (\u0412\u0441\u0451 \u0412\u043a\u043b\u044e\u0447\u0435\u043d\u043e)"}]},{"@type":"WebSite","@id":"https:\/\/skyline-gs.com\/it\/#website","url":"https:\/\/skyline-gs.com\/it\/","name":"Excursions Skyline","description":"Excursions exclusives dans les meilleurs centres de vill\u00e9giature du monde","publisher":{"@id":"https:\/\/skyline-gs.com\/it\/#organization"},"alternateName":"Skyline","potentialAction":[{"@type":"SearchAction","target":{"@type":"EntryPoint","urlTemplate":"https:\/\/skyline-gs.com\/it\/?s={search_term_string}"},"query-input":{"@type":"PropertyValueSpecification","valueRequired":true,"valueName":"search_term_string"}}],"inLanguage":"fr-FR"},{"@type":"Organization","@id":"https:\/\/skyline-gs.com\/it\/#organization","name":"Excursions Skyline","alternateName":"\u042d\u043a\u0441\u043a\u0443\u0440\u0441\u0438\u0438 Skyline","url":"https:\/\/skyline-gs.com\/it\/","logo":{"@type":"ImageObject","inLanguage":"fr-FR","@id":"https:\/\/skyline-gs.com\/it\/#\/schema\/logo\/image\/","url":"https:\/\/skyline-gs.com\/wp-content\/uploads\/2020\/12\/cropped-logo-2.png","contentUrl":"https:\/\/skyline-gs.com\/wp-content\/uploads\/2020\/12\/cropped-logo-2.png","width":512,"height":512,"caption":"\u042d\u043a\u0441\u043a\u0443\u0440\u0441\u0438\u0438 Skyline"},"image":{"@id":"https:\/\/skyline-gs.com\/it\/#\/schema\/logo\/image\/"},"sameAs":["https:\/\/www.instagram.com\/skylineglobalservice\/"]}]}},"_links":{"self":[{"href":"https:\/\/skyline-gs.com\/fr\/wp-json\/wp\/v2\/product\/25216","targetHints":{"allow":["GET"]}}],"collection":[{"href":"https:\/\/skyline-gs.com\/fr\/wp-json\/wp\/v2\/product"}],"about":[{"href":"https:\/\/skyline-gs.com\/fr\/wp-json\/wp\/v2\/types\/product"}],"version-history":[{"count":0,"href":"https:\/\/skyline-gs.com\/fr\/wp-json\/wp\/v2\/product\/25216\/revisions"}],"wp:featuredmedia":[{"embeddable":true,"href":"https:\/\/skyline-gs.com\/fr\/wp-json\/wp\/v2\/media\/25314"}],"wp:attachment":[{"href":"https:\/\/skyline-gs.com\/fr\/wp-json\/wp\/v2\/media?parent=25216"}],"wp:term":[{"taxonomy":"product_brand","embeddable":true,"href":"https:\/\/skyline-gs.com\/fr\/wp-json\/wp\/v2\/product_brand?post=25216"},{"taxonomy":"product_cat","embeddable":true,"href":"https:\/\/skyline-gs.com\/fr\/wp-json\/wp\/v2\/product_cat?post=25216"},{"taxonomy":"product_tag","embeddable":true,"href":"https:\/\/skyline-gs.com\/fr\/wp-json\/wp\/v2\/product_tag?post=25216"}],"curies":[{"name":"wp","href":"https:\/\/api.w.org\/{rel}","templated":true}]}}