{"id":24535,"date":"2021-06-24T14:54:10","date_gmt":"2021-06-24T12:54:10","guid":{"rendered":"http:\/\/skyline-gs.com\/?post_type=product&#038;p=24535"},"modified":"2025-12-16T15:04:39","modified_gmt":"2025-12-16T13:04:39","slug":"mount-moses-and-st-catherine-s-monastery-sharm","status":"publish","type":"product","link":"https:\/\/skyline-gs.com\/fr\/product\/mount-moses-and-st-catherine-s-monastery-sharm\/","title":{"rendered":"Le mont Mo\u00efse et le monast\u00e8re Sainte-Catherine"},"content":{"rendered":"<p>Le mont Mo\u00efse ou mont Sina\u00ef et le monast\u00e8re Sainte-Catherine au d\u00e9part de Sharm El Sheikh est une occasion exceptionnelle de rencontrer l'aube sur le mont Mo\u00efse pour une purification spirituelle et de toucher des reliques sacr\u00e9es, dans l'un des plus anciens monast\u00e8res du monde d\u00e9crits dans la Bible.<\/p>\n<p>D\u00e9part de Sharm el Sheikh vers 20h00. Apr\u00e8s deux heures et demie de route, le mont Mo\u00efse sera devant vous et vous ferez une ascension en p\u00e8lerinage. Un guide exp\u00e9riment\u00e9 vous aidera \u00e0 atteindre le sommet du mont Sina\u00ef \u00e0 une altitude de 2285 m\u00e8tres. Le mont Mo\u00efse et la vue depuis son sommet sont un spectacle en soi. La vue est magnifique et vaut vraiment l'effort. L'itin\u00e9raire complet est long d'environ 7 kilom\u00e8tres. La mont\u00e9e au sommet ne dure pas plus de 3 heures. De nombreux groupes de p\u00e8lerins gravissent le mont Mo\u00efse pour saluer l'aube et recevoir les b\u00e9n\u00e9dictions divines et la purification.<\/p>\n<p><strong>Piste 1 :<\/strong> un doux serpentin, puis vous devrez gravir 750 marches. Enfin, apr\u00e8s trois heures de marche, vous pourrez vous asseoir au sommet, vous concentrer sur vos pens\u00e9es, faire une pri\u00e8re ou simplement admirer le lever du soleil.<br \/>\nImaginez - Le mont Mo\u00efse est l'endroit o\u00f9 Dieu a donn\u00e9 les commandements \u00e0 Mo\u00efse pour les enfants d'Isra\u00ebl (les 10 commandements). La tradition veut que ceux qui ont fait le dur chemin jusqu'au mont Sina\u00ef et qui ont rencontr\u00e9 l'aube \u00e0 son sommet obtiennent la r\u00e9mission de leurs p\u00e9ch\u00e9s.<\/p>\n<p><strong>Piste 2 :<\/strong> Si vous ne vous sentez pas capable d'escalader la montagne par vos propres moyens, vous pouvez louer un chameau aupr\u00e8s des B\u00e9douins pour 15$.<\/p>\n<p>\u041f\u043e\u0441\u043b\u0435 \u0432\u0441\u0442\u0440\u0435\u0447\u0438 \u0440\u0430\u0441\u0441\u0432\u0435\u0442\u0430, \u0412\u044b \u0441\u043f\u0443\u0441\u043a\u0430\u0435\u0442\u0435\u0441\u044c \u0441 \u0433\u043e\u0440\u044b \u0438 \u0443\u0432\u0438\u0434\u0438\u0442\u0435 \u041c\u043e\u043d\u0430\u0441\u0442\u044b\u0440\u044e \u0441\u0432\u044f\u0442\u043e\u0439 \u0415\u043a\u0430\u0442\u0435\u0440\u0438\u043d\u044b. \u041c\u043e\u043d\u0430\u0441\u0442\u044b\u0440\u044c, \u0440\u0430\u0441\u043f\u043e\u043b\u043e\u0436\u0435\u043d\u043d\u044b\u0439 \u0443 \u0433\u043e\u0440\u044b \u041c\u043e\u0438\u0441\u0435\u044f, \u043d\u0430\u0437\u0432\u0430\u043d \u0432 \u0447\u0435\u0441\u0442\u044c \u0421\u0432\u044f\u0442\u043e\u0439 \u0415\u043a\u0430\u0442\u0435\u0440\u0438\u043d\u044b, \u043f\u0440\u0438\u043d\u044f\u0432\u0448\u0435\u0439 \u043c\u0443\u0447\u0435\u043d\u0438\u0447\u0435\u0441\u043a\u0443\u044e \u0441\u043c\u0435\u0440\u0442\u044c \u0437\u0430 \u0445\u0440\u0438\u0441\u0442\u0438\u0430\u043d\u0441\u043a\u0443\u044e \u0432\u0435\u0440\u0443. \u0412\u044b \u0443\u0432\u0438\u0434\u0438\u0442\u0435 \u0438 \u0443\u0437\u043d\u0430\u0435\u0442\u0435 \u0438\u0441\u0442\u043e\u0440\u0438\u044e, \u043e \u0432\u0445\u043e\u0434\u044f\u0449\u0438\u0445 \u0432 \u043a\u043e\u043c\u043f\u043b\u0435\u043a\u0441 \u043c\u043e\u043d\u0430\u0441\u0442\u044b\u0440\u044f \u0431\u0438\u0431\u043b\u0435\u0439\u0441\u043a\u0438\u0445 \u0430\u0440\u0442\u0435\u0444\u0430\u043a\u0442\u0430\u0445: \u0442\u0435\u0440\u043d\u043e\u0432\u043e\u043c \u043a\u0443\u0441\u0442\u0435 \u0438 \u0447\u0430\u0441\u043e\u0432\u043d\u0435 \u041d\u0435\u043e\u043f\u0430\u043b\u0438\u043c\u043e\u0439 \u041a\u0443\u043f\u0438\u043d\u044b, \u041a\u043e\u043b\u043e\u0434\u0446\u0435 \u041c\u043e\u0438\u0441\u0435\u044f, \u0430 \u0442\u0430\u043a \u0436\u0435 \u0411\u0430\u0437\u0438\u043b\u0438\u043a\u0435 \u041f\u0440\u0435\u043e\u0431\u0440\u0430\u0436\u0435\u043d\u0438\u044f \u2014 \u0433\u043b\u0430\u0432\u043d\u043e\u043c \u0445\u0440\u0430\u043c\u0435 \u043c\u043e\u043d\u0430\u0441\u0442\u044b\u0440\u044f. \u0413\u0440\u0435\u0447\u0435\u0441\u043a\u0438\u0439 \u041f\u0440\u0430\u0432\u043e\u0441\u043b\u0430\u0432\u043d\u044b\u0439 \u043c\u043e\u043d\u0430\u0441\u0442\u044b\u0440\u044c, \u043d\u0430\u0445\u043e\u0434\u0438\u0442\u0441\u044f \u0438 \u0431\u044b\u043b \u043f\u043e\u0441\u0442\u0440\u043e\u0435\u043d \u043c\u0435\u0436\u0434\u0443 548 \u0438 565 \u0433\u043e\u0434\u0430\u043c\u0438 \u043d.\u044d. \u041c\u043e\u043d\u0430\u0441\u0442\u044b\u0440\u044c \u043d\u0438\u043a\u043e\u0433\u0434\u0430 \u043d\u0435 \u0440\u0430\u0437\u0440\u0443\u0448\u0430\u043b\u0441\u044f \u0437\u0430 \u0432\u0441\u044e \u0435\u0433\u043e \u0438\u0441\u0442\u043e\u0440\u0438\u044e. \u0415\u0433\u043e \u043d\u0430\u0441\u043b\u0435\u0434\u0438\u0435 \u0441\u043e\u0445\u0440\u0430\u043d\u0438\u043b\u043e \u043f\u0435\u0440\u0432\u043e\u0437\u0434\u0430\u043d\u043d\u044b\u0439 \u0432\u0438\u0434, \u043f\u0440\u043e\u0439\u0434\u044f \u0441\u043a\u0432\u043e\u0437\u044c \u0442\u044b\u0441\u044f\u0447\u0435\u043b\u0435\u0442\u0438\u044f. \u0421\u043e\u0433\u043b\u0430\u0441\u043d\u043e \u043f\u0440\u0435\u0434\u0430\u043d\u0438\u044e \u043e\u043d \u0440\u0430\u0441\u043f\u043e\u043b\u043e\u0436\u0435\u043d \u0432 \u0442\u043e\u043c \u0441\u0430\u043c\u043e\u043c \u043c\u0435\u0441\u0442\u0435, \u0433\u0434\u0435 \u0432 \u043e\u0431\u044a\u044f\u0442\u043e\u043c \u043f\u043b\u0430\u043c\u0435\u043d\u0435\u043c \u0422\u0435\u0440\u043d\u043e\u0432\u043e\u043c \u041a\u0443\u0441\u0442\u0435 \u00ab\u041d\u0435\u043e\u043f\u0430\u043b\u0438\u043c\u043e\u0439 \u041a\u0443\u043f\u0438\u043d\u0435\u00bb, \u0413\u043e\u0441\u043f\u043e\u0434\u044c \u044f\u0432\u0438\u043b\u0441\u044f \u041c\u043e\u0438\u0441\u0435\u044e \u0438 \u0432\u043e\u0437\u0437\u0432\u0430\u043b \u0435\u0433\u043e, \u0432\u044b\u0432\u0435\u0441\u0442\u0438 \u0438\u0437 \u0415\u0433\u0438\u043f\u0442\u0430 \u00ab\u0441\u044b\u043d\u043e\u0432 \u0418\u0437\u0440\u0430\u0438\u043b\u0435\u0432\u044b\u0445\u00bb \u0432 \u041e\u0431\u0435\u0442\u043e\u0432\u0430\u043d\u043d\u0443\u044e \u0437\u0435\u043c\u043b\u044e. \u042d\u0442\u043e\u0442 \u0441\u0432\u044f\u0449\u0435\u043d\u043d\u044b\u0439 \u043a\u0443\u0441\u0442 \u0432\u043f\u043e\u0441\u043b\u0435\u0434\u0441\u0442\u0432\u0438\u0438 \u0431\u044b\u043b \u043f\u0435\u0440\u0435\u043d\u0435\u0441\u0435\u043d \u043d\u0430 \u043d\u0435\u0441\u043a\u043e\u043b\u044c\u043a\u043e \u043c\u0435\u0442\u0440\u043e\u0432 \u0432\u043e \u0432\u043d\u0443\u0442\u0440\u0435\u043d\u043d\u0438\u0439 \u0434\u0432\u043e\u0440 \u043c\u043e\u043d\u0430\u0441\u0442\u044b\u0440\u044f, \u0430 \u043d\u0430 \u043f\u0440\u0435\u0436\u043d\u0435\u043c \u043c\u0435\u0441\u0442\u0435 \u0432\u044b\u0441\u0442\u0440\u043e\u0435\u043d\u0430 \u0447\u0430\u0441\u043e\u0432\u043d\u044f \u0411\u043b\u0430\u0433\u043e\u0432\u0435\u0449\u0435\u043d\u0438\u044f \u0441 \u0441\u0435\u0440\u0435\u0431\u0440\u044f\u043d\u043e\u0439 \u0437\u0432\u0435\u0437\u0434\u043e\u0439, \u0443\u043a\u0430\u0437\u044b\u0432\u0430\u044e\u0449\u0435\u0439 \u043d\u0430 \u043c\u0435\u0441\u0442\u043e, \u0433\u0434\u0435 \u043a\u043e\u0440\u043d\u0438 \u043a\u0443\u0441\u0442\u0430 \u0432\u044b\u0445\u043e\u0434\u0438\u043b\u0438 \u0438\u0437 \u0437\u0435\u043c\u043b\u0438. \u0411\u0435\u0437 \u0441\u043e\u043c\u043d\u0435\u043d\u0438\u044f, \u0412\u044b \u0431\u0443\u0434\u0435\u0442\u0435 \u043e\u0447\u0430\u0440\u043e\u0432\u0430\u043d\u044b \u043a\u0440\u0430\u0441\u043e\u0442\u043e\u0439 \u0438 \u0432\u0435\u043b\u0438\u0447\u0438\u0435\u043c \u044d\u0442\u0438\u0445 \u0441\u0432\u044f\u0442\u044b\u0445 \u043c\u0435\u0441\u0442.<\/p>\n<p>\u0412\u043e\u0437\u0432\u0440\u0430\u0449\u0435\u043d\u0438\u0435 \u0432 \u043e\u0442\u0435\u043b\u044c \u043e\u043a\u043e\u043b\u043e 14:00.<\/p>\n<p><strong>Inclus :<\/strong><\/p>\n<ul>\n<li>Transferts depuis et vers l'h\u00f4tel<\/li>\n<li>Tous les transferts en route<\/li>\n<li>Guide parlant russe<\/li>\n<li>Visite du monast\u00e8re<\/li>\n<li>Torche<\/li>\n<\/ul>\n<p><strong>Non inclus :<\/strong><\/p>\n<ul>\n<li>Petit d\u00e9jeuner<\/li>\n<li>Boissons<\/li>\n<li>Mont\u00e9e et descente de la montagne \u00e0 dos de chameau - sur demande<\/li>\n<\/ul>\n<p><strong>Emportez-le avec vous :<\/strong><\/p>\n<ul>\n<li>Passeport (original) et copie du passeport (1 copie)<\/li>\n<li>\u0417\u0430\u0432\u0442\u0440\u0430\u043a \u0441 \u0441\u043e\u0431\u043e\u0439 (\u0437\u0430\u043a\u0430\u0436\u0438\u0442\u0435 \u0437\u0430 \u0434\u0435\u043d\u044c \u0434\u043e \u0432\u044b\u0435\u0437\u0434\u0430 \u043d\u0430 \u0440\u0435\u0441\u0435\u043f\u0448\u0435\u043d\u0435 \u0441\u0432\u043e\u0435\u0433\u043e \u043e\u0442\u0435\u043b\u044f, \u044d\u0442\u043e \u0431\u0435\u0441\u043f\u043b\u0430\u0442\u043d\u043e)<\/li>\n<li>V\u00eatements chauds<\/li>\n<li>Nous vous recommandons de porter des v\u00eatements qui couvrent les \u00e9paules et les genoux lorsque vous visitez des lieux saints.<\/li>\n<li>Les temples en pantalon sont autoris\u00e9s. Les femmes doivent porter une coiffe ou un ch\u00e2le.<\/li>\n<li>Appareil photo, appareil photo<\/li>\n<li>Argent pour : l'achat de boissons, l'achat de souvenirs et les d\u00e9penses personnelles.<\/li>\n<li>Chaussures de sport<\/li>\n<li>Eau potable<\/li>\n<li>Lunettes de soleil<\/li>\n<\/ul>","protected":false},"excerpt":{"rendered":"<p><strong>Temps du Tour:<\/strong> 20:00 &#8212; 14:00<\/p>\n<p><strong>Jours de D\u00e9roulement:<\/strong> Mercredi, vendredi, dimanche<\/p>","protected":false},"featured_media":51041,"template":"","meta":{"_kad_post_transparent":"default","_kad_post_title":"","_kad_post_layout":"default","_kad_post_sidebar_id":"","_kad_post_content_style":"default","_kad_post_vertical_padding":"default","_kad_post_feature":"","_kad_post_feature_position":"","_kad_post_header":false,"_kad_post_footer":false,"_kad_post_classname":"","_glsr_average":0,"_glsr_ranking":0,"_glsr_reviews":0},"product_brand":[],"product_cat":[435],"product_tag":[],"class_list":{"0":"post-24535","1":"product","2":"type-product","3":"status-publish","4":"has-post-thumbnail","6":"product_cat-sharm-el-sheikh","7":"tm-has-options","9":"first","10":"instock","11":"sale","12":"sold-individually","13":"taxable","14":"shipping-taxable","15":"purchasable","16":"product-type-simple","17":"entry","18":"content-bg","19":"loop-entry"},"yoast_head":"<!-- This site is optimized with the Yoast SEO plugin v27.3 - https:\/\/yoast.com\/product\/yoast-seo-wordpress\/ -->\n<title>\u0413\u043e\u0440\u0430 \u041c\u043e\u0438\u0441\u0435\u044f \u0438 \u043c\u043e\u043d\u0430\u0441\u0442\u044b\u0440\u044c \u0421\u0432\u044f\u0442\u043e\u0439 \u0415\u043a\u0430\u0442\u0435\u0440\u0438\u043d\u044b &#8226; \u042d\u043a\u0441\u043a\u0443\u0440\u0441\u0438\u0438 Skyline<\/title>\n<meta name=\"robots\" content=\"index, follow, max-snippet:-1, max-image-preview:large, max-video-preview:-1\" \/>\n<link rel=\"canonical\" href=\"http:\/\/skyline-gs.com\/fr\/produit\/mount-moses-and-st-catherine-s-monastery-sharm\/\" \/>\n<meta property=\"og:locale\" content=\"fr_FR\" \/>\n<meta property=\"og:type\" content=\"article\" \/>\n<meta property=\"og:title\" content=\"\u0413\u043e\u0440\u0430 \u041c\u043e\u0438\u0441\u0435\u044f \u0438 \u043c\u043e\u043d\u0430\u0441\u0442\u044b\u0440\u044c \u0421\u0432\u044f\u0442\u043e\u0439 \u0415\u043a\u0430\u0442\u0435\u0440\u0438\u043d\u044b &#8226; \u042d\u043a\u0441\u043a\u0443\u0440\u0441\u0438\u0438 Skyline\" \/>\n<meta property=\"og:description\" content=\"\u0412\u0440\u0435\u043c\u044f \u0442\u0443\u0440\u0430: 20:00 - 14:00  \u0414\u043d\u0438 \u043f\u0440\u043e\u0432\u0435\u0434\u0435\u043d\u0438\u044f: \u0421\u0440\u0435\u0434\u0430, \u041f\u044f\u0442\u043d\u0438\u0446\u0430, \u0412\u043e\u0441\u043a\u0440\u0435\u0441\u0435\u043d\u044c\u0435\" \/>\n<meta property=\"og:url\" content=\"http:\/\/skyline-gs.com\/fr\/produit\/mount-moses-and-st-catherine-s-monastery-sharm\/\" \/>\n<meta property=\"og:site_name\" content=\"\u042d\u043a\u0441\u043a\u0443\u0440\u0441\u0438\u0438 Skyline\" \/>\n<meta property=\"article:modified_time\" content=\"2025-12-16T13:04:39+00:00\" \/>\n<meta property=\"og:image\" content=\"https:\/\/skyline-gs.com\/wp-content\/uploads\/2021\/06\/145-6.jpg\" \/>\n\t<meta property=\"og:image:width\" content=\"960\" \/>\n\t<meta property=\"og:image:height\" content=\"540\" \/>\n\t<meta property=\"og:image:type\" content=\"image\/jpeg\" \/>\n<meta name=\"twitter:card\" content=\"summary_large_image\" \/>\n<meta name=\"twitter:label1\" content=\"Dur\u00e9e de lecture estim\u00e9e\" \/>\n\t<meta name=\"twitter:data1\" content=\"3 minutes\" \/>\n<script type=\"application\/ld+json\" class=\"yoast-schema-graph\">{\"@context\":\"https:\\\/\\\/schema.org\",\"@graph\":[{\"@type\":\"WebPage\",\"@id\":\"http:\\\/\\\/skyline-gs.com\\\/it\\\/prodotto\\\/mount-moses-and-st-catherine-s-monastery-sharm\\\/\",\"url\":\"http:\\\/\\\/skyline-gs.com\\\/it\\\/prodotto\\\/mount-moses-and-st-catherine-s-monastery-sharm\\\/\",\"name\":\"\u0413\u043e\u0440\u0430 \u041c\u043e\u0438\u0441\u0435\u044f \u0438 \u043c\u043e\u043d\u0430\u0441\u0442\u044b\u0440\u044c \u0421\u0432\u044f\u0442\u043e\u0439 \u0415\u043a\u0430\u0442\u0435\u0440\u0438\u043d\u044b &#8226; \u042d\u043a\u0441\u043a\u0443\u0440\u0441\u0438\u0438 Skyline\",\"isPartOf\":{\"@id\":\"https:\\\/\\\/skyline-gs.com\\\/it\\\/#website\"},\"primaryImageOfPage\":{\"@id\":\"http:\\\/\\\/skyline-gs.com\\\/it\\\/prodotto\\\/mount-moses-and-st-catherine-s-monastery-sharm\\\/#primaryimage\"},\"image\":{\"@id\":\"http:\\\/\\\/skyline-gs.com\\\/it\\\/prodotto\\\/mount-moses-and-st-catherine-s-monastery-sharm\\\/#primaryimage\"},\"thumbnailUrl\":\"https:\\\/\\\/skyline-gs.com\\\/wp-content\\\/uploads\\\/2021\\\/06\\\/145-6.jpg\",\"datePublished\":\"2021-06-24T12:54:10+00:00\",\"dateModified\":\"2025-12-16T13:04:39+00:00\",\"breadcrumb\":{\"@id\":\"http:\\\/\\\/skyline-gs.com\\\/it\\\/prodotto\\\/mount-moses-and-st-catherine-s-monastery-sharm\\\/#breadcrumb\"},\"inLanguage\":\"fr-FR\",\"potentialAction\":[{\"@type\":\"ReadAction\",\"target\":[\"http:\\\/\\\/skyline-gs.com\\\/it\\\/prodotto\\\/mount-moses-and-st-catherine-s-monastery-sharm\\\/\"]}]},{\"@type\":\"ImageObject\",\"inLanguage\":\"fr-FR\",\"@id\":\"http:\\\/\\\/skyline-gs.com\\\/it\\\/prodotto\\\/mount-moses-and-st-catherine-s-monastery-sharm\\\/#primaryimage\",\"url\":\"https:\\\/\\\/skyline-gs.com\\\/wp-content\\\/uploads\\\/2021\\\/06\\\/145-6.jpg\",\"contentUrl\":\"https:\\\/\\\/skyline-gs.com\\\/wp-content\\\/uploads\\\/2021\\\/06\\\/145-6.jpg\",\"width\":960,\"height\":540},{\"@type\":\"BreadcrumbList\",\"@id\":\"http:\\\/\\\/skyline-gs.com\\\/it\\\/prodotto\\\/mount-moses-and-st-catherine-s-monastery-sharm\\\/#breadcrumb\",\"itemListElement\":[{\"@type\":\"ListItem\",\"position\":1,\"name\":\"\u0413\u043b\u0430\u0432\u043d\u0430\u044f \u0441\u0442\u0440\u0430\u043d\u0438\u0446\u0430\",\"item\":\"https:\\\/\\\/skyline-gs.com\\\/hu\\\/\"},{\"@type\":\"ListItem\",\"position\":2,\"name\":\"\u041c\u0430\u0433\u0430\u0437\u0438\u043d\",\"item\":\"https:\\\/\\\/skyline-gs.com\\\/cs\\\/shop\\\/\"},{\"@type\":\"ListItem\",\"position\":3,\"name\":\"\u0413\u043e\u0440\u0430 \u041c\u043e\u0438\u0441\u0435\u044f \u0438 \u043c\u043e\u043d\u0430\u0441\u0442\u044b\u0440\u044c \u0421\u0432\u044f\u0442\u043e\u0439 \u0415\u043a\u0430\u0442\u0435\u0440\u0438\u043d\u044b\"}]},{\"@type\":\"WebSite\",\"@id\":\"https:\\\/\\\/skyline-gs.com\\\/it\\\/#website\",\"url\":\"https:\\\/\\\/skyline-gs.com\\\/it\\\/\",\"name\":\"\u042d\u043a\u0441\u043a\u0443\u0440\u0441\u0438\u0438 Skyline\",\"description\":\"\u042d\u043a\u0441\u043a\u043b\u044e\u0437\u0438\u0432\u043d\u044b\u0435 \u044d\u043a\u0441\u043a\u0443\u0440\u0441\u0438\u0438 \u043d\u0430 \u043b\u0443\u0447\u0448\u0438\u0445 \u043a\u0443\u0440\u043e\u0440\u0442\u0430\u0445 \u043c\u0438\u0440\u0430\",\"publisher\":{\"@id\":\"https:\\\/\\\/skyline-gs.com\\\/it\\\/#organization\"},\"alternateName\":\"Skyline\",\"potentialAction\":[{\"@type\":\"SearchAction\",\"target\":{\"@type\":\"EntryPoint\",\"urlTemplate\":\"https:\\\/\\\/skyline-gs.com\\\/it\\\/?s={search_term_string}\"},\"query-input\":{\"@type\":\"PropertyValueSpecification\",\"valueRequired\":true,\"valueName\":\"search_term_string\"}}],\"inLanguage\":\"fr-FR\"},{\"@type\":\"Organization\",\"@id\":\"https:\\\/\\\/skyline-gs.com\\\/it\\\/#organization\",\"name\":\"\u042d\u043a\u0441\u043a\u0443\u0440\u0441\u0438\u0438 Skyline\",\"alternateName\":\"\u042d\u043a\u0441\u043a\u0443\u0440\u0441\u0438\u0438 Skyline\",\"url\":\"https:\\\/\\\/skyline-gs.com\\\/it\\\/\",\"logo\":{\"@type\":\"ImageObject\",\"inLanguage\":\"fr-FR\",\"@id\":\"https:\\\/\\\/skyline-gs.com\\\/it\\\/#\\\/schema\\\/logo\\\/image\\\/\",\"url\":\"https:\\\/\\\/skyline-gs.com\\\/wp-content\\\/uploads\\\/2020\\\/12\\\/cropped-logo-2.png\",\"contentUrl\":\"https:\\\/\\\/skyline-gs.com\\\/wp-content\\\/uploads\\\/2020\\\/12\\\/cropped-logo-2.png\",\"width\":512,\"height\":512,\"caption\":\"\u042d\u043a\u0441\u043a\u0443\u0440\u0441\u0438\u0438 Skyline\"},\"image\":{\"@id\":\"https:\\\/\\\/skyline-gs.com\\\/it\\\/#\\\/schema\\\/logo\\\/image\\\/\"},\"sameAs\":[\"https:\\\/\\\/www.instagram.com\\\/skylineglobalservice\\\/\"]}]}<\/script>\n<!-- \/ Yoast SEO plugin. -->","yoast_head_json":{"title":"\u0413\u043e\u0440\u0430 \u041c\u043e\u0438\u0441\u0435\u044f \u0438 \u043c\u043e\u043d\u0430\u0441\u0442\u044b\u0440\u044c \u0421\u0432\u044f\u0442\u043e\u0439 \u0415\u043a\u0430\u0442\u0435\u0440\u0438\u043d\u044b &#8226; \u042d\u043a\u0441\u043a\u0443\u0440\u0441\u0438\u0438 Skyline","robots":{"index":"index","follow":"follow","max-snippet":"max-snippet:-1","max-image-preview":"max-image-preview:large","max-video-preview":"max-video-preview:-1"},"canonical":"http:\/\/skyline-gs.com\/fr\/produit\/mount-moses-and-st-catherine-s-monastery-sharm\/","og_locale":"fr_FR","og_type":"article","og_title":"\u0413\u043e\u0440\u0430 \u041c\u043e\u0438\u0441\u0435\u044f \u0438 \u043c\u043e\u043d\u0430\u0441\u0442\u044b\u0440\u044c \u0421\u0432\u044f\u0442\u043e\u0439 \u0415\u043a\u0430\u0442\u0435\u0440\u0438\u043d\u044b &#8226; \u042d\u043a\u0441\u043a\u0443\u0440\u0441\u0438\u0438 Skyline","og_description":"\u0412\u0440\u0435\u043c\u044f \u0442\u0443\u0440\u0430: 20:00 - 14:00  \u0414\u043d\u0438 \u043f\u0440\u043e\u0432\u0435\u0434\u0435\u043d\u0438\u044f: \u0421\u0440\u0435\u0434\u0430, \u041f\u044f\u0442\u043d\u0438\u0446\u0430, \u0412\u043e\u0441\u043a\u0440\u0435\u0441\u0435\u043d\u044c\u0435","og_url":"http:\/\/skyline-gs.com\/fr\/produit\/mount-moses-and-st-catherine-s-monastery-sharm\/","og_site_name":"\u042d\u043a\u0441\u043a\u0443\u0440\u0441\u0438\u0438 Skyline","article_modified_time":"2025-12-16T13:04:39+00:00","og_image":[{"width":960,"height":540,"url":"https:\/\/skyline-gs.com\/wp-content\/uploads\/2021\/06\/145-6.jpg","type":"image\/jpeg"}],"twitter_card":"summary_large_image","twitter_misc":{"Dur\u00e9e de lecture estim\u00e9e":"3 minutes"},"schema":{"@context":"https:\/\/schema.org","@graph":[{"@type":"WebPage","@id":"http:\/\/skyline-gs.com\/it\/prodotto\/mount-moses-and-st-catherine-s-monastery-sharm\/","url":"http:\/\/skyline-gs.com\/it\/prodotto\/mount-moses-and-st-catherine-s-monastery-sharm\/","name":"\u0413\u043e\u0440\u0430 \u041c\u043e\u0438\u0441\u0435\u044f \u0438 \u043c\u043e\u043d\u0430\u0441\u0442\u044b\u0440\u044c \u0421\u0432\u044f\u0442\u043e\u0439 \u0415\u043a\u0430\u0442\u0435\u0440\u0438\u043d\u044b &#8226; \u042d\u043a\u0441\u043a\u0443\u0440\u0441\u0438\u0438 Skyline","isPartOf":{"@id":"https:\/\/skyline-gs.com\/it\/#website"},"primaryImageOfPage":{"@id":"http:\/\/skyline-gs.com\/it\/prodotto\/mount-moses-and-st-catherine-s-monastery-sharm\/#primaryimage"},"image":{"@id":"http:\/\/skyline-gs.com\/it\/prodotto\/mount-moses-and-st-catherine-s-monastery-sharm\/#primaryimage"},"thumbnailUrl":"https:\/\/skyline-gs.com\/wp-content\/uploads\/2021\/06\/145-6.jpg","datePublished":"2021-06-24T12:54:10+00:00","dateModified":"2025-12-16T13:04:39+00:00","breadcrumb":{"@id":"http:\/\/skyline-gs.com\/it\/prodotto\/mount-moses-and-st-catherine-s-monastery-sharm\/#breadcrumb"},"inLanguage":"fr-FR","potentialAction":[{"@type":"ReadAction","target":["http:\/\/skyline-gs.com\/it\/prodotto\/mount-moses-and-st-catherine-s-monastery-sharm\/"]}]},{"@type":"ImageObject","inLanguage":"fr-FR","@id":"http:\/\/skyline-gs.com\/it\/prodotto\/mount-moses-and-st-catherine-s-monastery-sharm\/#primaryimage","url":"https:\/\/skyline-gs.com\/wp-content\/uploads\/2021\/06\/145-6.jpg","contentUrl":"https:\/\/skyline-gs.com\/wp-content\/uploads\/2021\/06\/145-6.jpg","width":960,"height":540},{"@type":"BreadcrumbList","@id":"http:\/\/skyline-gs.com\/it\/prodotto\/mount-moses-and-st-catherine-s-monastery-sharm\/#breadcrumb","itemListElement":[{"@type":"ListItem","position":1,"name":"\u0413\u043b\u0430\u0432\u043d\u0430\u044f \u0441\u0442\u0440\u0430\u043d\u0438\u0446\u0430","item":"https:\/\/skyline-gs.com\/hu\/"},{"@type":"ListItem","position":2,"name":"\u041c\u0430\u0433\u0430\u0437\u0438\u043d","item":"https:\/\/skyline-gs.com\/cs\/shop\/"},{"@type":"ListItem","position":3,"name":"\u0413\u043e\u0440\u0430 \u041c\u043e\u0438\u0441\u0435\u044f \u0438 \u043c\u043e\u043d\u0430\u0441\u0442\u044b\u0440\u044c \u0421\u0432\u044f\u0442\u043e\u0439 \u0415\u043a\u0430\u0442\u0435\u0440\u0438\u043d\u044b"}]},{"@type":"WebSite","@id":"https:\/\/skyline-gs.com\/it\/#website","url":"https:\/\/skyline-gs.com\/it\/","name":"Excursions Skyline","description":"Excursions exclusives dans les meilleurs centres de vill\u00e9giature du monde","publisher":{"@id":"https:\/\/skyline-gs.com\/it\/#organization"},"alternateName":"Skyline","potentialAction":[{"@type":"SearchAction","target":{"@type":"EntryPoint","urlTemplate":"https:\/\/skyline-gs.com\/it\/?s={search_term_string}"},"query-input":{"@type":"PropertyValueSpecification","valueRequired":true,"valueName":"search_term_string"}}],"inLanguage":"fr-FR"},{"@type":"Organization","@id":"https:\/\/skyline-gs.com\/it\/#organization","name":"Excursions Skyline","alternateName":"\u042d\u043a\u0441\u043a\u0443\u0440\u0441\u0438\u0438 Skyline","url":"https:\/\/skyline-gs.com\/it\/","logo":{"@type":"ImageObject","inLanguage":"fr-FR","@id":"https:\/\/skyline-gs.com\/it\/#\/schema\/logo\/image\/","url":"https:\/\/skyline-gs.com\/wp-content\/uploads\/2020\/12\/cropped-logo-2.png","contentUrl":"https:\/\/skyline-gs.com\/wp-content\/uploads\/2020\/12\/cropped-logo-2.png","width":512,"height":512,"caption":"\u042d\u043a\u0441\u043a\u0443\u0440\u0441\u0438\u0438 Skyline"},"image":{"@id":"https:\/\/skyline-gs.com\/it\/#\/schema\/logo\/image\/"},"sameAs":["https:\/\/www.instagram.com\/skylineglobalservice\/"]}]}},"_links":{"self":[{"href":"https:\/\/skyline-gs.com\/fr\/wp-json\/wp\/v2\/product\/24535","targetHints":{"allow":["GET"]}}],"collection":[{"href":"https:\/\/skyline-gs.com\/fr\/wp-json\/wp\/v2\/product"}],"about":[{"href":"https:\/\/skyline-gs.com\/fr\/wp-json\/wp\/v2\/types\/product"}],"version-history":[{"count":0,"href":"https:\/\/skyline-gs.com\/fr\/wp-json\/wp\/v2\/product\/24535\/revisions"}],"wp:featuredmedia":[{"embeddable":true,"href":"https:\/\/skyline-gs.com\/fr\/wp-json\/wp\/v2\/media\/51041"}],"wp:attachment":[{"href":"https:\/\/skyline-gs.com\/fr\/wp-json\/wp\/v2\/media?parent=24535"}],"wp:term":[{"taxonomy":"product_brand","embeddable":true,"href":"https:\/\/skyline-gs.com\/fr\/wp-json\/wp\/v2\/product_brand?post=24535"},{"taxonomy":"product_cat","embeddable":true,"href":"https:\/\/skyline-gs.com\/fr\/wp-json\/wp\/v2\/product_cat?post=24535"},{"taxonomy":"product_tag","embeddable":true,"href":"https:\/\/skyline-gs.com\/fr\/wp-json\/wp\/v2\/product_tag?post=24535"}],"curies":[{"name":"wp","href":"https:\/\/api.w.org\/{rel}","templated":true}]}}