{"id":24404,"date":"2021-10-12T12:49:03","date_gmt":"2021-10-12T09:49:03","guid":{"rendered":"https:\/\/hurghada.skyline-gs.com\/?post_type=product&#038;p=24404"},"modified":"2026-02-01T15:28:27","modified_gmt":"2026-02-01T13:28:27","slug":"hamam-turkish-sauna","status":"publish","type":"product","link":"https:\/\/skyline-gs.com\/fr\/product\/hamam-turkish-sauna\/","title":{"rendered":"Hamam. Bain turc"},"content":{"rendered":"<div class=\"\">\n<div class=\"tour-schedule\">\n<p>Les bains turcs sont de loin les plus populaires parmi les bains existants. L'effet le plus important du hammam est l'apaisement du syst\u00e8me nerveux. Un centre thermal complet avec un espace suffisamment grand pour la relaxation vous attend. Une voiture confortable et climatis\u00e9e vous conduira de l'h\u00f4tel au centre de spa et vice-versa. Heure de d\u00e9part : 10h00, 14h00 ou 16h00.<\/p>\n<p><strong>\u041f\u0440\u043e\u0433\u0440\u0430\u043c\u043c\u0430 \u21161: \u0422\u0443\u0440\u0435\u0446\u043a\u0430\u044f \u0431\u0430\u043d\u044f, 2 \u0447\u0430\u0441\u0430 \u2014 \u0432\u0437\u0440\u043e\u0441\u043b\u044b\u0439 $20, \u0440\u0435\u0431\u0435\u043d\u043e\u043a $13<\/strong><\/p>\n<ul>\n<li>Transfert de l'h\u00f4tel au centre de loisirs<\/li>\n<li>hammam sec, 10-15 minutes<\/li>\n<li>Sauna hammam avec vapeur humide, 10-15 minutes<\/li>\n<li>Gommage au gant Kese + massage \u00e0 la mousse de savon, 20-25 minutes<\/li>\n<li>Jacuzzi et temps de relaxation, boissons (th\u00e9 de carcade, eau), 15-20 minutes<\/li>\n<li>Transfert \u00e0 l'h\u00f4tel<\/li>\n<\/ul>\n<p><strong>Programme n\u00b0 2 : Cl\u00e9op\u00e2tre et le massage, 3 heures - adulte $25, enfant $15<\/strong><\/p>\n<ul>\n<li>Transfert de l'h\u00f4tel au centre de loisirs<\/li>\n<li>hammam sec, 10-15 minutes<\/li>\n<li>Sauna hammam avec vapeur humide, 10-15 minutes<\/li>\n<li>Gommage au gant Kese + massage \u00e0 la mousse de savon, 20-25 minutes<\/li>\n<li>Peeling \u00e0 la noix de coco avec enveloppement + masque Cleopatra<\/li>\n<li>Jacuzzi et temps de relaxation, boissons (th\u00e9 de carcade, eau), 15-20 minutes<\/li>\n<li>Massage relaxant de tout le corps, 45 minutes<\/li>\n<li>Transfert \u00e0 l'h\u00f4tel<\/li>\n<\/ul>\n<p><strong>Programme n\u00b0 3 : Massage m\u00e9dical, 2,5 heures - adulte $25, enfant $15<\/strong><\/p>\n<ul>\n<li>Transfert de l'h\u00f4tel au centre de loisirs<\/li>\n<li>\u0421\u0435\u0430\u043d\u0441 \u043c\u0435\u0434\u0438\u043a\u0430\u043b-\u043c\u0430\u0441\u0441\u0430\u0436\u0430 60 \u043c\u0438\u043d\u0443\u0442<\/li>\n<li>Temps de repos, boissons (th\u00e9 de carcade, eau), 15-20 minutes<\/li>\n<li>Transfert \u00e0 l'h\u00f4tel<\/li>\n<\/ul>\n<p><strong>Programme n\u00b0 4 : Cl\u00e9op\u00e2tre et massage VIP, 3 heures - adulte $45, enfant $45. Tous les traitements ont lieu dans une salle VIP s\u00e9par\u00e9e pour deux personnes.<\/strong><\/p>\n<ul>\n<li>Transfert de l'h\u00f4tel au centre de loisirs<\/li>\n<li>hammam sec, 10-15 minutes<\/li>\n<li>Sauna hammam avec vapeur humide, 10-15 minutes<\/li>\n<li>Gommage au gant Kese + massage \u00e0 la mousse de savon, 20-25 minutes<\/li>\n<li>Peeling \u00e0 la noix de coco avec enveloppement + masque Cleopatra<\/li>\n<li>Jacuzzi et temps de relaxation, fruits, boissons (th\u00e9 de carcade, eau), 15-20 minutes<\/li>\n<li>Massage relaxant de tout le corps, 45 minutes<\/li>\n<li>Transfert \u00e0 l'h\u00f4tel<\/li>\n<\/ul>\n<\/div>\n<\/div>\n<p><strong>Inclus :<\/strong><\/p>\n<ul>\n<li>Transferts depuis et vers l'h\u00f4tel<\/li>\n<\/ul>\n<p><strong>Non inclus :<\/strong><\/p>\n<ul>\n<li>Les transferts depuis les zones ext\u00e9rieures \u00e0 la ville d'El Gouna, Sahl Hasheesh et Makadi Bay sont de 10$ par voiture jusqu'\u00e0 6 personnes. Les transferts depuis Soma Bay et Safaga sont de 20$ par voiture jusqu'\u00e0 6 personnes.<\/li>\n<\/ul>\n<p><strong>\u00c0 emporter :<\/strong><\/p>\n<ul>\n<li>Maillot de bain<\/li>\n<li>Chaussons<\/li>\n<\/ul>","protected":false},"excerpt":{"rendered":"<p><strong>Temps du Tour:<\/strong> 2 ou 3 heures<\/p>\n<p><strong>Jours de D\u00e9roulement:<\/strong> Chaque jour<\/p>","protected":false},"featured_media":24413,"template":"","meta":{"_kad_post_transparent":"default","_kad_post_title":"","_kad_post_layout":"default","_kad_post_sidebar_id":"","_kad_post_content_style":"default","_kad_post_vertical_padding":"default","_kad_post_feature":"","_kad_post_feature_position":"","_kad_post_header":false,"_kad_post_footer":false,"_kad_post_classname":"","_glsr_average":0,"_glsr_ranking":0,"_glsr_reviews":0},"product_brand":[],"product_cat":[479],"product_tag":[],"class_list":{"0":"post-24404","1":"product","2":"type-product","3":"status-publish","4":"has-post-thumbnail","6":"product_cat-hurghadatours","7":"tm-has-options","9":"first","10":"instock","11":"sold-individually","12":"taxable","13":"shipping-taxable","14":"purchasable","15":"product-type-simple","16":"entry","17":"content-bg","18":"loop-entry"},"yoast_head":"<!-- This site is optimized with the Yoast SEO plugin v27.3 - https:\/\/yoast.com\/product\/yoast-seo-wordpress\/ -->\n<title>\u0425\u0430\u043c\u0430\u043c. \u0422\u0443\u0440\u0435\u0446\u043a\u0430\u044f \u0431\u0430\u043d\u044f &#8226; \u042d\u043a\u0441\u043a\u0443\u0440\u0441\u0438\u0438 Skyline<\/title>\n<meta name=\"robots\" content=\"index, follow, max-snippet:-1, max-image-preview:large, max-video-preview:-1\" \/>\n<link rel=\"canonical\" href=\"https:\/\/skyline-gs.com\/fr\/produit\/hamam-turkish-sauna\/\" \/>\n<meta property=\"og:locale\" content=\"fr_FR\" \/>\n<meta property=\"og:type\" content=\"article\" \/>\n<meta property=\"og:title\" content=\"\u0425\u0430\u043c\u0430\u043c. \u0422\u0443\u0440\u0435\u0446\u043a\u0430\u044f \u0431\u0430\u043d\u044f &#8226; \u042d\u043a\u0441\u043a\u0443\u0440\u0441\u0438\u0438 Skyline\" \/>\n<meta property=\"og:description\" content=\"\u0412\u0440\u0435\u043c\u044f \u0442\u0443\u0440\u0430: 2 \u0438\u043b\u0438 3 \u0447\u0430\u0441\u0430  \u0414\u043d\u0438 \u043f\u0440\u043e\u0432\u0435\u0434\u0435\u043d\u0438\u044f: \u0435\u0436\u0435\u0434\u043d\u0435\u0432\u043d\u043e\" \/>\n<meta property=\"og:url\" content=\"https:\/\/skyline-gs.com\/fr\/produit\/hamam-turkish-sauna\/\" \/>\n<meta property=\"og:site_name\" content=\"\u042d\u043a\u0441\u043a\u0443\u0440\u0441\u0438\u0438 Skyline\" \/>\n<meta property=\"article:modified_time\" content=\"2026-02-01T13:28:27+00:00\" \/>\n<meta property=\"og:image\" content=\"https:\/\/skyline-gs.com\/wp-content\/uploads\/2021\/10\/35-1.jpg\" \/>\n\t<meta property=\"og:image:width\" content=\"669\" \/>\n\t<meta property=\"og:image:height\" content=\"446\" \/>\n\t<meta property=\"og:image:type\" content=\"image\/jpeg\" \/>\n<meta name=\"twitter:card\" content=\"summary_large_image\" \/>\n<meta name=\"twitter:label1\" content=\"Dur\u00e9e de lecture estim\u00e9e\" \/>\n\t<meta name=\"twitter:data1\" content=\"2 minutes\" \/>\n<script type=\"application\/ld+json\" class=\"yoast-schema-graph\">{\"@context\":\"https:\\\/\\\/schema.org\",\"@graph\":[{\"@type\":\"WebPage\",\"@id\":\"https:\\\/\\\/skyline-gs.com\\\/product\\\/hamam-turkish-sauna\\\/\",\"url\":\"https:\\\/\\\/skyline-gs.com\\\/product\\\/hamam-turkish-sauna\\\/\",\"name\":\"\u0425\u0430\u043c\u0430\u043c. \u0422\u0443\u0440\u0435\u0446\u043a\u0430\u044f \u0431\u0430\u043d\u044f &#8226; \u042d\u043a\u0441\u043a\u0443\u0440\u0441\u0438\u0438 Skyline\",\"isPartOf\":{\"@id\":\"https:\\\/\\\/skyline-gs.com\\\/it\\\/#website\"},\"primaryImageOfPage\":{\"@id\":\"https:\\\/\\\/skyline-gs.com\\\/product\\\/hamam-turkish-sauna\\\/#primaryimage\"},\"image\":{\"@id\":\"https:\\\/\\\/skyline-gs.com\\\/product\\\/hamam-turkish-sauna\\\/#primaryimage\"},\"thumbnailUrl\":\"https:\\\/\\\/skyline-gs.com\\\/wp-content\\\/uploads\\\/2021\\\/10\\\/35-1.jpg\",\"datePublished\":\"2021-10-12T09:49:03+00:00\",\"dateModified\":\"2026-02-01T13:28:27+00:00\",\"breadcrumb\":{\"@id\":\"https:\\\/\\\/skyline-gs.com\\\/product\\\/hamam-turkish-sauna\\\/#breadcrumb\"},\"inLanguage\":\"fr-FR\",\"potentialAction\":[{\"@type\":\"ReadAction\",\"target\":[\"https:\\\/\\\/skyline-gs.com\\\/product\\\/hamam-turkish-sauna\\\/\"]}]},{\"@type\":\"ImageObject\",\"inLanguage\":\"fr-FR\",\"@id\":\"https:\\\/\\\/skyline-gs.com\\\/product\\\/hamam-turkish-sauna\\\/#primaryimage\",\"url\":\"https:\\\/\\\/skyline-gs.com\\\/wp-content\\\/uploads\\\/2021\\\/10\\\/35-1.jpg\",\"contentUrl\":\"https:\\\/\\\/skyline-gs.com\\\/wp-content\\\/uploads\\\/2021\\\/10\\\/35-1.jpg\",\"width\":669,\"height\":446},{\"@type\":\"BreadcrumbList\",\"@id\":\"https:\\\/\\\/skyline-gs.com\\\/product\\\/hamam-turkish-sauna\\\/#breadcrumb\",\"itemListElement\":[{\"@type\":\"ListItem\",\"position\":1,\"name\":\"\u0413\u043b\u0430\u0432\u043d\u0430\u044f \u0441\u0442\u0440\u0430\u043d\u0438\u0446\u0430\",\"item\":\"https:\\\/\\\/skyline-gs.com\\\/hu\\\/\"},{\"@type\":\"ListItem\",\"position\":2,\"name\":\"\u041c\u0430\u0433\u0430\u0437\u0438\u043d\",\"item\":\"https:\\\/\\\/skyline-gs.com\\\/cs\\\/shop\\\/\"},{\"@type\":\"ListItem\",\"position\":3,\"name\":\"\u0425\u0430\u043c\u0430\u043c. \u0422\u0443\u0440\u0435\u0446\u043a\u0430\u044f \u0431\u0430\u043d\u044f\"}]},{\"@type\":\"WebSite\",\"@id\":\"https:\\\/\\\/skyline-gs.com\\\/it\\\/#website\",\"url\":\"https:\\\/\\\/skyline-gs.com\\\/it\\\/\",\"name\":\"\u042d\u043a\u0441\u043a\u0443\u0440\u0441\u0438\u0438 Skyline\",\"description\":\"\u042d\u043a\u0441\u043a\u043b\u044e\u0437\u0438\u0432\u043d\u044b\u0435 \u044d\u043a\u0441\u043a\u0443\u0440\u0441\u0438\u0438 \u043d\u0430 \u043b\u0443\u0447\u0448\u0438\u0445 \u043a\u0443\u0440\u043e\u0440\u0442\u0430\u0445 \u043c\u0438\u0440\u0430\",\"publisher\":{\"@id\":\"https:\\\/\\\/skyline-gs.com\\\/it\\\/#organization\"},\"alternateName\":\"Skyline\",\"potentialAction\":[{\"@type\":\"SearchAction\",\"target\":{\"@type\":\"EntryPoint\",\"urlTemplate\":\"https:\\\/\\\/skyline-gs.com\\\/it\\\/?s={search_term_string}\"},\"query-input\":{\"@type\":\"PropertyValueSpecification\",\"valueRequired\":true,\"valueName\":\"search_term_string\"}}],\"inLanguage\":\"fr-FR\"},{\"@type\":\"Organization\",\"@id\":\"https:\\\/\\\/skyline-gs.com\\\/it\\\/#organization\",\"name\":\"\u042d\u043a\u0441\u043a\u0443\u0440\u0441\u0438\u0438 Skyline\",\"alternateName\":\"\u042d\u043a\u0441\u043a\u0443\u0440\u0441\u0438\u0438 Skyline\",\"url\":\"https:\\\/\\\/skyline-gs.com\\\/it\\\/\",\"logo\":{\"@type\":\"ImageObject\",\"inLanguage\":\"fr-FR\",\"@id\":\"https:\\\/\\\/skyline-gs.com\\\/it\\\/#\\\/schema\\\/logo\\\/image\\\/\",\"url\":\"https:\\\/\\\/skyline-gs.com\\\/wp-content\\\/uploads\\\/2020\\\/12\\\/cropped-logo-2.png\",\"contentUrl\":\"https:\\\/\\\/skyline-gs.com\\\/wp-content\\\/uploads\\\/2020\\\/12\\\/cropped-logo-2.png\",\"width\":512,\"height\":512,\"caption\":\"\u042d\u043a\u0441\u043a\u0443\u0440\u0441\u0438\u0438 Skyline\"},\"image\":{\"@id\":\"https:\\\/\\\/skyline-gs.com\\\/it\\\/#\\\/schema\\\/logo\\\/image\\\/\"},\"sameAs\":[\"https:\\\/\\\/www.instagram.com\\\/skylineglobalservice\\\/\"]}]}<\/script>\n<!-- \/ Yoast SEO plugin. -->","yoast_head_json":{"title":"\u0425\u0430\u043c\u0430\u043c. \u0422\u0443\u0440\u0435\u0446\u043a\u0430\u044f \u0431\u0430\u043d\u044f &#8226; \u042d\u043a\u0441\u043a\u0443\u0440\u0441\u0438\u0438 Skyline","robots":{"index":"index","follow":"follow","max-snippet":"max-snippet:-1","max-image-preview":"max-image-preview:large","max-video-preview":"max-video-preview:-1"},"canonical":"https:\/\/skyline-gs.com\/fr\/produit\/hamam-turkish-sauna\/","og_locale":"fr_FR","og_type":"article","og_title":"\u0425\u0430\u043c\u0430\u043c. \u0422\u0443\u0440\u0435\u0446\u043a\u0430\u044f \u0431\u0430\u043d\u044f &#8226; \u042d\u043a\u0441\u043a\u0443\u0440\u0441\u0438\u0438 Skyline","og_description":"\u0412\u0440\u0435\u043c\u044f \u0442\u0443\u0440\u0430: 2 \u0438\u043b\u0438 3 \u0447\u0430\u0441\u0430  \u0414\u043d\u0438 \u043f\u0440\u043e\u0432\u0435\u0434\u0435\u043d\u0438\u044f: \u0435\u0436\u0435\u0434\u043d\u0435\u0432\u043d\u043e","og_url":"https:\/\/skyline-gs.com\/fr\/produit\/hamam-turkish-sauna\/","og_site_name":"\u042d\u043a\u0441\u043a\u0443\u0440\u0441\u0438\u0438 Skyline","article_modified_time":"2026-02-01T13:28:27+00:00","og_image":[{"width":669,"height":446,"url":"https:\/\/skyline-gs.com\/wp-content\/uploads\/2021\/10\/35-1.jpg","type":"image\/jpeg"}],"twitter_card":"summary_large_image","twitter_misc":{"Dur\u00e9e de lecture estim\u00e9e":"2 minutes"},"schema":{"@context":"https:\/\/schema.org","@graph":[{"@type":"WebPage","@id":"https:\/\/skyline-gs.com\/product\/hamam-turkish-sauna\/","url":"https:\/\/skyline-gs.com\/product\/hamam-turkish-sauna\/","name":"\u0425\u0430\u043c\u0430\u043c. \u0422\u0443\u0440\u0435\u0446\u043a\u0430\u044f \u0431\u0430\u043d\u044f &#8226; \u042d\u043a\u0441\u043a\u0443\u0440\u0441\u0438\u0438 Skyline","isPartOf":{"@id":"https:\/\/skyline-gs.com\/it\/#website"},"primaryImageOfPage":{"@id":"https:\/\/skyline-gs.com\/product\/hamam-turkish-sauna\/#primaryimage"},"image":{"@id":"https:\/\/skyline-gs.com\/product\/hamam-turkish-sauna\/#primaryimage"},"thumbnailUrl":"https:\/\/skyline-gs.com\/wp-content\/uploads\/2021\/10\/35-1.jpg","datePublished":"2021-10-12T09:49:03+00:00","dateModified":"2026-02-01T13:28:27+00:00","breadcrumb":{"@id":"https:\/\/skyline-gs.com\/product\/hamam-turkish-sauna\/#breadcrumb"},"inLanguage":"fr-FR","potentialAction":[{"@type":"ReadAction","target":["https:\/\/skyline-gs.com\/product\/hamam-turkish-sauna\/"]}]},{"@type":"ImageObject","inLanguage":"fr-FR","@id":"https:\/\/skyline-gs.com\/product\/hamam-turkish-sauna\/#primaryimage","url":"https:\/\/skyline-gs.com\/wp-content\/uploads\/2021\/10\/35-1.jpg","contentUrl":"https:\/\/skyline-gs.com\/wp-content\/uploads\/2021\/10\/35-1.jpg","width":669,"height":446},{"@type":"BreadcrumbList","@id":"https:\/\/skyline-gs.com\/product\/hamam-turkish-sauna\/#breadcrumb","itemListElement":[{"@type":"ListItem","position":1,"name":"\u0413\u043b\u0430\u0432\u043d\u0430\u044f \u0441\u0442\u0440\u0430\u043d\u0438\u0446\u0430","item":"https:\/\/skyline-gs.com\/hu\/"},{"@type":"ListItem","position":2,"name":"\u041c\u0430\u0433\u0430\u0437\u0438\u043d","item":"https:\/\/skyline-gs.com\/cs\/shop\/"},{"@type":"ListItem","position":3,"name":"\u0425\u0430\u043c\u0430\u043c. \u0422\u0443\u0440\u0435\u0446\u043a\u0430\u044f \u0431\u0430\u043d\u044f"}]},{"@type":"WebSite","@id":"https:\/\/skyline-gs.com\/it\/#website","url":"https:\/\/skyline-gs.com\/it\/","name":"Excursions Skyline","description":"Excursions exclusives dans les meilleurs centres de vill\u00e9giature du monde","publisher":{"@id":"https:\/\/skyline-gs.com\/it\/#organization"},"alternateName":"Skyline","potentialAction":[{"@type":"SearchAction","target":{"@type":"EntryPoint","urlTemplate":"https:\/\/skyline-gs.com\/it\/?s={search_term_string}"},"query-input":{"@type":"PropertyValueSpecification","valueRequired":true,"valueName":"search_term_string"}}],"inLanguage":"fr-FR"},{"@type":"Organization","@id":"https:\/\/skyline-gs.com\/it\/#organization","name":"Excursions Skyline","alternateName":"\u042d\u043a\u0441\u043a\u0443\u0440\u0441\u0438\u0438 Skyline","url":"https:\/\/skyline-gs.com\/it\/","logo":{"@type":"ImageObject","inLanguage":"fr-FR","@id":"https:\/\/skyline-gs.com\/it\/#\/schema\/logo\/image\/","url":"https:\/\/skyline-gs.com\/wp-content\/uploads\/2020\/12\/cropped-logo-2.png","contentUrl":"https:\/\/skyline-gs.com\/wp-content\/uploads\/2020\/12\/cropped-logo-2.png","width":512,"height":512,"caption":"\u042d\u043a\u0441\u043a\u0443\u0440\u0441\u0438\u0438 Skyline"},"image":{"@id":"https:\/\/skyline-gs.com\/it\/#\/schema\/logo\/image\/"},"sameAs":["https:\/\/www.instagram.com\/skylineglobalservice\/"]}]}},"_links":{"self":[{"href":"https:\/\/skyline-gs.com\/fr\/wp-json\/wp\/v2\/product\/24404","targetHints":{"allow":["GET"]}}],"collection":[{"href":"https:\/\/skyline-gs.com\/fr\/wp-json\/wp\/v2\/product"}],"about":[{"href":"https:\/\/skyline-gs.com\/fr\/wp-json\/wp\/v2\/types\/product"}],"version-history":[{"count":0,"href":"https:\/\/skyline-gs.com\/fr\/wp-json\/wp\/v2\/product\/24404\/revisions"}],"wp:featuredmedia":[{"embeddable":true,"href":"https:\/\/skyline-gs.com\/fr\/wp-json\/wp\/v2\/media\/24413"}],"wp:attachment":[{"href":"https:\/\/skyline-gs.com\/fr\/wp-json\/wp\/v2\/media?parent=24404"}],"wp:term":[{"taxonomy":"product_brand","embeddable":true,"href":"https:\/\/skyline-gs.com\/fr\/wp-json\/wp\/v2\/product_brand?post=24404"},{"taxonomy":"product_cat","embeddable":true,"href":"https:\/\/skyline-gs.com\/fr\/wp-json\/wp\/v2\/product_cat?post=24404"},{"taxonomy":"product_tag","embeddable":true,"href":"https:\/\/skyline-gs.com\/fr\/wp-json\/wp\/v2\/product_tag?post=24404"}],"curies":[{"name":"wp","href":"https:\/\/api.w.org\/{rel}","templated":true}]}}