{"id":24351,"date":"2021-06-23T18:38:39","date_gmt":"2021-06-23T16:38:39","guid":{"rendered":"http:\/\/skyline-gs.com\/?post_type=product&#038;p=24351"},"modified":"2025-12-15T01:41:12","modified_gmt":"2025-12-14T23:41:12","slug":"dahab-discovery-4-in-1-sharm","status":"publish","type":"product","link":"https:\/\/skyline-gs.com\/fr\/product\/dahab-discovery-4-in-1-sharm\/","title":{"rendered":"Dahab Discovery 4 en 1"},"content":{"rendered":"<p>Plongez dans une atmosph\u00e8re d'aventure et d\u00e9couvrez la v\u00e9ritable \u00c9gypte avec l'excursion 4-en-1 \u00e0 Dahab ! Ce voyage unique combine quatre exp\u00e9riences inoubliables en une seule journ\u00e9e, vous permettant de profiter pleinement de la beaut\u00e9 et de la culture de la r\u00e9gion.<\/p>\n<p><strong>8:00 - D\u00e9part de l'h\u00f4tel. <\/strong>\u041c\u044b \u0437\u0430\u0431\u0435\u0440\u0451\u043c \u0432\u0430\u0441 \u0432 \u0443\u043a\u0430\u0437\u0430\u043d\u043d\u043e\u0435 \u0432\u0440\u0435\u043c\u044f \u0443 \u0433\u043b\u0430\u0432\u043d\u043e\u0433\u043e \u0432\u044a\u0435\u0437\u0434\u0430 \u043e\u0442\u0435\u043b\u044f (\u0432\u043e\u0437\u043b\u0435 \u0448\u043b\u0430\u0433\u0431\u0430\u0443\u043c\u0430).<\/p>\n<ol>\n<li><strong>\u041a\u0430\u043d\u044c\u043e\u043d \u042d\u043b\u044c \u0422\u0443\u0430\u0439\u043b\u0430\u0442. <\/strong>\u0412\u0430\u0448 \u0434\u0435\u043d\u044c \u043d\u0430\u0447\u0438\u043d\u0430\u0435\u0442\u0441\u044f \u0441 \u043f\u0440\u043e\u0433\u0443\u043b\u043a\u0438 \u043f\u043e \u0437\u0430\u0445\u0432\u0430\u0442\u044b\u0432\u0430\u044e\u0449\u0435\u043c\u0443 \u043a\u0430\u043d\u044c\u043e\u043d\u0443 \u042d\u043b\u044c \u0422\u0443\u0430\u0439\u043b\u0430\u0442. \u0423\u0437\u043d\u0430\u0439\u0442\u0435 \u0431\u043e\u043b\u044c\u0448\u0435 \u043e \u043c\u0435\u0441\u0442\u043d\u043e\u0439 \u0444\u043b\u043e\u0440\u0435 \u0438 \u0444\u0430\u0443\u043d\u0435 \u043e\u0442 \u043d\u0430\u0448\u0438\u0445 \u043e\u043f\u044b\u0442\u043d\u044b\u0445 \u0433\u0438\u0434\u043e\u0432.<\/li>\n<li><strong>\u041a\u0430\u0442\u0430\u043d\u0438\u0435 \u043d\u0430 \u0432\u0435\u0440\u0431\u043b\u044e\u0434\u0435 \u0432\u0434\u043e\u043b\u044c \u043c\u043e\u0440\u044f. <\/strong>\u041f\u0440\u043e\u0434\u043e\u043b\u0436\u0438\u0442\u0435 \u0434\u0435\u043d\u044c \u043a\u0430\u0442\u0430\u044f\u0441\u044c \u0432\u0434\u043e\u043b\u044c \u0436\u0438\u0432\u043e\u043f\u0438\u0441\u043d\u043e\u0433\u043e \u043f\u043e\u0431\u0435\u0440\u0435\u0436\u044c\u044f \u043c\u043e\u0440\u044f \u043d\u0430 \u0432\u0435\u0440\u0431\u043b\u044e\u0434\u0435. \u0423\u0437\u043d\u0430\u0439\u0442\u0435 \u0431\u043e\u043b\u044c\u0448\u0435 \u043e \u0442\u0440\u0430\u0434\u0438\u0446\u0438\u044f\u0445 \u0438 \u043a\u0443\u043b\u044c\u0442\u0443\u0440\u0435 \u0431\u0435\u0434\u0443\u0438\u043d\u043e\u0432 \u0438 \u0435\u0441\u043b\u0438 \u043e\u0441\u0442\u0430\u043d\u0435\u0442\u0441\u044f \u0432\u0440\u0435\u043c\u044f \u0432\u0430\u0441 \u0443\u0433\u043e\u0441\u0442\u044f\u0442 \u0431\u0435\u0434\u0443\u0438\u043d\u0441\u043a\u0438\u043c \u0447\u0430\u0435\u043c.<\/li>\n<li><strong>\u0421\u043d\u043e\u0440\u043a\u043b\u0438\u043d\u0433 \u0432 \u0437\u0430\u043f\u043e\u0432\u0435\u0434\u043d\u0438\u043a\u0435 &#171;\u0422\u0440\u0438 \u0431\u0430\u0441\u0441\u0435\u0439\u043d\u0430&#187;. <\/strong>\u041f\u043e\u0433\u0440\u0443\u0437\u0438\u0442\u0435\u0441\u044c \u0432 \u043f\u0440\u043e\u0437\u0440\u0430\u0447\u043d\u044b\u0435 \u0432\u043e\u0434\u044b \u0438 \u043e\u0442\u043a\u0440\u043e\u0439\u0442\u0435 \u0434\u043b\u044f \u0441\u0435\u0431\u044f \u043f\u043e\u0434\u0432\u043e\u0434\u043d\u044b\u0439 \u043c\u0438\u0440 \u0437\u043d\u0430\u043c\u0435\u043d\u0438\u0442\u043e\u0433\u043e \u0437\u0430\u043f\u043e\u0432\u0435\u0434\u043d\u0438\u043a\u0430 &#171;\u0422\u0440\u0438 \u0431\u0430\u0441\u0441\u0435\u0439\u043d\u0430&#187;. \u042f\u0440\u043a\u0438\u0435 \u043a\u043e\u0440\u0430\u043b\u043b\u043e\u0432\u044b\u0435 \u0440\u0438\u0444\u044b \u0438 \u0440\u0430\u0437\u043d\u043e\u0446\u0432\u0435\u0442\u043d\u044b\u0435 \u0440\u044b\u0431\u043a\u0438 \u0441\u043e\u0437\u0434\u0430\u0434\u0443\u0442 \u043d\u0435\u0437\u0430\u0431\u044b\u0432\u0430\u0435\u043c\u044b\u0435 \u0432\u043f\u0435\u0447\u0430\u0442\u043b\u0435\u043d\u0438\u044f. <strong>Important :<\/strong> \u041e\u0431\u044f\u0437\u0430\u0442\u0435\u043b\u044c\u043d\u043e \u0438\u043c\u0435\u0442\u044c \u043f\u0440\u0438 \u0441\u0435\u0431\u0435 \u043f\u043b\u0430\u0432\u0430\u0442\u0435\u043b\u044c\u043d\u044b\u0439 \u0436\u0438\u043b\u0435\u0442, \u043f\u043b\u0430\u0432\u0430\u043d\u0438\u0435 \u0431\u0435\u0437 \u043d\u0435\u0433\u043e \u0432 \u0434\u0430\u043d\u043d\u043e\u043c \u043c\u0435\u0441\u0442\u0435 \u0437\u0430\u043f\u0440\u0435\u0449\u0435\u043d\u043e (\u0435\u0441\u0442\u044c \u0432\u043e\u0437\u043c\u043e\u0436\u043d\u043e\u0441\u0442\u044c \u0430\u0440\u0435\u043d\u0434\u043e\u0432\u0430\u0442\u044c \u0435\u0433\u043e \u0432 \u043f\u0443\u043d\u043a\u0442\u0435 \u043f\u0440\u043e\u043a\u0430\u0442\u0430 \u043e\u0431\u043e\u0440\u0443\u0434\u043e\u0432\u0430\u043d\u0438\u044f).<\/li>\n<li><strong>\u041f\u0440\u043e\u0433\u0443\u043b\u043a\u0430 \u043f\u043e \u0433\u043e\u0440\u043e\u0434\u0443 \u0414\u0430\u0445\u0430\u0431. <\/strong>\u0417\u0430\u0432\u0435\u0440\u0448\u0438\u0442\u0435 \u0434\u0435\u043d\u044c \u043f\u0440\u043e\u0433\u0443\u043b\u043a\u043e\u0439 \u043f\u043e \u0433\u043e\u0440\u043e\u0434\u0443 \u0414\u0430\u0445\u0430\u0431. \u0418\u0441\u0441\u043b\u0435\u0434\u0443\u0439\u0442\u0435 \u0435\u0433\u043e \u043a\u043e\u043b\u043e\u0440\u0438\u0442\u043d\u044b\u0435 \u0443\u043b\u0438\u0446\u044b, \u043f\u043e\u0441\u0435\u0442\u0438\u0442\u0435 \u043c\u0435\u0441\u0442\u043d\u044b\u0435 \u0440\u044b\u043d\u043a\u0438 \u0438 \u043c\u0430\u0433\u0430\u0437\u0438\u043d\u044b \u0441 \u0441\u0443\u0432\u0435\u043d\u0438\u0440\u0430\u043c\u0438. \u0414\u0430\u0445\u0430\u0431 \u0441\u043b\u0430\u0432\u0438\u0442\u0441\u044f \u0441\u0432\u043e\u0435\u0439 \u0440\u0430\u0441\u0441\u043b\u0430\u0431\u043b\u0435\u043d\u043d\u043e\u0439 \u0430\u0442\u043c\u043e\u0441\u0444\u0435\u0440\u043e\u0439 \u0438 \u0433\u043e\u0441\u0442\u0435\u043f\u0440\u0438\u0438\u043c\u0441\u0442\u0432\u043e\u043c, \u0438 \u0432\u044b \u043d\u0430\u0432\u0435\u0440\u043d\u044f\u043a\u0430 \u0437\u0430\u0445\u043e\u0442\u0438\u0442\u0435 \u0432\u0435\u0440\u043d\u0443\u0442\u044c\u0441\u044f \u0441\u044e\u0434\u0430 \u0441\u043d\u043e\u0432\u0430.<\/li>\n<\/ol>\n<p><strong>18:00\u00a0\u2014 \u0412\u043e\u0437\u0432\u0440\u0430\u0449\u0435\u043d\u0438\u0435 \u0432 \u043e\u0442\u0435\u043b\u044c.<\/strong><\/p>\n<p><strong>Inclus :<\/strong><\/p>\n<ul>\n<li>Transfert depuis et vers l'h\u00f4tel<\/li>\n<li>Guide parlant russe<\/li>\n<li>D\u00e9jeuner<\/li>\n<\/ul>\n<p><strong>Non inclus :<\/strong><\/p>\n<ul>\n<li>\n<div>Boissons pendant le d\u00e9jeuner<\/div>\n<\/li>\n<li>Location de mat\u00e9riel de plong\u00e9e en apn\u00e9e : masque, palmes, gilet de sauvetage<\/li>\n<\/ul>\n<p><strong>Emportez-le avec vous :<\/strong><\/p>\n<ul>\n<li>Passeport (original) et copie du passeport (1 copie)<\/li>\n<li>Serviette<\/li>\n<li>Maillot de bain, slip de bain<\/li>\n<li>Chaussures confortables<\/li>\n<li>Coiffure<\/li>\n<li>Argent pour les d\u00e9penses personnelles<\/li>\n<li>L'eau<\/li>\n<\/ul>","protected":false},"excerpt":{"rendered":"<p><strong>Temps du Tour:<\/strong> 8:00 - 18:00<br \/>\n<strong>Jours de D\u00e9roulement:<\/strong>\u00a0Tous les jours.<\/p>","protected":false},"featured_media":50555,"template":"","meta":{"_kad_post_transparent":"default","_kad_post_title":"","_kad_post_layout":"default","_kad_post_sidebar_id":"","_kad_post_content_style":"default","_kad_post_vertical_padding":"default","_kad_post_feature":"","_kad_post_feature_position":"","_kad_post_header":false,"_kad_post_footer":false,"_kad_post_classname":"","_glsr_average":0,"_glsr_ranking":0,"_glsr_reviews":0},"product_brand":[],"product_cat":[435],"product_tag":[],"class_list":{"0":"post-24351","1":"product","2":"type-product","3":"status-publish","4":"has-post-thumbnail","6":"product_cat-sharm-el-sheikh","7":"tm-has-options","9":"first","10":"instock","11":"sale","12":"sold-individually","13":"taxable","14":"shipping-taxable","15":"purchasable","16":"product-type-simple","17":"entry","18":"content-bg","19":"loop-entry"},"yoast_head":"<!-- This site is optimized with the Yoast SEO plugin v27.3 - https:\/\/yoast.com\/product\/yoast-seo-wordpress\/ -->\n<title>\u0414\u0430\u0445\u0430\u0431 Discovery 4 \u0432 1 &#8226; \u042d\u043a\u0441\u043a\u0443\u0440\u0441\u0438\u0438 Skyline<\/title>\n<meta name=\"robots\" content=\"index, follow, max-snippet:-1, max-image-preview:large, max-video-preview:-1\" \/>\n<link rel=\"canonical\" href=\"https:\/\/skyline-gs.com\/fr\/produit\/dahab-discovery-4-in-1-sharm\/\" \/>\n<meta property=\"og:locale\" content=\"fr_FR\" \/>\n<meta property=\"og:type\" content=\"article\" \/>\n<meta property=\"og:title\" content=\"\u0414\u0430\u0445\u0430\u0431 Discovery 4 \u0432 1 &#8226; \u042d\u043a\u0441\u043a\u0443\u0440\u0441\u0438\u0438 Skyline\" \/>\n<meta property=\"og:description\" content=\"\u0412\u0440\u0435\u043c\u044f \u0442\u0443\u0440\u0430: 8:00 \u2013 18:00 \u0414\u043d\u0438 \u043f\u0440\u043e\u0432\u0435\u0434\u0435\u043d\u0438\u044f:\u00a0\u041a\u0430\u0436\u0434\u044b\u0439 \u0434\u0435\u043d\u044c\" \/>\n<meta property=\"og:url\" content=\"https:\/\/skyline-gs.com\/fr\/produit\/dahab-discovery-4-in-1-sharm\/\" \/>\n<meta property=\"og:site_name\" content=\"\u042d\u043a\u0441\u043a\u0443\u0440\u0441\u0438\u0438 Skyline\" \/>\n<meta property=\"article:modified_time\" content=\"2025-12-14T23:41:12+00:00\" \/>\n<meta property=\"og:image\" content=\"https:\/\/skyline-gs.com\/wp-content\/uploads\/2024\/06\/145-62.jpg\" \/>\n\t<meta property=\"og:image:width\" content=\"960\" \/>\n\t<meta property=\"og:image:height\" content=\"640\" \/>\n\t<meta property=\"og:image:type\" content=\"image\/jpeg\" \/>\n<meta name=\"twitter:card\" content=\"summary_large_image\" \/>\n<meta name=\"twitter:label1\" content=\"Dur\u00e9e de lecture estim\u00e9e\" \/>\n\t<meta name=\"twitter:data1\" content=\"2 minutes\" \/>\n<script type=\"application\/ld+json\" class=\"yoast-schema-graph\">{\"@context\":\"https:\\\/\\\/schema.org\",\"@graph\":[{\"@type\":\"WebPage\",\"@id\":\"https:\\\/\\\/skyline-gs.com\\\/en\\\/product-2\\\/dahab-discovery-4-in-1-sharm\\\/\",\"url\":\"https:\\\/\\\/skyline-gs.com\\\/en\\\/product-2\\\/dahab-discovery-4-in-1-sharm\\\/\",\"name\":\"\u0414\u0430\u0445\u0430\u0431 Discovery 4 \u0432 1 &#8226; \u042d\u043a\u0441\u043a\u0443\u0440\u0441\u0438\u0438 Skyline\",\"isPartOf\":{\"@id\":\"https:\\\/\\\/skyline-gs.com\\\/it\\\/#website\"},\"primaryImageOfPage\":{\"@id\":\"https:\\\/\\\/skyline-gs.com\\\/en\\\/product-2\\\/dahab-discovery-4-in-1-sharm\\\/#primaryimage\"},\"image\":{\"@id\":\"https:\\\/\\\/skyline-gs.com\\\/en\\\/product-2\\\/dahab-discovery-4-in-1-sharm\\\/#primaryimage\"},\"thumbnailUrl\":\"https:\\\/\\\/skyline-gs.com\\\/wp-content\\\/uploads\\\/2024\\\/06\\\/145-62.jpg\",\"datePublished\":\"2021-06-23T16:38:39+00:00\",\"dateModified\":\"2025-12-14T23:41:12+00:00\",\"breadcrumb\":{\"@id\":\"https:\\\/\\\/skyline-gs.com\\\/en\\\/product-2\\\/dahab-discovery-4-in-1-sharm\\\/#breadcrumb\"},\"inLanguage\":\"fr-FR\",\"potentialAction\":[{\"@type\":\"ReadAction\",\"target\":[\"https:\\\/\\\/skyline-gs.com\\\/en\\\/product-2\\\/dahab-discovery-4-in-1-sharm\\\/\"]}]},{\"@type\":\"ImageObject\",\"inLanguage\":\"fr-FR\",\"@id\":\"https:\\\/\\\/skyline-gs.com\\\/en\\\/product-2\\\/dahab-discovery-4-in-1-sharm\\\/#primaryimage\",\"url\":\"https:\\\/\\\/skyline-gs.com\\\/wp-content\\\/uploads\\\/2024\\\/06\\\/145-62.jpg\",\"contentUrl\":\"https:\\\/\\\/skyline-gs.com\\\/wp-content\\\/uploads\\\/2024\\\/06\\\/145-62.jpg\",\"width\":960,\"height\":640},{\"@type\":\"BreadcrumbList\",\"@id\":\"https:\\\/\\\/skyline-gs.com\\\/en\\\/product-2\\\/dahab-discovery-4-in-1-sharm\\\/#breadcrumb\",\"itemListElement\":[{\"@type\":\"ListItem\",\"position\":1,\"name\":\"\u0413\u043b\u0430\u0432\u043d\u0430\u044f \u0441\u0442\u0440\u0430\u043d\u0438\u0446\u0430\",\"item\":\"https:\\\/\\\/skyline-gs.com\\\/hu\\\/\"},{\"@type\":\"ListItem\",\"position\":2,\"name\":\"\u041c\u0430\u0433\u0430\u0437\u0438\u043d\",\"item\":\"https:\\\/\\\/skyline-gs.com\\\/cs\\\/shop\\\/\"},{\"@type\":\"ListItem\",\"position\":3,\"name\":\"\u0414\u0430\u0445\u0430\u0431 Discovery 4 \u0432 1\"}]},{\"@type\":\"WebSite\",\"@id\":\"https:\\\/\\\/skyline-gs.com\\\/it\\\/#website\",\"url\":\"https:\\\/\\\/skyline-gs.com\\\/it\\\/\",\"name\":\"\u042d\u043a\u0441\u043a\u0443\u0440\u0441\u0438\u0438 Skyline\",\"description\":\"\u042d\u043a\u0441\u043a\u043b\u044e\u0437\u0438\u0432\u043d\u044b\u0435 \u044d\u043a\u0441\u043a\u0443\u0440\u0441\u0438\u0438 \u043d\u0430 \u043b\u0443\u0447\u0448\u0438\u0445 \u043a\u0443\u0440\u043e\u0440\u0442\u0430\u0445 \u043c\u0438\u0440\u0430\",\"publisher\":{\"@id\":\"https:\\\/\\\/skyline-gs.com\\\/it\\\/#organization\"},\"alternateName\":\"Skyline\",\"potentialAction\":[{\"@type\":\"SearchAction\",\"target\":{\"@type\":\"EntryPoint\",\"urlTemplate\":\"https:\\\/\\\/skyline-gs.com\\\/it\\\/?s={search_term_string}\"},\"query-input\":{\"@type\":\"PropertyValueSpecification\",\"valueRequired\":true,\"valueName\":\"search_term_string\"}}],\"inLanguage\":\"fr-FR\"},{\"@type\":\"Organization\",\"@id\":\"https:\\\/\\\/skyline-gs.com\\\/it\\\/#organization\",\"name\":\"\u042d\u043a\u0441\u043a\u0443\u0440\u0441\u0438\u0438 Skyline\",\"alternateName\":\"\u042d\u043a\u0441\u043a\u0443\u0440\u0441\u0438\u0438 Skyline\",\"url\":\"https:\\\/\\\/skyline-gs.com\\\/it\\\/\",\"logo\":{\"@type\":\"ImageObject\",\"inLanguage\":\"fr-FR\",\"@id\":\"https:\\\/\\\/skyline-gs.com\\\/it\\\/#\\\/schema\\\/logo\\\/image\\\/\",\"url\":\"https:\\\/\\\/skyline-gs.com\\\/wp-content\\\/uploads\\\/2020\\\/12\\\/cropped-logo-2.png\",\"contentUrl\":\"https:\\\/\\\/skyline-gs.com\\\/wp-content\\\/uploads\\\/2020\\\/12\\\/cropped-logo-2.png\",\"width\":512,\"height\":512,\"caption\":\"\u042d\u043a\u0441\u043a\u0443\u0440\u0441\u0438\u0438 Skyline\"},\"image\":{\"@id\":\"https:\\\/\\\/skyline-gs.com\\\/it\\\/#\\\/schema\\\/logo\\\/image\\\/\"},\"sameAs\":[\"https:\\\/\\\/www.instagram.com\\\/skylineglobalservice\\\/\"]}]}<\/script>\n<!-- \/ Yoast SEO plugin. -->","yoast_head_json":{"title":"\u0414\u0430\u0445\u0430\u0431 Discovery 4 \u0432 1 &#8226; \u042d\u043a\u0441\u043a\u0443\u0440\u0441\u0438\u0438 Skyline","robots":{"index":"index","follow":"follow","max-snippet":"max-snippet:-1","max-image-preview":"max-image-preview:large","max-video-preview":"max-video-preview:-1"},"canonical":"https:\/\/skyline-gs.com\/fr\/produit\/dahab-discovery-4-in-1-sharm\/","og_locale":"fr_FR","og_type":"article","og_title":"\u0414\u0430\u0445\u0430\u0431 Discovery 4 \u0432 1 &#8226; \u042d\u043a\u0441\u043a\u0443\u0440\u0441\u0438\u0438 Skyline","og_description":"\u0412\u0440\u0435\u043c\u044f \u0442\u0443\u0440\u0430: 8:00 \u2013 18:00 \u0414\u043d\u0438 \u043f\u0440\u043e\u0432\u0435\u0434\u0435\u043d\u0438\u044f:\u00a0\u041a\u0430\u0436\u0434\u044b\u0439 \u0434\u0435\u043d\u044c","og_url":"https:\/\/skyline-gs.com\/fr\/produit\/dahab-discovery-4-in-1-sharm\/","og_site_name":"\u042d\u043a\u0441\u043a\u0443\u0440\u0441\u0438\u0438 Skyline","article_modified_time":"2025-12-14T23:41:12+00:00","og_image":[{"width":960,"height":640,"url":"https:\/\/skyline-gs.com\/wp-content\/uploads\/2024\/06\/145-62.jpg","type":"image\/jpeg"}],"twitter_card":"summary_large_image","twitter_misc":{"Dur\u00e9e de lecture estim\u00e9e":"2 minutes"},"schema":{"@context":"https:\/\/schema.org","@graph":[{"@type":"WebPage","@id":"https:\/\/skyline-gs.com\/en\/product-2\/dahab-discovery-4-in-1-sharm\/","url":"https:\/\/skyline-gs.com\/en\/product-2\/dahab-discovery-4-in-1-sharm\/","name":"\u0414\u0430\u0445\u0430\u0431 Discovery 4 \u0432 1 &#8226; \u042d\u043a\u0441\u043a\u0443\u0440\u0441\u0438\u0438 Skyline","isPartOf":{"@id":"https:\/\/skyline-gs.com\/it\/#website"},"primaryImageOfPage":{"@id":"https:\/\/skyline-gs.com\/en\/product-2\/dahab-discovery-4-in-1-sharm\/#primaryimage"},"image":{"@id":"https:\/\/skyline-gs.com\/en\/product-2\/dahab-discovery-4-in-1-sharm\/#primaryimage"},"thumbnailUrl":"https:\/\/skyline-gs.com\/wp-content\/uploads\/2024\/06\/145-62.jpg","datePublished":"2021-06-23T16:38:39+00:00","dateModified":"2025-12-14T23:41:12+00:00","breadcrumb":{"@id":"https:\/\/skyline-gs.com\/en\/product-2\/dahab-discovery-4-in-1-sharm\/#breadcrumb"},"inLanguage":"fr-FR","potentialAction":[{"@type":"ReadAction","target":["https:\/\/skyline-gs.com\/en\/product-2\/dahab-discovery-4-in-1-sharm\/"]}]},{"@type":"ImageObject","inLanguage":"fr-FR","@id":"https:\/\/skyline-gs.com\/en\/product-2\/dahab-discovery-4-in-1-sharm\/#primaryimage","url":"https:\/\/skyline-gs.com\/wp-content\/uploads\/2024\/06\/145-62.jpg","contentUrl":"https:\/\/skyline-gs.com\/wp-content\/uploads\/2024\/06\/145-62.jpg","width":960,"height":640},{"@type":"BreadcrumbList","@id":"https:\/\/skyline-gs.com\/en\/product-2\/dahab-discovery-4-in-1-sharm\/#breadcrumb","itemListElement":[{"@type":"ListItem","position":1,"name":"\u0413\u043b\u0430\u0432\u043d\u0430\u044f \u0441\u0442\u0440\u0430\u043d\u0438\u0446\u0430","item":"https:\/\/skyline-gs.com\/hu\/"},{"@type":"ListItem","position":2,"name":"\u041c\u0430\u0433\u0430\u0437\u0438\u043d","item":"https:\/\/skyline-gs.com\/cs\/shop\/"},{"@type":"ListItem","position":3,"name":"\u0414\u0430\u0445\u0430\u0431 Discovery 4 \u0432 1"}]},{"@type":"WebSite","@id":"https:\/\/skyline-gs.com\/it\/#website","url":"https:\/\/skyline-gs.com\/it\/","name":"Excursions Skyline","description":"Excursions exclusives dans les meilleurs centres de vill\u00e9giature du monde","publisher":{"@id":"https:\/\/skyline-gs.com\/it\/#organization"},"alternateName":"Skyline","potentialAction":[{"@type":"SearchAction","target":{"@type":"EntryPoint","urlTemplate":"https:\/\/skyline-gs.com\/it\/?s={search_term_string}"},"query-input":{"@type":"PropertyValueSpecification","valueRequired":true,"valueName":"search_term_string"}}],"inLanguage":"fr-FR"},{"@type":"Organization","@id":"https:\/\/skyline-gs.com\/it\/#organization","name":"Excursions Skyline","alternateName":"\u042d\u043a\u0441\u043a\u0443\u0440\u0441\u0438\u0438 Skyline","url":"https:\/\/skyline-gs.com\/it\/","logo":{"@type":"ImageObject","inLanguage":"fr-FR","@id":"https:\/\/skyline-gs.com\/it\/#\/schema\/logo\/image\/","url":"https:\/\/skyline-gs.com\/wp-content\/uploads\/2020\/12\/cropped-logo-2.png","contentUrl":"https:\/\/skyline-gs.com\/wp-content\/uploads\/2020\/12\/cropped-logo-2.png","width":512,"height":512,"caption":"\u042d\u043a\u0441\u043a\u0443\u0440\u0441\u0438\u0438 Skyline"},"image":{"@id":"https:\/\/skyline-gs.com\/it\/#\/schema\/logo\/image\/"},"sameAs":["https:\/\/www.instagram.com\/skylineglobalservice\/"]}]}},"_links":{"self":[{"href":"https:\/\/skyline-gs.com\/fr\/wp-json\/wp\/v2\/product\/24351","targetHints":{"allow":["GET"]}}],"collection":[{"href":"https:\/\/skyline-gs.com\/fr\/wp-json\/wp\/v2\/product"}],"about":[{"href":"https:\/\/skyline-gs.com\/fr\/wp-json\/wp\/v2\/types\/product"}],"version-history":[{"count":0,"href":"https:\/\/skyline-gs.com\/fr\/wp-json\/wp\/v2\/product\/24351\/revisions"}],"wp:featuredmedia":[{"embeddable":true,"href":"https:\/\/skyline-gs.com\/fr\/wp-json\/wp\/v2\/media\/50555"}],"wp:attachment":[{"href":"https:\/\/skyline-gs.com\/fr\/wp-json\/wp\/v2\/media?parent=24351"}],"wp:term":[{"taxonomy":"product_brand","embeddable":true,"href":"https:\/\/skyline-gs.com\/fr\/wp-json\/wp\/v2\/product_brand?post=24351"},{"taxonomy":"product_cat","embeddable":true,"href":"https:\/\/skyline-gs.com\/fr\/wp-json\/wp\/v2\/product_cat?post=24351"},{"taxonomy":"product_tag","embeddable":true,"href":"https:\/\/skyline-gs.com\/fr\/wp-json\/wp\/v2\/product_tag?post=24351"}],"curies":[{"name":"wp","href":"https:\/\/api.w.org\/{rel}","templated":true}]}}