{"id":20000,"date":"2021-04-28T19:30:53","date_gmt":"2021-04-28T16:30:53","guid":{"rendered":"https:\/\/hurghada.skyline-gs.com\/?post_type=product&#038;p=20000"},"modified":"2024-11-07T02:39:46","modified_gmt":"2024-11-07T00:39:46","slug":"cairo-siwa","status":"publish","type":"product","link":"https:\/\/skyline-gs.com\/fr\/product\/cairo-siwa\/","title":{"rendered":"Personnalis\u00e9 Le Caire et l'oasis de Siwa 4 jours"},"content":{"rendered":"<p><strong>Jour 1<\/strong><\/p>\n<p>2:00 D\u00e9part d'Hurghada et transfert au Caire (le d\u00e9part \u00e9tant matinal, n'oubliez pas de commander votre petit-d\u00e9jeuner \u00e0 l'h\u00f4tel). Le voyage dure environ 5 heures. Notre journ\u00e9e commencera par un trajet vers le cimeti\u00e8re de Saqqara. Vous y verrez la premi\u00e8re pyramide de l'histoire, la pyramide \u00e0 degr\u00e9s du roi Dj\u00e9ser. Ensuite, visite de la premi\u00e8re capitale de l'\u00c9gypte, Memphis, et du monument du roi Rams\u00e8s II. D\u00e9jeuner dans l'un des restaurants orientaux locaux. Visite de l'une des sept merveilles du monde : les grandes pyramides (pyramide de Kh\u00e9ops, de Ch\u00e9phren et de Menkaure) et le Sphinx. Installation \u00e0 l'h\u00f4tel. Nuit au Caire.<\/p>\n<p><strong>Jour 2<\/strong><\/p>\n<p>Petit d\u00e9jeuner \u00e0 l'h\u00f4tel. 7:00 D\u00e9part de l'h\u00f4tel et route vers l'oasis de Siwa. Le trajet dure environ 8 heures. Arr\u00eat pour le d\u00e9jeuner en cours de route. Arriv\u00e9e \u00e0 l'oasis de Siwa et installation \u00e0 l'h\u00f4tel. Temps libre. Siwa est l'une des plus belles oasis d'Egypte ! Depuis l'Antiquit\u00e9, les \u00c9gyptiens appelaient Siwa \"la terre du dieu Amon Ra\". C'est un lieu de pouvoir, plein de myst\u00e8re et de magie. C'est ici qu'Alexandre le Grand a re\u00e7u la confirmation de son origine divine. Nuit \u00e0 l'h\u00f4tel.<\/p>\n<p><strong>Troisi\u00e8me jour<\/strong><\/p>\n<p>Petit d\u00e9jeuner \u00e0 l'h\u00f4tel. 8:00 D\u00e9part de l'h\u00f4tel et visite de la vieille ville de Siwa. Temple d'Alexandre. Visite de la \"Montagne de la Mort\". D\u00e9jeuner au restaurant. Ensuite, nous nous dirigerons vers les lacs sal\u00e9s et vous aurez l'occasion de vous y baigner et de prendre des photos inoubliables. Sources d'eau chaude de Cl\u00e9op\u00e2tre. A 16h00, d\u00e9part pour le Caire. Nuit \u00e0 l'h\u00f4tel.<\/p>\n<p><strong>Jour 4<\/strong><\/p>\n<p>Petit d\u00e9jeuner \u00e0 l'h\u00f4tel. 9:00 D\u00e9part de l'h\u00f4tel. Le dernier jour du circuit, nous vous attendons pour une v\u00e9ritable immersion dans la capitale de l'\u00c9gypte et l'une des plus grandes villes du monde - Le Caire. Nous nous prom\u00e8nerons dans les rues \u00e9troites de Hana al-Khalili, l'un des plus grands souks d'Afrique. Hana al-Khalili est un endroit tr\u00e8s color\u00e9 o\u00f9 vous pourrez acheter les souvenirs les plus insolites d'Egypte. D\u00e9jeuner. Ensuite, nous visiterons les \u00e9glises coptes. Nous verrons l'\u00e9glise suspendue de Sainte-Marie IIIe si\u00e8cle, qui s'\u00e9l\u00e8ve au-dessus des ruines d'une ancienne forteresse. Nous nous arr\u00eaterons \u00e0 la cath\u00e9drale de Sim\u00e9on le Maroquinier, construite dans une grotte. 15:00 d\u00e9part pour Hurghada. Vers 20:00 retour \u00e0 l'h\u00f4tel.<\/p>\n<p><strong>Inclus :<\/strong><\/p>\n<ul>\n<li>Transferts depuis et vers l'h\u00f4tel ;<\/li>\n<li>Transfert en voiture priv\u00e9e climatis\u00e9e ;<\/li>\n<li>Services d'un guide russophone ;<\/li>\n<li>Frais d'entr\u00e9e pour toutes les attractions mentionn\u00e9es ;<\/li>\n<li>H\u00e9bergement dans des h\u00f4tels selon le programme ;<\/li>\n<li>Repas : jour 1 - d\u00e9jeuner ; jour 2 - petit-d\u00e9jeuner, d\u00e9jeuner ; jour 3 - petit-d\u00e9jeuner, d\u00e9jeuner ; jour 4 - petit-d\u00e9jeuner, d\u00e9jeuner.<\/li>\n<\/ul>\n<p><strong>Non inclus :<\/strong><\/p>\n<ul>\n<li>Les transferts depuis les h\u00f4tels de Sahl Hasheesh, Soma Bay, Safaga et Makadi Bay sont de 20$ par voiture de 4 places, aller-retour.<\/li>\n<\/ul>\n<p><strong>Emportez-le avec vous :<\/strong><\/p>\n<ul>\n<li>Coiffure ;<\/li>\n<li>De l'argent pour les d\u00e9penses personnelles et les souvenirs ;<\/li>\n<li>Produits d'hygi\u00e8ne personnelle ;<\/li>\n<li>Eau potable ;<\/li>\n<li>Collation matinale (\u00e0 la r\u00e9ception de l'h\u00f4tel, expliquez que vous partez t\u00f4t le matin pour une excursion et que vous avez besoin de pr\u00e9parer une bo\u00eete \u00e0 lunch, les h\u00f4tels fourniront ce service gratuitement) ;<\/li>\n<li>Des chaussures confortables ;<\/li>\n<li>V\u00eatements chauds pour le voyage (en hiver).<\/li>\n<\/ul>","protected":false},"excerpt":{"rendered":"<p><b>Dur\u00e9e de l'enqu\u00eate : <\/b>4 jours<\/p>\n<p><strong>Jours de D\u00e9roulement: <\/strong>Chaque jour<\/p>","protected":false},"featured_media":25156,"template":"","meta":{"_kad_post_transparent":"default","_kad_post_title":"","_kad_post_layout":"default","_kad_post_sidebar_id":"","_kad_post_content_style":"default","_kad_post_vertical_padding":"default","_kad_post_feature":"","_kad_post_feature_position":"","_kad_post_header":false,"_kad_post_footer":false,"_kad_post_classname":"","_glsr_average":0,"_glsr_ranking":0,"_glsr_reviews":0},"product_brand":[],"product_cat":[480],"product_tag":[],"class_list":{"0":"post-20000","1":"product","2":"type-product","3":"status-publish","4":"has-post-thumbnail","6":"product_cat-individual-tours-hurghada","7":"tm-has-options","9":"first","10":"instock","11":"sold-individually","12":"taxable","13":"shipping-taxable","14":"purchasable","15":"product-type-simple","16":"entry","17":"content-bg","18":"loop-entry"},"yoast_head":"<!-- This site is optimized with the Yoast SEO plugin v27.3 - https:\/\/yoast.com\/product\/yoast-seo-wordpress\/ -->\n<title>\u0418\u043d\u0434\u0438\u0432\u0438\u0434\u0443\u0430\u043b\u044c\u043d\u044b\u0439 \u041a\u0430\u0438\u0440 \u0438 \u043e\u0430\u0437\u0438\u0441 \u0421\u0438\u0432\u0430 4 \u0434\u043d\u044f &#8226; \u042d\u043a\u0441\u043a\u0443\u0440\u0441\u0438\u0438 Skyline<\/title>\n<meta name=\"robots\" content=\"index, follow, max-snippet:-1, max-image-preview:large, max-video-preview:-1\" \/>\n<link rel=\"canonical\" href=\"http:\/\/skyline-gs.com\/fr\/produit\/cairo-siwa\/\" \/>\n<meta property=\"og:locale\" content=\"fr_FR\" \/>\n<meta property=\"og:type\" content=\"article\" \/>\n<meta property=\"og:title\" content=\"\u0418\u043d\u0434\u0438\u0432\u0438\u0434\u0443\u0430\u043b\u044c\u043d\u044b\u0439 \u041a\u0430\u0438\u0440 \u0438 \u043e\u0430\u0437\u0438\u0441 \u0421\u0438\u0432\u0430 4 \u0434\u043d\u044f &#8226; \u042d\u043a\u0441\u043a\u0443\u0440\u0441\u0438\u0438 Skyline\" \/>\n<meta property=\"og:description\" content=\"\u0414\u043b\u0438\u0442\u0435\u043b\u044c\u043d\u043e\u0441\u0442\u044c: 4 \u0434\u043d\u044f  \u0414\u043d\u0438 \u043f\u0440\u043e\u0432\u0435\u0434\u0435\u043d\u0438\u044f: \u0435\u0436\u0435\u0434\u043d\u0435\u0432\u043d\u043e\" \/>\n<meta property=\"og:url\" content=\"http:\/\/skyline-gs.com\/fr\/produit\/cairo-siwa\/\" \/>\n<meta property=\"og:site_name\" content=\"\u042d\u043a\u0441\u043a\u0443\u0440\u0441\u0438\u0438 Skyline\" \/>\n<meta property=\"article:modified_time\" content=\"2024-11-07T00:39:46+00:00\" \/>\n<meta property=\"og:image\" content=\"https:\/\/skyline-gs.com\/wp-content\/uploads\/2021\/04\/2-2.png\" \/>\n\t<meta property=\"og:image:width\" content=\"669\" \/>\n\t<meta property=\"og:image:height\" content=\"446\" \/>\n\t<meta property=\"og:image:type\" content=\"image\/png\" \/>\n<meta name=\"twitter:card\" content=\"summary_large_image\" \/>\n<meta name=\"twitter:label1\" content=\"Dur\u00e9e de lecture estim\u00e9e\" \/>\n\t<meta name=\"twitter:data1\" content=\"3 minutes\" \/>\n<script type=\"application\/ld+json\" class=\"yoast-schema-graph\">{\"@context\":\"https:\\\/\\\/schema.org\",\"@graph\":[{\"@type\":\"WebPage\",\"@id\":\"http:\\\/\\\/skyline-gs.com\\\/hu\\\/termek\\\/cairo-siwa\\\/\",\"url\":\"http:\\\/\\\/skyline-gs.com\\\/hu\\\/termek\\\/cairo-siwa\\\/\",\"name\":\"\u0418\u043d\u0434\u0438\u0432\u0438\u0434\u0443\u0430\u043b\u044c\u043d\u044b\u0439 \u041a\u0430\u0438\u0440 \u0438 \u043e\u0430\u0437\u0438\u0441 \u0421\u0438\u0432\u0430 4 \u0434\u043d\u044f &#8226; \u042d\u043a\u0441\u043a\u0443\u0440\u0441\u0438\u0438 Skyline\",\"isPartOf\":{\"@id\":\"https:\\\/\\\/skyline-gs.com\\\/it\\\/#website\"},\"primaryImageOfPage\":{\"@id\":\"http:\\\/\\\/skyline-gs.com\\\/hu\\\/termek\\\/cairo-siwa\\\/#primaryimage\"},\"image\":{\"@id\":\"http:\\\/\\\/skyline-gs.com\\\/hu\\\/termek\\\/cairo-siwa\\\/#primaryimage\"},\"thumbnailUrl\":\"https:\\\/\\\/skyline-gs.com\\\/wp-content\\\/uploads\\\/2021\\\/04\\\/2-2.png\",\"datePublished\":\"2021-04-28T16:30:53+00:00\",\"dateModified\":\"2024-11-07T00:39:46+00:00\",\"breadcrumb\":{\"@id\":\"http:\\\/\\\/skyline-gs.com\\\/hu\\\/termek\\\/cairo-siwa\\\/#breadcrumb\"},\"inLanguage\":\"fr-FR\",\"potentialAction\":[{\"@type\":\"ReadAction\",\"target\":[\"http:\\\/\\\/skyline-gs.com\\\/hu\\\/termek\\\/cairo-siwa\\\/\"]}]},{\"@type\":\"ImageObject\",\"inLanguage\":\"fr-FR\",\"@id\":\"http:\\\/\\\/skyline-gs.com\\\/hu\\\/termek\\\/cairo-siwa\\\/#primaryimage\",\"url\":\"https:\\\/\\\/skyline-gs.com\\\/wp-content\\\/uploads\\\/2021\\\/04\\\/2-2.png\",\"contentUrl\":\"https:\\\/\\\/skyline-gs.com\\\/wp-content\\\/uploads\\\/2021\\\/04\\\/2-2.png\",\"width\":669,\"height\":446},{\"@type\":\"BreadcrumbList\",\"@id\":\"http:\\\/\\\/skyline-gs.com\\\/hu\\\/termek\\\/cairo-siwa\\\/#breadcrumb\",\"itemListElement\":[{\"@type\":\"ListItem\",\"position\":1,\"name\":\"\u0413\u043b\u0430\u0432\u043d\u0430\u044f \u0441\u0442\u0440\u0430\u043d\u0438\u0446\u0430\",\"item\":\"https:\\\/\\\/skyline-gs.com\\\/hu\\\/\"},{\"@type\":\"ListItem\",\"position\":2,\"name\":\"\u041c\u0430\u0433\u0430\u0437\u0438\u043d\",\"item\":\"https:\\\/\\\/skyline-gs.com\\\/cs\\\/shop\\\/\"},{\"@type\":\"ListItem\",\"position\":3,\"name\":\"\u0418\u043d\u0434\u0438\u0432\u0438\u0434\u0443\u0430\u043b\u044c\u043d\u044b\u0439 \u041a\u0430\u0438\u0440 \u0438 \u043e\u0430\u0437\u0438\u0441 \u0421\u0438\u0432\u0430 4 \u0434\u043d\u044f\"}]},{\"@type\":\"WebSite\",\"@id\":\"https:\\\/\\\/skyline-gs.com\\\/it\\\/#website\",\"url\":\"https:\\\/\\\/skyline-gs.com\\\/it\\\/\",\"name\":\"\u042d\u043a\u0441\u043a\u0443\u0440\u0441\u0438\u0438 Skyline\",\"description\":\"\u042d\u043a\u0441\u043a\u043b\u044e\u0437\u0438\u0432\u043d\u044b\u0435 \u044d\u043a\u0441\u043a\u0443\u0440\u0441\u0438\u0438 \u043d\u0430 \u043b\u0443\u0447\u0448\u0438\u0445 \u043a\u0443\u0440\u043e\u0440\u0442\u0430\u0445 \u043c\u0438\u0440\u0430\",\"publisher\":{\"@id\":\"https:\\\/\\\/skyline-gs.com\\\/it\\\/#organization\"},\"alternateName\":\"Skyline\",\"potentialAction\":[{\"@type\":\"SearchAction\",\"target\":{\"@type\":\"EntryPoint\",\"urlTemplate\":\"https:\\\/\\\/skyline-gs.com\\\/it\\\/?s={search_term_string}\"},\"query-input\":{\"@type\":\"PropertyValueSpecification\",\"valueRequired\":true,\"valueName\":\"search_term_string\"}}],\"inLanguage\":\"fr-FR\"},{\"@type\":\"Organization\",\"@id\":\"https:\\\/\\\/skyline-gs.com\\\/it\\\/#organization\",\"name\":\"\u042d\u043a\u0441\u043a\u0443\u0440\u0441\u0438\u0438 Skyline\",\"alternateName\":\"\u042d\u043a\u0441\u043a\u0443\u0440\u0441\u0438\u0438 Skyline\",\"url\":\"https:\\\/\\\/skyline-gs.com\\\/it\\\/\",\"logo\":{\"@type\":\"ImageObject\",\"inLanguage\":\"fr-FR\",\"@id\":\"https:\\\/\\\/skyline-gs.com\\\/it\\\/#\\\/schema\\\/logo\\\/image\\\/\",\"url\":\"https:\\\/\\\/skyline-gs.com\\\/wp-content\\\/uploads\\\/2020\\\/12\\\/cropped-logo-2.png\",\"contentUrl\":\"https:\\\/\\\/skyline-gs.com\\\/wp-content\\\/uploads\\\/2020\\\/12\\\/cropped-logo-2.png\",\"width\":512,\"height\":512,\"caption\":\"\u042d\u043a\u0441\u043a\u0443\u0440\u0441\u0438\u0438 Skyline\"},\"image\":{\"@id\":\"https:\\\/\\\/skyline-gs.com\\\/it\\\/#\\\/schema\\\/logo\\\/image\\\/\"},\"sameAs\":[\"https:\\\/\\\/www.instagram.com\\\/skylineglobalservice\\\/\"]}]}<\/script>\n<!-- \/ Yoast SEO plugin. -->","yoast_head_json":{"title":"\u0418\u043d\u0434\u0438\u0432\u0438\u0434\u0443\u0430\u043b\u044c\u043d\u044b\u0439 \u041a\u0430\u0438\u0440 \u0438 \u043e\u0430\u0437\u0438\u0441 \u0421\u0438\u0432\u0430 4 \u0434\u043d\u044f &#8226; \u042d\u043a\u0441\u043a\u0443\u0440\u0441\u0438\u0438 Skyline","robots":{"index":"index","follow":"follow","max-snippet":"max-snippet:-1","max-image-preview":"max-image-preview:large","max-video-preview":"max-video-preview:-1"},"canonical":"http:\/\/skyline-gs.com\/fr\/produit\/cairo-siwa\/","og_locale":"fr_FR","og_type":"article","og_title":"\u0418\u043d\u0434\u0438\u0432\u0438\u0434\u0443\u0430\u043b\u044c\u043d\u044b\u0439 \u041a\u0430\u0438\u0440 \u0438 \u043e\u0430\u0437\u0438\u0441 \u0421\u0438\u0432\u0430 4 \u0434\u043d\u044f &#8226; \u042d\u043a\u0441\u043a\u0443\u0440\u0441\u0438\u0438 Skyline","og_description":"\u0414\u043b\u0438\u0442\u0435\u043b\u044c\u043d\u043e\u0441\u0442\u044c: 4 \u0434\u043d\u044f  \u0414\u043d\u0438 \u043f\u0440\u043e\u0432\u0435\u0434\u0435\u043d\u0438\u044f: \u0435\u0436\u0435\u0434\u043d\u0435\u0432\u043d\u043e","og_url":"http:\/\/skyline-gs.com\/fr\/produit\/cairo-siwa\/","og_site_name":"\u042d\u043a\u0441\u043a\u0443\u0440\u0441\u0438\u0438 Skyline","article_modified_time":"2024-11-07T00:39:46+00:00","og_image":[{"width":669,"height":446,"url":"https:\/\/skyline-gs.com\/wp-content\/uploads\/2021\/04\/2-2.png","type":"image\/png"}],"twitter_card":"summary_large_image","twitter_misc":{"Dur\u00e9e de lecture estim\u00e9e":"3 minutes"},"schema":{"@context":"https:\/\/schema.org","@graph":[{"@type":"WebPage","@id":"http:\/\/skyline-gs.com\/hu\/termek\/cairo-siwa\/","url":"http:\/\/skyline-gs.com\/hu\/termek\/cairo-siwa\/","name":"\u0418\u043d\u0434\u0438\u0432\u0438\u0434\u0443\u0430\u043b\u044c\u043d\u044b\u0439 \u041a\u0430\u0438\u0440 \u0438 \u043e\u0430\u0437\u0438\u0441 \u0421\u0438\u0432\u0430 4 \u0434\u043d\u044f &#8226; \u042d\u043a\u0441\u043a\u0443\u0440\u0441\u0438\u0438 Skyline","isPartOf":{"@id":"https:\/\/skyline-gs.com\/it\/#website"},"primaryImageOfPage":{"@id":"http:\/\/skyline-gs.com\/hu\/termek\/cairo-siwa\/#primaryimage"},"image":{"@id":"http:\/\/skyline-gs.com\/hu\/termek\/cairo-siwa\/#primaryimage"},"thumbnailUrl":"https:\/\/skyline-gs.com\/wp-content\/uploads\/2021\/04\/2-2.png","datePublished":"2021-04-28T16:30:53+00:00","dateModified":"2024-11-07T00:39:46+00:00","breadcrumb":{"@id":"http:\/\/skyline-gs.com\/hu\/termek\/cairo-siwa\/#breadcrumb"},"inLanguage":"fr-FR","potentialAction":[{"@type":"ReadAction","target":["http:\/\/skyline-gs.com\/hu\/termek\/cairo-siwa\/"]}]},{"@type":"ImageObject","inLanguage":"fr-FR","@id":"http:\/\/skyline-gs.com\/hu\/termek\/cairo-siwa\/#primaryimage","url":"https:\/\/skyline-gs.com\/wp-content\/uploads\/2021\/04\/2-2.png","contentUrl":"https:\/\/skyline-gs.com\/wp-content\/uploads\/2021\/04\/2-2.png","width":669,"height":446},{"@type":"BreadcrumbList","@id":"http:\/\/skyline-gs.com\/hu\/termek\/cairo-siwa\/#breadcrumb","itemListElement":[{"@type":"ListItem","position":1,"name":"\u0413\u043b\u0430\u0432\u043d\u0430\u044f \u0441\u0442\u0440\u0430\u043d\u0438\u0446\u0430","item":"https:\/\/skyline-gs.com\/hu\/"},{"@type":"ListItem","position":2,"name":"\u041c\u0430\u0433\u0430\u0437\u0438\u043d","item":"https:\/\/skyline-gs.com\/cs\/shop\/"},{"@type":"ListItem","position":3,"name":"\u0418\u043d\u0434\u0438\u0432\u0438\u0434\u0443\u0430\u043b\u044c\u043d\u044b\u0439 \u041a\u0430\u0438\u0440 \u0438 \u043e\u0430\u0437\u0438\u0441 \u0421\u0438\u0432\u0430 4 \u0434\u043d\u044f"}]},{"@type":"WebSite","@id":"https:\/\/skyline-gs.com\/it\/#website","url":"https:\/\/skyline-gs.com\/it\/","name":"Excursions Skyline","description":"Excursions exclusives dans les meilleurs centres de vill\u00e9giature du monde","publisher":{"@id":"https:\/\/skyline-gs.com\/it\/#organization"},"alternateName":"Skyline","potentialAction":[{"@type":"SearchAction","target":{"@type":"EntryPoint","urlTemplate":"https:\/\/skyline-gs.com\/it\/?s={search_term_string}"},"query-input":{"@type":"PropertyValueSpecification","valueRequired":true,"valueName":"search_term_string"}}],"inLanguage":"fr-FR"},{"@type":"Organization","@id":"https:\/\/skyline-gs.com\/it\/#organization","name":"Excursions Skyline","alternateName":"\u042d\u043a\u0441\u043a\u0443\u0440\u0441\u0438\u0438 Skyline","url":"https:\/\/skyline-gs.com\/it\/","logo":{"@type":"ImageObject","inLanguage":"fr-FR","@id":"https:\/\/skyline-gs.com\/it\/#\/schema\/logo\/image\/","url":"https:\/\/skyline-gs.com\/wp-content\/uploads\/2020\/12\/cropped-logo-2.png","contentUrl":"https:\/\/skyline-gs.com\/wp-content\/uploads\/2020\/12\/cropped-logo-2.png","width":512,"height":512,"caption":"\u042d\u043a\u0441\u043a\u0443\u0440\u0441\u0438\u0438 Skyline"},"image":{"@id":"https:\/\/skyline-gs.com\/it\/#\/schema\/logo\/image\/"},"sameAs":["https:\/\/www.instagram.com\/skylineglobalservice\/"]}]}},"_links":{"self":[{"href":"https:\/\/skyline-gs.com\/fr\/wp-json\/wp\/v2\/product\/20000","targetHints":{"allow":["GET"]}}],"collection":[{"href":"https:\/\/skyline-gs.com\/fr\/wp-json\/wp\/v2\/product"}],"about":[{"href":"https:\/\/skyline-gs.com\/fr\/wp-json\/wp\/v2\/types\/product"}],"version-history":[{"count":0,"href":"https:\/\/skyline-gs.com\/fr\/wp-json\/wp\/v2\/product\/20000\/revisions"}],"wp:featuredmedia":[{"embeddable":true,"href":"https:\/\/skyline-gs.com\/fr\/wp-json\/wp\/v2\/media\/25156"}],"wp:attachment":[{"href":"https:\/\/skyline-gs.com\/fr\/wp-json\/wp\/v2\/media?parent=20000"}],"wp:term":[{"taxonomy":"product_brand","embeddable":true,"href":"https:\/\/skyline-gs.com\/fr\/wp-json\/wp\/v2\/product_brand?post=20000"},{"taxonomy":"product_cat","embeddable":true,"href":"https:\/\/skyline-gs.com\/fr\/wp-json\/wp\/v2\/product_cat?post=20000"},{"taxonomy":"product_tag","embeddable":true,"href":"https:\/\/skyline-gs.com\/fr\/wp-json\/wp\/v2\/product_tag?post=20000"}],"curies":[{"name":"wp","href":"https:\/\/api.w.org\/{rel}","templated":true}]}}