{"id":19884,"date":"2022-10-15T23:59:26","date_gmt":"2022-10-15T20:59:26","guid":{"rendered":"https:\/\/zanzibar.skyline-gs.com\/?post_type=product&#038;p=19884"},"modified":"2025-01-21T16:03:47","modified_gmt":"2025-01-21T14:03:47","slug":"guepard-rock-zoo-zanzibar","status":"publish","type":"product","link":"https:\/\/skyline-gs.com\/fr\/product\/cheetahs-rock-zoo-zanzibar\/","title":{"rendered":"Zoo du rocher du Gu\u00e9pard"},"content":{"rendered":"<p>Cheetah's Rocks est un centre de sauvetage et de conservation unique en son genre, un lieu o\u00f9 les gens et les animaux interagissent directement - face \u00e0 face, \u0153il \u00e0 \u0153il, fourrure \u00e0 peau. Les animaux sauvages de Cheetah's Rocks sont soit sauv\u00e9s, soit donn\u00e9s au centre, et chaque animal a une histoire.<\/p>\n<p>Vos guides seront heureux de vous raconter ces histoires lorsque vous rencontrerez des animaux au cours de votre visite. Aucun des animaux n'a \u00e9t\u00e9 captur\u00e9 dans la nature. Tous les animaux ont fait l'objet d'un enregistrement officiel et ont re\u00e7u les vaccins n\u00e9cessaires. Seules des m\u00e9thodes non violentes bas\u00e9es sur la confiance, le respect et la r\u00e9compense sont utilis\u00e9es pour manipuler les animaux.<\/p>\n<p><strong>Ce que vous devez faire \u00e0 Cheetah's Rocks :<\/strong><\/p>\n<ul>\n<li>Rencontrer un gu\u00e9pard et se faire prendre en photo avec lui<\/li>\n<li>Donnez des carottes et des pommes \u00e0 l'adorable z\u00e8bre Chaka.<\/li>\n<li>Tenir Galago dans mes bras<\/li>\n<li>Parlez aux singes<\/li>\n<li>Laisser les l\u00e9muriens se reposer sur vos \u00e9paules<\/li>\n<li>Nourrir \u00e0 la main de jolies antilopes pygm\u00e9es - Suni<\/li>\n<li>Voyez et changez votre opinion sur les hy\u00e8nes ray\u00e9es<\/li>\n<li>Nourrissez-vous et prenez des photos avec notre lion blanc, \u00e0 travers une barri\u00e8re de protection.<\/li>\n<li>Rencontrez l'esp\u00e8ce animale la plus rare class\u00e9e en premi\u00e8re position<\/li>\n<\/ul>\n<p><strong>Inclus :<\/strong><\/p>\n<ul>\n<li>Transfert depuis et vers l'h\u00f4tel<\/li>\n<li>Billets d'entr\u00e9e<\/li>\n<li>Accompagnement par un guide anglophone au zoo<\/li>\n<li>Rafra\u00eechissements<\/li>\n<li>Friandises pour animaux<\/li>\n<\/ul>\n<p><strong>Non inclus :<\/strong><\/p>\n<ul>\n<li>La nutrition<\/li>\n<li>Transfert depuis les h\u00f4tels du sud +20$ par voiture aller-retour<\/li>\n<\/ul>\n<p><strong>Important :<\/strong><\/p>\n<ul>\n<li>Seuls les adultes de plus de 15 ans sont autoris\u00e9s \u00e0 participer \u00e0 la visite.<\/li>\n<li>Ne pas utiliser de r\u00e9pulsifs, de cr\u00e8me solaire, de parfum, de lotion apr\u00e8s-rasage.<\/li>\n<li>Ne pas porter de bijoux, d'\u00e9pingles, d'\u00e9charpes<\/li>\n<li>Les mains et les chaussures doivent \u00eatre d\u00e9sinfect\u00e9es avant d'entrer dans l'enceinte.<\/li>\n<li>Les places \u00e9tant limit\u00e9es, il est important de s'inscrire rapidement.<\/li>\n<\/ul>\n<p><strong>\u00c0 emporter :<\/strong><\/p>\n<ul>\n<li>Chaussures confortables (baskets, bottes, sandales)<\/li>\n<li>V\u00eatements confortables - shorts, jeans, T-shirts, T-shirts. Il est d\u00e9conseill\u00e9 de porter une robe ou un pantalon large.<\/li>\n<li>Appareil photo<\/li>\n<\/ul>","protected":false},"excerpt":{"rendered":"<p><strong>Temps du Tour:<\/strong> 14:00 \u2014 18:45<\/p>\n<p><strong>Jours de D\u00e9roulement:<\/strong> Mardi, mercredi, jeudi et dimanche<\/p>","protected":false},"featured_media":19885,"template":"","meta":{"_kad_post_transparent":"default","_kad_post_title":"","_kad_post_layout":"default","_kad_post_sidebar_id":"","_kad_post_content_style":"default","_kad_post_vertical_padding":"default","_kad_post_feature":"","_kad_post_feature_position":"","_kad_post_header":false,"_kad_post_footer":false,"_kad_post_classname":"","_glsr_average":0,"_glsr_ranking":0,"_glsr_reviews":0},"product_brand":[],"product_cat":[469],"product_tag":[],"class_list":{"0":"post-19884","1":"product","2":"type-product","3":"status-publish","4":"has-post-thumbnail","6":"product_cat-tours","7":"tm-has-options","9":"first","10":"instock","11":"sold-individually","12":"taxable","13":"shipping-taxable","14":"purchasable","15":"product-type-simple","16":"entry","17":"content-bg","18":"loop-entry"},"yoast_head":"<!-- This site is optimized with the Yoast SEO plugin v27.4 - https:\/\/yoast.com\/product\/yoast-seo-wordpress\/ -->\n<title>\u0417\u043e\u043e\u043f\u0430\u0440\u043a Cheetah&#039;s Rock &#8226; \u042d\u043a\u0441\u043a\u0443\u0440\u0441\u0438\u0438 Skyline<\/title>\n<meta name=\"robots\" content=\"index, follow, max-snippet:-1, max-image-preview:large, max-video-preview:-1\" \/>\n<link rel=\"canonical\" href=\"https:\/\/skyline-gs.com\/fr\/produit\/guepard-rock-zoo-zanzibar\/\" \/>\n<meta property=\"og:locale\" content=\"fr_FR\" \/>\n<meta property=\"og:type\" content=\"article\" \/>\n<meta property=\"og:title\" content=\"\u0417\u043e\u043e\u043f\u0430\u0440\u043a Cheetah&#039;s Rock &#8226; \u042d\u043a\u0441\u043a\u0443\u0440\u0441\u0438\u0438 Skyline\" \/>\n<meta property=\"og:description\" content=\"\u0412\u0440\u0435\u043c\u044f \u0442\u0443\u0440\u0430: 14:00 - 18:45  \u0414\u043d\u0438 \u043f\u0440\u043e\u0432\u0435\u0434\u0435\u043d\u0438\u044f: \u0432\u0442\u043e\u0440\u043d\u0438\u043a, \u0441\u0440\u0435\u0434\u0443, \u0447\u0435\u0442\u0432\u0435\u0440\u0433 \u0438 \u0432\u043e\u0441\u043a\u0440\u0435\u0441\u0435\u043d\u044c\u0435\" \/>\n<meta property=\"og:url\" content=\"https:\/\/skyline-gs.com\/fr\/produit\/guepard-rock-zoo-zanzibar\/\" \/>\n<meta property=\"og:site_name\" content=\"\u042d\u043a\u0441\u043a\u0443\u0440\u0441\u0438\u0438 Skyline\" \/>\n<meta property=\"article:modified_time\" content=\"2025-01-21T14:03:47+00:00\" \/>\n<meta property=\"og:image\" content=\"https:\/\/skyline-gs.com\/wp-content\/uploads\/2022\/10\/4-5.png\" \/>\n\t<meta property=\"og:image:width\" content=\"669\" \/>\n\t<meta property=\"og:image:height\" content=\"446\" \/>\n\t<meta property=\"og:image:type\" content=\"image\/png\" \/>\n<meta name=\"twitter:card\" content=\"summary_large_image\" \/>\n<meta name=\"twitter:label1\" content=\"Dur\u00e9e de lecture estim\u00e9e\" \/>\n\t<meta name=\"twitter:data1\" content=\"2 minutes\" \/>\n<script type=\"application\/ld+json\" class=\"yoast-schema-graph\">{\"@context\":\"https:\\\/\\\/schema.org\",\"@graph\":[{\"@type\":\"WebPage\",\"@id\":\"https:\\\/\\\/skyline-gs.com\\\/de\\\/produkt\\\/cheetahs-rock-zoo-zanzibar\\\/\",\"url\":\"https:\\\/\\\/skyline-gs.com\\\/de\\\/produkt\\\/cheetahs-rock-zoo-zanzibar\\\/\",\"name\":\"\u0417\u043e\u043e\u043f\u0430\u0440\u043a Cheetah's Rock &#8226; \u042d\u043a\u0441\u043a\u0443\u0440\u0441\u0438\u0438 Skyline\",\"isPartOf\":{\"@id\":\"https:\\\/\\\/skyline-gs.com\\\/it\\\/#website\"},\"primaryImageOfPage\":{\"@id\":\"https:\\\/\\\/skyline-gs.com\\\/de\\\/produkt\\\/cheetahs-rock-zoo-zanzibar\\\/#primaryimage\"},\"image\":{\"@id\":\"https:\\\/\\\/skyline-gs.com\\\/de\\\/produkt\\\/cheetahs-rock-zoo-zanzibar\\\/#primaryimage\"},\"thumbnailUrl\":\"https:\\\/\\\/skyline-gs.com\\\/wp-content\\\/uploads\\\/2022\\\/10\\\/4-5.png\",\"datePublished\":\"2022-10-15T20:59:26+00:00\",\"dateModified\":\"2025-01-21T14:03:47+00:00\",\"breadcrumb\":{\"@id\":\"https:\\\/\\\/skyline-gs.com\\\/de\\\/produkt\\\/cheetahs-rock-zoo-zanzibar\\\/#breadcrumb\"},\"inLanguage\":\"fr-FR\",\"potentialAction\":[{\"@type\":\"ReadAction\",\"target\":[\"https:\\\/\\\/skyline-gs.com\\\/de\\\/produkt\\\/cheetahs-rock-zoo-zanzibar\\\/\"]}]},{\"@type\":\"ImageObject\",\"inLanguage\":\"fr-FR\",\"@id\":\"https:\\\/\\\/skyline-gs.com\\\/de\\\/produkt\\\/cheetahs-rock-zoo-zanzibar\\\/#primaryimage\",\"url\":\"https:\\\/\\\/skyline-gs.com\\\/wp-content\\\/uploads\\\/2022\\\/10\\\/4-5.png\",\"contentUrl\":\"https:\\\/\\\/skyline-gs.com\\\/wp-content\\\/uploads\\\/2022\\\/10\\\/4-5.png\",\"width\":669,\"height\":446},{\"@type\":\"BreadcrumbList\",\"@id\":\"https:\\\/\\\/skyline-gs.com\\\/de\\\/produkt\\\/cheetahs-rock-zoo-zanzibar\\\/#breadcrumb\",\"itemListElement\":[{\"@type\":\"ListItem\",\"position\":1,\"name\":\"\u0413\u043b\u0430\u0432\u043d\u0430\u044f \u0441\u0442\u0440\u0430\u043d\u0438\u0446\u0430\",\"item\":\"https:\\\/\\\/skyline-gs.com\\\/hu\\\/\"},{\"@type\":\"ListItem\",\"position\":2,\"name\":\"\u041c\u0430\u0433\u0430\u0437\u0438\u043d\",\"item\":\"https:\\\/\\\/skyline-gs.com\\\/cs\\\/shop\\\/\"},{\"@type\":\"ListItem\",\"position\":3,\"name\":\"\u0417\u043e\u043e\u043f\u0430\u0440\u043a Cheetah&#8217;s Rock\"}]},{\"@type\":\"WebSite\",\"@id\":\"https:\\\/\\\/skyline-gs.com\\\/it\\\/#website\",\"url\":\"https:\\\/\\\/skyline-gs.com\\\/it\\\/\",\"name\":\"\u042d\u043a\u0441\u043a\u0443\u0440\u0441\u0438\u0438 Skyline\",\"description\":\"\u042d\u043a\u0441\u043a\u043b\u044e\u0437\u0438\u0432\u043d\u044b\u0435 \u044d\u043a\u0441\u043a\u0443\u0440\u0441\u0438\u0438 \u043d\u0430 \u043b\u0443\u0447\u0448\u0438\u0445 \u043a\u0443\u0440\u043e\u0440\u0442\u0430\u0445 \u043c\u0438\u0440\u0430\",\"publisher\":{\"@id\":\"https:\\\/\\\/skyline-gs.com\\\/it\\\/#organization\"},\"alternateName\":\"Skyline\",\"potentialAction\":[{\"@type\":\"SearchAction\",\"target\":{\"@type\":\"EntryPoint\",\"urlTemplate\":\"https:\\\/\\\/skyline-gs.com\\\/it\\\/?s={search_term_string}\"},\"query-input\":{\"@type\":\"PropertyValueSpecification\",\"valueRequired\":true,\"valueName\":\"search_term_string\"}}],\"inLanguage\":\"fr-FR\"},{\"@type\":\"Organization\",\"@id\":\"https:\\\/\\\/skyline-gs.com\\\/it\\\/#organization\",\"name\":\"\u042d\u043a\u0441\u043a\u0443\u0440\u0441\u0438\u0438 Skyline\",\"alternateName\":\"\u042d\u043a\u0441\u043a\u0443\u0440\u0441\u0438\u0438 Skyline\",\"url\":\"https:\\\/\\\/skyline-gs.com\\\/it\\\/\",\"logo\":{\"@type\":\"ImageObject\",\"inLanguage\":\"fr-FR\",\"@id\":\"https:\\\/\\\/skyline-gs.com\\\/it\\\/#\\\/schema\\\/logo\\\/image\\\/\",\"url\":\"https:\\\/\\\/skyline-gs.com\\\/wp-content\\\/uploads\\\/2020\\\/12\\\/cropped-logo-2.png\",\"contentUrl\":\"https:\\\/\\\/skyline-gs.com\\\/wp-content\\\/uploads\\\/2020\\\/12\\\/cropped-logo-2.png\",\"width\":512,\"height\":512,\"caption\":\"\u042d\u043a\u0441\u043a\u0443\u0440\u0441\u0438\u0438 Skyline\"},\"image\":{\"@id\":\"https:\\\/\\\/skyline-gs.com\\\/it\\\/#\\\/schema\\\/logo\\\/image\\\/\"},\"sameAs\":[\"https:\\\/\\\/www.instagram.com\\\/skylineglobalservice\\\/\"]}]}<\/script>\n<!-- \/ Yoast SEO plugin. -->","yoast_head_json":{"title":"Zoo de Cheetah's Rock - Skyline Excursions","robots":{"index":"index","follow":"follow","max-snippet":"max-snippet:-1","max-image-preview":"max-image-preview:large","max-video-preview":"max-video-preview:-1"},"canonical":"https:\/\/skyline-gs.com\/fr\/produit\/guepard-rock-zoo-zanzibar\/","og_locale":"fr_FR","og_type":"article","og_title":"\u0417\u043e\u043e\u043f\u0430\u0440\u043a Cheetah's Rock &#8226; \u042d\u043a\u0441\u043a\u0443\u0440\u0441\u0438\u0438 Skyline","og_description":"\u0412\u0440\u0435\u043c\u044f \u0442\u0443\u0440\u0430: 14:00 - 18:45  \u0414\u043d\u0438 \u043f\u0440\u043e\u0432\u0435\u0434\u0435\u043d\u0438\u044f: \u0432\u0442\u043e\u0440\u043d\u0438\u043a, \u0441\u0440\u0435\u0434\u0443, \u0447\u0435\u0442\u0432\u0435\u0440\u0433 \u0438 \u0432\u043e\u0441\u043a\u0440\u0435\u0441\u0435\u043d\u044c\u0435","og_url":"https:\/\/skyline-gs.com\/fr\/produit\/guepard-rock-zoo-zanzibar\/","og_site_name":"\u042d\u043a\u0441\u043a\u0443\u0440\u0441\u0438\u0438 Skyline","article_modified_time":"2025-01-21T14:03:47+00:00","og_image":[{"width":669,"height":446,"url":"https:\/\/skyline-gs.com\/wp-content\/uploads\/2022\/10\/4-5.png","type":"image\/png"}],"twitter_card":"summary_large_image","twitter_misc":{"Dur\u00e9e de lecture estim\u00e9e":"2 minutes"},"schema":{"@context":"https:\/\/schema.org","@graph":[{"@type":"WebPage","@id":"https:\/\/skyline-gs.com\/de\/produkt\/cheetahs-rock-zoo-zanzibar\/","url":"https:\/\/skyline-gs.com\/de\/produkt\/cheetahs-rock-zoo-zanzibar\/","name":"Zoo de Cheetah's Rock - Skyline Excursions","isPartOf":{"@id":"https:\/\/skyline-gs.com\/it\/#website"},"primaryImageOfPage":{"@id":"https:\/\/skyline-gs.com\/de\/produkt\/cheetahs-rock-zoo-zanzibar\/#primaryimage"},"image":{"@id":"https:\/\/skyline-gs.com\/de\/produkt\/cheetahs-rock-zoo-zanzibar\/#primaryimage"},"thumbnailUrl":"https:\/\/skyline-gs.com\/wp-content\/uploads\/2022\/10\/4-5.png","datePublished":"2022-10-15T20:59:26+00:00","dateModified":"2025-01-21T14:03:47+00:00","breadcrumb":{"@id":"https:\/\/skyline-gs.com\/de\/produkt\/cheetahs-rock-zoo-zanzibar\/#breadcrumb"},"inLanguage":"fr-FR","potentialAction":[{"@type":"ReadAction","target":["https:\/\/skyline-gs.com\/de\/produkt\/cheetahs-rock-zoo-zanzibar\/"]}]},{"@type":"ImageObject","inLanguage":"fr-FR","@id":"https:\/\/skyline-gs.com\/de\/produkt\/cheetahs-rock-zoo-zanzibar\/#primaryimage","url":"https:\/\/skyline-gs.com\/wp-content\/uploads\/2022\/10\/4-5.png","contentUrl":"https:\/\/skyline-gs.com\/wp-content\/uploads\/2022\/10\/4-5.png","width":669,"height":446},{"@type":"BreadcrumbList","@id":"https:\/\/skyline-gs.com\/de\/produkt\/cheetahs-rock-zoo-zanzibar\/#breadcrumb","itemListElement":[{"@type":"ListItem","position":1,"name":"\u0413\u043b\u0430\u0432\u043d\u0430\u044f \u0441\u0442\u0440\u0430\u043d\u0438\u0446\u0430","item":"https:\/\/skyline-gs.com\/hu\/"},{"@type":"ListItem","position":2,"name":"\u041c\u0430\u0433\u0430\u0437\u0438\u043d","item":"https:\/\/skyline-gs.com\/cs\/shop\/"},{"@type":"ListItem","position":3,"name":"\u0417\u043e\u043e\u043f\u0430\u0440\u043a Cheetah&#8217;s Rock"}]},{"@type":"WebSite","@id":"https:\/\/skyline-gs.com\/it\/#website","url":"https:\/\/skyline-gs.com\/it\/","name":"Excursions Skyline","description":"Excursions exclusives dans les meilleurs centres de vill\u00e9giature du monde","publisher":{"@id":"https:\/\/skyline-gs.com\/it\/#organization"},"alternateName":"Skyline","potentialAction":[{"@type":"SearchAction","target":{"@type":"EntryPoint","urlTemplate":"https:\/\/skyline-gs.com\/it\/?s={search_term_string}"},"query-input":{"@type":"PropertyValueSpecification","valueRequired":true,"valueName":"search_term_string"}}],"inLanguage":"fr-FR"},{"@type":"Organization","@id":"https:\/\/skyline-gs.com\/it\/#organization","name":"Excursions Skyline","alternateName":"\u042d\u043a\u0441\u043a\u0443\u0440\u0441\u0438\u0438 Skyline","url":"https:\/\/skyline-gs.com\/it\/","logo":{"@type":"ImageObject","inLanguage":"fr-FR","@id":"https:\/\/skyline-gs.com\/it\/#\/schema\/logo\/image\/","url":"https:\/\/skyline-gs.com\/wp-content\/uploads\/2020\/12\/cropped-logo-2.png","contentUrl":"https:\/\/skyline-gs.com\/wp-content\/uploads\/2020\/12\/cropped-logo-2.png","width":512,"height":512,"caption":"\u042d\u043a\u0441\u043a\u0443\u0440\u0441\u0438\u0438 Skyline"},"image":{"@id":"https:\/\/skyline-gs.com\/it\/#\/schema\/logo\/image\/"},"sameAs":["https:\/\/www.instagram.com\/skylineglobalservice\/"]}]}},"_links":{"self":[{"href":"https:\/\/skyline-gs.com\/fr\/wp-json\/wp\/v2\/product\/19884","targetHints":{"allow":["GET"]}}],"collection":[{"href":"https:\/\/skyline-gs.com\/fr\/wp-json\/wp\/v2\/product"}],"about":[{"href":"https:\/\/skyline-gs.com\/fr\/wp-json\/wp\/v2\/types\/product"}],"version-history":[{"count":0,"href":"https:\/\/skyline-gs.com\/fr\/wp-json\/wp\/v2\/product\/19884\/revisions"}],"wp:featuredmedia":[{"embeddable":true,"href":"https:\/\/skyline-gs.com\/fr\/wp-json\/wp\/v2\/media\/19885"}],"wp:attachment":[{"href":"https:\/\/skyline-gs.com\/fr\/wp-json\/wp\/v2\/media?parent=19884"}],"wp:term":[{"taxonomy":"product_brand","embeddable":true,"href":"https:\/\/skyline-gs.com\/fr\/wp-json\/wp\/v2\/product_brand?post=19884"},{"taxonomy":"product_cat","embeddable":true,"href":"https:\/\/skyline-gs.com\/fr\/wp-json\/wp\/v2\/product_cat?post=19884"},{"taxonomy":"product_tag","embeddable":true,"href":"https:\/\/skyline-gs.com\/fr\/wp-json\/wp\/v2\/product_tag?post=19884"}],"curies":[{"name":"wp","href":"https:\/\/api.w.org\/{rel}","templated":true}]}}