{"id":19865,"date":"2022-09-23T16:29:49","date_gmt":"2022-09-23T13:29:49","guid":{"rendered":"https:\/\/zanzibar.skyline-gs.com\/?post_type=product&#038;p=19865"},"modified":"2025-12-16T15:13:36","modified_gmt":"2025-12-16T13:13:36","slug":"swimming-with-whale-sharks-on-mafia-island-by-plane","status":"publish","type":"product","link":"https:\/\/skyline-gs.com\/fr\/product\/swimming-with-whale-sharks-on-mafia-island-by-plane\/","title":{"rendered":"Nager avec les requins-baleines sur l'\u00eele de Mafia (vol en avion)"},"content":{"rendered":"<p>D\u00e9part de l'h\u00f4tel \u00e0 17h30. D\u00e9part pour l'a\u00e9roport. Vol pour l'\u00eele de Mafia. Le vol ne dure que 30 minutes. Vous serez accueillis \u00e0 l'a\u00e9roport par notre guide muni d'une pancarte (votre nom et pr\u00e9nom seront inscrits sur la pancarte). Transfert au port et embarquement sur le bateau. D\u00e9but de l'excursion en bateau, o\u00f9 nous vous montrerons les meilleurs spots de snorkelling et partirons \u00e0 la recherche des requins-baleines g\u00e9ants. L'\u00eele de Mafia est un paradis dans les eaux tropicales. Une r\u00e9serve marine au large de la c\u00f4te africaine vous donne l'occasion d'appr\u00e9cier la beaut\u00e9 de 50 esp\u00e8ces de coraux et de 400 esp\u00e8ces de poissons tropicaux (barracudas, poissons volants, thons, marlins, voiliers, thons, thazards, lucianes, maquereaux, morues g\u00e9antes et autres) et d'autres formes de vie marine. Vous aurez \u00e9galement l'occasion de nager avec des requins-baleines (qui atteignent jusqu'\u00e0 20 m\u00e8tres de long). D'octobre \u00e0 mars, on les trouve pr\u00e8s des c\u00f4tes de l'\u00eele. Nager avec eux est absolument sans danger. Et si vous avez de la chance, vous verrez aussi des baleines \u00e0 bosse, dont la migration a lieu pr\u00e8s de l'\u00eele de Mafia de juillet \u00e0 septembre. Nous vous servirons un d\u00e9licieux d\u00e9jeuner \u00e0 bord. Fin de l'excursion vers 16h00. Transfert retour \u00e0 l'a\u00e9roport. 17:30 d\u00e9part pour Zanzibar. Vous serez accueillis \u00e0 l'a\u00e9roport par un repr\u00e9sentant de notre compagnie avec une plaque (vos nom et pr\u00e9nom seront inscrits sur la plaque). Retour \u00e0 l'h\u00f4tel vers 19h30.<\/p>\n<p><strong>Inclus :<\/strong><\/p>\n<ul>\n<li>Billets d'avion<\/li>\n<li>Transferts depuis et vers l'h\u00f4tel<\/li>\n<li>Guide parlant russe<\/li>\n<li>D\u00e9jeuner<\/li>\n<li>Tous les billets d'entr\u00e9e<\/li>\n<\/ul>\n<p><strong>Emportez-le avec vous :<\/strong><\/p>\n<ul>\n<li>Passeport<\/li>\n<li>Lunettes de soleil<\/li>\n<li>Cr\u00e8me solaire<\/li>\n<li>Cupidon, maillot de bain<\/li>\n<li>Serviette<\/li>\n<\/ul>\n<p><strong>Conditions de r\u00e9servation :<\/strong><\/p>\n<ul>\n<li>Paiement anticip\u00e9 30%<\/li>\n<\/ul>","protected":false},"excerpt":{"rendered":"<p><strong>Temps du Tour:<\/strong> 5:30 &#8212; 19:30<\/p>\n<p><b>Jours de D\u00e9roulement: <\/b>Chaque jour<\/p>","protected":false},"featured_media":19873,"template":"","meta":{"_kad_post_transparent":"default","_kad_post_title":"","_kad_post_layout":"default","_kad_post_sidebar_id":"","_kad_post_content_style":"default","_kad_post_vertical_padding":"default","_kad_post_feature":"","_kad_post_feature_position":"","_kad_post_header":false,"_kad_post_footer":false,"_kad_post_classname":"","_glsr_average":0,"_glsr_ranking":0,"_glsr_reviews":0},"product_brand":[],"product_cat":[469],"product_tag":[],"class_list":{"0":"post-19865","1":"product","2":"type-product","3":"status-publish","4":"has-post-thumbnail","6":"product_cat-tours","7":"tm-has-options","9":"first","10":"instock","11":"sold-individually","12":"taxable","13":"shipping-taxable","14":"purchasable","15":"product-type-simple","16":"entry","17":"content-bg","18":"loop-entry"},"yoast_head":"<!-- This site is optimized with the Yoast SEO plugin v27.3 - https:\/\/yoast.com\/product\/yoast-seo-wordpress\/ -->\n<title>\u041f\u043b\u0430\u0432\u0430\u043d\u0438\u0435 \u0441 \u043a\u0438\u0442\u043e\u0432\u044b\u043c\u0438 \u0430\u043a\u0443\u043b\u0430\u043c\u0438 \u043d\u0430 \u043e\u0441\u0442\u0440\u043e\u0432\u0435 \u041c\u0430\u0444\u0438\u044f (\u043f\u0435\u0440\u0435\u043b\u0451\u0442 \u043d\u0430 \u0441\u0430\u043c\u043e\u043b\u0451\u0442\u0435) &#8226; \u042d\u043a\u0441\u043a\u0443\u0440\u0441\u0438\u0438 Skyline<\/title>\n<meta name=\"robots\" content=\"index, follow, max-snippet:-1, max-image-preview:large, max-video-preview:-1\" \/>\n<link rel=\"canonical\" href=\"http:\/\/skyline-gs.com\/fr\/produit\/swimming-with-whale-sharks-on-mafia-island-by-plane\/\" \/>\n<meta property=\"og:locale\" content=\"fr_FR\" \/>\n<meta property=\"og:type\" content=\"article\" \/>\n<meta property=\"og:title\" content=\"\u041f\u043b\u0430\u0432\u0430\u043d\u0438\u0435 \u0441 \u043a\u0438\u0442\u043e\u0432\u044b\u043c\u0438 \u0430\u043a\u0443\u043b\u0430\u043c\u0438 \u043d\u0430 \u043e\u0441\u0442\u0440\u043e\u0432\u0435 \u041c\u0430\u0444\u0438\u044f (\u043f\u0435\u0440\u0435\u043b\u0451\u0442 \u043d\u0430 \u0441\u0430\u043c\u043e\u043b\u0451\u0442\u0435) &#8226; \u042d\u043a\u0441\u043a\u0443\u0440\u0441\u0438\u0438 Skyline\" \/>\n<meta property=\"og:description\" content=\"\u0412\u0440\u0435\u043c\u044f \u0442\u0443\u0440\u0430: 5:30 - 19:30  \u0414\u043d\u0438 \u043f\u0440\u043e\u0432\u0435\u0434\u0435\u043d\u0438\u044f: \u0435\u0436\u0435\u0434\u043d\u0435\u0432\u043d\u043e\" \/>\n<meta property=\"og:url\" content=\"http:\/\/skyline-gs.com\/fr\/produit\/swimming-with-whale-sharks-on-mafia-island-by-plane\/\" \/>\n<meta property=\"og:site_name\" content=\"\u042d\u043a\u0441\u043a\u0443\u0440\u0441\u0438\u0438 Skyline\" \/>\n<meta property=\"article:modified_time\" content=\"2025-12-16T13:13:36+00:00\" \/>\n<meta property=\"og:image\" content=\"https:\/\/skyline-gs.com\/wp-content\/uploads\/2022\/09\/7-2.png\" \/>\n\t<meta property=\"og:image:width\" content=\"669\" \/>\n\t<meta property=\"og:image:height\" content=\"446\" \/>\n\t<meta property=\"og:image:type\" content=\"image\/png\" \/>\n<meta name=\"twitter:card\" content=\"summary_large_image\" \/>\n<meta name=\"twitter:label1\" content=\"Dur\u00e9e de lecture estim\u00e9e\" \/>\n\t<meta name=\"twitter:data1\" content=\"2 minutes\" \/>\n<script type=\"application\/ld+json\" class=\"yoast-schema-graph\">{\"@context\":\"https:\\\/\\\/schema.org\",\"@graph\":[{\"@type\":\"WebPage\",\"@id\":\"http:\\\/\\\/skyline-gs.com\\\/pl\\\/produkt\\\/swimming-with-whale-sharks-on-mafia-island-by-plane\\\/\",\"url\":\"http:\\\/\\\/skyline-gs.com\\\/pl\\\/produkt\\\/swimming-with-whale-sharks-on-mafia-island-by-plane\\\/\",\"name\":\"\u041f\u043b\u0430\u0432\u0430\u043d\u0438\u0435 \u0441 \u043a\u0438\u0442\u043e\u0432\u044b\u043c\u0438 \u0430\u043a\u0443\u043b\u0430\u043c\u0438 \u043d\u0430 \u043e\u0441\u0442\u0440\u043e\u0432\u0435 \u041c\u0430\u0444\u0438\u044f (\u043f\u0435\u0440\u0435\u043b\u0451\u0442 \u043d\u0430 \u0441\u0430\u043c\u043e\u043b\u0451\u0442\u0435) &#8226; \u042d\u043a\u0441\u043a\u0443\u0440\u0441\u0438\u0438 Skyline\",\"isPartOf\":{\"@id\":\"https:\\\/\\\/skyline-gs.com\\\/it\\\/#website\"},\"primaryImageOfPage\":{\"@id\":\"http:\\\/\\\/skyline-gs.com\\\/pl\\\/produkt\\\/swimming-with-whale-sharks-on-mafia-island-by-plane\\\/#primaryimage\"},\"image\":{\"@id\":\"http:\\\/\\\/skyline-gs.com\\\/pl\\\/produkt\\\/swimming-with-whale-sharks-on-mafia-island-by-plane\\\/#primaryimage\"},\"thumbnailUrl\":\"https:\\\/\\\/skyline-gs.com\\\/wp-content\\\/uploads\\\/2022\\\/09\\\/7-2.png\",\"datePublished\":\"2022-09-23T13:29:49+00:00\",\"dateModified\":\"2025-12-16T13:13:36+00:00\",\"breadcrumb\":{\"@id\":\"http:\\\/\\\/skyline-gs.com\\\/pl\\\/produkt\\\/swimming-with-whale-sharks-on-mafia-island-by-plane\\\/#breadcrumb\"},\"inLanguage\":\"fr-FR\",\"potentialAction\":[{\"@type\":\"ReadAction\",\"target\":[\"http:\\\/\\\/skyline-gs.com\\\/pl\\\/produkt\\\/swimming-with-whale-sharks-on-mafia-island-by-plane\\\/\"]}]},{\"@type\":\"ImageObject\",\"inLanguage\":\"fr-FR\",\"@id\":\"http:\\\/\\\/skyline-gs.com\\\/pl\\\/produkt\\\/swimming-with-whale-sharks-on-mafia-island-by-plane\\\/#primaryimage\",\"url\":\"https:\\\/\\\/skyline-gs.com\\\/wp-content\\\/uploads\\\/2022\\\/09\\\/7-2.png\",\"contentUrl\":\"https:\\\/\\\/skyline-gs.com\\\/wp-content\\\/uploads\\\/2022\\\/09\\\/7-2.png\",\"width\":669,\"height\":446},{\"@type\":\"BreadcrumbList\",\"@id\":\"http:\\\/\\\/skyline-gs.com\\\/pl\\\/produkt\\\/swimming-with-whale-sharks-on-mafia-island-by-plane\\\/#breadcrumb\",\"itemListElement\":[{\"@type\":\"ListItem\",\"position\":1,\"name\":\"\u0413\u043b\u0430\u0432\u043d\u0430\u044f \u0441\u0442\u0440\u0430\u043d\u0438\u0446\u0430\",\"item\":\"https:\\\/\\\/skyline-gs.com\\\/hu\\\/\"},{\"@type\":\"ListItem\",\"position\":2,\"name\":\"\u041c\u0430\u0433\u0430\u0437\u0438\u043d\",\"item\":\"https:\\\/\\\/skyline-gs.com\\\/cs\\\/shop\\\/\"},{\"@type\":\"ListItem\",\"position\":3,\"name\":\"\u041f\u043b\u0430\u0432\u0430\u043d\u0438\u0435 \u0441 \u043a\u0438\u0442\u043e\u0432\u044b\u043c\u0438 \u0430\u043a\u0443\u043b\u0430\u043c\u0438 \u043d\u0430 \u043e\u0441\u0442\u0440\u043e\u0432\u0435 \u041c\u0430\u0444\u0438\u044f (\u043f\u0435\u0440\u0435\u043b\u0451\u0442 \u043d\u0430 \u0441\u0430\u043c\u043e\u043b\u0451\u0442\u0435)\"}]},{\"@type\":\"WebSite\",\"@id\":\"https:\\\/\\\/skyline-gs.com\\\/it\\\/#website\",\"url\":\"https:\\\/\\\/skyline-gs.com\\\/it\\\/\",\"name\":\"\u042d\u043a\u0441\u043a\u0443\u0440\u0441\u0438\u0438 Skyline\",\"description\":\"\u042d\u043a\u0441\u043a\u043b\u044e\u0437\u0438\u0432\u043d\u044b\u0435 \u044d\u043a\u0441\u043a\u0443\u0440\u0441\u0438\u0438 \u043d\u0430 \u043b\u0443\u0447\u0448\u0438\u0445 \u043a\u0443\u0440\u043e\u0440\u0442\u0430\u0445 \u043c\u0438\u0440\u0430\",\"publisher\":{\"@id\":\"https:\\\/\\\/skyline-gs.com\\\/it\\\/#organization\"},\"alternateName\":\"Skyline\",\"potentialAction\":[{\"@type\":\"SearchAction\",\"target\":{\"@type\":\"EntryPoint\",\"urlTemplate\":\"https:\\\/\\\/skyline-gs.com\\\/it\\\/?s={search_term_string}\"},\"query-input\":{\"@type\":\"PropertyValueSpecification\",\"valueRequired\":true,\"valueName\":\"search_term_string\"}}],\"inLanguage\":\"fr-FR\"},{\"@type\":\"Organization\",\"@id\":\"https:\\\/\\\/skyline-gs.com\\\/it\\\/#organization\",\"name\":\"\u042d\u043a\u0441\u043a\u0443\u0440\u0441\u0438\u0438 Skyline\",\"alternateName\":\"\u042d\u043a\u0441\u043a\u0443\u0440\u0441\u0438\u0438 Skyline\",\"url\":\"https:\\\/\\\/skyline-gs.com\\\/it\\\/\",\"logo\":{\"@type\":\"ImageObject\",\"inLanguage\":\"fr-FR\",\"@id\":\"https:\\\/\\\/skyline-gs.com\\\/it\\\/#\\\/schema\\\/logo\\\/image\\\/\",\"url\":\"https:\\\/\\\/skyline-gs.com\\\/wp-content\\\/uploads\\\/2020\\\/12\\\/cropped-logo-2.png\",\"contentUrl\":\"https:\\\/\\\/skyline-gs.com\\\/wp-content\\\/uploads\\\/2020\\\/12\\\/cropped-logo-2.png\",\"width\":512,\"height\":512,\"caption\":\"\u042d\u043a\u0441\u043a\u0443\u0440\u0441\u0438\u0438 Skyline\"},\"image\":{\"@id\":\"https:\\\/\\\/skyline-gs.com\\\/it\\\/#\\\/schema\\\/logo\\\/image\\\/\"},\"sameAs\":[\"https:\\\/\\\/www.instagram.com\\\/skylineglobalservice\\\/\"]}]}<\/script>\n<!-- \/ Yoast SEO plugin. -->","yoast_head_json":{"title":"\u041f\u043b\u0430\u0432\u0430\u043d\u0438\u0435 \u0441 \u043a\u0438\u0442\u043e\u0432\u044b\u043c\u0438 \u0430\u043a\u0443\u043b\u0430\u043c\u0438 \u043d\u0430 \u043e\u0441\u0442\u0440\u043e\u0432\u0435 \u041c\u0430\u0444\u0438\u044f (\u043f\u0435\u0440\u0435\u043b\u0451\u0442 \u043d\u0430 \u0441\u0430\u043c\u043e\u043b\u0451\u0442\u0435) &#8226; \u042d\u043a\u0441\u043a\u0443\u0440\u0441\u0438\u0438 Skyline","robots":{"index":"index","follow":"follow","max-snippet":"max-snippet:-1","max-image-preview":"max-image-preview:large","max-video-preview":"max-video-preview:-1"},"canonical":"http:\/\/skyline-gs.com\/fr\/produit\/swimming-with-whale-sharks-on-mafia-island-by-plane\/","og_locale":"fr_FR","og_type":"article","og_title":"\u041f\u043b\u0430\u0432\u0430\u043d\u0438\u0435 \u0441 \u043a\u0438\u0442\u043e\u0432\u044b\u043c\u0438 \u0430\u043a\u0443\u043b\u0430\u043c\u0438 \u043d\u0430 \u043e\u0441\u0442\u0440\u043e\u0432\u0435 \u041c\u0430\u0444\u0438\u044f (\u043f\u0435\u0440\u0435\u043b\u0451\u0442 \u043d\u0430 \u0441\u0430\u043c\u043e\u043b\u0451\u0442\u0435) &#8226; \u042d\u043a\u0441\u043a\u0443\u0440\u0441\u0438\u0438 Skyline","og_description":"\u0412\u0440\u0435\u043c\u044f \u0442\u0443\u0440\u0430: 5:30 - 19:30  \u0414\u043d\u0438 \u043f\u0440\u043e\u0432\u0435\u0434\u0435\u043d\u0438\u044f: \u0435\u0436\u0435\u0434\u043d\u0435\u0432\u043d\u043e","og_url":"http:\/\/skyline-gs.com\/fr\/produit\/swimming-with-whale-sharks-on-mafia-island-by-plane\/","og_site_name":"\u042d\u043a\u0441\u043a\u0443\u0440\u0441\u0438\u0438 Skyline","article_modified_time":"2025-12-16T13:13:36+00:00","og_image":[{"width":669,"height":446,"url":"https:\/\/skyline-gs.com\/wp-content\/uploads\/2022\/09\/7-2.png","type":"image\/png"}],"twitter_card":"summary_large_image","twitter_misc":{"Dur\u00e9e de lecture estim\u00e9e":"2 minutes"},"schema":{"@context":"https:\/\/schema.org","@graph":[{"@type":"WebPage","@id":"http:\/\/skyline-gs.com\/pl\/produkt\/swimming-with-whale-sharks-on-mafia-island-by-plane\/","url":"http:\/\/skyline-gs.com\/pl\/produkt\/swimming-with-whale-sharks-on-mafia-island-by-plane\/","name":"\u041f\u043b\u0430\u0432\u0430\u043d\u0438\u0435 \u0441 \u043a\u0438\u0442\u043e\u0432\u044b\u043c\u0438 \u0430\u043a\u0443\u043b\u0430\u043c\u0438 \u043d\u0430 \u043e\u0441\u0442\u0440\u043e\u0432\u0435 \u041c\u0430\u0444\u0438\u044f (\u043f\u0435\u0440\u0435\u043b\u0451\u0442 \u043d\u0430 \u0441\u0430\u043c\u043e\u043b\u0451\u0442\u0435) &#8226; \u042d\u043a\u0441\u043a\u0443\u0440\u0441\u0438\u0438 Skyline","isPartOf":{"@id":"https:\/\/skyline-gs.com\/it\/#website"},"primaryImageOfPage":{"@id":"http:\/\/skyline-gs.com\/pl\/produkt\/swimming-with-whale-sharks-on-mafia-island-by-plane\/#primaryimage"},"image":{"@id":"http:\/\/skyline-gs.com\/pl\/produkt\/swimming-with-whale-sharks-on-mafia-island-by-plane\/#primaryimage"},"thumbnailUrl":"https:\/\/skyline-gs.com\/wp-content\/uploads\/2022\/09\/7-2.png","datePublished":"2022-09-23T13:29:49+00:00","dateModified":"2025-12-16T13:13:36+00:00","breadcrumb":{"@id":"http:\/\/skyline-gs.com\/pl\/produkt\/swimming-with-whale-sharks-on-mafia-island-by-plane\/#breadcrumb"},"inLanguage":"fr-FR","potentialAction":[{"@type":"ReadAction","target":["http:\/\/skyline-gs.com\/pl\/produkt\/swimming-with-whale-sharks-on-mafia-island-by-plane\/"]}]},{"@type":"ImageObject","inLanguage":"fr-FR","@id":"http:\/\/skyline-gs.com\/pl\/produkt\/swimming-with-whale-sharks-on-mafia-island-by-plane\/#primaryimage","url":"https:\/\/skyline-gs.com\/wp-content\/uploads\/2022\/09\/7-2.png","contentUrl":"https:\/\/skyline-gs.com\/wp-content\/uploads\/2022\/09\/7-2.png","width":669,"height":446},{"@type":"BreadcrumbList","@id":"http:\/\/skyline-gs.com\/pl\/produkt\/swimming-with-whale-sharks-on-mafia-island-by-plane\/#breadcrumb","itemListElement":[{"@type":"ListItem","position":1,"name":"\u0413\u043b\u0430\u0432\u043d\u0430\u044f \u0441\u0442\u0440\u0430\u043d\u0438\u0446\u0430","item":"https:\/\/skyline-gs.com\/hu\/"},{"@type":"ListItem","position":2,"name":"\u041c\u0430\u0433\u0430\u0437\u0438\u043d","item":"https:\/\/skyline-gs.com\/cs\/shop\/"},{"@type":"ListItem","position":3,"name":"\u041f\u043b\u0430\u0432\u0430\u043d\u0438\u0435 \u0441 \u043a\u0438\u0442\u043e\u0432\u044b\u043c\u0438 \u0430\u043a\u0443\u043b\u0430\u043c\u0438 \u043d\u0430 \u043e\u0441\u0442\u0440\u043e\u0432\u0435 \u041c\u0430\u0444\u0438\u044f (\u043f\u0435\u0440\u0435\u043b\u0451\u0442 \u043d\u0430 \u0441\u0430\u043c\u043e\u043b\u0451\u0442\u0435)"}]},{"@type":"WebSite","@id":"https:\/\/skyline-gs.com\/it\/#website","url":"https:\/\/skyline-gs.com\/it\/","name":"Excursions Skyline","description":"Excursions exclusives dans les meilleurs centres de vill\u00e9giature du monde","publisher":{"@id":"https:\/\/skyline-gs.com\/it\/#organization"},"alternateName":"Skyline","potentialAction":[{"@type":"SearchAction","target":{"@type":"EntryPoint","urlTemplate":"https:\/\/skyline-gs.com\/it\/?s={search_term_string}"},"query-input":{"@type":"PropertyValueSpecification","valueRequired":true,"valueName":"search_term_string"}}],"inLanguage":"fr-FR"},{"@type":"Organization","@id":"https:\/\/skyline-gs.com\/it\/#organization","name":"Excursions Skyline","alternateName":"\u042d\u043a\u0441\u043a\u0443\u0440\u0441\u0438\u0438 Skyline","url":"https:\/\/skyline-gs.com\/it\/","logo":{"@type":"ImageObject","inLanguage":"fr-FR","@id":"https:\/\/skyline-gs.com\/it\/#\/schema\/logo\/image\/","url":"https:\/\/skyline-gs.com\/wp-content\/uploads\/2020\/12\/cropped-logo-2.png","contentUrl":"https:\/\/skyline-gs.com\/wp-content\/uploads\/2020\/12\/cropped-logo-2.png","width":512,"height":512,"caption":"\u042d\u043a\u0441\u043a\u0443\u0440\u0441\u0438\u0438 Skyline"},"image":{"@id":"https:\/\/skyline-gs.com\/it\/#\/schema\/logo\/image\/"},"sameAs":["https:\/\/www.instagram.com\/skylineglobalservice\/"]}]}},"_links":{"self":[{"href":"https:\/\/skyline-gs.com\/fr\/wp-json\/wp\/v2\/product\/19865","targetHints":{"allow":["GET"]}}],"collection":[{"href":"https:\/\/skyline-gs.com\/fr\/wp-json\/wp\/v2\/product"}],"about":[{"href":"https:\/\/skyline-gs.com\/fr\/wp-json\/wp\/v2\/types\/product"}],"version-history":[{"count":0,"href":"https:\/\/skyline-gs.com\/fr\/wp-json\/wp\/v2\/product\/19865\/revisions"}],"wp:featuredmedia":[{"embeddable":true,"href":"https:\/\/skyline-gs.com\/fr\/wp-json\/wp\/v2\/media\/19873"}],"wp:attachment":[{"href":"https:\/\/skyline-gs.com\/fr\/wp-json\/wp\/v2\/media?parent=19865"}],"wp:term":[{"taxonomy":"product_brand","embeddable":true,"href":"https:\/\/skyline-gs.com\/fr\/wp-json\/wp\/v2\/product_brand?post=19865"},{"taxonomy":"product_cat","embeddable":true,"href":"https:\/\/skyline-gs.com\/fr\/wp-json\/wp\/v2\/product_cat?post=19865"},{"taxonomy":"product_tag","embeddable":true,"href":"https:\/\/skyline-gs.com\/fr\/wp-json\/wp\/v2\/product_tag?post=19865"}],"curies":[{"name":"wp","href":"https:\/\/api.w.org\/{rel}","templated":true}]}}