{"id":18200,"date":"2021-01-13T21:06:07","date_gmt":"2021-01-13T18:06:07","guid":{"rendered":"http:\/\/zanzibar.skyline-gs.com\/?post_type=product&amp;p=18200"},"modified":"2021-01-13T21:06:07","modified_gmt":"2021-01-13T18:06:07","slug":"stone-town-historical-tour-and-spice-farm-zanzibar","status":"publish","type":"product","link":"https:\/\/skyline-gs.com\/fr\/product\/stone-town-historical-tour-and-spice-farm-zanzibar\/","title":{"rendered":"Visite historique personnalis\u00e9e de Stone Town, de la ferme aux \u00e9pices et du palais de Maruhubi"},"content":{"rendered":"<p>Le nom de Stone Town (ville de pierre) ne s'applique pas \u00e0 l'ensemble de la ville moderne, mais uniquement \u00e0 sa partie historique ancienne. Son architecture est un m\u00e9lange excentrique de style oriental avec des ajouts europ\u00e9ens et africains, ce qui donne \u00e0 la ville une saveur unique. Stone Town est la porte d'entr\u00e9e de l'\u00eele, le centre historique et la seule v\u00e9ritable ville. Elle compte 200 000 habitants. Autrefois un village de p\u00eacheurs, situ\u00e9 ici, \u00e9tait favoris\u00e9 par les marchands d'esclaves arabes qui exportaient des produits vivants d'Afrique. Au fil du temps, la colonie s'est d\u00e9velopp\u00e9e et des b\u00e2timents en pierre y sont apparus : un fort, des maisons de riches marchands, des mosqu\u00e9es. Puis Zanzibar a \u00e9t\u00e9 colonis\u00e9 par le Portugal et, pendant deux si\u00e8cles, Stone Town s'est d\u00e9velopp\u00e9e sous la direction des Europ\u00e9ens. Mais \u00e0 la fin du XVIIe si\u00e8cle, les Europ\u00e9ens ont commenc\u00e9 \u00e0 \u00e9vincer les Arabes, et le sultanat d'Oman s'est progressivement impos\u00e9 \u00e0 Zanzibar, qui s'est ensuite vu attribuer un territoire distinct - Zanzibar. En 1890, le protectorat britannique a \u00e9t\u00e9 \u00e9tabli sur le territoire, et n'a \u00e9t\u00e9 lev\u00e9 qu'en 1964. C'est \u00e0 cette \u00e9poque que le vieux Zanzibar a commenc\u00e9 \u00e0 \u00eatre appel\u00e9 Stone Town (ville de pierre), car contrairement aux villages locaux, il comptait de nombreux b\u00e2timents en pierre.<\/p>\n<p>Le programme de la visite commence \u00e0 8h00 avec le d\u00e9part de l'h\u00f4tel \u00e0 Stone Town. Visite de Stone Town et d\u00e9couverte du monument aux esclaves, de la place du commerce des esclaves, de la maison de Freddie Mercury, de l'\u00e9glise anglicane, du march\u00e9 de nuit, de la maison des merveilles et de bien d'autres choses encore. D\u00e9jeuner et poursuite de la visite. Visite des ruines du palais de Maruhubi. Ensuite, vous visiterez les jardins d'\u00e9pices. D\u00e9gustation de fruits et possibilit\u00e9 d'acheter une vari\u00e9t\u00e9 d'\u00e9pices fra\u00eeches. Vers 17h00, retour \u00e0 l'h\u00f4tel.<\/p>\n<p><strong>Ce qui est inclus :<\/strong><\/p>\n<ul>\n<li>Transfert depuis et vers l'h\u00f4tel<\/li>\n<li>Guide parlant russe<\/li>\n<li>D\u00e9jeuner<\/li>\n<li>Un billet pour la cath\u00e9drale anglicane<\/li>\n<li>Un billet pour les ruines de Maruhubi<\/li>\n<li>D\u00e9gustation de fruits<\/li>\n<\/ul>\n<p><strong>A payer s\u00e9par\u00e9ment (facultatif) :<\/strong><\/p>\n<ul>\n<li>L'entr\u00e9e de la maison de Freddie Mercury est 10$.<\/li>\n<\/ul>","protected":false},"excerpt":{"rendered":"<p><strong>Temps du Tour:\u00a0<\/strong>8:00 - 17:00<\/p>\n<p><strong>Jours de D\u00e9roulement:\u00a0<\/strong>Chaque jour<\/p>","protected":false},"featured_media":18248,"template":"","meta":{"_kad_post_transparent":"default","_kad_post_title":"","_kad_post_layout":"default","_kad_post_sidebar_id":"","_kad_post_content_style":"default","_kad_post_vertical_padding":"default","_kad_post_feature":"","_kad_post_feature_position":"","_kad_post_header":false,"_kad_post_footer":false,"_kad_post_classname":"","_glsr_average":0,"_glsr_ranking":0,"_glsr_reviews":0},"product_brand":[],"product_cat":[470],"product_tag":[],"class_list":{"0":"post-18200","1":"product","2":"type-product","3":"status-publish","4":"has-post-thumbnail","6":"product_cat-individual","7":"tm-has-options","9":"first","10":"instock","11":"sold-individually","12":"taxable","13":"shipping-taxable","14":"purchasable","15":"product-type-simple","16":"entry","17":"content-bg","18":"loop-entry"},"yoast_head":"<!-- This site is optimized with the Yoast SEO plugin v27.3 - https:\/\/yoast.com\/product\/yoast-seo-wordpress\/ -->\n<title>\u0418\u043d\u0434\u0438\u0432\u0438\u0434\u0443\u0430\u043b\u044c\u043d\u044b\u0439 \u0438\u0441\u0442\u043e\u0440\u0438\u0447\u0435\u0441\u043a\u0438\u0439 \u0442\u0443\u0440 \u0432 \u0421\u0442\u043e\u0443\u043d \u0422\u0430\u0443\u043d, \u0444\u0435\u0440\u043c\u0430 \u0441\u043f\u0435\u0446\u0438\u0439 \u0438 \u0434\u0432\u043e\u0440\u0435\u0446 \u041c\u0430\u0440\u0443\u0445\u0443\u0431\u0438 &#8226; \u042d\u043a\u0441\u043a\u0443\u0440\u0441\u0438\u0438 Skyline<\/title>\n<meta name=\"robots\" content=\"index, follow, max-snippet:-1, max-image-preview:large, max-video-preview:-1\" \/>\n<link rel=\"canonical\" href=\"https:\/\/skyline-gs.com\/fr\/produit\/stone-town-historical-tour-and-spice-farm-zanzibar\/\" \/>\n<meta property=\"og:locale\" content=\"fr_FR\" \/>\n<meta property=\"og:type\" content=\"article\" \/>\n<meta property=\"og:title\" content=\"\u0418\u043d\u0434\u0438\u0432\u0438\u0434\u0443\u0430\u043b\u044c\u043d\u044b\u0439 \u0438\u0441\u0442\u043e\u0440\u0438\u0447\u0435\u0441\u043a\u0438\u0439 \u0442\u0443\u0440 \u0432 \u0421\u0442\u043e\u0443\u043d \u0422\u0430\u0443\u043d, \u0444\u0435\u0440\u043c\u0430 \u0441\u043f\u0435\u0446\u0438\u0439 \u0438 \u0434\u0432\u043e\u0440\u0435\u0446 \u041c\u0430\u0440\u0443\u0445\u0443\u0431\u0438 &#8226; \u042d\u043a\u0441\u043a\u0443\u0440\u0441\u0438\u0438 Skyline\" \/>\n<meta property=\"og:description\" content=\"\u0412\u0440\u0435\u043c\u044f \u0442\u0443\u0440\u0430:\u00a08:00 \u2014 17:00 \u0414\u043d\u0438 \u043f\u0440\u043e\u0432\u0435\u0434\u0435\u043d\u0438\u044f:\u00a0\u0435\u0436\u0435\u0434\u043d\u0435\u0432\u043d\u043e\" \/>\n<meta property=\"og:url\" content=\"https:\/\/skyline-gs.com\/fr\/produit\/stone-town-historical-tour-and-spice-farm-zanzibar\/\" \/>\n<meta property=\"og:site_name\" content=\"\u042d\u043a\u0441\u043a\u0443\u0440\u0441\u0438\u0438 Skyline\" \/>\n<meta property=\"og:image\" content=\"https:\/\/skyline-gs.com\/wp-content\/uploads\/2021\/01\/Stoun-taun-2-of-16-1.jpg\" \/>\n\t<meta property=\"og:image:width\" content=\"900\" \/>\n\t<meta property=\"og:image:height\" content=\"600\" \/>\n\t<meta property=\"og:image:type\" content=\"image\/jpeg\" \/>\n<meta name=\"twitter:card\" content=\"summary_large_image\" \/>\n<meta name=\"twitter:label1\" content=\"Dur\u00e9e de lecture estim\u00e9e\" \/>\n\t<meta name=\"twitter:data1\" content=\"2 minutes\" \/>\n<script type=\"application\/ld+json\" class=\"yoast-schema-graph\">{\"@context\":\"https:\\\/\\\/schema.org\",\"@graph\":[{\"@type\":\"WebPage\",\"@id\":\"https:\\\/\\\/skyline-gs.com\\\/de\\\/produkt\\\/stone-town-historical-tour-and-spice-farm-zanzibar\\\/\",\"url\":\"https:\\\/\\\/skyline-gs.com\\\/de\\\/produkt\\\/stone-town-historical-tour-and-spice-farm-zanzibar\\\/\",\"name\":\"\u0418\u043d\u0434\u0438\u0432\u0438\u0434\u0443\u0430\u043b\u044c\u043d\u044b\u0439 \u0438\u0441\u0442\u043e\u0440\u0438\u0447\u0435\u0441\u043a\u0438\u0439 \u0442\u0443\u0440 \u0432 \u0421\u0442\u043e\u0443\u043d \u0422\u0430\u0443\u043d, \u0444\u0435\u0440\u043c\u0430 \u0441\u043f\u0435\u0446\u0438\u0439 \u0438 \u0434\u0432\u043e\u0440\u0435\u0446 \u041c\u0430\u0440\u0443\u0445\u0443\u0431\u0438 &#8226; \u042d\u043a\u0441\u043a\u0443\u0440\u0441\u0438\u0438 Skyline\",\"isPartOf\":{\"@id\":\"https:\\\/\\\/skyline-gs.com\\\/it\\\/#website\"},\"primaryImageOfPage\":{\"@id\":\"https:\\\/\\\/skyline-gs.com\\\/de\\\/produkt\\\/stone-town-historical-tour-and-spice-farm-zanzibar\\\/#primaryimage\"},\"image\":{\"@id\":\"https:\\\/\\\/skyline-gs.com\\\/de\\\/produkt\\\/stone-town-historical-tour-and-spice-farm-zanzibar\\\/#primaryimage\"},\"thumbnailUrl\":\"https:\\\/\\\/skyline-gs.com\\\/wp-content\\\/uploads\\\/2021\\\/01\\\/Stoun-taun-2-of-16-1.jpg\",\"datePublished\":\"2021-01-13T18:06:07+00:00\",\"breadcrumb\":{\"@id\":\"https:\\\/\\\/skyline-gs.com\\\/de\\\/produkt\\\/stone-town-historical-tour-and-spice-farm-zanzibar\\\/#breadcrumb\"},\"inLanguage\":\"fr-FR\",\"potentialAction\":[{\"@type\":\"ReadAction\",\"target\":[\"https:\\\/\\\/skyline-gs.com\\\/de\\\/produkt\\\/stone-town-historical-tour-and-spice-farm-zanzibar\\\/\"]}]},{\"@type\":\"ImageObject\",\"inLanguage\":\"fr-FR\",\"@id\":\"https:\\\/\\\/skyline-gs.com\\\/de\\\/produkt\\\/stone-town-historical-tour-and-spice-farm-zanzibar\\\/#primaryimage\",\"url\":\"https:\\\/\\\/skyline-gs.com\\\/wp-content\\\/uploads\\\/2021\\\/01\\\/Stoun-taun-2-of-16-1.jpg\",\"contentUrl\":\"https:\\\/\\\/skyline-gs.com\\\/wp-content\\\/uploads\\\/2021\\\/01\\\/Stoun-taun-2-of-16-1.jpg\",\"width\":900,\"height\":600},{\"@type\":\"BreadcrumbList\",\"@id\":\"https:\\\/\\\/skyline-gs.com\\\/de\\\/produkt\\\/stone-town-historical-tour-and-spice-farm-zanzibar\\\/#breadcrumb\",\"itemListElement\":[{\"@type\":\"ListItem\",\"position\":1,\"name\":\"\u0413\u043b\u0430\u0432\u043d\u0430\u044f \u0441\u0442\u0440\u0430\u043d\u0438\u0446\u0430\",\"item\":\"https:\\\/\\\/skyline-gs.com\\\/hu\\\/\"},{\"@type\":\"ListItem\",\"position\":2,\"name\":\"\u041c\u0430\u0433\u0430\u0437\u0438\u043d\",\"item\":\"https:\\\/\\\/skyline-gs.com\\\/cs\\\/shop\\\/\"},{\"@type\":\"ListItem\",\"position\":3,\"name\":\"\u0418\u043d\u0434\u0438\u0432\u0438\u0434\u0443\u0430\u043b\u044c\u043d\u044b\u0439 \u0438\u0441\u0442\u043e\u0440\u0438\u0447\u0435\u0441\u043a\u0438\u0439 \u0442\u0443\u0440 \u0432 \u0421\u0442\u043e\u0443\u043d \u0422\u0430\u0443\u043d, \u0444\u0435\u0440\u043c\u0430 \u0441\u043f\u0435\u0446\u0438\u0439 \u0438 \u0434\u0432\u043e\u0440\u0435\u0446 \u041c\u0430\u0440\u0443\u0445\u0443\u0431\u0438\"}]},{\"@type\":\"WebSite\",\"@id\":\"https:\\\/\\\/skyline-gs.com\\\/it\\\/#website\",\"url\":\"https:\\\/\\\/skyline-gs.com\\\/it\\\/\",\"name\":\"\u042d\u043a\u0441\u043a\u0443\u0440\u0441\u0438\u0438 Skyline\",\"description\":\"\u042d\u043a\u0441\u043a\u043b\u044e\u0437\u0438\u0432\u043d\u044b\u0435 \u044d\u043a\u0441\u043a\u0443\u0440\u0441\u0438\u0438 \u043d\u0430 \u043b\u0443\u0447\u0448\u0438\u0445 \u043a\u0443\u0440\u043e\u0440\u0442\u0430\u0445 \u043c\u0438\u0440\u0430\",\"publisher\":{\"@id\":\"https:\\\/\\\/skyline-gs.com\\\/it\\\/#organization\"},\"alternateName\":\"Skyline\",\"potentialAction\":[{\"@type\":\"SearchAction\",\"target\":{\"@type\":\"EntryPoint\",\"urlTemplate\":\"https:\\\/\\\/skyline-gs.com\\\/it\\\/?s={search_term_string}\"},\"query-input\":{\"@type\":\"PropertyValueSpecification\",\"valueRequired\":true,\"valueName\":\"search_term_string\"}}],\"inLanguage\":\"fr-FR\"},{\"@type\":\"Organization\",\"@id\":\"https:\\\/\\\/skyline-gs.com\\\/it\\\/#organization\",\"name\":\"\u042d\u043a\u0441\u043a\u0443\u0440\u0441\u0438\u0438 Skyline\",\"alternateName\":\"\u042d\u043a\u0441\u043a\u0443\u0440\u0441\u0438\u0438 Skyline\",\"url\":\"https:\\\/\\\/skyline-gs.com\\\/it\\\/\",\"logo\":{\"@type\":\"ImageObject\",\"inLanguage\":\"fr-FR\",\"@id\":\"https:\\\/\\\/skyline-gs.com\\\/it\\\/#\\\/schema\\\/logo\\\/image\\\/\",\"url\":\"https:\\\/\\\/skyline-gs.com\\\/wp-content\\\/uploads\\\/2020\\\/12\\\/cropped-logo-2.png\",\"contentUrl\":\"https:\\\/\\\/skyline-gs.com\\\/wp-content\\\/uploads\\\/2020\\\/12\\\/cropped-logo-2.png\",\"width\":512,\"height\":512,\"caption\":\"\u042d\u043a\u0441\u043a\u0443\u0440\u0441\u0438\u0438 Skyline\"},\"image\":{\"@id\":\"https:\\\/\\\/skyline-gs.com\\\/it\\\/#\\\/schema\\\/logo\\\/image\\\/\"},\"sameAs\":[\"https:\\\/\\\/www.instagram.com\\\/skylineglobalservice\\\/\"]}]}<\/script>\n<!-- \/ Yoast SEO plugin. -->","yoast_head_json":{"title":"\u0418\u043d\u0434\u0438\u0432\u0438\u0434\u0443\u0430\u043b\u044c\u043d\u044b\u0439 \u0438\u0441\u0442\u043e\u0440\u0438\u0447\u0435\u0441\u043a\u0438\u0439 \u0442\u0443\u0440 \u0432 \u0421\u0442\u043e\u0443\u043d \u0422\u0430\u0443\u043d, \u0444\u0435\u0440\u043c\u0430 \u0441\u043f\u0435\u0446\u0438\u0439 \u0438 \u0434\u0432\u043e\u0440\u0435\u0446 \u041c\u0430\u0440\u0443\u0445\u0443\u0431\u0438 &#8226; \u042d\u043a\u0441\u043a\u0443\u0440\u0441\u0438\u0438 Skyline","robots":{"index":"index","follow":"follow","max-snippet":"max-snippet:-1","max-image-preview":"max-image-preview:large","max-video-preview":"max-video-preview:-1"},"canonical":"https:\/\/skyline-gs.com\/fr\/produit\/stone-town-historical-tour-and-spice-farm-zanzibar\/","og_locale":"fr_FR","og_type":"article","og_title":"\u0418\u043d\u0434\u0438\u0432\u0438\u0434\u0443\u0430\u043b\u044c\u043d\u044b\u0439 \u0438\u0441\u0442\u043e\u0440\u0438\u0447\u0435\u0441\u043a\u0438\u0439 \u0442\u0443\u0440 \u0432 \u0421\u0442\u043e\u0443\u043d \u0422\u0430\u0443\u043d, \u0444\u0435\u0440\u043c\u0430 \u0441\u043f\u0435\u0446\u0438\u0439 \u0438 \u0434\u0432\u043e\u0440\u0435\u0446 \u041c\u0430\u0440\u0443\u0445\u0443\u0431\u0438 &#8226; \u042d\u043a\u0441\u043a\u0443\u0440\u0441\u0438\u0438 Skyline","og_description":"\u0412\u0440\u0435\u043c\u044f \u0442\u0443\u0440\u0430:\u00a08:00 \u2014 17:00 \u0414\u043d\u0438 \u043f\u0440\u043e\u0432\u0435\u0434\u0435\u043d\u0438\u044f:\u00a0\u0435\u0436\u0435\u0434\u043d\u0435\u0432\u043d\u043e","og_url":"https:\/\/skyline-gs.com\/fr\/produit\/stone-town-historical-tour-and-spice-farm-zanzibar\/","og_site_name":"\u042d\u043a\u0441\u043a\u0443\u0440\u0441\u0438\u0438 Skyline","og_image":[{"width":900,"height":600,"url":"https:\/\/skyline-gs.com\/wp-content\/uploads\/2021\/01\/Stoun-taun-2-of-16-1.jpg","type":"image\/jpeg"}],"twitter_card":"summary_large_image","twitter_misc":{"Dur\u00e9e de lecture estim\u00e9e":"2 minutes"},"schema":{"@context":"https:\/\/schema.org","@graph":[{"@type":"WebPage","@id":"https:\/\/skyline-gs.com\/de\/produkt\/stone-town-historical-tour-and-spice-farm-zanzibar\/","url":"https:\/\/skyline-gs.com\/de\/produkt\/stone-town-historical-tour-and-spice-farm-zanzibar\/","name":"\u0418\u043d\u0434\u0438\u0432\u0438\u0434\u0443\u0430\u043b\u044c\u043d\u044b\u0439 \u0438\u0441\u0442\u043e\u0440\u0438\u0447\u0435\u0441\u043a\u0438\u0439 \u0442\u0443\u0440 \u0432 \u0421\u0442\u043e\u0443\u043d \u0422\u0430\u0443\u043d, \u0444\u0435\u0440\u043c\u0430 \u0441\u043f\u0435\u0446\u0438\u0439 \u0438 \u0434\u0432\u043e\u0440\u0435\u0446 \u041c\u0430\u0440\u0443\u0445\u0443\u0431\u0438 &#8226; \u042d\u043a\u0441\u043a\u0443\u0440\u0441\u0438\u0438 Skyline","isPartOf":{"@id":"https:\/\/skyline-gs.com\/it\/#website"},"primaryImageOfPage":{"@id":"https:\/\/skyline-gs.com\/de\/produkt\/stone-town-historical-tour-and-spice-farm-zanzibar\/#primaryimage"},"image":{"@id":"https:\/\/skyline-gs.com\/de\/produkt\/stone-town-historical-tour-and-spice-farm-zanzibar\/#primaryimage"},"thumbnailUrl":"https:\/\/skyline-gs.com\/wp-content\/uploads\/2021\/01\/Stoun-taun-2-of-16-1.jpg","datePublished":"2021-01-13T18:06:07+00:00","breadcrumb":{"@id":"https:\/\/skyline-gs.com\/de\/produkt\/stone-town-historical-tour-and-spice-farm-zanzibar\/#breadcrumb"},"inLanguage":"fr-FR","potentialAction":[{"@type":"ReadAction","target":["https:\/\/skyline-gs.com\/de\/produkt\/stone-town-historical-tour-and-spice-farm-zanzibar\/"]}]},{"@type":"ImageObject","inLanguage":"fr-FR","@id":"https:\/\/skyline-gs.com\/de\/produkt\/stone-town-historical-tour-and-spice-farm-zanzibar\/#primaryimage","url":"https:\/\/skyline-gs.com\/wp-content\/uploads\/2021\/01\/Stoun-taun-2-of-16-1.jpg","contentUrl":"https:\/\/skyline-gs.com\/wp-content\/uploads\/2021\/01\/Stoun-taun-2-of-16-1.jpg","width":900,"height":600},{"@type":"BreadcrumbList","@id":"https:\/\/skyline-gs.com\/de\/produkt\/stone-town-historical-tour-and-spice-farm-zanzibar\/#breadcrumb","itemListElement":[{"@type":"ListItem","position":1,"name":"\u0413\u043b\u0430\u0432\u043d\u0430\u044f \u0441\u0442\u0440\u0430\u043d\u0438\u0446\u0430","item":"https:\/\/skyline-gs.com\/hu\/"},{"@type":"ListItem","position":2,"name":"\u041c\u0430\u0433\u0430\u0437\u0438\u043d","item":"https:\/\/skyline-gs.com\/cs\/shop\/"},{"@type":"ListItem","position":3,"name":"\u0418\u043d\u0434\u0438\u0432\u0438\u0434\u0443\u0430\u043b\u044c\u043d\u044b\u0439 \u0438\u0441\u0442\u043e\u0440\u0438\u0447\u0435\u0441\u043a\u0438\u0439 \u0442\u0443\u0440 \u0432 \u0421\u0442\u043e\u0443\u043d \u0422\u0430\u0443\u043d, \u0444\u0435\u0440\u043c\u0430 \u0441\u043f\u0435\u0446\u0438\u0439 \u0438 \u0434\u0432\u043e\u0440\u0435\u0446 \u041c\u0430\u0440\u0443\u0445\u0443\u0431\u0438"}]},{"@type":"WebSite","@id":"https:\/\/skyline-gs.com\/it\/#website","url":"https:\/\/skyline-gs.com\/it\/","name":"Excursions Skyline","description":"Excursions exclusives dans les meilleurs centres de vill\u00e9giature du monde","publisher":{"@id":"https:\/\/skyline-gs.com\/it\/#organization"},"alternateName":"Skyline","potentialAction":[{"@type":"SearchAction","target":{"@type":"EntryPoint","urlTemplate":"https:\/\/skyline-gs.com\/it\/?s={search_term_string}"},"query-input":{"@type":"PropertyValueSpecification","valueRequired":true,"valueName":"search_term_string"}}],"inLanguage":"fr-FR"},{"@type":"Organization","@id":"https:\/\/skyline-gs.com\/it\/#organization","name":"Excursions Skyline","alternateName":"\u042d\u043a\u0441\u043a\u0443\u0440\u0441\u0438\u0438 Skyline","url":"https:\/\/skyline-gs.com\/it\/","logo":{"@type":"ImageObject","inLanguage":"fr-FR","@id":"https:\/\/skyline-gs.com\/it\/#\/schema\/logo\/image\/","url":"https:\/\/skyline-gs.com\/wp-content\/uploads\/2020\/12\/cropped-logo-2.png","contentUrl":"https:\/\/skyline-gs.com\/wp-content\/uploads\/2020\/12\/cropped-logo-2.png","width":512,"height":512,"caption":"\u042d\u043a\u0441\u043a\u0443\u0440\u0441\u0438\u0438 Skyline"},"image":{"@id":"https:\/\/skyline-gs.com\/it\/#\/schema\/logo\/image\/"},"sameAs":["https:\/\/www.instagram.com\/skylineglobalservice\/"]}]}},"_links":{"self":[{"href":"https:\/\/skyline-gs.com\/fr\/wp-json\/wp\/v2\/product\/18200","targetHints":{"allow":["GET"]}}],"collection":[{"href":"https:\/\/skyline-gs.com\/fr\/wp-json\/wp\/v2\/product"}],"about":[{"href":"https:\/\/skyline-gs.com\/fr\/wp-json\/wp\/v2\/types\/product"}],"version-history":[{"count":0,"href":"https:\/\/skyline-gs.com\/fr\/wp-json\/wp\/v2\/product\/18200\/revisions"}],"wp:featuredmedia":[{"embeddable":true,"href":"https:\/\/skyline-gs.com\/fr\/wp-json\/wp\/v2\/media\/18248"}],"wp:attachment":[{"href":"https:\/\/skyline-gs.com\/fr\/wp-json\/wp\/v2\/media?parent=18200"}],"wp:term":[{"taxonomy":"product_brand","embeddable":true,"href":"https:\/\/skyline-gs.com\/fr\/wp-json\/wp\/v2\/product_brand?post=18200"},{"taxonomy":"product_cat","embeddable":true,"href":"https:\/\/skyline-gs.com\/fr\/wp-json\/wp\/v2\/product_cat?post=18200"},{"taxonomy":"product_tag","embeddable":true,"href":"https:\/\/skyline-gs.com\/fr\/wp-json\/wp\/v2\/product_tag?post=18200"}],"curies":[{"name":"wp","href":"https:\/\/api.w.org\/{rel}","templated":true}]}}