{"id":18044,"date":"2021-01-05T12:19:04","date_gmt":"2021-01-05T09:19:04","guid":{"rendered":"http:\/\/zanzibar.skyline-gs.com\/?post_type=product&#038;p=18044"},"modified":"2026-03-12T17:51:23","modified_gmt":"2026-03-12T15:51:23","slug":"v-kratere-vulkana-i-kilimandzharo","status":"publish","type":"product","link":"https:\/\/skyline-gs.com\/fr\/product\/v-kratere-vulkana-i-kilimandzharo\/","title":{"rendered":"Tarangire, Ngorongoro, Kilimandjaro et tribu Chaga (3 jours)"},"content":{"rendered":"<p>Vous r\u00eavez de toucher la nature sauvage, de voir les sites les plus embl\u00e9matiques de la Tanzanie et de d\u00e9couvrir la culture des anciennes tribus ? Ce circuit est votre choix id\u00e9al ! En trois jours, vous d\u00e9couvrirez la diversit\u00e9 des paysages africains, des savanes aux for\u00eats de montagne, vous verrez des animaux rares dans leur habitat naturel et vous d\u00e9couvrirez les traditions Maasai et Chaga.<\/p>\n<ul>\n<li><strong>Diversit\u00e9 des exp\u00e9riences<\/strong>Les principaux tr\u00e9sors naturels de la Tanzanie : des immenses troupeaux d'\u00e9l\u00e9phants de Tarangire aux flamants roses du crat\u00e8re du Ngorongoro.<\/li>\n<li><strong>Immersion culturelle<\/strong>L'interaction en direct avec les tribus Maasai et Chaga vous permettra de vivre une exp\u00e9rience unique que l'on ne retrouve pas dans les circuits conventionnels.<\/li>\n<li><strong>L'\u00e9quilibre parfait entre d\u00e9tente et aventure<\/strong>Le programme comprend des safaris et une randonn\u00e9e facile le long des pistes vertes du Kilimandjaro, avec vue sur les chutes de Materuni.<\/li>\n<li><strong>Confort et organisation<\/strong>Tous les vols, transferts, repas et h\u00e9bergements sont inclus. Il ne vous reste plus qu'\u00e0 profiter de votre voyage.<\/li>\n<\/ul>\n<h4><strong>Jour 1 : Parc national du Tarangir\u00e9 et village masa\u00ef<\/strong><\/h4>\n<p>5h00 : d\u00e9part de l'h\u00f4tel et d\u00e9but de l'aventure avec un vol pour la Tanzanie continentale. Le premier point du programme est le parc national de Tarangire, c\u00e9l\u00e8bre pour ses troupeaux d'\u00e9l\u00e9phants et ses magnifiques baobabs. Vous y verrez des girafes, des lions, des antilopes et d'autres animaux dans leur environnement naturel.<\/p>\n<p>Dans l'apr\u00e8s-midi, vous d\u00e9gusterez un pique-nique, apr\u00e8s quoi le safari se poursuivra dans la soir\u00e9e. Terminez la journ\u00e9e par la visite d'un village masa\u00ef o\u00f9 vous d\u00e9couvrirez les traditions anciennes, les rituels et la vie de ce peuple \u00e9tonnant. Une nuit \u00e0 l'h\u00f4tel vous permettra de vous reposer confortablement.<\/p>\n<h4><strong>Jour 2 : Crat\u00e8re du Ngorongoro<\/strong><\/h4>\n<p>Le deuxi\u00e8me jour, vous vous rendrez dans une r\u00e9serve unique : le crat\u00e8re du Ngorongoro, souvent appel\u00e9 la \"huiti\u00e8me merveille du monde\". Vous vous retrouverez dans un v\u00e9ritable paradis pour les amoureux de la vie sauvage. Rhinoc\u00e9ros noirs, hippopotames, lions, gu\u00e9pards, hy\u00e8nes et vol\u00e9es de flamants roses : vous verrez tout cela au m\u00eame endroit.<\/p>\n<p>Le d\u00e9jeuner se d\u00e9roulera dans un d\u00e9cor de paysages \u00e9poustouflants et la soir\u00e9e se terminera par un transfert vers la ville de Moshi, o\u00f9 vous passerez la nuit dans un h\u00f4tel confortable.<\/p>\n<h4><strong>Jour 3 : Kilimandjaro et culture Chaga<\/strong><\/h4>\n<p>Commencez la journ\u00e9e avec des vues \u00e0 couper le souffle sur le Kilimandjaro, la plus haute montagne d'Afrique. Dans la matin\u00e9e, vous profiterez d'une randonn\u00e9e facile \u00e0 travers les for\u00eats vertes du premier \u00e9tage de la montagne. Vous profiterez de l'air pur, apprendrez \u00e0 conna\u00eetre la flore et la faune locales et visiterez la cascade de Materuni, un v\u00e9ritable tr\u00e9sor naturel.<\/p>\n<p>Apr\u00e8s la marche, vous vous rendrez dans les plantations de caf\u00e9, o\u00f9 vous apprendrez les secrets de la production de caf\u00e9 et go\u00fbterez le meilleur caf\u00e9 frais. La derni\u00e8re partie de la journ\u00e9e sera une introduction \u00e0 la cuisine de la tribu Chaga - vous go\u00fbterez des plats traditionnels cr\u00e9\u00e9s selon des recettes anciennes.<\/p>\n<p>Un vol de retour vers Zanzibar vous attend dans la soir\u00e9e.<\/p>\n<p><strong>Inclus :<\/strong><\/p>\n<ul>\n<li>Vol Zanzibar-Arusha-Zanzibar<\/li>\n<li>Tous les transferts en route<\/li>\n<li>Accueil du groupe \u00e0 l'a\u00e9roport<\/li>\n<li>H\u00e9bergement dans des h\u00f4tels et des lodges selon le programme.<\/li>\n<li>Trois repas par jour pendant le safari<\/li>\n<li>Boire de l'eau en bouteille et des boissons non alcoolis\u00e9es tout au long de l'excursion<\/li>\n<li>Trousse m\u00e9dicale<\/li>\n<li>Accompagn\u00e9 d'un guide qualifi\u00e9<\/li>\n<li>Safari et excursions selon le programme en jeep safari 4*4 \u00e0 quatre roues motrices<\/li>\n<li>Ascension du premier \u00e9tage du Kilimandjaro<\/li>\n<li>Droits d'entr\u00e9e dans les parcs nationaux<\/li>\n<\/ul>\n<p><strong>\u00c0 emporter :<\/strong><\/p>\n<ul>\n<li>Passeport. M\u00eame si Zanzibar fait partie de la Tanzanie, nous passons tous par le contr\u00f4le des passeports \u00e0 l'a\u00e9roport<\/li>\n<li>Chaussures et v\u00eatements confortables. \u041b<span class=\"fontstyle0\">pantalon l\u00e9ger, chemise \u00e0 manches longues, T-shirt, effets personnels (jusqu'\u00e0 5 kg)<\/span><\/li>\n<li>Une veste, en cas de pluie ou de soir\u00e9es fra\u00eeches<\/li>\n<li>Mat\u00e9riel photo-vid\u00e9o. Chargez vos appareils suffisamment \u00e0 l'avance<\/li>\n<li>Changez votre argent en petites coupures. Ils sont utiles pour les souvenirs et pour donner un pourboire aux gardes forestiers. Pourboire recommand\u00e9 5$ par personne<\/li>\n<li>Collation matinale (expliquez \u00e0 la r\u00e9ception de l'h\u00f4tel que vous partez t\u00f4t le matin pour une excursion et que vous avez besoin de pr\u00e9parer une bo\u00eete \u00e0 lunch, les h\u00f4tels fourniront ce service gratuitement).<\/li>\n<li><span class=\"fontstyle0\">Lunettes de soleil et panama, cr\u00e8me solaire<\/span><\/li>\n<li><span class=\"fontstyle0\">Produits d'hygi\u00e8ne personnelle, trousse de premiers secours<\/span><\/li>\n<li><span class=\"fontstyle0\">Gel d\u00e9sinfectant pour les mains<\/span><\/li>\n<\/ul>\n<p><strong>Conditions de r\u00e9servation :<\/strong><\/p>\n<ul>\n<li>\u041f\u0440\u0435\u0434\u043e\u043f\u043b\u0430\u0442\u0430 30% (\u043f\u0440\u0435\u0434\u043e\u043f\u043b\u0430\u0442\u0430 \u043f\u0440\u0438\u043d\u0438\u043c\u0430\u0435\u0442\u0441\u044f \u043d\u0430\u043b\u0438\u0447\u043d\u044b\u043c\u0438 \u0438\u043b\u0438 \u043d\u0430 \u0431\u0430\u043d\u043a\u043e\u0432\u0441\u043a\u0443\u044e \u043a\u0430\u0440\u0442\u0443). <strong>Le paiement anticip\u00e9 n'est pas remboursable.<\/strong><\/li>\n<\/ul>","protected":false},"excerpt":{"rendered":"<p><strong>Temps du Tour:<\/strong> 3 jours<\/p>\n<p><strong>Jours de D\u00e9roulement:<\/strong> Chaque jour<\/p>","protected":false},"featured_media":18045,"template":"","meta":{"_kad_post_transparent":"default","_kad_post_title":"","_kad_post_layout":"default","_kad_post_sidebar_id":"","_kad_post_content_style":"default","_kad_post_vertical_padding":"default","_kad_post_feature":"","_kad_post_feature_position":"","_kad_post_header":false,"_kad_post_footer":false,"_kad_post_classname":"","_glsr_average":0,"_glsr_ranking":0,"_glsr_reviews":0},"product_brand":[],"product_cat":[468,469],"product_tag":[],"class_list":{"0":"post-18044","1":"product","2":"type-product","3":"status-publish","4":"has-post-thumbnail","6":"product_cat-zanzibar-safari","7":"product_cat-tours","8":"tm-has-options","10":"first","11":"instock","12":"sold-individually","13":"taxable","14":"shipping-taxable","15":"purchasable","16":"product-type-simple","17":"entry","18":"content-bg","19":"loop-entry"},"yoast_head":"<!-- This site is optimized with the Yoast SEO plugin v27.4 - https:\/\/yoast.com\/product\/yoast-seo-wordpress\/ -->\n<title>\u0422\u0430\u0440\u0430\u043d\u0433\u0438\u0440\u0435, \u041d\u0433\u043e\u0440\u043e\u043d\u0433\u043e\u0440\u043e, \u041a\u0438\u043b\u0438\u043c\u0430\u043d\u0434\u0436\u0430\u0440\u043e \u0438 \u043f\u043b\u0435\u043c\u044f \u0427\u0430\u0433\u0430 (3 \u0434\u043d\u044f) &#8226; \u042d\u043a\u0441\u043a\u0443\u0440\u0441\u0438\u0438 Skyline<\/title>\n<meta name=\"robots\" content=\"index, follow, max-snippet:-1, max-image-preview:large, max-video-preview:-1\" \/>\n<link rel=\"canonical\" href=\"https:\/\/skyline-gs.com\/fr\/produit\/v-kratere-vulkana-i-kilimandzharo\/\" \/>\n<meta property=\"og:locale\" content=\"fr_FR\" \/>\n<meta property=\"og:type\" content=\"article\" \/>\n<meta property=\"og:title\" content=\"\u0422\u0430\u0440\u0430\u043d\u0433\u0438\u0440\u0435, \u041d\u0433\u043e\u0440\u043e\u043d\u0433\u043e\u0440\u043e, \u041a\u0438\u043b\u0438\u043c\u0430\u043d\u0434\u0436\u0430\u0440\u043e \u0438 \u043f\u043b\u0435\u043c\u044f \u0427\u0430\u0433\u0430 (3 \u0434\u043d\u044f) &#8226; \u042d\u043a\u0441\u043a\u0443\u0440\u0441\u0438\u0438 Skyline\" \/>\n<meta property=\"og:description\" content=\"\u0412\u0440\u0435\u043c\u044f \u0442\u0443\u0440\u0430: 3 \u0434\u043d\u044f  \u0414\u043d\u0438 \u043f\u0440\u043e\u0432\u0435\u0434\u0435\u043d\u0438\u044f: \u0435\u0436\u0435\u0434\u043d\u0435\u0432\u043d\u043e\" \/>\n<meta property=\"og:url\" content=\"https:\/\/skyline-gs.com\/fr\/produit\/v-kratere-vulkana-i-kilimandzharo\/\" \/>\n<meta property=\"og:site_name\" content=\"\u042d\u043a\u0441\u043a\u0443\u0440\u0441\u0438\u0438 Skyline\" \/>\n<meta property=\"article:modified_time\" content=\"2026-03-12T15:51:23+00:00\" \/>\n<meta property=\"og:image\" content=\"https:\/\/skyline-gs.com\/wp-content\/uploads\/2021\/01\/Kilimandzharo-e1609839107975.jpg\" \/>\n\t<meta property=\"og:image:width\" content=\"900\" \/>\n\t<meta property=\"og:image:height\" content=\"600\" \/>\n\t<meta property=\"og:image:type\" content=\"image\/jpeg\" \/>\n<meta name=\"twitter:card\" content=\"summary_large_image\" \/>\n<meta name=\"twitter:label1\" content=\"Dur\u00e9e de lecture estim\u00e9e\" \/>\n\t<meta name=\"twitter:data1\" content=\"4 minutes\" \/>\n<script type=\"application\/ld+json\" class=\"yoast-schema-graph\">{\"@context\":\"https:\\\/\\\/schema.org\",\"@graph\":[{\"@type\":\"WebPage\",\"@id\":\"https:\\\/\\\/skyline-gs.com\\\/product\\\/v-kratere-vulkana-i-kilimandzharo\\\/\",\"url\":\"https:\\\/\\\/skyline-gs.com\\\/product\\\/v-kratere-vulkana-i-kilimandzharo\\\/\",\"name\":\"\u0422\u0430\u0440\u0430\u043d\u0433\u0438\u0440\u0435, \u041d\u0433\u043e\u0440\u043e\u043d\u0433\u043e\u0440\u043e, \u041a\u0438\u043b\u0438\u043c\u0430\u043d\u0434\u0436\u0430\u0440\u043e \u0438 \u043f\u043b\u0435\u043c\u044f \u0427\u0430\u0433\u0430 (3 \u0434\u043d\u044f) &#8226; \u042d\u043a\u0441\u043a\u0443\u0440\u0441\u0438\u0438 Skyline\",\"isPartOf\":{\"@id\":\"https:\\\/\\\/skyline-gs.com\\\/it\\\/#website\"},\"primaryImageOfPage\":{\"@id\":\"https:\\\/\\\/skyline-gs.com\\\/product\\\/v-kratere-vulkana-i-kilimandzharo\\\/#primaryimage\"},\"image\":{\"@id\":\"https:\\\/\\\/skyline-gs.com\\\/product\\\/v-kratere-vulkana-i-kilimandzharo\\\/#primaryimage\"},\"thumbnailUrl\":\"https:\\\/\\\/skyline-gs.com\\\/wp-content\\\/uploads\\\/2021\\\/01\\\/Kilimandzharo-e1609839107975.jpg\",\"datePublished\":\"2021-01-05T09:19:04+00:00\",\"dateModified\":\"2026-03-12T15:51:23+00:00\",\"breadcrumb\":{\"@id\":\"https:\\\/\\\/skyline-gs.com\\\/product\\\/v-kratere-vulkana-i-kilimandzharo\\\/#breadcrumb\"},\"inLanguage\":\"fr-FR\",\"potentialAction\":[{\"@type\":\"ReadAction\",\"target\":[\"https:\\\/\\\/skyline-gs.com\\\/product\\\/v-kratere-vulkana-i-kilimandzharo\\\/\"]}]},{\"@type\":\"ImageObject\",\"inLanguage\":\"fr-FR\",\"@id\":\"https:\\\/\\\/skyline-gs.com\\\/product\\\/v-kratere-vulkana-i-kilimandzharo\\\/#primaryimage\",\"url\":\"https:\\\/\\\/skyline-gs.com\\\/wp-content\\\/uploads\\\/2021\\\/01\\\/Kilimandzharo-e1609839107975.jpg\",\"contentUrl\":\"https:\\\/\\\/skyline-gs.com\\\/wp-content\\\/uploads\\\/2021\\\/01\\\/Kilimandzharo-e1609839107975.jpg\",\"width\":900,\"height\":600},{\"@type\":\"BreadcrumbList\",\"@id\":\"https:\\\/\\\/skyline-gs.com\\\/product\\\/v-kratere-vulkana-i-kilimandzharo\\\/#breadcrumb\",\"itemListElement\":[{\"@type\":\"ListItem\",\"position\":1,\"name\":\"\u0413\u043b\u0430\u0432\u043d\u0430\u044f \u0441\u0442\u0440\u0430\u043d\u0438\u0446\u0430\",\"item\":\"https:\\\/\\\/skyline-gs.com\\\/hu\\\/\"},{\"@type\":\"ListItem\",\"position\":2,\"name\":\"\u041c\u0430\u0433\u0430\u0437\u0438\u043d\",\"item\":\"https:\\\/\\\/skyline-gs.com\\\/cs\\\/shop\\\/\"},{\"@type\":\"ListItem\",\"position\":3,\"name\":\"\u0422\u0430\u0440\u0430\u043d\u0433\u0438\u0440\u0435, \u041d\u0433\u043e\u0440\u043e\u043d\u0433\u043e\u0440\u043e, \u041a\u0438\u043b\u0438\u043c\u0430\u043d\u0434\u0436\u0430\u0440\u043e \u0438 \u043f\u043b\u0435\u043c\u044f \u0427\u0430\u0433\u0430 (3 \u0434\u043d\u044f)\"}]},{\"@type\":\"WebSite\",\"@id\":\"https:\\\/\\\/skyline-gs.com\\\/it\\\/#website\",\"url\":\"https:\\\/\\\/skyline-gs.com\\\/it\\\/\",\"name\":\"\u042d\u043a\u0441\u043a\u0443\u0440\u0441\u0438\u0438 Skyline\",\"description\":\"\u042d\u043a\u0441\u043a\u043b\u044e\u0437\u0438\u0432\u043d\u044b\u0435 \u044d\u043a\u0441\u043a\u0443\u0440\u0441\u0438\u0438 \u043d\u0430 \u043b\u0443\u0447\u0448\u0438\u0445 \u043a\u0443\u0440\u043e\u0440\u0442\u0430\u0445 \u043c\u0438\u0440\u0430\",\"publisher\":{\"@id\":\"https:\\\/\\\/skyline-gs.com\\\/it\\\/#organization\"},\"alternateName\":\"Skyline\",\"potentialAction\":[{\"@type\":\"SearchAction\",\"target\":{\"@type\":\"EntryPoint\",\"urlTemplate\":\"https:\\\/\\\/skyline-gs.com\\\/it\\\/?s={search_term_string}\"},\"query-input\":{\"@type\":\"PropertyValueSpecification\",\"valueRequired\":true,\"valueName\":\"search_term_string\"}}],\"inLanguage\":\"fr-FR\"},{\"@type\":\"Organization\",\"@id\":\"https:\\\/\\\/skyline-gs.com\\\/it\\\/#organization\",\"name\":\"\u042d\u043a\u0441\u043a\u0443\u0440\u0441\u0438\u0438 Skyline\",\"alternateName\":\"\u042d\u043a\u0441\u043a\u0443\u0440\u0441\u0438\u0438 Skyline\",\"url\":\"https:\\\/\\\/skyline-gs.com\\\/it\\\/\",\"logo\":{\"@type\":\"ImageObject\",\"inLanguage\":\"fr-FR\",\"@id\":\"https:\\\/\\\/skyline-gs.com\\\/it\\\/#\\\/schema\\\/logo\\\/image\\\/\",\"url\":\"https:\\\/\\\/skyline-gs.com\\\/wp-content\\\/uploads\\\/2020\\\/12\\\/cropped-logo-2.png\",\"contentUrl\":\"https:\\\/\\\/skyline-gs.com\\\/wp-content\\\/uploads\\\/2020\\\/12\\\/cropped-logo-2.png\",\"width\":512,\"height\":512,\"caption\":\"\u042d\u043a\u0441\u043a\u0443\u0440\u0441\u0438\u0438 Skyline\"},\"image\":{\"@id\":\"https:\\\/\\\/skyline-gs.com\\\/it\\\/#\\\/schema\\\/logo\\\/image\\\/\"},\"sameAs\":[\"https:\\\/\\\/www.instagram.com\\\/skylineglobalservice\\\/\"]}]}<\/script>\n<!-- \/ Yoast SEO plugin. -->","yoast_head_json":{"title":"\u0422\u0430\u0440\u0430\u043d\u0433\u0438\u0440\u0435, \u041d\u0433\u043e\u0440\u043e\u043d\u0433\u043e\u0440\u043e, \u041a\u0438\u043b\u0438\u043c\u0430\u043d\u0434\u0436\u0430\u0440\u043e \u0438 \u043f\u043b\u0435\u043c\u044f \u0427\u0430\u0433\u0430 (3 \u0434\u043d\u044f) &#8226; \u042d\u043a\u0441\u043a\u0443\u0440\u0441\u0438\u0438 Skyline","robots":{"index":"index","follow":"follow","max-snippet":"max-snippet:-1","max-image-preview":"max-image-preview:large","max-video-preview":"max-video-preview:-1"},"canonical":"https:\/\/skyline-gs.com\/fr\/produit\/v-kratere-vulkana-i-kilimandzharo\/","og_locale":"fr_FR","og_type":"article","og_title":"\u0422\u0430\u0440\u0430\u043d\u0433\u0438\u0440\u0435, \u041d\u0433\u043e\u0440\u043e\u043d\u0433\u043e\u0440\u043e, \u041a\u0438\u043b\u0438\u043c\u0430\u043d\u0434\u0436\u0430\u0440\u043e \u0438 \u043f\u043b\u0435\u043c\u044f \u0427\u0430\u0433\u0430 (3 \u0434\u043d\u044f) &#8226; \u042d\u043a\u0441\u043a\u0443\u0440\u0441\u0438\u0438 Skyline","og_description":"\u0412\u0440\u0435\u043c\u044f \u0442\u0443\u0440\u0430: 3 \u0434\u043d\u044f  \u0414\u043d\u0438 \u043f\u0440\u043e\u0432\u0435\u0434\u0435\u043d\u0438\u044f: \u0435\u0436\u0435\u0434\u043d\u0435\u0432\u043d\u043e","og_url":"https:\/\/skyline-gs.com\/fr\/produit\/v-kratere-vulkana-i-kilimandzharo\/","og_site_name":"\u042d\u043a\u0441\u043a\u0443\u0440\u0441\u0438\u0438 Skyline","article_modified_time":"2026-03-12T15:51:23+00:00","og_image":[{"width":900,"height":600,"url":"https:\/\/skyline-gs.com\/wp-content\/uploads\/2021\/01\/Kilimandzharo-e1609839107975.jpg","type":"image\/jpeg"}],"twitter_card":"summary_large_image","twitter_misc":{"Dur\u00e9e de lecture estim\u00e9e":"4 minutes"},"schema":{"@context":"https:\/\/schema.org","@graph":[{"@type":"WebPage","@id":"https:\/\/skyline-gs.com\/product\/v-kratere-vulkana-i-kilimandzharo\/","url":"https:\/\/skyline-gs.com\/product\/v-kratere-vulkana-i-kilimandzharo\/","name":"\u0422\u0430\u0440\u0430\u043d\u0433\u0438\u0440\u0435, \u041d\u0433\u043e\u0440\u043e\u043d\u0433\u043e\u0440\u043e, \u041a\u0438\u043b\u0438\u043c\u0430\u043d\u0434\u0436\u0430\u0440\u043e \u0438 \u043f\u043b\u0435\u043c\u044f \u0427\u0430\u0433\u0430 (3 \u0434\u043d\u044f) &#8226; \u042d\u043a\u0441\u043a\u0443\u0440\u0441\u0438\u0438 Skyline","isPartOf":{"@id":"https:\/\/skyline-gs.com\/it\/#website"},"primaryImageOfPage":{"@id":"https:\/\/skyline-gs.com\/product\/v-kratere-vulkana-i-kilimandzharo\/#primaryimage"},"image":{"@id":"https:\/\/skyline-gs.com\/product\/v-kratere-vulkana-i-kilimandzharo\/#primaryimage"},"thumbnailUrl":"https:\/\/skyline-gs.com\/wp-content\/uploads\/2021\/01\/Kilimandzharo-e1609839107975.jpg","datePublished":"2021-01-05T09:19:04+00:00","dateModified":"2026-03-12T15:51:23+00:00","breadcrumb":{"@id":"https:\/\/skyline-gs.com\/product\/v-kratere-vulkana-i-kilimandzharo\/#breadcrumb"},"inLanguage":"fr-FR","potentialAction":[{"@type":"ReadAction","target":["https:\/\/skyline-gs.com\/product\/v-kratere-vulkana-i-kilimandzharo\/"]}]},{"@type":"ImageObject","inLanguage":"fr-FR","@id":"https:\/\/skyline-gs.com\/product\/v-kratere-vulkana-i-kilimandzharo\/#primaryimage","url":"https:\/\/skyline-gs.com\/wp-content\/uploads\/2021\/01\/Kilimandzharo-e1609839107975.jpg","contentUrl":"https:\/\/skyline-gs.com\/wp-content\/uploads\/2021\/01\/Kilimandzharo-e1609839107975.jpg","width":900,"height":600},{"@type":"BreadcrumbList","@id":"https:\/\/skyline-gs.com\/product\/v-kratere-vulkana-i-kilimandzharo\/#breadcrumb","itemListElement":[{"@type":"ListItem","position":1,"name":"\u0413\u043b\u0430\u0432\u043d\u0430\u044f \u0441\u0442\u0440\u0430\u043d\u0438\u0446\u0430","item":"https:\/\/skyline-gs.com\/hu\/"},{"@type":"ListItem","position":2,"name":"\u041c\u0430\u0433\u0430\u0437\u0438\u043d","item":"https:\/\/skyline-gs.com\/cs\/shop\/"},{"@type":"ListItem","position":3,"name":"\u0422\u0430\u0440\u0430\u043d\u0433\u0438\u0440\u0435, \u041d\u0433\u043e\u0440\u043e\u043d\u0433\u043e\u0440\u043e, \u041a\u0438\u043b\u0438\u043c\u0430\u043d\u0434\u0436\u0430\u0440\u043e \u0438 \u043f\u043b\u0435\u043c\u044f \u0427\u0430\u0433\u0430 (3 \u0434\u043d\u044f)"}]},{"@type":"WebSite","@id":"https:\/\/skyline-gs.com\/it\/#website","url":"https:\/\/skyline-gs.com\/it\/","name":"Excursions Skyline","description":"Excursions exclusives dans les meilleurs centres de vill\u00e9giature du monde","publisher":{"@id":"https:\/\/skyline-gs.com\/it\/#organization"},"alternateName":"Skyline","potentialAction":[{"@type":"SearchAction","target":{"@type":"EntryPoint","urlTemplate":"https:\/\/skyline-gs.com\/it\/?s={search_term_string}"},"query-input":{"@type":"PropertyValueSpecification","valueRequired":true,"valueName":"search_term_string"}}],"inLanguage":"fr-FR"},{"@type":"Organization","@id":"https:\/\/skyline-gs.com\/it\/#organization","name":"Excursions Skyline","alternateName":"\u042d\u043a\u0441\u043a\u0443\u0440\u0441\u0438\u0438 Skyline","url":"https:\/\/skyline-gs.com\/it\/","logo":{"@type":"ImageObject","inLanguage":"fr-FR","@id":"https:\/\/skyline-gs.com\/it\/#\/schema\/logo\/image\/","url":"https:\/\/skyline-gs.com\/wp-content\/uploads\/2020\/12\/cropped-logo-2.png","contentUrl":"https:\/\/skyline-gs.com\/wp-content\/uploads\/2020\/12\/cropped-logo-2.png","width":512,"height":512,"caption":"\u042d\u043a\u0441\u043a\u0443\u0440\u0441\u0438\u0438 Skyline"},"image":{"@id":"https:\/\/skyline-gs.com\/it\/#\/schema\/logo\/image\/"},"sameAs":["https:\/\/www.instagram.com\/skylineglobalservice\/"]}]}},"_links":{"self":[{"href":"https:\/\/skyline-gs.com\/fr\/wp-json\/wp\/v2\/product\/18044","targetHints":{"allow":["GET"]}}],"collection":[{"href":"https:\/\/skyline-gs.com\/fr\/wp-json\/wp\/v2\/product"}],"about":[{"href":"https:\/\/skyline-gs.com\/fr\/wp-json\/wp\/v2\/types\/product"}],"version-history":[{"count":0,"href":"https:\/\/skyline-gs.com\/fr\/wp-json\/wp\/v2\/product\/18044\/revisions"}],"wp:featuredmedia":[{"embeddable":true,"href":"https:\/\/skyline-gs.com\/fr\/wp-json\/wp\/v2\/media\/18045"}],"wp:attachment":[{"href":"https:\/\/skyline-gs.com\/fr\/wp-json\/wp\/v2\/media?parent=18044"}],"wp:term":[{"taxonomy":"product_brand","embeddable":true,"href":"https:\/\/skyline-gs.com\/fr\/wp-json\/wp\/v2\/product_brand?post=18044"},{"taxonomy":"product_cat","embeddable":true,"href":"https:\/\/skyline-gs.com\/fr\/wp-json\/wp\/v2\/product_cat?post=18044"},{"taxonomy":"product_tag","embeddable":true,"href":"https:\/\/skyline-gs.com\/fr\/wp-json\/wp\/v2\/product_tag?post=18044"}],"curies":[{"name":"wp","href":"https:\/\/api.w.org\/{rel}","templated":true}]}}