{"id":16550,"date":"2020-12-15T01:33:09","date_gmt":"2020-12-14T23:33:09","guid":{"rendered":"http:\/\/skyline-gs.com\/?post_type=product&#038;p=16538"},"modified":"2024-01-24T17:11:50","modified_gmt":"2024-01-24T15:11:50","slug":"selous-safari-park-2-days-zanzibar","status":"publish","type":"product","link":"https:\/\/skyline-gs.com\/fr\/product\/selous-safari-park-2-days-zanzibar\/","title":{"rendered":"Selous Safari Park pour 2 jours"},"content":{"rendered":"<p><strong>Jour 1<\/strong><\/p>\n<p>D\u00e9part de l'h\u00f4tel \u00e0 6h00. D\u00e9part de l'a\u00e9roport de Zanzibar \u00e0 8h10. Vous prendrez un petit avion pour le parc national de Selous.<\/p>\n<p>Arriv\u00e9e \u00e0 l'a\u00e9roport. D\u00e9part pour le parc national de Selous. A 9h30, nous emmenons nos clients dans la partie du parc qui abrite le plus d'animaux. En raison de sa vaste superficie, cette r\u00e9serve est la plus grande d'Afrique et figure parmi les plus grands parcs du monde. Un voyage dans ce territoire extraordinaire peut remplacer un voyage dans la quasi-totalit\u00e9 de l'Afrique. La combinaison de plusieurs \u00e9cosyst\u00e8mes propres au parc a donn\u00e9 naissance \u00e0 un tr\u00e8s grand nombre d'animaux et d'oiseaux.\u00a0<strong>440 esp\u00e8ces<\/strong>\u00a0Les oiseaux habitent tous les coins de la r\u00e9serve. Autruches et marabouts, guillemots et aigles rapaces, alouettes discr\u00e8tes et perroquets color\u00e9s. Pause d\u00e9jeuner et poursuite du safari.<\/p>\n<p>La Tanzanie s'enorgueillit d'une population d'\u00e9l\u00e9phants de pr\u00e8s d'un million d'individus.\u00a0<strong>100 000 personnes<\/strong>. Environ la moiti\u00e9 d'entre eux se sont install\u00e9s dans le Selous. Outre ces animaux, la r\u00e9gion abrite \u00e9galement de nombreuses autres esp\u00e8ces animales : antilopes gnoues et impalas, buffles, hippopotames, rhinoc\u00e9ros et buffles. On l'appelle souvent le parc des girafes parce qu'il abrite de nombreuses girafes masa\u00ef. Les pr\u00e9dateurs de Selous sont repr\u00e9sent\u00e9s par les chats africains,\u00a0<strong>lions et l\u00e9opards<\/strong>. D'\u00e9normes crocodiles vivent dans la vall\u00e9e de la rivi\u00e8re et dans les marais.<\/p>\n<p>16:30 Fin du safari et transfert \u00e0 l'h\u00f4tel. Arriv\u00e9e \u00e0 l'h\u00f4tel. D\u00eener.<\/p>\n<p><strong>Jour 2<\/strong><br \/>\nPetit d\u00e9jeuner. Safari matinal en bateau d'une dur\u00e9e d'une heure et demie. Vous aurez l'occasion de voir des crocodiles, des hippopotames et tous les animaux qui viennent au point d'eau le matin. Vous verrez \u00e9galement de nombreux oiseaux inhabituels. A la fin, vous serez conduit \u00e0 l'a\u00e9rodrome. Vol pour Zanzibar. Accueil \u00e0 l'a\u00e9roport et transfert \u00e0 l'h\u00f4tel.<\/p>\n<p><strong>Ce qui est inclus :<\/strong><\/p>\n<ul>\n<li>Tous les transferts pr\u00e9vus au programme<\/li>\n<li>Transport a\u00e9rien Zanzibar - Selous - Zanzibar<\/li>\n<li>Safari en jeep 4x4 moderne<\/li>\n<li>Trois repas par jour<\/li>\n<li>H\u00e9bergement dans un lodge avec piscine<\/li>\n<li>Boissons pendant le safari<\/li>\n<li>Services de guide<\/li>\n<li>Excursion en bateau sur la rivi\u00e8re Rufiji (le deuxi\u00e8me jour)<\/li>\n<\/ul>\n<p><strong>\u00c0 emporter :<\/strong><\/p>\n<ul>\n<li>Passeport. M\u00eame si Zanzibar fait partie de la Tanzanie, nous passons tous par le contr\u00f4le des passeports \u00e0 l'a\u00e9roport ;<\/li>\n<li>Chaussures et v\u00eatements confortables. Pantalon l\u00e9ger, chemise \u00e0 manches longues, T-shirt, effets personnels (jusqu'\u00e0 5 kg) ;<\/li>\n<li>Une veste, en cas de pluie ou de soir\u00e9es fra\u00eeches ;<\/li>\n<li>Mat\u00e9riel photo-vid\u00e9o. Chargez vos appareils \u00e0 l'avance ;<\/li>\n<li>Changez votre argent en petites coupures. Ils sont utiles pour les souvenirs et pour donner un pourboire aux gardes forestiers. Le pourboire recommand\u00e9 est de 5$ par personne ;<\/li>\n<li>Collation matinale (\u00e0 la r\u00e9ception de l'h\u00f4tel, expliquez que vous partez t\u00f4t le matin pour une excursion et que vous avez besoin de pr\u00e9parer une bo\u00eete \u00e0 lunch, les h\u00f4tels fourniront ce service gratuitement) ;<\/li>\n<li><span class=\"fontstyle0\">Lunettes de soleil et panama, cr\u00e8me solaire ;<\/span><\/li>\n<li><span class=\"fontstyle0\">Produits d'hygi\u00e8ne personnelle, trousse de secours personnelle ;<\/span><\/li>\n<li><span class=\"fontstyle0\">Gel d\u00e9sinfectant pour les mains.<\/span><\/li>\n<\/ul>","protected":false},"excerpt":{"rendered":"<p>Le safari le plus populaire <strong>\"tout compris<\/strong>Les safaris sont une exp\u00e9rience unique pour les voyageurs qui veulent partir en safari sans d\u00e9penser beaucoup de temps et d'argent.<\/p>","protected":false},"featured_media":25608,"template":"","meta":{"_kad_post_transparent":"default","_kad_post_title":"","_kad_post_layout":"default","_kad_post_sidebar_id":"","_kad_post_content_style":"default","_kad_post_vertical_padding":"default","_kad_post_feature":"","_kad_post_feature_position":"","_kad_post_header":false,"_kad_post_footer":false,"_kad_post_classname":"","_glsr_average":0,"_glsr_ranking":0,"_glsr_reviews":0},"product_brand":[],"product_cat":[455],"product_tag":[],"class_list":{"0":"post-16550","1":"product","2":"type-product","3":"status-publish","4":"has-post-thumbnail","6":"product_cat-zanzibar","7":"tm-no-options-pxq","9":"first","10":"instock","11":"sold-individually","12":"taxable","13":"shipping-taxable","14":"purchasable","15":"product-type-simple","16":"entry","17":"content-bg","18":"loop-entry"},"yoast_head":"<!-- This site is optimized with the Yoast SEO plugin v27.3 - https:\/\/yoast.com\/product\/yoast-seo-wordpress\/ -->\n<title>\u0421\u0430\u0444\u0430\u0440\u0438-\u043f\u0430\u0440\u043a \u0421\u0435\u043b\u0443\u0441 \u043d\u0430 2 \u0434\u043d\u044f &#8226; \u042d\u043a\u0441\u043a\u0443\u0440\u0441\u0438\u0438 Skyline<\/title>\n<meta name=\"robots\" content=\"index, follow, max-snippet:-1, max-image-preview:large, max-video-preview:-1\" \/>\n<link rel=\"canonical\" href=\"https:\/\/skyline-gs.com\/fr\/produit\/selous-safari-park-2-days-zanzibar\/\" \/>\n<meta property=\"og:locale\" content=\"fr_FR\" \/>\n<meta property=\"og:type\" content=\"article\" \/>\n<meta property=\"og:title\" content=\"\u0421\u0430\u0444\u0430\u0440\u0438-\u043f\u0430\u0440\u043a \u0421\u0435\u043b\u0443\u0441 \u043d\u0430 2 \u0434\u043d\u044f &#8226; \u042d\u043a\u0441\u043a\u0443\u0440\u0441\u0438\u0438 Skyline\" \/>\n<meta property=\"og:description\" content=\"\u0421\u0430\u043c\u043e\u0435 \u043f\u043e\u043f\u0443\u043b\u044f\u0440\u043d\u043e\u0435 \u0441\u0430\u0444\u0430\u0440\u0438 &quot;\u0432\u0441\u0435 \u0432\u043a\u043b\u044e\u0447\u0435\u043d\u043e&quot;, \u0434\u043b\u044f \u043f\u0443\u0442\u0435\u0448\u0435\u0441\u0442\u0432\u0435\u043d\u043d\u0438\u043a\u043e\u0432, \u043a\u043e\u0442\u043e\u0440\u044b\u0435 \u0445\u043e\u0442\u044f\u0442 \u043f\u043e\u0431\u044b\u0432\u0430\u0442\u044c \u043d\u0430 \u0441\u0430\u0444\u0430\u0440\u0438, \u043d\u0435 \u0442\u0440\u0430\u0442\u044f \u043c\u043d\u043e\u0433\u043e \u0432\u0440\u0435\u043c\u0435\u043d\u0438 \u0438 \u0441\u0440\u0435\u0434\u0441\u0442\u0432.\" \/>\n<meta property=\"og:url\" content=\"https:\/\/skyline-gs.com\/fr\/produit\/selous-safari-park-2-days-zanzibar\/\" \/>\n<meta property=\"og:site_name\" content=\"\u042d\u043a\u0441\u043a\u0443\u0440\u0441\u0438\u0438 Skyline\" \/>\n<meta property=\"article:modified_time\" content=\"2024-01-24T15:11:50+00:00\" \/>\n<meta property=\"og:image\" content=\"https:\/\/skyline-gs.com\/wp-content\/uploads\/2020\/12\/Selus-dlya-sajta-20-of-29.jpg\" \/>\n\t<meta property=\"og:image:width\" content=\"900\" \/>\n\t<meta property=\"og:image:height\" content=\"600\" \/>\n\t<meta property=\"og:image:type\" content=\"image\/jpeg\" \/>\n<meta name=\"twitter:card\" content=\"summary_large_image\" \/>\n<meta name=\"twitter:label1\" content=\"Dur\u00e9e de lecture estim\u00e9e\" \/>\n\t<meta name=\"twitter:data1\" content=\"3 minutes\" \/>\n<script type=\"application\/ld+json\" class=\"yoast-schema-graph\">{\"@context\":\"https:\\\/\\\/schema.org\",\"@graph\":[{\"@type\":\"WebPage\",\"@id\":\"https:\\\/\\\/skyline-gs.com\\\/en\\\/product-2\\\/selous-safari-park-2-days-zanzibar\\\/\",\"url\":\"https:\\\/\\\/skyline-gs.com\\\/en\\\/product-2\\\/selous-safari-park-2-days-zanzibar\\\/\",\"name\":\"\u0421\u0430\u0444\u0430\u0440\u0438-\u043f\u0430\u0440\u043a \u0421\u0435\u043b\u0443\u0441 \u043d\u0430 2 \u0434\u043d\u044f &#8226; \u042d\u043a\u0441\u043a\u0443\u0440\u0441\u0438\u0438 Skyline\",\"isPartOf\":{\"@id\":\"https:\\\/\\\/skyline-gs.com\\\/it\\\/#website\"},\"primaryImageOfPage\":{\"@id\":\"https:\\\/\\\/skyline-gs.com\\\/en\\\/product-2\\\/selous-safari-park-2-days-zanzibar\\\/#primaryimage\"},\"image\":{\"@id\":\"https:\\\/\\\/skyline-gs.com\\\/en\\\/product-2\\\/selous-safari-park-2-days-zanzibar\\\/#primaryimage\"},\"thumbnailUrl\":\"https:\\\/\\\/skyline-gs.com\\\/wp-content\\\/uploads\\\/2020\\\/12\\\/Selus-dlya-sajta-20-of-29.jpg\",\"datePublished\":\"2020-12-14T23:33:09+00:00\",\"dateModified\":\"2024-01-24T15:11:50+00:00\",\"breadcrumb\":{\"@id\":\"https:\\\/\\\/skyline-gs.com\\\/en\\\/product-2\\\/selous-safari-park-2-days-zanzibar\\\/#breadcrumb\"},\"inLanguage\":\"fr-FR\",\"potentialAction\":[{\"@type\":\"ReadAction\",\"target\":[\"https:\\\/\\\/skyline-gs.com\\\/en\\\/product-2\\\/selous-safari-park-2-days-zanzibar\\\/\"]}]},{\"@type\":\"ImageObject\",\"inLanguage\":\"fr-FR\",\"@id\":\"https:\\\/\\\/skyline-gs.com\\\/en\\\/product-2\\\/selous-safari-park-2-days-zanzibar\\\/#primaryimage\",\"url\":\"https:\\\/\\\/skyline-gs.com\\\/wp-content\\\/uploads\\\/2020\\\/12\\\/Selus-dlya-sajta-20-of-29.jpg\",\"contentUrl\":\"https:\\\/\\\/skyline-gs.com\\\/wp-content\\\/uploads\\\/2020\\\/12\\\/Selus-dlya-sajta-20-of-29.jpg\",\"width\":900,\"height\":600},{\"@type\":\"BreadcrumbList\",\"@id\":\"https:\\\/\\\/skyline-gs.com\\\/en\\\/product-2\\\/selous-safari-park-2-days-zanzibar\\\/#breadcrumb\",\"itemListElement\":[{\"@type\":\"ListItem\",\"position\":1,\"name\":\"\u0413\u043b\u0430\u0432\u043d\u0430\u044f \u0441\u0442\u0440\u0430\u043d\u0438\u0446\u0430\",\"item\":\"https:\\\/\\\/skyline-gs.com\\\/hu\\\/\"},{\"@type\":\"ListItem\",\"position\":2,\"name\":\"\u041c\u0430\u0433\u0430\u0437\u0438\u043d\",\"item\":\"https:\\\/\\\/skyline-gs.com\\\/cs\\\/shop\\\/\"},{\"@type\":\"ListItem\",\"position\":3,\"name\":\"\u0421\u0430\u0444\u0430\u0440\u0438-\u043f\u0430\u0440\u043a \u0421\u0435\u043b\u0443\u0441 \u043d\u0430 2 \u0434\u043d\u044f\"}]},{\"@type\":\"WebSite\",\"@id\":\"https:\\\/\\\/skyline-gs.com\\\/it\\\/#website\",\"url\":\"https:\\\/\\\/skyline-gs.com\\\/it\\\/\",\"name\":\"\u042d\u043a\u0441\u043a\u0443\u0440\u0441\u0438\u0438 Skyline\",\"description\":\"\u042d\u043a\u0441\u043a\u043b\u044e\u0437\u0438\u0432\u043d\u044b\u0435 \u044d\u043a\u0441\u043a\u0443\u0440\u0441\u0438\u0438 \u043d\u0430 \u043b\u0443\u0447\u0448\u0438\u0445 \u043a\u0443\u0440\u043e\u0440\u0442\u0430\u0445 \u043c\u0438\u0440\u0430\",\"publisher\":{\"@id\":\"https:\\\/\\\/skyline-gs.com\\\/it\\\/#organization\"},\"alternateName\":\"Skyline\",\"potentialAction\":[{\"@type\":\"SearchAction\",\"target\":{\"@type\":\"EntryPoint\",\"urlTemplate\":\"https:\\\/\\\/skyline-gs.com\\\/it\\\/?s={search_term_string}\"},\"query-input\":{\"@type\":\"PropertyValueSpecification\",\"valueRequired\":true,\"valueName\":\"search_term_string\"}}],\"inLanguage\":\"fr-FR\"},{\"@type\":\"Organization\",\"@id\":\"https:\\\/\\\/skyline-gs.com\\\/it\\\/#organization\",\"name\":\"\u042d\u043a\u0441\u043a\u0443\u0440\u0441\u0438\u0438 Skyline\",\"alternateName\":\"\u042d\u043a\u0441\u043a\u0443\u0440\u0441\u0438\u0438 Skyline\",\"url\":\"https:\\\/\\\/skyline-gs.com\\\/it\\\/\",\"logo\":{\"@type\":\"ImageObject\",\"inLanguage\":\"fr-FR\",\"@id\":\"https:\\\/\\\/skyline-gs.com\\\/it\\\/#\\\/schema\\\/logo\\\/image\\\/\",\"url\":\"https:\\\/\\\/skyline-gs.com\\\/wp-content\\\/uploads\\\/2020\\\/12\\\/cropped-logo-2.png\",\"contentUrl\":\"https:\\\/\\\/skyline-gs.com\\\/wp-content\\\/uploads\\\/2020\\\/12\\\/cropped-logo-2.png\",\"width\":512,\"height\":512,\"caption\":\"\u042d\u043a\u0441\u043a\u0443\u0440\u0441\u0438\u0438 Skyline\"},\"image\":{\"@id\":\"https:\\\/\\\/skyline-gs.com\\\/it\\\/#\\\/schema\\\/logo\\\/image\\\/\"},\"sameAs\":[\"https:\\\/\\\/www.instagram.com\\\/skylineglobalservice\\\/\"]}]}<\/script>\n<!-- \/ Yoast SEO plugin. -->","yoast_head_json":{"title":"\u0421\u0430\u0444\u0430\u0440\u0438-\u043f\u0430\u0440\u043a \u0421\u0435\u043b\u0443\u0441 \u043d\u0430 2 \u0434\u043d\u044f &#8226; \u042d\u043a\u0441\u043a\u0443\u0440\u0441\u0438\u0438 Skyline","robots":{"index":"index","follow":"follow","max-snippet":"max-snippet:-1","max-image-preview":"max-image-preview:large","max-video-preview":"max-video-preview:-1"},"canonical":"https:\/\/skyline-gs.com\/fr\/produit\/selous-safari-park-2-days-zanzibar\/","og_locale":"fr_FR","og_type":"article","og_title":"\u0421\u0430\u0444\u0430\u0440\u0438-\u043f\u0430\u0440\u043a \u0421\u0435\u043b\u0443\u0441 \u043d\u0430 2 \u0434\u043d\u044f &#8226; \u042d\u043a\u0441\u043a\u0443\u0440\u0441\u0438\u0438 Skyline","og_description":"\u0421\u0430\u043c\u043e\u0435 \u043f\u043e\u043f\u0443\u043b\u044f\u0440\u043d\u043e\u0435 \u0441\u0430\u0444\u0430\u0440\u0438 \"\u0432\u0441\u0435 \u0432\u043a\u043b\u044e\u0447\u0435\u043d\u043e\", \u0434\u043b\u044f \u043f\u0443\u0442\u0435\u0448\u0435\u0441\u0442\u0432\u0435\u043d\u043d\u0438\u043a\u043e\u0432, \u043a\u043e\u0442\u043e\u0440\u044b\u0435 \u0445\u043e\u0442\u044f\u0442 \u043f\u043e\u0431\u044b\u0432\u0430\u0442\u044c \u043d\u0430 \u0441\u0430\u0444\u0430\u0440\u0438, \u043d\u0435 \u0442\u0440\u0430\u0442\u044f \u043c\u043d\u043e\u0433\u043e \u0432\u0440\u0435\u043c\u0435\u043d\u0438 \u0438 \u0441\u0440\u0435\u0434\u0441\u0442\u0432.","og_url":"https:\/\/skyline-gs.com\/fr\/produit\/selous-safari-park-2-days-zanzibar\/","og_site_name":"\u042d\u043a\u0441\u043a\u0443\u0440\u0441\u0438\u0438 Skyline","article_modified_time":"2024-01-24T15:11:50+00:00","og_image":[{"width":900,"height":600,"url":"https:\/\/skyline-gs.com\/wp-content\/uploads\/2020\/12\/Selus-dlya-sajta-20-of-29.jpg","type":"image\/jpeg"}],"twitter_card":"summary_large_image","twitter_misc":{"Dur\u00e9e de lecture estim\u00e9e":"3 minutes"},"schema":{"@context":"https:\/\/schema.org","@graph":[{"@type":"WebPage","@id":"https:\/\/skyline-gs.com\/en\/product-2\/selous-safari-park-2-days-zanzibar\/","url":"https:\/\/skyline-gs.com\/en\/product-2\/selous-safari-park-2-days-zanzibar\/","name":"\u0421\u0430\u0444\u0430\u0440\u0438-\u043f\u0430\u0440\u043a \u0421\u0435\u043b\u0443\u0441 \u043d\u0430 2 \u0434\u043d\u044f &#8226; \u042d\u043a\u0441\u043a\u0443\u0440\u0441\u0438\u0438 Skyline","isPartOf":{"@id":"https:\/\/skyline-gs.com\/it\/#website"},"primaryImageOfPage":{"@id":"https:\/\/skyline-gs.com\/en\/product-2\/selous-safari-park-2-days-zanzibar\/#primaryimage"},"image":{"@id":"https:\/\/skyline-gs.com\/en\/product-2\/selous-safari-park-2-days-zanzibar\/#primaryimage"},"thumbnailUrl":"https:\/\/skyline-gs.com\/wp-content\/uploads\/2020\/12\/Selus-dlya-sajta-20-of-29.jpg","datePublished":"2020-12-14T23:33:09+00:00","dateModified":"2024-01-24T15:11:50+00:00","breadcrumb":{"@id":"https:\/\/skyline-gs.com\/en\/product-2\/selous-safari-park-2-days-zanzibar\/#breadcrumb"},"inLanguage":"fr-FR","potentialAction":[{"@type":"ReadAction","target":["https:\/\/skyline-gs.com\/en\/product-2\/selous-safari-park-2-days-zanzibar\/"]}]},{"@type":"ImageObject","inLanguage":"fr-FR","@id":"https:\/\/skyline-gs.com\/en\/product-2\/selous-safari-park-2-days-zanzibar\/#primaryimage","url":"https:\/\/skyline-gs.com\/wp-content\/uploads\/2020\/12\/Selus-dlya-sajta-20-of-29.jpg","contentUrl":"https:\/\/skyline-gs.com\/wp-content\/uploads\/2020\/12\/Selus-dlya-sajta-20-of-29.jpg","width":900,"height":600},{"@type":"BreadcrumbList","@id":"https:\/\/skyline-gs.com\/en\/product-2\/selous-safari-park-2-days-zanzibar\/#breadcrumb","itemListElement":[{"@type":"ListItem","position":1,"name":"\u0413\u043b\u0430\u0432\u043d\u0430\u044f \u0441\u0442\u0440\u0430\u043d\u0438\u0446\u0430","item":"https:\/\/skyline-gs.com\/hu\/"},{"@type":"ListItem","position":2,"name":"\u041c\u0430\u0433\u0430\u0437\u0438\u043d","item":"https:\/\/skyline-gs.com\/cs\/shop\/"},{"@type":"ListItem","position":3,"name":"\u0421\u0430\u0444\u0430\u0440\u0438-\u043f\u0430\u0440\u043a \u0421\u0435\u043b\u0443\u0441 \u043d\u0430 2 \u0434\u043d\u044f"}]},{"@type":"WebSite","@id":"https:\/\/skyline-gs.com\/it\/#website","url":"https:\/\/skyline-gs.com\/it\/","name":"Excursions Skyline","description":"Excursions exclusives dans les meilleurs centres de vill\u00e9giature du monde","publisher":{"@id":"https:\/\/skyline-gs.com\/it\/#organization"},"alternateName":"Skyline","potentialAction":[{"@type":"SearchAction","target":{"@type":"EntryPoint","urlTemplate":"https:\/\/skyline-gs.com\/it\/?s={search_term_string}"},"query-input":{"@type":"PropertyValueSpecification","valueRequired":true,"valueName":"search_term_string"}}],"inLanguage":"fr-FR"},{"@type":"Organization","@id":"https:\/\/skyline-gs.com\/it\/#organization","name":"Excursions Skyline","alternateName":"\u042d\u043a\u0441\u043a\u0443\u0440\u0441\u0438\u0438 Skyline","url":"https:\/\/skyline-gs.com\/it\/","logo":{"@type":"ImageObject","inLanguage":"fr-FR","@id":"https:\/\/skyline-gs.com\/it\/#\/schema\/logo\/image\/","url":"https:\/\/skyline-gs.com\/wp-content\/uploads\/2020\/12\/cropped-logo-2.png","contentUrl":"https:\/\/skyline-gs.com\/wp-content\/uploads\/2020\/12\/cropped-logo-2.png","width":512,"height":512,"caption":"\u042d\u043a\u0441\u043a\u0443\u0440\u0441\u0438\u0438 Skyline"},"image":{"@id":"https:\/\/skyline-gs.com\/it\/#\/schema\/logo\/image\/"},"sameAs":["https:\/\/www.instagram.com\/skylineglobalservice\/"]}]}},"_links":{"self":[{"href":"https:\/\/skyline-gs.com\/fr\/wp-json\/wp\/v2\/product\/16550","targetHints":{"allow":["GET"]}}],"collection":[{"href":"https:\/\/skyline-gs.com\/fr\/wp-json\/wp\/v2\/product"}],"about":[{"href":"https:\/\/skyline-gs.com\/fr\/wp-json\/wp\/v2\/types\/product"}],"version-history":[{"count":0,"href":"https:\/\/skyline-gs.com\/fr\/wp-json\/wp\/v2\/product\/16550\/revisions"}],"wp:featuredmedia":[{"embeddable":true,"href":"https:\/\/skyline-gs.com\/fr\/wp-json\/wp\/v2\/media\/25608"}],"wp:attachment":[{"href":"https:\/\/skyline-gs.com\/fr\/wp-json\/wp\/v2\/media?parent=16550"}],"wp:term":[{"taxonomy":"product_brand","embeddable":true,"href":"https:\/\/skyline-gs.com\/fr\/wp-json\/wp\/v2\/product_brand?post=16550"},{"taxonomy":"product_cat","embeddable":true,"href":"https:\/\/skyline-gs.com\/fr\/wp-json\/wp\/v2\/product_cat?post=16550"},{"taxonomy":"product_tag","embeddable":true,"href":"https:\/\/skyline-gs.com\/fr\/wp-json\/wp\/v2\/product_tag?post=16550"}],"curies":[{"name":"wp","href":"https:\/\/api.w.org\/{rel}","templated":true}]}}