{"id":16529,"date":"2020-12-15T00:50:52","date_gmt":"2020-12-14T22:50:52","guid":{"rendered":"http:\/\/skyline-gs.com\/?post_type=product&#038;p=16529"},"modified":"2024-01-24T17:12:04","modified_gmt":"2024-01-24T15:12:04","slug":"lake-manyara-ngorongoro-masai-2-days-zanzibar","status":"publish","type":"product","link":"https:\/\/skyline-gs.com\/fr\/product\/lake-manyara-ngorongoro-masai-2-days-zanzibar\/","title":{"rendered":"Lac Manyara, Ngorongoro et tribu Maasai pendant 2 jours"},"content":{"rendered":"<p><strong>JOUR 1 : LAC MANIARA<\/strong><\/p>\n<p>5h30 d\u00e9part de l'h\u00f4tel \u00e0 Zanzibar. Arriv\u00e9e du groupe \u00e0 l'a\u00e9roport d'Arusha vers 9h00. Accueil des participants par un repr\u00e9sentant de la compagnie muni d'une pancarte. Transfert d'environ 2,5 heures vers le sud-ouest du parc national de Manyara. La route menant au parc longe la vall\u00e9e du rift, mondialement connue sous le nom de \"grand rift africain\". La vie animale du parc est tr\u00e8s diversifi\u00e9e. D'immenses troupeaux de buffles, d'antilopes grues et de z\u00e8bres se rassemblent dans la partie plate du parc. La partie int\u00e9rieure de la plaine inondable est un lieu de pr\u00e9dilection pour les \u00e9l\u00e9phants, les girafes, les hippopotames et les antilopes naines dik dik. Le parc de Manyara est mondialement connu pour ses lions qui grimpent aux arbres, o\u00f9 ils passent la majeure partie de la journ\u00e9e \u00e0 la recherche de proies. A l'heure du d\u00e9jeuner, vous vous arr\u00eaterez dans un endroit pittoresque o\u00f9 le chauffeur vous fournira des bo\u00eetes \u00e0 lunch pour votre d\u00e9jeuner. Apr\u00e8s le d\u00e9jeuner, le safari se poursuit jusqu'au soir. D\u00eener et nuit au Castle Lodge.<\/p>\n<p><strong>JOUR 2 : NGORONGORO<\/strong><\/p>\n<p>Petit d\u00e9jeuner matinal. D\u00e9part pour un safari dans l'unique r\u00e9serve de Ngorongoro, qui abrite plus de 25 000 esp\u00e8ces animales. Environ une heure apr\u00e8s le d\u00e9part, vous serez \u00e0 l'int\u00e9rieur du crat\u00e8re. Sa savane et ses for\u00eats de montagne abritent des hippopotames, des buffles, des antilopes, des z\u00e8bres, des rhinoc\u00e9ros noirs et divers pr\u00e9dateurs - lions, gu\u00e9pards, hy\u00e8nes, l\u00e9opards et chacals. Le lac Magadi, au fond du crat\u00e8re, abrite les plus grandes populations de flamants roses d'Afrique. Si nous avons de la chance, c'est ici que nous verrons les \"Big Five of Africa\" en pleine force. D\u00e9jeuner (bo\u00eetes \u00e0 lunch). Fin du safari.<\/p>\n<p>Le voyage se poursuit par une introduction \u00e0 la tribu des Masa\u00ef. Un voyage dans un village africain color\u00e9, qui n'a pratiquement pas \u00e9t\u00e9 touch\u00e9 par les avantages de la civilisation. Les Maasai sont la tribu la plus connue de Tanzanie, ils sont rest\u00e9s un peuple semi-nomade et se consacrent \u00e0 l'\u00e9levage de b\u00e9tail. Les Maasai ont pr\u00e9serv\u00e9 leur mode de vie traditionnel de g\u00e9n\u00e9ration en g\u00e9n\u00e9ration et, au XXIe si\u00e8cle, ils sont pr\u00eats \u00e0 ouvrir leurs portes aux touristes et \u00e0 leur faire d\u00e9couvrir leur vie, leurs traditions et leur culture.<\/p>\n<p>D\u00e9part pour la ville d'Arusha. Vol pour Zanzibar. Transfert \u00e0 l'h\u00f4tel.<\/p>\n<p><strong>Ce qui est inclus :<\/strong><\/p>\n<ul>\n<li>Tous les transferts se font selon le programme ;<\/li>\n<li>Transport a\u00e9rien Zanzibar - Arusha - Zanzibar ;<\/li>\n<li>H\u00e9bergement dans des h\u00f4tels selon le programme ;<\/li>\n<li>Trois repas par jour ;<\/li>\n<li>Eau et boissons non alcoolis\u00e9es pendant toute la dur\u00e9e de l'excursion ;<\/li>\n<li>Trousse m\u00e9dicale ;<\/li>\n<li>Accompagn\u00e9 d'un guide professionnel ;<\/li>\n<li>Safaris et excursions au programme en jeep safari 4*4 \u00e0 quatre roues motrices ;<\/li>\n<li>Frais d'entr\u00e9e dans les parcs nationaux.<\/li>\n<\/ul>\n<p><strong>\u00c0 emporter :<\/strong><\/p>\n<ul>\n<li>Passeport. M\u00eame si Zanzibar fait partie de la Tanzanie, nous passons tous par le contr\u00f4le des passeports \u00e0 l'a\u00e9roport ;<\/li>\n<li>Chaussures et v\u00eatements confortables. Pantalon l\u00e9ger, chemise \u00e0 manches longues, T-shirt, effets personnels (jusqu'\u00e0 5 kg) ;<\/li>\n<li>Une veste, en cas de pluie ou de soir\u00e9es fra\u00eeches ;<\/li>\n<li>Mat\u00e9riel photo-vid\u00e9o. Chargez vos appareils \u00e0 l'avance ;<\/li>\n<li>Changez votre argent en petites coupures. Ils sont utiles pour les souvenirs et pour donner un pourboire aux gardes forestiers. Le pourboire recommand\u00e9 est de 5$ par personne ;<\/li>\n<li>Collation matinale (\u00e0 la r\u00e9ception de l'h\u00f4tel, expliquez que vous partez t\u00f4t le matin pour une excursion et que vous avez besoin de pr\u00e9parer une bo\u00eete \u00e0 lunch, les h\u00f4tels fourniront ce service gratuitement) ;<\/li>\n<li><span class=\"fontstyle0\">Lunettes de soleil et panama, cr\u00e8me solaire ;<\/span><\/li>\n<li><span class=\"fontstyle0\">Produits d'hygi\u00e8ne personnelle, trousse de secours personnelle ;<\/span><\/li>\n<li><span class=\"fontstyle0\">Gel d\u00e9sinfectant pour les mains.<\/span><\/li>\n<\/ul>","protected":false},"excerpt":{"rendered":"<p>Safari de 2 jours dans le nord de la Tanzanie dans un format de\u00a0<strong>\"tout compris<\/strong>\u00a0avec visite des parcs du Ngorongoro et du lac Manyara<\/p>","protected":false},"featured_media":25685,"template":"","meta":{"_kad_post_transparent":"default","_kad_post_title":"","_kad_post_layout":"default","_kad_post_sidebar_id":"","_kad_post_content_style":"default","_kad_post_vertical_padding":"default","_kad_post_feature":"","_kad_post_feature_position":"","_kad_post_header":false,"_kad_post_footer":false,"_kad_post_classname":"","_glsr_average":0,"_glsr_ranking":0,"_glsr_reviews":0},"product_brand":[],"product_cat":[455],"product_tag":[],"class_list":{"0":"post-16529","1":"product","2":"type-product","3":"status-publish","4":"has-post-thumbnail","6":"product_cat-zanzibar","7":"tm-has-options","9":"first","10":"instock","11":"sold-individually","12":"taxable","13":"shipping-taxable","14":"purchasable","15":"product-type-simple","16":"entry","17":"content-bg","18":"loop-entry"},"yoast_head":"<!-- This site is optimized with the Yoast SEO plugin v27.3 - https:\/\/yoast.com\/product\/yoast-seo-wordpress\/ -->\n<title>\u041e\u0437\u0435\u0440\u043e \u041c\u0430\u043d\u044c\u044f\u0440\u0430, \u041d\u0433\u043e\u0440\u043e\u043d\u0433\u043e\u0440\u043e \u0438 \u043f\u043b\u0435\u043c\u044f \u041c\u0430\u0441\u0430\u0438 \u043d\u0430 2 \u0434\u043d\u044f &#8226; \u042d\u043a\u0441\u043a\u0443\u0440\u0441\u0438\u0438 Skyline<\/title>\n<meta name=\"robots\" content=\"index, follow, max-snippet:-1, max-image-preview:large, max-video-preview:-1\" \/>\n<link rel=\"canonical\" href=\"https:\/\/skyline-gs.com\/fr\/produit\/lake-manyara-ngorongoro-masai-2-days-zanzibar\/\" \/>\n<meta property=\"og:locale\" content=\"fr_FR\" \/>\n<meta property=\"og:type\" content=\"article\" \/>\n<meta property=\"og:title\" content=\"\u041e\u0437\u0435\u0440\u043e \u041c\u0430\u043d\u044c\u044f\u0440\u0430, \u041d\u0433\u043e\u0440\u043e\u043d\u0433\u043e\u0440\u043e \u0438 \u043f\u043b\u0435\u043c\u044f \u041c\u0430\u0441\u0430\u0438 \u043d\u0430 2 \u0434\u043d\u044f &#8226; \u042d\u043a\u0441\u043a\u0443\u0440\u0441\u0438\u0438 Skyline\" \/>\n<meta property=\"og:description\" content=\"\u0421\u0430\u0444\u0430\u0440\u0438 \u0432 \u0421\u0435\u0432\u0435\u0440\u043d\u043e\u0439 \u0422\u0430\u043d\u0437\u0430\u043d\u0438\u0438 \u043d\u0430 2 \u0434\u043d\u044f \u0432 \u0444\u043e\u0440\u043c\u0430\u0442\u0435\u00a0&quot;\u0432\u0441\u0435 \u0432\u043a\u043b\u044e\u0447\u0435\u043d\u043e&quot;\u00a0\u0441 \u043f\u043e\u0441\u0435\u0449\u0435\u043d\u0438\u0435\u043c \u043f\u0430\u0440\u043a\u043e\u0432 \u041d\u0433\u043e\u0440\u043e\u043d\u0433\u043e\u0440\u043e \u0438 \u041e\u0437\u0435\u0440\u043e \u041c\u0430\u043d\u044c\u044f\u0440\u0430\" \/>\n<meta property=\"og:url\" content=\"https:\/\/skyline-gs.com\/fr\/produit\/lake-manyara-ngorongoro-masai-2-days-zanzibar\/\" \/>\n<meta property=\"og:site_name\" content=\"\u042d\u043a\u0441\u043a\u0443\u0440\u0441\u0438\u0438 Skyline\" \/>\n<meta property=\"article:modified_time\" content=\"2024-01-24T15:12:04+00:00\" \/>\n<meta property=\"og:image\" content=\"https:\/\/skyline-gs.com\/wp-content\/uploads\/2020\/12\/Ozero-Manyara-34-of-40.jpg\" \/>\n\t<meta property=\"og:image:width\" content=\"900\" \/>\n\t<meta property=\"og:image:height\" content=\"600\" \/>\n\t<meta property=\"og:image:type\" content=\"image\/jpeg\" \/>\n<meta name=\"twitter:card\" content=\"summary_large_image\" \/>\n<meta name=\"twitter:label1\" content=\"Dur\u00e9e de lecture estim\u00e9e\" \/>\n\t<meta name=\"twitter:data1\" content=\"3 minutes\" \/>\n<script type=\"application\/ld+json\" class=\"yoast-schema-graph\">{\"@context\":\"https:\\\/\\\/schema.org\",\"@graph\":[{\"@type\":\"WebPage\",\"@id\":\"https:\\\/\\\/skyline-gs.com\\\/it\\\/prodotto\\\/lake-manyara-ngorongoro-masai-2-days-zanzibar\\\/\",\"url\":\"https:\\\/\\\/skyline-gs.com\\\/it\\\/prodotto\\\/lake-manyara-ngorongoro-masai-2-days-zanzibar\\\/\",\"name\":\"\u041e\u0437\u0435\u0440\u043e \u041c\u0430\u043d\u044c\u044f\u0440\u0430, \u041d\u0433\u043e\u0440\u043e\u043d\u0433\u043e\u0440\u043e \u0438 \u043f\u043b\u0435\u043c\u044f \u041c\u0430\u0441\u0430\u0438 \u043d\u0430 2 \u0434\u043d\u044f &#8226; \u042d\u043a\u0441\u043a\u0443\u0440\u0441\u0438\u0438 Skyline\",\"isPartOf\":{\"@id\":\"https:\\\/\\\/skyline-gs.com\\\/it\\\/#website\"},\"primaryImageOfPage\":{\"@id\":\"https:\\\/\\\/skyline-gs.com\\\/it\\\/prodotto\\\/lake-manyara-ngorongoro-masai-2-days-zanzibar\\\/#primaryimage\"},\"image\":{\"@id\":\"https:\\\/\\\/skyline-gs.com\\\/it\\\/prodotto\\\/lake-manyara-ngorongoro-masai-2-days-zanzibar\\\/#primaryimage\"},\"thumbnailUrl\":\"https:\\\/\\\/skyline-gs.com\\\/wp-content\\\/uploads\\\/2020\\\/12\\\/Ozero-Manyara-34-of-40.jpg\",\"datePublished\":\"2020-12-14T22:50:52+00:00\",\"dateModified\":\"2024-01-24T15:12:04+00:00\",\"breadcrumb\":{\"@id\":\"https:\\\/\\\/skyline-gs.com\\\/it\\\/prodotto\\\/lake-manyara-ngorongoro-masai-2-days-zanzibar\\\/#breadcrumb\"},\"inLanguage\":\"fr-FR\",\"potentialAction\":[{\"@type\":\"ReadAction\",\"target\":[\"https:\\\/\\\/skyline-gs.com\\\/it\\\/prodotto\\\/lake-manyara-ngorongoro-masai-2-days-zanzibar\\\/\"]}]},{\"@type\":\"ImageObject\",\"inLanguage\":\"fr-FR\",\"@id\":\"https:\\\/\\\/skyline-gs.com\\\/it\\\/prodotto\\\/lake-manyara-ngorongoro-masai-2-days-zanzibar\\\/#primaryimage\",\"url\":\"https:\\\/\\\/skyline-gs.com\\\/wp-content\\\/uploads\\\/2020\\\/12\\\/Ozero-Manyara-34-of-40.jpg\",\"contentUrl\":\"https:\\\/\\\/skyline-gs.com\\\/wp-content\\\/uploads\\\/2020\\\/12\\\/Ozero-Manyara-34-of-40.jpg\",\"width\":900,\"height\":600},{\"@type\":\"BreadcrumbList\",\"@id\":\"https:\\\/\\\/skyline-gs.com\\\/it\\\/prodotto\\\/lake-manyara-ngorongoro-masai-2-days-zanzibar\\\/#breadcrumb\",\"itemListElement\":[{\"@type\":\"ListItem\",\"position\":1,\"name\":\"\u0413\u043b\u0430\u0432\u043d\u0430\u044f \u0441\u0442\u0440\u0430\u043d\u0438\u0446\u0430\",\"item\":\"https:\\\/\\\/skyline-gs.com\\\/hu\\\/\"},{\"@type\":\"ListItem\",\"position\":2,\"name\":\"\u041c\u0430\u0433\u0430\u0437\u0438\u043d\",\"item\":\"https:\\\/\\\/skyline-gs.com\\\/cs\\\/shop\\\/\"},{\"@type\":\"ListItem\",\"position\":3,\"name\":\"\u041e\u0437\u0435\u0440\u043e \u041c\u0430\u043d\u044c\u044f\u0440\u0430, \u041d\u0433\u043e\u0440\u043e\u043d\u0433\u043e\u0440\u043e \u0438 \u043f\u043b\u0435\u043c\u044f \u041c\u0430\u0441\u0430\u0438 \u043d\u0430 2 \u0434\u043d\u044f\"}]},{\"@type\":\"WebSite\",\"@id\":\"https:\\\/\\\/skyline-gs.com\\\/it\\\/#website\",\"url\":\"https:\\\/\\\/skyline-gs.com\\\/it\\\/\",\"name\":\"\u042d\u043a\u0441\u043a\u0443\u0440\u0441\u0438\u0438 Skyline\",\"description\":\"\u042d\u043a\u0441\u043a\u043b\u044e\u0437\u0438\u0432\u043d\u044b\u0435 \u044d\u043a\u0441\u043a\u0443\u0440\u0441\u0438\u0438 \u043d\u0430 \u043b\u0443\u0447\u0448\u0438\u0445 \u043a\u0443\u0440\u043e\u0440\u0442\u0430\u0445 \u043c\u0438\u0440\u0430\",\"publisher\":{\"@id\":\"https:\\\/\\\/skyline-gs.com\\\/it\\\/#organization\"},\"alternateName\":\"Skyline\",\"potentialAction\":[{\"@type\":\"SearchAction\",\"target\":{\"@type\":\"EntryPoint\",\"urlTemplate\":\"https:\\\/\\\/skyline-gs.com\\\/it\\\/?s={search_term_string}\"},\"query-input\":{\"@type\":\"PropertyValueSpecification\",\"valueRequired\":true,\"valueName\":\"search_term_string\"}}],\"inLanguage\":\"fr-FR\"},{\"@type\":\"Organization\",\"@id\":\"https:\\\/\\\/skyline-gs.com\\\/it\\\/#organization\",\"name\":\"\u042d\u043a\u0441\u043a\u0443\u0440\u0441\u0438\u0438 Skyline\",\"alternateName\":\"\u042d\u043a\u0441\u043a\u0443\u0440\u0441\u0438\u0438 Skyline\",\"url\":\"https:\\\/\\\/skyline-gs.com\\\/it\\\/\",\"logo\":{\"@type\":\"ImageObject\",\"inLanguage\":\"fr-FR\",\"@id\":\"https:\\\/\\\/skyline-gs.com\\\/it\\\/#\\\/schema\\\/logo\\\/image\\\/\",\"url\":\"https:\\\/\\\/skyline-gs.com\\\/wp-content\\\/uploads\\\/2020\\\/12\\\/cropped-logo-2.png\",\"contentUrl\":\"https:\\\/\\\/skyline-gs.com\\\/wp-content\\\/uploads\\\/2020\\\/12\\\/cropped-logo-2.png\",\"width\":512,\"height\":512,\"caption\":\"\u042d\u043a\u0441\u043a\u0443\u0440\u0441\u0438\u0438 Skyline\"},\"image\":{\"@id\":\"https:\\\/\\\/skyline-gs.com\\\/it\\\/#\\\/schema\\\/logo\\\/image\\\/\"},\"sameAs\":[\"https:\\\/\\\/www.instagram.com\\\/skylineglobalservice\\\/\"]}]}<\/script>\n<!-- \/ Yoast SEO plugin. -->","yoast_head_json":{"title":"\u041e\u0437\u0435\u0440\u043e \u041c\u0430\u043d\u044c\u044f\u0440\u0430, \u041d\u0433\u043e\u0440\u043e\u043d\u0433\u043e\u0440\u043e \u0438 \u043f\u043b\u0435\u043c\u044f \u041c\u0430\u0441\u0430\u0438 \u043d\u0430 2 \u0434\u043d\u044f &#8226; \u042d\u043a\u0441\u043a\u0443\u0440\u0441\u0438\u0438 Skyline","robots":{"index":"index","follow":"follow","max-snippet":"max-snippet:-1","max-image-preview":"max-image-preview:large","max-video-preview":"max-video-preview:-1"},"canonical":"https:\/\/skyline-gs.com\/fr\/produit\/lake-manyara-ngorongoro-masai-2-days-zanzibar\/","og_locale":"fr_FR","og_type":"article","og_title":"\u041e\u0437\u0435\u0440\u043e \u041c\u0430\u043d\u044c\u044f\u0440\u0430, \u041d\u0433\u043e\u0440\u043e\u043d\u0433\u043e\u0440\u043e \u0438 \u043f\u043b\u0435\u043c\u044f \u041c\u0430\u0441\u0430\u0438 \u043d\u0430 2 \u0434\u043d\u044f &#8226; \u042d\u043a\u0441\u043a\u0443\u0440\u0441\u0438\u0438 Skyline","og_description":"\u0421\u0430\u0444\u0430\u0440\u0438 \u0432 \u0421\u0435\u0432\u0435\u0440\u043d\u043e\u0439 \u0422\u0430\u043d\u0437\u0430\u043d\u0438\u0438 \u043d\u0430 2 \u0434\u043d\u044f \u0432 \u0444\u043e\u0440\u043c\u0430\u0442\u0435\u00a0\"\u0432\u0441\u0435 \u0432\u043a\u043b\u044e\u0447\u0435\u043d\u043e\"\u00a0\u0441 \u043f\u043e\u0441\u0435\u0449\u0435\u043d\u0438\u0435\u043c \u043f\u0430\u0440\u043a\u043e\u0432 \u041d\u0433\u043e\u0440\u043e\u043d\u0433\u043e\u0440\u043e \u0438 \u041e\u0437\u0435\u0440\u043e \u041c\u0430\u043d\u044c\u044f\u0440\u0430","og_url":"https:\/\/skyline-gs.com\/fr\/produit\/lake-manyara-ngorongoro-masai-2-days-zanzibar\/","og_site_name":"\u042d\u043a\u0441\u043a\u0443\u0440\u0441\u0438\u0438 Skyline","article_modified_time":"2024-01-24T15:12:04+00:00","og_image":[{"width":900,"height":600,"url":"https:\/\/skyline-gs.com\/wp-content\/uploads\/2020\/12\/Ozero-Manyara-34-of-40.jpg","type":"image\/jpeg"}],"twitter_card":"summary_large_image","twitter_misc":{"Dur\u00e9e de lecture estim\u00e9e":"3 minutes"},"schema":{"@context":"https:\/\/schema.org","@graph":[{"@type":"WebPage","@id":"https:\/\/skyline-gs.com\/it\/prodotto\/lake-manyara-ngorongoro-masai-2-days-zanzibar\/","url":"https:\/\/skyline-gs.com\/it\/prodotto\/lake-manyara-ngorongoro-masai-2-days-zanzibar\/","name":"\u041e\u0437\u0435\u0440\u043e \u041c\u0430\u043d\u044c\u044f\u0440\u0430, \u041d\u0433\u043e\u0440\u043e\u043d\u0433\u043e\u0440\u043e \u0438 \u043f\u043b\u0435\u043c\u044f \u041c\u0430\u0441\u0430\u0438 \u043d\u0430 2 \u0434\u043d\u044f &#8226; \u042d\u043a\u0441\u043a\u0443\u0440\u0441\u0438\u0438 Skyline","isPartOf":{"@id":"https:\/\/skyline-gs.com\/it\/#website"},"primaryImageOfPage":{"@id":"https:\/\/skyline-gs.com\/it\/prodotto\/lake-manyara-ngorongoro-masai-2-days-zanzibar\/#primaryimage"},"image":{"@id":"https:\/\/skyline-gs.com\/it\/prodotto\/lake-manyara-ngorongoro-masai-2-days-zanzibar\/#primaryimage"},"thumbnailUrl":"https:\/\/skyline-gs.com\/wp-content\/uploads\/2020\/12\/Ozero-Manyara-34-of-40.jpg","datePublished":"2020-12-14T22:50:52+00:00","dateModified":"2024-01-24T15:12:04+00:00","breadcrumb":{"@id":"https:\/\/skyline-gs.com\/it\/prodotto\/lake-manyara-ngorongoro-masai-2-days-zanzibar\/#breadcrumb"},"inLanguage":"fr-FR","potentialAction":[{"@type":"ReadAction","target":["https:\/\/skyline-gs.com\/it\/prodotto\/lake-manyara-ngorongoro-masai-2-days-zanzibar\/"]}]},{"@type":"ImageObject","inLanguage":"fr-FR","@id":"https:\/\/skyline-gs.com\/it\/prodotto\/lake-manyara-ngorongoro-masai-2-days-zanzibar\/#primaryimage","url":"https:\/\/skyline-gs.com\/wp-content\/uploads\/2020\/12\/Ozero-Manyara-34-of-40.jpg","contentUrl":"https:\/\/skyline-gs.com\/wp-content\/uploads\/2020\/12\/Ozero-Manyara-34-of-40.jpg","width":900,"height":600},{"@type":"BreadcrumbList","@id":"https:\/\/skyline-gs.com\/it\/prodotto\/lake-manyara-ngorongoro-masai-2-days-zanzibar\/#breadcrumb","itemListElement":[{"@type":"ListItem","position":1,"name":"\u0413\u043b\u0430\u0432\u043d\u0430\u044f \u0441\u0442\u0440\u0430\u043d\u0438\u0446\u0430","item":"https:\/\/skyline-gs.com\/hu\/"},{"@type":"ListItem","position":2,"name":"\u041c\u0430\u0433\u0430\u0437\u0438\u043d","item":"https:\/\/skyline-gs.com\/cs\/shop\/"},{"@type":"ListItem","position":3,"name":"\u041e\u0437\u0435\u0440\u043e \u041c\u0430\u043d\u044c\u044f\u0440\u0430, \u041d\u0433\u043e\u0440\u043e\u043d\u0433\u043e\u0440\u043e \u0438 \u043f\u043b\u0435\u043c\u044f \u041c\u0430\u0441\u0430\u0438 \u043d\u0430 2 \u0434\u043d\u044f"}]},{"@type":"WebSite","@id":"https:\/\/skyline-gs.com\/it\/#website","url":"https:\/\/skyline-gs.com\/it\/","name":"Excursions Skyline","description":"Excursions exclusives dans les meilleurs centres de vill\u00e9giature du monde","publisher":{"@id":"https:\/\/skyline-gs.com\/it\/#organization"},"alternateName":"Skyline","potentialAction":[{"@type":"SearchAction","target":{"@type":"EntryPoint","urlTemplate":"https:\/\/skyline-gs.com\/it\/?s={search_term_string}"},"query-input":{"@type":"PropertyValueSpecification","valueRequired":true,"valueName":"search_term_string"}}],"inLanguage":"fr-FR"},{"@type":"Organization","@id":"https:\/\/skyline-gs.com\/it\/#organization","name":"Excursions Skyline","alternateName":"\u042d\u043a\u0441\u043a\u0443\u0440\u0441\u0438\u0438 Skyline","url":"https:\/\/skyline-gs.com\/it\/","logo":{"@type":"ImageObject","inLanguage":"fr-FR","@id":"https:\/\/skyline-gs.com\/it\/#\/schema\/logo\/image\/","url":"https:\/\/skyline-gs.com\/wp-content\/uploads\/2020\/12\/cropped-logo-2.png","contentUrl":"https:\/\/skyline-gs.com\/wp-content\/uploads\/2020\/12\/cropped-logo-2.png","width":512,"height":512,"caption":"\u042d\u043a\u0441\u043a\u0443\u0440\u0441\u0438\u0438 Skyline"},"image":{"@id":"https:\/\/skyline-gs.com\/it\/#\/schema\/logo\/image\/"},"sameAs":["https:\/\/www.instagram.com\/skylineglobalservice\/"]}]}},"_links":{"self":[{"href":"https:\/\/skyline-gs.com\/fr\/wp-json\/wp\/v2\/product\/16529","targetHints":{"allow":["GET"]}}],"collection":[{"href":"https:\/\/skyline-gs.com\/fr\/wp-json\/wp\/v2\/product"}],"about":[{"href":"https:\/\/skyline-gs.com\/fr\/wp-json\/wp\/v2\/types\/product"}],"version-history":[{"count":0,"href":"https:\/\/skyline-gs.com\/fr\/wp-json\/wp\/v2\/product\/16529\/revisions"}],"wp:featuredmedia":[{"embeddable":true,"href":"https:\/\/skyline-gs.com\/fr\/wp-json\/wp\/v2\/media\/25685"}],"wp:attachment":[{"href":"https:\/\/skyline-gs.com\/fr\/wp-json\/wp\/v2\/media?parent=16529"}],"wp:term":[{"taxonomy":"product_brand","embeddable":true,"href":"https:\/\/skyline-gs.com\/fr\/wp-json\/wp\/v2\/product_brand?post=16529"},{"taxonomy":"product_cat","embeddable":true,"href":"https:\/\/skyline-gs.com\/fr\/wp-json\/wp\/v2\/product_cat?post=16529"},{"taxonomy":"product_tag","embeddable":true,"href":"https:\/\/skyline-gs.com\/fr\/wp-json\/wp\/v2\/product_tag?post=16529"}],"curies":[{"name":"wp","href":"https:\/\/api.w.org\/{rel}","templated":true}]}}