{"id":64714,"date":"2025-07-10T23:32:41","date_gmt":"2025-07-10T21:32:41","guid":{"rendered":"http:\/\/skyline-gs.com\/?post_type=product&#038;p=64714"},"modified":"2025-07-10T23:37:13","modified_gmt":"2025-07-10T21:37:13","slug":"tazy-rafting-antalya","status":"publish","type":"product","link":"https:\/\/skyline-gs.com\/en\/product\/tazy-rafting-antalya\/","title":{"rendered":"Tazy Canyon + Rafting"},"content":{"rendered":"<p data-start=\"525\" data-end=\"664\">Immerse yourself in Turkey's natural contrasts: explore canyons with scenic panoramas, enjoy a drive through mountainous terrain and end the day with an active river rafting trip with experienced instructors.<strong data-start=\"525\" data-end=\"557\"><br \/>\n<\/strong><\/p>\n<p data-start=\"734\" data-end=\"872\"><strong data-start=\"734\" data-end=\"766\">8:00 - Departure from the hotel in Antalya. <\/strong>Transfer to K\u00f6pr\u00fcl\u00fc National Park. Travel time is about 1 hour (depending on hotel location).<\/p>\n<ul>\n<li data-start=\"874\" data-end=\"947\"><strong data-start=\"874\" data-end=\"892\">K\u00f6pr\u00fcl\u00fc Canyon<\/strong> - first stop for a short rest and briefing.<\/li>\n<li data-start=\"874\" data-end=\"947\"><strong style=\"font-family: var(--global-body-font-family);\" data-start=\"949\" data-end=\"975\">Transfer to Tazy Canyon. <\/strong>Transfer to convertible buses and drive to Tazy Canyon (about 30 minutes). On the way - overview of the mountain scenery.<\/li>\n<li data-start=\"874\" data-end=\"947\"><strong style=\"font-family: var(--global-body-font-family);\" data-start=\"1083\" data-end=\"1098\">Tazy Canyon<\/strong><span style=\"font-family: var(--global-body-font-family);\"> - 30-40 minutes of free time. Opportunity to walk, observe from vantage points and take photos.<\/span><\/li>\n<li data-start=\"874\" data-end=\"947\"><strong style=\"font-family: var(--global-body-font-family);\" data-start=\"1198\" data-end=\"1223\">Return to K\u00f6pr\u00fcl\u00fc. <\/strong>Preparation for rafting: briefing, signing documents, getting equipment (vest, helmet).<\/li>\n<li data-start=\"874\" data-end=\"947\"><strong style=\"font-family: var(--global-body-font-family);\" data-start=\"1322\" data-end=\"1349\">Rafting on the K\u00f6pr\u00fcl\u00fc River<\/strong><span style=\"font-family: var(--global-body-font-family);\"> - rafting duration: 2-2.5 hours. There are 2 technical stops along the route - for 30 and 15 minutes.<\/span><\/li>\n<li data-start=\"874\" data-end=\"947\"><strong style=\"font-family: var(--global-body-font-family);\" data-start=\"1456\" data-end=\"1478\">Showering and changing<\/strong><span style=\"font-family: var(--global-body-font-family);\"> - at the end of the rafting trip.<\/span><\/li>\n<li data-start=\"874\" data-end=\"947\"><strong style=\"font-family: var(--global-body-font-family);\" data-start=\"1505\" data-end=\"1513\">Lunch <\/strong>Buffet: chicken kebab, fish, pilaf, pasta, fresh salads.<\/li>\n<\/ul>\n<p data-start=\"1585\" data-end=\"1679\"><strong>19:00 - Return to the hotel.<\/strong><\/p>\n<p><strong>Included:<\/strong><\/p>\n<ul>\n<li data-start=\"1703\" data-end=\"1732\">Transfer from the hotel and back<\/li>\n<li data-start=\"1735\" data-end=\"1797\">Transfers along the route, including a convertible bus to Tazy Canyon<\/li>\n<li data-start=\"1800\" data-end=\"1821\">English speaking guide<\/li>\n<li data-start=\"1824\" data-end=\"1849\">Rafting equipment<\/li>\n<li data-start=\"1852\" data-end=\"1880\">Instruction and accompaniment<\/li>\n<li data-start=\"1883\" data-end=\"1889\">Lunch<\/li>\n<li data-start=\"1892\" data-end=\"1901\">Insurance<\/li>\n<\/ul>\n<p><strong>Not included:<\/strong><\/p>\n<ul>\n<li data-start=\"1928\" data-end=\"1937\">Drinks<\/li>\n<li data-start=\"1940\" data-end=\"1988\">Photo and video recording (USB with materials - 30$)<\/li>\n<li data-start=\"1991\" data-end=\"2026\">Bandana, goggles, phone case.<\/li>\n<li data-start=\"2029\" data-end=\"2067\">Rafting shoes (8$ - optional)<\/li>\n<li data-start=\"2070\" data-end=\"2100\">Kayak (10$ - optional)<\/li>\n<li data-start=\"2103\" data-end=\"2135\">Wetsuit (5$ - optional)<\/li>\n<li data-start=\"2138\" data-end=\"2152\">Personal expenses<\/li>\n<\/ul>\n<p><strong>Take with you:<\/strong><\/p>\n<ul>\n<li data-start=\"2193\" data-end=\"2215\">Swimsuit or trunks<\/li>\n<li data-start=\"2218\" data-end=\"2229\">Towel<\/li>\n<li data-start=\"2232\" data-end=\"2270\">Comfortable shoes (preferably rubber shoes)<\/li>\n<li data-start=\"2273\" data-end=\"2294\">Sunscreen<\/li>\n<li data-start=\"2297\" data-end=\"2323\">Cash for personal expenses<\/li>\n<\/ul>","protected":false},"excerpt":{"rendered":"<p><strong>Tour time:<\/strong> 8:00 \u2014 19:00<\/p>\n<p><strong>Tour days:<\/strong> Every day<\/p>","protected":false},"featured_media":63907,"template":"","meta":{"_kad_post_transparent":"default","_kad_post_title":"","_kad_post_layout":"default","_kad_post_sidebar_id":"","_kad_post_content_style":"default","_kad_post_vertical_padding":"default","_kad_post_feature":"","_kad_post_feature_position":"","_kad_post_header":false,"_kad_post_footer":false,"_kad_post_classname":"","_glsr_average":0,"_glsr_ranking":0,"_glsr_reviews":0},"product_brand":[],"product_cat":[450],"product_tag":[],"class_list":{"0":"post-64714","1":"product","2":"type-product","3":"status-publish","4":"has-post-thumbnail","6":"product_cat-antalya","7":"tm-has-options","9":"first","10":"instock","11":"sale","12":"sold-individually","13":"taxable","14":"shipping-taxable","15":"purchasable","16":"product-type-simple","17":"entry","18":"content-bg","19":"loop-entry"},"yoast_head":"<!-- This site is optimized with the Yoast SEO plugin v27.3 - https:\/\/yoast.com\/product\/yoast-seo-wordpress\/ -->\n<title>\u041a\u0430\u043d\u044c\u043e\u043d \u0422\u0430\u0437\u044b \u0438\u0437 \u0410\u043d\u0442\u0430\u043b\u0438\u0438 &#8226; \u042d\u043a\u0441\u043a\u0443\u0440\u0441\u0438\u0438 Skyline<\/title>\n<meta name=\"description\" content=\"\u0418\u0441\u0441\u043b\u0435\u0434\u0443\u0439\u0442\u0435 \u043a\u0430\u043d\u044c\u043e\u043d\u044b \u0441 \u0436\u0438\u0432\u043e\u043f\u0438\u0441\u043d\u044b\u043c\u0438 \u043f\u0430\u043d\u043e\u0440\u0430\u043c\u0430\u043c\u0438, \u043d\u0430\u0441\u043b\u0430\u0434\u0438\u0442\u0435\u0441\u044c \u043f\u043e\u0435\u0437\u0434\u043a\u043e\u0439 \u043f\u043e \u0433\u043e\u0440\u043d\u043e\u0439 \u043c\u0435\u0441\u0442\u043d\u043e\u0441\u0442\u0438 \u0438 \u0437\u0430\u0432\u0435\u0440\u0448\u0438\u0442\u0435 \u0434\u0435\u043d\u044c \u0441\u043f\u043b\u0430\u0432\u043e\u043c \u043f\u043e \u0440\u0435\u043a\u0435. \u0417\u0430\u043a\u0430\u0436\u0438\u0442\u0435 \u0443\u0436\u0435 \u0441\u0435\u0439\u0447\u0430\u0441!\" \/>\n<meta name=\"robots\" content=\"index, follow, max-snippet:-1, max-image-preview:large, max-video-preview:-1\" \/>\n<link rel=\"canonical\" href=\"https:\/\/skyline-gs.com\/en\/product-2\/tazy-rafting-antalya\/\" \/>\n<meta property=\"og:locale\" content=\"en_US\" \/>\n<meta property=\"og:type\" content=\"article\" \/>\n<meta property=\"og:title\" content=\"\u041a\u0430\u043d\u044c\u043e\u043d \u0422\u0430\u0437\u044b \u0438\u0437 \u0410\u043d\u0442\u0430\u043b\u0438\u0438 &#8226; \u042d\u043a\u0441\u043a\u0443\u0440\u0441\u0438\u0438 Skyline\" \/>\n<meta property=\"og:description\" content=\"\u0418\u0441\u0441\u043b\u0435\u0434\u0443\u0439\u0442\u0435 \u043a\u0430\u043d\u044c\u043e\u043d\u044b \u0441 \u0436\u0438\u0432\u043e\u043f\u0438\u0441\u043d\u044b\u043c\u0438 \u043f\u0430\u043d\u043e\u0440\u0430\u043c\u0430\u043c\u0438, \u043d\u0430\u0441\u043b\u0430\u0434\u0438\u0442\u0435\u0441\u044c \u043f\u043e\u0435\u0437\u0434\u043a\u043e\u0439 \u043f\u043e \u0433\u043e\u0440\u043d\u043e\u0439 \u043c\u0435\u0441\u0442\u043d\u043e\u0441\u0442\u0438 \u0438 \u0437\u0430\u0432\u0435\u0440\u0448\u0438\u0442\u0435 \u0434\u0435\u043d\u044c \u0441\u043f\u043b\u0430\u0432\u043e\u043c \u043f\u043e \u0440\u0435\u043a\u0435. \u0417\u0430\u043a\u0430\u0436\u0438\u0442\u0435 \u0443\u0436\u0435 \u0441\u0435\u0439\u0447\u0430\u0441!\" \/>\n<meta property=\"og:url\" content=\"https:\/\/skyline-gs.com\/en\/product-2\/tazy-rafting-antalya\/\" \/>\n<meta property=\"og:site_name\" content=\"\u042d\u043a\u0441\u043a\u0443\u0440\u0441\u0438\u0438 Skyline\" \/>\n<meta property=\"article:modified_time\" content=\"2025-07-10T21:37:13+00:00\" \/>\n<meta property=\"og:image\" content=\"https:\/\/skyline-gs.com\/wp-content\/uploads\/2025\/06\/\u041a\u0430\u043d\u044c\u043e\u043d-\u0422\u0430\u0437\u044b-22.jpg\" \/>\n\t<meta property=\"og:image:width\" content=\"669\" \/>\n\t<meta property=\"og:image:height\" content=\"446\" \/>\n\t<meta property=\"og:image:type\" content=\"image\/jpeg\" \/>\n<meta name=\"twitter:card\" content=\"summary_large_image\" \/>\n<meta name=\"twitter:label1\" content=\"Est. reading time\" \/>\n\t<meta name=\"twitter:data1\" content=\"2 minutes\" \/>\n<script type=\"application\/ld+json\" class=\"yoast-schema-graph\">{\"@context\":\"https:\\\/\\\/schema.org\",\"@graph\":[{\"@type\":\"WebPage\",\"@id\":\"https:\\\/\\\/skyline-gs.com\\\/fr\\\/produit\\\/tazy-rafting-antalya\\\/\",\"url\":\"https:\\\/\\\/skyline-gs.com\\\/fr\\\/produit\\\/tazy-rafting-antalya\\\/\",\"name\":\"\u041a\u0430\u043d\u044c\u043e\u043d \u0422\u0430\u0437\u044b \u0438\u0437 \u0410\u043d\u0442\u0430\u043b\u0438\u0438 &#8226; \u042d\u043a\u0441\u043a\u0443\u0440\u0441\u0438\u0438 Skyline\",\"isPartOf\":{\"@id\":\"https:\\\/\\\/skyline-gs.com\\\/it\\\/#website\"},\"primaryImageOfPage\":{\"@id\":\"https:\\\/\\\/skyline-gs.com\\\/fr\\\/produit\\\/tazy-rafting-antalya\\\/#primaryimage\"},\"image\":{\"@id\":\"https:\\\/\\\/skyline-gs.com\\\/fr\\\/produit\\\/tazy-rafting-antalya\\\/#primaryimage\"},\"thumbnailUrl\":\"https:\\\/\\\/skyline-gs.com\\\/wp-content\\\/uploads\\\/2025\\\/06\\\/\u041a\u0430\u043d\u044c\u043e\u043d-\u0422\u0430\u0437\u044b-22.jpg\",\"datePublished\":\"2025-07-10T21:32:41+00:00\",\"dateModified\":\"2025-07-10T21:37:13+00:00\",\"description\":\"\u0418\u0441\u0441\u043b\u0435\u0434\u0443\u0439\u0442\u0435 \u043a\u0430\u043d\u044c\u043e\u043d\u044b \u0441 \u0436\u0438\u0432\u043e\u043f\u0438\u0441\u043d\u044b\u043c\u0438 \u043f\u0430\u043d\u043e\u0440\u0430\u043c\u0430\u043c\u0438, \u043d\u0430\u0441\u043b\u0430\u0434\u0438\u0442\u0435\u0441\u044c \u043f\u043e\u0435\u0437\u0434\u043a\u043e\u0439 \u043f\u043e \u0433\u043e\u0440\u043d\u043e\u0439 \u043c\u0435\u0441\u0442\u043d\u043e\u0441\u0442\u0438 \u0438 \u0437\u0430\u0432\u0435\u0440\u0448\u0438\u0442\u0435 \u0434\u0435\u043d\u044c \u0441\u043f\u043b\u0430\u0432\u043e\u043c \u043f\u043e \u0440\u0435\u043a\u0435. \u0417\u0430\u043a\u0430\u0436\u0438\u0442\u0435 \u0443\u0436\u0435 \u0441\u0435\u0439\u0447\u0430\u0441!\",\"breadcrumb\":{\"@id\":\"https:\\\/\\\/skyline-gs.com\\\/fr\\\/produit\\\/tazy-rafting-antalya\\\/#breadcrumb\"},\"inLanguage\":\"en-US\",\"potentialAction\":[{\"@type\":\"ReadAction\",\"target\":[\"https:\\\/\\\/skyline-gs.com\\\/fr\\\/produit\\\/tazy-rafting-antalya\\\/\"]}]},{\"@type\":\"ImageObject\",\"inLanguage\":\"en-US\",\"@id\":\"https:\\\/\\\/skyline-gs.com\\\/fr\\\/produit\\\/tazy-rafting-antalya\\\/#primaryimage\",\"url\":\"https:\\\/\\\/skyline-gs.com\\\/wp-content\\\/uploads\\\/2025\\\/06\\\/\u041a\u0430\u043d\u044c\u043e\u043d-\u0422\u0430\u0437\u044b-22.jpg\",\"contentUrl\":\"https:\\\/\\\/skyline-gs.com\\\/wp-content\\\/uploads\\\/2025\\\/06\\\/\u041a\u0430\u043d\u044c\u043e\u043d-\u0422\u0430\u0437\u044b-22.jpg\",\"width\":669,\"height\":446},{\"@type\":\"BreadcrumbList\",\"@id\":\"https:\\\/\\\/skyline-gs.com\\\/fr\\\/produit\\\/tazy-rafting-antalya\\\/#breadcrumb\",\"itemListElement\":[{\"@type\":\"ListItem\",\"position\":1,\"name\":\"\u0413\u043b\u0430\u0432\u043d\u0430\u044f \u0441\u0442\u0440\u0430\u043d\u0438\u0446\u0430\",\"item\":\"https:\\\/\\\/skyline-gs.com\\\/hu\\\/\"},{\"@type\":\"ListItem\",\"position\":2,\"name\":\"\u041c\u0430\u0433\u0430\u0437\u0438\u043d\",\"item\":\"https:\\\/\\\/skyline-gs.com\\\/cs\\\/shop\\\/\"},{\"@type\":\"ListItem\",\"position\":3,\"name\":\"\u041a\u0430\u043d\u044c\u043e\u043d \u0422\u0430\u0437\u044b + \u0420\u0430\u0444\u0442\u0438\u043d\u0433\"}]},{\"@type\":\"WebSite\",\"@id\":\"https:\\\/\\\/skyline-gs.com\\\/it\\\/#website\",\"url\":\"https:\\\/\\\/skyline-gs.com\\\/it\\\/\",\"name\":\"\u042d\u043a\u0441\u043a\u0443\u0440\u0441\u0438\u0438 Skyline\",\"description\":\"\u042d\u043a\u0441\u043a\u043b\u044e\u0437\u0438\u0432\u043d\u044b\u0435 \u044d\u043a\u0441\u043a\u0443\u0440\u0441\u0438\u0438 \u043d\u0430 \u043b\u0443\u0447\u0448\u0438\u0445 \u043a\u0443\u0440\u043e\u0440\u0442\u0430\u0445 \u043c\u0438\u0440\u0430\",\"publisher\":{\"@id\":\"https:\\\/\\\/skyline-gs.com\\\/it\\\/#organization\"},\"alternateName\":\"Skyline\",\"potentialAction\":[{\"@type\":\"SearchAction\",\"target\":{\"@type\":\"EntryPoint\",\"urlTemplate\":\"https:\\\/\\\/skyline-gs.com\\\/it\\\/?s={search_term_string}\"},\"query-input\":{\"@type\":\"PropertyValueSpecification\",\"valueRequired\":true,\"valueName\":\"search_term_string\"}}],\"inLanguage\":\"en-US\"},{\"@type\":\"Organization\",\"@id\":\"https:\\\/\\\/skyline-gs.com\\\/it\\\/#organization\",\"name\":\"\u042d\u043a\u0441\u043a\u0443\u0440\u0441\u0438\u0438 Skyline\",\"alternateName\":\"\u042d\u043a\u0441\u043a\u0443\u0440\u0441\u0438\u0438 Skyline\",\"url\":\"https:\\\/\\\/skyline-gs.com\\\/it\\\/\",\"logo\":{\"@type\":\"ImageObject\",\"inLanguage\":\"en-US\",\"@id\":\"https:\\\/\\\/skyline-gs.com\\\/it\\\/#\\\/schema\\\/logo\\\/image\\\/\",\"url\":\"https:\\\/\\\/skyline-gs.com\\\/wp-content\\\/uploads\\\/2020\\\/12\\\/cropped-logo-2.png\",\"contentUrl\":\"https:\\\/\\\/skyline-gs.com\\\/wp-content\\\/uploads\\\/2020\\\/12\\\/cropped-logo-2.png\",\"width\":512,\"height\":512,\"caption\":\"\u042d\u043a\u0441\u043a\u0443\u0440\u0441\u0438\u0438 Skyline\"},\"image\":{\"@id\":\"https:\\\/\\\/skyline-gs.com\\\/it\\\/#\\\/schema\\\/logo\\\/image\\\/\"},\"sameAs\":[\"https:\\\/\\\/www.instagram.com\\\/skylineglobalservice\\\/\"]}]}<\/script>\n<!-- \/ Yoast SEO plugin. -->","yoast_head_json":{"title":"Tazy Canyon from Antalya - Skyline Excursions","description":"Explore canyons with scenic panoramas, enjoy a drive through mountainous terrain and end the day with river rafting. Book now!","robots":{"index":"index","follow":"follow","max-snippet":"max-snippet:-1","max-image-preview":"max-image-preview:large","max-video-preview":"max-video-preview:-1"},"canonical":"https:\/\/skyline-gs.com\/en\/product-2\/tazy-rafting-antalya\/","og_locale":"en_US","og_type":"article","og_title":"\u041a\u0430\u043d\u044c\u043e\u043d \u0422\u0430\u0437\u044b \u0438\u0437 \u0410\u043d\u0442\u0430\u043b\u0438\u0438 &#8226; \u042d\u043a\u0441\u043a\u0443\u0440\u0441\u0438\u0438 Skyline","og_description":"\u0418\u0441\u0441\u043b\u0435\u0434\u0443\u0439\u0442\u0435 \u043a\u0430\u043d\u044c\u043e\u043d\u044b \u0441 \u0436\u0438\u0432\u043e\u043f\u0438\u0441\u043d\u044b\u043c\u0438 \u043f\u0430\u043d\u043e\u0440\u0430\u043c\u0430\u043c\u0438, \u043d\u0430\u0441\u043b\u0430\u0434\u0438\u0442\u0435\u0441\u044c \u043f\u043e\u0435\u0437\u0434\u043a\u043e\u0439 \u043f\u043e \u0433\u043e\u0440\u043d\u043e\u0439 \u043c\u0435\u0441\u0442\u043d\u043e\u0441\u0442\u0438 \u0438 \u0437\u0430\u0432\u0435\u0440\u0448\u0438\u0442\u0435 \u0434\u0435\u043d\u044c \u0441\u043f\u043b\u0430\u0432\u043e\u043c \u043f\u043e \u0440\u0435\u043a\u0435. \u0417\u0430\u043a\u0430\u0436\u0438\u0442\u0435 \u0443\u0436\u0435 \u0441\u0435\u0439\u0447\u0430\u0441!","og_url":"https:\/\/skyline-gs.com\/en\/product-2\/tazy-rafting-antalya\/","og_site_name":"\u042d\u043a\u0441\u043a\u0443\u0440\u0441\u0438\u0438 Skyline","article_modified_time":"2025-07-10T21:37:13+00:00","og_image":[{"width":669,"height":446,"url":"https:\/\/skyline-gs.com\/wp-content\/uploads\/2025\/06\/\u041a\u0430\u043d\u044c\u043e\u043d-\u0422\u0430\u0437\u044b-22.jpg","type":"image\/jpeg"}],"twitter_card":"summary_large_image","twitter_misc":{"Est. reading time":"2 minutes"},"schema":{"@context":"https:\/\/schema.org","@graph":[{"@type":"WebPage","@id":"https:\/\/skyline-gs.com\/fr\/produit\/tazy-rafting-antalya\/","url":"https:\/\/skyline-gs.com\/fr\/produit\/tazy-rafting-antalya\/","name":"Tazy Canyon from Antalya - Skyline Excursions","isPartOf":{"@id":"https:\/\/skyline-gs.com\/it\/#website"},"primaryImageOfPage":{"@id":"https:\/\/skyline-gs.com\/fr\/produit\/tazy-rafting-antalya\/#primaryimage"},"image":{"@id":"https:\/\/skyline-gs.com\/fr\/produit\/tazy-rafting-antalya\/#primaryimage"},"thumbnailUrl":"https:\/\/skyline-gs.com\/wp-content\/uploads\/2025\/06\/\u041a\u0430\u043d\u044c\u043e\u043d-\u0422\u0430\u0437\u044b-22.jpg","datePublished":"2025-07-10T21:32:41+00:00","dateModified":"2025-07-10T21:37:13+00:00","description":"Explore canyons with scenic panoramas, enjoy a drive through mountainous terrain and end the day with river rafting. Book now!","breadcrumb":{"@id":"https:\/\/skyline-gs.com\/fr\/produit\/tazy-rafting-antalya\/#breadcrumb"},"inLanguage":"en-US","potentialAction":[{"@type":"ReadAction","target":["https:\/\/skyline-gs.com\/fr\/produit\/tazy-rafting-antalya\/"]}]},{"@type":"ImageObject","inLanguage":"en-US","@id":"https:\/\/skyline-gs.com\/fr\/produit\/tazy-rafting-antalya\/#primaryimage","url":"https:\/\/skyline-gs.com\/wp-content\/uploads\/2025\/06\/\u041a\u0430\u043d\u044c\u043e\u043d-\u0422\u0430\u0437\u044b-22.jpg","contentUrl":"https:\/\/skyline-gs.com\/wp-content\/uploads\/2025\/06\/\u041a\u0430\u043d\u044c\u043e\u043d-\u0422\u0430\u0437\u044b-22.jpg","width":669,"height":446},{"@type":"BreadcrumbList","@id":"https:\/\/skyline-gs.com\/fr\/produit\/tazy-rafting-antalya\/#breadcrumb","itemListElement":[{"@type":"ListItem","position":1,"name":"\u0413\u043b\u0430\u0432\u043d\u0430\u044f \u0441\u0442\u0440\u0430\u043d\u0438\u0446\u0430","item":"https:\/\/skyline-gs.com\/hu\/"},{"@type":"ListItem","position":2,"name":"\u041c\u0430\u0433\u0430\u0437\u0438\u043d","item":"https:\/\/skyline-gs.com\/cs\/shop\/"},{"@type":"ListItem","position":3,"name":"\u041a\u0430\u043d\u044c\u043e\u043d \u0422\u0430\u0437\u044b + \u0420\u0430\u0444\u0442\u0438\u043d\u0433"}]},{"@type":"WebSite","@id":"https:\/\/skyline-gs.com\/it\/#website","url":"https:\/\/skyline-gs.com\/it\/","name":"Skyline Tours","description":"Exclusive excursions in the best resorts of the world","publisher":{"@id":"https:\/\/skyline-gs.com\/it\/#organization"},"alternateName":"Skyline","potentialAction":[{"@type":"SearchAction","target":{"@type":"EntryPoint","urlTemplate":"https:\/\/skyline-gs.com\/it\/?s={search_term_string}"},"query-input":{"@type":"PropertyValueSpecification","valueRequired":true,"valueName":"search_term_string"}}],"inLanguage":"en-US"},{"@type":"Organization","@id":"https:\/\/skyline-gs.com\/it\/#organization","name":"Skyline Tours","alternateName":"\u042d\u043a\u0441\u043a\u0443\u0440\u0441\u0438\u0438 Skyline","url":"https:\/\/skyline-gs.com\/it\/","logo":{"@type":"ImageObject","inLanguage":"en-US","@id":"https:\/\/skyline-gs.com\/it\/#\/schema\/logo\/image\/","url":"https:\/\/skyline-gs.com\/wp-content\/uploads\/2020\/12\/cropped-logo-2.png","contentUrl":"https:\/\/skyline-gs.com\/wp-content\/uploads\/2020\/12\/cropped-logo-2.png","width":512,"height":512,"caption":"\u042d\u043a\u0441\u043a\u0443\u0440\u0441\u0438\u0438 Skyline"},"image":{"@id":"https:\/\/skyline-gs.com\/it\/#\/schema\/logo\/image\/"},"sameAs":["https:\/\/www.instagram.com\/skylineglobalservice\/"]}]}},"_links":{"self":[{"href":"https:\/\/skyline-gs.com\/en\/wp-json\/wp\/v2\/product\/64714","targetHints":{"allow":["GET"]}}],"collection":[{"href":"https:\/\/skyline-gs.com\/en\/wp-json\/wp\/v2\/product"}],"about":[{"href":"https:\/\/skyline-gs.com\/en\/wp-json\/wp\/v2\/types\/product"}],"version-history":[{"count":0,"href":"https:\/\/skyline-gs.com\/en\/wp-json\/wp\/v2\/product\/64714\/revisions"}],"wp:featuredmedia":[{"embeddable":true,"href":"https:\/\/skyline-gs.com\/en\/wp-json\/wp\/v2\/media\/63907"}],"wp:attachment":[{"href":"https:\/\/skyline-gs.com\/en\/wp-json\/wp\/v2\/media?parent=64714"}],"wp:term":[{"taxonomy":"product_brand","embeddable":true,"href":"https:\/\/skyline-gs.com\/en\/wp-json\/wp\/v2\/product_brand?post=64714"},{"taxonomy":"product_cat","embeddable":true,"href":"https:\/\/skyline-gs.com\/en\/wp-json\/wp\/v2\/product_cat?post=64714"},{"taxonomy":"product_tag","embeddable":true,"href":"https:\/\/skyline-gs.com\/en\/wp-json\/wp\/v2\/product_tag?post=64714"}],"curies":[{"name":"wp","href":"https:\/\/api.w.org\/{rel}","templated":true}]}}