{"id":64269,"date":"2025-06-15T00:26:23","date_gmt":"2025-06-14T22:26:23","guid":{"rendered":"http:\/\/skyline-gs.com\/?post_type=product&#038;p=64269"},"modified":"2025-06-16T23:21:03","modified_gmt":"2025-06-16T21:21:03","slug":"super-drive-3-in-1-kemer","status":"publish","type":"product","link":"https:\/\/skyline-gs.com\/en\/product\/super-drive-3-in-1-kemer\/","title":{"rendered":"Super drive 3 in 1: Rafting + Zipline + ATVs\/Buggies"},"content":{"rendered":"<p>A bright day in the mountains and canyons! A rich program awaits you: river rafting, ATV or buggy riding and exciting ziplining - all in one tour.<\/p>\n<p><strong>8:00 - Check out of the hotel. <\/strong>Transfer from hotel in Kemer to K\u00f6pr\u00fcl\u00fc National Park<\/p>\n<ul>\n<li>Arrival at the base, briefing and issuance of equipment<\/li>\n<li>Rafting on the K\u00f6pr\u00fc\u00e7ay River (about 2 hours) with swimming stops<\/li>\n<li>Lunch on the shore: buffet (salads, pilaf, pasta, chicken kebab, fish)<\/li>\n<li>Riding through the canyon on buggies or ATVs (20-30 minutes, your choice)<\/li>\n<li>Zipline - descent over the Taza Canyon (600 m long)<\/li>\n<\/ul>\n<p data-start=\"764\" data-end=\"809\"><strong>19:00 - Return to the hotel.<\/strong><\/p>\n<p><strong>Included:<\/strong><\/p>\n<ul>\n<li>Transfers from the hotel and back<\/li>\n<li>Experienced escort<\/li>\n<li>Rafting + equipment (helmets, vests, paddles)<\/li>\n<li>Zipline<\/li>\n<li>Buggy or ATV (optional upon booking)<\/li>\n<li>Lunch<\/li>\n<li>Insurance<\/li>\n<\/ul>\n<p><strong>Not included:<\/strong><\/p>\n<ul>\n<li>Drinks<\/li>\n<li>Photos and videos on USB<\/li>\n<li>Dustproof bandana (optional)<\/li>\n<li>Safari goggles<\/li>\n<li>Wetsuit<\/li>\n<li>Rubber shoes<\/li>\n<li>Phone case<\/li>\n<li>Rafting kayak<\/li>\n<li>Personal expenses<\/li>\n<\/ul>\n<p><strong>Take with you:<\/strong><\/p>\n<ul>\n<li>Swimsuit, towel, headgear.<\/li>\n<li>Change of dry clothes<\/li>\n<li>Closed shoes (flip-flops will not be allowed for rafting)<\/li>\n<li>Sunglasses and sunscreen<\/li>\n<li>T-shirt under the vest<\/li>\n<li>Water and cash for personal expenses<\/li>\n<\/ul>","protected":false},"excerpt":{"rendered":"<p><strong>Tour time:<\/strong> 8:00 - 19:00<\/p>\n<p><strong>Tour days:<\/strong> Every day<\/p>","protected":false},"featured_media":64332,"template":"","meta":{"_kad_post_transparent":"default","_kad_post_title":"","_kad_post_layout":"default","_kad_post_sidebar_id":"","_kad_post_content_style":"default","_kad_post_vertical_padding":"default","_kad_post_feature":"","_kad_post_feature_position":"","_kad_post_header":false,"_kad_post_footer":false,"_kad_post_classname":"","_glsr_average":0,"_glsr_ranking":0,"_glsr_reviews":0},"product_brand":[],"product_cat":[448],"product_tag":[],"class_list":{"0":"post-64269","1":"product","2":"type-product","3":"status-publish","4":"has-post-thumbnail","6":"product_cat-kemer","7":"tm-has-options","9":"first","10":"instock","11":"sold-individually","12":"taxable","13":"shipping-taxable","14":"purchasable","15":"product-type-simple","16":"entry","17":"content-bg","18":"loop-entry"},"yoast_head":"<!-- This site is optimized with the Yoast SEO plugin v27.3 - https:\/\/yoast.com\/product\/yoast-seo-wordpress\/ -->\n<title>\u0421\u0443\u043f\u0435\u0440 \u0434\u0440\u0430\u0439\u0432 3 \u0432 1 \u0438\u0437 \u041a\u0435\u043c\u0435\u0440\u0430 &#8226; \u042d\u043a\u0441\u043a\u0443\u0440\u0441\u0438\u0438 Skyline<\/title>\n<meta name=\"description\" content=\"\u042f\u0440\u043a\u0438\u0439 \u0434\u0435\u043d\u044c \u0432 \u0433\u043e\u0440\u0430\u0445 \u0438 \u043a\u0430\u043d\u044c\u043e\u043d\u0430\u0445! \u0412\u0430\u0441 \u0436\u0434\u0451\u0442 \u043d\u0430\u0441\u044b\u0449\u0435\u043d\u043d\u0430\u044f \u043f\u0440\u043e\u0433\u0440\u0430\u043c\u043c\u0430: \u0441\u043f\u043b\u0430\u0432 \u043f\u043e \u0440\u0435\u043a\u0435, \u043a\u0430\u0442\u0430\u043d\u0438\u0435 \u043d\u0430 \u043a\u0432\u0430\u0434\u0440\u043e\u0446\u0438\u043a\u043b\u0435 \u0438\u043b\u0438 \u0431\u0430\u0433\u0433\u0438 \u0438 \u0437\u0430\u0445\u0432\u0430\u0442\u044b\u0432\u0430\u044e\u0449\u0438\u0439 \u0437\u0438\u043f\u043b\u0430\u0439\u043d \u2014 \u0432\u0441\u0451 \u0432 \u043e\u0434\u043d\u043e\u043c \u0442\u0443\u0440\u0435.\" \/>\n<meta name=\"robots\" content=\"index, follow, max-snippet:-1, max-image-preview:large, max-video-preview:-1\" \/>\n<link rel=\"canonical\" href=\"https:\/\/skyline-gs.com\/en\/product-2\/super-drive-3-in-1-kemer\/\" \/>\n<meta property=\"og:locale\" content=\"en_US\" \/>\n<meta property=\"og:type\" content=\"article\" \/>\n<meta property=\"og:title\" content=\"\u0421\u0443\u043f\u0435\u0440 \u0434\u0440\u0430\u0439\u0432 3 \u0432 1 \u0438\u0437 \u041a\u0435\u043c\u0435\u0440\u0430 &#8226; \u042d\u043a\u0441\u043a\u0443\u0440\u0441\u0438\u0438 Skyline\" \/>\n<meta property=\"og:description\" content=\"\u042f\u0440\u043a\u0438\u0439 \u0434\u0435\u043d\u044c \u0432 \u0433\u043e\u0440\u0430\u0445 \u0438 \u043a\u0430\u043d\u044c\u043e\u043d\u0430\u0445! \u0412\u0430\u0441 \u0436\u0434\u0451\u0442 \u043d\u0430\u0441\u044b\u0449\u0435\u043d\u043d\u0430\u044f \u043f\u0440\u043e\u0433\u0440\u0430\u043c\u043c\u0430: \u0441\u043f\u043b\u0430\u0432 \u043f\u043e \u0440\u0435\u043a\u0435, \u043a\u0430\u0442\u0430\u043d\u0438\u0435 \u043d\u0430 \u043a\u0432\u0430\u0434\u0440\u043e\u0446\u0438\u043a\u043b\u0435 \u0438\u043b\u0438 \u0431\u0430\u0433\u0433\u0438 \u0438 \u0437\u0430\u0445\u0432\u0430\u0442\u044b\u0432\u0430\u044e\u0449\u0438\u0439 \u0437\u0438\u043f\u043b\u0430\u0439\u043d \u2014 \u0432\u0441\u0451 \u0432 \u043e\u0434\u043d\u043e\u043c \u0442\u0443\u0440\u0435.\" \/>\n<meta property=\"og:url\" content=\"https:\/\/skyline-gs.com\/en\/product-2\/super-drive-3-in-1-kemer\/\" \/>\n<meta property=\"og:site_name\" content=\"\u042d\u043a\u0441\u043a\u0443\u0440\u0441\u0438\u0438 Skyline\" \/>\n<meta property=\"article:modified_time\" content=\"2025-06-16T21:21:03+00:00\" \/>\n<meta property=\"og:image\" content=\"https:\/\/skyline-gs.com\/wp-content\/uploads\/2025\/06\/\u0411\u0430\u0433\u0433\u0438-\u0432-\u0410\u043b\u0430\u043d\u044c\u0435-2.jpg\" \/>\n\t<meta property=\"og:image:width\" content=\"669\" \/>\n\t<meta property=\"og:image:height\" content=\"446\" \/>\n\t<meta property=\"og:image:type\" content=\"image\/jpeg\" \/>\n<meta name=\"twitter:card\" content=\"summary_large_image\" \/>\n<meta name=\"twitter:label1\" content=\"Est. reading time\" \/>\n\t<meta name=\"twitter:data1\" content=\"2 minutes\" \/>\n<script type=\"application\/ld+json\" class=\"yoast-schema-graph\">{\"@context\":\"https:\\\/\\\/schema.org\",\"@graph\":[{\"@type\":\"WebPage\",\"@id\":\"https:\\\/\\\/skyline-gs.com\\\/de\\\/produkt\\\/super-drive-3-in-1-kemer\\\/\",\"url\":\"https:\\\/\\\/skyline-gs.com\\\/de\\\/produkt\\\/super-drive-3-in-1-kemer\\\/\",\"name\":\"\u0421\u0443\u043f\u0435\u0440 \u0434\u0440\u0430\u0439\u0432 3 \u0432 1 \u0438\u0437 \u041a\u0435\u043c\u0435\u0440\u0430 &#8226; \u042d\u043a\u0441\u043a\u0443\u0440\u0441\u0438\u0438 Skyline\",\"isPartOf\":{\"@id\":\"https:\\\/\\\/skyline-gs.com\\\/it\\\/#website\"},\"primaryImageOfPage\":{\"@id\":\"https:\\\/\\\/skyline-gs.com\\\/de\\\/produkt\\\/super-drive-3-in-1-kemer\\\/#primaryimage\"},\"image\":{\"@id\":\"https:\\\/\\\/skyline-gs.com\\\/de\\\/produkt\\\/super-drive-3-in-1-kemer\\\/#primaryimage\"},\"thumbnailUrl\":\"https:\\\/\\\/skyline-gs.com\\\/wp-content\\\/uploads\\\/2025\\\/06\\\/\u0411\u0430\u0433\u0433\u0438-\u0432-\u0410\u043b\u0430\u043d\u044c\u0435-2.jpg\",\"datePublished\":\"2025-06-14T22:26:23+00:00\",\"dateModified\":\"2025-06-16T21:21:03+00:00\",\"description\":\"\u042f\u0440\u043a\u0438\u0439 \u0434\u0435\u043d\u044c \u0432 \u0433\u043e\u0440\u0430\u0445 \u0438 \u043a\u0430\u043d\u044c\u043e\u043d\u0430\u0445! \u0412\u0430\u0441 \u0436\u0434\u0451\u0442 \u043d\u0430\u0441\u044b\u0449\u0435\u043d\u043d\u0430\u044f \u043f\u0440\u043e\u0433\u0440\u0430\u043c\u043c\u0430: \u0441\u043f\u043b\u0430\u0432 \u043f\u043e \u0440\u0435\u043a\u0435, \u043a\u0430\u0442\u0430\u043d\u0438\u0435 \u043d\u0430 \u043a\u0432\u0430\u0434\u0440\u043e\u0446\u0438\u043a\u043b\u0435 \u0438\u043b\u0438 \u0431\u0430\u0433\u0433\u0438 \u0438 \u0437\u0430\u0445\u0432\u0430\u0442\u044b\u0432\u0430\u044e\u0449\u0438\u0439 \u0437\u0438\u043f\u043b\u0430\u0439\u043d \u2014 \u0432\u0441\u0451 \u0432 \u043e\u0434\u043d\u043e\u043c \u0442\u0443\u0440\u0435.\",\"breadcrumb\":{\"@id\":\"https:\\\/\\\/skyline-gs.com\\\/de\\\/produkt\\\/super-drive-3-in-1-kemer\\\/#breadcrumb\"},\"inLanguage\":\"en-US\",\"potentialAction\":[{\"@type\":\"ReadAction\",\"target\":[\"https:\\\/\\\/skyline-gs.com\\\/de\\\/produkt\\\/super-drive-3-in-1-kemer\\\/\"]}]},{\"@type\":\"ImageObject\",\"inLanguage\":\"en-US\",\"@id\":\"https:\\\/\\\/skyline-gs.com\\\/de\\\/produkt\\\/super-drive-3-in-1-kemer\\\/#primaryimage\",\"url\":\"https:\\\/\\\/skyline-gs.com\\\/wp-content\\\/uploads\\\/2025\\\/06\\\/\u0411\u0430\u0433\u0433\u0438-\u0432-\u0410\u043b\u0430\u043d\u044c\u0435-2.jpg\",\"contentUrl\":\"https:\\\/\\\/skyline-gs.com\\\/wp-content\\\/uploads\\\/2025\\\/06\\\/\u0411\u0430\u0433\u0433\u0438-\u0432-\u0410\u043b\u0430\u043d\u044c\u0435-2.jpg\",\"width\":669,\"height\":446},{\"@type\":\"BreadcrumbList\",\"@id\":\"https:\\\/\\\/skyline-gs.com\\\/de\\\/produkt\\\/super-drive-3-in-1-kemer\\\/#breadcrumb\",\"itemListElement\":[{\"@type\":\"ListItem\",\"position\":1,\"name\":\"\u0413\u043b\u0430\u0432\u043d\u0430\u044f \u0441\u0442\u0440\u0430\u043d\u0438\u0446\u0430\",\"item\":\"https:\\\/\\\/skyline-gs.com\\\/hu\\\/\"},{\"@type\":\"ListItem\",\"position\":2,\"name\":\"\u041c\u0430\u0433\u0430\u0437\u0438\u043d\",\"item\":\"https:\\\/\\\/skyline-gs.com\\\/cs\\\/shop\\\/\"},{\"@type\":\"ListItem\",\"position\":3,\"name\":\"\u0421\u0443\u043f\u0435\u0440 \u0434\u0440\u0430\u0439\u0432 3 \u0432 1: \u0420\u0430\u0444\u0442\u0438\u043d\u0433 + \u0417\u0438\u043f\u043b\u0430\u0439\u043d + \u041a\u0432\u0430\u0434\u0440\u043e\u0446\u0438\u043a\u043b\u044b\\\/\u0411\u0430\u0433\u0433\u0438\"}]},{\"@type\":\"WebSite\",\"@id\":\"https:\\\/\\\/skyline-gs.com\\\/it\\\/#website\",\"url\":\"https:\\\/\\\/skyline-gs.com\\\/it\\\/\",\"name\":\"\u042d\u043a\u0441\u043a\u0443\u0440\u0441\u0438\u0438 Skyline\",\"description\":\"\u042d\u043a\u0441\u043a\u043b\u044e\u0437\u0438\u0432\u043d\u044b\u0435 \u044d\u043a\u0441\u043a\u0443\u0440\u0441\u0438\u0438 \u043d\u0430 \u043b\u0443\u0447\u0448\u0438\u0445 \u043a\u0443\u0440\u043e\u0440\u0442\u0430\u0445 \u043c\u0438\u0440\u0430\",\"publisher\":{\"@id\":\"https:\\\/\\\/skyline-gs.com\\\/it\\\/#organization\"},\"alternateName\":\"Skyline\",\"potentialAction\":[{\"@type\":\"SearchAction\",\"target\":{\"@type\":\"EntryPoint\",\"urlTemplate\":\"https:\\\/\\\/skyline-gs.com\\\/it\\\/?s={search_term_string}\"},\"query-input\":{\"@type\":\"PropertyValueSpecification\",\"valueRequired\":true,\"valueName\":\"search_term_string\"}}],\"inLanguage\":\"en-US\"},{\"@type\":\"Organization\",\"@id\":\"https:\\\/\\\/skyline-gs.com\\\/it\\\/#organization\",\"name\":\"\u042d\u043a\u0441\u043a\u0443\u0440\u0441\u0438\u0438 Skyline\",\"alternateName\":\"\u042d\u043a\u0441\u043a\u0443\u0440\u0441\u0438\u0438 Skyline\",\"url\":\"https:\\\/\\\/skyline-gs.com\\\/it\\\/\",\"logo\":{\"@type\":\"ImageObject\",\"inLanguage\":\"en-US\",\"@id\":\"https:\\\/\\\/skyline-gs.com\\\/it\\\/#\\\/schema\\\/logo\\\/image\\\/\",\"url\":\"https:\\\/\\\/skyline-gs.com\\\/wp-content\\\/uploads\\\/2020\\\/12\\\/cropped-logo-2.png\",\"contentUrl\":\"https:\\\/\\\/skyline-gs.com\\\/wp-content\\\/uploads\\\/2020\\\/12\\\/cropped-logo-2.png\",\"width\":512,\"height\":512,\"caption\":\"\u042d\u043a\u0441\u043a\u0443\u0440\u0441\u0438\u0438 Skyline\"},\"image\":{\"@id\":\"https:\\\/\\\/skyline-gs.com\\\/it\\\/#\\\/schema\\\/logo\\\/image\\\/\"},\"sameAs\":[\"https:\\\/\\\/www.instagram.com\\\/skylineglobalservice\\\/\"]}]}<\/script>\n<!-- \/ Yoast SEO plugin. -->","yoast_head_json":{"title":"\u0421\u0443\u043f\u0435\u0440 \u0434\u0440\u0430\u0439\u0432 3 \u0432 1 \u0438\u0437 \u041a\u0435\u043c\u0435\u0440\u0430 &#8226; \u042d\u043a\u0441\u043a\u0443\u0440\u0441\u0438\u0438 Skyline","description":"A bright day in the mountains and canyons! A rich program awaits you: river rafting, ATV or buggy riding and exciting ziplining - all in one tour.","robots":{"index":"index","follow":"follow","max-snippet":"max-snippet:-1","max-image-preview":"max-image-preview:large","max-video-preview":"max-video-preview:-1"},"canonical":"https:\/\/skyline-gs.com\/en\/product-2\/super-drive-3-in-1-kemer\/","og_locale":"en_US","og_type":"article","og_title":"\u0421\u0443\u043f\u0435\u0440 \u0434\u0440\u0430\u0439\u0432 3 \u0432 1 \u0438\u0437 \u041a\u0435\u043c\u0435\u0440\u0430 &#8226; \u042d\u043a\u0441\u043a\u0443\u0440\u0441\u0438\u0438 Skyline","og_description":"\u042f\u0440\u043a\u0438\u0439 \u0434\u0435\u043d\u044c \u0432 \u0433\u043e\u0440\u0430\u0445 \u0438 \u043a\u0430\u043d\u044c\u043e\u043d\u0430\u0445! \u0412\u0430\u0441 \u0436\u0434\u0451\u0442 \u043d\u0430\u0441\u044b\u0449\u0435\u043d\u043d\u0430\u044f \u043f\u0440\u043e\u0433\u0440\u0430\u043c\u043c\u0430: \u0441\u043f\u043b\u0430\u0432 \u043f\u043e \u0440\u0435\u043a\u0435, \u043a\u0430\u0442\u0430\u043d\u0438\u0435 \u043d\u0430 \u043a\u0432\u0430\u0434\u0440\u043e\u0446\u0438\u043a\u043b\u0435 \u0438\u043b\u0438 \u0431\u0430\u0433\u0433\u0438 \u0438 \u0437\u0430\u0445\u0432\u0430\u0442\u044b\u0432\u0430\u044e\u0449\u0438\u0439 \u0437\u0438\u043f\u043b\u0430\u0439\u043d \u2014 \u0432\u0441\u0451 \u0432 \u043e\u0434\u043d\u043e\u043c \u0442\u0443\u0440\u0435.","og_url":"https:\/\/skyline-gs.com\/en\/product-2\/super-drive-3-in-1-kemer\/","og_site_name":"\u042d\u043a\u0441\u043a\u0443\u0440\u0441\u0438\u0438 Skyline","article_modified_time":"2025-06-16T21:21:03+00:00","og_image":[{"width":669,"height":446,"url":"https:\/\/skyline-gs.com\/wp-content\/uploads\/2025\/06\/\u0411\u0430\u0433\u0433\u0438-\u0432-\u0410\u043b\u0430\u043d\u044c\u0435-2.jpg","type":"image\/jpeg"}],"twitter_card":"summary_large_image","twitter_misc":{"Est. reading time":"2 minutes"},"schema":{"@context":"https:\/\/schema.org","@graph":[{"@type":"WebPage","@id":"https:\/\/skyline-gs.com\/de\/produkt\/super-drive-3-in-1-kemer\/","url":"https:\/\/skyline-gs.com\/de\/produkt\/super-drive-3-in-1-kemer\/","name":"\u0421\u0443\u043f\u0435\u0440 \u0434\u0440\u0430\u0439\u0432 3 \u0432 1 \u0438\u0437 \u041a\u0435\u043c\u0435\u0440\u0430 &#8226; \u042d\u043a\u0441\u043a\u0443\u0440\u0441\u0438\u0438 Skyline","isPartOf":{"@id":"https:\/\/skyline-gs.com\/it\/#website"},"primaryImageOfPage":{"@id":"https:\/\/skyline-gs.com\/de\/produkt\/super-drive-3-in-1-kemer\/#primaryimage"},"image":{"@id":"https:\/\/skyline-gs.com\/de\/produkt\/super-drive-3-in-1-kemer\/#primaryimage"},"thumbnailUrl":"https:\/\/skyline-gs.com\/wp-content\/uploads\/2025\/06\/\u0411\u0430\u0433\u0433\u0438-\u0432-\u0410\u043b\u0430\u043d\u044c\u0435-2.jpg","datePublished":"2025-06-14T22:26:23+00:00","dateModified":"2025-06-16T21:21:03+00:00","description":"A bright day in the mountains and canyons! A rich program awaits you: river rafting, ATV or buggy riding and exciting ziplining - all in one tour.","breadcrumb":{"@id":"https:\/\/skyline-gs.com\/de\/produkt\/super-drive-3-in-1-kemer\/#breadcrumb"},"inLanguage":"en-US","potentialAction":[{"@type":"ReadAction","target":["https:\/\/skyline-gs.com\/de\/produkt\/super-drive-3-in-1-kemer\/"]}]},{"@type":"ImageObject","inLanguage":"en-US","@id":"https:\/\/skyline-gs.com\/de\/produkt\/super-drive-3-in-1-kemer\/#primaryimage","url":"https:\/\/skyline-gs.com\/wp-content\/uploads\/2025\/06\/\u0411\u0430\u0433\u0433\u0438-\u0432-\u0410\u043b\u0430\u043d\u044c\u0435-2.jpg","contentUrl":"https:\/\/skyline-gs.com\/wp-content\/uploads\/2025\/06\/\u0411\u0430\u0433\u0433\u0438-\u0432-\u0410\u043b\u0430\u043d\u044c\u0435-2.jpg","width":669,"height":446},{"@type":"BreadcrumbList","@id":"https:\/\/skyline-gs.com\/de\/produkt\/super-drive-3-in-1-kemer\/#breadcrumb","itemListElement":[{"@type":"ListItem","position":1,"name":"\u0413\u043b\u0430\u0432\u043d\u0430\u044f \u0441\u0442\u0440\u0430\u043d\u0438\u0446\u0430","item":"https:\/\/skyline-gs.com\/hu\/"},{"@type":"ListItem","position":2,"name":"\u041c\u0430\u0433\u0430\u0437\u0438\u043d","item":"https:\/\/skyline-gs.com\/cs\/shop\/"},{"@type":"ListItem","position":3,"name":"\u0421\u0443\u043f\u0435\u0440 \u0434\u0440\u0430\u0439\u0432 3 \u0432 1: \u0420\u0430\u0444\u0442\u0438\u043d\u0433 + \u0417\u0438\u043f\u043b\u0430\u0439\u043d + \u041a\u0432\u0430\u0434\u0440\u043e\u0446\u0438\u043a\u043b\u044b\/\u0411\u0430\u0433\u0433\u0438"}]},{"@type":"WebSite","@id":"https:\/\/skyline-gs.com\/it\/#website","url":"https:\/\/skyline-gs.com\/it\/","name":"Skyline Tours","description":"Exclusive excursions in the best resorts of the world","publisher":{"@id":"https:\/\/skyline-gs.com\/it\/#organization"},"alternateName":"Skyline","potentialAction":[{"@type":"SearchAction","target":{"@type":"EntryPoint","urlTemplate":"https:\/\/skyline-gs.com\/it\/?s={search_term_string}"},"query-input":{"@type":"PropertyValueSpecification","valueRequired":true,"valueName":"search_term_string"}}],"inLanguage":"en-US"},{"@type":"Organization","@id":"https:\/\/skyline-gs.com\/it\/#organization","name":"Skyline Tours","alternateName":"\u042d\u043a\u0441\u043a\u0443\u0440\u0441\u0438\u0438 Skyline","url":"https:\/\/skyline-gs.com\/it\/","logo":{"@type":"ImageObject","inLanguage":"en-US","@id":"https:\/\/skyline-gs.com\/it\/#\/schema\/logo\/image\/","url":"https:\/\/skyline-gs.com\/wp-content\/uploads\/2020\/12\/cropped-logo-2.png","contentUrl":"https:\/\/skyline-gs.com\/wp-content\/uploads\/2020\/12\/cropped-logo-2.png","width":512,"height":512,"caption":"\u042d\u043a\u0441\u043a\u0443\u0440\u0441\u0438\u0438 Skyline"},"image":{"@id":"https:\/\/skyline-gs.com\/it\/#\/schema\/logo\/image\/"},"sameAs":["https:\/\/www.instagram.com\/skylineglobalservice\/"]}]}},"_links":{"self":[{"href":"https:\/\/skyline-gs.com\/en\/wp-json\/wp\/v2\/product\/64269","targetHints":{"allow":["GET"]}}],"collection":[{"href":"https:\/\/skyline-gs.com\/en\/wp-json\/wp\/v2\/product"}],"about":[{"href":"https:\/\/skyline-gs.com\/en\/wp-json\/wp\/v2\/types\/product"}],"version-history":[{"count":0,"href":"https:\/\/skyline-gs.com\/en\/wp-json\/wp\/v2\/product\/64269\/revisions"}],"wp:featuredmedia":[{"embeddable":true,"href":"https:\/\/skyline-gs.com\/en\/wp-json\/wp\/v2\/media\/64332"}],"wp:attachment":[{"href":"https:\/\/skyline-gs.com\/en\/wp-json\/wp\/v2\/media?parent=64269"}],"wp:term":[{"taxonomy":"product_brand","embeddable":true,"href":"https:\/\/skyline-gs.com\/en\/wp-json\/wp\/v2\/product_brand?post=64269"},{"taxonomy":"product_cat","embeddable":true,"href":"https:\/\/skyline-gs.com\/en\/wp-json\/wp\/v2\/product_cat?post=64269"},{"taxonomy":"product_tag","embeddable":true,"href":"https:\/\/skyline-gs.com\/en\/wp-json\/wp\/v2\/product_tag?post=64269"}],"curies":[{"name":"wp","href":"https:\/\/api.w.org\/{rel}","templated":true}]}}