{"id":63518,"date":"2025-05-27T20:51:57","date_gmt":"2025-05-27T18:51:57","guid":{"rendered":"http:\/\/skyline-gs.com\/?post_type=product&#038;p=63518"},"modified":"2025-12-23T00:35:36","modified_gmt":"2025-12-22T22:35:36","slug":"big-vip-tour-in-iceland","status":"publish","type":"product","link":"https:\/\/skyline-gs.com\/en\/product\/big-vip-tour-in-iceland\/","title":{"rendered":"Custom Tour: Iceland Grand VIP Tour (9 Days)"},"content":{"rendered":"<p>Full immersion in luxury Iceland: glaciers, volcanoes, valleys, and lagoons. Unique locations, thoughtful comfort, and exclusive experiences. A route that combines dynamism and tranquility, adventure and meditation, nature and solitude.<\/p>\n<p><strong>The uniqueness of the tour:<\/strong><\/p>\n<ul>\n<li data-start=\"172\" data-end=\"316\"><strong data-start=\"172\" data-end=\"200\">Exclusive experiences<\/strong> \u2014 Helicopter flights, private glacier lagoon cruise, private tours to ice caves and volcano.<\/li>\n<li data-start=\"320\" data-end=\"440\"><strong data-start=\"320\" data-end=\"343\">Personal format<\/strong> \u2014 Only you, an experienced Russian-speaking guide, and a comfortable SUV: no groups, no queues, and no rush.<\/li>\n<li data-start=\"444\" data-end=\"584\"><strong data-start=\"444\" data-end=\"474\">Best hotels and gastronomy<\/strong> \u2014 carefully selected boutique hotels, farm-to-table tastings, and relaxation at the Retreat spa complex in the Blue Lagoon.<\/li>\n<\/ul>\n<p><strong>Day 1: Arrival in Iceland<\/strong><\/p>\n<p><strong>Airport meeting and private transfer to Reykjavik.<\/strong><\/p>\n<ul>\n<li data-start=\"619\" data-end=\"674\">Stylish hotel accommodation <strong data-start=\"647\" data-end=\"672\">The Reykjavik Edition<\/strong><\/li>\n<li data-start=\"677\" data-end=\"731\">Free time and dinner at a restaurant (by recommendation)<\/li>\n<li data-start=\"734\" data-end=\"762\"><strong data-start=\"734\" data-end=\"762\">A night at The Edition Hotel<\/strong><\/li>\n<\/ul>\n<p><strong>Day 2: Golden Ring with a Twist<\/strong><\/p>\n<ul>\n<li>Breakfast at the hotel.<\/li>\n<li>Private visit <strong data-start=\"946\" data-end=\"964\">cave house<\/strong> (enabled)<\/li>\n<li><strong style=\"font-family: var(--global-body-font-family);\" data-start=\"982\" data-end=\"1001\">Valley of Geysers<\/strong><\/li>\n<li>Waterfall <strong data-start=\"1016\" data-end=\"1028\">Gullfoss<\/strong><\/li>\n<li>Private tasting <strong data-start=\"1056\" data-end=\"1074\">lava bread<\/strong> (Included) Hotel Breakfast<\/li>\n<li>Moving to South Iceland<\/li>\n<li>Boutique hotel accommodation <strong data-start=\"1142\" data-end=\"1160\">Skalakot Manor<\/strong><\/li>\n<li>Dinner and relaxation<\/li>\n<li><strong data-start=\"1182\" data-end=\"1213\">A Night at Skalakot Manor Hotel<\/strong><\/li>\n<\/ul>\n<p><strong>Day 3: South Coast and Ice Cave<\/strong><\/p>\n<ul>\n<li data-start=\"1289\" data-end=\"1306\">Breakfast at the hotel.<\/li>\n<li data-start=\"1309\" data-end=\"1373\">Waterfall <strong data-start=\"1317\" data-end=\"1330\">Sk\u00f3gafoss<\/strong>, thought <strong data-start=\"1336\" data-end=\"1349\">Dyrh\u00f3laey<\/strong>, Beach <strong data-start=\"1356\" data-end=\"1371\">Reynisfjara<\/strong><\/li>\n<li data-start=\"1376\" data-end=\"1402\">Lunch in the village <strong data-start=\"1393\" data-end=\"1400\">Vic<\/strong><\/li>\n<li data-start=\"1405\" data-end=\"1482\">Super Jeep Tour to <strong data-start=\"1431\" data-end=\"1452\">glacier cave<\/strong> Katla or seasonal equivalent<\/li>\n<li data-start=\"1485\" data-end=\"1523\">Return to hotel, free time<\/li>\n<li data-start=\"1526\" data-end=\"1557\"><strong data-start=\"1526\" data-end=\"1557\">A Night at Skalakot Manor Hotel<\/strong><\/li>\n<\/ul>\n<p><strong>Day 4: Thorsmork and helicopter flight<\/strong><\/p>\n<ul>\n<li data-start=\"1631\" data-end=\"1640\">Breakfast<\/li>\n<li data-start=\"1643\" data-end=\"1695\">Super Jeep trip to a mountain valley <strong data-start=\"1681\" data-end=\"1693\">Thorsmork<\/strong><\/li>\n<li data-start=\"1643\" data-end=\"1695\"><span style=\"font-family: var(--global-body-font-family);\">Waterfalls <\/span><strong style=\"font-family: var(--global-body-font-family);\" data-start=\"1709\" data-end=\"1727\">Seljalandsfoss<\/strong><span style=\"font-family: var(--global-body-font-family);\"> \u0438 <\/span><strong style=\"font-family: var(--global-body-font-family);\" data-start=\"1730\" data-end=\"1744\">Glj\u00fafrab\u00fai<\/strong><\/li>\n<li data-start=\"1643\" data-end=\"1695\"><span style=\"font-family: var(--global-body-font-family);\">A walk through the valley<\/span><\/li>\n<li data-start=\"1643\" data-end=\"1695\"><span style=\"font-family: var(--global-body-font-family);\">Outdoor BBQ Picnic<\/span><\/li>\n<li data-start=\"1643\" data-end=\"1695\"><strong data-start=\"1814\" data-end=\"1837\">Helicopter flight<\/strong> to the glacial lagoon with mountain plantings* (possibility to be discussed)<\/li>\n<li data-start=\"1909\" data-end=\"1941\">Placement in <strong data-start=\"1922\" data-end=\"1939\">Glacier Hotel<\/strong><\/li>\n<li data-start=\"1944\" data-end=\"1958\">Dinner and relaxation<\/li>\n<li data-start=\"1961\" data-end=\"1985\"><strong data-start=\"1961\" data-end=\"1985\">Night at Glacier Hotel<\/strong><\/li>\n<\/ul>\n<p><strong>Day 5: Glacier Lagoon and \"Me Time\"<\/strong><\/p>\n<ul>\n<li data-start=\"2063\" data-end=\"2072\">Breakfast<\/li>\n<li data-start=\"2075\" data-end=\"2129\">Private cruise on <strong data-start=\"2094\" data-end=\"2109\">J\u00f6kuls\u00e1rl\u00f3n<\/strong> (amidst icebergs)<\/li>\n<li data-start=\"2132\" data-end=\"2159\">Return to the hotel, lunch<\/li>\n<li data-start=\"2162\" data-end=\"2211\">Free time for work, rest, or walks<\/li>\n<li data-start=\"2214\" data-end=\"2238\"><strong data-start=\"2214\" data-end=\"2238\">Night at Glacier Hotel<\/strong><\/li>\n<\/ul>\n<p><strong>Day 6: Edge of the World - East Iceland<\/strong><\/p>\n<ul>\n<li data-start=\"2309\" data-end=\"2318\">Breakfast<\/li>\n<li data-start=\"2321\" data-end=\"2400\">Trip to the cape <strong data-start=\"2336\" data-end=\"2350\">Vestrahorn<\/strong> and a walk through the recreated <strong data-start=\"2378\" data-end=\"2398\">Viking village<\/strong><\/li>\n<li data-start=\"2403\" data-end=\"2427\">Lunch and free time<\/li>\n<li data-start=\"2430\" data-end=\"2451\">Return to the hotel<\/li>\n<li data-start=\"2454\" data-end=\"2478\"><strong data-start=\"2454\" data-end=\"2478\">Night at Glacier Hotel<\/strong><\/li>\n<\/ul>\n<p><strong>Day 7: Volcano and Spa Paradise<\/strong><\/p>\n<ul>\n<li data-start=\"2538\" data-end=\"2547\">Breakfast<\/li>\n<li data-start=\"2550\" data-end=\"2607\">Helicopter flight over the highlands and the southern coast<\/li>\n<li data-start=\"2610\" data-end=\"2665\">Private <strong data-start=\"2620\" data-end=\"2649\">Descent into the volcano's crater<\/strong> (optional)<\/li>\n<li data-start=\"2668\" data-end=\"2712\">Flight to the hotel <strong data-start=\"2684\" data-end=\"2710\">Retreat at Blue Lagoon<\/strong><\/li>\n<li data-start=\"2715\" data-end=\"2759\">Spa day <strong data-start=\"2739\" data-end=\"2757\">Retreat Lagoon<\/strong><\/li>\n<li data-start=\"2762\" data-end=\"2768\">Dinner<\/li>\n<li data-start=\"2771\" data-end=\"2799\"><strong data-start=\"2771\" data-end=\"2799\">Night at the Retreat Spa Hotel<\/strong><\/li>\n<\/ul>\n<p><strong>Day 8: ATVs or Snowmobiles and Relaxation<\/strong><\/p>\n<ul>\n<li data-start=\"2876\" data-end=\"2885\">Breakfast<\/li>\n<li data-start=\"2888\" data-end=\"2969\">Private trip to <strong data-start=\"2909\" data-end=\"2925\">ATVs<\/strong> alternative <strong data-start=\"2942\" data-end=\"2955\">snowmobiles<\/strong> on the glacier)<\/li>\n<li data-start=\"2972\" data-end=\"3009\">Second visit <strong data-start=\"2989\" data-end=\"3007\">Retreat Lagoon<\/strong><\/li>\n<li data-start=\"3012\" data-end=\"3035\">Time to rest and have dinner<\/li>\n<li data-start=\"3038\" data-end=\"3066\"><strong data-start=\"3038\" data-end=\"3066\">Night at the Retreat Spa Hotel<\/strong><\/li>\n<\/ul>\n<p><strong>Day 9: Departure<\/strong><\/p>\n<ul>\n<li data-start=\"3117\" data-end=\"3126\">Breakfast<\/li>\n<\/ul>\n<p data-start=\"3117\" data-end=\"3126\"><strong>Private transfer to Keflavik International Airport<\/strong><\/p>\n<p><strong>Included:<\/strong><\/p>\n<ul>\n<li>Transfer from the hotel and back<\/li>\n<li>Transfers in a comfortable 4\u00d74 SUV with air conditioning<\/li>\n<li>English speaking guide<\/li>\n<li>Fuel<\/li>\n<li>Picnic<\/li>\n<\/ul>\n<p><strong>Not included:<\/strong><\/p>\n<ul>\n<li>Premium hotel accommodation<\/li>\n<li>Meals (optional, cafes along the route)<\/li>\n<li>Entrance tickets and activities (indicated above as a guideline)<\/li>\n<li>Rental of super jeeps and helicopters along the route (if agreed upon)<\/li>\n<li>Paid parking lots along the route<\/li>\n<\/ul>\n<p><strong>Take with you:<\/strong><\/p>\n<ul>\n<li>Camera<\/li>\n<li>Comfortable shoes<\/li>\n<li>Warm clothes<\/li>\n<li>Money for personal expenses<\/li>\n<\/ul>","protected":false},"excerpt":{"rendered":"<p><strong>Tour time: <\/strong>9 days<\/p>\n<p><strong>Tour days: <\/strong>Every day<\/p>","protected":false},"featured_media":63519,"template":"","meta":{"_kad_post_transparent":"default","_kad_post_title":"","_kad_post_layout":"default","_kad_post_sidebar_id":"","_kad_post_content_style":"default","_kad_post_vertical_padding":"default","_kad_post_feature":"","_kad_post_feature_position":"","_kad_post_header":false,"_kad_post_footer":false,"_kad_post_classname":"","_glsr_average":0,"_glsr_ranking":0,"_glsr_reviews":0},"product_brand":[],"product_cat":[467],"product_tag":[],"class_list":{"0":"post-63518","1":"product","2":"type-product","3":"status-publish","4":"has-post-thumbnail","6":"product_cat-iceland","7":"tm-has-options","9":"first","10":"instock","11":"sold-individually","12":"taxable","13":"shipping-taxable","14":"purchasable","15":"product-type-simple","16":"entry","17":"content-bg","18":"loop-entry"},"yoast_head":"<!-- This site is optimized with the Yoast SEO plugin v27.4 - https:\/\/yoast.com\/product\/yoast-seo-wordpress\/ -->\n<title>\u0418\u043d\u0434\u0438\u0432\u0438\u0434\u0443\u0430\u043b\u044c\u043d\u044b\u0439 \u0442\u0443\u0440: \u0411\u043e\u043b\u044c\u0448\u043e\u0439 \u0442\u0443\u0440 \u043f\u043e \u0418\u0441\u043b\u0430\u043d\u0434\u0438\u0438 VIP (9 \u0434\u043d\u0435\u0439) &#8226; \u042d\u043a\u0441\u043a\u0443\u0440\u0441\u0438\u0438 Skyline<\/title>\n<meta name=\"robots\" content=\"index, follow, max-snippet:-1, max-image-preview:large, max-video-preview:-1\" \/>\n<link rel=\"canonical\" href=\"https:\/\/skyline-gs.com\/en\/product-2\/big-vip-tour-in-iceland\/\" \/>\n<meta property=\"og:locale\" content=\"en_US\" \/>\n<meta property=\"og:type\" content=\"article\" \/>\n<meta property=\"og:title\" content=\"\u0418\u043d\u0434\u0438\u0432\u0438\u0434\u0443\u0430\u043b\u044c\u043d\u044b\u0439 \u0442\u0443\u0440: \u0411\u043e\u043b\u044c\u0448\u043e\u0439 \u0442\u0443\u0440 \u043f\u043e \u0418\u0441\u043b\u0430\u043d\u0434\u0438\u0438 VIP (9 \u0434\u043d\u0435\u0439) &#8226; \u042d\u043a\u0441\u043a\u0443\u0440\u0441\u0438\u0438 Skyline\" \/>\n<meta property=\"og:description\" content=\"\u0412\u0440\u0435\u043c\u044f \u0442\u0443\u0440\u0430: 9\u00a0\u0434\u043d\u0435\u0439  \u0414\u043d\u0438 \u043f\u0440\u043e\u0432\u0435\u0434\u0435\u043d\u0438\u044f: \u041a\u0430\u0436\u0434\u044b\u0439 \u0434\u0435\u043d\u044c\" \/>\n<meta property=\"og:url\" content=\"https:\/\/skyline-gs.com\/en\/product-2\/big-vip-tour-in-iceland\/\" \/>\n<meta property=\"og:site_name\" content=\"\u042d\u043a\u0441\u043a\u0443\u0440\u0441\u0438\u0438 Skyline\" \/>\n<meta property=\"article:modified_time\" content=\"2025-12-22T22:35:36+00:00\" \/>\n<meta property=\"og:image\" content=\"https:\/\/skyline-gs.com\/wp-content\/uploads\/2025\/05\/30.jpg\" \/>\n\t<meta property=\"og:image:width\" content=\"669\" \/>\n\t<meta property=\"og:image:height\" content=\"446\" \/>\n\t<meta property=\"og:image:type\" content=\"image\/jpeg\" \/>\n<meta name=\"twitter:card\" content=\"summary_large_image\" \/>\n<meta name=\"twitter:label1\" content=\"Est. reading time\" \/>\n\t<meta name=\"twitter:data1\" content=\"3 minutes\" \/>\n<script type=\"application\/ld+json\" class=\"yoast-schema-graph\">{\"@context\":\"https:\\\/\\\/schema.org\",\"@graph\":[{\"@type\":\"WebPage\",\"@id\":\"https:\\\/\\\/skyline-gs.com\\\/hu\\\/termek\\\/big-vip-tour-in-iceland\\\/\",\"url\":\"https:\\\/\\\/skyline-gs.com\\\/hu\\\/termek\\\/big-vip-tour-in-iceland\\\/\",\"name\":\"\u0418\u043d\u0434\u0438\u0432\u0438\u0434\u0443\u0430\u043b\u044c\u043d\u044b\u0439 \u0442\u0443\u0440: \u0411\u043e\u043b\u044c\u0448\u043e\u0439 \u0442\u0443\u0440 \u043f\u043e \u0418\u0441\u043b\u0430\u043d\u0434\u0438\u0438 VIP (9 \u0434\u043d\u0435\u0439) &#8226; \u042d\u043a\u0441\u043a\u0443\u0440\u0441\u0438\u0438 Skyline\",\"isPartOf\":{\"@id\":\"https:\\\/\\\/skyline-gs.com\\\/it\\\/#website\"},\"primaryImageOfPage\":{\"@id\":\"https:\\\/\\\/skyline-gs.com\\\/hu\\\/termek\\\/big-vip-tour-in-iceland\\\/#primaryimage\"},\"image\":{\"@id\":\"https:\\\/\\\/skyline-gs.com\\\/hu\\\/termek\\\/big-vip-tour-in-iceland\\\/#primaryimage\"},\"thumbnailUrl\":\"https:\\\/\\\/skyline-gs.com\\\/wp-content\\\/uploads\\\/2025\\\/05\\\/30.jpg\",\"datePublished\":\"2025-05-27T18:51:57+00:00\",\"dateModified\":\"2025-12-22T22:35:36+00:00\",\"breadcrumb\":{\"@id\":\"https:\\\/\\\/skyline-gs.com\\\/hu\\\/termek\\\/big-vip-tour-in-iceland\\\/#breadcrumb\"},\"inLanguage\":\"en-US\",\"potentialAction\":[{\"@type\":\"ReadAction\",\"target\":[\"https:\\\/\\\/skyline-gs.com\\\/hu\\\/termek\\\/big-vip-tour-in-iceland\\\/\"]}]},{\"@type\":\"ImageObject\",\"inLanguage\":\"en-US\",\"@id\":\"https:\\\/\\\/skyline-gs.com\\\/hu\\\/termek\\\/big-vip-tour-in-iceland\\\/#primaryimage\",\"url\":\"https:\\\/\\\/skyline-gs.com\\\/wp-content\\\/uploads\\\/2025\\\/05\\\/30.jpg\",\"contentUrl\":\"https:\\\/\\\/skyline-gs.com\\\/wp-content\\\/uploads\\\/2025\\\/05\\\/30.jpg\",\"width\":669,\"height\":446},{\"@type\":\"BreadcrumbList\",\"@id\":\"https:\\\/\\\/skyline-gs.com\\\/hu\\\/termek\\\/big-vip-tour-in-iceland\\\/#breadcrumb\",\"itemListElement\":[{\"@type\":\"ListItem\",\"position\":1,\"name\":\"\u0413\u043b\u0430\u0432\u043d\u0430\u044f \u0441\u0442\u0440\u0430\u043d\u0438\u0446\u0430\",\"item\":\"https:\\\/\\\/skyline-gs.com\\\/hu\\\/\"},{\"@type\":\"ListItem\",\"position\":2,\"name\":\"\u041c\u0430\u0433\u0430\u0437\u0438\u043d\",\"item\":\"https:\\\/\\\/skyline-gs.com\\\/cs\\\/shop\\\/\"},{\"@type\":\"ListItem\",\"position\":3,\"name\":\"\u0418\u043d\u0434\u0438\u0432\u0438\u0434\u0443\u0430\u043b\u044c\u043d\u044b\u0439 \u0442\u0443\u0440: \u0411\u043e\u043b\u044c\u0448\u043e\u0439 \u0442\u0443\u0440 \u043f\u043e \u0418\u0441\u043b\u0430\u043d\u0434\u0438\u0438 VIP (9 \u0434\u043d\u0435\u0439)\"}]},{\"@type\":\"WebSite\",\"@id\":\"https:\\\/\\\/skyline-gs.com\\\/it\\\/#website\",\"url\":\"https:\\\/\\\/skyline-gs.com\\\/it\\\/\",\"name\":\"\u042d\u043a\u0441\u043a\u0443\u0440\u0441\u0438\u0438 Skyline\",\"description\":\"\u042d\u043a\u0441\u043a\u043b\u044e\u0437\u0438\u0432\u043d\u044b\u0435 \u044d\u043a\u0441\u043a\u0443\u0440\u0441\u0438\u0438 \u043d\u0430 \u043b\u0443\u0447\u0448\u0438\u0445 \u043a\u0443\u0440\u043e\u0440\u0442\u0430\u0445 \u043c\u0438\u0440\u0430\",\"publisher\":{\"@id\":\"https:\\\/\\\/skyline-gs.com\\\/it\\\/#organization\"},\"alternateName\":\"Skyline\",\"potentialAction\":[{\"@type\":\"SearchAction\",\"target\":{\"@type\":\"EntryPoint\",\"urlTemplate\":\"https:\\\/\\\/skyline-gs.com\\\/it\\\/?s={search_term_string}\"},\"query-input\":{\"@type\":\"PropertyValueSpecification\",\"valueRequired\":true,\"valueName\":\"search_term_string\"}}],\"inLanguage\":\"en-US\"},{\"@type\":\"Organization\",\"@id\":\"https:\\\/\\\/skyline-gs.com\\\/it\\\/#organization\",\"name\":\"\u042d\u043a\u0441\u043a\u0443\u0440\u0441\u0438\u0438 Skyline\",\"alternateName\":\"\u042d\u043a\u0441\u043a\u0443\u0440\u0441\u0438\u0438 Skyline\",\"url\":\"https:\\\/\\\/skyline-gs.com\\\/it\\\/\",\"logo\":{\"@type\":\"ImageObject\",\"inLanguage\":\"en-US\",\"@id\":\"https:\\\/\\\/skyline-gs.com\\\/it\\\/#\\\/schema\\\/logo\\\/image\\\/\",\"url\":\"https:\\\/\\\/skyline-gs.com\\\/wp-content\\\/uploads\\\/2020\\\/12\\\/cropped-logo-2.png\",\"contentUrl\":\"https:\\\/\\\/skyline-gs.com\\\/wp-content\\\/uploads\\\/2020\\\/12\\\/cropped-logo-2.png\",\"width\":512,\"height\":512,\"caption\":\"\u042d\u043a\u0441\u043a\u0443\u0440\u0441\u0438\u0438 Skyline\"},\"image\":{\"@id\":\"https:\\\/\\\/skyline-gs.com\\\/it\\\/#\\\/schema\\\/logo\\\/image\\\/\"},\"sameAs\":[\"https:\\\/\\\/www.instagram.com\\\/skylineglobalservice\\\/\"]}]}<\/script>\n<!-- \/ Yoast SEO plugin. -->","yoast_head_json":{"title":"\u0418\u043d\u0434\u0438\u0432\u0438\u0434\u0443\u0430\u043b\u044c\u043d\u044b\u0439 \u0442\u0443\u0440: \u0411\u043e\u043b\u044c\u0448\u043e\u0439 \u0442\u0443\u0440 \u043f\u043e \u0418\u0441\u043b\u0430\u043d\u0434\u0438\u0438 VIP (9 \u0434\u043d\u0435\u0439) &#8226; \u042d\u043a\u0441\u043a\u0443\u0440\u0441\u0438\u0438 Skyline","robots":{"index":"index","follow":"follow","max-snippet":"max-snippet:-1","max-image-preview":"max-image-preview:large","max-video-preview":"max-video-preview:-1"},"canonical":"https:\/\/skyline-gs.com\/en\/product-2\/big-vip-tour-in-iceland\/","og_locale":"en_US","og_type":"article","og_title":"\u0418\u043d\u0434\u0438\u0432\u0438\u0434\u0443\u0430\u043b\u044c\u043d\u044b\u0439 \u0442\u0443\u0440: \u0411\u043e\u043b\u044c\u0448\u043e\u0439 \u0442\u0443\u0440 \u043f\u043e \u0418\u0441\u043b\u0430\u043d\u0434\u0438\u0438 VIP (9 \u0434\u043d\u0435\u0439) &#8226; \u042d\u043a\u0441\u043a\u0443\u0440\u0441\u0438\u0438 Skyline","og_description":"\u0412\u0440\u0435\u043c\u044f \u0442\u0443\u0440\u0430: 9\u00a0\u0434\u043d\u0435\u0439  \u0414\u043d\u0438 \u043f\u0440\u043e\u0432\u0435\u0434\u0435\u043d\u0438\u044f: \u041a\u0430\u0436\u0434\u044b\u0439 \u0434\u0435\u043d\u044c","og_url":"https:\/\/skyline-gs.com\/en\/product-2\/big-vip-tour-in-iceland\/","og_site_name":"\u042d\u043a\u0441\u043a\u0443\u0440\u0441\u0438\u0438 Skyline","article_modified_time":"2025-12-22T22:35:36+00:00","og_image":[{"width":669,"height":446,"url":"https:\/\/skyline-gs.com\/wp-content\/uploads\/2025\/05\/30.jpg","type":"image\/jpeg"}],"twitter_card":"summary_large_image","twitter_misc":{"Est. reading time":"3 minutes"},"schema":{"@context":"https:\/\/schema.org","@graph":[{"@type":"WebPage","@id":"https:\/\/skyline-gs.com\/hu\/termek\/big-vip-tour-in-iceland\/","url":"https:\/\/skyline-gs.com\/hu\/termek\/big-vip-tour-in-iceland\/","name":"\u0418\u043d\u0434\u0438\u0432\u0438\u0434\u0443\u0430\u043b\u044c\u043d\u044b\u0439 \u0442\u0443\u0440: \u0411\u043e\u043b\u044c\u0448\u043e\u0439 \u0442\u0443\u0440 \u043f\u043e \u0418\u0441\u043b\u0430\u043d\u0434\u0438\u0438 VIP (9 \u0434\u043d\u0435\u0439) &#8226; \u042d\u043a\u0441\u043a\u0443\u0440\u0441\u0438\u0438 Skyline","isPartOf":{"@id":"https:\/\/skyline-gs.com\/it\/#website"},"primaryImageOfPage":{"@id":"https:\/\/skyline-gs.com\/hu\/termek\/big-vip-tour-in-iceland\/#primaryimage"},"image":{"@id":"https:\/\/skyline-gs.com\/hu\/termek\/big-vip-tour-in-iceland\/#primaryimage"},"thumbnailUrl":"https:\/\/skyline-gs.com\/wp-content\/uploads\/2025\/05\/30.jpg","datePublished":"2025-05-27T18:51:57+00:00","dateModified":"2025-12-22T22:35:36+00:00","breadcrumb":{"@id":"https:\/\/skyline-gs.com\/hu\/termek\/big-vip-tour-in-iceland\/#breadcrumb"},"inLanguage":"en-US","potentialAction":[{"@type":"ReadAction","target":["https:\/\/skyline-gs.com\/hu\/termek\/big-vip-tour-in-iceland\/"]}]},{"@type":"ImageObject","inLanguage":"en-US","@id":"https:\/\/skyline-gs.com\/hu\/termek\/big-vip-tour-in-iceland\/#primaryimage","url":"https:\/\/skyline-gs.com\/wp-content\/uploads\/2025\/05\/30.jpg","contentUrl":"https:\/\/skyline-gs.com\/wp-content\/uploads\/2025\/05\/30.jpg","width":669,"height":446},{"@type":"BreadcrumbList","@id":"https:\/\/skyline-gs.com\/hu\/termek\/big-vip-tour-in-iceland\/#breadcrumb","itemListElement":[{"@type":"ListItem","position":1,"name":"\u0413\u043b\u0430\u0432\u043d\u0430\u044f \u0441\u0442\u0440\u0430\u043d\u0438\u0446\u0430","item":"https:\/\/skyline-gs.com\/hu\/"},{"@type":"ListItem","position":2,"name":"\u041c\u0430\u0433\u0430\u0437\u0438\u043d","item":"https:\/\/skyline-gs.com\/cs\/shop\/"},{"@type":"ListItem","position":3,"name":"\u0418\u043d\u0434\u0438\u0432\u0438\u0434\u0443\u0430\u043b\u044c\u043d\u044b\u0439 \u0442\u0443\u0440: \u0411\u043e\u043b\u044c\u0448\u043e\u0439 \u0442\u0443\u0440 \u043f\u043e \u0418\u0441\u043b\u0430\u043d\u0434\u0438\u0438 VIP (9 \u0434\u043d\u0435\u0439)"}]},{"@type":"WebSite","@id":"https:\/\/skyline-gs.com\/it\/#website","url":"https:\/\/skyline-gs.com\/it\/","name":"Skyline Tours","description":"Exclusive excursions in the best resorts of the world","publisher":{"@id":"https:\/\/skyline-gs.com\/it\/#organization"},"alternateName":"Skyline","potentialAction":[{"@type":"SearchAction","target":{"@type":"EntryPoint","urlTemplate":"https:\/\/skyline-gs.com\/it\/?s={search_term_string}"},"query-input":{"@type":"PropertyValueSpecification","valueRequired":true,"valueName":"search_term_string"}}],"inLanguage":"en-US"},{"@type":"Organization","@id":"https:\/\/skyline-gs.com\/it\/#organization","name":"Skyline Tours","alternateName":"\u042d\u043a\u0441\u043a\u0443\u0440\u0441\u0438\u0438 Skyline","url":"https:\/\/skyline-gs.com\/it\/","logo":{"@type":"ImageObject","inLanguage":"en-US","@id":"https:\/\/skyline-gs.com\/it\/#\/schema\/logo\/image\/","url":"https:\/\/skyline-gs.com\/wp-content\/uploads\/2020\/12\/cropped-logo-2.png","contentUrl":"https:\/\/skyline-gs.com\/wp-content\/uploads\/2020\/12\/cropped-logo-2.png","width":512,"height":512,"caption":"\u042d\u043a\u0441\u043a\u0443\u0440\u0441\u0438\u0438 Skyline"},"image":{"@id":"https:\/\/skyline-gs.com\/it\/#\/schema\/logo\/image\/"},"sameAs":["https:\/\/www.instagram.com\/skylineglobalservice\/"]}]}},"_links":{"self":[{"href":"https:\/\/skyline-gs.com\/en\/wp-json\/wp\/v2\/product\/63518","targetHints":{"allow":["GET"]}}],"collection":[{"href":"https:\/\/skyline-gs.com\/en\/wp-json\/wp\/v2\/product"}],"about":[{"href":"https:\/\/skyline-gs.com\/en\/wp-json\/wp\/v2\/types\/product"}],"version-history":[{"count":0,"href":"https:\/\/skyline-gs.com\/en\/wp-json\/wp\/v2\/product\/63518\/revisions"}],"wp:featuredmedia":[{"embeddable":true,"href":"https:\/\/skyline-gs.com\/en\/wp-json\/wp\/v2\/media\/63519"}],"wp:attachment":[{"href":"https:\/\/skyline-gs.com\/en\/wp-json\/wp\/v2\/media?parent=63518"}],"wp:term":[{"taxonomy":"product_brand","embeddable":true,"href":"https:\/\/skyline-gs.com\/en\/wp-json\/wp\/v2\/product_brand?post=63518"},{"taxonomy":"product_cat","embeddable":true,"href":"https:\/\/skyline-gs.com\/en\/wp-json\/wp\/v2\/product_cat?post=63518"},{"taxonomy":"product_tag","embeddable":true,"href":"https:\/\/skyline-gs.com\/en\/wp-json\/wp\/v2\/product_tag?post=63518"}],"curies":[{"name":"wp","href":"https:\/\/api.w.org\/{rel}","templated":true}]}}