{"id":63441,"date":"2025-05-22T23:28:41","date_gmt":"2025-05-22T21:28:41","guid":{"rendered":"http:\/\/skyline-gs.com\/?post_type=product&#038;p=63441"},"modified":"2025-12-23T00:44:04","modified_gmt":"2025-12-22T22:44:04","slug":"the-full-ring-of-iceland","status":"publish","type":"product","link":"https:\/\/skyline-gs.com\/en\/product\/the-full-ring-of-iceland\/","title":{"rendered":"Customized tour: The Complete Ring of Iceland (7 days)"},"content":{"rendered":"<p>The most intense route around the entire island: glaciers, volcanoes, fjords, waterfalls, hot springs, black beaches and ethereal landscapes. In one week, you'll see everything people travel to Iceland for - and more.<\/p>\n<p><strong>The uniqueness of the tour:<\/strong><\/p>\n<ul>\n<li>A complete ring around all regions of Iceland<\/li>\n<li>Includes both popular spots and hidden gems<\/li>\n<li>Suitable for a first visit as well as for those who want to \"see everything\"<\/li>\n<\/ul>\n<p><strong>Day 1: The Golden Ring and the way to the south<\/strong><\/p>\n<p><strong>9:00 - Departure from your hotel lobby.<\/strong><\/p>\n<ul>\n<li>We begin our journey with <strong>Tingwethleer National Park<\/strong>where tectonic plate boundaries are located<\/li>\n<li>Attendance <strong>of Strokkur Geyser<\/strong> and the thermal region of H\u00f8jkadalur<\/li>\n<li>Powerful <strong>G\u00fcdlfoss waterfall<\/strong>one of the symbols of Iceland<\/li>\n<li>We end the day at <strong>of Caryd Crater<\/strong><\/li>\n<li>Overnight in the south coast area<\/li>\n<\/ul>\n<p><strong>Day 2: South Coast - waterfalls, beaches and glacier<\/strong><\/p>\n<ul>\n<li>Morning waterfalls: <strong>Seljalandsfoss<\/strong> \u0438 <strong>Skougafoss<\/strong><\/li>\n<li>A walk on the black beach <strong>Reynisfiara<\/strong> with basalt rocks<\/li>\n<li>A stop at the cliff <strong>Deerholaay<\/strong><\/li>\n<li>A trip to the glacier <strong>Solheimaj\u00f6kull<\/strong>optional guided walk<\/li>\n<li>Overnight in the vicinity of the village of Vic<\/li>\n<\/ul>\n<p><strong>Day 3: Canyons, J\u00f6kuls\u00e1rl\u00f3n Lagoon and Diamond Beach<\/strong><\/p>\n<ul>\n<li>A walk through the canyon <strong>Fiadrargljufur<\/strong><\/li>\n<li>The Eldhraun lava fields are some of the most extensive in the world<\/li>\n<li>Visit to the glacial lagoon <strong>J\u00f6kuls\u00e1rl\u00f3n<\/strong> \u0438 <strong>of Diamond Beach<\/strong><\/li>\n<li>Possibility of boat ride on the lagoon (in season)<\/li>\n<li>Overnight at the foot of the Vatnaj\u00f6kull glacier<\/li>\n<\/ul>\n<p><strong>Day 4: Eastern Fjords<\/strong><\/p>\n<ul>\n<li>The most scenic section: winding roads among the <strong>eastern fjords<\/strong><\/li>\n<li>A stop at a fishing village <strong>Dupivogur<\/strong><\/li>\n<li>Walking along the ocean, watching seabirds and seals<\/li>\n<li>In the evening - bathing in the hot spring on the shore<\/li>\n<li>Overnight in the Egilsstadir area<\/li>\n<\/ul>\n<p><strong>Day 5: Moonscapes and Geothermal North<\/strong><\/p>\n<ul>\n<li>Crossing the lava plateaus to <strong>Lake M\u00fdvatn<\/strong> - fantastic region of volcanic forms<\/li>\n<li>Attendance <strong>of Scutustadir pseudo-craters.<\/strong><\/li>\n<li>A walk through <strong>to the lava city of Dimmuborgir.<\/strong><\/li>\n<li>Bathing in geothermal baths <strong>M<\/strong><strong>\u00fd<\/strong><strong>vatn<\/strong> <strong>Nature<\/strong> <strong>Baths<\/strong><\/li>\n<li>A trip to <strong>to the Namascard sulfur field<\/strong> and the crater <strong>Viti<\/strong><\/li>\n<li>Overnight in the area of Akureyri town<\/li>\n<\/ul>\n<p><strong>Day 6: North and the waterfalls of the gods<\/strong><\/p>\n<ul>\n<li>The morning of the <strong>Akureyri<\/strong> - the capital of the north, a walk around the city<\/li>\n<li>A trip to one of the most beautiful waterfalls in the country - <strong>Godafossou<\/strong><\/li>\n<li>Road through the Skagafjordur valley, the center of Icelandic horse breeding<\/li>\n<li>Visit to a farmstead, introduction to Icelandic horses<\/li>\n<li>Night in the northwest<\/li>\n<\/ul>\n<p><strong>Day 7: Lava fields and return via Reykjanes<\/strong><\/p>\n<ul>\n<li>Crossing the lava fields of western Iceland<\/li>\n<li>Stopping at <strong>Hraunfossar Falls<\/strong> \u0438 <strong>Barnafoss<\/strong><\/li>\n<li>Geothermal region <strong>Deildartunguhver<\/strong> and bathing in Krauma Spa (optional)<\/li>\n<li>Return to Reykjavik in the evening, transfer to hotel<\/li>\n<\/ul>\n<p><strong>19:00 - Return to the hotel.<\/strong><\/p>\n<p><strong>Included:<\/strong><\/p>\n<ul>\n<li>Transfer from the hotel and back<\/li>\n<li>Transfers in a comfortable 4\u00d74 SUV with air conditioning<\/li>\n<li>English speaking guide<\/li>\n<li>Fuel<\/li>\n<\/ul>\n<p><strong>Not included:<\/strong><\/p>\n<ul>\n<li>Accommodation (6 nights on the itinerary - east, north, west of Iceland)<\/li>\n<li>Meals (optional, cafes along the route)<\/li>\n<li>Additional activities optional:<\/li>\n<li>Bathing in thermal springs (from 30 euros)<\/li>\n<li>Visit to whale safari in Husavik (from 85 euros per person)<\/li>\n<li>Glacier caves or kayaking in the lagoon (from 120 euros)<\/li>\n<li>Museums, farms, local excursions (from 15 euros)<\/li>\n<li>Paid parking lots along the route<\/li>\n<\/ul>\n<p><strong>Take with you:<\/strong><\/p>\n<ul>\n<li>Camera<\/li>\n<li>Comfortable shoes<\/li>\n<li>Warm clothes<\/li>\n<li>Money for personal expenses<\/li>\n<\/ul>","protected":false},"excerpt":{"rendered":"<p><strong>Tour time: <\/strong>7 days<\/p>\n<p><strong>Tour days: <\/strong>Every day<\/p>","protected":false},"featured_media":63444,"template":"","meta":{"_kad_post_transparent":"default","_kad_post_title":"","_kad_post_layout":"default","_kad_post_sidebar_id":"","_kad_post_content_style":"default","_kad_post_vertical_padding":"default","_kad_post_feature":"","_kad_post_feature_position":"","_kad_post_header":false,"_kad_post_footer":false,"_kad_post_classname":"","_glsr_average":0,"_glsr_ranking":0,"_glsr_reviews":0},"product_brand":[],"product_cat":[467],"product_tag":[],"class_list":{"0":"post-63441","1":"product","2":"type-product","3":"status-publish","4":"has-post-thumbnail","6":"product_cat-iceland","7":"tm-has-options","9":"first","10":"instock","11":"sold-individually","12":"taxable","13":"shipping-taxable","14":"purchasable","15":"product-type-simple","16":"entry","17":"content-bg","18":"loop-entry"},"yoast_head":"<!-- This site is optimized with the Yoast SEO plugin v27.4 - https:\/\/yoast.com\/product\/yoast-seo-wordpress\/ -->\n<title>\u0418\u043d\u0434\u0438\u0432\u0438\u0434\u0443\u0430\u043b\u044c\u043d\u044b\u0439 \u0442\u0443\u0440: \u041f\u043e\u043b\u043d\u043e\u0435 \u043a\u043e\u043b\u044c\u0446\u043e \u0418\u0441\u043b\u0430\u043d\u0434\u0438\u0438 (7 \u0434\u043d\u0435\u0439) &#8226; \u042d\u043a\u0441\u043a\u0443\u0440\u0441\u0438\u0438 Skyline<\/title>\n<meta name=\"robots\" content=\"index, follow, max-snippet:-1, max-image-preview:large, max-video-preview:-1\" \/>\n<link rel=\"canonical\" href=\"https:\/\/skyline-gs.com\/en\/product-2\/the-full-ring-of-iceland\/\" \/>\n<meta property=\"og:locale\" content=\"en_US\" \/>\n<meta property=\"og:type\" content=\"article\" \/>\n<meta property=\"og:title\" content=\"\u0418\u043d\u0434\u0438\u0432\u0438\u0434\u0443\u0430\u043b\u044c\u043d\u044b\u0439 \u0442\u0443\u0440: \u041f\u043e\u043b\u043d\u043e\u0435 \u043a\u043e\u043b\u044c\u0446\u043e \u0418\u0441\u043b\u0430\u043d\u0434\u0438\u0438 (7 \u0434\u043d\u0435\u0439) &#8226; \u042d\u043a\u0441\u043a\u0443\u0440\u0441\u0438\u0438 Skyline\" \/>\n<meta property=\"og:description\" content=\"\u0412\u0440\u0435\u043c\u044f \u0442\u0443\u0440\u0430: 7 \u0434\u043d\u0435\u0439  \u0414\u043d\u0438 \u043f\u0440\u043e\u0432\u0435\u0434\u0435\u043d\u0438\u044f: \u041a\u0430\u0436\u0434\u044b\u0439 \u0434\u0435\u043d\u044c\" \/>\n<meta property=\"og:url\" content=\"https:\/\/skyline-gs.com\/en\/product-2\/the-full-ring-of-iceland\/\" \/>\n<meta property=\"og:site_name\" content=\"\u042d\u043a\u0441\u043a\u0443\u0440\u0441\u0438\u0438 Skyline\" \/>\n<meta property=\"article:modified_time\" content=\"2025-12-22T22:44:04+00:00\" \/>\n<meta property=\"og:image\" content=\"https:\/\/skyline-gs.com\/wp-content\/uploads\/2025\/05\/11.jpg\" \/>\n\t<meta property=\"og:image:width\" content=\"669\" \/>\n\t<meta property=\"og:image:height\" content=\"446\" \/>\n\t<meta property=\"og:image:type\" content=\"image\/jpeg\" \/>\n<meta name=\"twitter:card\" content=\"summary_large_image\" \/>\n<meta name=\"twitter:label1\" content=\"Est. reading time\" \/>\n\t<meta name=\"twitter:data1\" content=\"3 minutes\" \/>\n<script type=\"application\/ld+json\" class=\"yoast-schema-graph\">{\"@context\":\"https:\\\/\\\/schema.org\",\"@graph\":[{\"@type\":\"WebPage\",\"@id\":\"https:\\\/\\\/skyline-gs.com\\\/hu\\\/termek\\\/the-full-ring-of-iceland\\\/\",\"url\":\"https:\\\/\\\/skyline-gs.com\\\/hu\\\/termek\\\/the-full-ring-of-iceland\\\/\",\"name\":\"\u0418\u043d\u0434\u0438\u0432\u0438\u0434\u0443\u0430\u043b\u044c\u043d\u044b\u0439 \u0442\u0443\u0440: \u041f\u043e\u043b\u043d\u043e\u0435 \u043a\u043e\u043b\u044c\u0446\u043e \u0418\u0441\u043b\u0430\u043d\u0434\u0438\u0438 (7 \u0434\u043d\u0435\u0439) &#8226; \u042d\u043a\u0441\u043a\u0443\u0440\u0441\u0438\u0438 Skyline\",\"isPartOf\":{\"@id\":\"https:\\\/\\\/skyline-gs.com\\\/it\\\/#website\"},\"primaryImageOfPage\":{\"@id\":\"https:\\\/\\\/skyline-gs.com\\\/hu\\\/termek\\\/the-full-ring-of-iceland\\\/#primaryimage\"},\"image\":{\"@id\":\"https:\\\/\\\/skyline-gs.com\\\/hu\\\/termek\\\/the-full-ring-of-iceland\\\/#primaryimage\"},\"thumbnailUrl\":\"https:\\\/\\\/skyline-gs.com\\\/wp-content\\\/uploads\\\/2025\\\/05\\\/11.jpg\",\"datePublished\":\"2025-05-22T21:28:41+00:00\",\"dateModified\":\"2025-12-22T22:44:04+00:00\",\"breadcrumb\":{\"@id\":\"https:\\\/\\\/skyline-gs.com\\\/hu\\\/termek\\\/the-full-ring-of-iceland\\\/#breadcrumb\"},\"inLanguage\":\"en-US\",\"potentialAction\":[{\"@type\":\"ReadAction\",\"target\":[\"https:\\\/\\\/skyline-gs.com\\\/hu\\\/termek\\\/the-full-ring-of-iceland\\\/\"]}]},{\"@type\":\"ImageObject\",\"inLanguage\":\"en-US\",\"@id\":\"https:\\\/\\\/skyline-gs.com\\\/hu\\\/termek\\\/the-full-ring-of-iceland\\\/#primaryimage\",\"url\":\"https:\\\/\\\/skyline-gs.com\\\/wp-content\\\/uploads\\\/2025\\\/05\\\/11.jpg\",\"contentUrl\":\"https:\\\/\\\/skyline-gs.com\\\/wp-content\\\/uploads\\\/2025\\\/05\\\/11.jpg\",\"width\":669,\"height\":446},{\"@type\":\"BreadcrumbList\",\"@id\":\"https:\\\/\\\/skyline-gs.com\\\/hu\\\/termek\\\/the-full-ring-of-iceland\\\/#breadcrumb\",\"itemListElement\":[{\"@type\":\"ListItem\",\"position\":1,\"name\":\"\u0413\u043b\u0430\u0432\u043d\u0430\u044f \u0441\u0442\u0440\u0430\u043d\u0438\u0446\u0430\",\"item\":\"https:\\\/\\\/skyline-gs.com\\\/hu\\\/\"},{\"@type\":\"ListItem\",\"position\":2,\"name\":\"\u041c\u0430\u0433\u0430\u0437\u0438\u043d\",\"item\":\"https:\\\/\\\/skyline-gs.com\\\/cs\\\/shop\\\/\"},{\"@type\":\"ListItem\",\"position\":3,\"name\":\"\u0418\u043d\u0434\u0438\u0432\u0438\u0434\u0443\u0430\u043b\u044c\u043d\u044b\u0439 \u0442\u0443\u0440: \u041f\u043e\u043b\u043d\u043e\u0435 \u043a\u043e\u043b\u044c\u0446\u043e \u0418\u0441\u043b\u0430\u043d\u0434\u0438\u0438 (7 \u0434\u043d\u0435\u0439)\"}]},{\"@type\":\"WebSite\",\"@id\":\"https:\\\/\\\/skyline-gs.com\\\/it\\\/#website\",\"url\":\"https:\\\/\\\/skyline-gs.com\\\/it\\\/\",\"name\":\"\u042d\u043a\u0441\u043a\u0443\u0440\u0441\u0438\u0438 Skyline\",\"description\":\"\u042d\u043a\u0441\u043a\u043b\u044e\u0437\u0438\u0432\u043d\u044b\u0435 \u044d\u043a\u0441\u043a\u0443\u0440\u0441\u0438\u0438 \u043d\u0430 \u043b\u0443\u0447\u0448\u0438\u0445 \u043a\u0443\u0440\u043e\u0440\u0442\u0430\u0445 \u043c\u0438\u0440\u0430\",\"publisher\":{\"@id\":\"https:\\\/\\\/skyline-gs.com\\\/it\\\/#organization\"},\"alternateName\":\"Skyline\",\"potentialAction\":[{\"@type\":\"SearchAction\",\"target\":{\"@type\":\"EntryPoint\",\"urlTemplate\":\"https:\\\/\\\/skyline-gs.com\\\/it\\\/?s={search_term_string}\"},\"query-input\":{\"@type\":\"PropertyValueSpecification\",\"valueRequired\":true,\"valueName\":\"search_term_string\"}}],\"inLanguage\":\"en-US\"},{\"@type\":\"Organization\",\"@id\":\"https:\\\/\\\/skyline-gs.com\\\/it\\\/#organization\",\"name\":\"\u042d\u043a\u0441\u043a\u0443\u0440\u0441\u0438\u0438 Skyline\",\"alternateName\":\"\u042d\u043a\u0441\u043a\u0443\u0440\u0441\u0438\u0438 Skyline\",\"url\":\"https:\\\/\\\/skyline-gs.com\\\/it\\\/\",\"logo\":{\"@type\":\"ImageObject\",\"inLanguage\":\"en-US\",\"@id\":\"https:\\\/\\\/skyline-gs.com\\\/it\\\/#\\\/schema\\\/logo\\\/image\\\/\",\"url\":\"https:\\\/\\\/skyline-gs.com\\\/wp-content\\\/uploads\\\/2020\\\/12\\\/cropped-logo-2.png\",\"contentUrl\":\"https:\\\/\\\/skyline-gs.com\\\/wp-content\\\/uploads\\\/2020\\\/12\\\/cropped-logo-2.png\",\"width\":512,\"height\":512,\"caption\":\"\u042d\u043a\u0441\u043a\u0443\u0440\u0441\u0438\u0438 Skyline\"},\"image\":{\"@id\":\"https:\\\/\\\/skyline-gs.com\\\/it\\\/#\\\/schema\\\/logo\\\/image\\\/\"},\"sameAs\":[\"https:\\\/\\\/www.instagram.com\\\/skylineglobalservice\\\/\"]}]}<\/script>\n<!-- \/ Yoast SEO plugin. -->","yoast_head_json":{"title":"\u0418\u043d\u0434\u0438\u0432\u0438\u0434\u0443\u0430\u043b\u044c\u043d\u044b\u0439 \u0442\u0443\u0440: \u041f\u043e\u043b\u043d\u043e\u0435 \u043a\u043e\u043b\u044c\u0446\u043e \u0418\u0441\u043b\u0430\u043d\u0434\u0438\u0438 (7 \u0434\u043d\u0435\u0439) &#8226; \u042d\u043a\u0441\u043a\u0443\u0440\u0441\u0438\u0438 Skyline","robots":{"index":"index","follow":"follow","max-snippet":"max-snippet:-1","max-image-preview":"max-image-preview:large","max-video-preview":"max-video-preview:-1"},"canonical":"https:\/\/skyline-gs.com\/en\/product-2\/the-full-ring-of-iceland\/","og_locale":"en_US","og_type":"article","og_title":"\u0418\u043d\u0434\u0438\u0432\u0438\u0434\u0443\u0430\u043b\u044c\u043d\u044b\u0439 \u0442\u0443\u0440: \u041f\u043e\u043b\u043d\u043e\u0435 \u043a\u043e\u043b\u044c\u0446\u043e \u0418\u0441\u043b\u0430\u043d\u0434\u0438\u0438 (7 \u0434\u043d\u0435\u0439) &#8226; \u042d\u043a\u0441\u043a\u0443\u0440\u0441\u0438\u0438 Skyline","og_description":"\u0412\u0440\u0435\u043c\u044f \u0442\u0443\u0440\u0430: 7 \u0434\u043d\u0435\u0439  \u0414\u043d\u0438 \u043f\u0440\u043e\u0432\u0435\u0434\u0435\u043d\u0438\u044f: \u041a\u0430\u0436\u0434\u044b\u0439 \u0434\u0435\u043d\u044c","og_url":"https:\/\/skyline-gs.com\/en\/product-2\/the-full-ring-of-iceland\/","og_site_name":"\u042d\u043a\u0441\u043a\u0443\u0440\u0441\u0438\u0438 Skyline","article_modified_time":"2025-12-22T22:44:04+00:00","og_image":[{"width":669,"height":446,"url":"https:\/\/skyline-gs.com\/wp-content\/uploads\/2025\/05\/11.jpg","type":"image\/jpeg"}],"twitter_card":"summary_large_image","twitter_misc":{"Est. reading time":"3 minutes"},"schema":{"@context":"https:\/\/schema.org","@graph":[{"@type":"WebPage","@id":"https:\/\/skyline-gs.com\/hu\/termek\/the-full-ring-of-iceland\/","url":"https:\/\/skyline-gs.com\/hu\/termek\/the-full-ring-of-iceland\/","name":"\u0418\u043d\u0434\u0438\u0432\u0438\u0434\u0443\u0430\u043b\u044c\u043d\u044b\u0439 \u0442\u0443\u0440: \u041f\u043e\u043b\u043d\u043e\u0435 \u043a\u043e\u043b\u044c\u0446\u043e \u0418\u0441\u043b\u0430\u043d\u0434\u0438\u0438 (7 \u0434\u043d\u0435\u0439) &#8226; \u042d\u043a\u0441\u043a\u0443\u0440\u0441\u0438\u0438 Skyline","isPartOf":{"@id":"https:\/\/skyline-gs.com\/it\/#website"},"primaryImageOfPage":{"@id":"https:\/\/skyline-gs.com\/hu\/termek\/the-full-ring-of-iceland\/#primaryimage"},"image":{"@id":"https:\/\/skyline-gs.com\/hu\/termek\/the-full-ring-of-iceland\/#primaryimage"},"thumbnailUrl":"https:\/\/skyline-gs.com\/wp-content\/uploads\/2025\/05\/11.jpg","datePublished":"2025-05-22T21:28:41+00:00","dateModified":"2025-12-22T22:44:04+00:00","breadcrumb":{"@id":"https:\/\/skyline-gs.com\/hu\/termek\/the-full-ring-of-iceland\/#breadcrumb"},"inLanguage":"en-US","potentialAction":[{"@type":"ReadAction","target":["https:\/\/skyline-gs.com\/hu\/termek\/the-full-ring-of-iceland\/"]}]},{"@type":"ImageObject","inLanguage":"en-US","@id":"https:\/\/skyline-gs.com\/hu\/termek\/the-full-ring-of-iceland\/#primaryimage","url":"https:\/\/skyline-gs.com\/wp-content\/uploads\/2025\/05\/11.jpg","contentUrl":"https:\/\/skyline-gs.com\/wp-content\/uploads\/2025\/05\/11.jpg","width":669,"height":446},{"@type":"BreadcrumbList","@id":"https:\/\/skyline-gs.com\/hu\/termek\/the-full-ring-of-iceland\/#breadcrumb","itemListElement":[{"@type":"ListItem","position":1,"name":"\u0413\u043b\u0430\u0432\u043d\u0430\u044f \u0441\u0442\u0440\u0430\u043d\u0438\u0446\u0430","item":"https:\/\/skyline-gs.com\/hu\/"},{"@type":"ListItem","position":2,"name":"\u041c\u0430\u0433\u0430\u0437\u0438\u043d","item":"https:\/\/skyline-gs.com\/cs\/shop\/"},{"@type":"ListItem","position":3,"name":"\u0418\u043d\u0434\u0438\u0432\u0438\u0434\u0443\u0430\u043b\u044c\u043d\u044b\u0439 \u0442\u0443\u0440: \u041f\u043e\u043b\u043d\u043e\u0435 \u043a\u043e\u043b\u044c\u0446\u043e \u0418\u0441\u043b\u0430\u043d\u0434\u0438\u0438 (7 \u0434\u043d\u0435\u0439)"}]},{"@type":"WebSite","@id":"https:\/\/skyline-gs.com\/it\/#website","url":"https:\/\/skyline-gs.com\/it\/","name":"Skyline Tours","description":"Exclusive excursions in the best resorts of the world","publisher":{"@id":"https:\/\/skyline-gs.com\/it\/#organization"},"alternateName":"Skyline","potentialAction":[{"@type":"SearchAction","target":{"@type":"EntryPoint","urlTemplate":"https:\/\/skyline-gs.com\/it\/?s={search_term_string}"},"query-input":{"@type":"PropertyValueSpecification","valueRequired":true,"valueName":"search_term_string"}}],"inLanguage":"en-US"},{"@type":"Organization","@id":"https:\/\/skyline-gs.com\/it\/#organization","name":"Skyline Tours","alternateName":"\u042d\u043a\u0441\u043a\u0443\u0440\u0441\u0438\u0438 Skyline","url":"https:\/\/skyline-gs.com\/it\/","logo":{"@type":"ImageObject","inLanguage":"en-US","@id":"https:\/\/skyline-gs.com\/it\/#\/schema\/logo\/image\/","url":"https:\/\/skyline-gs.com\/wp-content\/uploads\/2020\/12\/cropped-logo-2.png","contentUrl":"https:\/\/skyline-gs.com\/wp-content\/uploads\/2020\/12\/cropped-logo-2.png","width":512,"height":512,"caption":"\u042d\u043a\u0441\u043a\u0443\u0440\u0441\u0438\u0438 Skyline"},"image":{"@id":"https:\/\/skyline-gs.com\/it\/#\/schema\/logo\/image\/"},"sameAs":["https:\/\/www.instagram.com\/skylineglobalservice\/"]}]}},"_links":{"self":[{"href":"https:\/\/skyline-gs.com\/en\/wp-json\/wp\/v2\/product\/63441","targetHints":{"allow":["GET"]}}],"collection":[{"href":"https:\/\/skyline-gs.com\/en\/wp-json\/wp\/v2\/product"}],"about":[{"href":"https:\/\/skyline-gs.com\/en\/wp-json\/wp\/v2\/types\/product"}],"version-history":[{"count":0,"href":"https:\/\/skyline-gs.com\/en\/wp-json\/wp\/v2\/product\/63441\/revisions"}],"wp:featuredmedia":[{"embeddable":true,"href":"https:\/\/skyline-gs.com\/en\/wp-json\/wp\/v2\/media\/63444"}],"wp:attachment":[{"href":"https:\/\/skyline-gs.com\/en\/wp-json\/wp\/v2\/media?parent=63441"}],"wp:term":[{"taxonomy":"product_brand","embeddable":true,"href":"https:\/\/skyline-gs.com\/en\/wp-json\/wp\/v2\/product_brand?post=63441"},{"taxonomy":"product_cat","embeddable":true,"href":"https:\/\/skyline-gs.com\/en\/wp-json\/wp\/v2\/product_cat?post=63441"},{"taxonomy":"product_tag","embeddable":true,"href":"https:\/\/skyline-gs.com\/en\/wp-json\/wp\/v2\/product_tag?post=63441"}],"curies":[{"name":"wp","href":"https:\/\/api.w.org\/{rel}","templated":true}]}}