{"id":37537,"date":"2022-05-29T14:40:51","date_gmt":"2022-05-29T12:40:51","guid":{"rendered":"http:\/\/skyline-gs.com\/?post_type=product&#038;p=37537"},"modified":"2025-06-14T21:48:55","modified_gmt":"2025-06-14T19:48:55","slug":"evening-tour-in-the-land-of-legends-alanya","status":"publish","type":"product","link":"https:\/\/skyline-gs.com\/en\/product\/evening-tour-in-the-land-of-legends-alanya\/","title":{"rendered":"An evening tour of The Land of Legends Park"},"content":{"rendered":"<p>17:30 Uhr Abfahrt vom Hotel. Ankunft in Belek im Wasserpark Park Legend. Freizeit im gr\u00f6\u00dften Wasserpark in der T\u00fcrkei. Besuchen Sie unbedingt die Abendshow, bei der die Boote in Form verschiedener Musikinstrumente gestaltet sind, singende Font\u00e4nen und die Kost\u00fcme der K\u00fcnstler fantasievoll und bunt sind. Die Show beginnt auf dem Land und geht dann auf das Wasser \u00fcber. Das Show ist so faszinierend, dass eine Stunde wie im Flug vergeht. R\u00fcckfahrt zum Hotel. Gegen 00:00 Uhr R\u00fcckkehr zum Hotel.<\/p>\n<p><strong>Included:<\/strong><\/p>\n<ul>\n<li>Transfers from the hotel and back<\/li>\n<li>Transfers according to the program on a comfortable air-conditioned bus<\/li>\n<li>Besuch eines t\u00fcrkischen Bades (2 Stunden)<\/li>\n<li>Entry tickets<\/li>\n<li>Insurance<\/li>\n<\/ul>\n<p><strong>Not included:<\/strong><\/p>\n<ul>\n<li>Dinner<\/li>\n<li>Drinks<\/li>\n<li>Riding on roller coasters<\/li>\n<\/ul>\n<p><strong>Take with you:<\/strong><\/p>\n<ul>\n<li>Camera<\/li>\n<li>Money for personal expenses<\/li>\n<\/ul>","protected":false},"excerpt":{"rendered":"<p><strong>Tour time:<\/strong> 17:30 \u2014 00:00<\/p>\n<p><strong>Tour days:<\/strong> Tuesday, Thursday and Saturday<\/p>","protected":false},"featured_media":64254,"template":"","meta":{"_kad_post_transparent":"default","_kad_post_title":"","_kad_post_layout":"default","_kad_post_sidebar_id":"","_kad_post_content_style":"default","_kad_post_vertical_padding":"default","_kad_post_feature":"","_kad_post_feature_position":"","_kad_post_header":false,"_kad_post_footer":false,"_kad_post_classname":"","_glsr_average":0,"_glsr_ranking":0,"_glsr_reviews":0},"product_brand":[],"product_cat":[445],"product_tag":[],"class_list":{"0":"post-37537","1":"product","2":"type-product","3":"status-publish","4":"has-post-thumbnail","6":"product_cat-alanya","7":"tm-has-options","9":"first","10":"instock","11":"sold-individually","12":"taxable","13":"shipping-taxable","14":"purchasable","15":"product-type-simple","16":"entry","17":"content-bg","18":"loop-entry"},"yoast_head":"<!-- This site is optimized with the Yoast SEO plugin v27.3 - https:\/\/yoast.com\/product\/yoast-seo-wordpress\/ -->\n<title>\u0412\u0435\u0447\u0435\u0440\u043d\u0438\u0439 \u0442\u0443\u0440 \u0432 \u043f\u0430\u0440\u043a The Land of Legends \u0438\u0437 \u0410\u043b\u0430\u043d\u044c\u0438 &#8226; \u042d\u043a\u0441\u043a\u0443\u0440\u0441\u0438\u0438 Skyline<\/title>\n<meta name=\"robots\" content=\"index, follow, max-snippet:-1, max-image-preview:large, max-video-preview:-1\" \/>\n<link rel=\"canonical\" href=\"http:\/\/skyline-gs.com\/en\/product-2\/evening-tour-in-the-land-of-legends-alanya\/\" \/>\n<meta property=\"og:locale\" content=\"en_US\" \/>\n<meta property=\"og:type\" content=\"article\" \/>\n<meta property=\"og:title\" content=\"\u0412\u0435\u0447\u0435\u0440\u043d\u0438\u0439 \u0442\u0443\u0440 \u0432 \u043f\u0430\u0440\u043a The Land of Legends \u0438\u0437 \u0410\u043b\u0430\u043d\u044c\u0438 &#8226; \u042d\u043a\u0441\u043a\u0443\u0440\u0441\u0438\u0438 Skyline\" \/>\n<meta property=\"og:description\" content=\"\u0412\u0440\u0435\u043c\u044f \u0442\u0443\u0440\u0430: 17:30 - 00:00  \u0414\u043d\u0438 \u043f\u0440\u043e\u0432\u0435\u0434\u0435\u043d\u0438\u044f: \u0432\u0442\u043e\u0440\u043d\u0438\u043a, \u0447\u0435\u0442\u0432\u0435\u0440\u0433 \u0438 \u0441\u0443\u0431\u0431\u043e\u0442\u0430\" \/>\n<meta property=\"og:url\" content=\"http:\/\/skyline-gs.com\/en\/product-2\/evening-tour-in-the-land-of-legends-alanya\/\" \/>\n<meta property=\"og:site_name\" content=\"\u042d\u043a\u0441\u043a\u0443\u0440\u0441\u0438\u0438 Skyline\" \/>\n<meta property=\"article:modified_time\" content=\"2025-06-14T19:48:55+00:00\" \/>\n<meta property=\"og:image\" content=\"https:\/\/skyline-gs.com\/wp-content\/uploads\/2022\/05\/\u041f\u0430\u0440\u043a-The-Land-of-Legends-32.jpg\" \/>\n\t<meta property=\"og:image:width\" content=\"669\" \/>\n\t<meta property=\"og:image:height\" content=\"446\" \/>\n\t<meta property=\"og:image:type\" content=\"image\/jpeg\" \/>\n<meta name=\"twitter:card\" content=\"summary_large_image\" \/>\n<meta name=\"twitter:label1\" content=\"Est. reading time\" \/>\n\t<meta name=\"twitter:data1\" content=\"1 minute\" \/>\n<script type=\"application\/ld+json\" class=\"yoast-schema-graph\">{\"@context\":\"https:\\\/\\\/schema.org\",\"@graph\":[{\"@type\":\"WebPage\",\"@id\":\"http:\\\/\\\/skyline-gs.com\\\/cs\\\/produkt\\\/evening-tour-in-the-land-of-legends-alanya\\\/\",\"url\":\"http:\\\/\\\/skyline-gs.com\\\/cs\\\/produkt\\\/evening-tour-in-the-land-of-legends-alanya\\\/\",\"name\":\"\u0412\u0435\u0447\u0435\u0440\u043d\u0438\u0439 \u0442\u0443\u0440 \u0432 \u043f\u0430\u0440\u043a The Land of Legends \u0438\u0437 \u0410\u043b\u0430\u043d\u044c\u0438 &#8226; \u042d\u043a\u0441\u043a\u0443\u0440\u0441\u0438\u0438 Skyline\",\"isPartOf\":{\"@id\":\"https:\\\/\\\/skyline-gs.com\\\/it\\\/#website\"},\"primaryImageOfPage\":{\"@id\":\"http:\\\/\\\/skyline-gs.com\\\/cs\\\/produkt\\\/evening-tour-in-the-land-of-legends-alanya\\\/#primaryimage\"},\"image\":{\"@id\":\"http:\\\/\\\/skyline-gs.com\\\/cs\\\/produkt\\\/evening-tour-in-the-land-of-legends-alanya\\\/#primaryimage\"},\"thumbnailUrl\":\"https:\\\/\\\/skyline-gs.com\\\/wp-content\\\/uploads\\\/2022\\\/05\\\/\u041f\u0430\u0440\u043a-The-Land-of-Legends-32.jpg\",\"datePublished\":\"2022-05-29T12:40:51+00:00\",\"dateModified\":\"2025-06-14T19:48:55+00:00\",\"breadcrumb\":{\"@id\":\"http:\\\/\\\/skyline-gs.com\\\/cs\\\/produkt\\\/evening-tour-in-the-land-of-legends-alanya\\\/#breadcrumb\"},\"inLanguage\":\"en-US\",\"potentialAction\":[{\"@type\":\"ReadAction\",\"target\":[\"http:\\\/\\\/skyline-gs.com\\\/cs\\\/produkt\\\/evening-tour-in-the-land-of-legends-alanya\\\/\"]}]},{\"@type\":\"ImageObject\",\"inLanguage\":\"en-US\",\"@id\":\"http:\\\/\\\/skyline-gs.com\\\/cs\\\/produkt\\\/evening-tour-in-the-land-of-legends-alanya\\\/#primaryimage\",\"url\":\"https:\\\/\\\/skyline-gs.com\\\/wp-content\\\/uploads\\\/2022\\\/05\\\/\u041f\u0430\u0440\u043a-The-Land-of-Legends-32.jpg\",\"contentUrl\":\"https:\\\/\\\/skyline-gs.com\\\/wp-content\\\/uploads\\\/2022\\\/05\\\/\u041f\u0430\u0440\u043a-The-Land-of-Legends-32.jpg\",\"width\":669,\"height\":446},{\"@type\":\"BreadcrumbList\",\"@id\":\"http:\\\/\\\/skyline-gs.com\\\/cs\\\/produkt\\\/evening-tour-in-the-land-of-legends-alanya\\\/#breadcrumb\",\"itemListElement\":[{\"@type\":\"ListItem\",\"position\":1,\"name\":\"\u0413\u043b\u0430\u0432\u043d\u0430\u044f \u0441\u0442\u0440\u0430\u043d\u0438\u0446\u0430\",\"item\":\"https:\\\/\\\/skyline-gs.com\\\/hu\\\/\"},{\"@type\":\"ListItem\",\"position\":2,\"name\":\"\u041c\u0430\u0433\u0430\u0437\u0438\u043d\",\"item\":\"https:\\\/\\\/skyline-gs.com\\\/cs\\\/shop\\\/\"},{\"@type\":\"ListItem\",\"position\":3,\"name\":\"\u0412\u0435\u0447\u0435\u0440\u043d\u0438\u0439 \u0442\u0443\u0440 \u0432 \u043f\u0430\u0440\u043a The Land of Legends\"}]},{\"@type\":\"WebSite\",\"@id\":\"https:\\\/\\\/skyline-gs.com\\\/it\\\/#website\",\"url\":\"https:\\\/\\\/skyline-gs.com\\\/it\\\/\",\"name\":\"\u042d\u043a\u0441\u043a\u0443\u0440\u0441\u0438\u0438 Skyline\",\"description\":\"\u042d\u043a\u0441\u043a\u043b\u044e\u0437\u0438\u0432\u043d\u044b\u0435 \u044d\u043a\u0441\u043a\u0443\u0440\u0441\u0438\u0438 \u043d\u0430 \u043b\u0443\u0447\u0448\u0438\u0445 \u043a\u0443\u0440\u043e\u0440\u0442\u0430\u0445 \u043c\u0438\u0440\u0430\",\"publisher\":{\"@id\":\"https:\\\/\\\/skyline-gs.com\\\/it\\\/#organization\"},\"alternateName\":\"Skyline\",\"potentialAction\":[{\"@type\":\"SearchAction\",\"target\":{\"@type\":\"EntryPoint\",\"urlTemplate\":\"https:\\\/\\\/skyline-gs.com\\\/it\\\/?s={search_term_string}\"},\"query-input\":{\"@type\":\"PropertyValueSpecification\",\"valueRequired\":true,\"valueName\":\"search_term_string\"}}],\"inLanguage\":\"en-US\"},{\"@type\":\"Organization\",\"@id\":\"https:\\\/\\\/skyline-gs.com\\\/it\\\/#organization\",\"name\":\"\u042d\u043a\u0441\u043a\u0443\u0440\u0441\u0438\u0438 Skyline\",\"alternateName\":\"\u042d\u043a\u0441\u043a\u0443\u0440\u0441\u0438\u0438 Skyline\",\"url\":\"https:\\\/\\\/skyline-gs.com\\\/it\\\/\",\"logo\":{\"@type\":\"ImageObject\",\"inLanguage\":\"en-US\",\"@id\":\"https:\\\/\\\/skyline-gs.com\\\/it\\\/#\\\/schema\\\/logo\\\/image\\\/\",\"url\":\"https:\\\/\\\/skyline-gs.com\\\/wp-content\\\/uploads\\\/2020\\\/12\\\/cropped-logo-2.png\",\"contentUrl\":\"https:\\\/\\\/skyline-gs.com\\\/wp-content\\\/uploads\\\/2020\\\/12\\\/cropped-logo-2.png\",\"width\":512,\"height\":512,\"caption\":\"\u042d\u043a\u0441\u043a\u0443\u0440\u0441\u0438\u0438 Skyline\"},\"image\":{\"@id\":\"https:\\\/\\\/skyline-gs.com\\\/it\\\/#\\\/schema\\\/logo\\\/image\\\/\"},\"sameAs\":[\"https:\\\/\\\/www.instagram.com\\\/skylineglobalservice\\\/\"]}]}<\/script>\n<!-- \/ Yoast SEO plugin. -->","yoast_head_json":{"title":"Evening tour to The Land of Legends park from Alanya - Skyline Excursions","robots":{"index":"index","follow":"follow","max-snippet":"max-snippet:-1","max-image-preview":"max-image-preview:large","max-video-preview":"max-video-preview:-1"},"canonical":"http:\/\/skyline-gs.com\/en\/product-2\/evening-tour-in-the-land-of-legends-alanya\/","og_locale":"en_US","og_type":"article","og_title":"\u0412\u0435\u0447\u0435\u0440\u043d\u0438\u0439 \u0442\u0443\u0440 \u0432 \u043f\u0430\u0440\u043a The Land of Legends \u0438\u0437 \u0410\u043b\u0430\u043d\u044c\u0438 &#8226; \u042d\u043a\u0441\u043a\u0443\u0440\u0441\u0438\u0438 Skyline","og_description":"\u0412\u0440\u0435\u043c\u044f \u0442\u0443\u0440\u0430: 17:30 - 00:00  \u0414\u043d\u0438 \u043f\u0440\u043e\u0432\u0435\u0434\u0435\u043d\u0438\u044f: \u0432\u0442\u043e\u0440\u043d\u0438\u043a, \u0447\u0435\u0442\u0432\u0435\u0440\u0433 \u0438 \u0441\u0443\u0431\u0431\u043e\u0442\u0430","og_url":"http:\/\/skyline-gs.com\/en\/product-2\/evening-tour-in-the-land-of-legends-alanya\/","og_site_name":"\u042d\u043a\u0441\u043a\u0443\u0440\u0441\u0438\u0438 Skyline","article_modified_time":"2025-06-14T19:48:55+00:00","og_image":[{"width":669,"height":446,"url":"https:\/\/skyline-gs.com\/wp-content\/uploads\/2022\/05\/\u041f\u0430\u0440\u043a-The-Land-of-Legends-32.jpg","type":"image\/jpeg"}],"twitter_card":"summary_large_image","twitter_misc":{"Est. reading time":"1 minute"},"schema":{"@context":"https:\/\/schema.org","@graph":[{"@type":"WebPage","@id":"http:\/\/skyline-gs.com\/cs\/produkt\/evening-tour-in-the-land-of-legends-alanya\/","url":"http:\/\/skyline-gs.com\/cs\/produkt\/evening-tour-in-the-land-of-legends-alanya\/","name":"Evening tour to The Land of Legends park from Alanya - Skyline Excursions","isPartOf":{"@id":"https:\/\/skyline-gs.com\/it\/#website"},"primaryImageOfPage":{"@id":"http:\/\/skyline-gs.com\/cs\/produkt\/evening-tour-in-the-land-of-legends-alanya\/#primaryimage"},"image":{"@id":"http:\/\/skyline-gs.com\/cs\/produkt\/evening-tour-in-the-land-of-legends-alanya\/#primaryimage"},"thumbnailUrl":"https:\/\/skyline-gs.com\/wp-content\/uploads\/2022\/05\/\u041f\u0430\u0440\u043a-The-Land-of-Legends-32.jpg","datePublished":"2022-05-29T12:40:51+00:00","dateModified":"2025-06-14T19:48:55+00:00","breadcrumb":{"@id":"http:\/\/skyline-gs.com\/cs\/produkt\/evening-tour-in-the-land-of-legends-alanya\/#breadcrumb"},"inLanguage":"en-US","potentialAction":[{"@type":"ReadAction","target":["http:\/\/skyline-gs.com\/cs\/produkt\/evening-tour-in-the-land-of-legends-alanya\/"]}]},{"@type":"ImageObject","inLanguage":"en-US","@id":"http:\/\/skyline-gs.com\/cs\/produkt\/evening-tour-in-the-land-of-legends-alanya\/#primaryimage","url":"https:\/\/skyline-gs.com\/wp-content\/uploads\/2022\/05\/\u041f\u0430\u0440\u043a-The-Land-of-Legends-32.jpg","contentUrl":"https:\/\/skyline-gs.com\/wp-content\/uploads\/2022\/05\/\u041f\u0430\u0440\u043a-The-Land-of-Legends-32.jpg","width":669,"height":446},{"@type":"BreadcrumbList","@id":"http:\/\/skyline-gs.com\/cs\/produkt\/evening-tour-in-the-land-of-legends-alanya\/#breadcrumb","itemListElement":[{"@type":"ListItem","position":1,"name":"\u0413\u043b\u0430\u0432\u043d\u0430\u044f \u0441\u0442\u0440\u0430\u043d\u0438\u0446\u0430","item":"https:\/\/skyline-gs.com\/hu\/"},{"@type":"ListItem","position":2,"name":"\u041c\u0430\u0433\u0430\u0437\u0438\u043d","item":"https:\/\/skyline-gs.com\/cs\/shop\/"},{"@type":"ListItem","position":3,"name":"\u0412\u0435\u0447\u0435\u0440\u043d\u0438\u0439 \u0442\u0443\u0440 \u0432 \u043f\u0430\u0440\u043a The Land of Legends"}]},{"@type":"WebSite","@id":"https:\/\/skyline-gs.com\/it\/#website","url":"https:\/\/skyline-gs.com\/it\/","name":"Skyline Tours","description":"Exclusive excursions in the best resorts of the world","publisher":{"@id":"https:\/\/skyline-gs.com\/it\/#organization"},"alternateName":"Skyline","potentialAction":[{"@type":"SearchAction","target":{"@type":"EntryPoint","urlTemplate":"https:\/\/skyline-gs.com\/it\/?s={search_term_string}"},"query-input":{"@type":"PropertyValueSpecification","valueRequired":true,"valueName":"search_term_string"}}],"inLanguage":"en-US"},{"@type":"Organization","@id":"https:\/\/skyline-gs.com\/it\/#organization","name":"Skyline Tours","alternateName":"\u042d\u043a\u0441\u043a\u0443\u0440\u0441\u0438\u0438 Skyline","url":"https:\/\/skyline-gs.com\/it\/","logo":{"@type":"ImageObject","inLanguage":"en-US","@id":"https:\/\/skyline-gs.com\/it\/#\/schema\/logo\/image\/","url":"https:\/\/skyline-gs.com\/wp-content\/uploads\/2020\/12\/cropped-logo-2.png","contentUrl":"https:\/\/skyline-gs.com\/wp-content\/uploads\/2020\/12\/cropped-logo-2.png","width":512,"height":512,"caption":"\u042d\u043a\u0441\u043a\u0443\u0440\u0441\u0438\u0438 Skyline"},"image":{"@id":"https:\/\/skyline-gs.com\/it\/#\/schema\/logo\/image\/"},"sameAs":["https:\/\/www.instagram.com\/skylineglobalservice\/"]}]}},"_links":{"self":[{"href":"https:\/\/skyline-gs.com\/en\/wp-json\/wp\/v2\/product\/37537","targetHints":{"allow":["GET"]}}],"collection":[{"href":"https:\/\/skyline-gs.com\/en\/wp-json\/wp\/v2\/product"}],"about":[{"href":"https:\/\/skyline-gs.com\/en\/wp-json\/wp\/v2\/types\/product"}],"version-history":[{"count":0,"href":"https:\/\/skyline-gs.com\/en\/wp-json\/wp\/v2\/product\/37537\/revisions"}],"wp:featuredmedia":[{"embeddable":true,"href":"https:\/\/skyline-gs.com\/en\/wp-json\/wp\/v2\/media\/64254"}],"wp:attachment":[{"href":"https:\/\/skyline-gs.com\/en\/wp-json\/wp\/v2\/media?parent=37537"}],"wp:term":[{"taxonomy":"product_brand","embeddable":true,"href":"https:\/\/skyline-gs.com\/en\/wp-json\/wp\/v2\/product_brand?post=37537"},{"taxonomy":"product_cat","embeddable":true,"href":"https:\/\/skyline-gs.com\/en\/wp-json\/wp\/v2\/product_cat?post=37537"},{"taxonomy":"product_tag","embeddable":true,"href":"https:\/\/skyline-gs.com\/en\/wp-json\/wp\/v2\/product_tag?post=37537"}],"curies":[{"name":"wp","href":"https:\/\/api.w.org\/{rel}","templated":true}]}}