{"id":75010,"date":"2026-02-15T22:10:18","date_gmt":"2026-02-15T20:10:18","guid":{"rendered":"https:\/\/skyline-gs.com\/?post_type=product&#038;p=75010"},"modified":"2026-02-15T22:12:09","modified_gmt":"2026-02-15T20:12:09","slug":"skorostnoj-kater-horizon-do-6i-chelovek-2","status":"publish","type":"product","link":"https:\/\/skyline-gs.com\/de\/product\/skorostnoj-kater-horizon-do-6i-chelovek\/","title":{"rendered":"Horizon Schnellboot (bis zu 6 Personen)"},"content":{"rendered":"<div class=\"\">\n<div class=\"tour-schedule\">\n<p><strong>Private Schnellboottouren ab Hurghada<\/strong><br \/>\nErleben Sie die Freiheit und den Komfort einer individuellen Bootsfahrt, die nur f\u00fcr Sie und Ihre Lieben organisiert wird. Sie k\u00f6nnen zwischen 2 Programmen auf einem Schnellboot w\u00e4hlen:<\/p>\n<p><strong>Programm 1: Delphintour: Schwimmen mit Delphinen, Schnorcheln und Abu Minkar Island<\/strong><\/p>\n<p>Begeben Sie sich auf eine 4-st\u00fcndige Tour auf die Suche nach Delfinen in ihrem nat\u00fcrlichen Lebensraum. Entdecken Sie die farbenfrohe Unterwasserwelt des Roten Meeres und genie\u00dfen Sie spektakul\u00e4re K\u00fcstenlandschaften.<br \/>\nSie k\u00f6nnen die Delfine aus n\u00e4chster N\u00e4he beobachten und bei g\u00fcnstigen Bedingungen sogar neben ihnen schwimmen.<br \/>\nDanach erwarten Sie zwei Schnorchelstopps an verschiedenen Stellen mit wundersch\u00f6nen Korallenriffen. Genie\u00dfen Sie eine Vielfalt an bunten Korallen und tropischen Fischen.<br \/>\nDas letzte Ziel ist die Insel Abu Minkar, das \u00abversteckte Juwel\u00bb des Roten Meeres.<\/p>\n<p><strong>Programm 2: Inseltour: Orange Bay \/ Paradise Island \/ Eden Island + Schnorcheln<\/strong><\/p>\n<p>Vermeiden Sie \u00fcberf\u00fcllte Gruppenausfl\u00fcge und nehmen Sie einen privaten 4-st\u00fcndigen Schnellboottransfer zu einer der Inseln Hurghadas: Orange Bay, Paradise Island oder die neue Eden Island.<br \/>\nNach Ihrem Inselurlaub haben Sie die M\u00f6glichkeit, die Unterwasserwelt beim Schnorcheln am wundersch\u00f6nen Korallenriff zu erkunden.<br \/>\n<strong><em>Der Eintritt zu den Inseln wird separat berechnet: 10 \u20ac pro Erwachsener + 5 \u20ac pro Kind.<\/em><\/strong><\/p>\n<p><strong>Inbegriffen:<\/strong><\/p>\n<ul>\n<li>Schnorchelausr\u00fcstung<\/li>\n<li>Appetizers<\/li>\n<li>Getr\u00e4nke<\/li>\n<li>Alle Geb\u00fchren und Steuern<\/li>\n<li>Transfer vom Hotel und zur\u00fcck<\/li>\n<\/ul>\n<p><strong>Nimm mit:<\/strong><\/p>\n<ul>\n<li>Foto- oder Videokamera<\/li>\n<li>Kopfbedeckung<\/li>\n<li>Handtuch<\/li>\n<li>Badeanzug \/ Badehose<\/li>\n<li>Sonnencreme<\/li>\n<\/ul>\n<p><strong>Buchung:<\/strong><br \/>\nF\u00fcr die Ausstellung der Touristengenehmigung m\u00fcssen Fotokopien der Reisep\u00e4sse aller Reiseteilnehmer vorgelegt werden, sowie<strong> eine Vorauszahlung von 50$ leisten<\/strong>.<\/p>\n<\/div>\n<\/div>","protected":false},"excerpt":{"rendered":"<p><strong>Mietdauer:<\/strong> 4 Stunden<\/p>\n<p><strong>Kapazit\u00e4t: <\/strong>6 Personen<\/p>","protected":false},"featured_media":75011,"template":"","meta":{"_kad_post_transparent":"default","_kad_post_title":"","_kad_post_layout":"default","_kad_post_sidebar_id":"","_kad_post_content_style":"default","_kad_post_vertical_padding":"default","_kad_post_feature":"","_kad_post_feature_position":"","_kad_post_header":false,"_kad_post_footer":false,"_kad_post_classname":"","_glsr_average":0,"_glsr_ranking":0,"_glsr_reviews":0},"product_brand":[],"product_cat":[481],"product_tag":[],"class_list":{"0":"post-75010","1":"product","2":"type-product","3":"status-publish","4":"has-post-thumbnail","6":"product_cat-hurghada-yachts","7":"tm-has-options","9":"first","10":"instock","11":"sold-individually","12":"taxable","13":"shipping-taxable","14":"purchasable","15":"product-type-simple","16":"entry","17":"content-bg","18":"loop-entry"},"yoast_head":"<!-- This site is optimized with the Yoast SEO plugin v27.4 - https:\/\/yoast.com\/product\/yoast-seo-wordpress\/ -->\n<title>\u0421\u043a\u043e\u0440\u043e\u0441\u0442\u043d\u043e\u0439 \u043a\u0430\u0442\u0435\u0440 Horizon (\u0434\u043e 6\u0438 \u0447\u0435\u043b\u043e\u0432\u0435\u043a) &#8226; \u042d\u043a\u0441\u043a\u0443\u0440\u0441\u0438\u0438 Skyline<\/title>\n<meta name=\"robots\" content=\"index, follow, max-snippet:-1, max-image-preview:large, max-video-preview:-1\" \/>\n<link rel=\"canonical\" href=\"https:\/\/skyline-gs.com\/de\/produkt\/skorostnoj-kater-horizon-do-6i-chelovek-2\/\" \/>\n<meta property=\"og:locale\" content=\"de_DE\" \/>\n<meta property=\"og:type\" content=\"article\" \/>\n<meta property=\"og:title\" content=\"\u0421\u043a\u043e\u0440\u043e\u0441\u0442\u043d\u043e\u0439 \u043a\u0430\u0442\u0435\u0440 Horizon (\u0434\u043e 6\u0438 \u0447\u0435\u043b\u043e\u0432\u0435\u043a) &#8226; \u042d\u043a\u0441\u043a\u0443\u0440\u0441\u0438\u0438 Skyline\" \/>\n<meta property=\"og:description\" content=\"\u0414\u043b\u0438\u0442\u0435\u043b\u044c\u043d\u043e\u0441\u0442\u044c \u0430\u0440\u0435\u043d\u0434\u044b: 4 \u0447\u0430\u0441\u0430  \u0412\u043c\u0435\u0441\u0442\u0438\u0442\u0435\u043b\u044c\u043d\u043e\u0441\u0442\u044c: 6\u00a0\u0447\u0435\u043b\u043e\u0432\u0435\u043a\" \/>\n<meta property=\"og:url\" content=\"https:\/\/skyline-gs.com\/de\/produkt\/skorostnoj-kater-horizon-do-6i-chelovek-2\/\" \/>\n<meta property=\"og:site_name\" content=\"\u042d\u043a\u0441\u043a\u0443\u0440\u0441\u0438\u0438 Skyline\" \/>\n<meta property=\"article:modified_time\" content=\"2026-02-15T20:12:09+00:00\" \/>\n<meta property=\"og:image\" content=\"https:\/\/skyline-gs.com\/wp-content\/uploads\/2024\/08\/LoGo777.png\" \/>\n\t<meta property=\"og:image:width\" content=\"1080\" \/>\n\t<meta property=\"og:image:height\" content=\"1080\" \/>\n\t<meta property=\"og:image:type\" content=\"image\/png\" \/>\n<meta name=\"twitter:card\" content=\"summary_large_image\" \/>\n<meta name=\"twitter:label1\" content=\"Gesch\u00e4tzte Lesezeit\" \/>\n\t<meta name=\"twitter:data1\" content=\"2\u00a0Minuten\" \/>\n<script type=\"application\/ld+json\" class=\"yoast-schema-graph\">{\"@context\":\"https:\\\/\\\/schema.org\",\"@graph\":[{\"@type\":\"WebPage\",\"@id\":\"https:\\\/\\\/skyline-gs.com\\\/product\\\/skorostnoj-kater-horizon-do-6i-chelovek\\\/\",\"url\":\"https:\\\/\\\/skyline-gs.com\\\/product\\\/skorostnoj-kater-horizon-do-6i-chelovek\\\/\",\"name\":\"\u0421\u043a\u043e\u0440\u043e\u0441\u0442\u043d\u043e\u0439 \u043a\u0430\u0442\u0435\u0440 Horizon (\u0434\u043e 6\u0438 \u0447\u0435\u043b\u043e\u0432\u0435\u043a) &#8226; \u042d\u043a\u0441\u043a\u0443\u0440\u0441\u0438\u0438 Skyline\",\"isPartOf\":{\"@id\":\"https:\\\/\\\/skyline-gs.com\\\/it\\\/#website\"},\"primaryImageOfPage\":{\"@id\":\"https:\\\/\\\/skyline-gs.com\\\/product\\\/skorostnoj-kater-horizon-do-6i-chelovek\\\/#primaryimage\"},\"image\":{\"@id\":\"https:\\\/\\\/skyline-gs.com\\\/product\\\/skorostnoj-kater-horizon-do-6i-chelovek\\\/#primaryimage\"},\"thumbnailUrl\":\"https:\\\/\\\/skyline-gs.com\\\/wp-content\\\/uploads\\\/2026\\\/02\\\/602f36_60e0bedd22844a938d5060c187eea75cmv2.jpg.avif\",\"datePublished\":\"2026-02-15T20:10:18+00:00\",\"dateModified\":\"2026-02-15T20:12:09+00:00\",\"breadcrumb\":{\"@id\":\"https:\\\/\\\/skyline-gs.com\\\/product\\\/skorostnoj-kater-horizon-do-6i-chelovek\\\/#breadcrumb\"},\"inLanguage\":\"de\",\"potentialAction\":[{\"@type\":\"ReadAction\",\"target\":[\"https:\\\/\\\/skyline-gs.com\\\/product\\\/skorostnoj-kater-horizon-do-6i-chelovek\\\/\"]}]},{\"@type\":\"ImageObject\",\"inLanguage\":\"de\",\"@id\":\"https:\\\/\\\/skyline-gs.com\\\/product\\\/skorostnoj-kater-horizon-do-6i-chelovek\\\/#primaryimage\",\"url\":\"https:\\\/\\\/skyline-gs.com\\\/wp-content\\\/uploads\\\/2026\\\/02\\\/602f36_60e0bedd22844a938d5060c187eea75cmv2.jpg.avif\",\"contentUrl\":\"https:\\\/\\\/skyline-gs.com\\\/wp-content\\\/uploads\\\/2026\\\/02\\\/602f36_60e0bedd22844a938d5060c187eea75cmv2.jpg.avif\",\"width\":1525,\"height\":982},{\"@type\":\"BreadcrumbList\",\"@id\":\"https:\\\/\\\/skyline-gs.com\\\/product\\\/skorostnoj-kater-horizon-do-6i-chelovek\\\/#breadcrumb\",\"itemListElement\":[{\"@type\":\"ListItem\",\"position\":1,\"name\":\"\u0413\u043b\u0430\u0432\u043d\u0430\u044f \u0441\u0442\u0440\u0430\u043d\u0438\u0446\u0430\",\"item\":\"https:\\\/\\\/skyline-gs.com\\\/hu\\\/\"},{\"@type\":\"ListItem\",\"position\":2,\"name\":\"\u041c\u0430\u0433\u0430\u0437\u0438\u043d\",\"item\":\"https:\\\/\\\/skyline-gs.com\\\/cs\\\/shop\\\/\"},{\"@type\":\"ListItem\",\"position\":3,\"name\":\"\u0421\u043a\u043e\u0440\u043e\u0441\u0442\u043d\u043e\u0439 \u043a\u0430\u0442\u0435\u0440 Horizon (\u0434\u043e 6\u0438 \u0447\u0435\u043b\u043e\u0432\u0435\u043a)\"}]},{\"@type\":\"WebSite\",\"@id\":\"https:\\\/\\\/skyline-gs.com\\\/it\\\/#website\",\"url\":\"https:\\\/\\\/skyline-gs.com\\\/it\\\/\",\"name\":\"\u042d\u043a\u0441\u043a\u0443\u0440\u0441\u0438\u0438 Skyline\",\"description\":\"\u042d\u043a\u0441\u043a\u043b\u044e\u0437\u0438\u0432\u043d\u044b\u0435 \u044d\u043a\u0441\u043a\u0443\u0440\u0441\u0438\u0438 \u043d\u0430 \u043b\u0443\u0447\u0448\u0438\u0445 \u043a\u0443\u0440\u043e\u0440\u0442\u0430\u0445 \u043c\u0438\u0440\u0430\",\"publisher\":{\"@id\":\"https:\\\/\\\/skyline-gs.com\\\/it\\\/#organization\"},\"alternateName\":\"Skyline\",\"potentialAction\":[{\"@type\":\"SearchAction\",\"target\":{\"@type\":\"EntryPoint\",\"urlTemplate\":\"https:\\\/\\\/skyline-gs.com\\\/it\\\/?s={search_term_string}\"},\"query-input\":{\"@type\":\"PropertyValueSpecification\",\"valueRequired\":true,\"valueName\":\"search_term_string\"}}],\"inLanguage\":\"de\"},{\"@type\":\"Organization\",\"@id\":\"https:\\\/\\\/skyline-gs.com\\\/it\\\/#organization\",\"name\":\"\u042d\u043a\u0441\u043a\u0443\u0440\u0441\u0438\u0438 Skyline\",\"alternateName\":\"\u042d\u043a\u0441\u043a\u0443\u0440\u0441\u0438\u0438 Skyline\",\"url\":\"https:\\\/\\\/skyline-gs.com\\\/it\\\/\",\"logo\":{\"@type\":\"ImageObject\",\"inLanguage\":\"de\",\"@id\":\"https:\\\/\\\/skyline-gs.com\\\/it\\\/#\\\/schema\\\/logo\\\/image\\\/\",\"url\":\"https:\\\/\\\/skyline-gs.com\\\/wp-content\\\/uploads\\\/2020\\\/12\\\/cropped-logo-2.png\",\"contentUrl\":\"https:\\\/\\\/skyline-gs.com\\\/wp-content\\\/uploads\\\/2020\\\/12\\\/cropped-logo-2.png\",\"width\":512,\"height\":512,\"caption\":\"\u042d\u043a\u0441\u043a\u0443\u0440\u0441\u0438\u0438 Skyline\"},\"image\":{\"@id\":\"https:\\\/\\\/skyline-gs.com\\\/it\\\/#\\\/schema\\\/logo\\\/image\\\/\"},\"sameAs\":[\"https:\\\/\\\/www.instagram.com\\\/skylineglobalservice\\\/\"]}]}<\/script>\n<!-- \/ Yoast SEO plugin. -->","yoast_head_json":{"title":"Horizon Schnellboot (bis zu 6 Personen) - Skyline Excursions","robots":{"index":"index","follow":"follow","max-snippet":"max-snippet:-1","max-image-preview":"max-image-preview:large","max-video-preview":"max-video-preview:-1"},"canonical":"https:\/\/skyline-gs.com\/de\/produkt\/skorostnoj-kater-horizon-do-6i-chelovek-2\/","og_locale":"de_DE","og_type":"article","og_title":"\u0421\u043a\u043e\u0440\u043e\u0441\u0442\u043d\u043e\u0439 \u043a\u0430\u0442\u0435\u0440 Horizon (\u0434\u043e 6\u0438 \u0447\u0435\u043b\u043e\u0432\u0435\u043a) &#8226; \u042d\u043a\u0441\u043a\u0443\u0440\u0441\u0438\u0438 Skyline","og_description":"\u0414\u043b\u0438\u0442\u0435\u043b\u044c\u043d\u043e\u0441\u0442\u044c \u0430\u0440\u0435\u043d\u0434\u044b: 4 \u0447\u0430\u0441\u0430  \u0412\u043c\u0435\u0441\u0442\u0438\u0442\u0435\u043b\u044c\u043d\u043e\u0441\u0442\u044c: 6\u00a0\u0447\u0435\u043b\u043e\u0432\u0435\u043a","og_url":"https:\/\/skyline-gs.com\/de\/produkt\/skorostnoj-kater-horizon-do-6i-chelovek-2\/","og_site_name":"\u042d\u043a\u0441\u043a\u0443\u0440\u0441\u0438\u0438 Skyline","article_modified_time":"2026-02-15T20:12:09+00:00","og_image":[{"width":1080,"height":1080,"url":"https:\/\/skyline-gs.com\/wp-content\/uploads\/2024\/08\/LoGo777.png","type":"image\/png"}],"twitter_card":"summary_large_image","twitter_misc":{"Gesch\u00e4tzte Lesezeit":"2\u00a0Minuten"},"schema":{"@context":"https:\/\/schema.org","@graph":[{"@type":"WebPage","@id":"https:\/\/skyline-gs.com\/product\/skorostnoj-kater-horizon-do-6i-chelovek\/","url":"https:\/\/skyline-gs.com\/product\/skorostnoj-kater-horizon-do-6i-chelovek\/","name":"Horizon Schnellboot (bis zu 6 Personen) - Skyline Excursions","isPartOf":{"@id":"https:\/\/skyline-gs.com\/it\/#website"},"primaryImageOfPage":{"@id":"https:\/\/skyline-gs.com\/product\/skorostnoj-kater-horizon-do-6i-chelovek\/#primaryimage"},"image":{"@id":"https:\/\/skyline-gs.com\/product\/skorostnoj-kater-horizon-do-6i-chelovek\/#primaryimage"},"thumbnailUrl":"https:\/\/skyline-gs.com\/wp-content\/uploads\/2026\/02\/602f36_60e0bedd22844a938d5060c187eea75cmv2.jpg.avif","datePublished":"2026-02-15T20:10:18+00:00","dateModified":"2026-02-15T20:12:09+00:00","breadcrumb":{"@id":"https:\/\/skyline-gs.com\/product\/skorostnoj-kater-horizon-do-6i-chelovek\/#breadcrumb"},"inLanguage":"de","potentialAction":[{"@type":"ReadAction","target":["https:\/\/skyline-gs.com\/product\/skorostnoj-kater-horizon-do-6i-chelovek\/"]}]},{"@type":"ImageObject","inLanguage":"de","@id":"https:\/\/skyline-gs.com\/product\/skorostnoj-kater-horizon-do-6i-chelovek\/#primaryimage","url":"https:\/\/skyline-gs.com\/wp-content\/uploads\/2026\/02\/602f36_60e0bedd22844a938d5060c187eea75cmv2.jpg.avif","contentUrl":"https:\/\/skyline-gs.com\/wp-content\/uploads\/2026\/02\/602f36_60e0bedd22844a938d5060c187eea75cmv2.jpg.avif","width":1525,"height":982},{"@type":"BreadcrumbList","@id":"https:\/\/skyline-gs.com\/product\/skorostnoj-kater-horizon-do-6i-chelovek\/#breadcrumb","itemListElement":[{"@type":"ListItem","position":1,"name":"\u0413\u043b\u0430\u0432\u043d\u0430\u044f \u0441\u0442\u0440\u0430\u043d\u0438\u0446\u0430","item":"https:\/\/skyline-gs.com\/hu\/"},{"@type":"ListItem","position":2,"name":"\u041c\u0430\u0433\u0430\u0437\u0438\u043d","item":"https:\/\/skyline-gs.com\/cs\/shop\/"},{"@type":"ListItem","position":3,"name":"\u0421\u043a\u043e\u0440\u043e\u0441\u0442\u043d\u043e\u0439 \u043a\u0430\u0442\u0435\u0440 Horizon (\u0434\u043e 6\u0438 \u0447\u0435\u043b\u043e\u0432\u0435\u043a)"}]},{"@type":"WebSite","@id":"https:\/\/skyline-gs.com\/it\/#website","url":"https:\/\/skyline-gs.com\/it\/","name":"Skyline Ausfl\u00fcge","description":"Exklusive Ausfl\u00fcge in den besten Resorts der Welt","publisher":{"@id":"https:\/\/skyline-gs.com\/it\/#organization"},"alternateName":"Skyline","potentialAction":[{"@type":"SearchAction","target":{"@type":"EntryPoint","urlTemplate":"https:\/\/skyline-gs.com\/it\/?s={search_term_string}"},"query-input":{"@type":"PropertyValueSpecification","valueRequired":true,"valueName":"search_term_string"}}],"inLanguage":"de"},{"@type":"Organization","@id":"https:\/\/skyline-gs.com\/it\/#organization","name":"Skyline Ausfl\u00fcge","alternateName":"\u042d\u043a\u0441\u043a\u0443\u0440\u0441\u0438\u0438 Skyline","url":"https:\/\/skyline-gs.com\/it\/","logo":{"@type":"ImageObject","inLanguage":"de","@id":"https:\/\/skyline-gs.com\/it\/#\/schema\/logo\/image\/","url":"https:\/\/skyline-gs.com\/wp-content\/uploads\/2020\/12\/cropped-logo-2.png","contentUrl":"https:\/\/skyline-gs.com\/wp-content\/uploads\/2020\/12\/cropped-logo-2.png","width":512,"height":512,"caption":"\u042d\u043a\u0441\u043a\u0443\u0440\u0441\u0438\u0438 Skyline"},"image":{"@id":"https:\/\/skyline-gs.com\/it\/#\/schema\/logo\/image\/"},"sameAs":["https:\/\/www.instagram.com\/skylineglobalservice\/"]}]}},"_links":{"self":[{"href":"https:\/\/skyline-gs.com\/de\/wp-json\/wp\/v2\/product\/75010","targetHints":{"allow":["GET"]}}],"collection":[{"href":"https:\/\/skyline-gs.com\/de\/wp-json\/wp\/v2\/product"}],"about":[{"href":"https:\/\/skyline-gs.com\/de\/wp-json\/wp\/v2\/types\/product"}],"version-history":[{"count":0,"href":"https:\/\/skyline-gs.com\/de\/wp-json\/wp\/v2\/product\/75010\/revisions"}],"wp:featuredmedia":[{"embeddable":true,"href":"https:\/\/skyline-gs.com\/de\/wp-json\/wp\/v2\/media\/75011"}],"wp:attachment":[{"href":"https:\/\/skyline-gs.com\/de\/wp-json\/wp\/v2\/media?parent=75010"}],"wp:term":[{"taxonomy":"product_brand","embeddable":true,"href":"https:\/\/skyline-gs.com\/de\/wp-json\/wp\/v2\/product_brand?post=75010"},{"taxonomy":"product_cat","embeddable":true,"href":"https:\/\/skyline-gs.com\/de\/wp-json\/wp\/v2\/product_cat?post=75010"},{"taxonomy":"product_tag","embeddable":true,"href":"https:\/\/skyline-gs.com\/de\/wp-json\/wp\/v2\/product_tag?post=75010"}],"curies":[{"name":"wp","href":"https:\/\/api.w.org\/{rel}","templated":true}]}}