{"id":74901,"date":"2026-02-15T21:35:23","date_gmt":"2026-02-15T19:35:23","guid":{"rendered":"https:\/\/skyline-gs.com\/?post_type=product&#038;p=74901"},"modified":"2026-02-15T21:38:01","modified_gmt":"2026-02-15T19:38:01","slug":"yahta-tiger-do-9-chelovek","status":"publish","type":"product","link":"https:\/\/skyline-gs.com\/de\/product\/yahta-tiger-do-9-chelovek\/","title":{"rendered":"Tiger-Yacht (bis zu 9 Personen)"},"content":{"rendered":"<div class=\"\">\n<div class=\"tour-schedule\">\n<p>F\u00fchlen Sie sich besonders bei einer Bootsfahrt, die nur f\u00fcr Sie und Ihre Lieben organisiert wird. Sie k\u00f6nnen eines von 4 Programmen w\u00e4hlen und buchen:<\/p>\n<p><strong>Programm 1: Delfintour, Schnorcheln und Abu Minkar Island<\/strong><\/p>\n<p>Das Abenteuer Ihres Lebens erwartet Sie in den Gew\u00e4ssern des Roten Meeres. Auf dieser Tour begeben Sie sich auf die Suche nach Delfinen in ihrem nat\u00fcrlichen Lebensraum. Wenn Sie sie gefunden haben, haben Sie die M\u00f6glichkeit, sie aus n\u00e4chster N\u00e4he zu beobachten und bei g\u00fcnstigen Bedingungen neben ihnen zu schwimmen (unter Einhaltung aller Umwelt- und Sicherheitsvorschriften).<br \/>\nNach der Delfinbegegnung macht die Yacht Schnorchelstopps an den sch\u00f6nsten Korallenriffen. Sie k\u00f6nnen die bunte Unterwasserwelt und das kristallklare Wasser genie\u00dfen.<br \/>\nAm Nachmittag besuchen Sie die Insel Abu Minkar, eine malerische, wilde Insel, die nur im Rahmen einer privaten Tour zug\u00e4nglich ist. Hier k\u00f6nnen Sie schwimmen, ein Sonnenbad nehmen und die Stille und die Natur genie\u00dfen.<br \/>\nW\u00e4hrend der Reise wird ein offenes Mittagsbuffet f\u00fcr Sie organisiert.<\/p>\n<p><strong>Programm 2: Inseltour: Orange Bay \/ Paradise Island \/ Eden Island + Schnorcheln<\/strong><\/p>\n<p>Vermeiden Sie \u00fcberf\u00fcllte Gruppenausfl\u00fcge und genie\u00dfen Sie einen flexiblen privaten Ausflug zu einer der sch\u00f6nsten Inseln Hurghadas: Orange Bay, Paradise Island oder die neue Eden Island.<br \/>\nNach Ihrem Inselurlaub erwarten Sie zwei Schnorchelstopps an den besten Stellen des Roten Meeres. Genie\u00dfen Sie kristallklares blaues Wasser, farbenfrohe Korallenriffe und eine Vielzahl von Meereslebewesen.<br \/>\nDie Tour beinhaltet ein Mittagessen an Bord.<br \/>\n<em><strong>Der Eintritt zu den Inseln wird separat berechnet: 10 \u20ac f\u00fcr Erwachsene \/ 5 \u20ac f\u00fcr Kinder.<\/strong><\/em><\/p>\n<p><strong>Programm 3: Tauchtour (1-2 Tauchg\u00e4nge)<\/strong><\/p>\n<p>Tauchen Sie w\u00e4hrend einer 8-st\u00fcndigen privaten Tauchtour in die faszinierende Unterwasserwelt des Roten Meeres ein. Das Programm ist sowohl f\u00fcr Anf\u00e4nger als auch f\u00fcr erfahrene Taucher geeignet.<br \/>\nSie werden 1 oder 2 Tauchg\u00e4nge an verschiedenen Tauchpl\u00e4tzen wie Abu Ramada, Small Giftun oder Umm Ghummar machen. Ein erfahrener Tauchlehrer wird Sie begleiten und Ihnen helfen, die Koralleng\u00e4rten und die reiche Unterwasserwelt sicher zu entdecken.<br \/>\n<em><strong>Ausr\u00fcstung und privater Tauchlehrer sind extra - 30 \u20ac pro Tauchgang.<\/strong><\/em><\/p>\n<p><strong>Programm 4: Fischen und Schnorcheln<\/strong><\/p>\n<p>Verbringen Sie einen unvergesslichen Tag beim Hochseefischen im Roten Meer. Der Kapit\u00e4n und der Guide bringen Sie zu zwei verschiedenen Angelpl\u00e4tzen.<br \/>\nBeim ersten Halt k\u00f6nnen Sie Ihre Angel auswerfen und mit Hilfe eines F\u00fchrers versuchen, einen gro\u00dfen Fisch zu fangen. Der frische Fang kann zum Mittagessen an Bord gegrillt werden oder Sie k\u00f6nnen andere von der Crew angebotene Gerichte w\u00e4hlen.<br \/>\nAm zweiten Ort k\u00f6nnen Sie weiter angeln oder im klaren Wasser des Roten Meeres schnorcheln.<\/p>\n<p><strong>Inbegriffen:<\/strong><\/p>\n<ul>\n<li>Schnorchelausr\u00fcstung<\/li>\n<li>Pers\u00f6nlicher Schnorchelf\u00fchrer<\/li>\n<li>Appetizers<\/li>\n<li>Getr\u00e4nke<\/li>\n<li>Abendessen<\/li>\n<li>Obst<\/li>\n<li>Alle Geb\u00fchren und Steuern<\/li>\n<li>Transfer vom Hotel und zur\u00fcck<\/li>\n<\/ul>\n<p><strong>Nimm mit:<\/strong><\/p>\n<ul>\n<li>Foto- oder Videokamera<\/li>\n<li>Kopfbedeckung<\/li>\n<li>Handtuch<\/li>\n<li>Badeanzug \/ Badehose<\/li>\n<li>Sonnencreme<\/li>\n<\/ul>\n<p><strong>Buchung:<\/strong><br \/>\nF\u00fcr die Ausstellung der Touristengenehmigung m\u00fcssen Fotokopien der Reisep\u00e4sse aller Reiseteilnehmer vorgelegt werden, sowie <strong>eine Vorauszahlung von 50$ leisten<\/strong>.<\/p>\n<\/div>\n<\/div>","protected":false},"excerpt":{"rendered":"<p><strong>Mietdauer:<\/strong> Tag<\/p>\n<p><strong>Kapazit\u00e4t: <\/strong>9 Personen<\/p>","protected":false},"featured_media":74905,"template":"","meta":{"_kad_post_transparent":"default","_kad_post_title":"","_kad_post_layout":"default","_kad_post_sidebar_id":"","_kad_post_content_style":"default","_kad_post_vertical_padding":"default","_kad_post_feature":"","_kad_post_feature_position":"","_kad_post_header":false,"_kad_post_footer":false,"_kad_post_classname":"","_glsr_average":0,"_glsr_ranking":0,"_glsr_reviews":0},"product_brand":[],"product_cat":[481],"product_tag":[],"class_list":{"0":"post-74901","1":"product","2":"type-product","3":"status-publish","4":"has-post-thumbnail","6":"product_cat-hurghada-yachts","7":"tm-has-options","9":"first","10":"instock","11":"sold-individually","12":"taxable","13":"shipping-taxable","14":"purchasable","15":"product-type-simple","16":"entry","17":"content-bg","18":"loop-entry"},"yoast_head":"<!-- This site is optimized with the Yoast SEO plugin v27.3 - https:\/\/yoast.com\/product\/yoast-seo-wordpress\/ -->\n<title>\u042f\u0445\u0442\u0430 Tiger (\u0434\u043e 9 \u0447\u0435\u043b\u043e\u0432\u0435\u043a) &#8226; \u042d\u043a\u0441\u043a\u0443\u0440\u0441\u0438\u0438 Skyline<\/title>\n<meta name=\"robots\" content=\"index, follow, max-snippet:-1, max-image-preview:large, max-video-preview:-1\" \/>\n<link rel=\"canonical\" href=\"https:\/\/skyline-gs.com\/de\/produkt\/yahta-tiger-do-9-chelovek\/\" \/>\n<meta property=\"og:locale\" content=\"de_DE\" \/>\n<meta property=\"og:type\" content=\"article\" \/>\n<meta property=\"og:title\" content=\"\u042f\u0445\u0442\u0430 Tiger (\u0434\u043e 9 \u0447\u0435\u043b\u043e\u0432\u0435\u043a) &#8226; \u042d\u043a\u0441\u043a\u0443\u0440\u0441\u0438\u0438 Skyline\" \/>\n<meta property=\"og:description\" content=\"\u0414\u043b\u0438\u0442\u0435\u043b\u044c\u043d\u043e\u0441\u0442\u044c \u0430\u0440\u0435\u043d\u0434\u044b: \u0434\u0435\u043d\u044c  \u0412\u043c\u0435\u0441\u0442\u0438\u0442\u0435\u043b\u044c\u043d\u043e\u0441\u0442\u044c: 9\u00a0\u0447\u0435\u043b\u043e\u0432\u0435\u043a\" \/>\n<meta property=\"og:url\" content=\"https:\/\/skyline-gs.com\/de\/produkt\/yahta-tiger-do-9-chelovek\/\" \/>\n<meta property=\"og:site_name\" content=\"\u042d\u043a\u0441\u043a\u0443\u0440\u0441\u0438\u0438 Skyline\" \/>\n<meta property=\"article:modified_time\" content=\"2026-02-15T19:38:01+00:00\" \/>\n<meta property=\"og:image\" content=\"https:\/\/skyline-gs.com\/wp-content\/uploads\/2024\/08\/LoGo777.png\" \/>\n\t<meta property=\"og:image:width\" content=\"1080\" \/>\n\t<meta property=\"og:image:height\" content=\"1080\" \/>\n\t<meta property=\"og:image:type\" content=\"image\/png\" \/>\n<meta name=\"twitter:card\" content=\"summary_large_image\" \/>\n<meta name=\"twitter:label1\" content=\"Gesch\u00e4tzte Lesezeit\" \/>\n\t<meta name=\"twitter:data1\" content=\"3\u00a0Minuten\" \/>\n<script type=\"application\/ld+json\" class=\"yoast-schema-graph\">{\"@context\":\"https:\\\/\\\/schema.org\",\"@graph\":[{\"@type\":\"WebPage\",\"@id\":\"https:\\\/\\\/skyline-gs.com\\\/product\\\/yahta-tiger-do-9-chelovek\\\/\",\"url\":\"https:\\\/\\\/skyline-gs.com\\\/product\\\/yahta-tiger-do-9-chelovek\\\/\",\"name\":\"\u042f\u0445\u0442\u0430 Tiger (\u0434\u043e 9 \u0447\u0435\u043b\u043e\u0432\u0435\u043a) &#8226; \u042d\u043a\u0441\u043a\u0443\u0440\u0441\u0438\u0438 Skyline\",\"isPartOf\":{\"@id\":\"https:\\\/\\\/skyline-gs.com\\\/it\\\/#website\"},\"primaryImageOfPage\":{\"@id\":\"https:\\\/\\\/skyline-gs.com\\\/product\\\/yahta-tiger-do-9-chelovek\\\/#primaryimage\"},\"image\":{\"@id\":\"https:\\\/\\\/skyline-gs.com\\\/product\\\/yahta-tiger-do-9-chelovek\\\/#primaryimage\"},\"thumbnailUrl\":\"https:\\\/\\\/skyline-gs.com\\\/wp-content\\\/uploads\\\/2026\\\/02\\\/602f36_1570429ebfce404e88e40a47c80c752amv2.jpg.avif\",\"datePublished\":\"2026-02-15T19:35:23+00:00\",\"dateModified\":\"2026-02-15T19:38:01+00:00\",\"breadcrumb\":{\"@id\":\"https:\\\/\\\/skyline-gs.com\\\/product\\\/yahta-tiger-do-9-chelovek\\\/#breadcrumb\"},\"inLanguage\":\"de\",\"potentialAction\":[{\"@type\":\"ReadAction\",\"target\":[\"https:\\\/\\\/skyline-gs.com\\\/product\\\/yahta-tiger-do-9-chelovek\\\/\"]}]},{\"@type\":\"ImageObject\",\"inLanguage\":\"de\",\"@id\":\"https:\\\/\\\/skyline-gs.com\\\/product\\\/yahta-tiger-do-9-chelovek\\\/#primaryimage\",\"url\":\"https:\\\/\\\/skyline-gs.com\\\/wp-content\\\/uploads\\\/2026\\\/02\\\/602f36_1570429ebfce404e88e40a47c80c752amv2.jpg.avif\",\"contentUrl\":\"https:\\\/\\\/skyline-gs.com\\\/wp-content\\\/uploads\\\/2026\\\/02\\\/602f36_1570429ebfce404e88e40a47c80c752amv2.jpg.avif\",\"width\":1576,\"height\":982},{\"@type\":\"BreadcrumbList\",\"@id\":\"https:\\\/\\\/skyline-gs.com\\\/product\\\/yahta-tiger-do-9-chelovek\\\/#breadcrumb\",\"itemListElement\":[{\"@type\":\"ListItem\",\"position\":1,\"name\":\"\u0413\u043b\u0430\u0432\u043d\u0430\u044f \u0441\u0442\u0440\u0430\u043d\u0438\u0446\u0430\",\"item\":\"https:\\\/\\\/skyline-gs.com\\\/hu\\\/\"},{\"@type\":\"ListItem\",\"position\":2,\"name\":\"\u041c\u0430\u0433\u0430\u0437\u0438\u043d\",\"item\":\"https:\\\/\\\/skyline-gs.com\\\/cs\\\/shop\\\/\"},{\"@type\":\"ListItem\",\"position\":3,\"name\":\"\u042f\u0445\u0442\u0430 Tiger (\u0434\u043e 9 \u0447\u0435\u043b\u043e\u0432\u0435\u043a)\"}]},{\"@type\":\"WebSite\",\"@id\":\"https:\\\/\\\/skyline-gs.com\\\/it\\\/#website\",\"url\":\"https:\\\/\\\/skyline-gs.com\\\/it\\\/\",\"name\":\"\u042d\u043a\u0441\u043a\u0443\u0440\u0441\u0438\u0438 Skyline\",\"description\":\"\u042d\u043a\u0441\u043a\u043b\u044e\u0437\u0438\u0432\u043d\u044b\u0435 \u044d\u043a\u0441\u043a\u0443\u0440\u0441\u0438\u0438 \u043d\u0430 \u043b\u0443\u0447\u0448\u0438\u0445 \u043a\u0443\u0440\u043e\u0440\u0442\u0430\u0445 \u043c\u0438\u0440\u0430\",\"publisher\":{\"@id\":\"https:\\\/\\\/skyline-gs.com\\\/it\\\/#organization\"},\"alternateName\":\"Skyline\",\"potentialAction\":[{\"@type\":\"SearchAction\",\"target\":{\"@type\":\"EntryPoint\",\"urlTemplate\":\"https:\\\/\\\/skyline-gs.com\\\/it\\\/?s={search_term_string}\"},\"query-input\":{\"@type\":\"PropertyValueSpecification\",\"valueRequired\":true,\"valueName\":\"search_term_string\"}}],\"inLanguage\":\"de\"},{\"@type\":\"Organization\",\"@id\":\"https:\\\/\\\/skyline-gs.com\\\/it\\\/#organization\",\"name\":\"\u042d\u043a\u0441\u043a\u0443\u0440\u0441\u0438\u0438 Skyline\",\"alternateName\":\"\u042d\u043a\u0441\u043a\u0443\u0440\u0441\u0438\u0438 Skyline\",\"url\":\"https:\\\/\\\/skyline-gs.com\\\/it\\\/\",\"logo\":{\"@type\":\"ImageObject\",\"inLanguage\":\"de\",\"@id\":\"https:\\\/\\\/skyline-gs.com\\\/it\\\/#\\\/schema\\\/logo\\\/image\\\/\",\"url\":\"https:\\\/\\\/skyline-gs.com\\\/wp-content\\\/uploads\\\/2020\\\/12\\\/cropped-logo-2.png\",\"contentUrl\":\"https:\\\/\\\/skyline-gs.com\\\/wp-content\\\/uploads\\\/2020\\\/12\\\/cropped-logo-2.png\",\"width\":512,\"height\":512,\"caption\":\"\u042d\u043a\u0441\u043a\u0443\u0440\u0441\u0438\u0438 Skyline\"},\"image\":{\"@id\":\"https:\\\/\\\/skyline-gs.com\\\/it\\\/#\\\/schema\\\/logo\\\/image\\\/\"},\"sameAs\":[\"https:\\\/\\\/www.instagram.com\\\/skylineglobalservice\\\/\"]}]}<\/script>\n<!-- \/ Yoast SEO plugin. -->","yoast_head_json":{"title":"\u042f\u0445\u0442\u0430 Tiger (\u0434\u043e 9 \u0447\u0435\u043b\u043e\u0432\u0435\u043a) &#8226; \u042d\u043a\u0441\u043a\u0443\u0440\u0441\u0438\u0438 Skyline","robots":{"index":"index","follow":"follow","max-snippet":"max-snippet:-1","max-image-preview":"max-image-preview:large","max-video-preview":"max-video-preview:-1"},"canonical":"https:\/\/skyline-gs.com\/de\/produkt\/yahta-tiger-do-9-chelovek\/","og_locale":"de_DE","og_type":"article","og_title":"\u042f\u0445\u0442\u0430 Tiger (\u0434\u043e 9 \u0447\u0435\u043b\u043e\u0432\u0435\u043a) &#8226; \u042d\u043a\u0441\u043a\u0443\u0440\u0441\u0438\u0438 Skyline","og_description":"\u0414\u043b\u0438\u0442\u0435\u043b\u044c\u043d\u043e\u0441\u0442\u044c \u0430\u0440\u0435\u043d\u0434\u044b: \u0434\u0435\u043d\u044c  \u0412\u043c\u0435\u0441\u0442\u0438\u0442\u0435\u043b\u044c\u043d\u043e\u0441\u0442\u044c: 9\u00a0\u0447\u0435\u043b\u043e\u0432\u0435\u043a","og_url":"https:\/\/skyline-gs.com\/de\/produkt\/yahta-tiger-do-9-chelovek\/","og_site_name":"\u042d\u043a\u0441\u043a\u0443\u0440\u0441\u0438\u0438 Skyline","article_modified_time":"2026-02-15T19:38:01+00:00","og_image":[{"width":1080,"height":1080,"url":"https:\/\/skyline-gs.com\/wp-content\/uploads\/2024\/08\/LoGo777.png","type":"image\/png"}],"twitter_card":"summary_large_image","twitter_misc":{"Gesch\u00e4tzte Lesezeit":"3\u00a0Minuten"},"schema":{"@context":"https:\/\/schema.org","@graph":[{"@type":"WebPage","@id":"https:\/\/skyline-gs.com\/product\/yahta-tiger-do-9-chelovek\/","url":"https:\/\/skyline-gs.com\/product\/yahta-tiger-do-9-chelovek\/","name":"\u042f\u0445\u0442\u0430 Tiger (\u0434\u043e 9 \u0447\u0435\u043b\u043e\u0432\u0435\u043a) &#8226; \u042d\u043a\u0441\u043a\u0443\u0440\u0441\u0438\u0438 Skyline","isPartOf":{"@id":"https:\/\/skyline-gs.com\/it\/#website"},"primaryImageOfPage":{"@id":"https:\/\/skyline-gs.com\/product\/yahta-tiger-do-9-chelovek\/#primaryimage"},"image":{"@id":"https:\/\/skyline-gs.com\/product\/yahta-tiger-do-9-chelovek\/#primaryimage"},"thumbnailUrl":"https:\/\/skyline-gs.com\/wp-content\/uploads\/2026\/02\/602f36_1570429ebfce404e88e40a47c80c752amv2.jpg.avif","datePublished":"2026-02-15T19:35:23+00:00","dateModified":"2026-02-15T19:38:01+00:00","breadcrumb":{"@id":"https:\/\/skyline-gs.com\/product\/yahta-tiger-do-9-chelovek\/#breadcrumb"},"inLanguage":"de","potentialAction":[{"@type":"ReadAction","target":["https:\/\/skyline-gs.com\/product\/yahta-tiger-do-9-chelovek\/"]}]},{"@type":"ImageObject","inLanguage":"de","@id":"https:\/\/skyline-gs.com\/product\/yahta-tiger-do-9-chelovek\/#primaryimage","url":"https:\/\/skyline-gs.com\/wp-content\/uploads\/2026\/02\/602f36_1570429ebfce404e88e40a47c80c752amv2.jpg.avif","contentUrl":"https:\/\/skyline-gs.com\/wp-content\/uploads\/2026\/02\/602f36_1570429ebfce404e88e40a47c80c752amv2.jpg.avif","width":1576,"height":982},{"@type":"BreadcrumbList","@id":"https:\/\/skyline-gs.com\/product\/yahta-tiger-do-9-chelovek\/#breadcrumb","itemListElement":[{"@type":"ListItem","position":1,"name":"\u0413\u043b\u0430\u0432\u043d\u0430\u044f \u0441\u0442\u0440\u0430\u043d\u0438\u0446\u0430","item":"https:\/\/skyline-gs.com\/hu\/"},{"@type":"ListItem","position":2,"name":"\u041c\u0430\u0433\u0430\u0437\u0438\u043d","item":"https:\/\/skyline-gs.com\/cs\/shop\/"},{"@type":"ListItem","position":3,"name":"\u042f\u0445\u0442\u0430 Tiger (\u0434\u043e 9 \u0447\u0435\u043b\u043e\u0432\u0435\u043a)"}]},{"@type":"WebSite","@id":"https:\/\/skyline-gs.com\/it\/#website","url":"https:\/\/skyline-gs.com\/it\/","name":"Skyline Ausfl\u00fcge","description":"Exklusive Ausfl\u00fcge in den besten Resorts der Welt","publisher":{"@id":"https:\/\/skyline-gs.com\/it\/#organization"},"alternateName":"Skyline","potentialAction":[{"@type":"SearchAction","target":{"@type":"EntryPoint","urlTemplate":"https:\/\/skyline-gs.com\/it\/?s={search_term_string}"},"query-input":{"@type":"PropertyValueSpecification","valueRequired":true,"valueName":"search_term_string"}}],"inLanguage":"de"},{"@type":"Organization","@id":"https:\/\/skyline-gs.com\/it\/#organization","name":"Skyline Ausfl\u00fcge","alternateName":"\u042d\u043a\u0441\u043a\u0443\u0440\u0441\u0438\u0438 Skyline","url":"https:\/\/skyline-gs.com\/it\/","logo":{"@type":"ImageObject","inLanguage":"de","@id":"https:\/\/skyline-gs.com\/it\/#\/schema\/logo\/image\/","url":"https:\/\/skyline-gs.com\/wp-content\/uploads\/2020\/12\/cropped-logo-2.png","contentUrl":"https:\/\/skyline-gs.com\/wp-content\/uploads\/2020\/12\/cropped-logo-2.png","width":512,"height":512,"caption":"\u042d\u043a\u0441\u043a\u0443\u0440\u0441\u0438\u0438 Skyline"},"image":{"@id":"https:\/\/skyline-gs.com\/it\/#\/schema\/logo\/image\/"},"sameAs":["https:\/\/www.instagram.com\/skylineglobalservice\/"]}]}},"_links":{"self":[{"href":"https:\/\/skyline-gs.com\/de\/wp-json\/wp\/v2\/product\/74901","targetHints":{"allow":["GET"]}}],"collection":[{"href":"https:\/\/skyline-gs.com\/de\/wp-json\/wp\/v2\/product"}],"about":[{"href":"https:\/\/skyline-gs.com\/de\/wp-json\/wp\/v2\/types\/product"}],"version-history":[{"count":0,"href":"https:\/\/skyline-gs.com\/de\/wp-json\/wp\/v2\/product\/74901\/revisions"}],"wp:featuredmedia":[{"embeddable":true,"href":"https:\/\/skyline-gs.com\/de\/wp-json\/wp\/v2\/media\/74905"}],"wp:attachment":[{"href":"https:\/\/skyline-gs.com\/de\/wp-json\/wp\/v2\/media?parent=74901"}],"wp:term":[{"taxonomy":"product_brand","embeddable":true,"href":"https:\/\/skyline-gs.com\/de\/wp-json\/wp\/v2\/product_brand?post=74901"},{"taxonomy":"product_cat","embeddable":true,"href":"https:\/\/skyline-gs.com\/de\/wp-json\/wp\/v2\/product_cat?post=74901"},{"taxonomy":"product_tag","embeddable":true,"href":"https:\/\/skyline-gs.com\/de\/wp-json\/wp\/v2\/product_tag?post=74901"}],"curies":[{"name":"wp","href":"https:\/\/api.w.org\/{rel}","templated":true}]}}