{"id":74430,"date":"2026-01-24T01:14:18","date_gmt":"2026-01-23T23:14:18","guid":{"rendered":"https:\/\/skyline-gs.com\/?post_type=product&#038;p=74430"},"modified":"2026-01-24T14:02:26","modified_gmt":"2026-01-24T12:02:26","slug":"dalat-2-days-nhatrang","status":"publish","type":"product","link":"https:\/\/skyline-gs.com\/de\/product\/dalat-2-days-nhatrang\/","title":{"rendered":"Dalat 2 Tage"},"content":{"rendered":"<p>Dalat ist ein Bergort in Vietnam mit Pinienw\u00e4ldern, Wasserf\u00e4llen und ungew\u00f6hnlicher Architektur. In zwei Tagen sehen Sie die farbenpr\u00e4chtigsten nat\u00fcrlichen und kulturellen Attraktionen der Region. Die Tour kombiniert Tempel, Panoramen, Kunstst\u00e4tten und lokale Bauernh\u00f6fe in einem angenehmen Tempo. Die perfekte Art, Dalat zu erkunden, ohne zu hetzen und mit einer \u00dcbernachtung in der Stadt.<\/p>\n<p data-start=\"460\" data-end=\"470\"><strong data-start=\"460\" data-end=\"470\">Tag 1<\/strong><\/p>\n<p data-start=\"460\" data-end=\"470\"><strong>5:00 - Abfahrt von Ihrer Hotellobby.<\/strong> Die Fahrt nach Dalat dauert etwa 3 Stunden, und auf dem Weg dorthin k\u00f6nnen Sie atemberaubende Ausblicke auf Berge und T\u00e4ler genie\u00dfen, die Sie auf unvergessliche Entdeckungen vorbereiten werden.<\/p>\n<ul>\n<li data-start=\"472\" data-end=\"562\"><strong>Linh-Phuoc-Pagode<\/strong>. \u00abGlasmosaiken, eine Wunschglocke, eine Buddha-Statue aus tausenden von Blumen<\/li>\n<li data-start=\"472\" data-end=\"562\"><strong>Lehmdorf<\/strong> (Gesichter der Liebe). Dalats Geschichte in Skulpturen, romantische Kunstorte<\/li>\n<li data-start=\"472\" data-end=\"562\"><strong>Verr\u00fccktes Haus<\/strong>. Gaudi-Stil Labyrinth Haus, Fantasie Architektur, Panoramen der Stadt<\/li>\n<li data-start=\"472\" data-end=\"562\"><strong>Luwak Kaffee Farm<\/strong>. Produktionsprozess, Verkostung, Mini-Zoo<\/li>\n<li data-start=\"472\" data-end=\"562\"><strong>Datanla-F\u00e4lle<\/strong>. Kaskaden unter Kiefern, Br\u00fccken, elektrische Schlitten auf Anfrage (gegen Aufpreis)<\/li>\n<li data-start=\"472\" data-end=\"562\"><strong>Chuk Lam Pagode<\/strong>. Kloster am Tuyen Lam See mit Panoramablick<\/li>\n<li data-start=\"472\" data-end=\"562\"><strong>Seilbahn Dalat<\/strong>. Aussicht auf Berge, W\u00e4lder und Seen<\/li>\n<li data-start=\"472\" data-end=\"562\">Unterkunft: <strong>Hotel 3* im Zentrum von Dalat<\/strong><\/li>\n<li data-start=\"472\" data-end=\"562\"><strong>Freie Zeit am Abend<\/strong><\/li>\n<\/ul>\n<p data-start=\"1100\" data-end=\"1110\"><strong data-start=\"1100\" data-end=\"1110\">Tag 2<\/strong><\/p>\n<ul>\n<li data-start=\"1112\" data-end=\"1180\"><strong>Pongur Wasserfall<\/strong>. Einer der malerischsten Wasserf\u00e4lle im S\u00fcden Vietnams<\/li>\n<li data-start=\"1112\" data-end=\"1180\"><strong>Linh Ung Pagode<\/strong> (Guanin) und <strong>Elefantenf\u00e4lle<\/strong> (Fotostop)<\/li>\n<li data-start=\"1112\" data-end=\"1180\"><strong>Teehaus<\/strong>. Verkostung von verschiedenen Teesorten<\/li>\n<li data-start=\"1112\" data-end=\"1180\"><strong>Werkstatt f\u00fcr Seide<\/strong>. Produktionsprozess vom Kokon zum Gewebe<\/li>\n<li data-start=\"1112\" data-end=\"1180\"><strong>\u00abAlley of the Gods\u00bb.\u00bb<\/strong> (Hobbit Village). Kunstgarten mit Fantasiegeb\u00e4uden<\/li>\n<li data-start=\"1112\" data-end=\"1180\"><strong>Ngan-Tong-Glasbr\u00fccke<\/strong>. Spaziergang auf der Br\u00fccke \u00fcber das Tal (325 m)<\/li>\n<\/ul>\n<p data-start=\"1500\" data-end=\"1548\"><strong data-start=\"1500\" data-end=\"1524\">19:30 - R\u00fcckkehr zum Hotel.<\/strong><\/p>\n<p><strong>Inbegriffen:<\/strong><\/p>\n<ul>\n<li>Transfer vom Hotel und zur\u00fcck<\/li>\n<li>Englischsprachiger Reiseleiter<\/li>\n<li>Eintrittskarten<\/li>\n<li>Mahlzeiten: 1. Tag - Mittagessen, 2. Tag - Fr\u00fchst\u00fcck, Mittagessen<\/li>\n<li>Hotel 3*<\/li>\n<\/ul>\n<p><strong>Nicht enthalten:<\/strong><\/p>\n<ul>\n<li>Zuschlag f\u00fcr Einzelbelegung +15$<\/li>\n<li>Pers\u00f6nliche Ausgaben<\/li>\n<li>Zus\u00e4tzliche Unterhaltung (Elefanten- und Strau\u00dfenreiten)<\/li>\n<li>Transfer von Hotels au\u00dferhalb der Stadt:\u00a0<strong>Cam Ranh<\/strong>\u00a0- Aufpreis\u00a0<strong>+40$ pro Fahrzeug f\u00fcr bis zu 6 Personen<\/strong>\u00a0Hin- und R\u00fcckflug und\u00a0<strong>+60$ pro Fahrzeug f\u00fcr bis zu 10 Personen<\/strong>\u00a0beide Richtungen<\/li>\n<li>Transfer von Hotels au\u00dferhalb der Stadt:\u00a0<strong>Amiana<\/strong>\u00a0- Aufpreis\u00a0<strong>+10$ pro Fahrzeug f\u00fcr bis zu 6 Personen<\/strong>\u00a0Hin- und R\u00fcckflug und\u00a0<strong>+15$ pro Fahrzeug f\u00fcr bis zu 10 Personen<\/strong>\u00a0beide Richtungen<\/li>\n<\/ul>\n<p><strong>Nimm mit:<\/strong><\/p>\n<ul>\n<li>Fr\u00fchst\u00fcck zum Mitnehmen (Bestellung an der Hotelrezeption, es ist kostenlos)<\/li>\n<li>Warme Kleidung im Winter<\/li>\n<li>Kopfbedeckung<\/li>\n<li>Bequeme Schuhe<\/li>\n<li>Kamera<\/li>\n<\/ul>","protected":false},"excerpt":{"rendered":"<p><strong>Tourzeit:<\/strong> 2 Tage<\/p>\n<p><strong>Veranstaltungstage:<\/strong> Mittwoch<\/p>","protected":false},"featured_media":74431,"template":"","meta":{"_kad_post_transparent":"default","_kad_post_title":"","_kad_post_layout":"default","_kad_post_sidebar_id":"","_kad_post_content_style":"default","_kad_post_vertical_padding":"default","_kad_post_feature":"","_kad_post_feature_position":"","_kad_post_header":false,"_kad_post_footer":false,"_kad_post_classname":"","_glsr_average":0,"_glsr_ranking":0,"_glsr_reviews":0},"product_brand":[],"product_cat":[437],"product_tag":[],"class_list":{"0":"post-74430","1":"product","2":"type-product","3":"status-publish","4":"has-post-thumbnail","6":"product_cat-nha-trang","7":"tm-has-options","9":"first","10":"instock","11":"sold-individually","12":"taxable","13":"shipping-taxable","14":"purchasable","15":"product-type-simple","16":"entry","17":"content-bg","18":"loop-entry"},"yoast_head":"<!-- This site is optimized with the Yoast SEO plugin v27.3 - https:\/\/yoast.com\/product\/yoast-seo-wordpress\/ -->\n<title>\u0414\u0430\u043b\u0430\u0442 2 \u0434\u043d\u044f &#8226; \u042d\u043a\u0441\u043a\u0443\u0440\u0441\u0438\u0438 Skyline<\/title>\n<meta name=\"robots\" content=\"index, follow, max-snippet:-1, max-image-preview:large, max-video-preview:-1\" \/>\n<link rel=\"canonical\" href=\"https:\/\/skyline-gs.com\/de\/produkt\/dalat-2-days-nhatrang\/\" \/>\n<meta property=\"og:locale\" content=\"de_DE\" \/>\n<meta property=\"og:type\" content=\"article\" \/>\n<meta property=\"og:title\" content=\"\u0414\u0430\u043b\u0430\u0442 2 \u0434\u043d\u044f &#8226; \u042d\u043a\u0441\u043a\u0443\u0440\u0441\u0438\u0438 Skyline\" \/>\n<meta property=\"og:description\" content=\"\u0412\u0440\u0435\u043c\u044f \u0442\u0443\u0440\u0430: 2 \u0434\u043d\u044f  \u0414\u043d\u0438 \u043f\u0440\u043e\u0432\u0435\u0434\u0435\u043d\u0438\u044f: \u0421\u0440\u0435\u0434\u0430\" \/>\n<meta property=\"og:url\" content=\"https:\/\/skyline-gs.com\/de\/produkt\/dalat-2-days-nhatrang\/\" \/>\n<meta property=\"og:site_name\" content=\"\u042d\u043a\u0441\u043a\u0443\u0440\u0441\u0438\u0438 Skyline\" \/>\n<meta property=\"article:modified_time\" content=\"2026-01-24T12:02:26+00:00\" \/>\n<meta property=\"og:image\" content=\"https:\/\/skyline-gs.com\/wp-content\/uploads\/2026\/01\/44.jpg\" \/>\n\t<meta property=\"og:image:width\" content=\"669\" \/>\n\t<meta property=\"og:image:height\" content=\"446\" \/>\n\t<meta property=\"og:image:type\" content=\"image\/jpeg\" \/>\n<meta name=\"twitter:card\" content=\"summary_large_image\" \/>\n<meta name=\"twitter:label1\" content=\"Gesch\u00e4tzte Lesezeit\" \/>\n\t<meta name=\"twitter:data1\" content=\"2\u00a0Minuten\" \/>\n<script type=\"application\/ld+json\" class=\"yoast-schema-graph\">{\"@context\":\"https:\\\/\\\/schema.org\",\"@graph\":[{\"@type\":\"WebPage\",\"@id\":\"https:\\\/\\\/skyline-gs.com\\\/product\\\/dalat-2-days-nhatrang\\\/\",\"url\":\"https:\\\/\\\/skyline-gs.com\\\/product\\\/dalat-2-days-nhatrang\\\/\",\"name\":\"\u0414\u0430\u043b\u0430\u0442 2 \u0434\u043d\u044f &#8226; \u042d\u043a\u0441\u043a\u0443\u0440\u0441\u0438\u0438 Skyline\",\"isPartOf\":{\"@id\":\"https:\\\/\\\/skyline-gs.com\\\/it\\\/#website\"},\"primaryImageOfPage\":{\"@id\":\"https:\\\/\\\/skyline-gs.com\\\/product\\\/dalat-2-days-nhatrang\\\/#primaryimage\"},\"image\":{\"@id\":\"https:\\\/\\\/skyline-gs.com\\\/product\\\/dalat-2-days-nhatrang\\\/#primaryimage\"},\"thumbnailUrl\":\"https:\\\/\\\/skyline-gs.com\\\/wp-content\\\/uploads\\\/2026\\\/01\\\/44.jpg\",\"datePublished\":\"2026-01-23T23:14:18+00:00\",\"dateModified\":\"2026-01-24T12:02:26+00:00\",\"breadcrumb\":{\"@id\":\"https:\\\/\\\/skyline-gs.com\\\/product\\\/dalat-2-days-nhatrang\\\/#breadcrumb\"},\"inLanguage\":\"de\",\"potentialAction\":[{\"@type\":\"ReadAction\",\"target\":[\"https:\\\/\\\/skyline-gs.com\\\/product\\\/dalat-2-days-nhatrang\\\/\"]}]},{\"@type\":\"ImageObject\",\"inLanguage\":\"de\",\"@id\":\"https:\\\/\\\/skyline-gs.com\\\/product\\\/dalat-2-days-nhatrang\\\/#primaryimage\",\"url\":\"https:\\\/\\\/skyline-gs.com\\\/wp-content\\\/uploads\\\/2026\\\/01\\\/44.jpg\",\"contentUrl\":\"https:\\\/\\\/skyline-gs.com\\\/wp-content\\\/uploads\\\/2026\\\/01\\\/44.jpg\",\"width\":669,\"height\":446},{\"@type\":\"BreadcrumbList\",\"@id\":\"https:\\\/\\\/skyline-gs.com\\\/product\\\/dalat-2-days-nhatrang\\\/#breadcrumb\",\"itemListElement\":[{\"@type\":\"ListItem\",\"position\":1,\"name\":\"\u0413\u043b\u0430\u0432\u043d\u0430\u044f \u0441\u0442\u0440\u0430\u043d\u0438\u0446\u0430\",\"item\":\"https:\\\/\\\/skyline-gs.com\\\/hu\\\/\"},{\"@type\":\"ListItem\",\"position\":2,\"name\":\"\u041c\u0430\u0433\u0430\u0437\u0438\u043d\",\"item\":\"https:\\\/\\\/skyline-gs.com\\\/cs\\\/shop\\\/\"},{\"@type\":\"ListItem\",\"position\":3,\"name\":\"\u0414\u0430\u043b\u0430\u0442 2 \u0434\u043d\u044f\"}]},{\"@type\":\"WebSite\",\"@id\":\"https:\\\/\\\/skyline-gs.com\\\/it\\\/#website\",\"url\":\"https:\\\/\\\/skyline-gs.com\\\/it\\\/\",\"name\":\"\u042d\u043a\u0441\u043a\u0443\u0440\u0441\u0438\u0438 Skyline\",\"description\":\"\u042d\u043a\u0441\u043a\u043b\u044e\u0437\u0438\u0432\u043d\u044b\u0435 \u044d\u043a\u0441\u043a\u0443\u0440\u0441\u0438\u0438 \u043d\u0430 \u043b\u0443\u0447\u0448\u0438\u0445 \u043a\u0443\u0440\u043e\u0440\u0442\u0430\u0445 \u043c\u0438\u0440\u0430\",\"publisher\":{\"@id\":\"https:\\\/\\\/skyline-gs.com\\\/it\\\/#organization\"},\"alternateName\":\"Skyline\",\"potentialAction\":[{\"@type\":\"SearchAction\",\"target\":{\"@type\":\"EntryPoint\",\"urlTemplate\":\"https:\\\/\\\/skyline-gs.com\\\/it\\\/?s={search_term_string}\"},\"query-input\":{\"@type\":\"PropertyValueSpecification\",\"valueRequired\":true,\"valueName\":\"search_term_string\"}}],\"inLanguage\":\"de\"},{\"@type\":\"Organization\",\"@id\":\"https:\\\/\\\/skyline-gs.com\\\/it\\\/#organization\",\"name\":\"\u042d\u043a\u0441\u043a\u0443\u0440\u0441\u0438\u0438 Skyline\",\"alternateName\":\"\u042d\u043a\u0441\u043a\u0443\u0440\u0441\u0438\u0438 Skyline\",\"url\":\"https:\\\/\\\/skyline-gs.com\\\/it\\\/\",\"logo\":{\"@type\":\"ImageObject\",\"inLanguage\":\"de\",\"@id\":\"https:\\\/\\\/skyline-gs.com\\\/it\\\/#\\\/schema\\\/logo\\\/image\\\/\",\"url\":\"https:\\\/\\\/skyline-gs.com\\\/wp-content\\\/uploads\\\/2020\\\/12\\\/cropped-logo-2.png\",\"contentUrl\":\"https:\\\/\\\/skyline-gs.com\\\/wp-content\\\/uploads\\\/2020\\\/12\\\/cropped-logo-2.png\",\"width\":512,\"height\":512,\"caption\":\"\u042d\u043a\u0441\u043a\u0443\u0440\u0441\u0438\u0438 Skyline\"},\"image\":{\"@id\":\"https:\\\/\\\/skyline-gs.com\\\/it\\\/#\\\/schema\\\/logo\\\/image\\\/\"},\"sameAs\":[\"https:\\\/\\\/www.instagram.com\\\/skylineglobalservice\\\/\"]}]}<\/script>\n<!-- \/ Yoast SEO plugin. -->","yoast_head_json":{"title":"Dalat 2 Tage - Skyline Excursions","robots":{"index":"index","follow":"follow","max-snippet":"max-snippet:-1","max-image-preview":"max-image-preview:large","max-video-preview":"max-video-preview:-1"},"canonical":"https:\/\/skyline-gs.com\/de\/produkt\/dalat-2-days-nhatrang\/","og_locale":"de_DE","og_type":"article","og_title":"\u0414\u0430\u043b\u0430\u0442 2 \u0434\u043d\u044f &#8226; \u042d\u043a\u0441\u043a\u0443\u0440\u0441\u0438\u0438 Skyline","og_description":"\u0412\u0440\u0435\u043c\u044f \u0442\u0443\u0440\u0430: 2 \u0434\u043d\u044f  \u0414\u043d\u0438 \u043f\u0440\u043e\u0432\u0435\u0434\u0435\u043d\u0438\u044f: \u0421\u0440\u0435\u0434\u0430","og_url":"https:\/\/skyline-gs.com\/de\/produkt\/dalat-2-days-nhatrang\/","og_site_name":"\u042d\u043a\u0441\u043a\u0443\u0440\u0441\u0438\u0438 Skyline","article_modified_time":"2026-01-24T12:02:26+00:00","og_image":[{"width":669,"height":446,"url":"https:\/\/skyline-gs.com\/wp-content\/uploads\/2026\/01\/44.jpg","type":"image\/jpeg"}],"twitter_card":"summary_large_image","twitter_misc":{"Gesch\u00e4tzte Lesezeit":"2\u00a0Minuten"},"schema":{"@context":"https:\/\/schema.org","@graph":[{"@type":"WebPage","@id":"https:\/\/skyline-gs.com\/product\/dalat-2-days-nhatrang\/","url":"https:\/\/skyline-gs.com\/product\/dalat-2-days-nhatrang\/","name":"Dalat 2 Tage - Skyline Excursions","isPartOf":{"@id":"https:\/\/skyline-gs.com\/it\/#website"},"primaryImageOfPage":{"@id":"https:\/\/skyline-gs.com\/product\/dalat-2-days-nhatrang\/#primaryimage"},"image":{"@id":"https:\/\/skyline-gs.com\/product\/dalat-2-days-nhatrang\/#primaryimage"},"thumbnailUrl":"https:\/\/skyline-gs.com\/wp-content\/uploads\/2026\/01\/44.jpg","datePublished":"2026-01-23T23:14:18+00:00","dateModified":"2026-01-24T12:02:26+00:00","breadcrumb":{"@id":"https:\/\/skyline-gs.com\/product\/dalat-2-days-nhatrang\/#breadcrumb"},"inLanguage":"de","potentialAction":[{"@type":"ReadAction","target":["https:\/\/skyline-gs.com\/product\/dalat-2-days-nhatrang\/"]}]},{"@type":"ImageObject","inLanguage":"de","@id":"https:\/\/skyline-gs.com\/product\/dalat-2-days-nhatrang\/#primaryimage","url":"https:\/\/skyline-gs.com\/wp-content\/uploads\/2026\/01\/44.jpg","contentUrl":"https:\/\/skyline-gs.com\/wp-content\/uploads\/2026\/01\/44.jpg","width":669,"height":446},{"@type":"BreadcrumbList","@id":"https:\/\/skyline-gs.com\/product\/dalat-2-days-nhatrang\/#breadcrumb","itemListElement":[{"@type":"ListItem","position":1,"name":"\u0413\u043b\u0430\u0432\u043d\u0430\u044f \u0441\u0442\u0440\u0430\u043d\u0438\u0446\u0430","item":"https:\/\/skyline-gs.com\/hu\/"},{"@type":"ListItem","position":2,"name":"\u041c\u0430\u0433\u0430\u0437\u0438\u043d","item":"https:\/\/skyline-gs.com\/cs\/shop\/"},{"@type":"ListItem","position":3,"name":"\u0414\u0430\u043b\u0430\u0442 2 \u0434\u043d\u044f"}]},{"@type":"WebSite","@id":"https:\/\/skyline-gs.com\/it\/#website","url":"https:\/\/skyline-gs.com\/it\/","name":"Skyline Ausfl\u00fcge","description":"Exklusive Ausfl\u00fcge in den besten Resorts der Welt","publisher":{"@id":"https:\/\/skyline-gs.com\/it\/#organization"},"alternateName":"Skyline","potentialAction":[{"@type":"SearchAction","target":{"@type":"EntryPoint","urlTemplate":"https:\/\/skyline-gs.com\/it\/?s={search_term_string}"},"query-input":{"@type":"PropertyValueSpecification","valueRequired":true,"valueName":"search_term_string"}}],"inLanguage":"de"},{"@type":"Organization","@id":"https:\/\/skyline-gs.com\/it\/#organization","name":"Skyline Ausfl\u00fcge","alternateName":"\u042d\u043a\u0441\u043a\u0443\u0440\u0441\u0438\u0438 Skyline","url":"https:\/\/skyline-gs.com\/it\/","logo":{"@type":"ImageObject","inLanguage":"de","@id":"https:\/\/skyline-gs.com\/it\/#\/schema\/logo\/image\/","url":"https:\/\/skyline-gs.com\/wp-content\/uploads\/2020\/12\/cropped-logo-2.png","contentUrl":"https:\/\/skyline-gs.com\/wp-content\/uploads\/2020\/12\/cropped-logo-2.png","width":512,"height":512,"caption":"\u042d\u043a\u0441\u043a\u0443\u0440\u0441\u0438\u0438 Skyline"},"image":{"@id":"https:\/\/skyline-gs.com\/it\/#\/schema\/logo\/image\/"},"sameAs":["https:\/\/www.instagram.com\/skylineglobalservice\/"]}]}},"_links":{"self":[{"href":"https:\/\/skyline-gs.com\/de\/wp-json\/wp\/v2\/product\/74430","targetHints":{"allow":["GET"]}}],"collection":[{"href":"https:\/\/skyline-gs.com\/de\/wp-json\/wp\/v2\/product"}],"about":[{"href":"https:\/\/skyline-gs.com\/de\/wp-json\/wp\/v2\/types\/product"}],"version-history":[{"count":0,"href":"https:\/\/skyline-gs.com\/de\/wp-json\/wp\/v2\/product\/74430\/revisions"}],"wp:featuredmedia":[{"embeddable":true,"href":"https:\/\/skyline-gs.com\/de\/wp-json\/wp\/v2\/media\/74431"}],"wp:attachment":[{"href":"https:\/\/skyline-gs.com\/de\/wp-json\/wp\/v2\/media?parent=74430"}],"wp:term":[{"taxonomy":"product_brand","embeddable":true,"href":"https:\/\/skyline-gs.com\/de\/wp-json\/wp\/v2\/product_brand?post=74430"},{"taxonomy":"product_cat","embeddable":true,"href":"https:\/\/skyline-gs.com\/de\/wp-json\/wp\/v2\/product_cat?post=74430"},{"taxonomy":"product_tag","embeddable":true,"href":"https:\/\/skyline-gs.com\/de\/wp-json\/wp\/v2\/product_tag?post=74430"}],"curies":[{"name":"wp","href":"https:\/\/api.w.org\/{rel}","templated":true}]}}