{"id":74148,"date":"2025-12-18T01:35:53","date_gmt":"2025-12-17T23:35:53","guid":{"rendered":"http:\/\/skyline-gs.com\/?post_type=product&#038;p=74148"},"modified":"2025-12-18T01:46:36","modified_gmt":"2025-12-17T23:46:36","slug":"ultra-ella-sri-lanka","status":"publish","type":"product","link":"https:\/\/skyline-gs.com\/de\/product\/ultra-ella-sri-lanka\/","title":{"rendered":"Ultra Ella (1 Tag)"},"content":{"rendered":"<p>\u0423\u043b\u044c\u0442\u0440\u0430 \u042d\u043b\u043b\u0430 \u2014 \u044d\u0442\u043e \u043f\u043e\u043b\u043d\u044b\u0439 \u0434\u0435\u043d\u044c \u0432\u043f\u0435\u0447\u0430\u0442\u043b\u0435\u043d\u0438\u0439 \u0432 \u0441\u0435\u0440\u0434\u0446\u0435 \u0428\u0440\u0438-\u041b\u0430\u043d\u043a\u0438. \u0412\u044b \u0443\u0432\u0438\u0434\u0438\u0442\u0435 \u043b\u0435\u0433\u0435\u043d\u0434\u0430\u0440\u043d\u044b\u0439 \u0434\u0435\u0432\u044f\u0442\u0438\u0430\u0440\u043e\u0447\u043d\u044b\u0439 \u043c\u043e\u0441\u0442, \u041c\u0430\u043b\u044b\u0439 \u041f\u0438\u043a \u0410\u0434\u0430\u043c\u0430 \u0438 \u0432\u043e\u0434\u043e\u043f\u0430\u0434 \u0420\u0430\u0432\u0430\u043d\u0430. \u041f\u0440\u043e\u0433\u0443\u043b\u043a\u0438 \u043f\u043e \u0447\u0430\u0439\u043d\u044b\u043c \u043f\u043b\u0430\u043d\u0442\u0430\u0446\u0438\u044f\u043c, \u0430\u044e\u0440\u0432\u0435\u0434\u0438\u0447\u0435\u0441\u043a\u0438\u0439 \u0441\u0430\u0434 \u0438 \u043f\u043e\u0435\u0437\u0434\u043a\u0430 \u0441 \u0437\u0430\u0445\u0432\u0430\u0442\u044b\u0432\u0430\u044e\u0449\u0438\u043c\u0438 \u0432\u0438\u0434\u0430\u043c\u0438 \u043f\u043e\u0434\u0430\u0440\u044f\u0442 \u0443\u043d\u0438\u043a\u0430\u043b\u044c\u043d\u044b\u0435 \u0444\u043e\u0442\u043e. \u0420\u0430\u0441\u0441\u043b\u0430\u0431\u044c\u0442\u0435\u0441\u044c \u0432 Rawana Pool Club \u0438 \u0438\u0441\u043f\u044b\u0442\u0430\u0439\u0442\u0435 \u0430\u0434\u0440\u0435\u043d\u0430\u043b\u0438\u043d \u043d\u0430 \u043a\u0430\u0447\u0435\u043b\u044f\u0445 \u0438\u043b\u0438 Zip-line \u043d\u0430\u0434 \u0434\u0436\u0443\u043d\u0433\u043b\u044f\u043c\u0438.<\/p>\n<p><strong>3:00 Uhr - Abfahrt von der Hotellobby.<\/strong><\/p>\n<ul>\n<li><strong data-start=\"440\" data-end=\"462\">\u0414\u0435\u0432\u044f\u0442\u0438\u0430\u0440\u043e\u0447\u043d\u044b\u0439 \u043c\u043e\u0441\u0442. <\/strong>\u041e\u0434\u0438\u043d \u0438\u0437 \u0441\u0430\u043c\u044b\u0445 \u0443\u0437\u043d\u0430\u0432\u0430\u0435\u043c\u044b\u0445 \u0438 \u00ab\u0438\u043d\u0441\u0442\u0430\u0433\u0440\u0430\u043c\u043d\u044b\u0445\u00bb \u043c\u043e\u0441\u0442\u043e\u0432 \u043c\u0438\u0440\u0430. \u041f\u043e\u0435\u0437\u0434, \u043f\u0440\u043e\u0445\u043e\u0434\u044f\u0449\u0438\u0439 \u043d\u0430\u0434 \u0437\u0435\u043b\u0451\u043d\u044b\u043c\u0438 \u0430\u0440\u043a\u0430\u043c\u0438, \u0441\u043e\u0437\u0434\u0430\u0451\u0442 \u0438\u0434\u0435\u0430\u043b\u044c\u043d\u044b\u0435 \u043a\u0430\u0434\u0440\u044b \u0434\u043b\u044f \u0444\u043e\u0442\u043e.<\/li>\n<li><strong data-start=\"596\" data-end=\"615\">\u041c\u0430\u043b\u044b\u0439 \u041f\u0438\u043a \u0410\u0434\u0430\u043c\u0430. <\/strong>\u041f\u043e\u0434\u044a\u0451\u043c \u043e\u043a\u043e\u043b\u043e 20 \u043c\u0438\u043d\u0443\u0442 \u043e\u0442\u043a\u0440\u043e\u0435\u0442 \u043f\u043e\u0442\u0440\u044f\u0441\u0430\u044e\u0449\u0438\u0435 \u043f\u0430\u043d\u043e\u0440\u0430\u043c\u044b \u0433\u043e\u0440, \u0447\u0430\u0439\u043d\u044b\u0445 \u043f\u043b\u0430\u043d\u0442\u0430\u0446\u0438\u0439 \u0438 \u0433\u043e\u0440\u043e\u0434\u0430 \u042d\u043b\u043b\u0430.<\/li>\n<li><strong data-start=\"709\" data-end=\"733\">\u041e\u0441\u0442\u0430\u043d\u043e\u0432\u043a\u0430 \u043d\u0430 \u0437\u0430\u0432\u0442\u0440\u0430\u043a. <\/strong>\u0412 \u0437\u043d\u0430\u043c\u0435\u043d\u0438\u0442\u043e\u043c \u043a\u0430\u0444\u0435 Chill Ella \u0438\u043b\u0438 \u0441 \u0441\u043e\u0431\u043e\u0439 \u2014 \u043d\u0430\u0441\u043b\u0430\u0436\u0434\u0430\u0439\u0442\u0435\u0441\u044c \u0432\u0438\u0434\u043e\u043c \u0438 \u0443\u0442\u0440\u0435\u043d\u043d\u0438\u043c \u043d\u0430\u0441\u0442\u0440\u043e\u0435\u043d\u0438\u0435\u043c.<\/li>\n<li><strong data-start=\"830\" data-end=\"850\">\u0427\u0430\u0439\u043d\u0430\u044f \u043f\u043b\u0430\u043d\u0442\u0430\u0446\u0438\u044f. <\/strong>\u041f\u0440\u043e\u0433\u0443\u043b\u044f\u0439\u0442\u0435\u0441\u044c \u0441\u0440\u0435\u0434\u0438 \u0437\u0435\u043b\u0451\u043d\u044b\u0445 \u0445\u043e\u043b\u043c\u043e\u0432, \u0441\u0434\u0435\u043b\u0430\u0439\u0442\u0435 \u044f\u0440\u043a\u0438\u0435 \u0444\u043e\u0442\u043e\u0433\u0440\u0430\u0444\u0438\u0438 \u0438 \u043f\u043e\u043f\u0440\u043e\u0431\u0443\u0439\u0442\u0435 \u0441\u0432\u0435\u0436\u0435\u0441\u043e\u0431\u0440\u0430\u043d\u043d\u044b\u0439 \u0446\u0435\u0439\u043b\u043e\u043d\u0441\u043a\u0438\u0439 \u0447\u0430\u0439.<\/li>\n<li><strong data-start=\"961\" data-end=\"997\">\u041f\u043e\u0435\u0437\u0434 \u0441 \u0448\u0438\u043a\u0430\u0440\u043d\u044b\u043c\u0438 \u0432\u0438\u0434\u0430\u043c\u0438 \u043d\u0430 \u0433\u043e\u0440\u044b. <\/strong>\u041b\u0435\u0433\u0435\u043d\u0434\u0430\u0440\u043d\u044b\u0439 \u043c\u0430\u0440\u0448\u0440\u0443\u0442, \u0433\u0434\u0435 \u0434\u0435\u043b\u0430\u044e\u0442 \u0437\u043d\u0430\u043c\u0435\u043d\u0438\u0442\u044b\u0435 \u0444\u043e\u0442\u043e \u0441 \u043e\u0442\u043a\u0440\u044b\u0442\u044b\u0445 \u0434\u0432\u0435\u0440\u0435\u0439 \u0432\u0430\u0433\u043e\u043d\u0430 \u2014 \u0432\u0438\u0437\u0438\u0442\u043d\u0430\u044f \u043a\u0430\u0440\u0442\u043e\u0447\u043a\u0430 \u0428\u0440\u0438-\u041b\u0430\u043d\u043a\u0438.<\/li>\n<li><strong data-start=\"1107\" data-end=\"1122\">\u041c\u0430\u0433\u0430\u0437\u0438\u043d \u0447\u0430\u044f. <\/strong>\u0412\u043e\u0437\u043c\u043e\u0436\u043d\u043e\u0441\u0442\u044c \u043f\u0440\u0438\u043e\u0431\u0440\u0435\u0441\u0442\u0438 \u0441\u0432\u0435\u0436\u0438\u0439 \u0446\u0435\u0439\u043b\u043e\u043d\u0441\u043a\u0438\u0439 \u0447\u0430\u0439 \u0438 \u0441\u0443\u0432\u0435\u043d\u0438\u0440\u044b \u043d\u0430\u043f\u0440\u044f\u043c\u0443\u044e \u0443 \u043f\u0440\u043e\u0438\u0437\u0432\u043e\u0434\u0438\u0442\u0435\u043b\u0435\u0439.<\/li>\n<li><strong data-start=\"1211\" data-end=\"1239\">\u0410\u044e\u0440\u0432\u0435\u0434\u0438\u0447\u0435\u0441\u043a\u0438\u0439 \u0441\u0430\u0434 \u0441\u043f\u0435\u0446\u0438\u0439. <\/strong>\u041f\u043e\u0437\u043d\u0430\u043a\u043e\u043c\u044c\u0442\u0435\u0441\u044c \u0441 \u043c\u0435\u0441\u0442\u043d\u044b\u043c\u0438 \u0442\u0440\u0430\u0432\u0430\u043c\u0438 \u0438 \u0441\u043f\u0435\u0446\u0438\u044f\u043c\u0438, \u043f\u043e\u043f\u0440\u043e\u0431\u0443\u0439\u0442\u0435 \u043d\u0430\u0442\u0443\u0440\u0430\u043b\u044c\u043d\u044b\u0435 \u043c\u0430\u0441\u043b\u0430 \u0438 \u0431\u0430\u043b\u044c\u0437\u0430\u043c\u044b.<\/li>\n<li><strong data-start=\"1331\" data-end=\"1349\">\u0412\u043e\u0434\u043e\u043f\u0430\u0434 \u0420\u0430\u0432\u0430\u043d\u0430. <\/strong>\u0412\u0435\u043b\u0438\u0447\u0435\u0441\u0442\u0432\u0435\u043d\u043d\u044b\u0439 \u0432\u043e\u0434\u043e\u043f\u0430\u0434, \u0441\u0432\u044f\u0437\u0430\u043d\u043d\u044b\u0439 \u0441 \u043b\u0435\u0433\u0435\u043d\u0434\u0430\u043c\u0438 \u00ab\u0420\u0430\u043c\u0430\u044f\u043d\u044b\u00bb. \u041e\u0442\u043b\u0438\u0447\u043d\u043e\u0435 \u043c\u0435\u0441\u0442\u043e \u0434\u043b\u044f \u0444\u043e\u0442\u043e \u0438 \u043a\u043e\u0440\u043e\u0442\u043a\u043e\u0433\u043e \u043e\u0442\u0434\u044b\u0445\u0430.<\/li>\n<li><strong data-start=\"1456\" data-end=\"1477\">\u041a\u043e\u0440\u043c\u043b\u0435\u043d\u0438\u0435 \u043e\u0431\u0435\u0437\u044c\u044f\u043d. <\/strong>\u0412\u0435\u0441\u0451\u043b\u0430\u044f \u0438 \u0443\u0432\u043b\u0435\u043a\u0430\u0442\u0435\u043b\u044c\u043d\u0430\u044f \u043e\u0441\u0442\u0430\u043d\u043e\u0432\u043a\u0430 \u0434\u043b\u044f \u0434\u0435\u0442\u0435\u0439 \u0438 \u0432\u0437\u0440\u043e\u0441\u043b\u044b\u0445.<\/li>\n<li><strong data-start=\"1539\" data-end=\"1575\">\u041e\u0431\u0435\u0434 + \u0440\u0435\u043b\u0430\u043a\u0441 \u0432 Rawana Pool Club. <\/strong>\u0414\u0432\u0430 \u0447\u0430\u0441\u0430 \u043e\u0442\u0434\u044b\u0445\u0430 \u0441 \u0432\u043e\u0441\u0445\u0438\u0442\u0438\u0442\u0435\u043b\u044c\u043d\u044b\u043c \u0432\u0438\u0434\u043e\u043c \u043d\u0430 \u0433\u043e\u0440\u044b \u0438 \u0442\u0440\u0435\u043c\u044f \u0431\u0430\u0441\u0441\u0435\u0439\u043d\u0430\u043c\u0438, \u0434\u0432\u0430 \u0438\u0437 \u043a\u043e\u0442\u043e\u0440\u044b\u0445 \u0442\u0451\u043f\u043b\u044b\u0435. \u0412\u043e\u0437\u043c\u043e\u0436\u043d\u043e\u0441\u0442\u044c \u043f\u0440\u043e\u043a\u0430\u0442\u0438\u0442\u044c\u0441\u044f \u043d\u0430 \u043a\u0430\u0447\u0435\u043b\u044f\u0445 \u043d\u0430\u0434 \u043f\u0440\u043e\u043f\u0430\u0441\u0442\u044c\u044e \u0432 \u043a\u0440\u0430\u0441\u0438\u0432\u043e\u043c \u043f\u043b\u0430\u0442\u044c\u0435 \u0438 \u0441\u0434\u0435\u043b\u0430\u0442\u044c \u0443\u043d\u0438\u043a\u0430\u043b\u044c\u043d\u044b\u0435 \u0444\u043e\u0442\u043e.<\/li>\n<\/ul>\n<p><strong>20:00 - R\u00fcckkehr zum Hotel.<\/strong><\/p>\n<p><strong>Inbegriffen:<\/strong><\/p>\n<ul>\n<li>Transfers vom Hotel und zur\u00fcck (Abholung von allen Hotels an der S\u00fcdk\u00fcste)<\/li>\n<li>Alle Transfers in einem komfortablen klimatisierten Bus<\/li>\n<li>Englischsprachiger Reiseleiter<\/li>\n<li>Zugfahrt<\/li>\n<li>Eintrittskarten laut Programm<\/li>\n<\/ul>\n<p><strong>Nicht enthalten:<\/strong><\/p>\n<ul>\n<li>Fr\u00fchst\u00fcck, Mittagessen (+10\u20ac)<\/li>\n<li>\u0411\u0430\u0441\u0441\u0435\u0439\u043d (+10$ \u0441 \u0447\u0435\u043b\u043e\u0432\u0435\u043a\u0430)<\/li>\n<li>Zip-line (+30$ \u0441 \u0447\u0435\u043b\u043e\u0432\u0435\u043a\u0430)<\/li>\n<li>\u041a\u0430\u0447\u0435\u043b\u0438 (+10$ \u0441 \u0447\u0435\u043b\u043e\u0432\u0435\u043a\u0430)<\/li>\n<li>\u041f\u043b\u0430\u0442\u044c\u0435 \u0434\u043b\u044f \u0444\u043e\u0442\u043e \u0438 \u0444\u043e\u0442\u043e\u0433\u0440\u0430\u0444 (+10$ \u0441 \u0447\u0435\u043b\u043e\u0432\u0435\u043a\u0430)<\/li>\n<\/ul>\n<p><strong>Nimm mit:<\/strong><\/p>\n<ul>\n<li>Fr\u00fchst\u00fcck selbst mitbringen (Bestellung an der Rezeption Ihres Hotels).<\/li>\n<li>Wasser<\/li>\n<li>Kopfbedeckung<\/li>\n<li>Badeanzug, Badehose<\/li>\n<li>Sonnencreme<\/li>\n<li>Geld f\u00fcr pers\u00f6nliche Ausgaben.<\/li>\n<\/ul>","protected":false},"excerpt":{"rendered":"<p><strong>Tourdauer:<\/strong> 3:00 &#8212; 20:00<\/p>\n<p><strong>Veranstaltungstage:<\/strong> T\u00e4glich<\/p>","protected":false},"featured_media":57868,"template":"","meta":{"_kad_post_transparent":"default","_kad_post_title":"","_kad_post_layout":"default","_kad_post_sidebar_id":"","_kad_post_content_style":"default","_kad_post_vertical_padding":"default","_kad_post_feature":"","_kad_post_feature_position":"","_kad_post_header":false,"_kad_post_footer":false,"_kad_post_classname":"","_glsr_average":0,"_glsr_ranking":0,"_glsr_reviews":0},"product_brand":[],"product_cat":[436],"product_tag":[510],"class_list":{"0":"post-74148","1":"product","2":"type-product","3":"status-publish","4":"has-post-thumbnail","6":"product_cat-srilanka","7":"product_tag-510","8":"tm-has-options","10":"first","11":"instock","12":"sale","13":"sold-individually","14":"taxable","15":"shipping-taxable","16":"purchasable","17":"product-type-simple","18":"entry","19":"content-bg","20":"loop-entry"},"yoast_head":"<!-- This site is optimized with the Yoast SEO plugin v27.3 - https:\/\/yoast.com\/product\/yoast-seo-wordpress\/ -->\n<title>\u0423\u043b\u044c\u0442\u0440\u0430 \u042d\u043b\u043b\u0430 (1 \u0434\u0435\u043d\u044c) &#8226; \u042d\u043a\u0441\u043a\u0443\u0440\u0441\u0438\u0438 Skyline<\/title>\n<meta name=\"robots\" content=\"index, follow, max-snippet:-1, max-image-preview:large, max-video-preview:-1\" \/>\n<link rel=\"canonical\" href=\"https:\/\/skyline-gs.com\/de\/produkt\/ultra-ella-sri-lanka\/\" \/>\n<meta property=\"og:locale\" content=\"de_DE\" \/>\n<meta property=\"og:type\" content=\"article\" \/>\n<meta property=\"og:title\" content=\"\u0423\u043b\u044c\u0442\u0440\u0430 \u042d\u043b\u043b\u0430 (1 \u0434\u0435\u043d\u044c) &#8226; \u042d\u043a\u0441\u043a\u0443\u0440\u0441\u0438\u0438 Skyline\" \/>\n<meta property=\"og:description\" content=\"\u0414\u043b\u0438\u0442\u0435\u043b\u044c\u043d\u043e\u0441\u0442\u044c \u0442\u0443\u0440\u0430: 3:00 - 20:00  \u0414\u043d\u0438 \u043f\u0440\u043e\u0432\u0435\u0434\u0435\u043d\u0438\u044f: \u041a\u0430\u0436\u0434\u044b\u0439 \u0434\u0435\u043d\u044c\" \/>\n<meta property=\"og:url\" content=\"https:\/\/skyline-gs.com\/de\/produkt\/ultra-ella-sri-lanka\/\" \/>\n<meta property=\"og:site_name\" content=\"\u042d\u043a\u0441\u043a\u0443\u0440\u0441\u0438\u0438 Skyline\" \/>\n<meta property=\"article:modified_time\" content=\"2025-12-17T23:46:36+00:00\" \/>\n<meta property=\"og:image\" content=\"https:\/\/skyline-gs.com\/wp-content\/uploads\/2023\/11\/\u04304554.png\" \/>\n\t<meta property=\"og:image:width\" content=\"669\" \/>\n\t<meta property=\"og:image:height\" content=\"446\" \/>\n\t<meta property=\"og:image:type\" content=\"image\/png\" \/>\n<meta name=\"twitter:card\" content=\"summary_large_image\" \/>\n<meta name=\"twitter:label1\" content=\"Gesch\u00e4tzte Lesezeit\" \/>\n\t<meta name=\"twitter:data1\" content=\"2\u00a0Minuten\" \/>\n<script type=\"application\/ld+json\" class=\"yoast-schema-graph\">{\"@context\":\"https:\\\/\\\/schema.org\",\"@graph\":[{\"@type\":\"WebPage\",\"@id\":\"https:\\\/\\\/skyline-gs.com\\\/product\\\/ultra-ella-sri-lanka\\\/\",\"url\":\"https:\\\/\\\/skyline-gs.com\\\/product\\\/ultra-ella-sri-lanka\\\/\",\"name\":\"\u0423\u043b\u044c\u0442\u0440\u0430 \u042d\u043b\u043b\u0430 (1 \u0434\u0435\u043d\u044c) &#8226; \u042d\u043a\u0441\u043a\u0443\u0440\u0441\u0438\u0438 Skyline\",\"isPartOf\":{\"@id\":\"https:\\\/\\\/skyline-gs.com\\\/it\\\/#website\"},\"primaryImageOfPage\":{\"@id\":\"https:\\\/\\\/skyline-gs.com\\\/product\\\/ultra-ella-sri-lanka\\\/#primaryimage\"},\"image\":{\"@id\":\"https:\\\/\\\/skyline-gs.com\\\/product\\\/ultra-ella-sri-lanka\\\/#primaryimage\"},\"thumbnailUrl\":\"https:\\\/\\\/skyline-gs.com\\\/wp-content\\\/uploads\\\/2023\\\/11\\\/\u04304554.png\",\"datePublished\":\"2025-12-17T23:35:53+00:00\",\"dateModified\":\"2025-12-17T23:46:36+00:00\",\"breadcrumb\":{\"@id\":\"https:\\\/\\\/skyline-gs.com\\\/product\\\/ultra-ella-sri-lanka\\\/#breadcrumb\"},\"inLanguage\":\"de\",\"potentialAction\":[{\"@type\":\"ReadAction\",\"target\":[\"https:\\\/\\\/skyline-gs.com\\\/product\\\/ultra-ella-sri-lanka\\\/\"]}]},{\"@type\":\"ImageObject\",\"inLanguage\":\"de\",\"@id\":\"https:\\\/\\\/skyline-gs.com\\\/product\\\/ultra-ella-sri-lanka\\\/#primaryimage\",\"url\":\"https:\\\/\\\/skyline-gs.com\\\/wp-content\\\/uploads\\\/2023\\\/11\\\/\u04304554.png\",\"contentUrl\":\"https:\\\/\\\/skyline-gs.com\\\/wp-content\\\/uploads\\\/2023\\\/11\\\/\u04304554.png\",\"width\":669,\"height\":446},{\"@type\":\"BreadcrumbList\",\"@id\":\"https:\\\/\\\/skyline-gs.com\\\/product\\\/ultra-ella-sri-lanka\\\/#breadcrumb\",\"itemListElement\":[{\"@type\":\"ListItem\",\"position\":1,\"name\":\"\u0413\u043b\u0430\u0432\u043d\u0430\u044f \u0441\u0442\u0440\u0430\u043d\u0438\u0446\u0430\",\"item\":\"https:\\\/\\\/skyline-gs.com\\\/hu\\\/\"},{\"@type\":\"ListItem\",\"position\":2,\"name\":\"\u041c\u0430\u0433\u0430\u0437\u0438\u043d\",\"item\":\"https:\\\/\\\/skyline-gs.com\\\/cs\\\/shop\\\/\"},{\"@type\":\"ListItem\",\"position\":3,\"name\":\"\u0423\u043b\u044c\u0442\u0440\u0430 \u042d\u043b\u043b\u0430 (1 \u0434\u0435\u043d\u044c)\"}]},{\"@type\":\"WebSite\",\"@id\":\"https:\\\/\\\/skyline-gs.com\\\/it\\\/#website\",\"url\":\"https:\\\/\\\/skyline-gs.com\\\/it\\\/\",\"name\":\"\u042d\u043a\u0441\u043a\u0443\u0440\u0441\u0438\u0438 Skyline\",\"description\":\"\u042d\u043a\u0441\u043a\u043b\u044e\u0437\u0438\u0432\u043d\u044b\u0435 \u044d\u043a\u0441\u043a\u0443\u0440\u0441\u0438\u0438 \u043d\u0430 \u043b\u0443\u0447\u0448\u0438\u0445 \u043a\u0443\u0440\u043e\u0440\u0442\u0430\u0445 \u043c\u0438\u0440\u0430\",\"publisher\":{\"@id\":\"https:\\\/\\\/skyline-gs.com\\\/it\\\/#organization\"},\"alternateName\":\"Skyline\",\"potentialAction\":[{\"@type\":\"SearchAction\",\"target\":{\"@type\":\"EntryPoint\",\"urlTemplate\":\"https:\\\/\\\/skyline-gs.com\\\/it\\\/?s={search_term_string}\"},\"query-input\":{\"@type\":\"PropertyValueSpecification\",\"valueRequired\":true,\"valueName\":\"search_term_string\"}}],\"inLanguage\":\"de\"},{\"@type\":\"Organization\",\"@id\":\"https:\\\/\\\/skyline-gs.com\\\/it\\\/#organization\",\"name\":\"\u042d\u043a\u0441\u043a\u0443\u0440\u0441\u0438\u0438 Skyline\",\"alternateName\":\"\u042d\u043a\u0441\u043a\u0443\u0440\u0441\u0438\u0438 Skyline\",\"url\":\"https:\\\/\\\/skyline-gs.com\\\/it\\\/\",\"logo\":{\"@type\":\"ImageObject\",\"inLanguage\":\"de\",\"@id\":\"https:\\\/\\\/skyline-gs.com\\\/it\\\/#\\\/schema\\\/logo\\\/image\\\/\",\"url\":\"https:\\\/\\\/skyline-gs.com\\\/wp-content\\\/uploads\\\/2020\\\/12\\\/cropped-logo-2.png\",\"contentUrl\":\"https:\\\/\\\/skyline-gs.com\\\/wp-content\\\/uploads\\\/2020\\\/12\\\/cropped-logo-2.png\",\"width\":512,\"height\":512,\"caption\":\"\u042d\u043a\u0441\u043a\u0443\u0440\u0441\u0438\u0438 Skyline\"},\"image\":{\"@id\":\"https:\\\/\\\/skyline-gs.com\\\/it\\\/#\\\/schema\\\/logo\\\/image\\\/\"},\"sameAs\":[\"https:\\\/\\\/www.instagram.com\\\/skylineglobalservice\\\/\"]}]}<\/script>\n<!-- \/ Yoast SEO plugin. -->","yoast_head_json":{"title":"\u0423\u043b\u044c\u0442\u0440\u0430 \u042d\u043b\u043b\u0430 (1 \u0434\u0435\u043d\u044c) &#8226; \u042d\u043a\u0441\u043a\u0443\u0440\u0441\u0438\u0438 Skyline","robots":{"index":"index","follow":"follow","max-snippet":"max-snippet:-1","max-image-preview":"max-image-preview:large","max-video-preview":"max-video-preview:-1"},"canonical":"https:\/\/skyline-gs.com\/de\/produkt\/ultra-ella-sri-lanka\/","og_locale":"de_DE","og_type":"article","og_title":"\u0423\u043b\u044c\u0442\u0440\u0430 \u042d\u043b\u043b\u0430 (1 \u0434\u0435\u043d\u044c) &#8226; \u042d\u043a\u0441\u043a\u0443\u0440\u0441\u0438\u0438 Skyline","og_description":"\u0414\u043b\u0438\u0442\u0435\u043b\u044c\u043d\u043e\u0441\u0442\u044c \u0442\u0443\u0440\u0430: 3:00 - 20:00  \u0414\u043d\u0438 \u043f\u0440\u043e\u0432\u0435\u0434\u0435\u043d\u0438\u044f: \u041a\u0430\u0436\u0434\u044b\u0439 \u0434\u0435\u043d\u044c","og_url":"https:\/\/skyline-gs.com\/de\/produkt\/ultra-ella-sri-lanka\/","og_site_name":"\u042d\u043a\u0441\u043a\u0443\u0440\u0441\u0438\u0438 Skyline","article_modified_time":"2025-12-17T23:46:36+00:00","og_image":[{"width":669,"height":446,"url":"https:\/\/skyline-gs.com\/wp-content\/uploads\/2023\/11\/\u04304554.png","type":"image\/png"}],"twitter_card":"summary_large_image","twitter_misc":{"Gesch\u00e4tzte Lesezeit":"2\u00a0Minuten"},"schema":{"@context":"https:\/\/schema.org","@graph":[{"@type":"WebPage","@id":"https:\/\/skyline-gs.com\/product\/ultra-ella-sri-lanka\/","url":"https:\/\/skyline-gs.com\/product\/ultra-ella-sri-lanka\/","name":"\u0423\u043b\u044c\u0442\u0440\u0430 \u042d\u043b\u043b\u0430 (1 \u0434\u0435\u043d\u044c) &#8226; \u042d\u043a\u0441\u043a\u0443\u0440\u0441\u0438\u0438 Skyline","isPartOf":{"@id":"https:\/\/skyline-gs.com\/it\/#website"},"primaryImageOfPage":{"@id":"https:\/\/skyline-gs.com\/product\/ultra-ella-sri-lanka\/#primaryimage"},"image":{"@id":"https:\/\/skyline-gs.com\/product\/ultra-ella-sri-lanka\/#primaryimage"},"thumbnailUrl":"https:\/\/skyline-gs.com\/wp-content\/uploads\/2023\/11\/\u04304554.png","datePublished":"2025-12-17T23:35:53+00:00","dateModified":"2025-12-17T23:46:36+00:00","breadcrumb":{"@id":"https:\/\/skyline-gs.com\/product\/ultra-ella-sri-lanka\/#breadcrumb"},"inLanguage":"de","potentialAction":[{"@type":"ReadAction","target":["https:\/\/skyline-gs.com\/product\/ultra-ella-sri-lanka\/"]}]},{"@type":"ImageObject","inLanguage":"de","@id":"https:\/\/skyline-gs.com\/product\/ultra-ella-sri-lanka\/#primaryimage","url":"https:\/\/skyline-gs.com\/wp-content\/uploads\/2023\/11\/\u04304554.png","contentUrl":"https:\/\/skyline-gs.com\/wp-content\/uploads\/2023\/11\/\u04304554.png","width":669,"height":446},{"@type":"BreadcrumbList","@id":"https:\/\/skyline-gs.com\/product\/ultra-ella-sri-lanka\/#breadcrumb","itemListElement":[{"@type":"ListItem","position":1,"name":"\u0413\u043b\u0430\u0432\u043d\u0430\u044f \u0441\u0442\u0440\u0430\u043d\u0438\u0446\u0430","item":"https:\/\/skyline-gs.com\/hu\/"},{"@type":"ListItem","position":2,"name":"\u041c\u0430\u0433\u0430\u0437\u0438\u043d","item":"https:\/\/skyline-gs.com\/cs\/shop\/"},{"@type":"ListItem","position":3,"name":"\u0423\u043b\u044c\u0442\u0440\u0430 \u042d\u043b\u043b\u0430 (1 \u0434\u0435\u043d\u044c)"}]},{"@type":"WebSite","@id":"https:\/\/skyline-gs.com\/it\/#website","url":"https:\/\/skyline-gs.com\/it\/","name":"Skyline Ausfl\u00fcge","description":"Exklusive Ausfl\u00fcge in den besten Resorts der Welt","publisher":{"@id":"https:\/\/skyline-gs.com\/it\/#organization"},"alternateName":"Skyline","potentialAction":[{"@type":"SearchAction","target":{"@type":"EntryPoint","urlTemplate":"https:\/\/skyline-gs.com\/it\/?s={search_term_string}"},"query-input":{"@type":"PropertyValueSpecification","valueRequired":true,"valueName":"search_term_string"}}],"inLanguage":"de"},{"@type":"Organization","@id":"https:\/\/skyline-gs.com\/it\/#organization","name":"Skyline Ausfl\u00fcge","alternateName":"\u042d\u043a\u0441\u043a\u0443\u0440\u0441\u0438\u0438 Skyline","url":"https:\/\/skyline-gs.com\/it\/","logo":{"@type":"ImageObject","inLanguage":"de","@id":"https:\/\/skyline-gs.com\/it\/#\/schema\/logo\/image\/","url":"https:\/\/skyline-gs.com\/wp-content\/uploads\/2020\/12\/cropped-logo-2.png","contentUrl":"https:\/\/skyline-gs.com\/wp-content\/uploads\/2020\/12\/cropped-logo-2.png","width":512,"height":512,"caption":"\u042d\u043a\u0441\u043a\u0443\u0440\u0441\u0438\u0438 Skyline"},"image":{"@id":"https:\/\/skyline-gs.com\/it\/#\/schema\/logo\/image\/"},"sameAs":["https:\/\/www.instagram.com\/skylineglobalservice\/"]}]}},"_links":{"self":[{"href":"https:\/\/skyline-gs.com\/de\/wp-json\/wp\/v2\/product\/74148","targetHints":{"allow":["GET"]}}],"collection":[{"href":"https:\/\/skyline-gs.com\/de\/wp-json\/wp\/v2\/product"}],"about":[{"href":"https:\/\/skyline-gs.com\/de\/wp-json\/wp\/v2\/types\/product"}],"version-history":[{"count":0,"href":"https:\/\/skyline-gs.com\/de\/wp-json\/wp\/v2\/product\/74148\/revisions"}],"wp:featuredmedia":[{"embeddable":true,"href":"https:\/\/skyline-gs.com\/de\/wp-json\/wp\/v2\/media\/57868"}],"wp:attachment":[{"href":"https:\/\/skyline-gs.com\/de\/wp-json\/wp\/v2\/media?parent=74148"}],"wp:term":[{"taxonomy":"product_brand","embeddable":true,"href":"https:\/\/skyline-gs.com\/de\/wp-json\/wp\/v2\/product_brand?post=74148"},{"taxonomy":"product_cat","embeddable":true,"href":"https:\/\/skyline-gs.com\/de\/wp-json\/wp\/v2\/product_cat?post=74148"},{"taxonomy":"product_tag","embeddable":true,"href":"https:\/\/skyline-gs.com\/de\/wp-json\/wp\/v2\/product_tag?post=74148"}],"curies":[{"name":"wp","href":"https:\/\/api.w.org\/{rel}","templated":true}]}}