{"id":74007,"date":"2025-12-14T22:14:11","date_gmt":"2025-12-14T20:14:11","guid":{"rendered":"http:\/\/skyline-gs.com\/?post_type=product&#038;p=74007"},"modified":"2025-12-14T22:27:41","modified_gmt":"2025-12-14T20:27:41","slug":"pattaya-squid-fishing","status":"publish","type":"product","link":"https:\/\/skyline-gs.com\/de\/product\/pattaya-squid-fishing\/","title":{"rendered":"Tintenfischfang bei Nacht"},"content":{"rendered":"<p><strong>Tintenfischfang bei Nacht<\/strong> - ist ein ungew\u00f6hnliches Meeresabenteuer, das nach Sonnenuntergang stattfindet. Im Licht spezieller Lampen steigen Tintenfische an die Wasseroberfl\u00e4che und Sie k\u00f6nnen sich im traditionellen Nachtangeln versuchen. Die Tour kombiniert Angeln, Bootsfahrten und stimmungsvolle Entspannung im warmen Nachtmeer.<br \/>\nDer Ausflug eignet sich sowohl f\u00fcr Anf\u00e4nger als auch f\u00fcr diejenigen, die sich bereits im Meeresangeln versucht haben, und ist auch eine gute Option f\u00fcr einen Abendurlaub in Pattaya.<\/p>\n<p><strong>Programm<\/strong><\/p>\n<ul>\n<li>Abholung der Teilnehmer und Transfer vom Hotel.<\/li>\n<li>Ankunft an der Anlegestelle und Einsteigen in das Fischerboot.<\/li>\n<li>Abends auf das Meer hinausfahren.<\/li>\n<li>Beleuchtung des Wassers mit speziellen Lampen.<\/li>\n<li>Nacht-Tintenfischfang: Ausr\u00fcstung und K\u00f6der werden gestellt, Einweisung und Unterst\u00fctzung durch die Besatzung, aktiver Tintenfischfang in K\u00fcstenn\u00e4he.<\/li>\n<li>Entspannen an Bord, n\u00e4chtliche Seest\u00fccke.<\/li>\n<li>R\u00fcckkehr in den Hafen.<\/li>\n<li>Transfer zur\u00fcck zum Hotel.<\/li>\n<li><em>Die Dauer des Programms betr\u00e4gt mehrere Stunden.<\/em><\/li>\n<\/ul>\n<p><strong>Inbegriffen:<\/strong><\/p>\n<ul>\n<li data-start=\"2622\" data-end=\"2653\">\n<p data-start=\"2624\" data-end=\"2653\">Transfer vom Hotel und zur\u00fcck<\/p>\n<\/li>\n<li data-start=\"2622\" data-end=\"2653\">\n<p data-start=\"2624\" data-end=\"2653\">Bootsfahrt und Angeln auf dem Programm<\/p>\n<\/li>\n<li data-start=\"2622\" data-end=\"2653\">\n<p data-start=\"2624\" data-end=\"2653\">Fischereiger\u00e4te und K\u00f6der<\/p>\n<\/li>\n<li data-start=\"2622\" data-end=\"2653\">\n<p data-start=\"2624\" data-end=\"2653\">Unterst\u00fctzung der Besatzung<\/p>\n<\/li>\n<li data-start=\"2622\" data-end=\"2653\">\n<p data-start=\"2624\" data-end=\"2653\">Versicherung<\/p>\n<\/li>\n<\/ul>\n<p><strong>Nimm mit:<\/strong><\/p>\n<ul>\n<li data-start=\"2117\" data-end=\"2159\">\n<p data-start=\"2119\" data-end=\"2159\">Kamera\/Smartphone<\/p>\n<\/li>\n<li data-start=\"2117\" data-end=\"2159\">\n<p data-start=\"2119\" data-end=\"2159\">eine leichte Jacke oder einen Pullover (nachts ist es am Meer k\u00fchler)<\/p>\n<\/li>\n<li data-start=\"2117\" data-end=\"2159\">\n<p data-start=\"2119\" data-end=\"2159\">Geschlossene Schuhe<\/p>\n<\/li>\n<li data-start=\"2117\" data-end=\"2159\">\n<p data-start=\"2119\" data-end=\"2159\">Geld f\u00fcr pers\u00f6nliche Ausgaben<\/p>\n<\/li>\n<\/ul>\n<p><strong>Extras:<\/strong><\/p>\n<ul>\n<li>Geeignet f\u00fcr Erwachsene und Kinder (in Begleitung eines Erwachsenen)<\/li>\n<li>Individuelle Programme auf Anfrage<\/li>\n<li>Die Fangmenge h\u00e4ngt von der Jahreszeit und den Wetterbedingungen ab<\/li>\n<li>Das Programm kann aus Sicherheitsgr\u00fcnden angepasst werden<\/li>\n<\/ul>","protected":false},"excerpt":{"rendered":"<p><strong>Zeitlicher Ablauf der Veranstaltung:<\/strong> 18:00 \u2013 00:00<br \/>\n<strong>Veranstaltungstage:<\/strong> T\u00e4glich<\/p>","protected":false},"featured_media":74013,"template":"","meta":{"_kad_post_transparent":"default","_kad_post_title":"","_kad_post_layout":"default","_kad_post_sidebar_id":"","_kad_post_content_style":"default","_kad_post_vertical_padding":"default","_kad_post_feature":"","_kad_post_feature_position":"","_kad_post_header":false,"_kad_post_footer":false,"_kad_post_classname":"","_glsr_average":0,"_glsr_ranking":0,"_glsr_reviews":0},"product_brand":[],"product_cat":[507],"product_tag":[],"class_list":{"0":"post-74007","1":"product","2":"type-product","3":"status-publish","4":"has-post-thumbnail","6":"product_cat-pattaya","7":"tm-has-options","9":"first","10":"instock","11":"sold-individually","12":"taxable","13":"shipping-taxable","14":"purchasable","15":"product-type-simple","16":"entry","17":"content-bg","18":"loop-entry"},"yoast_head":"<!-- This site is optimized with the Yoast SEO plugin v27.3 - https:\/\/yoast.com\/product\/yoast-seo-wordpress\/ -->\n<title>\u041d\u043e\u0447\u043d\u0430\u044f \u043b\u043e\u0432\u043b\u044f \u043a\u0430\u043b\u044c\u043c\u0430\u0440\u043e\u0432 &#8226; \u042d\u043a\u0441\u043a\u0443\u0440\u0441\u0438\u0438 Skyline<\/title>\n<meta name=\"robots\" content=\"index, follow, max-snippet:-1, max-image-preview:large, max-video-preview:-1\" \/>\n<link rel=\"canonical\" href=\"https:\/\/skyline-gs.com\/de\/produkt\/pattaya-squid-fishing\/\" \/>\n<meta property=\"og:locale\" content=\"de_DE\" \/>\n<meta property=\"og:type\" content=\"article\" \/>\n<meta property=\"og:title\" content=\"\u041d\u043e\u0447\u043d\u0430\u044f \u043b\u043e\u0432\u043b\u044f \u043a\u0430\u043b\u044c\u043c\u0430\u0440\u043e\u0432 &#8226; \u042d\u043a\u0441\u043a\u0443\u0440\u0441\u0438\u0438 Skyline\" \/>\n<meta property=\"og:description\" content=\"\u0412\u0440\u0435\u043c\u044f \u043f\u0440\u043e\u0432\u0435\u0434\u0435\u043d\u0438\u044f: 18:00 \u2013 00:00 \u0414\u043d\u0438 \u043f\u0440\u043e\u0432\u0435\u0434\u0435\u043d\u0438\u044f: \u0435\u0436\u0435\u0434\u043d\u0435\u0432\u043d\u043e\" \/>\n<meta property=\"og:url\" content=\"https:\/\/skyline-gs.com\/de\/produkt\/pattaya-squid-fishing\/\" \/>\n<meta property=\"og:site_name\" content=\"\u042d\u043a\u0441\u043a\u0443\u0440\u0441\u0438\u0438 Skyline\" \/>\n<meta property=\"article:modified_time\" content=\"2025-12-14T20:27:41+00:00\" \/>\n<meta property=\"og:image\" content=\"https:\/\/skyline-gs.com\/wp-content\/uploads\/2025\/12\/a24371e657-1_860x-e1765918043627.jpg\" \/>\n\t<meta property=\"og:image:width\" content=\"692\" \/>\n\t<meta property=\"og:image:height\" content=\"462\" \/>\n\t<meta property=\"og:image:type\" content=\"image\/jpeg\" \/>\n<meta name=\"twitter:card\" content=\"summary_large_image\" \/>\n<meta name=\"twitter:label1\" content=\"Gesch\u00e4tzte Lesezeit\" \/>\n\t<meta name=\"twitter:data1\" content=\"2\u00a0Minuten\" \/>\n<script type=\"application\/ld+json\" class=\"yoast-schema-graph\">{\"@context\":\"https:\\\/\\\/schema.org\",\"@graph\":[{\"@type\":\"WebPage\",\"@id\":\"https:\\\/\\\/skyline-gs.com\\\/fr\\\/produit\\\/pattaya-squid-fishing\\\/\",\"url\":\"https:\\\/\\\/skyline-gs.com\\\/fr\\\/produit\\\/pattaya-squid-fishing\\\/\",\"name\":\"\u041d\u043e\u0447\u043d\u0430\u044f \u043b\u043e\u0432\u043b\u044f \u043a\u0430\u043b\u044c\u043c\u0430\u0440\u043e\u0432 &#8226; \u042d\u043a\u0441\u043a\u0443\u0440\u0441\u0438\u0438 Skyline\",\"isPartOf\":{\"@id\":\"https:\\\/\\\/skyline-gs.com\\\/it\\\/#website\"},\"primaryImageOfPage\":{\"@id\":\"https:\\\/\\\/skyline-gs.com\\\/fr\\\/produit\\\/pattaya-squid-fishing\\\/#primaryimage\"},\"image\":{\"@id\":\"https:\\\/\\\/skyline-gs.com\\\/fr\\\/produit\\\/pattaya-squid-fishing\\\/#primaryimage\"},\"thumbnailUrl\":\"https:\\\/\\\/skyline-gs.com\\\/wp-content\\\/uploads\\\/2025\\\/12\\\/a24371e657-1_860x-e1765918043627.jpg\",\"datePublished\":\"2025-12-14T20:14:11+00:00\",\"dateModified\":\"2025-12-14T20:27:41+00:00\",\"breadcrumb\":{\"@id\":\"https:\\\/\\\/skyline-gs.com\\\/fr\\\/produit\\\/pattaya-squid-fishing\\\/#breadcrumb\"},\"inLanguage\":\"de\",\"potentialAction\":[{\"@type\":\"ReadAction\",\"target\":[\"https:\\\/\\\/skyline-gs.com\\\/fr\\\/produit\\\/pattaya-squid-fishing\\\/\"]}]},{\"@type\":\"ImageObject\",\"inLanguage\":\"de\",\"@id\":\"https:\\\/\\\/skyline-gs.com\\\/fr\\\/produit\\\/pattaya-squid-fishing\\\/#primaryimage\",\"url\":\"https:\\\/\\\/skyline-gs.com\\\/wp-content\\\/uploads\\\/2025\\\/12\\\/a24371e657-1_860x-e1765918043627.jpg\",\"contentUrl\":\"https:\\\/\\\/skyline-gs.com\\\/wp-content\\\/uploads\\\/2025\\\/12\\\/a24371e657-1_860x-e1765918043627.jpg\",\"width\":692,\"height\":462},{\"@type\":\"BreadcrumbList\",\"@id\":\"https:\\\/\\\/skyline-gs.com\\\/fr\\\/produit\\\/pattaya-squid-fishing\\\/#breadcrumb\",\"itemListElement\":[{\"@type\":\"ListItem\",\"position\":1,\"name\":\"\u0413\u043b\u0430\u0432\u043d\u0430\u044f \u0441\u0442\u0440\u0430\u043d\u0438\u0446\u0430\",\"item\":\"https:\\\/\\\/skyline-gs.com\\\/hu\\\/\"},{\"@type\":\"ListItem\",\"position\":2,\"name\":\"\u041c\u0430\u0433\u0430\u0437\u0438\u043d\",\"item\":\"https:\\\/\\\/skyline-gs.com\\\/cs\\\/shop\\\/\"},{\"@type\":\"ListItem\",\"position\":3,\"name\":\"\u041d\u043e\u0447\u043d\u0430\u044f \u043b\u043e\u0432\u043b\u044f \u043a\u0430\u043b\u044c\u043c\u0430\u0440\u043e\u0432\"}]},{\"@type\":\"WebSite\",\"@id\":\"https:\\\/\\\/skyline-gs.com\\\/it\\\/#website\",\"url\":\"https:\\\/\\\/skyline-gs.com\\\/it\\\/\",\"name\":\"\u042d\u043a\u0441\u043a\u0443\u0440\u0441\u0438\u0438 Skyline\",\"description\":\"\u042d\u043a\u0441\u043a\u043b\u044e\u0437\u0438\u0432\u043d\u044b\u0435 \u044d\u043a\u0441\u043a\u0443\u0440\u0441\u0438\u0438 \u043d\u0430 \u043b\u0443\u0447\u0448\u0438\u0445 \u043a\u0443\u0440\u043e\u0440\u0442\u0430\u0445 \u043c\u0438\u0440\u0430\",\"publisher\":{\"@id\":\"https:\\\/\\\/skyline-gs.com\\\/it\\\/#organization\"},\"alternateName\":\"Skyline\",\"potentialAction\":[{\"@type\":\"SearchAction\",\"target\":{\"@type\":\"EntryPoint\",\"urlTemplate\":\"https:\\\/\\\/skyline-gs.com\\\/it\\\/?s={search_term_string}\"},\"query-input\":{\"@type\":\"PropertyValueSpecification\",\"valueRequired\":true,\"valueName\":\"search_term_string\"}}],\"inLanguage\":\"de\"},{\"@type\":\"Organization\",\"@id\":\"https:\\\/\\\/skyline-gs.com\\\/it\\\/#organization\",\"name\":\"\u042d\u043a\u0441\u043a\u0443\u0440\u0441\u0438\u0438 Skyline\",\"alternateName\":\"\u042d\u043a\u0441\u043a\u0443\u0440\u0441\u0438\u0438 Skyline\",\"url\":\"https:\\\/\\\/skyline-gs.com\\\/it\\\/\",\"logo\":{\"@type\":\"ImageObject\",\"inLanguage\":\"de\",\"@id\":\"https:\\\/\\\/skyline-gs.com\\\/it\\\/#\\\/schema\\\/logo\\\/image\\\/\",\"url\":\"https:\\\/\\\/skyline-gs.com\\\/wp-content\\\/uploads\\\/2020\\\/12\\\/cropped-logo-2.png\",\"contentUrl\":\"https:\\\/\\\/skyline-gs.com\\\/wp-content\\\/uploads\\\/2020\\\/12\\\/cropped-logo-2.png\",\"width\":512,\"height\":512,\"caption\":\"\u042d\u043a\u0441\u043a\u0443\u0440\u0441\u0438\u0438 Skyline\"},\"image\":{\"@id\":\"https:\\\/\\\/skyline-gs.com\\\/it\\\/#\\\/schema\\\/logo\\\/image\\\/\"},\"sameAs\":[\"https:\\\/\\\/www.instagram.com\\\/skylineglobalservice\\\/\"]}]}<\/script>\n<!-- \/ Yoast SEO plugin. -->","yoast_head_json":{"title":"\u041d\u043e\u0447\u043d\u0430\u044f \u043b\u043e\u0432\u043b\u044f \u043a\u0430\u043b\u044c\u043c\u0430\u0440\u043e\u0432 &#8226; \u042d\u043a\u0441\u043a\u0443\u0440\u0441\u0438\u0438 Skyline","robots":{"index":"index","follow":"follow","max-snippet":"max-snippet:-1","max-image-preview":"max-image-preview:large","max-video-preview":"max-video-preview:-1"},"canonical":"https:\/\/skyline-gs.com\/de\/produkt\/pattaya-squid-fishing\/","og_locale":"de_DE","og_type":"article","og_title":"\u041d\u043e\u0447\u043d\u0430\u044f \u043b\u043e\u0432\u043b\u044f \u043a\u0430\u043b\u044c\u043c\u0430\u0440\u043e\u0432 &#8226; \u042d\u043a\u0441\u043a\u0443\u0440\u0441\u0438\u0438 Skyline","og_description":"\u0412\u0440\u0435\u043c\u044f \u043f\u0440\u043e\u0432\u0435\u0434\u0435\u043d\u0438\u044f: 18:00 \u2013 00:00 \u0414\u043d\u0438 \u043f\u0440\u043e\u0432\u0435\u0434\u0435\u043d\u0438\u044f: \u0435\u0436\u0435\u0434\u043d\u0435\u0432\u043d\u043e","og_url":"https:\/\/skyline-gs.com\/de\/produkt\/pattaya-squid-fishing\/","og_site_name":"\u042d\u043a\u0441\u043a\u0443\u0440\u0441\u0438\u0438 Skyline","article_modified_time":"2025-12-14T20:27:41+00:00","og_image":[{"width":692,"height":462,"url":"https:\/\/skyline-gs.com\/wp-content\/uploads\/2025\/12\/a24371e657-1_860x-e1765918043627.jpg","type":"image\/jpeg"}],"twitter_card":"summary_large_image","twitter_misc":{"Gesch\u00e4tzte Lesezeit":"2\u00a0Minuten"},"schema":{"@context":"https:\/\/schema.org","@graph":[{"@type":"WebPage","@id":"https:\/\/skyline-gs.com\/fr\/produit\/pattaya-squid-fishing\/","url":"https:\/\/skyline-gs.com\/fr\/produit\/pattaya-squid-fishing\/","name":"\u041d\u043e\u0447\u043d\u0430\u044f \u043b\u043e\u0432\u043b\u044f \u043a\u0430\u043b\u044c\u043c\u0430\u0440\u043e\u0432 &#8226; \u042d\u043a\u0441\u043a\u0443\u0440\u0441\u0438\u0438 Skyline","isPartOf":{"@id":"https:\/\/skyline-gs.com\/it\/#website"},"primaryImageOfPage":{"@id":"https:\/\/skyline-gs.com\/fr\/produit\/pattaya-squid-fishing\/#primaryimage"},"image":{"@id":"https:\/\/skyline-gs.com\/fr\/produit\/pattaya-squid-fishing\/#primaryimage"},"thumbnailUrl":"https:\/\/skyline-gs.com\/wp-content\/uploads\/2025\/12\/a24371e657-1_860x-e1765918043627.jpg","datePublished":"2025-12-14T20:14:11+00:00","dateModified":"2025-12-14T20:27:41+00:00","breadcrumb":{"@id":"https:\/\/skyline-gs.com\/fr\/produit\/pattaya-squid-fishing\/#breadcrumb"},"inLanguage":"de","potentialAction":[{"@type":"ReadAction","target":["https:\/\/skyline-gs.com\/fr\/produit\/pattaya-squid-fishing\/"]}]},{"@type":"ImageObject","inLanguage":"de","@id":"https:\/\/skyline-gs.com\/fr\/produit\/pattaya-squid-fishing\/#primaryimage","url":"https:\/\/skyline-gs.com\/wp-content\/uploads\/2025\/12\/a24371e657-1_860x-e1765918043627.jpg","contentUrl":"https:\/\/skyline-gs.com\/wp-content\/uploads\/2025\/12\/a24371e657-1_860x-e1765918043627.jpg","width":692,"height":462},{"@type":"BreadcrumbList","@id":"https:\/\/skyline-gs.com\/fr\/produit\/pattaya-squid-fishing\/#breadcrumb","itemListElement":[{"@type":"ListItem","position":1,"name":"\u0413\u043b\u0430\u0432\u043d\u0430\u044f \u0441\u0442\u0440\u0430\u043d\u0438\u0446\u0430","item":"https:\/\/skyline-gs.com\/hu\/"},{"@type":"ListItem","position":2,"name":"\u041c\u0430\u0433\u0430\u0437\u0438\u043d","item":"https:\/\/skyline-gs.com\/cs\/shop\/"},{"@type":"ListItem","position":3,"name":"\u041d\u043e\u0447\u043d\u0430\u044f \u043b\u043e\u0432\u043b\u044f \u043a\u0430\u043b\u044c\u043c\u0430\u0440\u043e\u0432"}]},{"@type":"WebSite","@id":"https:\/\/skyline-gs.com\/it\/#website","url":"https:\/\/skyline-gs.com\/it\/","name":"Skyline Ausfl\u00fcge","description":"Exklusive Ausfl\u00fcge in den besten Resorts der Welt","publisher":{"@id":"https:\/\/skyline-gs.com\/it\/#organization"},"alternateName":"Skyline","potentialAction":[{"@type":"SearchAction","target":{"@type":"EntryPoint","urlTemplate":"https:\/\/skyline-gs.com\/it\/?s={search_term_string}"},"query-input":{"@type":"PropertyValueSpecification","valueRequired":true,"valueName":"search_term_string"}}],"inLanguage":"de"},{"@type":"Organization","@id":"https:\/\/skyline-gs.com\/it\/#organization","name":"Skyline Ausfl\u00fcge","alternateName":"\u042d\u043a\u0441\u043a\u0443\u0440\u0441\u0438\u0438 Skyline","url":"https:\/\/skyline-gs.com\/it\/","logo":{"@type":"ImageObject","inLanguage":"de","@id":"https:\/\/skyline-gs.com\/it\/#\/schema\/logo\/image\/","url":"https:\/\/skyline-gs.com\/wp-content\/uploads\/2020\/12\/cropped-logo-2.png","contentUrl":"https:\/\/skyline-gs.com\/wp-content\/uploads\/2020\/12\/cropped-logo-2.png","width":512,"height":512,"caption":"\u042d\u043a\u0441\u043a\u0443\u0440\u0441\u0438\u0438 Skyline"},"image":{"@id":"https:\/\/skyline-gs.com\/it\/#\/schema\/logo\/image\/"},"sameAs":["https:\/\/www.instagram.com\/skylineglobalservice\/"]}]}},"_links":{"self":[{"href":"https:\/\/skyline-gs.com\/de\/wp-json\/wp\/v2\/product\/74007","targetHints":{"allow":["GET"]}}],"collection":[{"href":"https:\/\/skyline-gs.com\/de\/wp-json\/wp\/v2\/product"}],"about":[{"href":"https:\/\/skyline-gs.com\/de\/wp-json\/wp\/v2\/types\/product"}],"version-history":[{"count":0,"href":"https:\/\/skyline-gs.com\/de\/wp-json\/wp\/v2\/product\/74007\/revisions"}],"wp:featuredmedia":[{"embeddable":true,"href":"https:\/\/skyline-gs.com\/de\/wp-json\/wp\/v2\/media\/74013"}],"wp:attachment":[{"href":"https:\/\/skyline-gs.com\/de\/wp-json\/wp\/v2\/media?parent=74007"}],"wp:term":[{"taxonomy":"product_brand","embeddable":true,"href":"https:\/\/skyline-gs.com\/de\/wp-json\/wp\/v2\/product_brand?post=74007"},{"taxonomy":"product_cat","embeddable":true,"href":"https:\/\/skyline-gs.com\/de\/wp-json\/wp\/v2\/product_cat?post=74007"},{"taxonomy":"product_tag","embeddable":true,"href":"https:\/\/skyline-gs.com\/de\/wp-json\/wp\/v2\/product_tag?post=74007"}],"curies":[{"name":"wp","href":"https:\/\/api.w.org\/{rel}","templated":true}]}}