{"id":73880,"date":"2025-12-14T01:21:27","date_gmt":"2025-12-13T23:21:27","guid":{"rendered":"http:\/\/skyline-gs.com\/?post_type=product&#038;p=73880"},"modified":"2025-12-14T15:09:55","modified_gmt":"2025-12-14T13:09:55","slug":"shou-transvestitov-alkazar","status":"publish","type":"product","link":"https:\/\/skyline-gs.com\/de\/product\/shou-transvestitov-alkazar\/","title":{"rendered":"Die Transvestiten-Show Alcazar"},"content":{"rendered":"<p><strong>Alcazar Ausstellung<\/strong> - eine der ber\u00fchmtesten und spektakul\u00e4rsten Shows in Pattaya, die zu Recht als Markenzeichen des Resorts gilt. Es handelt sich um eine lebhafte Weltklasse-Kabarettshow mit Transgender-Darstellern, die \u00fcppige Kost\u00fcme, professionelle Choreografie, Musik, Humor und pr\u00e4chtige Kulissen kombiniert.<br \/>\nShaw <strong>geeignet f\u00fcr Zuschauer aller Altersgruppen<\/strong> und enth\u00e4lt keine expliziten Szenen. Alcazar ist ein Fest der Farben, der Bewegung und des Talents, das \u00e4u\u00dferst positive Emotionen hinterl\u00e4sst und selbst die anspruchsvollsten Reisenden beeindruckt.<\/p>\n<p><strong>Programm<\/strong><\/p>\n<ul>\n<li>Selbstanreise zum Alcazar-Showtheater oder Transfer vom Hotel (wenn die Transferoption gew\u00e4hlt wird).<\/li>\n<li>Unterbringung in der Halle entsprechend der gew\u00e4hlten Ticketkategorie (Standard \/ Deluxe \/ VIP).<\/li>\n<li>Die Alcazar-Show ist eine farbenfrohe Theatervorstellung:<br \/>\nMusik und Tanznummern,<br \/>\nnationale und zeitgen\u00f6ssische Bilder von verschiedenen L\u00e4ndern,<br \/>\n\u00fcppige Kost\u00fcme und Lichteffekte,<br \/>\nhumorvolle Szenen und Elemente des Musicals.<\/li>\n<li>Nach dem Ende der Show haben Sie Zeit zur freien Verf\u00fcgung.<\/li>\n<li>M\u00f6glichkeit, nach der Vorstellung ein Foto mit den K\u00fcnstlern zu machen (gegen Aufpreis).<\/li>\n<li>R\u00fcckfahrt zum Hotel (je nach Verf\u00fcgbarkeit des Transfers).<br \/>\n<em>Die Dauer der Show betr\u00e4gt etwa 60-70 Minuten.<\/em><\/li>\n<\/ul>\n<p><strong>Inbegriffen:<\/strong><\/p>\n<ul>\n<li data-start=\"2622\" data-end=\"2653\">\n<p data-start=\"2624\" data-end=\"2653\">Eintrittskarte f\u00fcr die Alcazar-Show<\/p>\n<\/li>\n<li data-start=\"2622\" data-end=\"2653\">\n<p data-start=\"2624\" data-end=\"2653\">Sitzpl\u00e4tze im Saal entsprechend der gew\u00e4hlten Kategorie<\/p>\n<\/li>\n<li data-start=\"2622\" data-end=\"2653\">\n<p data-start=\"2624\" data-end=\"2653\">\u00dcbertragung (falls ausgew\u00e4hlt)<\/p>\n<\/li>\n<\/ul>\n<p><strong>Nimm mit:<\/strong><\/p>\n<ul>\n<li data-start=\"2117\" data-end=\"2159\">\n<p data-start=\"2119\" data-end=\"2159\">Kamera oder Telefon<\/p>\n<\/li>\n<li data-start=\"2117\" data-end=\"2159\">\n<p data-start=\"2119\" data-end=\"2159\">Leichte Kleidung (der Saal ist klimatisiert)<\/p>\n<\/li>\n<li>Geld f\u00fcr pers\u00f6nliche Ausgaben<\/li>\n<\/ul>\n<p><strong>Extras:<\/strong><\/p>\n<ul>\n<li>Die Show ist f\u00fcr die ganze Familie geeignet, auch f\u00fcr Kinder.<\/li>\n<li><strong>W\u00e4hrend der Auff\u00fchrung ist das Fotografieren und Filmen verboten.\u00a0<\/strong><\/li>\n<li><strong>Foto mit K\u00fcnstlern<\/strong> nach der Show, vielleicht <strong>gegen eine Geb\u00fchr<\/strong>.<\/li>\n<li>Die Kleiderordnung ist locker und ordentlich.<\/li>\n<li>Es ist ratsam, Tickets im Voraus zu buchen, insbesondere in der Hochsaison.<\/li>\n<\/ul>","protected":false},"excerpt":{"rendered":"<p><strong>Beginn der Sendung:<\/strong> 17:00 \/ 18:30 \/ 20:00 \/ 21:30<br \/>\n<strong>Veranstaltungstage:<\/strong> T\u00e4glich<\/p>","protected":false},"featured_media":73893,"template":"","meta":{"_kad_post_transparent":"default","_kad_post_title":"","_kad_post_layout":"default","_kad_post_sidebar_id":"","_kad_post_content_style":"default","_kad_post_vertical_padding":"default","_kad_post_feature":"","_kad_post_feature_position":"","_kad_post_header":false,"_kad_post_footer":false,"_kad_post_classname":"","_glsr_average":0,"_glsr_ranking":0,"_glsr_reviews":0},"product_brand":[],"product_cat":[507],"product_tag":[],"class_list":{"0":"post-73880","1":"product","2":"type-product","3":"status-publish","4":"has-post-thumbnail","6":"product_cat-pattaya","7":"tm-has-options","9":"first","10":"instock","11":"sold-individually","12":"taxable","13":"shipping-taxable","14":"purchasable","15":"product-type-simple","16":"entry","17":"content-bg","18":"loop-entry"},"yoast_head":"<!-- This site is optimized with the Yoast SEO plugin v27.3 - https:\/\/yoast.com\/product\/yoast-seo-wordpress\/ -->\n<title>\u0428\u043e\u0443 \u0442\u0440\u0430\u043d\u0441\u0432\u0435\u0441\u0442\u0438\u0442\u043e\u0432 \u0410\u043b\u043a\u0430\u0437\u0430\u0440 &#8226; \u042d\u043a\u0441\u043a\u0443\u0440\u0441\u0438\u0438 Skyline<\/title>\n<meta name=\"robots\" content=\"index, follow, max-snippet:-1, max-image-preview:large, max-video-preview:-1\" \/>\n<link rel=\"canonical\" href=\"http:\/\/skyline-gs.com\/de\/produkt\/shou-transvestitov-alkazar\/\" \/>\n<meta property=\"og:locale\" content=\"de_DE\" \/>\n<meta property=\"og:type\" content=\"article\" \/>\n<meta property=\"og:title\" content=\"\u0428\u043e\u0443 \u0442\u0440\u0430\u043d\u0441\u0432\u0435\u0441\u0442\u0438\u0442\u043e\u0432 \u0410\u043b\u043a\u0430\u0437\u0430\u0440 &#8226; \u042d\u043a\u0441\u043a\u0443\u0440\u0441\u0438\u0438 Skyline\" \/>\n<meta property=\"og:description\" content=\"\u041d\u0430\u0447\u0430\u043b\u043e \u0448\u043e\u0443: 17:00 \/ 18:30 \/ 20:00 \/ 21:30 \u0414\u043d\u0438 \u043f\u0440\u043e\u0432\u0435\u0434\u0435\u043d\u0438\u044f: \u0435\u0436\u0435\u0434\u043d\u0435\u0432\u043d\u043e\" \/>\n<meta property=\"og:url\" content=\"http:\/\/skyline-gs.com\/de\/produkt\/shou-transvestitov-alkazar\/\" \/>\n<meta property=\"og:site_name\" content=\"\u042d\u043a\u0441\u043a\u0443\u0440\u0441\u0438\u0438 Skyline\" \/>\n<meta property=\"article:modified_time\" content=\"2025-12-14T13:09:55+00:00\" \/>\n<meta property=\"og:image\" content=\"https:\/\/skyline-gs.com\/wp-content\/uploads\/2025\/12\/pty-alcazar-pattaya-1-1200x800-3.jpg\" \/>\n\t<meta property=\"og:image:width\" content=\"1200\" \/>\n\t<meta property=\"og:image:height\" content=\"800\" \/>\n\t<meta property=\"og:image:type\" content=\"image\/jpeg\" \/>\n<meta name=\"twitter:card\" content=\"summary_large_image\" \/>\n<meta name=\"twitter:label1\" content=\"Gesch\u00e4tzte Lesezeit\" \/>\n\t<meta name=\"twitter:data1\" content=\"2\u00a0Minuten\" \/>\n<script type=\"application\/ld+json\" class=\"yoast-schema-graph\">{\"@context\":\"https:\\\/\\\/schema.org\",\"@graph\":[{\"@type\":\"WebPage\",\"@id\":\"http:\\\/\\\/skyline-gs.com\\\/it\\\/prodotto\\\/shou-transvestitov-alkazar\\\/\",\"url\":\"http:\\\/\\\/skyline-gs.com\\\/it\\\/prodotto\\\/shou-transvestitov-alkazar\\\/\",\"name\":\"\u0428\u043e\u0443 \u0442\u0440\u0430\u043d\u0441\u0432\u0435\u0441\u0442\u0438\u0442\u043e\u0432 \u0410\u043b\u043a\u0430\u0437\u0430\u0440 &#8226; \u042d\u043a\u0441\u043a\u0443\u0440\u0441\u0438\u0438 Skyline\",\"isPartOf\":{\"@id\":\"https:\\\/\\\/skyline-gs.com\\\/it\\\/#website\"},\"primaryImageOfPage\":{\"@id\":\"http:\\\/\\\/skyline-gs.com\\\/it\\\/prodotto\\\/shou-transvestitov-alkazar\\\/#primaryimage\"},\"image\":{\"@id\":\"http:\\\/\\\/skyline-gs.com\\\/it\\\/prodotto\\\/shou-transvestitov-alkazar\\\/#primaryimage\"},\"thumbnailUrl\":\"https:\\\/\\\/skyline-gs.com\\\/wp-content\\\/uploads\\\/2025\\\/12\\\/pty-alcazar-pattaya-1-1200x800-3.jpg\",\"datePublished\":\"2025-12-13T23:21:27+00:00\",\"dateModified\":\"2025-12-14T13:09:55+00:00\",\"breadcrumb\":{\"@id\":\"http:\\\/\\\/skyline-gs.com\\\/it\\\/prodotto\\\/shou-transvestitov-alkazar\\\/#breadcrumb\"},\"inLanguage\":\"de\",\"potentialAction\":[{\"@type\":\"ReadAction\",\"target\":[\"http:\\\/\\\/skyline-gs.com\\\/it\\\/prodotto\\\/shou-transvestitov-alkazar\\\/\"]}]},{\"@type\":\"ImageObject\",\"inLanguage\":\"de\",\"@id\":\"http:\\\/\\\/skyline-gs.com\\\/it\\\/prodotto\\\/shou-transvestitov-alkazar\\\/#primaryimage\",\"url\":\"https:\\\/\\\/skyline-gs.com\\\/wp-content\\\/uploads\\\/2025\\\/12\\\/pty-alcazar-pattaya-1-1200x800-3.jpg\",\"contentUrl\":\"https:\\\/\\\/skyline-gs.com\\\/wp-content\\\/uploads\\\/2025\\\/12\\\/pty-alcazar-pattaya-1-1200x800-3.jpg\",\"width\":1200,\"height\":800},{\"@type\":\"BreadcrumbList\",\"@id\":\"http:\\\/\\\/skyline-gs.com\\\/it\\\/prodotto\\\/shou-transvestitov-alkazar\\\/#breadcrumb\",\"itemListElement\":[{\"@type\":\"ListItem\",\"position\":1,\"name\":\"\u0413\u043b\u0430\u0432\u043d\u0430\u044f \u0441\u0442\u0440\u0430\u043d\u0438\u0446\u0430\",\"item\":\"https:\\\/\\\/skyline-gs.com\\\/hu\\\/\"},{\"@type\":\"ListItem\",\"position\":2,\"name\":\"\u041c\u0430\u0433\u0430\u0437\u0438\u043d\",\"item\":\"https:\\\/\\\/skyline-gs.com\\\/cs\\\/shop\\\/\"},{\"@type\":\"ListItem\",\"position\":3,\"name\":\"\u0428\u043e\u0443 \u0442\u0440\u0430\u043d\u0441\u0432\u0435\u0441\u0442\u0438\u0442\u043e\u0432 \u0410\u043b\u043a\u0430\u0437\u0430\u0440\"}]},{\"@type\":\"WebSite\",\"@id\":\"https:\\\/\\\/skyline-gs.com\\\/it\\\/#website\",\"url\":\"https:\\\/\\\/skyline-gs.com\\\/it\\\/\",\"name\":\"\u042d\u043a\u0441\u043a\u0443\u0440\u0441\u0438\u0438 Skyline\",\"description\":\"\u042d\u043a\u0441\u043a\u043b\u044e\u0437\u0438\u0432\u043d\u044b\u0435 \u044d\u043a\u0441\u043a\u0443\u0440\u0441\u0438\u0438 \u043d\u0430 \u043b\u0443\u0447\u0448\u0438\u0445 \u043a\u0443\u0440\u043e\u0440\u0442\u0430\u0445 \u043c\u0438\u0440\u0430\",\"publisher\":{\"@id\":\"https:\\\/\\\/skyline-gs.com\\\/it\\\/#organization\"},\"alternateName\":\"Skyline\",\"potentialAction\":[{\"@type\":\"SearchAction\",\"target\":{\"@type\":\"EntryPoint\",\"urlTemplate\":\"https:\\\/\\\/skyline-gs.com\\\/it\\\/?s={search_term_string}\"},\"query-input\":{\"@type\":\"PropertyValueSpecification\",\"valueRequired\":true,\"valueName\":\"search_term_string\"}}],\"inLanguage\":\"de\"},{\"@type\":\"Organization\",\"@id\":\"https:\\\/\\\/skyline-gs.com\\\/it\\\/#organization\",\"name\":\"\u042d\u043a\u0441\u043a\u0443\u0440\u0441\u0438\u0438 Skyline\",\"alternateName\":\"\u042d\u043a\u0441\u043a\u0443\u0440\u0441\u0438\u0438 Skyline\",\"url\":\"https:\\\/\\\/skyline-gs.com\\\/it\\\/\",\"logo\":{\"@type\":\"ImageObject\",\"inLanguage\":\"de\",\"@id\":\"https:\\\/\\\/skyline-gs.com\\\/it\\\/#\\\/schema\\\/logo\\\/image\\\/\",\"url\":\"https:\\\/\\\/skyline-gs.com\\\/wp-content\\\/uploads\\\/2020\\\/12\\\/cropped-logo-2.png\",\"contentUrl\":\"https:\\\/\\\/skyline-gs.com\\\/wp-content\\\/uploads\\\/2020\\\/12\\\/cropped-logo-2.png\",\"width\":512,\"height\":512,\"caption\":\"\u042d\u043a\u0441\u043a\u0443\u0440\u0441\u0438\u0438 Skyline\"},\"image\":{\"@id\":\"https:\\\/\\\/skyline-gs.com\\\/it\\\/#\\\/schema\\\/logo\\\/image\\\/\"},\"sameAs\":[\"https:\\\/\\\/www.instagram.com\\\/skylineglobalservice\\\/\"]}]}<\/script>\n<!-- \/ Yoast SEO plugin. -->","yoast_head_json":{"title":"\u0428\u043e\u0443 \u0442\u0440\u0430\u043d\u0441\u0432\u0435\u0441\u0442\u0438\u0442\u043e\u0432 \u0410\u043b\u043a\u0430\u0437\u0430\u0440 &#8226; \u042d\u043a\u0441\u043a\u0443\u0440\u0441\u0438\u0438 Skyline","robots":{"index":"index","follow":"follow","max-snippet":"max-snippet:-1","max-image-preview":"max-image-preview:large","max-video-preview":"max-video-preview:-1"},"canonical":"http:\/\/skyline-gs.com\/de\/produkt\/shou-transvestitov-alkazar\/","og_locale":"de_DE","og_type":"article","og_title":"\u0428\u043e\u0443 \u0442\u0440\u0430\u043d\u0441\u0432\u0435\u0441\u0442\u0438\u0442\u043e\u0432 \u0410\u043b\u043a\u0430\u0437\u0430\u0440 &#8226; \u042d\u043a\u0441\u043a\u0443\u0440\u0441\u0438\u0438 Skyline","og_description":"\u041d\u0430\u0447\u0430\u043b\u043e \u0448\u043e\u0443: 17:00 \/ 18:30 \/ 20:00 \/ 21:30 \u0414\u043d\u0438 \u043f\u0440\u043e\u0432\u0435\u0434\u0435\u043d\u0438\u044f: \u0435\u0436\u0435\u0434\u043d\u0435\u0432\u043d\u043e","og_url":"http:\/\/skyline-gs.com\/de\/produkt\/shou-transvestitov-alkazar\/","og_site_name":"\u042d\u043a\u0441\u043a\u0443\u0440\u0441\u0438\u0438 Skyline","article_modified_time":"2025-12-14T13:09:55+00:00","og_image":[{"width":1200,"height":800,"url":"https:\/\/skyline-gs.com\/wp-content\/uploads\/2025\/12\/pty-alcazar-pattaya-1-1200x800-3.jpg","type":"image\/jpeg"}],"twitter_card":"summary_large_image","twitter_misc":{"Gesch\u00e4tzte Lesezeit":"2\u00a0Minuten"},"schema":{"@context":"https:\/\/schema.org","@graph":[{"@type":"WebPage","@id":"http:\/\/skyline-gs.com\/it\/prodotto\/shou-transvestitov-alkazar\/","url":"http:\/\/skyline-gs.com\/it\/prodotto\/shou-transvestitov-alkazar\/","name":"\u0428\u043e\u0443 \u0442\u0440\u0430\u043d\u0441\u0432\u0435\u0441\u0442\u0438\u0442\u043e\u0432 \u0410\u043b\u043a\u0430\u0437\u0430\u0440 &#8226; \u042d\u043a\u0441\u043a\u0443\u0440\u0441\u0438\u0438 Skyline","isPartOf":{"@id":"https:\/\/skyline-gs.com\/it\/#website"},"primaryImageOfPage":{"@id":"http:\/\/skyline-gs.com\/it\/prodotto\/shou-transvestitov-alkazar\/#primaryimage"},"image":{"@id":"http:\/\/skyline-gs.com\/it\/prodotto\/shou-transvestitov-alkazar\/#primaryimage"},"thumbnailUrl":"https:\/\/skyline-gs.com\/wp-content\/uploads\/2025\/12\/pty-alcazar-pattaya-1-1200x800-3.jpg","datePublished":"2025-12-13T23:21:27+00:00","dateModified":"2025-12-14T13:09:55+00:00","breadcrumb":{"@id":"http:\/\/skyline-gs.com\/it\/prodotto\/shou-transvestitov-alkazar\/#breadcrumb"},"inLanguage":"de","potentialAction":[{"@type":"ReadAction","target":["http:\/\/skyline-gs.com\/it\/prodotto\/shou-transvestitov-alkazar\/"]}]},{"@type":"ImageObject","inLanguage":"de","@id":"http:\/\/skyline-gs.com\/it\/prodotto\/shou-transvestitov-alkazar\/#primaryimage","url":"https:\/\/skyline-gs.com\/wp-content\/uploads\/2025\/12\/pty-alcazar-pattaya-1-1200x800-3.jpg","contentUrl":"https:\/\/skyline-gs.com\/wp-content\/uploads\/2025\/12\/pty-alcazar-pattaya-1-1200x800-3.jpg","width":1200,"height":800},{"@type":"BreadcrumbList","@id":"http:\/\/skyline-gs.com\/it\/prodotto\/shou-transvestitov-alkazar\/#breadcrumb","itemListElement":[{"@type":"ListItem","position":1,"name":"\u0413\u043b\u0430\u0432\u043d\u0430\u044f \u0441\u0442\u0440\u0430\u043d\u0438\u0446\u0430","item":"https:\/\/skyline-gs.com\/hu\/"},{"@type":"ListItem","position":2,"name":"\u041c\u0430\u0433\u0430\u0437\u0438\u043d","item":"https:\/\/skyline-gs.com\/cs\/shop\/"},{"@type":"ListItem","position":3,"name":"\u0428\u043e\u0443 \u0442\u0440\u0430\u043d\u0441\u0432\u0435\u0441\u0442\u0438\u0442\u043e\u0432 \u0410\u043b\u043a\u0430\u0437\u0430\u0440"}]},{"@type":"WebSite","@id":"https:\/\/skyline-gs.com\/it\/#website","url":"https:\/\/skyline-gs.com\/it\/","name":"Skyline Ausfl\u00fcge","description":"Exklusive Ausfl\u00fcge in den besten Resorts der Welt","publisher":{"@id":"https:\/\/skyline-gs.com\/it\/#organization"},"alternateName":"Skyline","potentialAction":[{"@type":"SearchAction","target":{"@type":"EntryPoint","urlTemplate":"https:\/\/skyline-gs.com\/it\/?s={search_term_string}"},"query-input":{"@type":"PropertyValueSpecification","valueRequired":true,"valueName":"search_term_string"}}],"inLanguage":"de"},{"@type":"Organization","@id":"https:\/\/skyline-gs.com\/it\/#organization","name":"Skyline Ausfl\u00fcge","alternateName":"\u042d\u043a\u0441\u043a\u0443\u0440\u0441\u0438\u0438 Skyline","url":"https:\/\/skyline-gs.com\/it\/","logo":{"@type":"ImageObject","inLanguage":"de","@id":"https:\/\/skyline-gs.com\/it\/#\/schema\/logo\/image\/","url":"https:\/\/skyline-gs.com\/wp-content\/uploads\/2020\/12\/cropped-logo-2.png","contentUrl":"https:\/\/skyline-gs.com\/wp-content\/uploads\/2020\/12\/cropped-logo-2.png","width":512,"height":512,"caption":"\u042d\u043a\u0441\u043a\u0443\u0440\u0441\u0438\u0438 Skyline"},"image":{"@id":"https:\/\/skyline-gs.com\/it\/#\/schema\/logo\/image\/"},"sameAs":["https:\/\/www.instagram.com\/skylineglobalservice\/"]}]}},"_links":{"self":[{"href":"https:\/\/skyline-gs.com\/de\/wp-json\/wp\/v2\/product\/73880","targetHints":{"allow":["GET"]}}],"collection":[{"href":"https:\/\/skyline-gs.com\/de\/wp-json\/wp\/v2\/product"}],"about":[{"href":"https:\/\/skyline-gs.com\/de\/wp-json\/wp\/v2\/types\/product"}],"version-history":[{"count":0,"href":"https:\/\/skyline-gs.com\/de\/wp-json\/wp\/v2\/product\/73880\/revisions"}],"wp:featuredmedia":[{"embeddable":true,"href":"https:\/\/skyline-gs.com\/de\/wp-json\/wp\/v2\/media\/73893"}],"wp:attachment":[{"href":"https:\/\/skyline-gs.com\/de\/wp-json\/wp\/v2\/media?parent=73880"}],"wp:term":[{"taxonomy":"product_brand","embeddable":true,"href":"https:\/\/skyline-gs.com\/de\/wp-json\/wp\/v2\/product_brand?post=73880"},{"taxonomy":"product_cat","embeddable":true,"href":"https:\/\/skyline-gs.com\/de\/wp-json\/wp\/v2\/product_cat?post=73880"},{"taxonomy":"product_tag","embeddable":true,"href":"https:\/\/skyline-gs.com\/de\/wp-json\/wp\/v2\/product_tag?post=73880"}],"curies":[{"name":"wp","href":"https:\/\/api.w.org\/{rel}","templated":true}]}}